{"id":23830,"date":"2025-08-14T10:48:47","date_gmt":"2025-08-14T09:48:47","guid":{"rendered":"https:\/\/premiumline-cabling.com\/?post_type=product&#038;p=23830"},"modified":"2025-08-15T12:39:05","modified_gmt":"2025-08-15T11:39:05","slug":"kassety-dlya-hds144-vo-paneli","status":"publish","type":"product","link":"https:\/\/premiumline-cabling.com\/ru\/product\/kassety-dlya-hds144-vo-paneli\/","title":{"rendered":"\u041a\u0430\u0441\u0441\u0435\u0442\u044b \u0434\u043b\u044f HDS144 \u0412\u041e \u043f\u0430\u043d\u0435\u043b\u0438"},"content":{"rendered":"<h2>\u041a\u0430\u0441\u0441\u0435\u0442\u044b \u0434\u043b\u044f \u0432\u043e\u043b\u043e\u043a\u043e\u043d\u043d\u043e-\u043e\u043f\u0442\u0438\u0447\u0435\u0441\u043a\u043e\u0439 HD \u043f\u0430\u0442\u0447-\u043f\u0430\u043d\u0435\u043b\u0438, MPO\/MTP \u2013 LC, 12 \u043f\u043e\u0440\u0442\u043e\u0432<\/h2>\n<p>&nbsp;<\/p>\n<h3>\u041e\u0421\u041e\u0411\u0415\u041d\u041d\u041e\u0421\u0422\u0418:<\/h3>\n<ul>\n<li>\u041f\u0440\u043e\u0441\u0442\u044b\u0435 \u0432 \u0438\u0441\u043f\u043e\u043b\u044c\u0437\u043e\u0432\u0430\u043d\u0438\u0438, \u0443\u0434\u043e\u0431\u043d\u044b\u0439 \u043c\u043e\u043d\u0442\u0430\u0436<\/li>\n<li>\u0423\u043b\u0443\u0447\u0448\u0435\u043d\u043d\u0430\u044f \u0443\u043f\u0440\u0430\u0432\u043b\u044f\u0435\u043c\u043e\u0441\u0442\u044c \u043a\u0430\u0431\u0435\u043b\u0435\u043c<\/li>\n<li>\u041f\u043e\u0434\u0445\u043e\u0434\u0438\u0442 \u0434\u043b\u044f <a href=\"https:\/\/premiumline-cabling.com\/ru\/product\/fo-hds144-patch-panel-1-4u\/\">19-\u0434\u044e\u0439\u043c\u043e\u0432\u043e\u0439 \u0432\u043e\u043b\u043e\u043a\u043e\u043d\u043d\u043e-\u043e\u043f\u0442\u0438\u0447\u0435\u0441\u043a\u043e\u0439 \u043f\u0430\u0442\u0447-\u043f\u0430\u043d\u0435\u043b\u0438 \u0432\u044b\u0441\u043e\u043a\u043e\u0439 \u043f\u043b\u043e\u0442\u043d\u043e\u0441\u0442\u0438 HDS144 (\u0430\u0440\u0442\u0438\u043a\u0443\u043b 681a00002)<\/a><\/li>\n<li>\u0420\u0430\u0437\u043b\u0438\u0447\u043d\u044b\u0435 \u0432\u0430\u0440\u0438\u0430\u043d\u0442\u044b \u0430\u0434\u0430\u043f\u0442\u0435\u0440\u043e\u0432<\/li>\n<li>\u041c\u0430\u0442\u0435\u0440\u0438\u0430\u043b: \u043f\u043b\u0430\u0441\u0442\u0438\u043a<\/li>\n<li>\u0421\u043e\u043e\u0442\u0432\u0435\u0442\u0441\u0442\u0432\u0443\u0435\u0442 \u0442\u0440\u0435\u0431\u043e\u0432\u0430\u043d\u0438\u044f\u043c RoHS<\/li>\n<\/ul>\n<h3>\u041f\u0420\u0418\u041c\u0415\u041d\u0415\u041d\u0418\u0415:<\/h3>\n<ul>\n<li>\u0426\u0435\u043d\u0442\u0440 \u043e\u0431\u0440\u0430\u0431\u043e\u0442\u043a\u0438 \u0434\u0430\u043d\u043d\u044b\u0445<\/li>\n<li>\u0422\u0435\u043b\u0435\u043a\u043e\u043c\u043c\u0443\u043d\u0438\u043a\u0430\u0446\u0438\u0438<\/li>\n<li>\u041b\u043e\u043a\u0430\u043b\u044c\u043d\u0430\u044f \u0441\u0435\u0442\u044c<\/li>\n<li>\u041f\u0440\u043e\u0435\u043a\u0442\u044b FTTx<\/li>\n<li>\u0421\u0435\u0442\u044c \u043f\u0435\u0440\u0435\u0434\u0430\u0447\u0438 \u0434\u0430\u043d\u043d\u044b\u0445<\/li>\n<li>CATV<\/li>\n<li>\u041e\u0431\u0435\u0441\u043f\u0435\u0447\u0438\u0432\u0430\u0435\u0442\u0441\u044f \u0437\u0430\u0449\u0438\u0442\u0430, \u043f\u043e\u0434\u043a\u043b\u044e\u0447\u0435\u043d\u0438\u0435, \u0443\u043f\u0440\u0430\u0432\u043b\u0435\u043d\u0438\u0435 \u0432\u043e\u043b\u043e\u043a\u043e\u043d\u043d\u043e-\u043e\u043f\u0442\u0438\u0447\u0435\u0441\u043a\u0438\u043c \u043a\u0430\u0431\u0435\u043b\u0435\u043c<\/li>\n<\/ul>\n<h3><\/h3>\n<h3>\u0418\u041d\u0424\u041e\u0420\u041c\u0410\u0426\u0418\u042f \u041a \u0417\u0410\u041a\u0410\u0417\u0423:<\/h3>\n<h4>#1,&nbsp;MPO\/MTP-LC<\/h4>\n<p><noscript><img decoding=\"async\" class=\"alignnone size-medium wp-image-23842\" src=\"https:\/\/premiumline-cabling.com\/wp-content\/uploads\/2025\/08\/HDS144-1-4U_cassettes_mpo-lc-300x204.jpg\" alt width=\"300\" height=\"204\" srcset=\"https:\/\/premiumline-cabling.com\/wp-content\/uploads\/2025\/08\/HDS144-1-4U_cassettes_mpo-lc-300x204.jpg 300w, https:\/\/premiumline-cabling.com\/wp-content\/uploads\/2025\/08\/HDS144-1-4U_cassettes_mpo-lc.jpg 533w\" sizes=\"(max-width: 300px) 100vw, 300px\"><\/noscript><img decoding=\"async\" class=\"alignnone size-medium wp-image-23842 lazyload\" src=\"data:image\/svg+xml,%3Csvg%20xmlns%3D%22http%3A%2F%2Fwww.w3.org%2F2000%2Fsvg%22%20viewBox%3D%220%200%20300%20204%22%3E%3C%2Fsvg%3E\" alt width=\"300\" height=\"204\" srcset=\"data:image\/svg+xml,%3Csvg%20xmlns%3D%22http%3A%2F%2Fwww.w3.org%2F2000%2Fsvg%22%20viewBox%3D%220%200%20300%20204%22%3E%3C%2Fsvg%3E 300w\" sizes=\"(max-width: 300px) 100vw, 300px\" data-srcset=\"https:\/\/premiumline-cabling.com\/wp-content\/uploads\/2025\/08\/HDS144-1-4U_cassettes_mpo-lc-300x204.jpg 300w, https:\/\/premiumline-cabling.com\/wp-content\/uploads\/2025\/08\/HDS144-1-4U_cassettes_mpo-lc.jpg 533w\" data-src=\"https:\/\/premiumline-cabling.com\/wp-content\/uploads\/2025\/08\/HDS144-1-4U_cassettes_mpo-lc-300x204.jpg\"><\/p>\n<p>&nbsp;<\/p>\n<table width=\"680\">\n<tbody>\n<tr>\n<td width=\"154\">\u0410\u0440\u0442\u0438\u043a\u0443\u043b.<\/td>\n<td width=\"526\">682uvwxy2<\/td>\n<\/tr>\n<tr>\n<td width=\"154\">\u041e\u043f\u0438\u0441\u0430\u043d\u0438\u0435<\/td>\n<td width=\"526\">\u041a\u0430\u0441\u0441\u0435\u0442\u0430 \u0434\u043b\u044f HDS144 FO \u043f\u0430\u043d\u0435\u043b\u0438 MPO\/MTP \u0432 LC<\/td>\n<\/tr>\n<tr>\n<td width=\"154\">\u0423, \u0442\u0438\u043f \u0432\u043e\u043b\u043e\u043a\u043d\u0430<\/td>\n<td width=\"526\">1: \u041e\u041c3 2: \u041e\u041c4 5: \u0413657\u04102<\/td>\n<\/tr>\n<tr>\n<td width=\"154\">\u0412, \u043f\u0435\u0440\u0435\u0434\u043d\u0438\u0439 \u0440\u0430\u0437\u044a\u0435\u043c<\/td>\n<td width=\"526\">3: LC-Quad\/UPC 4: LC-Quad\/APC<\/td>\n<\/tr>\n<tr>\n<td width=\"154\">W, \u0437\u0430\u0434\u043d\u0438\u0439 \u0440\u0430\u0437\u044a\u0435\u043c<\/td>\n<td width=\"526\">0: 1\u00d78\u041c\u041f\u041e 1:1\u00d712\u041c\u041f\u041e 2:1\u00d716\u041c\u041f\u041e 3:1\u00d724\u041c\u041f\u041e 4:2\u00d712\u041c\u041f\u041e\n<p>5: 1\u00d78MTP 6: 1\u00d712MTP 7: 1\u00d716MTP 8: 1\u00d724MTP 9: 2\u00d712MTP<\/p><\/td>\n<\/tr>\n<tr>\n<td width=\"154\">X, \u043f\u043e\u043b\u044f\u0440\u043d\u043e\u0441\u0442\u044c<\/td>\n<td width=\"526\">1: UPC, female 2: UPC, male 3: APC, female 4: APC, male<\/td>\n<\/tr>\n<tr>\n<td width=\"154\">y, \u043c\u0435\u0442\u043e\u0434 \u043f\u043e\u043b\u044f\u0440\u043d\u043e\u0441\u0442\u0438<\/td>\n<td width=\"526\">&nbsp;1: type A 2: type B 3: type C 4: type U<\/td>\n<\/tr>\n<\/tbody>\n<\/table>\n<h4>#2,&nbsp;MPO\/MTP<\/h4>\n<p><noscript><img decoding=\"async\" class=\"alignnone size-medium wp-image-23849\" src=\"https:\/\/premiumline-cabling.com\/wp-content\/uploads\/2025\/08\/HDS144-1-4U_cassettes_mpo-mpo-300x224.jpg\" alt width=\"300\" height=\"224\" srcset=\"https:\/\/premiumline-cabling.com\/wp-content\/uploads\/2025\/08\/HDS144-1-4U_cassettes_mpo-mpo-300x224.jpg 300w, https:\/\/premiumline-cabling.com\/wp-content\/uploads\/2025\/08\/HDS144-1-4U_cassettes_mpo-mpo.jpg 537w\" sizes=\"(max-width: 300px) 100vw, 300px\"><\/noscript><img decoding=\"async\" class=\"alignnone size-medium wp-image-23849 lazyload\" src=\"data:image\/svg+xml,%3Csvg%20xmlns%3D%22http%3A%2F%2Fwww.w3.org%2F2000%2Fsvg%22%20viewBox%3D%220%200%20300%20224%22%3E%3C%2Fsvg%3E\" alt width=\"300\" height=\"224\" srcset=\"data:image\/svg+xml,%3Csvg%20xmlns%3D%22http%3A%2F%2Fwww.w3.org%2F2000%2Fsvg%22%20viewBox%3D%220%200%20300%20224%22%3E%3C%2Fsvg%3E 300w\" sizes=\"(max-width: 300px) 100vw, 300px\" data-srcset=\"https:\/\/premiumline-cabling.com\/wp-content\/uploads\/2025\/08\/HDS144-1-4U_cassettes_mpo-mpo-300x224.jpg 300w, https:\/\/premiumline-cabling.com\/wp-content\/uploads\/2025\/08\/HDS144-1-4U_cassettes_mpo-mpo.jpg 537w\" data-src=\"https:\/\/premiumline-cabling.com\/wp-content\/uploads\/2025\/08\/HDS144-1-4U_cassettes_mpo-mpo-300x224.jpg\"><\/p>\n<p>&nbsp;<\/p>\n<table width=\"693\">\n<tbody>\n<tr>\n<td width=\"126\">\u0410\u0440\u0442\u0438\u043a\u0443\u043b<\/td>\n<td width=\"567\">683000xy2<\/td>\n<\/tr>\n<tr>\n<td width=\"126\">\u041e\u043f\u0438\u0441\u0430\u043d\u0438\u0435<\/td>\n<td width=\"567\">\u041a\u0430\u0441\u0441\u0435\u0442\u0430 \u0434\u043b\u044f HDS144 FO \u043f\u0430\u043d\u0435\u043b\u0438 MPO\/MTP \u043d\u0430 MPO\/MTP, \u0437 \u0434\u0443\u043f\u043b\u0435\u043a\u0441\u043d\u044b\u043c \u0430\u0434\u0430\u043f\u0442\u0435\u0440\u043e\u043c<\/td>\n<\/tr>\n<tr>\n<td width=\"126\">x, \u043f\u043e\u0440\u0442<\/td>\n<td width=\"567\">1: 2 \u043f\u043e\u0440\u0442\u0430&nbsp; &nbsp; 2: 3 \u043f\u043e\u0440\u0442\u0430&nbsp; &nbsp; 3: 4 \u043f\u043e\u0440\u0442\u0430&nbsp; &nbsp; 4: 6 \u043f\u043e\u0440\u0442\u043e\u0432<\/td>\n<\/tr>\n<tr>\n<td width=\"126\">y, \u0442\u0438\u043f<\/td>\n<td width=\"567\">1: \u0442\u0438\u043f A 2: \u0442\u0438\u043f B<\/td>\n<\/tr>\n<\/tbody>\n<\/table>\n<h4>#3, \u0414\u043b\u044f \u0437&#8217;\u0454\u0434\u043d\u0430\u043d\u043d\u044f<\/h4>\n<p><noscript><img decoding=\"async\" class=\"alignnone size-medium wp-image-23856\" src=\"https:\/\/premiumline-cabling.com\/wp-content\/uploads\/2025\/08\/HDS144-1-4U_cassettes_LC-splicing-300x118.jpg\" alt width=\"300\" height=\"118\" srcset=\"https:\/\/premiumline-cabling.com\/wp-content\/uploads\/2025\/08\/HDS144-1-4U_cassettes_LC-splicing-300x118.jpg 300w, https:\/\/premiumline-cabling.com\/wp-content\/uploads\/2025\/08\/HDS144-1-4U_cassettes_LC-splicing.jpg 752w\" sizes=\"(max-width: 300px) 100vw, 300px\"><\/noscript><img decoding=\"async\" class=\"alignnone size-medium wp-image-23856 lazyload\" src=\"data:image\/svg+xml,%3Csvg%20xmlns%3D%22http%3A%2F%2Fwww.w3.org%2F2000%2Fsvg%22%20viewBox%3D%220%200%20300%20118%22%3E%3C%2Fsvg%3E\" alt width=\"300\" height=\"118\" srcset=\"data:image\/svg+xml,%3Csvg%20xmlns%3D%22http%3A%2F%2Fwww.w3.org%2F2000%2Fsvg%22%20viewBox%3D%220%200%20300%20118%22%3E%3C%2Fsvg%3E 300w\" sizes=\"(max-width: 300px) 100vw, 300px\" data-srcset=\"https:\/\/premiumline-cabling.com\/wp-content\/uploads\/2025\/08\/HDS144-1-4U_cassettes_LC-splicing-300x118.jpg 300w, https:\/\/premiumline-cabling.com\/wp-content\/uploads\/2025\/08\/HDS144-1-4U_cassettes_LC-splicing.jpg 752w\" data-src=\"https:\/\/premiumline-cabling.com\/wp-content\/uploads\/2025\/08\/HDS144-1-4U_cassettes_LC-splicing-300x118.jpg\"><\/p>\n<table>\n<tbody>\n<tr>\n<td width=\"135\">\u0410\u0440\u0442\u0438\u043a\u0443\u043b<\/td>\n<td width=\"538\">684x000y2<\/td>\n<\/tr>\n<tr>\n<td width=\"135\">\u041e\u043f\u0438\u0441\u0430\u043d\u0438\u0435<\/td>\n<td width=\"538\">\u041a\u0430\u0441\u0441\u0435\u0442\u0430 \u0434\u043b\u044f HDS144 FO Panel \u0441\u043f\u043b\u0430\u0439\u0441-\u0442\u0438\u043f\u0430, \u0437 LC \u0447\u043e\u0442\u044b\u0440\u044c\u043c\u0430 \u0430\u0434\u0430\u043f\u0442\u0435\u0440\u0430\u043c\u0438<\/td>\n<\/tr>\n<tr>\n<td width=\"135\">x, \u0442\u0438\u043f \u0432\u043e\u043b\u043e\u043a\u043d\u0430<\/td>\n<td width=\"538\">1: OM3 2: OM4 3: OM5 4: SM\/UPC 5: SM\/APC<\/td>\n<\/tr>\n<tr>\n<td width=\"135\">\u0443, \u043f\u043e\u0440\u0442<\/td>\n<td width=\"538\">2: 3 \u043f\u043e\u0440\u0442\u0430 (12 \u0432\u043e\u043b\u043e\u043a\u043e\u043d) 3: 4 \u043f\u043e\u0440\u0442\u0430 (16 \u0432\u043e\u043b\u043e\u043a\u043e\u043d) 4: 6 \u043f\u043e\u0440\u0442\u043e\u0432 (24 \u0432\u043e\u043b\u043e\u043a\u043d\u0430)<\/td>\n<\/tr>\n<\/tbody>\n<\/table>\n","protected":false},"featured_media":23847,"template":"","product_category":[124],"class_list":["post-23830","product","type-product","status-publish","has-post-thumbnail","hentry","product_category-data-center-ru"],"yoast_head":"<!-- This site is optimized with the Yoast SEO plugin v27.2 - https:\/\/yoast.com\/product\/yoast-seo-wordpress\/ -->\n<title>\u041a\u0430\u0441\u0441\u0435\u0442\u044b \u0434\u043b\u044f HDS144 \u0412\u041e \u043f\u0430\u043d\u0435\u043b\u0438 - Premium-Line<\/title>\n<meta name=\"description\" content=\"\u041e\u0421\u041e\u0411\u0415\u041d\u041d\u041e\u0421\u0422\u0418: 3 \u043f\u043e\u0440\u0442\u0430 \u0434\u043b\u044f MPO\/MTP 8F \u0438\u043b\u0438 12F \u0438\u043b\u0438 24F12 \u043f\u043e\u0440\u0442\u043e\u0432 \u0434\u043b\u044f LC\/Duplex \u0438\u043b\u0438 SC\/Simplex \u0438\u043b\u0438 6 \u043f\u043e\u0440\u0442\u043e\u0432 LC\/Quad. \u041f\u043e\u0434\u0440\u043e\u0431\u043d\u043e \u0442\u0443\u0442!\" \/>\n<meta name=\"robots\" content=\"index, follow, max-snippet:-1, max-image-preview:large, max-video-preview:-1\" \/>\n<link rel=\"canonical\" href=\"https:\/\/premiumline-cabling.com\/ru\/product\/kassety-dlya-hds144-vo-paneli\/\" \/>\n<meta property=\"og:locale\" content=\"ru_RU\" \/>\n<meta property=\"og:type\" content=\"article\" \/>\n<meta property=\"og:title\" content=\"\u041a\u0430\u0441\u0441\u0435\u0442\u044b \u0434\u043b\u044f HDS144 \u0412\u041e \u043f\u0430\u043d\u0435\u043b\u0438 - Premium-Line\" \/>\n<meta property=\"og:description\" content=\"\u041e\u0421\u041e\u0411\u0415\u041d\u041d\u041e\u0421\u0422\u0418: 3 \u043f\u043e\u0440\u0442\u0430 \u0434\u043b\u044f MPO\/MTP 8F \u0438\u043b\u0438 12F \u0438\u043b\u0438 24F12 \u043f\u043e\u0440\u0442\u043e\u0432 \u0434\u043b\u044f LC\/Duplex \u0438\u043b\u0438 SC\/Simplex \u0438\u043b\u0438 6 \u043f\u043e\u0440\u0442\u043e\u0432 LC\/Quad. \u041f\u043e\u0434\u0440\u043e\u0431\u043d\u043e \u0442\u0443\u0442!\" \/>\n<meta property=\"og:url\" content=\"https:\/\/premiumline-cabling.com\/ru\/product\/kassety-dlya-hds144-vo-paneli\/\" \/>\n<meta property=\"og:site_name\" content=\"Premium-Line\" \/>\n<meta property=\"article:modified_time\" content=\"2025-08-15T11:39:05+00:00\" \/>\n<meta property=\"og:image\" content=\"https:\/\/premiumline-cabling.com\/wp-content\/uploads\/2025\/08\/New-Product-Release-19-HDS144-Fiber-Optic-High-Density-Patch-Panel_YT.jpg\" \/>\n\t<meta property=\"og:image:width\" content=\"1920\" \/>\n\t<meta property=\"og:image:height\" content=\"1080\" \/>\n\t<meta property=\"og:image:type\" content=\"image\/jpeg\" \/>\n<meta name=\"twitter:card\" content=\"summary_large_image\" \/>\n<meta name=\"twitter:label1\" content=\"\u041f\u0440\u0438\u043c\u0435\u0440\u043d\u043e\u0435 \u0432\u0440\u0435\u043c\u044f \u0434\u043b\u044f \u0447\u0442\u0435\u043d\u0438\u044f\" \/>\n\t<meta name=\"twitter:data1\" content=\"2 \u043c\u0438\u043d\u0443\u0442\u044b\" \/>\n<script type=\"application\/ld+json\" class=\"yoast-schema-graph\">{\"@context\":\"https:\/\/schema.org\",\"@graph\":[{\"@type\":\"WebPage\",\"@id\":\"https:\/\/premiumline-cabling.com\/ru\/product\/kassety-dlya-hds144-vo-paneli\/\",\"url\":\"https:\/\/premiumline-cabling.com\/ru\/product\/kassety-dlya-hds144-vo-paneli\/\",\"name\":\"\u041a\u0430\u0441\u0441\u0435\u0442\u044b \u0434\u043b\u044f HDS144 \u0412\u041e \u043f\u0430\u043d\u0435\u043b\u0438 - Premium-Line\",\"isPartOf\":{\"@id\":\"https:\/\/premiumline-cabling.com\/#website\"},\"primaryImageOfPage\":{\"@id\":\"https:\/\/premiumline-cabling.com\/ru\/product\/kassety-dlya-hds144-vo-paneli\/#primaryimage\"},\"image\":{\"@id\":\"https:\/\/premiumline-cabling.com\/ru\/product\/kassety-dlya-hds144-vo-paneli\/#primaryimage\"},\"thumbnailUrl\":\"https:\/\/premiumline-cabling.com\/wp-content\/uploads\/2025\/08\/HDS144-1-4U_cassettes_mpo-lc.jpg\",\"datePublished\":\"2025-08-14T09:48:47+00:00\",\"dateModified\":\"2025-08-15T11:39:05+00:00\",\"description\":\"\u041e\u0421\u041e\u0411\u0415\u041d\u041d\u041e\u0421\u0422\u0418: 3 \u043f\u043e\u0440\u0442\u0430 \u0434\u043b\u044f MPO\/MTP 8F \u0438\u043b\u0438 12F \u0438\u043b\u0438 24F12 \u043f\u043e\u0440\u0442\u043e\u0432 \u0434\u043b\u044f LC\/Duplex \u0438\u043b\u0438 SC\/Simplex \u0438\u043b\u0438 6 \u043f\u043e\u0440\u0442\u043e\u0432 LC\/Quad. \u041f\u043e\u0434\u0440\u043e\u0431\u043d\u043e \u0442\u0443\u0442!\",\"breadcrumb\":{\"@id\":\"https:\/\/premiumline-cabling.com\/ru\/product\/kassety-dlya-hds144-vo-paneli\/#breadcrumb\"},\"inLanguage\":\"ru-RU\",\"potentialAction\":[{\"@type\":\"ReadAction\",\"target\":[\"https:\/\/premiumline-cabling.com\/ru\/product\/kassety-dlya-hds144-vo-paneli\/\"]}]},{\"@type\":\"ImageObject\",\"inLanguage\":\"ru-RU\",\"@id\":\"https:\/\/premiumline-cabling.com\/ru\/product\/kassety-dlya-hds144-vo-paneli\/#primaryimage\",\"url\":\"https:\/\/premiumline-cabling.com\/wp-content\/uploads\/2025\/08\/HDS144-1-4U_cassettes_mpo-lc.jpg\",\"contentUrl\":\"https:\/\/premiumline-cabling.com\/wp-content\/uploads\/2025\/08\/HDS144-1-4U_cassettes_mpo-lc.jpg\",\"width\":533,\"height\":363},{\"@type\":\"BreadcrumbList\",\"@id\":\"https:\/\/premiumline-cabling.com\/ru\/product\/kassety-dlya-hds144-vo-paneli\/#breadcrumb\",\"itemListElement\":[{\"@type\":\"ListItem\",\"position\":1,\"name\":\"\u0413\u043b\u0430\u0432\u043d\u0430\u044f \u0441\u0442\u0440\u0430\u043d\u0438\u0446\u0430\",\"item\":\"https:\/\/premiumline-cabling.com\/ru\/\"},{\"@type\":\"ListItem\",\"position\":2,\"name\":\"\u041a\u0430\u0441\u0441\u0435\u0442\u044b \u0434\u043b\u044f HDS144 \u0412\u041e \u043f\u0430\u043d\u0435\u043b\u0438\"}]},{\"@type\":\"WebSite\",\"@id\":\"https:\/\/premiumline-cabling.com\/#website\",\"url\":\"https:\/\/premiumline-cabling.com\/\",\"name\":\"Premium-Line\",\"description\":\"Structured Cabling System\",\"publisher\":{\"@id\":\"https:\/\/premiumline-cabling.com\/#organization\"},\"potentialAction\":[{\"@type\":\"SearchAction\",\"target\":{\"@type\":\"EntryPoint\",\"urlTemplate\":\"https:\/\/premiumline-cabling.com\/?s={search_term_string}\"},\"query-input\":{\"@type\":\"PropertyValueSpecification\",\"valueRequired\":true,\"valueName\":\"search_term_string\"}}],\"inLanguage\":\"ru-RU\"},{\"@type\":\"Organization\",\"@id\":\"https:\/\/premiumline-cabling.com\/#organization\",\"name\":\"Premium-Line\",\"url\":\"https:\/\/premiumline-cabling.com\/\",\"logo\":{\"@type\":\"ImageObject\",\"inLanguage\":\"ru-RU\",\"@id\":\"https:\/\/premiumline-cabling.com\/#\/schema\/logo\/image\/\",\"url\":\"https:\/\/premiumline-cabling.com\/wp-content\/uploads\/2019\/04\/cropped-img_logo_site_Premium-Line.png\",\"contentUrl\":\"https:\/\/premiumline-cabling.com\/wp-content\/uploads\/2019\/04\/cropped-img_logo_site_Premium-Line.png\",\"width\":190,\"height\":62,\"caption\":\"Premium-Line\"},\"image\":{\"@id\":\"https:\/\/premiumline-cabling.com\/#\/schema\/logo\/image\/\"}}]}<\/script>\n<!-- \/ Yoast SEO plugin. -->","yoast_head_json":{"title":"\u041a\u0430\u0441\u0441\u0435\u0442\u044b \u0434\u043b\u044f HDS144 \u0412\u041e \u043f\u0430\u043d\u0435\u043b\u0438 - Premium-Line","description":"\u041e\u0421\u041e\u0411\u0415\u041d\u041d\u041e\u0421\u0422\u0418: 3 \u043f\u043e\u0440\u0442\u0430 \u0434\u043b\u044f MPO\/MTP 8F \u0438\u043b\u0438 12F \u0438\u043b\u0438 24F12 \u043f\u043e\u0440\u0442\u043e\u0432 \u0434\u043b\u044f LC\/Duplex \u0438\u043b\u0438 SC\/Simplex \u0438\u043b\u0438 6 \u043f\u043e\u0440\u0442\u043e\u0432 LC\/Quad. \u041f\u043e\u0434\u0440\u043e\u0431\u043d\u043e \u0442\u0443\u0442!","robots":{"index":"index","follow":"follow","max-snippet":"max-snippet:-1","max-image-preview":"max-image-preview:large","max-video-preview":"max-video-preview:-1"},"canonical":"https:\/\/premiumline-cabling.com\/ru\/product\/kassety-dlya-hds144-vo-paneli\/","og_locale":"ru_RU","og_type":"article","og_title":"\u041a\u0430\u0441\u0441\u0435\u0442\u044b \u0434\u043b\u044f HDS144 \u0412\u041e \u043f\u0430\u043d\u0435\u043b\u0438 - Premium-Line","og_description":"\u041e\u0421\u041e\u0411\u0415\u041d\u041d\u041e\u0421\u0422\u0418: 3 \u043f\u043e\u0440\u0442\u0430 \u0434\u043b\u044f MPO\/MTP 8F \u0438\u043b\u0438 12F \u0438\u043b\u0438 24F12 \u043f\u043e\u0440\u0442\u043e\u0432 \u0434\u043b\u044f LC\/Duplex \u0438\u043b\u0438 SC\/Simplex \u0438\u043b\u0438 6 \u043f\u043e\u0440\u0442\u043e\u0432 LC\/Quad. \u041f\u043e\u0434\u0440\u043e\u0431\u043d\u043e \u0442\u0443\u0442!","og_url":"https:\/\/premiumline-cabling.com\/ru\/product\/kassety-dlya-hds144-vo-paneli\/","og_site_name":"Premium-Line","article_modified_time":"2025-08-15T11:39:05+00:00","og_image":[{"width":1920,"height":1080,"url":"https:\/\/premiumline-cabling.com\/wp-content\/uploads\/2025\/08\/New-Product-Release-19-HDS144-Fiber-Optic-High-Density-Patch-Panel_YT.jpg","type":"image\/jpeg"}],"twitter_card":"summary_large_image","twitter_misc":{"\u041f\u0440\u0438\u043c\u0435\u0440\u043d\u043e\u0435 \u0432\u0440\u0435\u043c\u044f \u0434\u043b\u044f \u0447\u0442\u0435\u043d\u0438\u044f":"2 \u043c\u0438\u043d\u0443\u0442\u044b"},"schema":{"@context":"https:\/\/schema.org","@graph":[{"@type":"WebPage","@id":"https:\/\/premiumline-cabling.com\/ru\/product\/kassety-dlya-hds144-vo-paneli\/","url":"https:\/\/premiumline-cabling.com\/ru\/product\/kassety-dlya-hds144-vo-paneli\/","name":"\u041a\u0430\u0441\u0441\u0435\u0442\u044b \u0434\u043b\u044f HDS144 \u0412\u041e \u043f\u0430\u043d\u0435\u043b\u0438 - Premium-Line","isPartOf":{"@id":"https:\/\/premiumline-cabling.com\/#website"},"primaryImageOfPage":{"@id":"https:\/\/premiumline-cabling.com\/ru\/product\/kassety-dlya-hds144-vo-paneli\/#primaryimage"},"image":{"@id":"https:\/\/premiumline-cabling.com\/ru\/product\/kassety-dlya-hds144-vo-paneli\/#primaryimage"},"thumbnailUrl":"https:\/\/premiumline-cabling.com\/wp-content\/uploads\/2025\/08\/HDS144-1-4U_cassettes_mpo-lc.jpg","datePublished":"2025-08-14T09:48:47+00:00","dateModified":"2025-08-15T11:39:05+00:00","description":"\u041e\u0421\u041e\u0411\u0415\u041d\u041d\u041e\u0421\u0422\u0418: 3 \u043f\u043e\u0440\u0442\u0430 \u0434\u043b\u044f MPO\/MTP 8F \u0438\u043b\u0438 12F \u0438\u043b\u0438 24F12 \u043f\u043e\u0440\u0442\u043e\u0432 \u0434\u043b\u044f LC\/Duplex \u0438\u043b\u0438 SC\/Simplex \u0438\u043b\u0438 6 \u043f\u043e\u0440\u0442\u043e\u0432 LC\/Quad. \u041f\u043e\u0434\u0440\u043e\u0431\u043d\u043e \u0442\u0443\u0442!","breadcrumb":{"@id":"https:\/\/premiumline-cabling.com\/ru\/product\/kassety-dlya-hds144-vo-paneli\/#breadcrumb"},"inLanguage":"ru-RU","potentialAction":[{"@type":"ReadAction","target":["https:\/\/premiumline-cabling.com\/ru\/product\/kassety-dlya-hds144-vo-paneli\/"]}]},{"@type":"ImageObject","inLanguage":"ru-RU","@id":"https:\/\/premiumline-cabling.com\/ru\/product\/kassety-dlya-hds144-vo-paneli\/#primaryimage","url":"https:\/\/premiumline-cabling.com\/wp-content\/uploads\/2025\/08\/HDS144-1-4U_cassettes_mpo-lc.jpg","contentUrl":"https:\/\/premiumline-cabling.com\/wp-content\/uploads\/2025\/08\/HDS144-1-4U_cassettes_mpo-lc.jpg","width":533,"height":363},{"@type":"BreadcrumbList","@id":"https:\/\/premiumline-cabling.com\/ru\/product\/kassety-dlya-hds144-vo-paneli\/#breadcrumb","itemListElement":[{"@type":"ListItem","position":1,"name":"\u0413\u043b\u0430\u0432\u043d\u0430\u044f \u0441\u0442\u0440\u0430\u043d\u0438\u0446\u0430","item":"https:\/\/premiumline-cabling.com\/ru\/"},{"@type":"ListItem","position":2,"name":"\u041a\u0430\u0441\u0441\u0435\u0442\u044b \u0434\u043b\u044f HDS144 \u0412\u041e \u043f\u0430\u043d\u0435\u043b\u0438"}]},{"@type":"WebSite","@id":"https:\/\/premiumline-cabling.com\/#website","url":"https:\/\/premiumline-cabling.com\/","name":"Premium-Line","description":"Structured Cabling System","publisher":{"@id":"https:\/\/premiumline-cabling.com\/#organization"},"potentialAction":[{"@type":"SearchAction","target":{"@type":"EntryPoint","urlTemplate":"https:\/\/premiumline-cabling.com\/?s={search_term_string}"},"query-input":{"@type":"PropertyValueSpecification","valueRequired":true,"valueName":"search_term_string"}}],"inLanguage":"ru-RU"},{"@type":"Organization","@id":"https:\/\/premiumline-cabling.com\/#organization","name":"Premium-Line","url":"https:\/\/premiumline-cabling.com\/","logo":{"@type":"ImageObject","inLanguage":"ru-RU","@id":"https:\/\/premiumline-cabling.com\/#\/schema\/logo\/image\/","url":"https:\/\/premiumline-cabling.com\/wp-content\/uploads\/2019\/04\/cropped-img_logo_site_Premium-Line.png","contentUrl":"https:\/\/premiumline-cabling.com\/wp-content\/uploads\/2019\/04\/cropped-img_logo_site_Premium-Line.png","width":190,"height":62,"caption":"Premium-Line"},"image":{"@id":"https:\/\/premiumline-cabling.com\/#\/schema\/logo\/image\/"}}]}},"_links":{"self":[{"href":"https:\/\/premiumline-cabling.com\/ru\/wp-json\/wp\/v2\/product\/23830","targetHints":{"allow":["GET"]}}],"collection":[{"href":"https:\/\/premiumline-cabling.com\/ru\/wp-json\/wp\/v2\/product"}],"about":[{"href":"https:\/\/premiumline-cabling.com\/ru\/wp-json\/wp\/v2\/types\/product"}],"wp:featuredmedia":[{"embeddable":true,"href":"https:\/\/premiumline-cabling.com\/ru\/wp-json\/wp\/v2\/media\/23847"}],"wp:attachment":[{"href":"https:\/\/premiumline-cabling.com\/ru\/wp-json\/wp\/v2\/media?parent=23830"}],"wp:term":[{"taxonomy":"product_category","embeddable":true,"href":"https:\/\/premiumline-cabling.com\/ru\/wp-json\/wp\/v2\/product_category?post=23830"}],"curies":[{"name":"wp","href":"https:\/\/api.w.org\/{rel}","templated":true}]}}