{"id":14670,"date":"2021-09-14T16:03:00","date_gmt":"2021-09-14T15:03:00","guid":{"rendered":"https:\/\/www.premiumline-cabling.com\/product\/cassette-hd-splice-type\/"},"modified":"2022-05-10T10:57:23","modified_gmt":"2022-05-10T09:57:23","slug":"cassette-hd-splice-type","status":"publish","type":"product","link":"https:\/\/premiumline-cabling.com\/ru\/product\/cassette-hd-splice-type\/","title":{"rendered":"\u041a\u0430\u0441\u0441\u0435\u0442\u0430 LC\/SC Splice \u0442\u0438\u043f\u0430"},"content":{"rendered":"<h2>\u041a\u0430\u0441\u0441\u0435\u0442\u0430 \u0434\u043b\u044f \u0412\u041e \u043f\u0430\u043d\u0435\u043b\u0438 \u0432\u044b\u0441\u043e\u043a\u043e\u0439 \u043f\u043b\u043e\u0442\u043d\u043e\u0441\u0442\u0438 Splice \u0442\u0438\u043f\u0430, \u0441 \u0430\u0434\u0430\u043f\u0442\u0435\u0440\u0430\u043c\u0438<\/h2>\n<p>&nbsp;<\/p>\n<h3>\u041e\u0421\u041e\u0411\u0415\u041d\u041d\u041e\u0421\u0422\u0418:<noscript><img decoding=\"async\" class=\"alignright wp-image-12802 size-medium\" src=\"https:\/\/premiumline-cabling.com\/wp-content\/uploads\/2021\/09\/DC_HD_Cassette_MPO_LCD-300x181.jpg\" alt width=\"300\" height=\"181\" srcset=\"https:\/\/premiumline-cabling.com\/wp-content\/uploads\/2021\/09\/DC_HD_Cassette_MPO_LCD-300x181.jpg 300w, https:\/\/premiumline-cabling.com\/wp-content\/uploads\/2021\/09\/DC_HD_Cassette_MPO_LCD-768x463.jpg 768w, https:\/\/premiumline-cabling.com\/wp-content\/uploads\/2021\/09\/DC_HD_Cassette_MPO_LCD.jpg 978w\" sizes=\"(max-width: 300px) 100vw, 300px\"><\/noscript><img decoding=\"async\" class=\"alignright wp-image-12802 size-medium lazyload\" src=\"data:image\/svg+xml,%3Csvg%20xmlns%3D%22http%3A%2F%2Fwww.w3.org%2F2000%2Fsvg%22%20viewBox%3D%220%200%20300%20181%22%3E%3C%2Fsvg%3E\" alt width=\"300\" height=\"181\" srcset=\"data:image\/svg+xml,%3Csvg%20xmlns%3D%22http%3A%2F%2Fwww.w3.org%2F2000%2Fsvg%22%20viewBox%3D%220%200%20300%20181%22%3E%3C%2Fsvg%3E 300w\" sizes=\"(max-width: 300px) 100vw, 300px\" data-srcset=\"https:\/\/premiumline-cabling.com\/wp-content\/uploads\/2021\/09\/DC_HD_Cassette_MPO_LCD-300x181.jpg 300w, https:\/\/premiumline-cabling.com\/wp-content\/uploads\/2021\/09\/DC_HD_Cassette_MPO_LCD-768x463.jpg 768w, https:\/\/premiumline-cabling.com\/wp-content\/uploads\/2021\/09\/DC_HD_Cassette_MPO_LCD.jpg 978w\" data-src=\"https:\/\/premiumline-cabling.com\/wp-content\/uploads\/2021\/09\/DC_HD_Cassette_MPO_LCD-300x181.jpg\"><\/h3>\n<ul>\n<li>\u041f\u0440\u043e\u0441\u0442\u0430\u044f \u0432 \u0438\u0441\u043f\u043e\u043b\u044c\u0437\u043e\u0432\u0430\u043d\u0438\u0438, \u0443\u0434\u043e\u0431\u043d\u044b\u0439 \u043c\u043e\u043d\u0442\u0430\u0436<\/li>\n<li>\u0423\u043b\u0443\u0447\u0448\u0435\u043d\u043d\u0430\u044f \u0438 \u043f\u0440\u043e\u0434\u0443\u043c\u0430\u043d\u043d\u0430\u044f \u043e\u0440\u0433\u0430\u043d\u0438\u0437\u0430\u0446\u0438\u044f \u043a\u043e\u043c\u043c\u0443\u0442\u0430\u0446\u0438\u043e\u043d\u043d\u044b\u0445 \u043a\u0430\u0431\u0435\u043b\u0435\u0439<\/li>\n<li>\u041f\u043e\u0434\u0445\u043e\u0434\u0438\u0442 \u0434\u043b\u044f 19-\u0434\u044e\u0439\u043c\u043e\u0432\u043e\u0439 \u0432\u043e\u043b\u043e\u043a\u043e\u043d\u043d\u043e-\u043e\u043f\u0442\u0438\u0447\u0435\u0441\u043a\u043e\u0439 \u043f\u0430\u0442\u0447-\u043f\u0430\u043d\u0435\u043b\u0438 \u0432\u044b\u0441\u043e\u043a\u043e\u0439 \u043f\u043b\u043e\u0442\u043d\u043e\u0441\u0442\u0438 (<a href=\"https:\/\/premiumline-cabling.com\/ru\/product\/fiber-optic-high-density-patch-panel\/\" target=\"_blank\" rel=\"noopener\">P\/N 661a00002<\/a>)<\/li>\n<li>\u041f\u043e\u043b\u043d\u043e\u0441\u0442\u044c\u044e \u0443\u043a\u043e\u043c\u043f\u043b\u0435\u043a\u0442\u043e\u0432\u0430\u043d\u043d\u044b\u0435 \u043a\u0430\u0441\u0441\u0435\u0442\u044b<\/li>\n<li>12 \u043f\u043e\u0440\u0442\u043e\u0432 (LC Duplex\/SC Simplex) \u0438\u043b\u0438 6 \u043f\u043e\u0440\u0442\u043e\u0432 (LC Quad\/SC Duplex)<\/li>\n<li>\u0421\u043e\u043e\u0442\u0432\u0435\u0442\u0441\u0442\u0432\u0438\u0435 RoHS<\/li>\n<\/ul>\n<h3>\u041f\u0420\u0418\u041c\u0415\u041d\u0415\u041d\u0418\u0415:<noscript><img decoding=\"async\" class=\"alignright wp-image-12782 size-medium\" src=\"https:\/\/premiumline-cabling.com\/wp-content\/uploads\/2021\/09\/DC_HD_Cassette_LC_Splicing-221x300.jpg\" alt width=\"221\" height=\"300\" srcset=\"https:\/\/premiumline-cabling.com\/wp-content\/uploads\/2021\/09\/DC_HD_Cassette_LC_Splicing-221x300.jpg 221w, https:\/\/premiumline-cabling.com\/wp-content\/uploads\/2021\/09\/DC_HD_Cassette_LC_Splicing.jpg 300w\" sizes=\"(max-width: 221px) 100vw, 221px\"><\/noscript><img decoding=\"async\" class=\"alignright wp-image-12782 size-medium lazyload\" src=\"data:image\/svg+xml,%3Csvg%20xmlns%3D%22http%3A%2F%2Fwww.w3.org%2F2000%2Fsvg%22%20viewBox%3D%220%200%20221%20300%22%3E%3C%2Fsvg%3E\" alt width=\"221\" height=\"300\" srcset=\"data:image\/svg+xml,%3Csvg%20xmlns%3D%22http%3A%2F%2Fwww.w3.org%2F2000%2Fsvg%22%20viewBox%3D%220%200%20221%20300%22%3E%3C%2Fsvg%3E 221w\" sizes=\"(max-width: 221px) 100vw, 221px\" data-srcset=\"https:\/\/premiumline-cabling.com\/wp-content\/uploads\/2021\/09\/DC_HD_Cassette_LC_Splicing-221x300.jpg 221w, https:\/\/premiumline-cabling.com\/wp-content\/uploads\/2021\/09\/DC_HD_Cassette_LC_Splicing.jpg 300w\" data-src=\"https:\/\/premiumline-cabling.com\/wp-content\/uploads\/2021\/09\/DC_HD_Cassette_LC_Splicing-221x300.jpg\"><\/h3>\n<ul>\n<li>\u0426\u0435\u043d\u0442\u0440\u044b \u043e\u0431\u0440\u0430\u0431\u043e\u0442\u043a\u0438 \u0434\u0430\u043d\u043d\u044b\u0445<\/li>\n<li>\u0422\u0435\u043b\u0435\u043a\u043e\u043c\u043c\u0443\u043d\u0438\u043a\u0430\u0446\u0438\u0438<\/li>\n<li>\u041b\u043e\u043a\u0430\u043b\u044c\u043d\u0430\u044f \u0441\u0435\u0442\u044c<\/li>\n<li>\u041f\u0440\u043e\u0435\u043a\u0442\u044b FTTx<\/li>\n<li>\u0421\u0435\u0442\u044c \u043f\u0435\u0440\u0435\u0434\u0430\u0447\u0438 \u0434\u0430\u043d\u043d\u044b\u0445<\/li>\n<li>CATV<\/li>\n<li>\u041e\u0431\u0435\u0441\u043f\u0435\u0447\u0438\u0432\u0430\u0435\u0442\u0441\u044f \u0442\u0435\u0440\u043c\u0438\u043d\u0438\u0440\u043e\u0432\u0430\u043d\u0438\u0435, \u0437\u0430\u0449\u0438\u0442\u0430, \u043f\u043e\u0434\u043a\u043b\u044e\u0447\u0435\u043d\u0438\u0435, \u0443\u043f\u0440\u0430\u0432\u043b\u0435\u043d\u0438\u0435 \u0432\u043e\u043b\u043e\u043a\u043e\u043d\u043d\u043e-\u043e\u043f\u0442\u0438\u0447\u0435\u0441\u043a\u0438\u043c \u043a\u0430\u0431\u0435\u043b\u0435\u043c.<\/li>\n<\/ul>\n<h3>\u0427\u0415\u0420\u0422\u0415\u0416\u0418:<\/h3>\n<div id=\"attachment_12787\" style=\"width: 480px\" class=\"wp-caption aligncenter\"><noscript><img decoding=\"async\" aria-describedby=\"caption-attachment-12787\" class=\"wp-image-12787 size-full\" src=\"https:\/\/premiumline-cabling.com\/wp-content\/uploads\/2021\/09\/DC_HD_Cassette_LC_Splicing_Drawing.jpg\" alt width=\"470\" height=\"338\" srcset=\"https:\/\/premiumline-cabling.com\/wp-content\/uploads\/2021\/09\/DC_HD_Cassette_LC_Splicing_Drawing.jpg 470w, https:\/\/premiumline-cabling.com\/wp-content\/uploads\/2021\/09\/DC_HD_Cassette_LC_Splicing_Drawing-300x216.jpg 300w\" sizes=\"(max-width: 470px) 100vw, 470px\"><\/noscript><img decoding=\"async\" aria-describedby=\"caption-attachment-12787\" class=\"wp-image-12787 size-full lazyload\" src=\"data:image\/svg+xml,%3Csvg%20xmlns%3D%22http%3A%2F%2Fwww.w3.org%2F2000%2Fsvg%22%20viewBox%3D%220%200%20470%20338%22%3E%3C%2Fsvg%3E\" alt width=\"470\" height=\"338\" srcset=\"data:image\/svg+xml,%3Csvg%20xmlns%3D%22http%3A%2F%2Fwww.w3.org%2F2000%2Fsvg%22%20viewBox%3D%220%200%20470%20338%22%3E%3C%2Fsvg%3E 470w\" sizes=\"(max-width: 470px) 100vw, 470px\" data-srcset=\"https:\/\/premiumline-cabling.com\/wp-content\/uploads\/2021\/09\/DC_HD_Cassette_LC_Splicing_Drawing.jpg 470w, https:\/\/premiumline-cabling.com\/wp-content\/uploads\/2021\/09\/DC_HD_Cassette_LC_Splicing_Drawing-300x216.jpg 300w\" data-src=\"https:\/\/premiumline-cabling.com\/wp-content\/uploads\/2021\/09\/DC_HD_Cassette_LC_Splicing_Drawing.jpg\"><p id=\"caption-attachment-12787\" class=\"wp-caption-text\">Splice \u0442\u0438\u043f, LC Duplex \u0430\u0434\u0430\u043f\u0442\u0435\u0440 \u0438\u043b\u0438 SC Simplex \u0430\u0434\u0430\u043f\u0442\u0435\u0440<\/p><\/div>\n<h3>\u0418\u041d\u0424\u041e\u0420\u041c\u0410\u0426\u0418\u042f \u041a \u0417\u0410\u041a\u0410\u0417\u0423:<\/h3>\n<table>\n<tbody>\n<tr>\n<td width=\"151\">\u0410\u0440\u0442\u0438\u043a\u0443\u043b<\/td>\n<td width=\"522\">664xy0002<\/td>\n<\/tr>\n<tr>\n<td width=\"151\">\u041e\u043f\u0438\u0441\u0430\u043d\u0438\u0435<\/td>\n<td width=\"522\">Cassette for HD FO Panel Splice type, with adapter loaded<\/td>\n<\/tr>\n<tr>\n<td width=\"151\">x, \u0442\u0438\u043f \u0432\u043e\u043b\u043e\u043a\u043d\u0430<\/td>\n<td width=\"522\">1: OM3&nbsp;&nbsp; &nbsp;2: OM4 &nbsp;&nbsp;3: SM\/UPC&nbsp; &nbsp;4: SM\/APC<\/td>\n<\/tr>\n<tr>\n<td width=\"151\">y, \u0442\u0438\u043f \u0430\u0434\u0430\u043f\u0442\u0435\u0440\u0430<\/td>\n<td width=\"522\">1: 12\u00d7LC-Duplex&nbsp; &nbsp;2: 6\u00d7LC-Quad &nbsp;&nbsp;3: 6\u00d7SC Duplex&nbsp;&nbsp; 4: 12\u00d7SC Simplex<\/td>\n<\/tr>\n<\/tbody>\n<\/table>\n<p>&nbsp;<\/p>\n","protected":false},"featured_media":12806,"template":"","product_category":[124],"class_list":["post-14670","product","type-product","status-publish","has-post-thumbnail","hentry","product_category-data-center-ru"],"yoast_head":"<!-- This site is optimized with the Yoast SEO plugin v27.4 - https:\/\/yoast.com\/product\/yoast-seo-wordpress\/ -->\n<title>\u041a\u0430\u0441\u0441\u0435\u0442\u0430 LC\/SC Splice \u0442\u0438\u043f\u0430 - Premium-Line<\/title>\n<meta name=\"description\" content=\"\u041e\u0421\u041e\u0411\u0415\u041d\u041d\u041e\u0421\u0422\u0418: \u043f\u0440\u043e\u0441\u0442\u0430\u044f \u0432 \u0438\u0441\u043f\u043e\u043b\u044c\u0437\u043e\u0432\u0430\u043d\u0438\u0438, \u0443\u0434\u043e\u0431\u043d\u044b\u0439 \u043c\u043e\u043d\u0442\u0430\u0436, \u0443\u043b\u0443\u0447\u0448\u0435\u043d\u043d\u0430\u044f \u0438 \u043f\u0440\u043e\u0434\u0443\u043c\u0430\u043d\u043d\u0430\u044f \u043e\u0440\u0433\u0430\u043d\u0438\u0437\u0430\u0446\u0438\u044f \u043a\u043e\u043c\u043c\u0443\u0442\u0430\u0446\u0438\u043e\u043d\u043d\u044b\u0445 \u043a\u0430\u0431\u0435\u043b\u0435\u0439...\" \/>\n<meta name=\"robots\" content=\"index, follow, max-snippet:-1, max-image-preview:large, max-video-preview:-1\" \/>\n<link rel=\"canonical\" href=\"https:\/\/premiumline-cabling.com\/ru\/product\/cassette-hd-splice-type\/\" \/>\n<meta property=\"og:locale\" content=\"ru_RU\" \/>\n<meta property=\"og:type\" content=\"article\" \/>\n<meta property=\"og:title\" content=\"\u041a\u0430\u0441\u0441\u0435\u0442\u0430 LC\/SC Splice \u0442\u0438\u043f\u0430 - Premium-Line\" \/>\n<meta property=\"og:description\" content=\"\u041e\u0421\u041e\u0411\u0415\u041d\u041d\u041e\u0421\u0422\u0418: \u043f\u0440\u043e\u0441\u0442\u0430\u044f \u0432 \u0438\u0441\u043f\u043e\u043b\u044c\u0437\u043e\u0432\u0430\u043d\u0438\u0438, \u0443\u0434\u043e\u0431\u043d\u044b\u0439 \u043c\u043e\u043d\u0442\u0430\u0436, \u0443\u043b\u0443\u0447\u0448\u0435\u043d\u043d\u0430\u044f \u0438 \u043f\u0440\u043e\u0434\u0443\u043c\u0430\u043d\u043d\u0430\u044f \u043e\u0440\u0433\u0430\u043d\u0438\u0437\u0430\u0446\u0438\u044f \u043a\u043e\u043c\u043c\u0443\u0442\u0430\u0446\u0438\u043e\u043d\u043d\u044b\u0445 \u043a\u0430\u0431\u0435\u043b\u0435\u0439...\" \/>\n<meta property=\"og:url\" content=\"https:\/\/premiumline-cabling.com\/ru\/product\/cassette-hd-splice-type\/\" \/>\n<meta property=\"og:site_name\" content=\"Premium-Line\" \/>\n<meta property=\"article:modified_time\" content=\"2022-05-10T09:57:23+00:00\" \/>\n<meta property=\"og:image\" content=\"https:\/\/premiumline-cabling.com\/wp-content\/uploads\/2021\/09\/PL_img_Cassette-for-HD-FO-Panel-Splice-type-with-adapter-loaded-12-ports_FB.jpg\" \/>\n\t<meta property=\"og:image:width\" content=\"694\" \/>\n\t<meta property=\"og:image:height\" content=\"353\" \/>\n\t<meta property=\"og:image:type\" content=\"image\/jpeg\" \/>\n<meta name=\"twitter:card\" content=\"summary_large_image\" \/>\n<meta name=\"twitter:label1\" content=\"\u041f\u0440\u0438\u043c\u0435\u0440\u043d\u043e\u0435 \u0432\u0440\u0435\u043c\u044f \u0434\u043b\u044f \u0447\u0442\u0435\u043d\u0438\u044f\" \/>\n\t<meta name=\"twitter:data1\" content=\"2 \u043c\u0438\u043d\u0443\u0442\u044b\" \/>\n<script type=\"application\/ld+json\" class=\"yoast-schema-graph\">{\"@context\":\"https:\\\/\\\/schema.org\",\"@graph\":[{\"@type\":\"WebPage\",\"@id\":\"https:\\\/\\\/premiumline-cabling.com\\\/ru\\\/product\\\/cassette-hd-splice-type\\\/\",\"url\":\"https:\\\/\\\/premiumline-cabling.com\\\/ru\\\/product\\\/cassette-hd-splice-type\\\/\",\"name\":\"\u041a\u0430\u0441\u0441\u0435\u0442\u0430 LC\\\/SC Splice \u0442\u0438\u043f\u0430 - Premium-Line\",\"isPartOf\":{\"@id\":\"https:\\\/\\\/premiumline-cabling.com\\\/#website\"},\"primaryImageOfPage\":{\"@id\":\"https:\\\/\\\/premiumline-cabling.com\\\/ru\\\/product\\\/cassette-hd-splice-type\\\/#primaryimage\"},\"image\":{\"@id\":\"https:\\\/\\\/premiumline-cabling.com\\\/ru\\\/product\\\/cassette-hd-splice-type\\\/#primaryimage\"},\"thumbnailUrl\":\"https:\\\/\\\/premiumline-cabling.com\\\/wp-content\\\/uploads\\\/2021\\\/09\\\/DC_HD_Cassette_MPO_LCD.jpg\",\"datePublished\":\"2021-09-14T15:03:00+00:00\",\"dateModified\":\"2022-05-10T09:57:23+00:00\",\"description\":\"\u041e\u0421\u041e\u0411\u0415\u041d\u041d\u041e\u0421\u0422\u0418: \u043f\u0440\u043e\u0441\u0442\u0430\u044f \u0432 \u0438\u0441\u043f\u043e\u043b\u044c\u0437\u043e\u0432\u0430\u043d\u0438\u0438, \u0443\u0434\u043e\u0431\u043d\u044b\u0439 \u043c\u043e\u043d\u0442\u0430\u0436, \u0443\u043b\u0443\u0447\u0448\u0435\u043d\u043d\u0430\u044f \u0438 \u043f\u0440\u043e\u0434\u0443\u043c\u0430\u043d\u043d\u0430\u044f \u043e\u0440\u0433\u0430\u043d\u0438\u0437\u0430\u0446\u0438\u044f \u043a\u043e\u043c\u043c\u0443\u0442\u0430\u0446\u0438\u043e\u043d\u043d\u044b\u0445 \u043a\u0430\u0431\u0435\u043b\u0435\u0439...\",\"breadcrumb\":{\"@id\":\"https:\\\/\\\/premiumline-cabling.com\\\/ru\\\/product\\\/cassette-hd-splice-type\\\/#breadcrumb\"},\"inLanguage\":\"ru-RU\",\"potentialAction\":[{\"@type\":\"ReadAction\",\"target\":[\"https:\\\/\\\/premiumline-cabling.com\\\/ru\\\/product\\\/cassette-hd-splice-type\\\/\"]}]},{\"@type\":\"ImageObject\",\"inLanguage\":\"ru-RU\",\"@id\":\"https:\\\/\\\/premiumline-cabling.com\\\/ru\\\/product\\\/cassette-hd-splice-type\\\/#primaryimage\",\"url\":\"https:\\\/\\\/premiumline-cabling.com\\\/wp-content\\\/uploads\\\/2021\\\/09\\\/DC_HD_Cassette_MPO_LCD.jpg\",\"contentUrl\":\"https:\\\/\\\/premiumline-cabling.com\\\/wp-content\\\/uploads\\\/2021\\\/09\\\/DC_HD_Cassette_MPO_LCD.jpg\",\"width\":978,\"height\":590},{\"@type\":\"BreadcrumbList\",\"@id\":\"https:\\\/\\\/premiumline-cabling.com\\\/ru\\\/product\\\/cassette-hd-splice-type\\\/#breadcrumb\",\"itemListElement\":[{\"@type\":\"ListItem\",\"position\":1,\"name\":\"\u0413\u043b\u0430\u0432\u043d\u0430\u044f \u0441\u0442\u0440\u0430\u043d\u0438\u0446\u0430\",\"item\":\"https:\\\/\\\/premiumline-cabling.com\\\/ru\\\/\"},{\"@type\":\"ListItem\",\"position\":2,\"name\":\"\u041a\u0430\u0441\u0441\u0435\u0442\u0430 LC\\\/SC Splice \u0442\u0438\u043f\u0430\"}]},{\"@type\":\"WebSite\",\"@id\":\"https:\\\/\\\/premiumline-cabling.com\\\/#website\",\"url\":\"https:\\\/\\\/premiumline-cabling.com\\\/\",\"name\":\"Premium-Line\",\"description\":\"Structured Cabling System\",\"publisher\":{\"@id\":\"https:\\\/\\\/premiumline-cabling.com\\\/#organization\"},\"potentialAction\":[{\"@type\":\"SearchAction\",\"target\":{\"@type\":\"EntryPoint\",\"urlTemplate\":\"https:\\\/\\\/premiumline-cabling.com\\\/?s={search_term_string}\"},\"query-input\":{\"@type\":\"PropertyValueSpecification\",\"valueRequired\":true,\"valueName\":\"search_term_string\"}}],\"inLanguage\":\"ru-RU\"},{\"@type\":\"Organization\",\"@id\":\"https:\\\/\\\/premiumline-cabling.com\\\/#organization\",\"name\":\"Premium-Line\",\"url\":\"https:\\\/\\\/premiumline-cabling.com\\\/\",\"logo\":{\"@type\":\"ImageObject\",\"inLanguage\":\"ru-RU\",\"@id\":\"https:\\\/\\\/premiumline-cabling.com\\\/#\\\/schema\\\/logo\\\/image\\\/\",\"url\":\"https:\\\/\\\/premiumline-cabling.com\\\/wp-content\\\/uploads\\\/2019\\\/04\\\/cropped-img_logo_site_Premium-Line.png\",\"contentUrl\":\"https:\\\/\\\/premiumline-cabling.com\\\/wp-content\\\/uploads\\\/2019\\\/04\\\/cropped-img_logo_site_Premium-Line.png\",\"width\":190,\"height\":62,\"caption\":\"Premium-Line\"},\"image\":{\"@id\":\"https:\\\/\\\/premiumline-cabling.com\\\/#\\\/schema\\\/logo\\\/image\\\/\"}}]}<\/script>\n<!-- \/ Yoast SEO plugin. -->","yoast_head_json":{"title":"\u041a\u0430\u0441\u0441\u0435\u0442\u0430 LC\/SC Splice \u0442\u0438\u043f\u0430 - Premium-Line","description":"\u041e\u0421\u041e\u0411\u0415\u041d\u041d\u041e\u0421\u0422\u0418: \u043f\u0440\u043e\u0441\u0442\u0430\u044f \u0432 \u0438\u0441\u043f\u043e\u043b\u044c\u0437\u043e\u0432\u0430\u043d\u0438\u0438, \u0443\u0434\u043e\u0431\u043d\u044b\u0439 \u043c\u043e\u043d\u0442\u0430\u0436, \u0443\u043b\u0443\u0447\u0448\u0435\u043d\u043d\u0430\u044f \u0438 \u043f\u0440\u043e\u0434\u0443\u043c\u0430\u043d\u043d\u0430\u044f \u043e\u0440\u0433\u0430\u043d\u0438\u0437\u0430\u0446\u0438\u044f \u043a\u043e\u043c\u043c\u0443\u0442\u0430\u0446\u0438\u043e\u043d\u043d\u044b\u0445 \u043a\u0430\u0431\u0435\u043b\u0435\u0439...","robots":{"index":"index","follow":"follow","max-snippet":"max-snippet:-1","max-image-preview":"max-image-preview:large","max-video-preview":"max-video-preview:-1"},"canonical":"https:\/\/premiumline-cabling.com\/ru\/product\/cassette-hd-splice-type\/","og_locale":"ru_RU","og_type":"article","og_title":"\u041a\u0430\u0441\u0441\u0435\u0442\u0430 LC\/SC Splice \u0442\u0438\u043f\u0430 - Premium-Line","og_description":"\u041e\u0421\u041e\u0411\u0415\u041d\u041d\u041e\u0421\u0422\u0418: \u043f\u0440\u043e\u0441\u0442\u0430\u044f \u0432 \u0438\u0441\u043f\u043e\u043b\u044c\u0437\u043e\u0432\u0430\u043d\u0438\u0438, \u0443\u0434\u043e\u0431\u043d\u044b\u0439 \u043c\u043e\u043d\u0442\u0430\u0436, \u0443\u043b\u0443\u0447\u0448\u0435\u043d\u043d\u0430\u044f \u0438 \u043f\u0440\u043e\u0434\u0443\u043c\u0430\u043d\u043d\u0430\u044f \u043e\u0440\u0433\u0430\u043d\u0438\u0437\u0430\u0446\u0438\u044f \u043a\u043e\u043c\u043c\u0443\u0442\u0430\u0446\u0438\u043e\u043d\u043d\u044b\u0445 \u043a\u0430\u0431\u0435\u043b\u0435\u0439...","og_url":"https:\/\/premiumline-cabling.com\/ru\/product\/cassette-hd-splice-type\/","og_site_name":"Premium-Line","article_modified_time":"2022-05-10T09:57:23+00:00","og_image":[{"width":694,"height":353,"url":"https:\/\/premiumline-cabling.com\/wp-content\/uploads\/2021\/09\/PL_img_Cassette-for-HD-FO-Panel-Splice-type-with-adapter-loaded-12-ports_FB.jpg","type":"image\/jpeg"}],"twitter_card":"summary_large_image","twitter_misc":{"\u041f\u0440\u0438\u043c\u0435\u0440\u043d\u043e\u0435 \u0432\u0440\u0435\u043c\u044f \u0434\u043b\u044f \u0447\u0442\u0435\u043d\u0438\u044f":"2 \u043c\u0438\u043d\u0443\u0442\u044b"},"schema":{"@context":"https:\/\/schema.org","@graph":[{"@type":"WebPage","@id":"https:\/\/premiumline-cabling.com\/ru\/product\/cassette-hd-splice-type\/","url":"https:\/\/premiumline-cabling.com\/ru\/product\/cassette-hd-splice-type\/","name":"\u041a\u0430\u0441\u0441\u0435\u0442\u0430 LC\/SC Splice \u0442\u0438\u043f\u0430 - Premium-Line","isPartOf":{"@id":"https:\/\/premiumline-cabling.com\/#website"},"primaryImageOfPage":{"@id":"https:\/\/premiumline-cabling.com\/ru\/product\/cassette-hd-splice-type\/#primaryimage"},"image":{"@id":"https:\/\/premiumline-cabling.com\/ru\/product\/cassette-hd-splice-type\/#primaryimage"},"thumbnailUrl":"https:\/\/premiumline-cabling.com\/wp-content\/uploads\/2021\/09\/DC_HD_Cassette_MPO_LCD.jpg","datePublished":"2021-09-14T15:03:00+00:00","dateModified":"2022-05-10T09:57:23+00:00","description":"\u041e\u0421\u041e\u0411\u0415\u041d\u041d\u041e\u0421\u0422\u0418: \u043f\u0440\u043e\u0441\u0442\u0430\u044f \u0432 \u0438\u0441\u043f\u043e\u043b\u044c\u0437\u043e\u0432\u0430\u043d\u0438\u0438, \u0443\u0434\u043e\u0431\u043d\u044b\u0439 \u043c\u043e\u043d\u0442\u0430\u0436, \u0443\u043b\u0443\u0447\u0448\u0435\u043d\u043d\u0430\u044f \u0438 \u043f\u0440\u043e\u0434\u0443\u043c\u0430\u043d\u043d\u0430\u044f \u043e\u0440\u0433\u0430\u043d\u0438\u0437\u0430\u0446\u0438\u044f \u043a\u043e\u043c\u043c\u0443\u0442\u0430\u0446\u0438\u043e\u043d\u043d\u044b\u0445 \u043a\u0430\u0431\u0435\u043b\u0435\u0439...","breadcrumb":{"@id":"https:\/\/premiumline-cabling.com\/ru\/product\/cassette-hd-splice-type\/#breadcrumb"},"inLanguage":"ru-RU","potentialAction":[{"@type":"ReadAction","target":["https:\/\/premiumline-cabling.com\/ru\/product\/cassette-hd-splice-type\/"]}]},{"@type":"ImageObject","inLanguage":"ru-RU","@id":"https:\/\/premiumline-cabling.com\/ru\/product\/cassette-hd-splice-type\/#primaryimage","url":"https:\/\/premiumline-cabling.com\/wp-content\/uploads\/2021\/09\/DC_HD_Cassette_MPO_LCD.jpg","contentUrl":"https:\/\/premiumline-cabling.com\/wp-content\/uploads\/2021\/09\/DC_HD_Cassette_MPO_LCD.jpg","width":978,"height":590},{"@type":"BreadcrumbList","@id":"https:\/\/premiumline-cabling.com\/ru\/product\/cassette-hd-splice-type\/#breadcrumb","itemListElement":[{"@type":"ListItem","position":1,"name":"\u0413\u043b\u0430\u0432\u043d\u0430\u044f \u0441\u0442\u0440\u0430\u043d\u0438\u0446\u0430","item":"https:\/\/premiumline-cabling.com\/ru\/"},{"@type":"ListItem","position":2,"name":"\u041a\u0430\u0441\u0441\u0435\u0442\u0430 LC\/SC Splice \u0442\u0438\u043f\u0430"}]},{"@type":"WebSite","@id":"https:\/\/premiumline-cabling.com\/#website","url":"https:\/\/premiumline-cabling.com\/","name":"Premium-Line","description":"Structured Cabling System","publisher":{"@id":"https:\/\/premiumline-cabling.com\/#organization"},"potentialAction":[{"@type":"SearchAction","target":{"@type":"EntryPoint","urlTemplate":"https:\/\/premiumline-cabling.com\/?s={search_term_string}"},"query-input":{"@type":"PropertyValueSpecification","valueRequired":true,"valueName":"search_term_string"}}],"inLanguage":"ru-RU"},{"@type":"Organization","@id":"https:\/\/premiumline-cabling.com\/#organization","name":"Premium-Line","url":"https:\/\/premiumline-cabling.com\/","logo":{"@type":"ImageObject","inLanguage":"ru-RU","@id":"https:\/\/premiumline-cabling.com\/#\/schema\/logo\/image\/","url":"https:\/\/premiumline-cabling.com\/wp-content\/uploads\/2019\/04\/cropped-img_logo_site_Premium-Line.png","contentUrl":"https:\/\/premiumline-cabling.com\/wp-content\/uploads\/2019\/04\/cropped-img_logo_site_Premium-Line.png","width":190,"height":62,"caption":"Premium-Line"},"image":{"@id":"https:\/\/premiumline-cabling.com\/#\/schema\/logo\/image\/"}}]}},"_links":{"self":[{"href":"https:\/\/premiumline-cabling.com\/ru\/wp-json\/wp\/v2\/product\/14670","targetHints":{"allow":["GET"]}}],"collection":[{"href":"https:\/\/premiumline-cabling.com\/ru\/wp-json\/wp\/v2\/product"}],"about":[{"href":"https:\/\/premiumline-cabling.com\/ru\/wp-json\/wp\/v2\/types\/product"}],"wp:featuredmedia":[{"embeddable":true,"href":"https:\/\/premiumline-cabling.com\/ru\/wp-json\/wp\/v2\/media\/12806"}],"wp:attachment":[{"href":"https:\/\/premiumline-cabling.com\/ru\/wp-json\/wp\/v2\/media?parent=14670"}],"wp:term":[{"taxonomy":"product_category","embeddable":true,"href":"https:\/\/premiumline-cabling.com\/ru\/wp-json\/wp\/v2\/product_category?post=14670"}],"curies":[{"name":"wp","href":"https:\/\/api.w.org\/{rel}","templated":true}]}}