{"id":6479,"date":"2019-08-08T16:34:34","date_gmt":"2019-08-08T15:34:34","guid":{"rendered":"https:\/\/www.premiumline-cabling.com\/product\/cat-6a-shielded-angled-toolless-rj45-plug-2\/"},"modified":"2020-12-01T08:59:00","modified_gmt":"2020-12-01T07:59:00","slug":"cat-6a-shielded-angled-toolless-rj45-plug-2","status":"publish","type":"product","link":"https:\/\/premiumline-cabling.com\/it\/product\/cat-6a-shielded-angled-toolless-rj45-plug-2\/","title":{"rendered":"Cat 6A Plug angolati RJ45 \u201ctoolless\u201d schermati"},"content":{"rendered":"<h3 class=\"csc-firstHeader\"><noscript><img decoding=\"async\" class=\"alignright wp-image-2890 size-medium\" src=\"https:\/\/premiumline-cabling.com\/wp-content\/uploads\/2019\/08\/Cat_6A_Sh_Angled_Plug-300x152.jpg\" alt width=\"300\" height=\"152\" srcset=\"https:\/\/premiumline-cabling.com\/wp-content\/uploads\/2019\/08\/Cat_6A_Sh_Angled_Plug-300x152.jpg 300w, https:\/\/premiumline-cabling.com\/wp-content\/uploads\/2019\/08\/Cat_6A_Sh_Angled_Plug.jpg 700w\" sizes=\"(max-width: 300px) 100vw, 300px\"><\/noscript><img decoding=\"async\" class=\"alignright wp-image-2890 size-medium lazyload\" src=\"data:image\/svg+xml,%3Csvg%20xmlns%3D%22http%3A%2F%2Fwww.w3.org%2F2000%2Fsvg%22%20viewBox%3D%220%200%20300%20152%22%3E%3C%2Fsvg%3E\" alt width=\"300\" height=\"152\" srcset=\"data:image\/svg+xml,%3Csvg%20xmlns%3D%22http%3A%2F%2Fwww.w3.org%2F2000%2Fsvg%22%20viewBox%3D%220%200%20300%20152%22%3E%3C%2Fsvg%3E 300w\" sizes=\"(max-width: 300px) 100vw, 300px\" data-srcset=\"https:\/\/premiumline-cabling.com\/wp-content\/uploads\/2019\/08\/Cat_6A_Sh_Angled_Plug-300x152.jpg 300w, https:\/\/premiumline-cabling.com\/wp-content\/uploads\/2019\/08\/Cat_6A_Sh_Angled_Plug.jpg 700w\" data-src=\"https:\/\/premiumline-cabling.com\/wp-content\/uploads\/2019\/08\/Cat_6A_Sh_Angled_Plug-300x152.jpg\">Plug angolati \u201ctoolless\u201d Cat 6A schermati<\/h3>\n<p>Il Plug RJ45 \u0421at. 6A Angolato Toolless (terminabile senza impact tool) \u00e8 stato progettato per fornire una protezione completa dello schermo e completa affidabilit\u00e0: pu\u00f2 supportare fino a 10 Gigabit Ethernet, garantendo le massime prestazioni e una qualit\u00e0 del segnale superiore.<\/p>\n<p><strong>Caratteristiche rilevanti:<\/strong><\/p>\n<ul>\n<li>Pu\u00f2 essere montato direttamente su cavo solido<\/li>\n<li>Per gli Access Point non sono pi\u00f9 necessarie bretelle e prese di corrente<\/li>\n<li>Ottimo per l&#8217;installazione di telecamere di sicurezza e apparecchiature di allarme<\/li>\n<li>Pu\u00f2 essere utilizzato per uffici, industrie ed in ambienti difficili<\/li>\n<li>Temperatura operativa: da -10 fino a +60<\/li>\n<li>Il miglior rapporto prezzo\/prestazioni sul mercato<\/li>\n<\/ul>\n<h3 class=\"csc-firstHeader\"><strong style=\"font-size: 16px;\"><noscript><img decoding=\"async\" class=\"wp-image-2889 size-medium aligncenter\" src=\"https:\/\/premiumline-cabling.com\/wp-content\/uploads\/2019\/08\/Cat.6A-Sh_angled_plug-300x161.jpg\" alt width=\"300\" height=\"161\" srcset=\"https:\/\/premiumline-cabling.com\/wp-content\/uploads\/2019\/08\/Cat.6A-Sh_angled_plug-300x161.jpg 300w, https:\/\/premiumline-cabling.com\/wp-content\/uploads\/2019\/08\/Cat.6A-Sh_angled_plug.jpg 649w\" sizes=\"(max-width: 300px) 100vw, 300px\"><\/noscript><img decoding=\"async\" class=\"wp-image-2889 size-medium aligncenter lazyload\" src=\"data:image\/svg+xml,%3Csvg%20xmlns%3D%22http%3A%2F%2Fwww.w3.org%2F2000%2Fsvg%22%20viewBox%3D%220%200%20300%20161%22%3E%3C%2Fsvg%3E\" alt width=\"300\" height=\"161\" srcset=\"data:image\/svg+xml,%3Csvg%20xmlns%3D%22http%3A%2F%2Fwww.w3.org%2F2000%2Fsvg%22%20viewBox%3D%220%200%20300%20161%22%3E%3C%2Fsvg%3E 300w\" sizes=\"(max-width: 300px) 100vw, 300px\" data-srcset=\"https:\/\/premiumline-cabling.com\/wp-content\/uploads\/2019\/08\/Cat.6A-Sh_angled_plug-300x161.jpg 300w, https:\/\/premiumline-cabling.com\/wp-content\/uploads\/2019\/08\/Cat.6A-Sh_angled_plug.jpg 649w\" data-src=\"https:\/\/premiumline-cabling.com\/wp-content\/uploads\/2019\/08\/Cat.6A-Sh_angled_plug-300x161.jpg\"><\/strong><\/h3>\n<h4>Specifiche tecniche:<\/h4>\n<ul>\n<li>Rispetta le specifiche ANSI\/TIA-568.2-D:2018, ISO\/IEC 11801-1:2017 e EN50173-1<\/li>\n<li>Conforme ai requisiti di prestazione del test delle bretelle categoria 6A<\/li>\n<li>Il connettore alloggia cavi schermati solidi e a trefoli 22-26 AWG<\/li>\n<li>Supporta gli schemi di cablaggio T568 A&amp;B e<\/li>\n<li>Facilit\u00e0 di installazione<\/li>\n<li>Terminazione del cavo senza utilizzo di utensili<\/li>\n<li>Ideale per applicazioni industriali<\/li>\n<li>Leggi qui ulteriori dettagli tecnici.<\/li>\n<\/ul>\n<p>&nbsp;<\/p>\n<h4>Plug angolati RJ45 \u201ctoolless\u201d schermati<\/h4>\n<table width=\"100%\">\n<thead>\n<tr>\n<td><strong>PARTE NO.<\/strong><\/td>\n<td><strong>DESCRIZIONE<\/strong><\/td>\n<\/tr>\n<\/thead>\n<tbody>\n<tr>\n<td>159210011<\/td>\n<td>Categoria 6A Plug angolati RJ45 \u201ctoolless\u201d schermati<\/td>\n<\/tr>\n<\/tbody>\n<\/table>\n<h3><\/h3>\n<p><iframe title=\"Modular Plug Terminated Link (MPTL) Test Category 6A\" width=\"500\" height=\"281\" src=\"https:\/\/www.youtube.com\/embed\/f13mMbdje2A?feature=oembed\" frameborder=\"0\" allow=\"accelerometer; autoplay; clipboard-write; encrypted-media; gyroscope; picture-in-picture; web-share\" referrerpolicy=\"strict-origin-when-cross-origin\" allowfullscreen><\/iframe><\/p>\n","protected":false},"featured_media":10139,"template":"","product_category":[240],"class_list":["post-6479","product","type-product","status-publish","has-post-thumbnail","hentry","product_category-toolless-rj45-plug-cat-5e-6-6a-it"],"yoast_head":"<!-- This site is optimized with the Yoast SEO plugin v27.4 - https:\/\/yoast.com\/product\/yoast-seo-wordpress\/ -->\n<title>Cat 6A Plug angolati RJ45 \u201ctoolless\u201d schermati - Premium-Line<\/title>\n<meta name=\"robots\" content=\"index, follow, max-snippet:-1, max-image-preview:large, max-video-preview:-1\" \/>\n<link rel=\"canonical\" href=\"https:\/\/premiumline-cabling.com\/it\/product\/cat-6a-shielded-angled-toolless-rj45-plug-2\/\" \/>\n<meta property=\"og:locale\" content=\"it_IT\" \/>\n<meta property=\"og:type\" content=\"article\" \/>\n<meta property=\"og:title\" content=\"Cat 6A Plug angolati RJ45 \u201ctoolless\u201d schermati - Premium-Line\" \/>\n<meta property=\"og:description\" content=\"Plug angolati \u201ctoolless\u201d Cat 6A schermati Il Plug RJ45 \u0421at. 6A Angolato Toolless (terminabile senza impact tool) \u00e8 stato progettato per fornire una protezione completa dello schermo e completa affidabilit\u00e0:...\" \/>\n<meta property=\"og:url\" content=\"https:\/\/premiumline-cabling.com\/it\/product\/cat-6a-shielded-angled-toolless-rj45-plug-2\/\" \/>\n<meta property=\"og:site_name\" content=\"Premium-Line\" \/>\n<meta property=\"article:modified_time\" content=\"2020-12-01T07:59:00+00:00\" \/>\n<meta property=\"og:image\" content=\"https:\/\/premiumline-cabling.com\/wp-content\/uploads\/2019\/08\/Cat_6A_Sh_Angled_Plug.jpg\" \/>\n\t<meta property=\"og:image:width\" content=\"700\" \/>\n\t<meta property=\"og:image:height\" content=\"354\" \/>\n\t<meta property=\"og:image:type\" content=\"image\/jpeg\" \/>\n<meta name=\"twitter:card\" content=\"summary_large_image\" \/>\n<meta name=\"twitter:label1\" content=\"Tempo di lettura stimato\" \/>\n\t<meta name=\"twitter:data1\" content=\"1 minuto\" \/>\n<script type=\"application\/ld+json\" class=\"yoast-schema-graph\">{\"@context\":\"https:\\\/\\\/schema.org\",\"@graph\":[{\"@type\":\"WebPage\",\"@id\":\"https:\\\/\\\/premiumline-cabling.com\\\/it\\\/product\\\/cat-6a-shielded-angled-toolless-rj45-plug-2\\\/\",\"url\":\"https:\\\/\\\/premiumline-cabling.com\\\/it\\\/product\\\/cat-6a-shielded-angled-toolless-rj45-plug-2\\\/\",\"name\":\"Cat 6A Plug angolati RJ45 \u201ctoolless\u201d schermati - Premium-Line\",\"isPartOf\":{\"@id\":\"https:\\\/\\\/premiumline-cabling.com\\\/#website\"},\"primaryImageOfPage\":{\"@id\":\"https:\\\/\\\/premiumline-cabling.com\\\/it\\\/product\\\/cat-6a-shielded-angled-toolless-rj45-plug-2\\\/#primaryimage\"},\"image\":{\"@id\":\"https:\\\/\\\/premiumline-cabling.com\\\/it\\\/product\\\/cat-6a-shielded-angled-toolless-rj45-plug-2\\\/#primaryimage\"},\"thumbnailUrl\":\"https:\\\/\\\/premiumline-cabling.com\\\/wp-content\\\/uploads\\\/2019\\\/08\\\/Cat_6A_Sh_Angled_Plug.jpg\",\"datePublished\":\"2019-08-08T15:34:34+00:00\",\"dateModified\":\"2020-12-01T07:59:00+00:00\",\"breadcrumb\":{\"@id\":\"https:\\\/\\\/premiumline-cabling.com\\\/it\\\/product\\\/cat-6a-shielded-angled-toolless-rj45-plug-2\\\/#breadcrumb\"},\"inLanguage\":\"it-IT\",\"potentialAction\":[{\"@type\":\"ReadAction\",\"target\":[\"https:\\\/\\\/premiumline-cabling.com\\\/it\\\/product\\\/cat-6a-shielded-angled-toolless-rj45-plug-2\\\/\"]}]},{\"@type\":\"ImageObject\",\"inLanguage\":\"it-IT\",\"@id\":\"https:\\\/\\\/premiumline-cabling.com\\\/it\\\/product\\\/cat-6a-shielded-angled-toolless-rj45-plug-2\\\/#primaryimage\",\"url\":\"https:\\\/\\\/premiumline-cabling.com\\\/wp-content\\\/uploads\\\/2019\\\/08\\\/Cat_6A_Sh_Angled_Plug.jpg\",\"contentUrl\":\"https:\\\/\\\/premiumline-cabling.com\\\/wp-content\\\/uploads\\\/2019\\\/08\\\/Cat_6A_Sh_Angled_Plug.jpg\",\"width\":700,\"height\":354},{\"@type\":\"BreadcrumbList\",\"@id\":\"https:\\\/\\\/premiumline-cabling.com\\\/it\\\/product\\\/cat-6a-shielded-angled-toolless-rj45-plug-2\\\/#breadcrumb\",\"itemListElement\":[{\"@type\":\"ListItem\",\"position\":1,\"name\":\"\u0413\u043b\u0430\u0432\u043d\u0430\u044f \u0441\u0442\u0440\u0430\u043d\u0438\u0446\u0430\",\"item\":\"https:\\\/\\\/premiumline-cabling.com\\\/it\\\/\"},{\"@type\":\"ListItem\",\"position\":2,\"name\":\"Cat 6A Plug angolati RJ45 \u201ctoolless\u201d schermati\"}]},{\"@type\":\"WebSite\",\"@id\":\"https:\\\/\\\/premiumline-cabling.com\\\/#website\",\"url\":\"https:\\\/\\\/premiumline-cabling.com\\\/\",\"name\":\"Premium-Line\",\"description\":\"Structured Cabling System\",\"publisher\":{\"@id\":\"https:\\\/\\\/premiumline-cabling.com\\\/#organization\"},\"potentialAction\":[{\"@type\":\"SearchAction\",\"target\":{\"@type\":\"EntryPoint\",\"urlTemplate\":\"https:\\\/\\\/premiumline-cabling.com\\\/?s={search_term_string}\"},\"query-input\":{\"@type\":\"PropertyValueSpecification\",\"valueRequired\":true,\"valueName\":\"search_term_string\"}}],\"inLanguage\":\"it-IT\"},{\"@type\":\"Organization\",\"@id\":\"https:\\\/\\\/premiumline-cabling.com\\\/#organization\",\"name\":\"Premium-Line\",\"url\":\"https:\\\/\\\/premiumline-cabling.com\\\/\",\"logo\":{\"@type\":\"ImageObject\",\"inLanguage\":\"it-IT\",\"@id\":\"https:\\\/\\\/premiumline-cabling.com\\\/#\\\/schema\\\/logo\\\/image\\\/\",\"url\":\"https:\\\/\\\/premiumline-cabling.com\\\/wp-content\\\/uploads\\\/2019\\\/04\\\/cropped-img_logo_site_Premium-Line.png\",\"contentUrl\":\"https:\\\/\\\/premiumline-cabling.com\\\/wp-content\\\/uploads\\\/2019\\\/04\\\/cropped-img_logo_site_Premium-Line.png\",\"width\":190,\"height\":62,\"caption\":\"Premium-Line\"},\"image\":{\"@id\":\"https:\\\/\\\/premiumline-cabling.com\\\/#\\\/schema\\\/logo\\\/image\\\/\"}}]}<\/script>\n<!-- \/ Yoast SEO plugin. -->","yoast_head_json":{"title":"Cat 6A Plug angolati RJ45 \u201ctoolless\u201d schermati - Premium-Line","robots":{"index":"index","follow":"follow","max-snippet":"max-snippet:-1","max-image-preview":"max-image-preview:large","max-video-preview":"max-video-preview:-1"},"canonical":"https:\/\/premiumline-cabling.com\/it\/product\/cat-6a-shielded-angled-toolless-rj45-plug-2\/","og_locale":"it_IT","og_type":"article","og_title":"Cat 6A Plug angolati RJ45 \u201ctoolless\u201d schermati - Premium-Line","og_description":"Plug angolati \u201ctoolless\u201d Cat 6A schermati Il Plug RJ45 \u0421at. 6A Angolato Toolless (terminabile senza impact tool) \u00e8 stato progettato per fornire una protezione completa dello schermo e completa affidabilit\u00e0:...","og_url":"https:\/\/premiumline-cabling.com\/it\/product\/cat-6a-shielded-angled-toolless-rj45-plug-2\/","og_site_name":"Premium-Line","article_modified_time":"2020-12-01T07:59:00+00:00","og_image":[{"width":700,"height":354,"url":"https:\/\/premiumline-cabling.com\/wp-content\/uploads\/2019\/08\/Cat_6A_Sh_Angled_Plug.jpg","type":"image\/jpeg"}],"twitter_card":"summary_large_image","twitter_misc":{"Tempo di lettura stimato":"1 minuto"},"schema":{"@context":"https:\/\/schema.org","@graph":[{"@type":"WebPage","@id":"https:\/\/premiumline-cabling.com\/it\/product\/cat-6a-shielded-angled-toolless-rj45-plug-2\/","url":"https:\/\/premiumline-cabling.com\/it\/product\/cat-6a-shielded-angled-toolless-rj45-plug-2\/","name":"Cat 6A Plug angolati RJ45 \u201ctoolless\u201d schermati - Premium-Line","isPartOf":{"@id":"https:\/\/premiumline-cabling.com\/#website"},"primaryImageOfPage":{"@id":"https:\/\/premiumline-cabling.com\/it\/product\/cat-6a-shielded-angled-toolless-rj45-plug-2\/#primaryimage"},"image":{"@id":"https:\/\/premiumline-cabling.com\/it\/product\/cat-6a-shielded-angled-toolless-rj45-plug-2\/#primaryimage"},"thumbnailUrl":"https:\/\/premiumline-cabling.com\/wp-content\/uploads\/2019\/08\/Cat_6A_Sh_Angled_Plug.jpg","datePublished":"2019-08-08T15:34:34+00:00","dateModified":"2020-12-01T07:59:00+00:00","breadcrumb":{"@id":"https:\/\/premiumline-cabling.com\/it\/product\/cat-6a-shielded-angled-toolless-rj45-plug-2\/#breadcrumb"},"inLanguage":"it-IT","potentialAction":[{"@type":"ReadAction","target":["https:\/\/premiumline-cabling.com\/it\/product\/cat-6a-shielded-angled-toolless-rj45-plug-2\/"]}]},{"@type":"ImageObject","inLanguage":"it-IT","@id":"https:\/\/premiumline-cabling.com\/it\/product\/cat-6a-shielded-angled-toolless-rj45-plug-2\/#primaryimage","url":"https:\/\/premiumline-cabling.com\/wp-content\/uploads\/2019\/08\/Cat_6A_Sh_Angled_Plug.jpg","contentUrl":"https:\/\/premiumline-cabling.com\/wp-content\/uploads\/2019\/08\/Cat_6A_Sh_Angled_Plug.jpg","width":700,"height":354},{"@type":"BreadcrumbList","@id":"https:\/\/premiumline-cabling.com\/it\/product\/cat-6a-shielded-angled-toolless-rj45-plug-2\/#breadcrumb","itemListElement":[{"@type":"ListItem","position":1,"name":"\u0413\u043b\u0430\u0432\u043d\u0430\u044f \u0441\u0442\u0440\u0430\u043d\u0438\u0446\u0430","item":"https:\/\/premiumline-cabling.com\/it\/"},{"@type":"ListItem","position":2,"name":"Cat 6A Plug angolati RJ45 \u201ctoolless\u201d schermati"}]},{"@type":"WebSite","@id":"https:\/\/premiumline-cabling.com\/#website","url":"https:\/\/premiumline-cabling.com\/","name":"Premium-Line","description":"Structured Cabling System","publisher":{"@id":"https:\/\/premiumline-cabling.com\/#organization"},"potentialAction":[{"@type":"SearchAction","target":{"@type":"EntryPoint","urlTemplate":"https:\/\/premiumline-cabling.com\/?s={search_term_string}"},"query-input":{"@type":"PropertyValueSpecification","valueRequired":true,"valueName":"search_term_string"}}],"inLanguage":"it-IT"},{"@type":"Organization","@id":"https:\/\/premiumline-cabling.com\/#organization","name":"Premium-Line","url":"https:\/\/premiumline-cabling.com\/","logo":{"@type":"ImageObject","inLanguage":"it-IT","@id":"https:\/\/premiumline-cabling.com\/#\/schema\/logo\/image\/","url":"https:\/\/premiumline-cabling.com\/wp-content\/uploads\/2019\/04\/cropped-img_logo_site_Premium-Line.png","contentUrl":"https:\/\/premiumline-cabling.com\/wp-content\/uploads\/2019\/04\/cropped-img_logo_site_Premium-Line.png","width":190,"height":62,"caption":"Premium-Line"},"image":{"@id":"https:\/\/premiumline-cabling.com\/#\/schema\/logo\/image\/"}}]}},"_links":{"self":[{"href":"https:\/\/premiumline-cabling.com\/it\/wp-json\/wp\/v2\/product\/6479","targetHints":{"allow":["GET"]}}],"collection":[{"href":"https:\/\/premiumline-cabling.com\/it\/wp-json\/wp\/v2\/product"}],"about":[{"href":"https:\/\/premiumline-cabling.com\/it\/wp-json\/wp\/v2\/types\/product"}],"wp:featuredmedia":[{"embeddable":true,"href":"https:\/\/premiumline-cabling.com\/it\/wp-json\/wp\/v2\/media\/10139"}],"wp:attachment":[{"href":"https:\/\/premiumline-cabling.com\/it\/wp-json\/wp\/v2\/media?parent=6479"}],"wp:term":[{"taxonomy":"product_category","embeddable":true,"href":"https:\/\/premiumline-cabling.com\/it\/wp-json\/wp\/v2\/product_category?post=6479"}],"curies":[{"name":"wp","href":"https:\/\/api.w.org\/{rel}","templated":true}]}}