{"id":25022,"date":"2026-01-13T11:19:14","date_gmt":"2026-01-13T10:19:14","guid":{"rendered":"https:\/\/premiumline-cabling.com\/?post_type=product&#038;p=25022"},"modified":"2026-01-15T15:46:52","modified_gmt":"2026-01-15T14:46:52","slug":"bendable-patch-cord-cat-6a-u-ftp","status":"publish","type":"product","link":"https:\/\/premiumline-cabling.com\/fr\/product\/bendable-patch-cord-cat-6a-u-ftp\/","title":{"rendered":"Cordon de brassage flexible Cat. 6A U\/FTP"},"content":{"rendered":"<h3>CARACT\u00c9RISTIQUES:<\/h3>\n<h3><noscript><img decoding=\"async\" class=\"size-medium wp-image-24986 alignright\" src=\"https:\/\/premiumline-cabling.com\/wp-content\/uploads\/2026\/01\/Bended_patch_cord_1-227x300.jpg\" alt width=\"227\" height=\"300\" srcset=\"https:\/\/premiumline-cabling.com\/wp-content\/uploads\/2026\/01\/Bended_patch_cord_1-227x300.jpg 227w, https:\/\/premiumline-cabling.com\/wp-content\/uploads\/2026\/01\/Bended_patch_cord_1.jpg 471w\" sizes=\"(max-width: 227px) 100vw, 227px\"><\/noscript><img decoding=\"async\" class=\"size-medium wp-image-24986 alignright lazyload\" src=\"data:image\/svg+xml,%3Csvg%20xmlns%3D%22http%3A%2F%2Fwww.w3.org%2F2000%2Fsvg%22%20viewBox%3D%220%200%20227%20300%22%3E%3C%2Fsvg%3E\" alt width=\"227\" height=\"300\" srcset=\"data:image\/svg+xml,%3Csvg%20xmlns%3D%22http%3A%2F%2Fwww.w3.org%2F2000%2Fsvg%22%20viewBox%3D%220%200%20227%20300%22%3E%3C%2Fsvg%3E 227w\" sizes=\"(max-width: 227px) 100vw, 227px\" data-srcset=\"https:\/\/premiumline-cabling.com\/wp-content\/uploads\/2026\/01\/Bended_patch_cord_1-227x300.jpg 227w, https:\/\/premiumline-cabling.com\/wp-content\/uploads\/2026\/01\/Bended_patch_cord_1.jpg 471w\" data-src=\"https:\/\/premiumline-cabling.com\/wp-content\/uploads\/2026\/01\/Bended_patch_cord_1-227x300.jpg\"><\/h3>\n<p>Le cordon de brassage flexible U\/FTP de cat\u00e9gorie 6A est \u00e9quip\u00e9 de:<\/p>\n<ul>\n<li>Contacts RJ45<\/li>\n<li>Contacts plaqu\u00e9s or 50 \u00b5m<\/li>\n<li>Gaine moul\u00e9e anti-accrochage<\/li>\n<\/ul>\n<p>Conforme aux normes Cat. 6A:<\/p>\n<ul>\n<li>ANSI\/TIA 568-2.D:2018<\/li>\n<li>ISO\/IEC 11801-1 Classe E<sub>A<\/sub>:2017<\/li>\n<li>CENELEC EN 50173-1:2018<\/li>\n<li>CENELEC EN 50288-10-2:2015<\/li>\n<li>CEI 61935-2:2010 (\u00e9dition 3.0)<\/li>\n<li>CEI 61156-6:2012<\/li>\n<\/ul>\n<p>Conforme aux normes de s\u00e9curit\u00e9 suivantes:<\/p>\n<ul>\n<li>CEI 60332-1-2:2004<\/li>\n<li>Conforme RoHS (directive europ\u00e9enne 2011\/65\/UE)<\/li>\n<\/ul>\n<h3>CARACT\u00c9RISTIQUES:<\/h3>\n<table width=\"630\">\n<tbody>\n<tr>\n<td width=\"100\">Conducteur<\/td>\n<td width=\"120\">Mat\u00e9riau \/ Taille<\/td>\n<td colspan=\"2\" width=\"409\">Cuivre nu \/ 34 AWG<\/td>\n<\/tr>\n<tr>\n<td rowspan=\"2\" width=\"100\">Isolation<\/td>\n<td width=\"120\">Mat\u00e9riau<\/td>\n<td colspan=\"2\" width=\"409\">PE<\/td>\n<\/tr>\n<tr>\n<td width=\"120\">Diam\u00e8tre<\/td>\n<td colspan=\"2\" width=\"409\">0,50 \u00b1 0,05 mm<\/td>\n<\/tr>\n<tr>\n<td width=\"100\">Blindage interne<\/td>\n<td width=\"120\">Aluminium-Mylar<\/td>\n<td colspan=\"2\" width=\"409\">Un \u00e9cran en feuille d&#8217;aluminium entoure chaque conducteur. paire<\/td>\n<\/tr>\n<tr>\n<td width=\"100\">Fil de drainage<\/td>\n<td width=\"120\">Mat\u00e9riau<\/td>\n<td colspan=\"2\" width=\"409\">Cuivre \u00e9tam\u00e9 multibrins<\/td>\n<\/tr>\n<tr>\n<td rowspan=\"2\" width=\"100\">Gaine<\/td>\n<td width=\"120\">Mat\u00e9riau<\/td>\n<td width=\"203\">PVC<\/td>\n<td width=\"206\">LSOH<\/td>\n<\/tr>\n<tr>\n<td width=\"120\">Diam\u00e8tre<\/td>\n<td width=\"203\">3,5 \u00b1 0,2 mm<\/td>\n<td width=\"206\">3,5 \u00b1 0,2 mm<\/td>\n<\/tr>\n<tr>\n<td colspan=\"2\" width=\"221\">Fonctionnement Temp\u00e9rature<\/td>\n<td colspan=\"2\" width=\"409\">-20\u00b0C \u00e0 +60\u00b0C<\/td>\n<\/tr>\n<tr>\n<td colspan=\"2\" width=\"221\">Temp\u00e9rature d&#8217;installation<\/td>\n<td colspan=\"2\" width=\"409\">0\u00b0C \u00e0 +50\u00b0C<\/td>\n<\/tr>\n<tr>\n<td colspan=\"2\" width=\"221\">Temp\u00e9rature de stockage<\/td>\n<td colspan=\"2\" width=\"409\">-30\u00b0C \u00e0 +60\u00b0C<\/td>\n<\/tr>\n<\/tbody>\n<\/table>\n<p><noscript><img decoding=\"async\" class=\"alignright wp-image-24993 size-medium\" src=\"https:\/\/premiumline-cabling.com\/wp-content\/uploads\/2026\/01\/Bended_patch_cord_2-e1768326410954-300x239.jpg\" alt width=\"300\" height=\"239\"><\/noscript><img decoding=\"async\" class=\"alignright wp-image-24993 size-medium lazyload\" src=\"data:image\/svg+xml,%3Csvg%20xmlns%3D%22http%3A%2F%2Fwww.w3.org%2F2000%2Fsvg%22%20viewBox%3D%220%200%20300%20239%22%3E%3C%2Fsvg%3E\" alt width=\"300\" height=\"239\" data-src=\"https:\/\/premiumline-cabling.com\/wp-content\/uploads\/2026\/01\/Bended_patch_cord_2-e1768326410954-300x239.jpg\"><\/p>\n<h3>APPLICATION:<\/h3>\n<ul>\n<li>Ethernet 10GBASE-T<\/li>\n<li>Ethernet Gigabit 1000BASE-TX<\/li>\n<li>Ethernet Gigabit 1000BASE-T<\/li>\n<li>Fast Ethernet 100BASE-TX<\/li>\n<li>Ethernet 10BASE-T<\/li>\n<li>Voix, vid\u00e9o et autres applications<noscript><img decoding=\"async\" class=\"aligncenter wp-image-25007 size-large\" src=\"https:\/\/premiumline-cabling.com\/wp-content\/uploads\/2026\/01\/Bended_patch_cord_drawing2-1024x354.jpg\" alt width=\"1024\" height=\"354\" srcset=\"https:\/\/premiumline-cabling.com\/wp-content\/uploads\/2026\/01\/Bended_patch_cord_drawing2-1024x354.jpg 1024w, https:\/\/premiumline-cabling.com\/wp-content\/uploads\/2026\/01\/Bended_patch_cord_drawing2-300x104.jpg 300w, https:\/\/premiumline-cabling.com\/wp-content\/uploads\/2026\/01\/Bended_patch_cord_drawing2-768x266.jpg 768w, https:\/\/premiumline-cabling.com\/wp-content\/uploads\/2026\/01\/Bended_patch_cord_drawing2.jpg 1277w\" sizes=\"(max-width: 1024px) 100vw, 1024px\"><\/noscript><img decoding=\"async\" class=\"aligncenter wp-image-25007 size-large lazyload\" src=\"data:image\/svg+xml,%3Csvg%20xmlns%3D%22http%3A%2F%2Fwww.w3.org%2F2000%2Fsvg%22%20viewBox%3D%220%200%201024%20354%22%3E%3C%2Fsvg%3E\" alt width=\"1024\" height=\"354\" srcset=\"data:image\/svg+xml,%3Csvg%20xmlns%3D%22http%3A%2F%2Fwww.w3.org%2F2000%2Fsvg%22%20viewBox%3D%220%200%201024%20354%22%3E%3C%2Fsvg%3E 1024w\" sizes=\"(max-width: 1024px) 100vw, 1024px\" data-srcset=\"https:\/\/premiumline-cabling.com\/wp-content\/uploads\/2026\/01\/Bended_patch_cord_drawing2-1024x354.jpg 1024w, https:\/\/premiumline-cabling.com\/wp-content\/uploads\/2026\/01\/Bended_patch_cord_drawing2-300x104.jpg 300w, https:\/\/premiumline-cabling.com\/wp-content\/uploads\/2026\/01\/Bended_patch_cord_drawing2-768x266.jpg 768w, https:\/\/premiumline-cabling.com\/wp-content\/uploads\/2026\/01\/Bended_patch_cord_drawing2.jpg 1277w\" data-src=\"https:\/\/premiumline-cabling.com\/wp-content\/uploads\/2026\/01\/Bended_patch_cord_drawing2-1024x354.jpg\"><\/li>\n<\/ul>\n<h3>INFORMATIONS DE COMMANDE:<\/h3>\n<table>\n<tbody>\n<tr>\n<td width=\"157\">R\u00e9f\u00e9rence<\/td>\n<td width=\"503\">1827xyyyz9<\/td>\n<\/tr>\n<tr>\n<td width=\"157\">Description<\/td>\n<td width=\"503\">Cordon de brassage flexible Cat.6A U\/FTP<\/td>\n<\/tr>\n<tr>\n<td width=\"157\">x : gaine<\/td>\n<td width=\"503\">1 : PVC 2 : LSOH<\/td>\n<\/tr>\n<tr>\n<td width=\"157\">yyy : longueur<\/td>\n<td width=\"503\">003 : 0,3 m, 005 : 0,5 m, 010 : 1,0 m, 020 : 2,0 m<\/td>\n<\/tr>\n<tr>\n<td width=\"157\">z : couleur<\/td>\n<td width=\"503\">1 : blanc, 2 : noir, 3 : rouge, 4 : bleu, 5 : gris, 6 : vert, 8 : jaune<\/td>\n<\/tr>\n<tr>\n<td width=\"157\">Conditionnement<\/td>\n<td width=\"503\">1 pi\u00e8ce \/ sachet PE<\/td>\n<\/tr>\n<\/tbody>\n<\/table>\n<p>Dans cette vid\u00e9o, vous d\u00e9couvrirez certaines des nuances et des caract\u00e9ristiques distinctives de cette solution.<\/p>\n<p><iframe title=\"Premium-Line Bendable Patch Cords \u2014 New Product Announcement\" width=\"500\" height=\"281\" src=\"https:\/\/www.youtube.com\/embed\/ekq08m7MVlw?feature=oembed\" frameborder=\"0\" allow=\"accelerometer; autoplay; clipboard-write; encrypted-media; gyroscope; picture-in-picture; web-share\" referrerpolicy=\"strict-origin-when-cross-origin\" allowfullscreen><\/iframe><\/p>\n<p>&nbsp;<\/p>\n<p>&nbsp;<\/p>\n","protected":false},"featured_media":24995,"template":"","product_category":[415,403],"class_list":["post-25022","product","type-product","status-publish","has-post-thumbnail","hentry","product_category-cordon-de-brassage-cat-6a","product_category-nouveau-cordon-de-raccordement-slim-line"],"yoast_head":"<!-- This site is optimized with the Yoast SEO plugin v27.4 - https:\/\/yoast.com\/product\/yoast-seo-wordpress\/ -->\n<title>Cordon de brassage flexible Cat. 6A U\/FTP Cat.6A - Premium-Line<\/title>\n<meta name=\"description\" content=\"Contribue \u00e0 am\u00e9liorer la circulation de l&#039;air autour des \u00e9quipements actifs, facilite la gestion des c\u00e2bles dans les zones \u00e0 forte densit\u00e9, et convient au raccordement d&#039;armoires haute densit\u00e9.\" \/>\n<meta name=\"robots\" content=\"index, follow, max-snippet:-1, max-image-preview:large, max-video-preview:-1\" \/>\n<link rel=\"canonical\" href=\"https:\/\/premiumline-cabling.com\/fr\/product\/bendable-patch-cord-cat-6a-u-ftp\/\" \/>\n<meta property=\"og:locale\" content=\"fr_FR\" \/>\n<meta property=\"og:type\" content=\"article\" \/>\n<meta property=\"og:title\" content=\"Cordon de brassage flexible Cat. 6A U\/FTP Cat.6A - Premium-Line\" \/>\n<meta property=\"og:description\" content=\"Contribue \u00e0 am\u00e9liorer la circulation de l&#039;air autour des \u00e9quipements actifs, facilite la gestion des c\u00e2bles dans les zones \u00e0 forte densit\u00e9, et convient au raccordement d&#039;armoires haute densit\u00e9.\" \/>\n<meta property=\"og:url\" content=\"https:\/\/premiumline-cabling.com\/fr\/product\/bendable-patch-cord-cat-6a-u-ftp\/\" \/>\n<meta property=\"og:site_name\" content=\"Premium-Line\" \/>\n<meta property=\"article:modified_time\" content=\"2026-01-15T14:46:52+00:00\" \/>\n<meta property=\"og:image\" content=\"https:\/\/premiumline-cabling.com\/wp-content\/uploads\/2026\/01\/New-Product-Release_Bendable-Patch-Cords_FB.jpg\" \/>\n\t<meta property=\"og:image:width\" content=\"1200\" \/>\n\t<meta property=\"og:image:height\" content=\"627\" \/>\n\t<meta property=\"og:image:type\" content=\"image\/jpeg\" \/>\n<meta name=\"twitter:card\" content=\"summary_large_image\" \/>\n<meta name=\"twitter:label1\" content=\"Dur\u00e9e de lecture estim\u00e9e\" \/>\n\t<meta name=\"twitter:data1\" content=\"2 minutes\" \/>\n<script type=\"application\/ld+json\" class=\"yoast-schema-graph\">{\"@context\":\"https:\\\/\\\/schema.org\",\"@graph\":[{\"@type\":\"WebPage\",\"@id\":\"https:\\\/\\\/premiumline-cabling.com\\\/fr\\\/product\\\/bendable-patch-cord-cat-6a-u-ftp\\\/\",\"url\":\"https:\\\/\\\/premiumline-cabling.com\\\/fr\\\/product\\\/bendable-patch-cord-cat-6a-u-ftp\\\/\",\"name\":\"Cordon de brassage flexible Cat. 6A U\\\/FTP Cat.6A - Premium-Line\",\"isPartOf\":{\"@id\":\"https:\\\/\\\/premiumline-cabling.com\\\/#website\"},\"primaryImageOfPage\":{\"@id\":\"https:\\\/\\\/premiumline-cabling.com\\\/fr\\\/product\\\/bendable-patch-cord-cat-6a-u-ftp\\\/#primaryimage\"},\"image\":{\"@id\":\"https:\\\/\\\/premiumline-cabling.com\\\/fr\\\/product\\\/bendable-patch-cord-cat-6a-u-ftp\\\/#primaryimage\"},\"thumbnailUrl\":\"https:\\\/\\\/premiumline-cabling.com\\\/wp-content\\\/uploads\\\/2026\\\/01\\\/Bended_patch_cord_2-e1768378935360.jpg\",\"datePublished\":\"2026-01-13T10:19:14+00:00\",\"dateModified\":\"2026-01-15T14:46:52+00:00\",\"description\":\"Contribue \u00e0 am\u00e9liorer la circulation de l'air autour des \u00e9quipements actifs, facilite la gestion des c\u00e2bles dans les zones \u00e0 forte densit\u00e9, et convient au raccordement d'armoires haute densit\u00e9.\",\"breadcrumb\":{\"@id\":\"https:\\\/\\\/premiumline-cabling.com\\\/fr\\\/product\\\/bendable-patch-cord-cat-6a-u-ftp\\\/#breadcrumb\"},\"inLanguage\":\"fr-FR\",\"potentialAction\":[{\"@type\":\"ReadAction\",\"target\":[\"https:\\\/\\\/premiumline-cabling.com\\\/fr\\\/product\\\/bendable-patch-cord-cat-6a-u-ftp\\\/\"]}]},{\"@type\":\"ImageObject\",\"inLanguage\":\"fr-FR\",\"@id\":\"https:\\\/\\\/premiumline-cabling.com\\\/fr\\\/product\\\/bendable-patch-cord-cat-6a-u-ftp\\\/#primaryimage\",\"url\":\"https:\\\/\\\/premiumline-cabling.com\\\/wp-content\\\/uploads\\\/2026\\\/01\\\/Bended_patch_cord_2-e1768378935360.jpg\",\"contentUrl\":\"https:\\\/\\\/premiumline-cabling.com\\\/wp-content\\\/uploads\\\/2026\\\/01\\\/Bended_patch_cord_2-e1768378935360.jpg\",\"width\":1576,\"height\":1600},{\"@type\":\"BreadcrumbList\",\"@id\":\"https:\\\/\\\/premiumline-cabling.com\\\/fr\\\/product\\\/bendable-patch-cord-cat-6a-u-ftp\\\/#breadcrumb\",\"itemListElement\":[{\"@type\":\"ListItem\",\"position\":1,\"name\":\"\u0413\u043b\u0430\u0432\u043d\u0430\u044f \u0441\u0442\u0440\u0430\u043d\u0438\u0446\u0430\",\"item\":\"https:\\\/\\\/premiumline-cabling.com\\\/fr\\\/\"},{\"@type\":\"ListItem\",\"position\":2,\"name\":\"Cordon de brassage flexible Cat. 6A U\\\/FTP\"}]},{\"@type\":\"WebSite\",\"@id\":\"https:\\\/\\\/premiumline-cabling.com\\\/#website\",\"url\":\"https:\\\/\\\/premiumline-cabling.com\\\/\",\"name\":\"Premium-Line\",\"description\":\"Structured Cabling System\",\"publisher\":{\"@id\":\"https:\\\/\\\/premiumline-cabling.com\\\/#organization\"},\"potentialAction\":[{\"@type\":\"SearchAction\",\"target\":{\"@type\":\"EntryPoint\",\"urlTemplate\":\"https:\\\/\\\/premiumline-cabling.com\\\/?s={search_term_string}\"},\"query-input\":{\"@type\":\"PropertyValueSpecification\",\"valueRequired\":true,\"valueName\":\"search_term_string\"}}],\"inLanguage\":\"fr-FR\"},{\"@type\":\"Organization\",\"@id\":\"https:\\\/\\\/premiumline-cabling.com\\\/#organization\",\"name\":\"Premium-Line\",\"url\":\"https:\\\/\\\/premiumline-cabling.com\\\/\",\"logo\":{\"@type\":\"ImageObject\",\"inLanguage\":\"fr-FR\",\"@id\":\"https:\\\/\\\/premiumline-cabling.com\\\/#\\\/schema\\\/logo\\\/image\\\/\",\"url\":\"https:\\\/\\\/premiumline-cabling.com\\\/wp-content\\\/uploads\\\/2019\\\/04\\\/cropped-img_logo_site_Premium-Line.png\",\"contentUrl\":\"https:\\\/\\\/premiumline-cabling.com\\\/wp-content\\\/uploads\\\/2019\\\/04\\\/cropped-img_logo_site_Premium-Line.png\",\"width\":190,\"height\":62,\"caption\":\"Premium-Line\"},\"image\":{\"@id\":\"https:\\\/\\\/premiumline-cabling.com\\\/#\\\/schema\\\/logo\\\/image\\\/\"}}]}<\/script>\n<!-- \/ Yoast SEO plugin. -->","yoast_head_json":{"title":"Cordon de brassage flexible Cat. 6A U\/FTP Cat.6A - Premium-Line","description":"Contribue \u00e0 am\u00e9liorer la circulation de l'air autour des \u00e9quipements actifs, facilite la gestion des c\u00e2bles dans les zones \u00e0 forte densit\u00e9, et convient au raccordement d'armoires haute densit\u00e9.","robots":{"index":"index","follow":"follow","max-snippet":"max-snippet:-1","max-image-preview":"max-image-preview:large","max-video-preview":"max-video-preview:-1"},"canonical":"https:\/\/premiumline-cabling.com\/fr\/product\/bendable-patch-cord-cat-6a-u-ftp\/","og_locale":"fr_FR","og_type":"article","og_title":"Cordon de brassage flexible Cat. 6A U\/FTP Cat.6A - Premium-Line","og_description":"Contribue \u00e0 am\u00e9liorer la circulation de l'air autour des \u00e9quipements actifs, facilite la gestion des c\u00e2bles dans les zones \u00e0 forte densit\u00e9, et convient au raccordement d'armoires haute densit\u00e9.","og_url":"https:\/\/premiumline-cabling.com\/fr\/product\/bendable-patch-cord-cat-6a-u-ftp\/","og_site_name":"Premium-Line","article_modified_time":"2026-01-15T14:46:52+00:00","og_image":[{"width":1200,"height":627,"url":"https:\/\/premiumline-cabling.com\/wp-content\/uploads\/2026\/01\/New-Product-Release_Bendable-Patch-Cords_FB.jpg","type":"image\/jpeg"}],"twitter_card":"summary_large_image","twitter_misc":{"Dur\u00e9e de lecture estim\u00e9e":"2 minutes"},"schema":{"@context":"https:\/\/schema.org","@graph":[{"@type":"WebPage","@id":"https:\/\/premiumline-cabling.com\/fr\/product\/bendable-patch-cord-cat-6a-u-ftp\/","url":"https:\/\/premiumline-cabling.com\/fr\/product\/bendable-patch-cord-cat-6a-u-ftp\/","name":"Cordon de brassage flexible Cat. 6A U\/FTP Cat.6A - Premium-Line","isPartOf":{"@id":"https:\/\/premiumline-cabling.com\/#website"},"primaryImageOfPage":{"@id":"https:\/\/premiumline-cabling.com\/fr\/product\/bendable-patch-cord-cat-6a-u-ftp\/#primaryimage"},"image":{"@id":"https:\/\/premiumline-cabling.com\/fr\/product\/bendable-patch-cord-cat-6a-u-ftp\/#primaryimage"},"thumbnailUrl":"https:\/\/premiumline-cabling.com\/wp-content\/uploads\/2026\/01\/Bended_patch_cord_2-e1768378935360.jpg","datePublished":"2026-01-13T10:19:14+00:00","dateModified":"2026-01-15T14:46:52+00:00","description":"Contribue \u00e0 am\u00e9liorer la circulation de l'air autour des \u00e9quipements actifs, facilite la gestion des c\u00e2bles dans les zones \u00e0 forte densit\u00e9, et convient au raccordement d'armoires haute densit\u00e9.","breadcrumb":{"@id":"https:\/\/premiumline-cabling.com\/fr\/product\/bendable-patch-cord-cat-6a-u-ftp\/#breadcrumb"},"inLanguage":"fr-FR","potentialAction":[{"@type":"ReadAction","target":["https:\/\/premiumline-cabling.com\/fr\/product\/bendable-patch-cord-cat-6a-u-ftp\/"]}]},{"@type":"ImageObject","inLanguage":"fr-FR","@id":"https:\/\/premiumline-cabling.com\/fr\/product\/bendable-patch-cord-cat-6a-u-ftp\/#primaryimage","url":"https:\/\/premiumline-cabling.com\/wp-content\/uploads\/2026\/01\/Bended_patch_cord_2-e1768378935360.jpg","contentUrl":"https:\/\/premiumline-cabling.com\/wp-content\/uploads\/2026\/01\/Bended_patch_cord_2-e1768378935360.jpg","width":1576,"height":1600},{"@type":"BreadcrumbList","@id":"https:\/\/premiumline-cabling.com\/fr\/product\/bendable-patch-cord-cat-6a-u-ftp\/#breadcrumb","itemListElement":[{"@type":"ListItem","position":1,"name":"\u0413\u043b\u0430\u0432\u043d\u0430\u044f \u0441\u0442\u0440\u0430\u043d\u0438\u0446\u0430","item":"https:\/\/premiumline-cabling.com\/fr\/"},{"@type":"ListItem","position":2,"name":"Cordon de brassage flexible Cat. 6A U\/FTP"}]},{"@type":"WebSite","@id":"https:\/\/premiumline-cabling.com\/#website","url":"https:\/\/premiumline-cabling.com\/","name":"Premium-Line","description":"Structured Cabling System","publisher":{"@id":"https:\/\/premiumline-cabling.com\/#organization"},"potentialAction":[{"@type":"SearchAction","target":{"@type":"EntryPoint","urlTemplate":"https:\/\/premiumline-cabling.com\/?s={search_term_string}"},"query-input":{"@type":"PropertyValueSpecification","valueRequired":true,"valueName":"search_term_string"}}],"inLanguage":"fr-FR"},{"@type":"Organization","@id":"https:\/\/premiumline-cabling.com\/#organization","name":"Premium-Line","url":"https:\/\/premiumline-cabling.com\/","logo":{"@type":"ImageObject","inLanguage":"fr-FR","@id":"https:\/\/premiumline-cabling.com\/#\/schema\/logo\/image\/","url":"https:\/\/premiumline-cabling.com\/wp-content\/uploads\/2019\/04\/cropped-img_logo_site_Premium-Line.png","contentUrl":"https:\/\/premiumline-cabling.com\/wp-content\/uploads\/2019\/04\/cropped-img_logo_site_Premium-Line.png","width":190,"height":62,"caption":"Premium-Line"},"image":{"@id":"https:\/\/premiumline-cabling.com\/#\/schema\/logo\/image\/"}}]}},"_links":{"self":[{"href":"https:\/\/premiumline-cabling.com\/fr\/wp-json\/wp\/v2\/product\/25022","targetHints":{"allow":["GET"]}}],"collection":[{"href":"https:\/\/premiumline-cabling.com\/fr\/wp-json\/wp\/v2\/product"}],"about":[{"href":"https:\/\/premiumline-cabling.com\/fr\/wp-json\/wp\/v2\/types\/product"}],"wp:featuredmedia":[{"embeddable":true,"href":"https:\/\/premiumline-cabling.com\/fr\/wp-json\/wp\/v2\/media\/24995"}],"wp:attachment":[{"href":"https:\/\/premiumline-cabling.com\/fr\/wp-json\/wp\/v2\/media?parent=25022"}],"wp:term":[{"taxonomy":"product_category","embeddable":true,"href":"https:\/\/premiumline-cabling.com\/fr\/wp-json\/wp\/v2\/product_category?post=25022"}],"curies":[{"name":"wp","href":"https:\/\/api.w.org\/{rel}","templated":true}]}}