{"id":23728,"date":"2025-08-14T09:23:21","date_gmt":"2025-08-14T08:23:21","guid":{"rendered":"https:\/\/premiumline-cabling.com\/?post_type=product&#038;p=23728"},"modified":"2025-09-10T15:36:12","modified_gmt":"2025-09-10T14:36:12","slug":"fo-hds144-panneau-de-brassage-1-4u","status":"publish","type":"product","link":"https:\/\/premiumline-cabling.com\/fr\/product\/fo-hds144-panneau-de-brassage-1-4u\/","title":{"rendered":"FO HDS144 Panneau de brassage 1-4U"},"content":{"rendered":"<h3><strong>CARACT\u00c9RISTIQUES :<\/strong><\/h3>\n<ul>\n<li style=\"list-style-type: none;\">\n<ul>\n<li>Convient pour 1U\/144F LC, 2U\/288F LC, 4U\/576F LC<\/li>\n<li>Panneau de brassage standard 19&#8243;<\/li>\n<li>Convient pour <a href=\"https:\/\/premiumline-cabling.com\/fr\/product\/cassette-pour-hds144\/\">les cassettes MPO\/MTP vers LC ou MPO\/MTP (P\/N 68auvwxyz)<\/a><\/li>\n<li>Cassette enfichable ind\u00e9pendante, peut \u00eatre retir\u00e9e par des rails<\/li>\n<li>Chaque \u00e9tage peut installer des cassettes 2\/3\/5\/4\/6<\/li>\n<li>Fournit des fonctions de gestion des c\u00e2bles \u00e0 l\u2019avant et \u00e0 l\u2019arri\u00e8re<\/li>\n<li>Prise en charge de la conversion MTP\/MPO-MTP\/MPO<\/li>\n<li>Connexion MTP\/MPO\/LC en option<\/li>\n<li>Soutenir l\u2019\u00e9pissage en queue de cochon<\/li>\n<li>Conforme \u00e0 la directive RoHS<\/li>\n<\/ul>\n<\/li>\n<\/ul>\n<p>&nbsp;<\/p>\n<h3><strong><noscript><img decoding=\"async\" class=\"aligncenter wp-image-23731 size-large\" src=\"https:\/\/premiumline-cabling.com\/wp-content\/uploads\/2025\/08\/HDS144-1U-1024x409.jpg\" alt width=\"1024\" height=\"409\" srcset=\"https:\/\/premiumline-cabling.com\/wp-content\/uploads\/2025\/08\/HDS144-1U-1024x409.jpg 1024w, https:\/\/premiumline-cabling.com\/wp-content\/uploads\/2025\/08\/HDS144-1U-300x120.jpg 300w, https:\/\/premiumline-cabling.com\/wp-content\/uploads\/2025\/08\/HDS144-1U-768x307.jpg 768w, https:\/\/premiumline-cabling.com\/wp-content\/uploads\/2025\/08\/HDS144-1U.jpg 1428w\" sizes=\"(max-width: 1024px) 100vw, 1024px\"><\/noscript><img decoding=\"async\" class=\"aligncenter wp-image-23731 size-large lazyload\" src=\"data:image\/svg+xml,%3Csvg%20xmlns%3D%22http%3A%2F%2Fwww.w3.org%2F2000%2Fsvg%22%20viewBox%3D%220%200%201024%20409%22%3E%3C%2Fsvg%3E\" alt width=\"1024\" height=\"409\" srcset=\"data:image\/svg+xml,%3Csvg%20xmlns%3D%22http%3A%2F%2Fwww.w3.org%2F2000%2Fsvg%22%20viewBox%3D%220%200%201024%20409%22%3E%3C%2Fsvg%3E 1024w\" sizes=\"(max-width: 1024px) 100vw, 1024px\" data-srcset=\"https:\/\/premiumline-cabling.com\/wp-content\/uploads\/2025\/08\/HDS144-1U-1024x409.jpg 1024w, https:\/\/premiumline-cabling.com\/wp-content\/uploads\/2025\/08\/HDS144-1U-300x120.jpg 300w, https:\/\/premiumline-cabling.com\/wp-content\/uploads\/2025\/08\/HDS144-1U-768x307.jpg 768w, https:\/\/premiumline-cabling.com\/wp-content\/uploads\/2025\/08\/HDS144-1U.jpg 1428w\" data-src=\"https:\/\/premiumline-cabling.com\/wp-content\/uploads\/2025\/08\/HDS144-1U-1024x409.jpg\">APPLICATIONS :<\/strong><\/h3>\n<ul>\n<li>Centre de donn\u00e9es, r\u00e9seau de communication de donn\u00e9es<\/li>\n<li>T\u00e9l\u00e9communications, CATV<\/li>\n<li>D\u00e9ploiements de r\u00e9seaux locaux, FTTx<\/li>\n<li>Assurer la terminaison, la protection, la connexion et la gestion des c\u00e2bles \u00e0 fibres optiques<\/li>\n<\/ul>\n<p><noscript><img decoding=\"async\" class=\"aligncenter wp-image-23745 size-large\" src=\"https:\/\/premiumline-cabling.com\/wp-content\/uploads\/2025\/08\/HDS144-1-4U_s-1024x237.jpg\" alt width=\"1024\" height=\"237\" srcset=\"https:\/\/premiumline-cabling.com\/wp-content\/uploads\/2025\/08\/HDS144-1-4U_s-1024x237.jpg 1024w, https:\/\/premiumline-cabling.com\/wp-content\/uploads\/2025\/08\/HDS144-1-4U_s-300x69.jpg 300w, https:\/\/premiumline-cabling.com\/wp-content\/uploads\/2025\/08\/HDS144-1-4U_s-768x178.jpg 768w, https:\/\/premiumline-cabling.com\/wp-content\/uploads\/2025\/08\/HDS144-1-4U_s.jpg 1060w\" sizes=\"(max-width: 1024px) 100vw, 1024px\"><\/noscript><img decoding=\"async\" class=\"aligncenter wp-image-23745 size-large lazyload\" src=\"data:image\/svg+xml,%3Csvg%20xmlns%3D%22http%3A%2F%2Fwww.w3.org%2F2000%2Fsvg%22%20viewBox%3D%220%200%201024%20237%22%3E%3C%2Fsvg%3E\" alt width=\"1024\" height=\"237\" srcset=\"data:image\/svg+xml,%3Csvg%20xmlns%3D%22http%3A%2F%2Fwww.w3.org%2F2000%2Fsvg%22%20viewBox%3D%220%200%201024%20237%22%3E%3C%2Fsvg%3E 1024w\" sizes=\"(max-width: 1024px) 100vw, 1024px\" data-srcset=\"https:\/\/premiumline-cabling.com\/wp-content\/uploads\/2025\/08\/HDS144-1-4U_s-1024x237.jpg 1024w, https:\/\/premiumline-cabling.com\/wp-content\/uploads\/2025\/08\/HDS144-1-4U_s-300x69.jpg 300w, https:\/\/premiumline-cabling.com\/wp-content\/uploads\/2025\/08\/HDS144-1-4U_s-768x178.jpg 768w, https:\/\/premiumline-cabling.com\/wp-content\/uploads\/2025\/08\/HDS144-1-4U_s.jpg 1060w\" data-src=\"https:\/\/premiumline-cabling.com\/wp-content\/uploads\/2025\/08\/HDS144-1-4U_s-1024x237.jpg\"><\/p>\n<h3><strong>SP\u00c9CIFICATION:<\/strong><\/h3>\n<p>fonctionnementde stockage<\/p>\n<table>\n<tbody>\n<tr>\n<td width=\"189\">Mat\u00e9riau de l\u2019armoire<\/td>\n<td width=\"397\">T\u00f4le d\u2019acier lamin\u00e9e \u00e0 froid<\/td>\n<\/tr>\n<tr>\n<td width=\"189\">Humidit\u00e9 relative<\/td>\n<td width=\"397\">\u226485 % (+30 \u00b0C)<\/td>\n<\/tr>\n<tr>\n<td width=\"189\">Pression atmosph\u00e9rique<\/td>\n<td width=\"397\">70 kPa ~ 106 kPa<\/td>\n<\/tr>\n<tr>\n<td width=\"189\">Dimensions (LxPxH)<\/td>\n<td width=\"397\">482,8 mm\u00d7350 mm\u00d71\/2\/4U (avec hayon : 497 mm)<\/td>\n<\/tr>\n<tr>\n<td width=\"189\">Temp\u00e9rature de<\/td>\n<td width=\"397\">-40\u00b0C ~ +75\u00b0C<\/td>\n<\/tr>\n<tr>\n<td width=\"189\">Temp\u00e9rature<\/td>\n<td width=\"397\">-40\u00b0C ~ +75\u00b0C<\/td>\n<\/tr>\n<tr>\n<td colspan=\"2\" width=\"586\">Remarque&nbsp;: 1. Chaque panneau peut \u00eatre configur\u00e9 avec 6 cassettes 8F ou 4 cassettes 12F ou 3 cassettes 16F ou 2 cassettes 24F.\n<p>2.1U peut \u00eatre configur\u00e9 avec 3 couches de panneaux, 2U avec 6 couches et 4U avec 12 couches.<\/p><\/td>\n<\/tr>\n<\/tbody>\n<\/table>\n<div class=\"mceTemp\"><\/div>\n<h3>TYPES DE CASSETTES<\/h3>\n<p><noscript><img decoding=\"async\" class=\"aligncenter wp-image-23863 size-large\" src=\"https:\/\/premiumline-cabling.com\/wp-content\/uploads\/2025\/08\/HDS144-1-4U_cassettes_3-1024x721.jpg\" alt width=\"1024\" height=\"721\" srcset=\"https:\/\/premiumline-cabling.com\/wp-content\/uploads\/2025\/08\/HDS144-1-4U_cassettes_3-1024x721.jpg 1024w, https:\/\/premiumline-cabling.com\/wp-content\/uploads\/2025\/08\/HDS144-1-4U_cassettes_3-300x211.jpg 300w, https:\/\/premiumline-cabling.com\/wp-content\/uploads\/2025\/08\/HDS144-1-4U_cassettes_3-768x541.jpg 768w, https:\/\/premiumline-cabling.com\/wp-content\/uploads\/2025\/08\/HDS144-1-4U_cassettes_3.jpg 1052w\" sizes=\"(max-width: 1024px) 100vw, 1024px\"><\/noscript><img decoding=\"async\" class=\"aligncenter wp-image-23863 size-large lazyload\" src=\"data:image\/svg+xml,%3Csvg%20xmlns%3D%22http%3A%2F%2Fwww.w3.org%2F2000%2Fsvg%22%20viewBox%3D%220%200%201024%20721%22%3E%3C%2Fsvg%3E\" alt width=\"1024\" height=\"721\" srcset=\"data:image\/svg+xml,%3Csvg%20xmlns%3D%22http%3A%2F%2Fwww.w3.org%2F2000%2Fsvg%22%20viewBox%3D%220%200%201024%20721%22%3E%3C%2Fsvg%3E 1024w\" sizes=\"(max-width: 1024px) 100vw, 1024px\" data-srcset=\"https:\/\/premiumline-cabling.com\/wp-content\/uploads\/2025\/08\/HDS144-1-4U_cassettes_3-1024x721.jpg 1024w, https:\/\/premiumline-cabling.com\/wp-content\/uploads\/2025\/08\/HDS144-1-4U_cassettes_3-300x211.jpg 300w, https:\/\/premiumline-cabling.com\/wp-content\/uploads\/2025\/08\/HDS144-1-4U_cassettes_3-768x541.jpg 768w, https:\/\/premiumline-cabling.com\/wp-content\/uploads\/2025\/08\/HDS144-1-4U_cassettes_3.jpg 1052w\" data-src=\"https:\/\/premiumline-cabling.com\/wp-content\/uploads\/2025\/08\/HDS144-1-4U_cassettes_3-1024x721.jpg\"><\/p>\n<p>&nbsp;<\/p>\n<h3><\/h3>\n<h3><strong>LES INFORMATIONS RELATIVES \u00c0 LA COMMANDE :<\/strong><\/h3>\n<p>pi\u00e8ce<\/p>\n<table width=\"0\">\n<tbody>\n<tr>\n<td width=\"143\">N\u00b0 de<\/td>\n<td width=\"558\">R\u00e9f\u00e9rence 681A00002<\/td>\n<\/tr>\n<tr>\n<td width=\"143\">Description<\/td>\n<td width=\"558\">Panneau de brassage haute densit\u00e9 HDS144 FO de 19 po, corps principal, sans cassettes<\/td>\n<\/tr>\n<tr>\n<td width=\"143\">a, taille<\/td>\n<td width=\"558\">1 : 1U 2 : 2U 4 : 4U<\/td>\n<\/tr>\n<\/tbody>\n<\/table>\n<p><iframe title=\"New Product Release: 19\u201d HDS144 Fiber Optic High Density Patch Panel\" width=\"500\" height=\"281\" src=\"https:\/\/www.youtube.com\/embed\/zFcwDcInB4A?feature=oembed\" frameborder=\"0\" allow=\"accelerometer; autoplay; clipboard-write; encrypted-media; gyroscope; picture-in-picture; web-share\" referrerpolicy=\"strict-origin-when-cross-origin\" allowfullscreen><\/iframe><\/p>\n","protected":false},"featured_media":23733,"template":"","product_category":[423],"class_list":["post-23728","product","type-product","status-publish","has-post-thumbnail","hentry","product_category-centre-de-donnees"],"yoast_head":"<!-- This site is optimized with the Yoast SEO plugin v27.4 - https:\/\/yoast.com\/product\/yoast-seo-wordpress\/ -->\n<title>Panneau de brassage haute densit\u00e9 \u00e0 fibre optique HDS144 de qualit\u00e9 sup\u00e9rieure<\/title>\n<meta name=\"description\" content=\"Conception modulaire et structure m\u00e9canique push-pull \u00e0 l\u2019avant et \u00e0 l\u2019arri\u00e8re, offrant des avantages distincts par rapport aux produits concurrents.\" \/>\n<meta name=\"robots\" content=\"index, follow, max-snippet:-1, max-image-preview:large, max-video-preview:-1\" \/>\n<link rel=\"canonical\" href=\"https:\/\/premiumline-cabling.com\/fr\/product\/fo-hds144-panneau-de-brassage-1-4u\/\" \/>\n<meta property=\"og:locale\" content=\"fr_FR\" \/>\n<meta property=\"og:type\" content=\"article\" \/>\n<meta property=\"og:title\" content=\"Panneau de brassage haute densit\u00e9 \u00e0 fibre optique HDS144 de qualit\u00e9 sup\u00e9rieure\" \/>\n<meta property=\"og:description\" content=\"Conception modulaire et structure m\u00e9canique push-pull \u00e0 l\u2019avant et \u00e0 l\u2019arri\u00e8re, offrant des avantages distincts par rapport aux produits concurrents.\" \/>\n<meta property=\"og:url\" content=\"https:\/\/premiumline-cabling.com\/fr\/product\/fo-hds144-panneau-de-brassage-1-4u\/\" \/>\n<meta property=\"og:site_name\" content=\"Premium-Line\" \/>\n<meta property=\"article:modified_time\" content=\"2025-09-10T14:36:12+00:00\" \/>\n<meta property=\"og:image\" content=\"https:\/\/premiumline-cabling.com\/wp-content\/uploads\/2025\/08\/New-Product-Release-19-HDS144-Fiber-Optic-High-Density-Patch-Panel_YT.jpg\" \/>\n\t<meta property=\"og:image:width\" content=\"1920\" \/>\n\t<meta property=\"og:image:height\" content=\"1080\" \/>\n\t<meta property=\"og:image:type\" content=\"image\/jpeg\" \/>\n<meta name=\"twitter:card\" content=\"summary_large_image\" \/>\n<meta name=\"twitter:label1\" content=\"Dur\u00e9e de lecture estim\u00e9e\" \/>\n\t<meta name=\"twitter:data1\" content=\"2 minutes\" \/>\n<script type=\"application\/ld+json\" class=\"yoast-schema-graph\">{\"@context\":\"https:\\\/\\\/schema.org\",\"@graph\":[{\"@type\":\"WebPage\",\"@id\":\"https:\\\/\\\/premiumline-cabling.com\\\/fr\\\/product\\\/fo-hds144-panneau-de-brassage-1-4u\\\/\",\"url\":\"https:\\\/\\\/premiumline-cabling.com\\\/fr\\\/product\\\/fo-hds144-panneau-de-brassage-1-4u\\\/\",\"name\":\"Panneau de brassage haute densit\u00e9 \u00e0 fibre optique HDS144 de qualit\u00e9 sup\u00e9rieure\",\"isPartOf\":{\"@id\":\"https:\\\/\\\/premiumline-cabling.com\\\/#website\"},\"primaryImageOfPage\":{\"@id\":\"https:\\\/\\\/premiumline-cabling.com\\\/fr\\\/product\\\/fo-hds144-panneau-de-brassage-1-4u\\\/#primaryimage\"},\"image\":{\"@id\":\"https:\\\/\\\/premiumline-cabling.com\\\/fr\\\/product\\\/fo-hds144-panneau-de-brassage-1-4u\\\/#primaryimage\"},\"thumbnailUrl\":\"https:\\\/\\\/premiumline-cabling.com\\\/wp-content\\\/uploads\\\/2025\\\/08\\\/HDS144-1U.jpg\",\"datePublished\":\"2025-08-14T08:23:21+00:00\",\"dateModified\":\"2025-09-10T14:36:12+00:00\",\"description\":\"Conception modulaire et structure m\u00e9canique push-pull \u00e0 l\u2019avant et \u00e0 l\u2019arri\u00e8re, offrant des avantages distincts par rapport aux produits concurrents.\",\"breadcrumb\":{\"@id\":\"https:\\\/\\\/premiumline-cabling.com\\\/fr\\\/product\\\/fo-hds144-panneau-de-brassage-1-4u\\\/#breadcrumb\"},\"inLanguage\":\"fr-FR\",\"potentialAction\":[{\"@type\":\"ReadAction\",\"target\":[\"https:\\\/\\\/premiumline-cabling.com\\\/fr\\\/product\\\/fo-hds144-panneau-de-brassage-1-4u\\\/\"]}]},{\"@type\":\"ImageObject\",\"inLanguage\":\"fr-FR\",\"@id\":\"https:\\\/\\\/premiumline-cabling.com\\\/fr\\\/product\\\/fo-hds144-panneau-de-brassage-1-4u\\\/#primaryimage\",\"url\":\"https:\\\/\\\/premiumline-cabling.com\\\/wp-content\\\/uploads\\\/2025\\\/08\\\/HDS144-1U.jpg\",\"contentUrl\":\"https:\\\/\\\/premiumline-cabling.com\\\/wp-content\\\/uploads\\\/2025\\\/08\\\/HDS144-1U.jpg\",\"width\":1428,\"height\":570},{\"@type\":\"BreadcrumbList\",\"@id\":\"https:\\\/\\\/premiumline-cabling.com\\\/fr\\\/product\\\/fo-hds144-panneau-de-brassage-1-4u\\\/#breadcrumb\",\"itemListElement\":[{\"@type\":\"ListItem\",\"position\":1,\"name\":\"\u0413\u043b\u0430\u0432\u043d\u0430\u044f \u0441\u0442\u0440\u0430\u043d\u0438\u0446\u0430\",\"item\":\"https:\\\/\\\/premiumline-cabling.com\\\/fr\\\/\"},{\"@type\":\"ListItem\",\"position\":2,\"name\":\"FO HDS144 Panneau de brassage 1-4U\"}]},{\"@type\":\"WebSite\",\"@id\":\"https:\\\/\\\/premiumline-cabling.com\\\/#website\",\"url\":\"https:\\\/\\\/premiumline-cabling.com\\\/\",\"name\":\"Premium-Line\",\"description\":\"Structured Cabling System\",\"publisher\":{\"@id\":\"https:\\\/\\\/premiumline-cabling.com\\\/#organization\"},\"potentialAction\":[{\"@type\":\"SearchAction\",\"target\":{\"@type\":\"EntryPoint\",\"urlTemplate\":\"https:\\\/\\\/premiumline-cabling.com\\\/?s={search_term_string}\"},\"query-input\":{\"@type\":\"PropertyValueSpecification\",\"valueRequired\":true,\"valueName\":\"search_term_string\"}}],\"inLanguage\":\"fr-FR\"},{\"@type\":\"Organization\",\"@id\":\"https:\\\/\\\/premiumline-cabling.com\\\/#organization\",\"name\":\"Premium-Line\",\"url\":\"https:\\\/\\\/premiumline-cabling.com\\\/\",\"logo\":{\"@type\":\"ImageObject\",\"inLanguage\":\"fr-FR\",\"@id\":\"https:\\\/\\\/premiumline-cabling.com\\\/#\\\/schema\\\/logo\\\/image\\\/\",\"url\":\"https:\\\/\\\/premiumline-cabling.com\\\/wp-content\\\/uploads\\\/2019\\\/04\\\/cropped-img_logo_site_Premium-Line.png\",\"contentUrl\":\"https:\\\/\\\/premiumline-cabling.com\\\/wp-content\\\/uploads\\\/2019\\\/04\\\/cropped-img_logo_site_Premium-Line.png\",\"width\":190,\"height\":62,\"caption\":\"Premium-Line\"},\"image\":{\"@id\":\"https:\\\/\\\/premiumline-cabling.com\\\/#\\\/schema\\\/logo\\\/image\\\/\"}}]}<\/script>\n<!-- \/ Yoast SEO plugin. -->","yoast_head_json":{"title":"Panneau de brassage haute densit\u00e9 \u00e0 fibre optique HDS144 de qualit\u00e9 sup\u00e9rieure","description":"Conception modulaire et structure m\u00e9canique push-pull \u00e0 l\u2019avant et \u00e0 l\u2019arri\u00e8re, offrant des avantages distincts par rapport aux produits concurrents.","robots":{"index":"index","follow":"follow","max-snippet":"max-snippet:-1","max-image-preview":"max-image-preview:large","max-video-preview":"max-video-preview:-1"},"canonical":"https:\/\/premiumline-cabling.com\/fr\/product\/fo-hds144-panneau-de-brassage-1-4u\/","og_locale":"fr_FR","og_type":"article","og_title":"Panneau de brassage haute densit\u00e9 \u00e0 fibre optique HDS144 de qualit\u00e9 sup\u00e9rieure","og_description":"Conception modulaire et structure m\u00e9canique push-pull \u00e0 l\u2019avant et \u00e0 l\u2019arri\u00e8re, offrant des avantages distincts par rapport aux produits concurrents.","og_url":"https:\/\/premiumline-cabling.com\/fr\/product\/fo-hds144-panneau-de-brassage-1-4u\/","og_site_name":"Premium-Line","article_modified_time":"2025-09-10T14:36:12+00:00","og_image":[{"width":1920,"height":1080,"url":"https:\/\/premiumline-cabling.com\/wp-content\/uploads\/2025\/08\/New-Product-Release-19-HDS144-Fiber-Optic-High-Density-Patch-Panel_YT.jpg","type":"image\/jpeg"}],"twitter_card":"summary_large_image","twitter_misc":{"Dur\u00e9e de lecture estim\u00e9e":"2 minutes"},"schema":{"@context":"https:\/\/schema.org","@graph":[{"@type":"WebPage","@id":"https:\/\/premiumline-cabling.com\/fr\/product\/fo-hds144-panneau-de-brassage-1-4u\/","url":"https:\/\/premiumline-cabling.com\/fr\/product\/fo-hds144-panneau-de-brassage-1-4u\/","name":"Panneau de brassage haute densit\u00e9 \u00e0 fibre optique HDS144 de qualit\u00e9 sup\u00e9rieure","isPartOf":{"@id":"https:\/\/premiumline-cabling.com\/#website"},"primaryImageOfPage":{"@id":"https:\/\/premiumline-cabling.com\/fr\/product\/fo-hds144-panneau-de-brassage-1-4u\/#primaryimage"},"image":{"@id":"https:\/\/premiumline-cabling.com\/fr\/product\/fo-hds144-panneau-de-brassage-1-4u\/#primaryimage"},"thumbnailUrl":"https:\/\/premiumline-cabling.com\/wp-content\/uploads\/2025\/08\/HDS144-1U.jpg","datePublished":"2025-08-14T08:23:21+00:00","dateModified":"2025-09-10T14:36:12+00:00","description":"Conception modulaire et structure m\u00e9canique push-pull \u00e0 l\u2019avant et \u00e0 l\u2019arri\u00e8re, offrant des avantages distincts par rapport aux produits concurrents.","breadcrumb":{"@id":"https:\/\/premiumline-cabling.com\/fr\/product\/fo-hds144-panneau-de-brassage-1-4u\/#breadcrumb"},"inLanguage":"fr-FR","potentialAction":[{"@type":"ReadAction","target":["https:\/\/premiumline-cabling.com\/fr\/product\/fo-hds144-panneau-de-brassage-1-4u\/"]}]},{"@type":"ImageObject","inLanguage":"fr-FR","@id":"https:\/\/premiumline-cabling.com\/fr\/product\/fo-hds144-panneau-de-brassage-1-4u\/#primaryimage","url":"https:\/\/premiumline-cabling.com\/wp-content\/uploads\/2025\/08\/HDS144-1U.jpg","contentUrl":"https:\/\/premiumline-cabling.com\/wp-content\/uploads\/2025\/08\/HDS144-1U.jpg","width":1428,"height":570},{"@type":"BreadcrumbList","@id":"https:\/\/premiumline-cabling.com\/fr\/product\/fo-hds144-panneau-de-brassage-1-4u\/#breadcrumb","itemListElement":[{"@type":"ListItem","position":1,"name":"\u0413\u043b\u0430\u0432\u043d\u0430\u044f \u0441\u0442\u0440\u0430\u043d\u0438\u0446\u0430","item":"https:\/\/premiumline-cabling.com\/fr\/"},{"@type":"ListItem","position":2,"name":"FO HDS144 Panneau de brassage 1-4U"}]},{"@type":"WebSite","@id":"https:\/\/premiumline-cabling.com\/#website","url":"https:\/\/premiumline-cabling.com\/","name":"Premium-Line","description":"Structured Cabling System","publisher":{"@id":"https:\/\/premiumline-cabling.com\/#organization"},"potentialAction":[{"@type":"SearchAction","target":{"@type":"EntryPoint","urlTemplate":"https:\/\/premiumline-cabling.com\/?s={search_term_string}"},"query-input":{"@type":"PropertyValueSpecification","valueRequired":true,"valueName":"search_term_string"}}],"inLanguage":"fr-FR"},{"@type":"Organization","@id":"https:\/\/premiumline-cabling.com\/#organization","name":"Premium-Line","url":"https:\/\/premiumline-cabling.com\/","logo":{"@type":"ImageObject","inLanguage":"fr-FR","@id":"https:\/\/premiumline-cabling.com\/#\/schema\/logo\/image\/","url":"https:\/\/premiumline-cabling.com\/wp-content\/uploads\/2019\/04\/cropped-img_logo_site_Premium-Line.png","contentUrl":"https:\/\/premiumline-cabling.com\/wp-content\/uploads\/2019\/04\/cropped-img_logo_site_Premium-Line.png","width":190,"height":62,"caption":"Premium-Line"},"image":{"@id":"https:\/\/premiumline-cabling.com\/#\/schema\/logo\/image\/"}}]}},"_links":{"self":[{"href":"https:\/\/premiumline-cabling.com\/fr\/wp-json\/wp\/v2\/product\/23728","targetHints":{"allow":["GET"]}}],"collection":[{"href":"https:\/\/premiumline-cabling.com\/fr\/wp-json\/wp\/v2\/product"}],"about":[{"href":"https:\/\/premiumline-cabling.com\/fr\/wp-json\/wp\/v2\/types\/product"}],"wp:featuredmedia":[{"embeddable":true,"href":"https:\/\/premiumline-cabling.com\/fr\/wp-json\/wp\/v2\/media\/23733"}],"wp:attachment":[{"href":"https:\/\/premiumline-cabling.com\/fr\/wp-json\/wp\/v2\/media?parent=23728"}],"wp:term":[{"taxonomy":"product_category","embeddable":true,"href":"https:\/\/premiumline-cabling.com\/fr\/wp-json\/wp\/v2\/product_category?post=23728"}],"curies":[{"name":"wp","href":"https:\/\/api.w.org\/{rel}","templated":true}]}}