{"id":20781,"date":"2019-04-29T19:01:09","date_gmt":"2019-04-29T18:01:09","guid":{"rendered":"https:\/\/premiumline-cabling.com\/product\/repartiteur-plc-19-nbsp-1u-monte-en-rack\/"},"modified":"2023-12-19T10:23:40","modified_gmt":"2023-12-19T09:23:40","slug":"repartiteur-plc-19-nbsp-1u-monte-en-rack","status":"publish","type":"product","link":"https:\/\/premiumline-cabling.com\/fr\/product\/repartiteur-plc-19-nbsp-1u-monte-en-rack\/","title":{"rendered":"R\u00e9partiteur PLC 19&nbsp;\u00bb 1U mont\u00e9 en rack"},"content":{"rendered":"<h3><a href=\"https:\/\/premiumline-cabling.com\/wp-content\/uploads\/2019\/04\/PL_img_19_1U-Rack-Mounted-PLC-Splitter.jpg\"><noscript><img decoding=\"async\" class=\"alignright wp-image-2019\" src=\"https:\/\/premiumline-cabling.com\/wp-content\/uploads\/2019\/04\/PL_img_19_1U-Rack-Mounted-PLC-Splitter-300x105.jpg\" alt width=\"400\" height=\"140\" srcset=\"https:\/\/premiumline-cabling.com\/wp-content\/uploads\/2019\/04\/PL_img_19_1U-Rack-Mounted-PLC-Splitter-300x105.jpg 300w, https:\/\/premiumline-cabling.com\/wp-content\/uploads\/2019\/04\/PL_img_19_1U-Rack-Mounted-PLC-Splitter-768x269.jpg 768w, https:\/\/premiumline-cabling.com\/wp-content\/uploads\/2019\/04\/PL_img_19_1U-Rack-Mounted-PLC-Splitter.jpg 911w\" sizes=\"(max-width: 400px) 100vw, 400px\"><\/noscript><img decoding=\"async\" class=\"alignright wp-image-2019 lazyload\" src=\"data:image\/svg+xml,%3Csvg%20xmlns%3D%22http%3A%2F%2Fwww.w3.org%2F2000%2Fsvg%22%20viewBox%3D%220%200%20400%20140%22%3E%3C%2Fsvg%3E\" alt width=\"400\" height=\"140\" srcset=\"data:image\/svg+xml,%3Csvg%20xmlns%3D%22http%3A%2F%2Fwww.w3.org%2F2000%2Fsvg%22%20viewBox%3D%220%200%20400%20140%22%3E%3C%2Fsvg%3E 400w\" sizes=\"(max-width: 400px) 100vw, 400px\" data-srcset=\"https:\/\/premiumline-cabling.com\/wp-content\/uploads\/2019\/04\/PL_img_19_1U-Rack-Mounted-PLC-Splitter-300x105.jpg 300w, https:\/\/premiumline-cabling.com\/wp-content\/uploads\/2019\/04\/PL_img_19_1U-Rack-Mounted-PLC-Splitter-768x269.jpg 768w, https:\/\/premiumline-cabling.com\/wp-content\/uploads\/2019\/04\/PL_img_19_1U-Rack-Mounted-PLC-Splitter.jpg 911w\" data-src=\"https:\/\/premiumline-cabling.com\/wp-content\/uploads\/2019\/04\/PL_img_19_1U-Rack-Mounted-PLC-Splitter-300x105.jpg\"><\/a>CARACT\u00c9RISTIQUES :<\/h3>\n<p>Le s\u00e9parateur PLC \u00e0 fibre optique est un dispositif de puissance optique bas\u00e9 sur une plaque de quartz planaire de la technologie des ondes lumineuses, qui est largement utilis\u00e9 dans le c\u00f4t\u00e9 local ou la terminaison du r\u00e9seau optique passif (EPON, BPON, GPON, etc.) pour le fractionnement du signal optique. Il offre des performances optiques sup\u00e9rieures, une grande stabilit\u00e9 et une grande fiabilit\u00e9 ; R\u00e9pondre \u00e0 diverses exigences d\u2019application dans diff\u00e9rents environnements.<\/p>\n<p>Le r\u00e9partiteur PLC mont\u00e9 en rack 19&nbsp;\u00bb 1U va de 1&#215;2 ports \u00e0 2&#215;64 ports. Il convient \u00e0 l\u2019utilisation dans les r\u00e9seaux de t\u00e9l\u00e9communication, les syst\u00e8mes de c\u00e2bles optiques de bureau central et les r\u00e9seaux de fibres optiques locaux. Le r\u00e9partiteur PLC \u00e0 l\u2019int\u00e9rieur de la bo\u00eete est de type bo\u00eete en plastique disponible pour une queue de cochon de 2,0 mm. Chaque r\u00e9partiteur PLC 19&nbsp;\u00bb 1U mont\u00e9 en rack est enti\u00e8rement charg\u00e9 avec des panneaux, des adaptateurs (en option) et des accessoires et est pr\u00eat \u00e0 \u00eatre install\u00e9.<\/p>\n<p>Convient pour l\u2019installation d\u2019adaptateurs FC, SC, LC, etc., et convient pour le module de r\u00e9partiteurs PLC de type bo\u00eete en plastique (P\/N 25xxxyyyz).<\/p>\n<p><a href=\"https:\/\/premiumline-cabling.com\/wp-content\/uploads\/2019\/04\/PL_img_19_1U-Rack-Mounted-PLC-Splitter1.jpg\"><noscript><img decoding=\"async\" class=\"alignleft wp-image-2020\" src=\"https:\/\/premiumline-cabling.com\/wp-content\/uploads\/2019\/04\/PL_img_19_1U-Rack-Mounted-PLC-Splitter1-300x185.jpg\" alt width=\"350\" height=\"216\" srcset=\"https:\/\/premiumline-cabling.com\/wp-content\/uploads\/2019\/04\/PL_img_19_1U-Rack-Mounted-PLC-Splitter1-300x185.jpg 300w, https:\/\/premiumline-cabling.com\/wp-content\/uploads\/2019\/04\/PL_img_19_1U-Rack-Mounted-PLC-Splitter1-768x475.jpg 768w, https:\/\/premiumline-cabling.com\/wp-content\/uploads\/2019\/04\/PL_img_19_1U-Rack-Mounted-PLC-Splitter1-1024x633.jpg 1024w, https:\/\/premiumline-cabling.com\/wp-content\/uploads\/2019\/04\/PL_img_19_1U-Rack-Mounted-PLC-Splitter1.jpg 1769w\" sizes=\"(max-width: 350px) 100vw, 350px\"><\/noscript><img decoding=\"async\" class=\"alignleft wp-image-2020 lazyload\" src=\"data:image\/svg+xml,%3Csvg%20xmlns%3D%22http%3A%2F%2Fwww.w3.org%2F2000%2Fsvg%22%20viewBox%3D%220%200%20350%20216%22%3E%3C%2Fsvg%3E\" alt width=\"350\" height=\"216\" srcset=\"data:image\/svg+xml,%3Csvg%20xmlns%3D%22http%3A%2F%2Fwww.w3.org%2F2000%2Fsvg%22%20viewBox%3D%220%200%20350%20216%22%3E%3C%2Fsvg%3E 350w\" sizes=\"(max-width: 350px) 100vw, 350px\" data-srcset=\"https:\/\/premiumline-cabling.com\/wp-content\/uploads\/2019\/04\/PL_img_19_1U-Rack-Mounted-PLC-Splitter1-300x185.jpg 300w, https:\/\/premiumline-cabling.com\/wp-content\/uploads\/2019\/04\/PL_img_19_1U-Rack-Mounted-PLC-Splitter1-768x475.jpg 768w, https:\/\/premiumline-cabling.com\/wp-content\/uploads\/2019\/04\/PL_img_19_1U-Rack-Mounted-PLC-Splitter1-1024x633.jpg 1024w, https:\/\/premiumline-cabling.com\/wp-content\/uploads\/2019\/04\/PL_img_19_1U-Rack-Mounted-PLC-Splitter1.jpg 1769w\" data-src=\"https:\/\/premiumline-cabling.com\/wp-content\/uploads\/2019\/04\/PL_img_19_1U-Rack-Mounted-PLC-Splitter1-300x185.jpg\"><\/a> <a href=\"https:\/\/premiumline-cabling.com\/wp-content\/uploads\/2019\/04\/PL_img_19_1U-Rack-Mounted-PLC-Splitter2.jpg\"><noscript><img decoding=\"async\" class=\"alignnone wp-image-2021\" src=\"https:\/\/premiumline-cabling.com\/wp-content\/uploads\/2019\/04\/PL_img_19_1U-Rack-Mounted-PLC-Splitter2-300x185.jpg\" alt width=\"350\" height=\"216\" srcset=\"https:\/\/premiumline-cabling.com\/wp-content\/uploads\/2019\/04\/PL_img_19_1U-Rack-Mounted-PLC-Splitter2-300x185.jpg 300w, https:\/\/premiumline-cabling.com\/wp-content\/uploads\/2019\/04\/PL_img_19_1U-Rack-Mounted-PLC-Splitter2-768x473.jpg 768w, https:\/\/premiumline-cabling.com\/wp-content\/uploads\/2019\/04\/PL_img_19_1U-Rack-Mounted-PLC-Splitter2-1024x631.jpg 1024w, https:\/\/premiumline-cabling.com\/wp-content\/uploads\/2019\/04\/PL_img_19_1U-Rack-Mounted-PLC-Splitter2.jpg 1780w\" sizes=\"(max-width: 350px) 100vw, 350px\"><\/noscript><img decoding=\"async\" class=\"alignnone wp-image-2021 lazyload\" src=\"data:image\/svg+xml,%3Csvg%20xmlns%3D%22http%3A%2F%2Fwww.w3.org%2F2000%2Fsvg%22%20viewBox%3D%220%200%20350%20216%22%3E%3C%2Fsvg%3E\" alt width=\"350\" height=\"216\" srcset=\"data:image\/svg+xml,%3Csvg%20xmlns%3D%22http%3A%2F%2Fwww.w3.org%2F2000%2Fsvg%22%20viewBox%3D%220%200%20350%20216%22%3E%3C%2Fsvg%3E 350w\" sizes=\"(max-width: 350px) 100vw, 350px\" data-srcset=\"https:\/\/premiumline-cabling.com\/wp-content\/uploads\/2019\/04\/PL_img_19_1U-Rack-Mounted-PLC-Splitter2-300x185.jpg 300w, https:\/\/premiumline-cabling.com\/wp-content\/uploads\/2019\/04\/PL_img_19_1U-Rack-Mounted-PLC-Splitter2-768x473.jpg 768w, https:\/\/premiumline-cabling.com\/wp-content\/uploads\/2019\/04\/PL_img_19_1U-Rack-Mounted-PLC-Splitter2-1024x631.jpg 1024w, https:\/\/premiumline-cabling.com\/wp-content\/uploads\/2019\/04\/PL_img_19_1U-Rack-Mounted-PLC-Splitter2.jpg 1780w\" data-src=\"https:\/\/premiumline-cabling.com\/wp-content\/uploads\/2019\/04\/PL_img_19_1U-Rack-Mounted-PLC-Splitter2-300x185.jpg\"><\/a><\/p>\n<div class=\"clear\"><\/div>\n<h3>CANDIDATURES :<\/h3>\n<ul>\n<li>Optique LAN &amp; WAN &amp; CATV<\/li>\n<li>Projet FTTH et d\u00e9ploiements FTTX<\/li>\n<li>Transmission de donn\u00e9es \u00e0 haut d\u00e9bit \u00e0 large bande<\/li>\n<li>Terminaisons d\u2019appareils actifs<\/li>\n<li>Instruments d\u2019essai<\/li>\n<li>R\u00e9seaux de communication par fibre optique<\/li>\n<li>R\u00e9seaux PON<\/li>\n<li>Distribution du signal optique<\/li>\n<\/ul>\n<h3>DESSIN :<\/h3>\n<p><a href=\"https:\/\/premiumline-cabling.com\/wp-content\/uploads\/2019\/04\/PL_img_19_1U-Rack-Mounted-PLC-Splitter3.jpg\"><noscript><img decoding=\"async\" class=\"alignnone wp-image-2022\" src=\"https:\/\/premiumline-cabling.com\/wp-content\/uploads\/2019\/04\/PL_img_19_1U-Rack-Mounted-PLC-Splitter3-300x164.jpg\" alt width=\"450\" height=\"245\" srcset=\"https:\/\/premiumline-cabling.com\/wp-content\/uploads\/2019\/04\/PL_img_19_1U-Rack-Mounted-PLC-Splitter3-300x164.jpg 300w, https:\/\/premiumline-cabling.com\/wp-content\/uploads\/2019\/04\/PL_img_19_1U-Rack-Mounted-PLC-Splitter3-768x419.jpg 768w, https:\/\/premiumline-cabling.com\/wp-content\/uploads\/2019\/04\/PL_img_19_1U-Rack-Mounted-PLC-Splitter3-1024x558.jpg 1024w, https:\/\/premiumline-cabling.com\/wp-content\/uploads\/2019\/04\/PL_img_19_1U-Rack-Mounted-PLC-Splitter3.jpg 1091w\" sizes=\"(max-width: 450px) 100vw, 450px\"><\/noscript><img decoding=\"async\" class=\"alignnone wp-image-2022 lazyload\" src=\"data:image\/svg+xml,%3Csvg%20xmlns%3D%22http%3A%2F%2Fwww.w3.org%2F2000%2Fsvg%22%20viewBox%3D%220%200%20450%20245%22%3E%3C%2Fsvg%3E\" alt width=\"450\" height=\"245\" srcset=\"data:image\/svg+xml,%3Csvg%20xmlns%3D%22http%3A%2F%2Fwww.w3.org%2F2000%2Fsvg%22%20viewBox%3D%220%200%20450%20245%22%3E%3C%2Fsvg%3E 450w\" sizes=\"(max-width: 450px) 100vw, 450px\" data-srcset=\"https:\/\/premiumline-cabling.com\/wp-content\/uploads\/2019\/04\/PL_img_19_1U-Rack-Mounted-PLC-Splitter3-300x164.jpg 300w, https:\/\/premiumline-cabling.com\/wp-content\/uploads\/2019\/04\/PL_img_19_1U-Rack-Mounted-PLC-Splitter3-768x419.jpg 768w, https:\/\/premiumline-cabling.com\/wp-content\/uploads\/2019\/04\/PL_img_19_1U-Rack-Mounted-PLC-Splitter3-1024x558.jpg 1024w, https:\/\/premiumline-cabling.com\/wp-content\/uploads\/2019\/04\/PL_img_19_1U-Rack-Mounted-PLC-Splitter3.jpg 1091w\" data-src=\"https:\/\/premiumline-cabling.com\/wp-content\/uploads\/2019\/04\/PL_img_19_1U-Rack-Mounted-PLC-Splitter3-300x164.jpg\"><\/a><\/p>\n<h3><strong>LES INFORMATIONS RELATIVES \u00c0 LA COMMANDE :<\/strong><\/h3>\n<table style=\"width: 678px;\" width=\"637\">\n<tbody>\n<tr>\n<td style=\"width: 159px;\" width=\"180\">N\u00b0 de pi\u00e8ce<\/td>\n<td style=\"width: 485px;\" colspan=\"8\" width=\"457\">254xxxyz2<\/td>\n<\/tr>\n<tr>\n<td style=\"width: 159px;\" width=\"180\">Description<\/td>\n<td style=\"width: 485px;\" colspan=\"8\" width=\"457\">R\u00e9partiteur PLC Premium-Line 1U 19&nbsp;\u00bb mont\u00e9 en rack, noir<\/td>\n<\/tr>\n<tr>\n<td style=\"width: 159px;\" rowspan=\"2\" width=\"180\">xxx : Entr\u00e9e et sortie<\/td>\n<td style=\"width: 73px;\" width=\"76\">102 : 1&#215;2,<\/td>\n<td style=\"width: 77px;\" colspan=\"2\" width=\"76\">104 : 1&#215;4,<\/td>\n<td style=\"width: 80px;\" width=\"76\">108 : 1&#215;8,<\/td>\n<td style=\"width: 81px;\" width=\"76\">116 : 1&#215;16,<\/td>\n<td style=\"width: 81px;\" colspan=\"2\" width=\"76\">132 : 1&#215;32,<\/td>\n<td style=\"width: 93px;\" width=\"76\">164&nbsp;: 1&#215;64<\/td>\n<\/tr>\n<tr>\n<td style=\"width: 73px;\" width=\"76\">202 : 2&#215;2,<\/td>\n<td style=\"width: 77px;\" colspan=\"2\" width=\"76\">204 : 2&#215;4,<\/td>\n<td style=\"width: 80px;\" width=\"76\">208 : 2&#215;8,<\/td>\n<td style=\"width: 81px;\" width=\"76\">216 : 2&#215;16,<\/td>\n<td style=\"width: 81px;\" colspan=\"2\" width=\"76\">232 : 2&#215;32,<\/td>\n<td style=\"width: 93px;\" width=\"76\">264&nbsp;: 2&#215;64<\/td>\n<\/tr>\n<tr>\n<td style=\"width: 159px;\" rowspan=\"2\" width=\"180\">y, adaptateur charg\u00e9<\/td>\n<td style=\"width: 150px;\" colspan=\"3\" width=\"152\">\n<p style=\"text-align: center;\">0 : d\u00e9charg\u00e9<\/p>\n<\/td>\n<td style=\"width: 161px;\" colspan=\"2\" width=\"152\">\n<p style=\"text-align: center;\">1 : Adaptateur MM charg\u00e9<\/p>\n<\/td>\n<td style=\"width: 174px;\" colspan=\"3\" width=\"152\">\n<p style=\"text-align: center;\">2 : Adaptateur SM charg\u00e9<\/p>\n<\/td>\n<\/tr>\n<tr>\n<td style=\"width: 485px; text-align: center;\" colspan=\"8\" width=\"457\">4 : Adaptateur APC charg\u00e9<\/td>\n<\/tr>\n<tr>\n<td style=\"width: 159px;\" width=\"180\">z, tapez<\/td>\n<td style=\"width: 111px;\" colspan=\"2\" width=\"114\">1 : SC<\/td>\n<td style=\"width: 119px;\" colspan=\"2\" width=\"114\">2 : ST<\/td>\n<td style=\"width: 115px;\" colspan=\"2\" width=\"114\">3 : FC<\/td>\n<td style=\"width: 140px;\" colspan=\"2\" width=\"114\">4 : LC recto-verso<\/td>\n<\/tr>\n<tr>\n<td style=\"width: 159px;\" width=\"180\">Emballage<\/td>\n<td style=\"width: 485px;\" colspan=\"8\" width=\"457\">1 pc\/bo\u00eete, 5 pcs\/carton<\/td>\n<\/tr>\n<\/tbody>\n<\/table>\n<p>&nbsp;<\/p>\n","protected":false},"featured_media":20787,"template":"","product_category":[436],"class_list":["post-20781","product","type-product","status-publish","has-post-thumbnail","hentry","product_category-fttx-en-anglais-seulement"],"yoast_head":"<!-- This site is optimized with the Yoast SEO plugin v27.4 - https:\/\/yoast.com\/product\/yoast-seo-wordpress\/ -->\n<title>R\u00e9partiteur PLC 19\u00a0\u00bb 1U mont\u00e9 en rack | Ligne Premium<\/title>\n<meta name=\"description\" content=\"Le r\u00e9partiteur PLC \u00e0 fibre optique est largement utilis\u00e9 dans le c\u00f4t\u00e9 local ou la terminaison du r\u00e9seau optique passif (EPON, BPON, GPON, etc.) pour le fractionnement du signal optique.\" \/>\n<meta name=\"robots\" content=\"index, follow, max-snippet:-1, max-image-preview:large, max-video-preview:-1\" \/>\n<link rel=\"canonical\" href=\"https:\/\/premiumline-cabling.com\/fr\/product\/repartiteur-plc-19-nbsp-1u-monte-en-rack\/\" \/>\n<meta property=\"og:locale\" content=\"fr_FR\" \/>\n<meta property=\"og:type\" content=\"article\" \/>\n<meta property=\"og:title\" content=\"R\u00e9partiteur PLC 19\u00a0\u00bb 1U mont\u00e9 en rack | Ligne Premium\" \/>\n<meta property=\"og:description\" content=\"Le r\u00e9partiteur PLC \u00e0 fibre optique est largement utilis\u00e9 dans le c\u00f4t\u00e9 local ou la terminaison du r\u00e9seau optique passif (EPON, BPON, GPON, etc.) pour le fractionnement du signal optique.\" \/>\n<meta property=\"og:url\" content=\"https:\/\/premiumline-cabling.com\/fr\/product\/repartiteur-plc-19-nbsp-1u-monte-en-rack\/\" \/>\n<meta property=\"og:site_name\" content=\"Premium-Line\" \/>\n<meta property=\"article:modified_time\" content=\"2023-12-19T09:23:40+00:00\" \/>\n<meta property=\"og:image\" content=\"https:\/\/premiumline-cabling.com\/wp-content\/uploads\/2019\/04\/PL_img_19_1U-Rack-Mounted-PLC-Splitter_FB.jpg\" \/>\n<meta name=\"twitter:card\" content=\"summary_large_image\" \/>\n<meta name=\"twitter:label1\" content=\"Dur\u00e9e de lecture estim\u00e9e\" \/>\n\t<meta name=\"twitter:data1\" content=\"3 minutes\" \/>\n<script type=\"application\/ld+json\" class=\"yoast-schema-graph\">{\"@context\":\"https:\\\/\\\/schema.org\",\"@graph\":[{\"@type\":\"WebPage\",\"@id\":\"https:\\\/\\\/premiumline-cabling.com\\\/fr\\\/product\\\/repartiteur-plc-19-nbsp-1u-monte-en-rack\\\/\",\"url\":\"https:\\\/\\\/premiumline-cabling.com\\\/fr\\\/product\\\/repartiteur-plc-19-nbsp-1u-monte-en-rack\\\/\",\"name\":\"R\u00e9partiteur PLC 19\u00a0\u00bb 1U mont\u00e9 en rack | Ligne Premium\",\"isPartOf\":{\"@id\":\"https:\\\/\\\/premiumline-cabling.com\\\/#website\"},\"primaryImageOfPage\":{\"@id\":\"https:\\\/\\\/premiumline-cabling.com\\\/fr\\\/product\\\/repartiteur-plc-19-nbsp-1u-monte-en-rack\\\/#primaryimage\"},\"image\":{\"@id\":\"https:\\\/\\\/premiumline-cabling.com\\\/fr\\\/product\\\/repartiteur-plc-19-nbsp-1u-monte-en-rack\\\/#primaryimage\"},\"thumbnailUrl\":\"https:\\\/\\\/premiumline-cabling.com\\\/wp-content\\\/uploads\\\/2019\\\/04\\\/PL_19_1U-Rack-Mounted-PLC-Splitter_main.jpg\",\"datePublished\":\"2019-04-29T18:01:09+00:00\",\"dateModified\":\"2023-12-19T09:23:40+00:00\",\"description\":\"Le r\u00e9partiteur PLC \u00e0 fibre optique est largement utilis\u00e9 dans le c\u00f4t\u00e9 local ou la terminaison du r\u00e9seau optique passif (EPON, BPON, GPON, etc.) pour le fractionnement du signal optique.\",\"breadcrumb\":{\"@id\":\"https:\\\/\\\/premiumline-cabling.com\\\/fr\\\/product\\\/repartiteur-plc-19-nbsp-1u-monte-en-rack\\\/#breadcrumb\"},\"inLanguage\":\"fr-FR\",\"potentialAction\":[{\"@type\":\"ReadAction\",\"target\":[\"https:\\\/\\\/premiumline-cabling.com\\\/fr\\\/product\\\/repartiteur-plc-19-nbsp-1u-monte-en-rack\\\/\"]}]},{\"@type\":\"ImageObject\",\"inLanguage\":\"fr-FR\",\"@id\":\"https:\\\/\\\/premiumline-cabling.com\\\/fr\\\/product\\\/repartiteur-plc-19-nbsp-1u-monte-en-rack\\\/#primaryimage\",\"url\":\"https:\\\/\\\/premiumline-cabling.com\\\/wp-content\\\/uploads\\\/2019\\\/04\\\/PL_19_1U-Rack-Mounted-PLC-Splitter_main.jpg\",\"contentUrl\":\"https:\\\/\\\/premiumline-cabling.com\\\/wp-content\\\/uploads\\\/2019\\\/04\\\/PL_19_1U-Rack-Mounted-PLC-Splitter_main.jpg\",\"width\":400,\"height\":223},{\"@type\":\"BreadcrumbList\",\"@id\":\"https:\\\/\\\/premiumline-cabling.com\\\/fr\\\/product\\\/repartiteur-plc-19-nbsp-1u-monte-en-rack\\\/#breadcrumb\",\"itemListElement\":[{\"@type\":\"ListItem\",\"position\":1,\"name\":\"\u0413\u043b\u0430\u0432\u043d\u0430\u044f \u0441\u0442\u0440\u0430\u043d\u0438\u0446\u0430\",\"item\":\"https:\\\/\\\/premiumline-cabling.com\\\/fr\\\/\"},{\"@type\":\"ListItem\",\"position\":2,\"name\":\"R\u00e9partiteur PLC 19&nbsp;\u00bb 1U mont\u00e9 en rack\"}]},{\"@type\":\"WebSite\",\"@id\":\"https:\\\/\\\/premiumline-cabling.com\\\/#website\",\"url\":\"https:\\\/\\\/premiumline-cabling.com\\\/\",\"name\":\"Premium-Line\",\"description\":\"Structured Cabling System\",\"publisher\":{\"@id\":\"https:\\\/\\\/premiumline-cabling.com\\\/#organization\"},\"potentialAction\":[{\"@type\":\"SearchAction\",\"target\":{\"@type\":\"EntryPoint\",\"urlTemplate\":\"https:\\\/\\\/premiumline-cabling.com\\\/?s={search_term_string}\"},\"query-input\":{\"@type\":\"PropertyValueSpecification\",\"valueRequired\":true,\"valueName\":\"search_term_string\"}}],\"inLanguage\":\"fr-FR\"},{\"@type\":\"Organization\",\"@id\":\"https:\\\/\\\/premiumline-cabling.com\\\/#organization\",\"name\":\"Premium-Line\",\"url\":\"https:\\\/\\\/premiumline-cabling.com\\\/\",\"logo\":{\"@type\":\"ImageObject\",\"inLanguage\":\"fr-FR\",\"@id\":\"https:\\\/\\\/premiumline-cabling.com\\\/#\\\/schema\\\/logo\\\/image\\\/\",\"url\":\"https:\\\/\\\/premiumline-cabling.com\\\/wp-content\\\/uploads\\\/2019\\\/04\\\/cropped-img_logo_site_Premium-Line.png\",\"contentUrl\":\"https:\\\/\\\/premiumline-cabling.com\\\/wp-content\\\/uploads\\\/2019\\\/04\\\/cropped-img_logo_site_Premium-Line.png\",\"width\":190,\"height\":62,\"caption\":\"Premium-Line\"},\"image\":{\"@id\":\"https:\\\/\\\/premiumline-cabling.com\\\/#\\\/schema\\\/logo\\\/image\\\/\"}}]}<\/script>\n<!-- \/ Yoast SEO plugin. -->","yoast_head_json":{"title":"R\u00e9partiteur PLC 19\u00a0\u00bb 1U mont\u00e9 en rack | Ligne Premium","description":"Le r\u00e9partiteur PLC \u00e0 fibre optique est largement utilis\u00e9 dans le c\u00f4t\u00e9 local ou la terminaison du r\u00e9seau optique passif (EPON, BPON, GPON, etc.) pour le fractionnement du signal optique.","robots":{"index":"index","follow":"follow","max-snippet":"max-snippet:-1","max-image-preview":"max-image-preview:large","max-video-preview":"max-video-preview:-1"},"canonical":"https:\/\/premiumline-cabling.com\/fr\/product\/repartiteur-plc-19-nbsp-1u-monte-en-rack\/","og_locale":"fr_FR","og_type":"article","og_title":"R\u00e9partiteur PLC 19\u00a0\u00bb 1U mont\u00e9 en rack | Ligne Premium","og_description":"Le r\u00e9partiteur PLC \u00e0 fibre optique est largement utilis\u00e9 dans le c\u00f4t\u00e9 local ou la terminaison du r\u00e9seau optique passif (EPON, BPON, GPON, etc.) pour le fractionnement du signal optique.","og_url":"https:\/\/premiumline-cabling.com\/fr\/product\/repartiteur-plc-19-nbsp-1u-monte-en-rack\/","og_site_name":"Premium-Line","article_modified_time":"2023-12-19T09:23:40+00:00","og_image":[{"url":"https:\/\/premiumline-cabling.com\/wp-content\/uploads\/2019\/04\/PL_img_19_1U-Rack-Mounted-PLC-Splitter_FB.jpg","type":"","width":"","height":""}],"twitter_card":"summary_large_image","twitter_misc":{"Dur\u00e9e de lecture estim\u00e9e":"3 minutes"},"schema":{"@context":"https:\/\/schema.org","@graph":[{"@type":"WebPage","@id":"https:\/\/premiumline-cabling.com\/fr\/product\/repartiteur-plc-19-nbsp-1u-monte-en-rack\/","url":"https:\/\/premiumline-cabling.com\/fr\/product\/repartiteur-plc-19-nbsp-1u-monte-en-rack\/","name":"R\u00e9partiteur PLC 19\u00a0\u00bb 1U mont\u00e9 en rack | Ligne Premium","isPartOf":{"@id":"https:\/\/premiumline-cabling.com\/#website"},"primaryImageOfPage":{"@id":"https:\/\/premiumline-cabling.com\/fr\/product\/repartiteur-plc-19-nbsp-1u-monte-en-rack\/#primaryimage"},"image":{"@id":"https:\/\/premiumline-cabling.com\/fr\/product\/repartiteur-plc-19-nbsp-1u-monte-en-rack\/#primaryimage"},"thumbnailUrl":"https:\/\/premiumline-cabling.com\/wp-content\/uploads\/2019\/04\/PL_19_1U-Rack-Mounted-PLC-Splitter_main.jpg","datePublished":"2019-04-29T18:01:09+00:00","dateModified":"2023-12-19T09:23:40+00:00","description":"Le r\u00e9partiteur PLC \u00e0 fibre optique est largement utilis\u00e9 dans le c\u00f4t\u00e9 local ou la terminaison du r\u00e9seau optique passif (EPON, BPON, GPON, etc.) pour le fractionnement du signal optique.","breadcrumb":{"@id":"https:\/\/premiumline-cabling.com\/fr\/product\/repartiteur-plc-19-nbsp-1u-monte-en-rack\/#breadcrumb"},"inLanguage":"fr-FR","potentialAction":[{"@type":"ReadAction","target":["https:\/\/premiumline-cabling.com\/fr\/product\/repartiteur-plc-19-nbsp-1u-monte-en-rack\/"]}]},{"@type":"ImageObject","inLanguage":"fr-FR","@id":"https:\/\/premiumline-cabling.com\/fr\/product\/repartiteur-plc-19-nbsp-1u-monte-en-rack\/#primaryimage","url":"https:\/\/premiumline-cabling.com\/wp-content\/uploads\/2019\/04\/PL_19_1U-Rack-Mounted-PLC-Splitter_main.jpg","contentUrl":"https:\/\/premiumline-cabling.com\/wp-content\/uploads\/2019\/04\/PL_19_1U-Rack-Mounted-PLC-Splitter_main.jpg","width":400,"height":223},{"@type":"BreadcrumbList","@id":"https:\/\/premiumline-cabling.com\/fr\/product\/repartiteur-plc-19-nbsp-1u-monte-en-rack\/#breadcrumb","itemListElement":[{"@type":"ListItem","position":1,"name":"\u0413\u043b\u0430\u0432\u043d\u0430\u044f \u0441\u0442\u0440\u0430\u043d\u0438\u0446\u0430","item":"https:\/\/premiumline-cabling.com\/fr\/"},{"@type":"ListItem","position":2,"name":"R\u00e9partiteur PLC 19&nbsp;\u00bb 1U mont\u00e9 en rack"}]},{"@type":"WebSite","@id":"https:\/\/premiumline-cabling.com\/#website","url":"https:\/\/premiumline-cabling.com\/","name":"Premium-Line","description":"Structured Cabling System","publisher":{"@id":"https:\/\/premiumline-cabling.com\/#organization"},"potentialAction":[{"@type":"SearchAction","target":{"@type":"EntryPoint","urlTemplate":"https:\/\/premiumline-cabling.com\/?s={search_term_string}"},"query-input":{"@type":"PropertyValueSpecification","valueRequired":true,"valueName":"search_term_string"}}],"inLanguage":"fr-FR"},{"@type":"Organization","@id":"https:\/\/premiumline-cabling.com\/#organization","name":"Premium-Line","url":"https:\/\/premiumline-cabling.com\/","logo":{"@type":"ImageObject","inLanguage":"fr-FR","@id":"https:\/\/premiumline-cabling.com\/#\/schema\/logo\/image\/","url":"https:\/\/premiumline-cabling.com\/wp-content\/uploads\/2019\/04\/cropped-img_logo_site_Premium-Line.png","contentUrl":"https:\/\/premiumline-cabling.com\/wp-content\/uploads\/2019\/04\/cropped-img_logo_site_Premium-Line.png","width":190,"height":62,"caption":"Premium-Line"},"image":{"@id":"https:\/\/premiumline-cabling.com\/#\/schema\/logo\/image\/"}}]}},"_links":{"self":[{"href":"https:\/\/premiumline-cabling.com\/fr\/wp-json\/wp\/v2\/product\/20781","targetHints":{"allow":["GET"]}}],"collection":[{"href":"https:\/\/premiumline-cabling.com\/fr\/wp-json\/wp\/v2\/product"}],"about":[{"href":"https:\/\/premiumline-cabling.com\/fr\/wp-json\/wp\/v2\/types\/product"}],"wp:featuredmedia":[{"embeddable":true,"href":"https:\/\/premiumline-cabling.com\/fr\/wp-json\/wp\/v2\/media\/20787"}],"wp:attachment":[{"href":"https:\/\/premiumline-cabling.com\/fr\/wp-json\/wp\/v2\/media?parent=20781"}],"wp:term":[{"taxonomy":"product_category","embeddable":true,"href":"https:\/\/premiumline-cabling.com\/fr\/wp-json\/wp\/v2\/product_category?post=20781"}],"curies":[{"name":"wp","href":"https:\/\/api.w.org\/{rel}","templated":true}]}}