{"id":20766,"date":"2019-04-29T18:33:59","date_gmt":"2019-04-29T17:33:59","guid":{"rendered":"https:\/\/premiumline-cabling.com\/product\/repartiteur-de-circuit-a-ondes-lumineuses-planaires\/"},"modified":"2023-12-14T18:48:29","modified_gmt":"2023-12-14T17:48:29","slug":"repartiteur-de-circuit-a-ondes-lumineuses-planaires","status":"publish","type":"product","link":"https:\/\/premiumline-cabling.com\/fr\/product\/repartiteur-de-circuit-a-ondes-lumineuses-planaires\/","title":{"rendered":"R\u00e9partiteur de circuit \u00e0 ondes"},"content":{"rendered":"<h3><noscript><img decoding=\"async\" class=\"alignright wp-image-2024 size-full\" src=\"https:\/\/premiumline-cabling.com\/wp-content\/uploads\/2019\/04\/PL_img_Planar-Light-Wave-Circuit-Splitter.jpg\" alt width=\"172\" height=\"272\"><\/noscript><img decoding=\"async\" class=\"alignright wp-image-2024 size-full lazyload\" src=\"data:image\/svg+xml,%3Csvg%20xmlns%3D%22http%3A%2F%2Fwww.w3.org%2F2000%2Fsvg%22%20viewBox%3D%220%200%20172%20272%22%3E%3C%2Fsvg%3E\" alt width=\"172\" height=\"272\" data-src=\"https:\/\/premiumline-cabling.com\/wp-content\/uploads\/2019\/04\/PL_img_Planar-Light-Wave-Circuit-Splitter.jpg\">R\u00e9partiteur de circuit \u00e0 ondes lumineuses planaires<\/h3>\n<h3>Caract\u00e9ristiques:<\/h3>\n<ul>\n<li>Faible perte d\u2019insertion et grande uniformit\u00e9<\/li>\n<li>Excellente stabilit\u00e9 environnementale<\/li>\n<li>Perte d\u00e9pendante de la faible polarisation<\/li>\n<li>Stabilit\u00e9 Telecordia GR-1221 et GR-1209<\/li>\n<li>Type de fibre nue, type sans bloc, type de module (type cassette en plastique), type de ventilateur, type de bo\u00eete LGX, type de montage en rack disponible<\/li>\n<\/ul>\n<h3>Applications:<\/h3>\n<ul>\n<li>Application Fiber to The x (FTTx) <noscript><img decoding=\"async\" class=\"alignright wp-image-2025 size-full\" src=\"https:\/\/premiumline-cabling.com\/wp-content\/uploads\/2019\/04\/PL_img_Planar-Light-Wave-Circuit-Splitter2.jpg\" alt width=\"262\" height=\"190\"><\/noscript><img decoding=\"async\" class=\"alignright wp-image-2025 size-full lazyload\" src=\"data:image\/svg+xml,%3Csvg%20xmlns%3D%22http%3A%2F%2Fwww.w3.org%2F2000%2Fsvg%22%20viewBox%3D%220%200%20262%20190%22%3E%3C%2Fsvg%3E\" alt width=\"262\" height=\"190\" data-src=\"https:\/\/premiumline-cabling.com\/wp-content\/uploads\/2019\/04\/PL_img_Planar-Light-Wave-Circuit-Splitter2.jpg\"><\/li>\n<li>Application Fiber to The Home (FTTH)<\/li>\n<li>R\u00e9seaux optiques passifs (PON)<\/li>\n<li>T\u00e9l\u00e9vision par c\u00e2ble (r\u00e9seau CATV)<\/li>\n<li>\u00c9quipement de test<\/li>\n<\/ul>\n<h3>Sp\u00e9cifications:<\/h3>\n<table style=\"width: 598px;\">\n<tbody>\n<tr style=\"height: 24px;\">\n<td style=\"width: 319px; height: 24px;\" colspan=\"2\" width=\"229\">Type<\/td>\n<td style=\"width: 79px; height: 24px;\" width=\"66\">1&#215;2<\/td>\n<td style=\"width: 62px; height: 24px;\" width=\"66\">1 x 4<\/td>\n<td style=\"width: 64px; height: 24px;\" width=\"66\">1 x 8<\/td>\n<td style=\"width: 83px; height: 24px;\" width=\"66\">1 x 16<\/td>\n<td style=\"width: 113px; height: 24px;\" width=\"66\">1 x 32<\/td>\n<td style=\"width: 83px; height: 24px;\" width=\"57\">1 x 64<\/td>\n<\/tr>\n<tr style=\"height: 48px;\">\n<td style=\"width: 319px; height: 48px;\" colspan=\"2\" width=\"229\">Longueur d\u2019onde de fonctionnement (nm)<\/td>\n<td style=\"width: 484px; height: 48px;\" colspan=\"6\" width=\"387\">1260-1650nm<\/td>\n<\/tr>\n<tr style=\"height: 24px;\">\n<td style=\"width: 319px; height: 24px;\" colspan=\"2\" width=\"229\">Perte d\u2019insertion (dB)<\/td>\n<td style=\"width: 79px; height: 24px;\" width=\"66\">3.7<\/td>\n<td style=\"width: 62px; height: 24px;\" width=\"66\">7.3<\/td>\n<td style=\"width: 64px; height: 24px;\" width=\"66\">10.5<\/td>\n<td style=\"width: 83px; height: 24px;\" width=\"66\">13.7<\/td>\n<td style=\"width: 113px; height: 24px;\" width=\"66\">16.8<\/td>\n<td style=\"width: 83px; height: 24px;\" width=\"57\">20.4<\/td>\n<\/tr>\n<tr style=\"height: 23px;\">\n<td style=\"width: 319px; height: 23px;\" colspan=\"2\" width=\"229\">Uniformit\u00e9 de perte (dB)<\/td>\n<td style=\"width: 79px; height: 23px;\" width=\"66\">0.6<\/td>\n<td style=\"width: 62px; height: 23px;\" width=\"66\">0.6<\/td>\n<td style=\"width: 64px; height: 23px;\" width=\"66\">0.8<\/td>\n<td style=\"width: 83px; height: 23px;\" width=\"66\">1.0<\/td>\n<td style=\"width: 113px; height: 23px;\" width=\"66\">1.5<\/td>\n<td style=\"width: 83px; height: 23px;\" width=\"57\">2.0<\/td>\n<\/tr>\n<tr style=\"height: 24px;\">\n<td style=\"width: 319px; height: 24px;\" colspan=\"2\" width=\"229\">PDL (dB)<\/td>\n<td style=\"width: 79px; height: 24px;\" width=\"66\">0.2<\/td>\n<td style=\"width: 62px; height: 24px;\" width=\"66\">0.2<\/td>\n<td style=\"width: 64px; height: 24px;\" width=\"66\">0.2<\/td>\n<td style=\"width: 83px; height: 24px;\" width=\"66\">0.3<\/td>\n<td style=\"width: 113px; height: 24px;\" width=\"66\">0.3<\/td>\n<td style=\"width: 83px; height: 24px;\" width=\"57\">0.3<\/td>\n<\/tr>\n<tr style=\"height: 24px;\">\n<td style=\"width: 319px; height: 24px;\" colspan=\"2\" width=\"229\">TDL (dB)<\/td>\n<td style=\"width: 79px; height: 24px;\" width=\"66\">0.5<\/td>\n<td style=\"width: 62px; height: 24px;\" width=\"66\">0.5<\/td>\n<td style=\"width: 64px; height: 24px;\" width=\"66\">0.5<\/td>\n<td style=\"width: 83px; height: 24px;\" width=\"66\">0.5<\/td>\n<td style=\"width: 113px; height: 24px;\" width=\"66\">0.5<\/td>\n<td style=\"width: 83px; height: 24px;\" width=\"57\">0.5<\/td>\n<\/tr>\n<tr style=\"height: 33px;\">\n<td style=\"width: 172px; height: 65px;\" rowspan=\"2\" width=\"87\">Perte de r\u00e9flexion (dB)<\/td>\n<td style=\"width: 147px; height: 32px;\" width=\"142\">Connecteur UPC<\/td>\n<td style=\"width: 484px; height: 32px;\" colspan=\"6\" width=\"387\">50<\/td>\n<\/tr>\n<tr style=\"height: 33px;\">\n<td style=\"width: 147px; height: 33px;\" width=\"142\">Connecteur APC<\/td>\n<td style=\"width: 484px; height: 33px;\" colspan=\"6\" width=\"387\">55<\/td>\n<\/tr>\n<tr style=\"height: 24px;\">\n<td style=\"width: 319px; height: 24px;\" colspan=\"2\" width=\"229\">Directivit\u00e9 (dB)<\/td>\n<td style=\"width: 484px; height: 24px;\" colspan=\"6\" width=\"387\">55<\/td>\n<\/tr>\n<\/tbody>\n<\/table>\n<table style=\"width: 597px;\">\n<tbody>\n<tr>\n<td style=\"width: 287px;\" colspan=\"2\" width=\"229\">Puissance admissible (mW)<\/td>\n<td style=\"width: 434px;\" colspan=\"6\" width=\"387\">300<\/td>\n<\/tr>\n<tr>\n<td style=\"width: 287px;\" colspan=\"2\" width=\"229\">Longueur de la queue de cochon (m)<\/td>\n<td style=\"width: 434px;\" colspan=\"6\" width=\"387\">1.0 (\u00b10.1) ou sp\u00e9cifi\u00e9 par le client<\/td>\n<\/tr>\n<tr>\n<td style=\"width: 287px;\" colspan=\"2\" width=\"229\">Type de fibre<\/td>\n<td style=\"width: 434px;\" colspan=\"6\" width=\"387\">UIT G657A1 ou sp\u00e9cifi\u00e9 par le client<\/td>\n<\/tr>\n<tr>\n<td style=\"width: 287px;\" colspan=\"2\" width=\"229\">Temp\u00e9rature de fonctionnement (\u00b0C)<\/td>\n<td style=\"width: 434px;\" colspan=\"6\" width=\"387\">-40 ~ 85<\/td>\n<\/tr>\n<tr>\n<td style=\"width: 287px;\" colspan=\"2\" width=\"229\">Temp\u00e9rature de stockage (\u00b0C)<\/td>\n<td style=\"width: 434px;\" colspan=\"6\" width=\"387\">-40 ~ 85<\/td>\n<\/tr>\n<tr>\n<td style=\"width: 287px;\" colspan=\"2\" width=\"229\">Type<\/td>\n<td style=\"width: 57px;\" width=\"66\">2 x 2<\/td>\n<td style=\"width: 70px;\" width=\"66\">2 x 4<\/td>\n<td style=\"width: 58px;\" width=\"66\">2 x 8<\/td>\n<td style=\"width: 53px;\" width=\"66\">2 x 16<\/td>\n<td style=\"width: 62px;\" width=\"66\">2 x 32<\/td>\n<td style=\"width: 134px;\" width=\"57\">2 x 64<\/td>\n<\/tr>\n<tr>\n<td style=\"width: 287px;\" colspan=\"2\" width=\"229\">Longueur d\u2019onde de fonctionnement (nm)<\/td>\n<td style=\"width: 434px;\" colspan=\"6\" width=\"387\">1260-1650<\/td>\n<\/tr>\n<tr>\n<td style=\"width: 287px;\" colspan=\"2\" width=\"229\">Perte d\u2019insertion (dB)<\/td>\n<td style=\"width: 57px;\" width=\"66\">4.3<\/td>\n<td style=\"width: 70px;\" width=\"66\">7.6<\/td>\n<td style=\"width: 58px;\" width=\"66\">10.8<\/td>\n<td style=\"width: 53px;\" width=\"66\">14.0<\/td>\n<td style=\"width: 62px;\" width=\"66\">17.1<\/td>\n<td style=\"width: 134px;\" width=\"57\">20.7<\/td>\n<\/tr>\n<tr>\n<td style=\"width: 287px;\" colspan=\"2\" width=\"229\">Uniformit\u00e9 de perte (dB)<\/td>\n<td style=\"width: 57px;\" width=\"66\">0.6<\/td>\n<td style=\"width: 70px;\" width=\"66\">0.6<\/td>\n<td style=\"width: 58px;\" width=\"66\">0.8<\/td>\n<td style=\"width: 53px;\" width=\"66\">1.0<\/td>\n<td style=\"width: 62px;\" width=\"66\">1.5<\/td>\n<td style=\"width: 134px;\" width=\"57\">2.0<\/td>\n<\/tr>\n<tr>\n<td style=\"width: 287px;\" colspan=\"2\" width=\"229\">PDL (dB)<\/td>\n<td style=\"width: 57px;\" width=\"66\">0.2<\/td>\n<td style=\"width: 70px;\" width=\"66\">0.2<\/td>\n<td style=\"width: 58px;\" width=\"66\">0.2<\/td>\n<td style=\"width: 53px;\" width=\"66\">0.3<\/td>\n<td style=\"width: 62px;\" width=\"66\">0.3<\/td>\n<td style=\"width: 134px;\" width=\"57\">0.3<\/td>\n<\/tr>\n<tr>\n<td style=\"width: 287px;\" colspan=\"2\" width=\"229\">TDL (dB)<\/td>\n<td style=\"width: 57px;\" width=\"66\">0.5<\/td>\n<td style=\"width: 70px;\" width=\"66\">0.5<\/td>\n<td style=\"width: 58px;\" width=\"66\">0.5<\/td>\n<td style=\"width: 53px;\" width=\"66\">0.5<\/td>\n<td style=\"width: 62px;\" width=\"66\">0.5<\/td>\n<td style=\"width: 134px;\" width=\"57\">0.5<\/td>\n<\/tr>\n<tr>\n<td style=\"width: 91px;\" rowspan=\"2\" width=\"87\">Perte de r\u00e9flexion (dB)<\/td>\n<td style=\"width: 196px;\" width=\"142\">Connecteur UPC<\/td>\n<td style=\"width: 434px;\" colspan=\"6\" width=\"387\">50<\/td>\n<\/tr>\n<tr>\n<td style=\"width: 196px;\" width=\"142\">Connecteur APC<\/td>\n<td style=\"width: 434px;\" colspan=\"6\" width=\"387\">55<\/td>\n<\/tr>\n<tr>\n<td style=\"width: 287px;\" colspan=\"2\" width=\"229\">Directivit\u00e9 (dB)<\/td>\n<td style=\"width: 434px;\" colspan=\"6\" width=\"387\">55<\/td>\n<\/tr>\n<tr>\n<td style=\"width: 287px;\" colspan=\"2\" width=\"229\">Puissance admissible (mW)<\/td>\n<td style=\"width: 434px;\" colspan=\"6\" width=\"387\">300<\/td>\n<\/tr>\n<tr>\n<td style=\"width: 287px;\" colspan=\"2\" width=\"229\">Longueur de la queue de cochon (m)<\/td>\n<td style=\"width: 434px;\" colspan=\"6\" width=\"387\">1.0 (\u00b10.1) ou sp\u00e9cifi\u00e9 par le client<\/td>\n<\/tr>\n<tr>\n<td style=\"width: 287px;\" colspan=\"2\" width=\"229\">Type de fibre<\/td>\n<td style=\"width: 434px;\" colspan=\"6\" width=\"387\">UIT G657A1 ou sp\u00e9cifi\u00e9 par le client<\/td>\n<\/tr>\n<tr>\n<td style=\"width: 287px;\" colspan=\"2\" width=\"229\">Temp\u00e9rature de fonctionnement (\u00b0C)<\/td>\n<td style=\"width: 434px;\" colspan=\"6\" width=\"387\">-40 ~ 85<\/td>\n<\/tr>\n<tr>\n<td style=\"width: 287px;\" colspan=\"2\" width=\"229\">Temp\u00e9rature de stockage (\u00b0C)<\/td>\n<td style=\"width: 434px;\" colspan=\"6\" width=\"387\">-40 ~ 85<\/td>\n<\/tr>\n<\/tbody>\n<\/table>\n<p><strong>Remarque<\/strong> :<\/p>\n<ol>\n<li>Toutes les mesures sont effectu\u00e9es \u00e0 temp\u00e9rature ambiante et \u00e0 l\u2019exclusion de la perte de connecteur ;<\/li>\n<li>Pour les appareils avec connecteurs, la perte d\u2019insertion sera sup\u00e9rieure de 0,3 dB, la perte de &gt;r\u00e9flexion de 55 dB (APC), &gt;50 dB (UPC).<\/li>\n<\/ol>\n<h3>LES INFORMATIONS RELATIVES \u00c0 LA COMMANDE:<\/h3>\n<table style=\"height: 184px;\" width=\"652\">\n<tbody>\n<tr style=\"height: 23px;\">\n<td style=\"width: 139px; height: 23px;\" width=\"142\">N\u00b0 de pi\u00e8ce&nbsp;:<\/td>\n<td style=\"width: 497px; height: 23px;\" colspan=\"5\" width=\"510\">23xxxyyyz<\/td>\n<\/tr>\n<tr style=\"height: 23px;\">\n<td style=\"width: 139px; height: 23px;\" width=\"142\">Description:<\/td>\n<td style=\"width: 497px; height: 23px;\" colspan=\"5\" width=\"510\">R\u00e9partiteur PLC sans bloc Premium-Line, fibre \u00e0 tube libre 900um, G657A1<\/td>\n<\/tr>\n<tr style=\"height: 23px;\">\n<td style=\"width: 139px; height: 46px;\" rowspan=\"2\" width=\"142\">xxx : Entr\u00e9e et sortie<\/td>\n<td style=\"width: 104px; height: 23px;\" width=\"151\">102 : 1&#215;2,<\/td>\n<td style=\"width: 112px; height: 23px;\" width=\"104\">104 : 1&#215;4,<\/td>\n<td style=\"width: 90px; height: 23px;\" width=\"76\">108 : 1&#215;8,<\/td>\n<td style=\"width: 90px; height: 23px;\" width=\"76\">116&nbsp;: 1&#215;16<\/td>\n<td style=\"width: 101px; height: 23px;\" width=\"104\">132&nbsp;: 1&#215;32<\/td>\n<\/tr>\n<tr style=\"height: 23px;\">\n<td style=\"width: 104px; height: 23px;\" width=\"151\">202 : 2&#215;2,<\/td>\n<td style=\"width: 112px; height: 23px;\" width=\"104\">204 : 2&#215;4,<\/td>\n<td style=\"width: 90px; height: 23px;\" width=\"76\">08 : 2&#215;8,<\/td>\n<td style=\"width: 90px; height: 23px;\" width=\"76\">216 : 2&#215;16,<\/td>\n<td style=\"width: 101px; height: 23px;\" width=\"104\">232&nbsp;: 2&#215;32<\/td>\n<\/tr>\n<tr style=\"height: 23px;\">\n<td style=\"width: 139px; height: 23px;\" width=\"142\">yyy : longueur<\/td>\n<td style=\"width: 497px; height: 23px;\" colspan=\"5\" width=\"510\">010 : 1 m 020 : 2 m<\/td>\n<\/tr>\n<tr style=\"height: 23px;\">\n<td style=\"width: 139px; height: 23px;\" rowspan=\"3\" width=\"142\">Z : connecteur<\/td>\n<td style=\"width: 497px; height: 23px;\" colspan=\"5\" width=\"510\">0 : sans connecteur<\/td>\n<\/tr>\n<tr style=\"height: 23px;\">\n<td style=\"width: 497px; height: 23px;\" colspan=\"5\" width=\"510\">1 : SC\/APC, 2 : FC\/APC, 4 : LC\/APC,<\/td>\n<\/tr>\n<tr style=\"height: 23px;\">\n<td style=\"width: 497px; height: 23px;\" colspan=\"5\" width=\"510\">6 : SC\/UPC, 8 : FC\/UPC, 9 : LC\/UPC,<\/td>\n<\/tr>\n<\/tbody>\n<\/table>\n<p>&nbsp;<\/p>\n","protected":false},"featured_media":20769,"template":"","product_category":[436],"class_list":["post-20766","product","type-product","status-publish","has-post-thumbnail","hentry","product_category-fttx-en-anglais-seulement"],"yoast_head":"<!-- This site is optimized with the Yoast SEO plugin v27.2 - https:\/\/yoast.com\/product\/yoast-seo-wordpress\/ -->\n<title>R\u00e9partiteur de circuit \u00e0 ondes lumineuses planaires | Ligne Premium<\/title>\n<meta name=\"description\" content=\"Pour en savoir plus sur le produit, consultez le site Web de l\u2019entreprise. Nous disposons d\u2019une gamme compl\u00e8te de solutions FTTx.\" \/>\n<meta name=\"robots\" content=\"index, follow, max-snippet:-1, max-image-preview:large, max-video-preview:-1\" \/>\n<link rel=\"canonical\" href=\"https:\/\/premiumline-cabling.com\/fr\/product\/repartiteur-de-circuit-a-ondes-lumineuses-planaires\/\" \/>\n<meta property=\"og:locale\" content=\"fr_FR\" \/>\n<meta property=\"og:type\" content=\"article\" \/>\n<meta property=\"og:title\" content=\"R\u00e9partiteur de circuit \u00e0 ondes lumineuses planaires | Ligne Premium\" \/>\n<meta property=\"og:description\" content=\"Pour en savoir plus sur le produit, consultez le site Web de l\u2019entreprise. Nous disposons d\u2019une gamme compl\u00e8te de solutions FTTx.\" \/>\n<meta property=\"og:url\" content=\"https:\/\/premiumline-cabling.com\/fr\/product\/repartiteur-de-circuit-a-ondes-lumineuses-planaires\/\" \/>\n<meta property=\"og:site_name\" content=\"Premium-Line\" \/>\n<meta property=\"article:modified_time\" content=\"2023-12-14T17:48:29+00:00\" \/>\n<meta property=\"og:image\" content=\"https:\/\/premiumline-cabling.com\/wp-content\/uploads\/2019\/04\/PL_img_PLC-Splitter-Module_main.jpg\" \/>\n\t<meta property=\"og:image:width\" content=\"350\" \/>\n\t<meta property=\"og:image:height\" content=\"253\" \/>\n\t<meta property=\"og:image:type\" content=\"image\/jpeg\" \/>\n<meta name=\"twitter:card\" content=\"summary_large_image\" \/>\n<meta name=\"twitter:label1\" content=\"Dur\u00e9e de lecture estim\u00e9e\" \/>\n\t<meta name=\"twitter:data1\" content=\"3 minutes\" \/>\n<script type=\"application\/ld+json\" class=\"yoast-schema-graph\">{\"@context\":\"https:\/\/schema.org\",\"@graph\":[{\"@type\":\"WebPage\",\"@id\":\"https:\/\/premiumline-cabling.com\/fr\/product\/repartiteur-de-circuit-a-ondes-lumineuses-planaires\/\",\"url\":\"https:\/\/premiumline-cabling.com\/fr\/product\/repartiteur-de-circuit-a-ondes-lumineuses-planaires\/\",\"name\":\"R\u00e9partiteur de circuit \u00e0 ondes lumineuses planaires | Ligne Premium\",\"isPartOf\":{\"@id\":\"https:\/\/premiumline-cabling.com\/#website\"},\"primaryImageOfPage\":{\"@id\":\"https:\/\/premiumline-cabling.com\/fr\/product\/repartiteur-de-circuit-a-ondes-lumineuses-planaires\/#primaryimage\"},\"image\":{\"@id\":\"https:\/\/premiumline-cabling.com\/fr\/product\/repartiteur-de-circuit-a-ondes-lumineuses-planaires\/#primaryimage\"},\"thumbnailUrl\":\"https:\/\/premiumline-cabling.com\/wp-content\/uploads\/2019\/04\/PL_img_PLC-Splitter-Module_main.jpg\",\"datePublished\":\"2019-04-29T17:33:59+00:00\",\"dateModified\":\"2023-12-14T17:48:29+00:00\",\"description\":\"Pour en savoir plus sur le produit, consultez le site Web de l\u2019entreprise. Nous disposons d\u2019une gamme compl\u00e8te de solutions FTTx.\",\"breadcrumb\":{\"@id\":\"https:\/\/premiumline-cabling.com\/fr\/product\/repartiteur-de-circuit-a-ondes-lumineuses-planaires\/#breadcrumb\"},\"inLanguage\":\"fr-FR\",\"potentialAction\":[{\"@type\":\"ReadAction\",\"target\":[\"https:\/\/premiumline-cabling.com\/fr\/product\/repartiteur-de-circuit-a-ondes-lumineuses-planaires\/\"]}]},{\"@type\":\"ImageObject\",\"inLanguage\":\"fr-FR\",\"@id\":\"https:\/\/premiumline-cabling.com\/fr\/product\/repartiteur-de-circuit-a-ondes-lumineuses-planaires\/#primaryimage\",\"url\":\"https:\/\/premiumline-cabling.com\/wp-content\/uploads\/2019\/04\/PL_img_PLC-Splitter-Module_main.jpg\",\"contentUrl\":\"https:\/\/premiumline-cabling.com\/wp-content\/uploads\/2019\/04\/PL_img_PLC-Splitter-Module_main.jpg\",\"width\":350,\"height\":253},{\"@type\":\"BreadcrumbList\",\"@id\":\"https:\/\/premiumline-cabling.com\/fr\/product\/repartiteur-de-circuit-a-ondes-lumineuses-planaires\/#breadcrumb\",\"itemListElement\":[{\"@type\":\"ListItem\",\"position\":1,\"name\":\"\u0413\u043b\u0430\u0432\u043d\u0430\u044f \u0441\u0442\u0440\u0430\u043d\u0438\u0446\u0430\",\"item\":\"https:\/\/premiumline-cabling.com\/fr\/\"},{\"@type\":\"ListItem\",\"position\":2,\"name\":\"R\u00e9partiteur de circuit \u00e0 ondes\"}]},{\"@type\":\"WebSite\",\"@id\":\"https:\/\/premiumline-cabling.com\/#website\",\"url\":\"https:\/\/premiumline-cabling.com\/\",\"name\":\"Premium-Line\",\"description\":\"Structured Cabling System\",\"publisher\":{\"@id\":\"https:\/\/premiumline-cabling.com\/#organization\"},\"potentialAction\":[{\"@type\":\"SearchAction\",\"target\":{\"@type\":\"EntryPoint\",\"urlTemplate\":\"https:\/\/premiumline-cabling.com\/?s={search_term_string}\"},\"query-input\":{\"@type\":\"PropertyValueSpecification\",\"valueRequired\":true,\"valueName\":\"search_term_string\"}}],\"inLanguage\":\"fr-FR\"},{\"@type\":\"Organization\",\"@id\":\"https:\/\/premiumline-cabling.com\/#organization\",\"name\":\"Premium-Line\",\"url\":\"https:\/\/premiumline-cabling.com\/\",\"logo\":{\"@type\":\"ImageObject\",\"inLanguage\":\"fr-FR\",\"@id\":\"https:\/\/premiumline-cabling.com\/#\/schema\/logo\/image\/\",\"url\":\"https:\/\/premiumline-cabling.com\/wp-content\/uploads\/2019\/04\/cropped-img_logo_site_Premium-Line.png\",\"contentUrl\":\"https:\/\/premiumline-cabling.com\/wp-content\/uploads\/2019\/04\/cropped-img_logo_site_Premium-Line.png\",\"width\":190,\"height\":62,\"caption\":\"Premium-Line\"},\"image\":{\"@id\":\"https:\/\/premiumline-cabling.com\/#\/schema\/logo\/image\/\"}}]}<\/script>\n<!-- \/ Yoast SEO plugin. -->","yoast_head_json":{"title":"R\u00e9partiteur de circuit \u00e0 ondes lumineuses planaires | Ligne Premium","description":"Pour en savoir plus sur le produit, consultez le site Web de l\u2019entreprise. Nous disposons d\u2019une gamme compl\u00e8te de solutions FTTx.","robots":{"index":"index","follow":"follow","max-snippet":"max-snippet:-1","max-image-preview":"max-image-preview:large","max-video-preview":"max-video-preview:-1"},"canonical":"https:\/\/premiumline-cabling.com\/fr\/product\/repartiteur-de-circuit-a-ondes-lumineuses-planaires\/","og_locale":"fr_FR","og_type":"article","og_title":"R\u00e9partiteur de circuit \u00e0 ondes lumineuses planaires | Ligne Premium","og_description":"Pour en savoir plus sur le produit, consultez le site Web de l\u2019entreprise. Nous disposons d\u2019une gamme compl\u00e8te de solutions FTTx.","og_url":"https:\/\/premiumline-cabling.com\/fr\/product\/repartiteur-de-circuit-a-ondes-lumineuses-planaires\/","og_site_name":"Premium-Line","article_modified_time":"2023-12-14T17:48:29+00:00","og_image":[{"width":350,"height":253,"url":"https:\/\/premiumline-cabling.com\/wp-content\/uploads\/2019\/04\/PL_img_PLC-Splitter-Module_main.jpg","type":"image\/jpeg"}],"twitter_card":"summary_large_image","twitter_misc":{"Dur\u00e9e de lecture estim\u00e9e":"3 minutes"},"schema":{"@context":"https:\/\/schema.org","@graph":[{"@type":"WebPage","@id":"https:\/\/premiumline-cabling.com\/fr\/product\/repartiteur-de-circuit-a-ondes-lumineuses-planaires\/","url":"https:\/\/premiumline-cabling.com\/fr\/product\/repartiteur-de-circuit-a-ondes-lumineuses-planaires\/","name":"R\u00e9partiteur de circuit \u00e0 ondes lumineuses planaires | Ligne Premium","isPartOf":{"@id":"https:\/\/premiumline-cabling.com\/#website"},"primaryImageOfPage":{"@id":"https:\/\/premiumline-cabling.com\/fr\/product\/repartiteur-de-circuit-a-ondes-lumineuses-planaires\/#primaryimage"},"image":{"@id":"https:\/\/premiumline-cabling.com\/fr\/product\/repartiteur-de-circuit-a-ondes-lumineuses-planaires\/#primaryimage"},"thumbnailUrl":"https:\/\/premiumline-cabling.com\/wp-content\/uploads\/2019\/04\/PL_img_PLC-Splitter-Module_main.jpg","datePublished":"2019-04-29T17:33:59+00:00","dateModified":"2023-12-14T17:48:29+00:00","description":"Pour en savoir plus sur le produit, consultez le site Web de l\u2019entreprise. Nous disposons d\u2019une gamme compl\u00e8te de solutions FTTx.","breadcrumb":{"@id":"https:\/\/premiumline-cabling.com\/fr\/product\/repartiteur-de-circuit-a-ondes-lumineuses-planaires\/#breadcrumb"},"inLanguage":"fr-FR","potentialAction":[{"@type":"ReadAction","target":["https:\/\/premiumline-cabling.com\/fr\/product\/repartiteur-de-circuit-a-ondes-lumineuses-planaires\/"]}]},{"@type":"ImageObject","inLanguage":"fr-FR","@id":"https:\/\/premiumline-cabling.com\/fr\/product\/repartiteur-de-circuit-a-ondes-lumineuses-planaires\/#primaryimage","url":"https:\/\/premiumline-cabling.com\/wp-content\/uploads\/2019\/04\/PL_img_PLC-Splitter-Module_main.jpg","contentUrl":"https:\/\/premiumline-cabling.com\/wp-content\/uploads\/2019\/04\/PL_img_PLC-Splitter-Module_main.jpg","width":350,"height":253},{"@type":"BreadcrumbList","@id":"https:\/\/premiumline-cabling.com\/fr\/product\/repartiteur-de-circuit-a-ondes-lumineuses-planaires\/#breadcrumb","itemListElement":[{"@type":"ListItem","position":1,"name":"\u0413\u043b\u0430\u0432\u043d\u0430\u044f \u0441\u0442\u0440\u0430\u043d\u0438\u0446\u0430","item":"https:\/\/premiumline-cabling.com\/fr\/"},{"@type":"ListItem","position":2,"name":"R\u00e9partiteur de circuit \u00e0 ondes"}]},{"@type":"WebSite","@id":"https:\/\/premiumline-cabling.com\/#website","url":"https:\/\/premiumline-cabling.com\/","name":"Premium-Line","description":"Structured Cabling System","publisher":{"@id":"https:\/\/premiumline-cabling.com\/#organization"},"potentialAction":[{"@type":"SearchAction","target":{"@type":"EntryPoint","urlTemplate":"https:\/\/premiumline-cabling.com\/?s={search_term_string}"},"query-input":{"@type":"PropertyValueSpecification","valueRequired":true,"valueName":"search_term_string"}}],"inLanguage":"fr-FR"},{"@type":"Organization","@id":"https:\/\/premiumline-cabling.com\/#organization","name":"Premium-Line","url":"https:\/\/premiumline-cabling.com\/","logo":{"@type":"ImageObject","inLanguage":"fr-FR","@id":"https:\/\/premiumline-cabling.com\/#\/schema\/logo\/image\/","url":"https:\/\/premiumline-cabling.com\/wp-content\/uploads\/2019\/04\/cropped-img_logo_site_Premium-Line.png","contentUrl":"https:\/\/premiumline-cabling.com\/wp-content\/uploads\/2019\/04\/cropped-img_logo_site_Premium-Line.png","width":190,"height":62,"caption":"Premium-Line"},"image":{"@id":"https:\/\/premiumline-cabling.com\/#\/schema\/logo\/image\/"}}]}},"_links":{"self":[{"href":"https:\/\/premiumline-cabling.com\/fr\/wp-json\/wp\/v2\/product\/20766","targetHints":{"allow":["GET"]}}],"collection":[{"href":"https:\/\/premiumline-cabling.com\/fr\/wp-json\/wp\/v2\/product"}],"about":[{"href":"https:\/\/premiumline-cabling.com\/fr\/wp-json\/wp\/v2\/types\/product"}],"wp:featuredmedia":[{"embeddable":true,"href":"https:\/\/premiumline-cabling.com\/fr\/wp-json\/wp\/v2\/media\/20769"}],"wp:attachment":[{"href":"https:\/\/premiumline-cabling.com\/fr\/wp-json\/wp\/v2\/media?parent=20766"}],"wp:term":[{"taxonomy":"product_category","embeddable":true,"href":"https:\/\/premiumline-cabling.com\/fr\/wp-json\/wp\/v2\/product_category?post=20766"}],"curies":[{"name":"wp","href":"https:\/\/api.w.org\/{rel}","templated":true}]}}