{"id":20758,"date":"2019-05-03T17:57:00","date_gmt":"2019-05-03T16:57:00","guid":{"rendered":"https:\/\/premiumline-cabling.com\/product\/cable-de-distribution-fttx\/"},"modified":"2023-12-14T18:36:53","modified_gmt":"2023-12-14T17:36:53","slug":"cable-de-distribution-fttx","status":"publish","type":"product","link":"https:\/\/premiumline-cabling.com\/fr\/product\/cable-de-distribution-fttx\/","title":{"rendered":"C\u00e2ble de distribution FTTX"},"content":{"rendered":"<p>Les fibres de 250um sont positionn\u00e9es dans un tube l\u00e2che en plastique PBT. Les tubes sont remplis de gel\u00e9e thixotrope r\u00e9sistante \u00e0 l\u2019eau. Un plastique renforc\u00e9 de fibres (FRP) se trouve au centre du noyau en tant qu\u2019\u00e9l\u00e9ment de r\u00e9sistance non m\u00e9tallique. Les tubes (et les charges) sont toronn\u00e9s autour de l\u2019\u00e9l\u00e9ment de force en un noyau compact et circulaire. L\u2019\u00e2me du c\u00e2ble est prot\u00e9g\u00e9e de l\u2019infiltration d\u2019eau par un fil et un ruban bloquant l\u2019eau, Enfin, le c\u00e2ble est compl\u00e9t\u00e9 par une gaine PE ou LSOH.<\/p>\n<p><noscript><img decoding=\"async\" class=\"size-full wp-image-2057 aligncenter\" src=\"https:\/\/premiumline-cabling.com\/wp-content\/uploads\/2019\/05\/FTTX-Dist-Cable-1.jpg\" alt width=\"625\" height=\"187\" srcset=\"https:\/\/premiumline-cabling.com\/wp-content\/uploads\/2019\/05\/FTTX-Dist-Cable-1.jpg 625w, https:\/\/premiumline-cabling.com\/wp-content\/uploads\/2019\/05\/FTTX-Dist-Cable-1-300x90.jpg 300w\" sizes=\"(max-width: 625px) 100vw, 625px\"><\/noscript><img decoding=\"async\" class=\"size-full wp-image-2057 aligncenter lazyload\" src=\"data:image\/svg+xml,%3Csvg%20xmlns%3D%22http%3A%2F%2Fwww.w3.org%2F2000%2Fsvg%22%20viewBox%3D%220%200%20625%20187%22%3E%3C%2Fsvg%3E\" alt width=\"625\" height=\"187\" srcset=\"data:image\/svg+xml,%3Csvg%20xmlns%3D%22http%3A%2F%2Fwww.w3.org%2F2000%2Fsvg%22%20viewBox%3D%220%200%20625%20187%22%3E%3C%2Fsvg%3E 625w\" sizes=\"(max-width: 625px) 100vw, 625px\" data-srcset=\"https:\/\/premiumline-cabling.com\/wp-content\/uploads\/2019\/05\/FTTX-Dist-Cable-1.jpg 625w, https:\/\/premiumline-cabling.com\/wp-content\/uploads\/2019\/05\/FTTX-Dist-Cable-1-300x90.jpg 300w\" data-src=\"https:\/\/premiumline-cabling.com\/wp-content\/uploads\/2019\/05\/FTTX-Dist-Cable-1.jpg\"><\/p>\n<h3>Caract\u00e9ristiques:<\/h3>\n<ul>\n<li>Bonnes performances flexibles et ultra insensibles \u00e0 la flexion pour les espaces critiques<\/li>\n<li>Deux \u00e9l\u00e9ments \u00e9tanches \u00e0 l\u2019eau, excellentes r\u00e9sistances \u00e0 l\u2019eau<\/li>\n<li>La construction di\u00e9lectrique offre de bonnes performances de r\u00e9sistance \u00e0 l\u2019\u00e9lectromagn\u00e9tisme<\/li>\n<\/ul>\n<h3>Conformit\u00e9s:<\/h3>\n<ul>\n<li>UIT-T G652 D\/ G657A2<\/li>\n<li>ANSI\/TIA 568-D.3<\/li>\n<li>Norme IEC-60794<\/li>\n<li>RoHS (en anglais seulement)<\/li>\n<\/ul>\n<h3>Applications:<\/h3>\n<ul>\n<li>C\u00e2ble de backbone d\u2019acc\u00e8s FTTH id\u00e9al, conducteurs sp\u00e9cifiques par tube pour un d\u00e9ploiement clair et facile de la distribution<\/li>\n<li>Convient pour les environnements ext\u00e9rieurs de l\u2019usine, l\u2019installation a\u00e9rienne ou par conduit<\/li>\n<li>Tous les r\u00e9seaux informatiques FDDI, ATM et Ethernet<\/li>\n<li>Gaine ignifuge LSOH disponible pour les locaux de backbone, conforme \u00e0 la norme CEI 60332-1<\/li>\n<\/ul>\n<h3>Informations sur les commandes:<\/h3>\n<table>\n<tbody>\n<tr>\n<td width=\"132\">N\u00b0 de pi\u00e8ce<\/td>\n<td width=\"491\">2642xyzzz2<\/td>\n<\/tr>\n<tr>\n<td width=\"132\">Description:<\/td>\n<td width=\"491\">C\u00e2ble de distribution FTTH ext\u00e9rieur \u00e0 fibre optique Premium Line \u00ab&nbsp;Dry Core&nbsp;\u00bb, multitube, non m\u00e9tallique avec \u00e9l\u00e9ment de force central FRP, monomode<\/td>\n<\/tr>\n<tr>\n<td width=\"132\">x, mode<\/td>\n<td width=\"491\">2 : SM 9\/125 6 : SM 9\/125 G657A2<\/td>\n<\/tr>\n<tr>\n<td width=\"132\">y, gaine<\/td>\n<td width=\"491\">2 : LSOH 3 : PE<\/td>\n<\/tr>\n<tr>\n<td width=\"132\">zzz, nombre de fibres<\/td>\n<td width=\"491\">004\/ 006\/ 008\/ 012\/ 024\/ 036\/ 048\/ 072\/ 096<\/td>\n<\/tr>\n<\/tbody>\n<\/table>\n","protected":false},"featured_media":20759,"template":"","product_category":[436],"class_list":["post-20758","product","type-product","status-publish","has-post-thumbnail","hentry","product_category-fttx-en-anglais-seulement"],"yoast_head":"<!-- This site is optimized with the Yoast SEO plugin v27.2 - https:\/\/yoast.com\/product\/yoast-seo-wordpress\/ -->\n<title>C\u00e2ble de distribution FTTX Premium-Line \u00e0 \u00e2me s\u00e8che<\/title>\n<meta name=\"description\" content=\"Les fibres de 250um sont positionn\u00e9es dans un tube l\u00e2che en plastique PBT. Les tubes sont remplis de gel\u00e9e thixotrope r\u00e9sistante \u00e0 l\u2019eau.\" \/>\n<meta name=\"robots\" content=\"index, follow, max-snippet:-1, max-image-preview:large, max-video-preview:-1\" \/>\n<link rel=\"canonical\" href=\"https:\/\/premiumline-cabling.com\/fr\/product\/cable-de-distribution-fttx\/\" \/>\n<meta property=\"og:locale\" content=\"fr_FR\" \/>\n<meta property=\"og:type\" content=\"article\" \/>\n<meta property=\"og:title\" content=\"C\u00e2ble de distribution FTTX Premium-Line \u00e0 \u00e2me s\u00e8che\" \/>\n<meta property=\"og:description\" content=\"Les fibres de 250um sont positionn\u00e9es dans un tube l\u00e2che en plastique PBT. Les tubes sont remplis de gel\u00e9e thixotrope r\u00e9sistante \u00e0 l\u2019eau.\" \/>\n<meta property=\"og:url\" content=\"https:\/\/premiumline-cabling.com\/fr\/product\/cable-de-distribution-fttx\/\" \/>\n<meta property=\"og:site_name\" content=\"Premium-Line\" \/>\n<meta property=\"article:modified_time\" content=\"2023-12-14T17:36:53+00:00\" \/>\n<meta property=\"og:image\" content=\"https:\/\/premiumline-cabling.com\/wp-content\/uploads\/2019\/05\/FTTX-Dist-Cable-2.jpg\" \/>\n\t<meta property=\"og:image:width\" content=\"232\" \/>\n\t<meta property=\"og:image:height\" content=\"234\" \/>\n\t<meta property=\"og:image:type\" content=\"image\/jpeg\" \/>\n<meta name=\"twitter:card\" content=\"summary_large_image\" \/>\n<meta name=\"twitter:label1\" content=\"Dur\u00e9e de lecture estim\u00e9e\" \/>\n\t<meta name=\"twitter:data1\" content=\"2 minutes\" \/>\n<script type=\"application\/ld+json\" class=\"yoast-schema-graph\">{\"@context\":\"https:\/\/schema.org\",\"@graph\":[{\"@type\":\"WebPage\",\"@id\":\"https:\/\/premiumline-cabling.com\/fr\/product\/cable-de-distribution-fttx\/\",\"url\":\"https:\/\/premiumline-cabling.com\/fr\/product\/cable-de-distribution-fttx\/\",\"name\":\"C\u00e2ble de distribution FTTX Premium-Line \u00e0 \u00e2me s\u00e8che\",\"isPartOf\":{\"@id\":\"https:\/\/premiumline-cabling.com\/#website\"},\"primaryImageOfPage\":{\"@id\":\"https:\/\/premiumline-cabling.com\/fr\/product\/cable-de-distribution-fttx\/#primaryimage\"},\"image\":{\"@id\":\"https:\/\/premiumline-cabling.com\/fr\/product\/cable-de-distribution-fttx\/#primaryimage\"},\"thumbnailUrl\":\"https:\/\/premiumline-cabling.com\/wp-content\/uploads\/2019\/05\/FTTX-Dist-Cable-2.jpg\",\"datePublished\":\"2019-05-03T16:57:00+00:00\",\"dateModified\":\"2023-12-14T17:36:53+00:00\",\"description\":\"Les fibres de 250um sont positionn\u00e9es dans un tube l\u00e2che en plastique PBT. Les tubes sont remplis de gel\u00e9e thixotrope r\u00e9sistante \u00e0 l\u2019eau.\",\"breadcrumb\":{\"@id\":\"https:\/\/premiumline-cabling.com\/fr\/product\/cable-de-distribution-fttx\/#breadcrumb\"},\"inLanguage\":\"fr-FR\",\"potentialAction\":[{\"@type\":\"ReadAction\",\"target\":[\"https:\/\/premiumline-cabling.com\/fr\/product\/cable-de-distribution-fttx\/\"]}]},{\"@type\":\"ImageObject\",\"inLanguage\":\"fr-FR\",\"@id\":\"https:\/\/premiumline-cabling.com\/fr\/product\/cable-de-distribution-fttx\/#primaryimage\",\"url\":\"https:\/\/premiumline-cabling.com\/wp-content\/uploads\/2019\/05\/FTTX-Dist-Cable-2.jpg\",\"contentUrl\":\"https:\/\/premiumline-cabling.com\/wp-content\/uploads\/2019\/05\/FTTX-Dist-Cable-2.jpg\",\"width\":232,\"height\":234},{\"@type\":\"BreadcrumbList\",\"@id\":\"https:\/\/premiumline-cabling.com\/fr\/product\/cable-de-distribution-fttx\/#breadcrumb\",\"itemListElement\":[{\"@type\":\"ListItem\",\"position\":1,\"name\":\"\u0413\u043b\u0430\u0432\u043d\u0430\u044f \u0441\u0442\u0440\u0430\u043d\u0438\u0446\u0430\",\"item\":\"https:\/\/premiumline-cabling.com\/fr\/\"},{\"@type\":\"ListItem\",\"position\":2,\"name\":\"C\u00e2ble de distribution FTTX\"}]},{\"@type\":\"WebSite\",\"@id\":\"https:\/\/premiumline-cabling.com\/#website\",\"url\":\"https:\/\/premiumline-cabling.com\/\",\"name\":\"Premium-Line\",\"description\":\"Structured Cabling System\",\"publisher\":{\"@id\":\"https:\/\/premiumline-cabling.com\/#organization\"},\"potentialAction\":[{\"@type\":\"SearchAction\",\"target\":{\"@type\":\"EntryPoint\",\"urlTemplate\":\"https:\/\/premiumline-cabling.com\/?s={search_term_string}\"},\"query-input\":{\"@type\":\"PropertyValueSpecification\",\"valueRequired\":true,\"valueName\":\"search_term_string\"}}],\"inLanguage\":\"fr-FR\"},{\"@type\":\"Organization\",\"@id\":\"https:\/\/premiumline-cabling.com\/#organization\",\"name\":\"Premium-Line\",\"url\":\"https:\/\/premiumline-cabling.com\/\",\"logo\":{\"@type\":\"ImageObject\",\"inLanguage\":\"fr-FR\",\"@id\":\"https:\/\/premiumline-cabling.com\/#\/schema\/logo\/image\/\",\"url\":\"https:\/\/premiumline-cabling.com\/wp-content\/uploads\/2019\/04\/cropped-img_logo_site_Premium-Line.png\",\"contentUrl\":\"https:\/\/premiumline-cabling.com\/wp-content\/uploads\/2019\/04\/cropped-img_logo_site_Premium-Line.png\",\"width\":190,\"height\":62,\"caption\":\"Premium-Line\"},\"image\":{\"@id\":\"https:\/\/premiumline-cabling.com\/#\/schema\/logo\/image\/\"}}]}<\/script>\n<!-- \/ Yoast SEO plugin. -->","yoast_head_json":{"title":"C\u00e2ble de distribution FTTX Premium-Line \u00e0 \u00e2me s\u00e8che","description":"Les fibres de 250um sont positionn\u00e9es dans un tube l\u00e2che en plastique PBT. Les tubes sont remplis de gel\u00e9e thixotrope r\u00e9sistante \u00e0 l\u2019eau.","robots":{"index":"index","follow":"follow","max-snippet":"max-snippet:-1","max-image-preview":"max-image-preview:large","max-video-preview":"max-video-preview:-1"},"canonical":"https:\/\/premiumline-cabling.com\/fr\/product\/cable-de-distribution-fttx\/","og_locale":"fr_FR","og_type":"article","og_title":"C\u00e2ble de distribution FTTX Premium-Line \u00e0 \u00e2me s\u00e8che","og_description":"Les fibres de 250um sont positionn\u00e9es dans un tube l\u00e2che en plastique PBT. Les tubes sont remplis de gel\u00e9e thixotrope r\u00e9sistante \u00e0 l\u2019eau.","og_url":"https:\/\/premiumline-cabling.com\/fr\/product\/cable-de-distribution-fttx\/","og_site_name":"Premium-Line","article_modified_time":"2023-12-14T17:36:53+00:00","og_image":[{"width":232,"height":234,"url":"https:\/\/premiumline-cabling.com\/wp-content\/uploads\/2019\/05\/FTTX-Dist-Cable-2.jpg","type":"image\/jpeg"}],"twitter_card":"summary_large_image","twitter_misc":{"Dur\u00e9e de lecture estim\u00e9e":"2 minutes"},"schema":{"@context":"https:\/\/schema.org","@graph":[{"@type":"WebPage","@id":"https:\/\/premiumline-cabling.com\/fr\/product\/cable-de-distribution-fttx\/","url":"https:\/\/premiumline-cabling.com\/fr\/product\/cable-de-distribution-fttx\/","name":"C\u00e2ble de distribution FTTX Premium-Line \u00e0 \u00e2me s\u00e8che","isPartOf":{"@id":"https:\/\/premiumline-cabling.com\/#website"},"primaryImageOfPage":{"@id":"https:\/\/premiumline-cabling.com\/fr\/product\/cable-de-distribution-fttx\/#primaryimage"},"image":{"@id":"https:\/\/premiumline-cabling.com\/fr\/product\/cable-de-distribution-fttx\/#primaryimage"},"thumbnailUrl":"https:\/\/premiumline-cabling.com\/wp-content\/uploads\/2019\/05\/FTTX-Dist-Cable-2.jpg","datePublished":"2019-05-03T16:57:00+00:00","dateModified":"2023-12-14T17:36:53+00:00","description":"Les fibres de 250um sont positionn\u00e9es dans un tube l\u00e2che en plastique PBT. Les tubes sont remplis de gel\u00e9e thixotrope r\u00e9sistante \u00e0 l\u2019eau.","breadcrumb":{"@id":"https:\/\/premiumline-cabling.com\/fr\/product\/cable-de-distribution-fttx\/#breadcrumb"},"inLanguage":"fr-FR","potentialAction":[{"@type":"ReadAction","target":["https:\/\/premiumline-cabling.com\/fr\/product\/cable-de-distribution-fttx\/"]}]},{"@type":"ImageObject","inLanguage":"fr-FR","@id":"https:\/\/premiumline-cabling.com\/fr\/product\/cable-de-distribution-fttx\/#primaryimage","url":"https:\/\/premiumline-cabling.com\/wp-content\/uploads\/2019\/05\/FTTX-Dist-Cable-2.jpg","contentUrl":"https:\/\/premiumline-cabling.com\/wp-content\/uploads\/2019\/05\/FTTX-Dist-Cable-2.jpg","width":232,"height":234},{"@type":"BreadcrumbList","@id":"https:\/\/premiumline-cabling.com\/fr\/product\/cable-de-distribution-fttx\/#breadcrumb","itemListElement":[{"@type":"ListItem","position":1,"name":"\u0413\u043b\u0430\u0432\u043d\u0430\u044f \u0441\u0442\u0440\u0430\u043d\u0438\u0446\u0430","item":"https:\/\/premiumline-cabling.com\/fr\/"},{"@type":"ListItem","position":2,"name":"C\u00e2ble de distribution FTTX"}]},{"@type":"WebSite","@id":"https:\/\/premiumline-cabling.com\/#website","url":"https:\/\/premiumline-cabling.com\/","name":"Premium-Line","description":"Structured Cabling System","publisher":{"@id":"https:\/\/premiumline-cabling.com\/#organization"},"potentialAction":[{"@type":"SearchAction","target":{"@type":"EntryPoint","urlTemplate":"https:\/\/premiumline-cabling.com\/?s={search_term_string}"},"query-input":{"@type":"PropertyValueSpecification","valueRequired":true,"valueName":"search_term_string"}}],"inLanguage":"fr-FR"},{"@type":"Organization","@id":"https:\/\/premiumline-cabling.com\/#organization","name":"Premium-Line","url":"https:\/\/premiumline-cabling.com\/","logo":{"@type":"ImageObject","inLanguage":"fr-FR","@id":"https:\/\/premiumline-cabling.com\/#\/schema\/logo\/image\/","url":"https:\/\/premiumline-cabling.com\/wp-content\/uploads\/2019\/04\/cropped-img_logo_site_Premium-Line.png","contentUrl":"https:\/\/premiumline-cabling.com\/wp-content\/uploads\/2019\/04\/cropped-img_logo_site_Premium-Line.png","width":190,"height":62,"caption":"Premium-Line"},"image":{"@id":"https:\/\/premiumline-cabling.com\/#\/schema\/logo\/image\/"}}]}},"_links":{"self":[{"href":"https:\/\/premiumline-cabling.com\/fr\/wp-json\/wp\/v2\/product\/20758","targetHints":{"allow":["GET"]}}],"collection":[{"href":"https:\/\/premiumline-cabling.com\/fr\/wp-json\/wp\/v2\/product"}],"about":[{"href":"https:\/\/premiumline-cabling.com\/fr\/wp-json\/wp\/v2\/types\/product"}],"wp:featuredmedia":[{"embeddable":true,"href":"https:\/\/premiumline-cabling.com\/fr\/wp-json\/wp\/v2\/media\/20759"}],"wp:attachment":[{"href":"https:\/\/premiumline-cabling.com\/fr\/wp-json\/wp\/v2\/media?parent=20758"}],"wp:term":[{"taxonomy":"product_category","embeddable":true,"href":"https:\/\/premiumline-cabling.com\/fr\/wp-json\/wp\/v2\/product_category?post=20758"}],"curies":[{"name":"wp","href":"https:\/\/api.w.org\/{rel}","templated":true}]}}