{"id":20755,"date":"2022-02-09T11:17:03","date_gmt":"2022-02-09T10:17:03","guid":{"rendered":"https:\/\/premiumline-cabling.com\/product\/cable-plat-d-antenne-fttx\/"},"modified":"2023-12-14T18:41:14","modified_gmt":"2023-12-14T17:41:14","slug":"cable-plat-d-antenne-fttx","status":"publish","type":"product","link":"https:\/\/premiumline-cabling.com\/fr\/product\/cable-plat-d-antenne-fttx\/","title":{"rendered":"C\u00e2ble plat d\u2019antenne FTTX"},"content":{"rendered":"<p>&nbsp;<\/p>\n<h3>Description:<noscript><img decoding=\"async\" class=\"size-medium wp-image-13645 alignright\" src=\"https:\/\/premiumline-cabling.com\/wp-content\/uploads\/2022\/02\/FTTx_aeral_drop_flat_d-300x174.jpg\" alt width=\"300\" height=\"174\" srcset=\"https:\/\/premiumline-cabling.com\/wp-content\/uploads\/2022\/02\/FTTx_aeral_drop_flat_d-300x174.jpg 300w, https:\/\/premiumline-cabling.com\/wp-content\/uploads\/2022\/02\/FTTx_aeral_drop_flat_d.jpg 461w\" sizes=\"(max-width: 300px) 100vw, 300px\"><\/noscript><img decoding=\"async\" class=\"size-medium wp-image-13645 alignright lazyload\" src=\"data:image\/svg+xml,%3Csvg%20xmlns%3D%22http%3A%2F%2Fwww.w3.org%2F2000%2Fsvg%22%20viewBox%3D%220%200%20300%20174%22%3E%3C%2Fsvg%3E\" alt width=\"300\" height=\"174\" srcset=\"data:image\/svg+xml,%3Csvg%20xmlns%3D%22http%3A%2F%2Fwww.w3.org%2F2000%2Fsvg%22%20viewBox%3D%220%200%20300%20174%22%3E%3C%2Fsvg%3E 300w\" sizes=\"(max-width: 300px) 100vw, 300px\" data-srcset=\"https:\/\/premiumline-cabling.com\/wp-content\/uploads\/2022\/02\/FTTx_aeral_drop_flat_d-300x174.jpg 300w, https:\/\/premiumline-cabling.com\/wp-content\/uploads\/2022\/02\/FTTx_aeral_drop_flat_d.jpg 461w\" data-src=\"https:\/\/premiumline-cabling.com\/wp-content\/uploads\/2022\/02\/FTTx_aeral_drop_flat_d-300x174.jpg\"><\/h3>\n<p>Ce c\u00e2ble comprend 1, 2 ou 4 fibres dans un design classique \u00e0 plat, prend en charge les t\u00e9l\u00e9communications \u00e0 haut d\u00e9bit et \u00e0 large bande. Le fil messager solide (ou toronn\u00e9) et la construction en toile le rendent disponible pour une installation a\u00e9rienne ext\u00e9rieure et fonctionnent \u00e9galement comme acc\u00e8s aux b\u00e2timents ou aux maisons. Les pi\u00e8ces internes sont constitu\u00e9es de deux \u00e9l\u00e9ments de r\u00e9sistance FRP parall\u00e8les qui prot\u00e8gent les fibres optiques situ\u00e9es au centre. Et le c\u00e2ble est compl\u00e9t\u00e9 par une gaine LSOH noire.<\/p>\n<h3>Caract\u00e9ristiques:<\/h3>\n<ul>\n<li>Compact et l\u00e9ger, facile \u00e0 d\u00e9nuder et \u00e0 \u00e9pisser<\/li>\n<li>Construction a\u00e9rienne id\u00e9ale pour une installation directe dans les villas<\/li>\n<li>Faible perte de flexion, c\u00e2ble d\u2019acc\u00e8s id\u00e9al dans le projet PON<\/li>\n<li>Drop flat facile pour l\u2019attribution des c\u00e2bles<\/li>\n<\/ul>\n<h3>Conformit\u00e9s:<\/h3>\n<ul>\n<li>UIT-T G652D\/G657A2&nbsp;; ANSI\/TIA 568-C.3 ; IEC-60332-1<\/li>\n<\/ul>\n<p>Applications:<\/p>\n<ul>\n<li>C\u00e2blage ext\u00e9rieur pour les syst\u00e8mes FTTx<\/li>\n<\/ul>\n<h3>Structure et caract\u00e9ristiques environnementales:<\/h3>\n<table width=\"534\">\n<tbody>\n<tr>\n<td width=\"239\">Messager<\/td>\n<td width=\"110\">Mat\u00e9riau<\/td>\n<td width=\"184\">Fil d\u2019acier (1,0 mm)<\/td>\n<\/tr>\n<tr>\n<td rowspan=\"2\" width=\"239\">\u00c9l\u00e9ment de force p\u00e9riph\u00e9rique<\/td>\n<td width=\"110\">Mat\u00e9riau<\/td>\n<td width=\"184\">FRP (en anglais seulement)<\/td>\n<\/tr>\n<tr>\n<td width=\"110\">Diam\u00e8tre<\/td>\n<td width=\"184\">0,5 millim\u00e8tre<\/td>\n<\/tr>\n<tr>\n<td width=\"239\">Fourreau<\/td>\n<td width=\"110\">Mat\u00e9riau<\/td>\n<td width=\"184\">LSOH \/ noir<\/td>\n<\/tr>\n<tr>\n<td width=\"239\">Temp\u00e9rature de fonctionnement<\/td>\n<td colspan=\"2\" width=\"295\">-20 \u00b0<sup>C \u00e0 +60<sup> \u00b0<\/sup>C<\/sup><\/td>\n<\/tr>\n<tr>\n<td width=\"239\">Temp\u00e9rature de stockage \/ transport<\/td>\n<td colspan=\"2\" width=\"295\">-20 \u00b0<sup>C \u00e0 +60<sup> \u00b0<\/sup>C<\/sup><\/td>\n<\/tr>\n<tr>\n<td width=\"239\">Temp\u00e9rature d&#8217;installation<\/td>\n<td colspan=\"2\" width=\"295\">-10 \u00b0<sup>C \u00e0 +60<sup> \u00b0<\/sup>C<\/sup><\/td>\n<\/tr>\n<\/tbody>\n<\/table>\n<h3><strong style=\"font-size: 16px;\">Caract\u00e9ristiques m\u00e9caniques:<\/strong><\/h3>\n<table width=\"499\">\n<tbody>\n<tr>\n<td rowspan=\"3\" width=\"39\">Nombre de fibres<\/td>\n<td rowspan=\"3\" width=\"55\">Diam\u00e8tre ext\u00e9rieur\n<p>(millim\u00e8tre)<\/p><\/td>\n<td rowspan=\"3\" width=\"48\">Poids du c\u00e2ble\n<p>(kg\/km)<\/p><\/td>\n<td colspan=\"2\" width=\"126\">R\u00e9sistance \u00e0 l\u2019\u00e9crasement<\/td>\n<td colspan=\"2\" width=\"114\">Charge de traction<\/td>\n<td colspan=\"2\" width=\"116\">Rayon de courbure<\/td>\n<td width=\"0\"><\/td>\n<\/tr>\n<tr>\n<td rowspan=\"2\" width=\"63\">\u00c0 court terme\n<p>(N\/100cm)<\/p><\/td>\n<td rowspan=\"2\" width=\"63\">\u00c0 long terme\n<p>(N\/100cm)<\/p><\/td>\n<td rowspan=\"2\" width=\"55\">\u00c0 court terme\n<p>(N)<\/p><\/td>\n<td rowspan=\"2\" width=\"59\">\u00c0 long terme\n<p>(N)<\/p><\/td>\n<td width=\"57\">Statique\n<p>(millim\u00e8tre)<\/p><\/td>\n<td colspan=\"2\" width=\"60\">Dynamique\n<p>(millim\u00e8tre)<\/p><\/td>\n<\/tr>\n<tr>\n<td colspan=\"3\" width=\"117\">G652D\/G657A2<\/td>\n<\/tr>\n<tr>\n<td width=\"39\">1<\/td>\n<td width=\"55\">2.0X5.3<\/td>\n<td width=\"48\">25<\/td>\n<td width=\"63\">2000<\/td>\n<td width=\"63\">1000<\/td>\n<td width=\"55\">300<\/td>\n<td width=\"59\">100<\/td>\n<td width=\"57\">30<\/td>\n<td colspan=\"2\" width=\"60\">60<\/td>\n<\/tr>\n<tr>\n<td width=\"39\">2<\/td>\n<td width=\"55\">2.0X5.3<\/td>\n<td width=\"48\">25<\/td>\n<td width=\"63\">2000<\/td>\n<td width=\"63\">1000<\/td>\n<td width=\"55\">300<\/td>\n<td width=\"59\">100<\/td>\n<td width=\"57\">30<\/td>\n<td colspan=\"2\" width=\"60\">60<\/td>\n<\/tr>\n<tr>\n<td width=\"39\">4<\/td>\n<td width=\"55\">2.0X5.7<\/td>\n<td width=\"48\">25<\/td>\n<td width=\"63\">2000<\/td>\n<td width=\"63\">1000<\/td>\n<td width=\"55\">300<\/td>\n<td width=\"59\">100<\/td>\n<td width=\"57\">30<\/td>\n<td colspan=\"2\" width=\"60\">60<\/td>\n<\/tr>\n<\/tbody>\n<\/table>\n<h3>Code couleur de la fibre:<\/h3>\n<table width=\"548\">\n<tbody>\n<tr>\n<td width=\"110\"><strong>Non. de fibres<\/strong><\/td>\n<td width=\"110\"><strong>1<\/strong><\/td>\n<td width=\"110\"><strong>2<\/strong><\/td>\n<td width=\"110\"><strong>3<\/strong><\/td>\n<td width=\"110\"><strong>4<\/strong><\/td>\n<\/tr>\n<tr>\n<td width=\"110\"><strong>Couleur de la fibre<\/strong><\/td>\n<td bgcolor=\"#0000FF\" width=\"110\"><span style=\"color: #ffffff;\"><strong>Bleu<\/strong><\/span><\/td>\n<td bgcolor=\"#FFA500\" width=\"110\"><span style=\"color: #ffffff;\"><strong>Orange<\/strong><\/span><\/td>\n<td bgcolor=\"#008000\" width=\"110\"><span style=\"color: #ffffff;\"><strong>Vert<\/strong><\/span><\/td>\n<td bgcolor=\"#6F4E37\" width=\"110\"><span style=\"color: #ffffff;\"><strong>Marron<\/strong><\/span><\/td>\n<\/tr>\n<\/tbody>\n<\/table>\n<h3>Informations sur les commandes:<\/h3>\n<table>\n<tbody>\n<tr>\n<td width=\"132\">N\u00b0 de pi\u00e8ce<\/td>\n<td width=\"491\">2684x2yyy<\/td>\n<\/tr>\n<tr>\n<td width=\"132\">Description:<\/td>\n<td width=\"491\">C\u00e2ble plat FTTH pour antenne ext\u00e9rieure \u00e0 fibre optique Premium Line, avec deux \u00e9l\u00e9ments de r\u00e9sistance FRP, messager en fil d\u2019acier massif, LSOH, noir<\/td>\n<\/tr>\n<tr>\n<td width=\"132\">x, mode<\/td>\n<td width=\"491\">1 : MM 62,5\/125 2 : SM 9\/125 3 : MM 50\/125 4 : MM\/OM3<br>\n6 : SM 9\/125 G657A2<\/td>\n<\/tr>\n<tr>\n<td width=\"132\">yyy, nombre de fibres<\/td>\n<td width=\"491\">001 \/ 002 \/ 004<\/td>\n<\/tr>\n<\/tbody>\n<\/table>\n<h3><span style=\"color: #a13737;\"><strong><u>Plus d&#8217;informations (cliquez sur le signe &#8220;+&#8221; ci-dessous)<\/u><\/strong><\/span><\/h3>\n","protected":false},"featured_media":20757,"template":"","product_category":[436],"class_list":["post-20755","product","type-product","status-publish","has-post-thumbnail","hentry","product_category-fttx-en-anglais-seulement"],"yoast_head":"<!-- This site is optimized with the Yoast SEO plugin v27.2 - https:\/\/yoast.com\/product\/yoast-seo-wordpress\/ -->\n<title>C\u00e2ble plat FTTX Premium-Line<\/title>\n<meta name=\"description\" content=\"Les solutions d\u2019acc\u00e8s traditionnelles \u00e0 base de cuivre ne r\u00e9pondront pas \u00e0 la demande de bande passante \u00e9lev\u00e9e et de distance plus longue. En savoir plus !\" \/>\n<meta name=\"robots\" content=\"index, follow, max-snippet:-1, max-image-preview:large, max-video-preview:-1\" \/>\n<link rel=\"canonical\" href=\"https:\/\/premiumline-cabling.com\/fr\/product\/cable-plat-d-antenne-fttx\/\" \/>\n<meta property=\"og:locale\" content=\"fr_FR\" \/>\n<meta property=\"og:type\" content=\"article\" \/>\n<meta property=\"og:title\" content=\"C\u00e2ble plat FTTX Premium-Line\" \/>\n<meta property=\"og:description\" content=\"Les solutions d\u2019acc\u00e8s traditionnelles \u00e0 base de cuivre ne r\u00e9pondront pas \u00e0 la demande de bande passante \u00e9lev\u00e9e et de distance plus longue. En savoir plus !\" \/>\n<meta property=\"og:url\" content=\"https:\/\/premiumline-cabling.com\/fr\/product\/cable-plat-d-antenne-fttx\/\" \/>\n<meta property=\"og:site_name\" content=\"Premium-Line\" \/>\n<meta property=\"article:modified_time\" content=\"2023-12-14T17:41:14+00:00\" \/>\n<meta property=\"og:image\" content=\"https:\/\/premiumline-cabling.com\/wp-content\/uploads\/2022\/02\/FTTx_aeral_drop_flat.jpg\" \/>\n\t<meta property=\"og:image:width\" content=\"509\" \/>\n\t<meta property=\"og:image:height\" content=\"534\" \/>\n\t<meta property=\"og:image:type\" content=\"image\/jpeg\" \/>\n<meta name=\"twitter:card\" content=\"summary_large_image\" \/>\n<meta name=\"twitter:label1\" content=\"Dur\u00e9e de lecture estim\u00e9e\" \/>\n\t<meta name=\"twitter:data1\" content=\"2 minutes\" \/>\n<script type=\"application\/ld+json\" class=\"yoast-schema-graph\">{\"@context\":\"https:\/\/schema.org\",\"@graph\":[{\"@type\":\"WebPage\",\"@id\":\"https:\/\/premiumline-cabling.com\/fr\/product\/cable-plat-d-antenne-fttx\/\",\"url\":\"https:\/\/premiumline-cabling.com\/fr\/product\/cable-plat-d-antenne-fttx\/\",\"name\":\"C\u00e2ble plat FTTX Premium-Line\",\"isPartOf\":{\"@id\":\"https:\/\/premiumline-cabling.com\/#website\"},\"primaryImageOfPage\":{\"@id\":\"https:\/\/premiumline-cabling.com\/fr\/product\/cable-plat-d-antenne-fttx\/#primaryimage\"},\"image\":{\"@id\":\"https:\/\/premiumline-cabling.com\/fr\/product\/cable-plat-d-antenne-fttx\/#primaryimage\"},\"thumbnailUrl\":\"https:\/\/premiumline-cabling.com\/wp-content\/uploads\/2022\/02\/FTTx_aeral_drop_flat.jpg\",\"datePublished\":\"2022-02-09T10:17:03+00:00\",\"dateModified\":\"2023-12-14T17:41:14+00:00\",\"description\":\"Les solutions d\u2019acc\u00e8s traditionnelles \u00e0 base de cuivre ne r\u00e9pondront pas \u00e0 la demande de bande passante \u00e9lev\u00e9e et de distance plus longue. En savoir plus !\",\"breadcrumb\":{\"@id\":\"https:\/\/premiumline-cabling.com\/fr\/product\/cable-plat-d-antenne-fttx\/#breadcrumb\"},\"inLanguage\":\"fr-FR\",\"potentialAction\":[{\"@type\":\"ReadAction\",\"target\":[\"https:\/\/premiumline-cabling.com\/fr\/product\/cable-plat-d-antenne-fttx\/\"]}]},{\"@type\":\"ImageObject\",\"inLanguage\":\"fr-FR\",\"@id\":\"https:\/\/premiumline-cabling.com\/fr\/product\/cable-plat-d-antenne-fttx\/#primaryimage\",\"url\":\"https:\/\/premiumline-cabling.com\/wp-content\/uploads\/2022\/02\/FTTx_aeral_drop_flat.jpg\",\"contentUrl\":\"https:\/\/premiumline-cabling.com\/wp-content\/uploads\/2022\/02\/FTTx_aeral_drop_flat.jpg\",\"width\":509,\"height\":534},{\"@type\":\"BreadcrumbList\",\"@id\":\"https:\/\/premiumline-cabling.com\/fr\/product\/cable-plat-d-antenne-fttx\/#breadcrumb\",\"itemListElement\":[{\"@type\":\"ListItem\",\"position\":1,\"name\":\"\u0413\u043b\u0430\u0432\u043d\u0430\u044f \u0441\u0442\u0440\u0430\u043d\u0438\u0446\u0430\",\"item\":\"https:\/\/premiumline-cabling.com\/fr\/\"},{\"@type\":\"ListItem\",\"position\":2,\"name\":\"C\u00e2ble plat d\u2019antenne FTTX\"}]},{\"@type\":\"WebSite\",\"@id\":\"https:\/\/premiumline-cabling.com\/#website\",\"url\":\"https:\/\/premiumline-cabling.com\/\",\"name\":\"Premium-Line\",\"description\":\"Structured Cabling System\",\"publisher\":{\"@id\":\"https:\/\/premiumline-cabling.com\/#organization\"},\"potentialAction\":[{\"@type\":\"SearchAction\",\"target\":{\"@type\":\"EntryPoint\",\"urlTemplate\":\"https:\/\/premiumline-cabling.com\/?s={search_term_string}\"},\"query-input\":{\"@type\":\"PropertyValueSpecification\",\"valueRequired\":true,\"valueName\":\"search_term_string\"}}],\"inLanguage\":\"fr-FR\"},{\"@type\":\"Organization\",\"@id\":\"https:\/\/premiumline-cabling.com\/#organization\",\"name\":\"Premium-Line\",\"url\":\"https:\/\/premiumline-cabling.com\/\",\"logo\":{\"@type\":\"ImageObject\",\"inLanguage\":\"fr-FR\",\"@id\":\"https:\/\/premiumline-cabling.com\/#\/schema\/logo\/image\/\",\"url\":\"https:\/\/premiumline-cabling.com\/wp-content\/uploads\/2019\/04\/cropped-img_logo_site_Premium-Line.png\",\"contentUrl\":\"https:\/\/premiumline-cabling.com\/wp-content\/uploads\/2019\/04\/cropped-img_logo_site_Premium-Line.png\",\"width\":190,\"height\":62,\"caption\":\"Premium-Line\"},\"image\":{\"@id\":\"https:\/\/premiumline-cabling.com\/#\/schema\/logo\/image\/\"}}]}<\/script>\n<!-- \/ Yoast SEO plugin. -->","yoast_head_json":{"title":"C\u00e2ble plat FTTX Premium-Line","description":"Les solutions d\u2019acc\u00e8s traditionnelles \u00e0 base de cuivre ne r\u00e9pondront pas \u00e0 la demande de bande passante \u00e9lev\u00e9e et de distance plus longue. En savoir plus !","robots":{"index":"index","follow":"follow","max-snippet":"max-snippet:-1","max-image-preview":"max-image-preview:large","max-video-preview":"max-video-preview:-1"},"canonical":"https:\/\/premiumline-cabling.com\/fr\/product\/cable-plat-d-antenne-fttx\/","og_locale":"fr_FR","og_type":"article","og_title":"C\u00e2ble plat FTTX Premium-Line","og_description":"Les solutions d\u2019acc\u00e8s traditionnelles \u00e0 base de cuivre ne r\u00e9pondront pas \u00e0 la demande de bande passante \u00e9lev\u00e9e et de distance plus longue. En savoir plus !","og_url":"https:\/\/premiumline-cabling.com\/fr\/product\/cable-plat-d-antenne-fttx\/","og_site_name":"Premium-Line","article_modified_time":"2023-12-14T17:41:14+00:00","og_image":[{"width":509,"height":534,"url":"https:\/\/premiumline-cabling.com\/wp-content\/uploads\/2022\/02\/FTTx_aeral_drop_flat.jpg","type":"image\/jpeg"}],"twitter_card":"summary_large_image","twitter_misc":{"Dur\u00e9e de lecture estim\u00e9e":"2 minutes"},"schema":{"@context":"https:\/\/schema.org","@graph":[{"@type":"WebPage","@id":"https:\/\/premiumline-cabling.com\/fr\/product\/cable-plat-d-antenne-fttx\/","url":"https:\/\/premiumline-cabling.com\/fr\/product\/cable-plat-d-antenne-fttx\/","name":"C\u00e2ble plat FTTX Premium-Line","isPartOf":{"@id":"https:\/\/premiumline-cabling.com\/#website"},"primaryImageOfPage":{"@id":"https:\/\/premiumline-cabling.com\/fr\/product\/cable-plat-d-antenne-fttx\/#primaryimage"},"image":{"@id":"https:\/\/premiumline-cabling.com\/fr\/product\/cable-plat-d-antenne-fttx\/#primaryimage"},"thumbnailUrl":"https:\/\/premiumline-cabling.com\/wp-content\/uploads\/2022\/02\/FTTx_aeral_drop_flat.jpg","datePublished":"2022-02-09T10:17:03+00:00","dateModified":"2023-12-14T17:41:14+00:00","description":"Les solutions d\u2019acc\u00e8s traditionnelles \u00e0 base de cuivre ne r\u00e9pondront pas \u00e0 la demande de bande passante \u00e9lev\u00e9e et de distance plus longue. En savoir plus !","breadcrumb":{"@id":"https:\/\/premiumline-cabling.com\/fr\/product\/cable-plat-d-antenne-fttx\/#breadcrumb"},"inLanguage":"fr-FR","potentialAction":[{"@type":"ReadAction","target":["https:\/\/premiumline-cabling.com\/fr\/product\/cable-plat-d-antenne-fttx\/"]}]},{"@type":"ImageObject","inLanguage":"fr-FR","@id":"https:\/\/premiumline-cabling.com\/fr\/product\/cable-plat-d-antenne-fttx\/#primaryimage","url":"https:\/\/premiumline-cabling.com\/wp-content\/uploads\/2022\/02\/FTTx_aeral_drop_flat.jpg","contentUrl":"https:\/\/premiumline-cabling.com\/wp-content\/uploads\/2022\/02\/FTTx_aeral_drop_flat.jpg","width":509,"height":534},{"@type":"BreadcrumbList","@id":"https:\/\/premiumline-cabling.com\/fr\/product\/cable-plat-d-antenne-fttx\/#breadcrumb","itemListElement":[{"@type":"ListItem","position":1,"name":"\u0413\u043b\u0430\u0432\u043d\u0430\u044f \u0441\u0442\u0440\u0430\u043d\u0438\u0446\u0430","item":"https:\/\/premiumline-cabling.com\/fr\/"},{"@type":"ListItem","position":2,"name":"C\u00e2ble plat d\u2019antenne FTTX"}]},{"@type":"WebSite","@id":"https:\/\/premiumline-cabling.com\/#website","url":"https:\/\/premiumline-cabling.com\/","name":"Premium-Line","description":"Structured Cabling System","publisher":{"@id":"https:\/\/premiumline-cabling.com\/#organization"},"potentialAction":[{"@type":"SearchAction","target":{"@type":"EntryPoint","urlTemplate":"https:\/\/premiumline-cabling.com\/?s={search_term_string}"},"query-input":{"@type":"PropertyValueSpecification","valueRequired":true,"valueName":"search_term_string"}}],"inLanguage":"fr-FR"},{"@type":"Organization","@id":"https:\/\/premiumline-cabling.com\/#organization","name":"Premium-Line","url":"https:\/\/premiumline-cabling.com\/","logo":{"@type":"ImageObject","inLanguage":"fr-FR","@id":"https:\/\/premiumline-cabling.com\/#\/schema\/logo\/image\/","url":"https:\/\/premiumline-cabling.com\/wp-content\/uploads\/2019\/04\/cropped-img_logo_site_Premium-Line.png","contentUrl":"https:\/\/premiumline-cabling.com\/wp-content\/uploads\/2019\/04\/cropped-img_logo_site_Premium-Line.png","width":190,"height":62,"caption":"Premium-Line"},"image":{"@id":"https:\/\/premiumline-cabling.com\/#\/schema\/logo\/image\/"}}]}},"_links":{"self":[{"href":"https:\/\/premiumline-cabling.com\/fr\/wp-json\/wp\/v2\/product\/20755","targetHints":{"allow":["GET"]}}],"collection":[{"href":"https:\/\/premiumline-cabling.com\/fr\/wp-json\/wp\/v2\/product"}],"about":[{"href":"https:\/\/premiumline-cabling.com\/fr\/wp-json\/wp\/v2\/types\/product"}],"wp:featuredmedia":[{"embeddable":true,"href":"https:\/\/premiumline-cabling.com\/fr\/wp-json\/wp\/v2\/media\/20757"}],"wp:attachment":[{"href":"https:\/\/premiumline-cabling.com\/fr\/wp-json\/wp\/v2\/media?parent=20755"}],"wp:term":[{"taxonomy":"product_category","embeddable":true,"href":"https:\/\/premiumline-cabling.com\/fr\/wp-json\/wp\/v2\/product_category?post=20755"}],"curies":[{"name":"wp","href":"https:\/\/api.w.org\/{rel}","templated":true}]}}