{"id":20752,"date":"2019-04-29T19:33:46","date_gmt":"2019-04-29T18:33:46","guid":{"rendered":"https:\/\/premiumline-cabling.com\/product\/module-repartiteur-plc-type-abs\/"},"modified":"2023-12-14T18:42:17","modified_gmt":"2023-12-14T17:42:17","slug":"module-repartiteur-plc-type-abs","status":"publish","type":"product","link":"https:\/\/premiumline-cabling.com\/fr\/product\/module-repartiteur-plc-type-abs\/","title":{"rendered":"Module r\u00e9partiteur PLC : type ABS"},"content":{"rendered":"<h3><a href=\"https:\/\/premiumline-cabling.com\/wp-content\/uploads\/2019\/04\/PL_img_PLC-Splitter-Module.jpg\"><noscript><img decoding=\"async\" class=\"alignright wp-image-2023\" src=\"https:\/\/premiumline-cabling.com\/wp-content\/uploads\/2019\/04\/PL_img_PLC-Splitter-Module-300x222.jpg\" alt width=\"300\" height=\"222\" srcset=\"https:\/\/premiumline-cabling.com\/wp-content\/uploads\/2019\/04\/PL_img_PLC-Splitter-Module-300x222.jpg 300w, https:\/\/premiumline-cabling.com\/wp-content\/uploads\/2019\/04\/PL_img_PLC-Splitter-Module-768x569.jpg 768w, https:\/\/premiumline-cabling.com\/wp-content\/uploads\/2019\/04\/PL_img_PLC-Splitter-Module-1024x759.jpg 1024w, https:\/\/premiumline-cabling.com\/wp-content\/uploads\/2019\/04\/PL_img_PLC-Splitter-Module.jpg 1111w\" sizes=\"(max-width: 300px) 100vw, 300px\"><\/noscript><img decoding=\"async\" class=\"alignright wp-image-2023 lazyload\" src=\"data:image\/svg+xml,%3Csvg%20xmlns%3D%22http%3A%2F%2Fwww.w3.org%2F2000%2Fsvg%22%20viewBox%3D%220%200%20300%20222%22%3E%3C%2Fsvg%3E\" alt width=\"300\" height=\"222\" srcset=\"data:image\/svg+xml,%3Csvg%20xmlns%3D%22http%3A%2F%2Fwww.w3.org%2F2000%2Fsvg%22%20viewBox%3D%220%200%20300%20222%22%3E%3C%2Fsvg%3E 300w\" sizes=\"(max-width: 300px) 100vw, 300px\" data-srcset=\"https:\/\/premiumline-cabling.com\/wp-content\/uploads\/2019\/04\/PL_img_PLC-Splitter-Module-300x222.jpg 300w, https:\/\/premiumline-cabling.com\/wp-content\/uploads\/2019\/04\/PL_img_PLC-Splitter-Module-768x569.jpg 768w, https:\/\/premiumline-cabling.com\/wp-content\/uploads\/2019\/04\/PL_img_PLC-Splitter-Module-1024x759.jpg 1024w, https:\/\/premiumline-cabling.com\/wp-content\/uploads\/2019\/04\/PL_img_PLC-Splitter-Module.jpg 1111w\" data-src=\"https:\/\/premiumline-cabling.com\/wp-content\/uploads\/2019\/04\/PL_img_PLC-Splitter-Module-300x222.jpg\"><\/a> CARACT\u00c9RISTIQUES:<\/h3>\n<ul>\n<li>Faible perte exc\u00e9dentaire<\/li>\n<li>Excellente directivit\u00e9<\/li>\n<li>Bonne uniformit\u00e9 d\u2019un canal \u00e0 l\u2019autre<\/li>\n<li>Faible PDL<\/li>\n<li>Rentabilit\u00e9 \u00e9lev\u00e9e<\/li>\n<li>Haute stabilit\u00e9 environnementale et m\u00e9canique<\/li>\n<\/ul>\n<h3>Sp\u00e9cifications:<\/h3>\n<table>\n<tbody>\n<tr>\n<td width=\"256\">Type<\/td>\n<td width=\"75\">1 x 2<\/td>\n<td width=\"70\">1 x 4<\/td>\n<td width=\"63\">1 x 8<\/td>\n<td width=\"63\">1 x 16<\/td>\n<td width=\"63\">1 x 32<\/td>\n<td width=\"66\">1 x 64<\/td>\n<\/tr>\n<tr>\n<td width=\"256\">Longueur d\u2019onde de fonctionnement (nm)<\/td>\n<td colspan=\"6\" width=\"401\">1260-1650nm<\/td>\n<\/tr>\n<tr>\n<td width=\"256\">Perte d\u2019insertion (dB)<\/td>\n<td width=\"75\">\u22644,0<\/td>\n<td width=\"70\">\u22647,4<\/td>\n<td width=\"63\">\u226410,5<\/td>\n<td width=\"63\">13,7 \u2264<\/td>\n<td width=\"63\">\u226417.3<\/td>\n<td width=\"66\">\u226421,5<\/td>\n<\/tr>\n<tr>\n<td width=\"256\">Uniformit\u00e9 (dB)<\/td>\n<td width=\"75\">\u22640,4<\/td>\n<td width=\"70\">\u22640,7<\/td>\n<td width=\"63\">\u22640,8<\/td>\n<td width=\"63\">\u22641.2<\/td>\n<td width=\"63\">\u22641,7<\/td>\n<td width=\"66\">\u22642.0<\/td>\n<\/tr>\n<tr>\n<td width=\"256\">Type<\/td>\n<td width=\"75\">2 x 2<\/td>\n<td width=\"70\">2 x 4<\/td>\n<td width=\"63\">2 x 8<\/td>\n<td width=\"63\">2 x 16<\/td>\n<td width=\"63\">2 x 32<\/td>\n<td width=\"66\">2 x 64<\/td>\n<\/tr>\n<tr>\n<td width=\"256\">Longueur d\u2019onde de fonctionnement (nm)<\/td>\n<td colspan=\"6\" width=\"401\">1260-1650nm<\/td>\n<\/tr>\n<tr>\n<td width=\"256\">Perte d\u2019insertion (dB)<\/td>\n<td width=\"75\">\u22644,5<\/td>\n<td width=\"70\">\u22647,6<\/td>\n<td width=\"63\">\u226411<\/td>\n<td width=\"63\">14,8 \u2264<\/td>\n<td width=\"63\">17,9 \u2264<\/td>\n<td width=\"66\">\u226422.1<\/td>\n<\/tr>\n<tr>\n<td width=\"256\">Uniformit\u00e9 (dB)<\/td>\n<td width=\"75\">\u22640,8<\/td>\n<td width=\"70\">\u22641.0<\/td>\n<td width=\"63\">\u22641.2<\/td>\n<td width=\"63\">\u22641,5<\/td>\n<td width=\"63\">\u22641,8<\/td>\n<td width=\"66\">\u22642.2<\/td>\n<\/tr>\n<tr>\n<td width=\"256\">Perte d\u00e9pendante de la polarisation (dB)<\/td>\n<td colspan=\"3\" width=\"208\">\u22640,2<\/td>\n<td colspan=\"3\" width=\"192\">\u22640,3<\/td>\n<\/tr>\n<tr>\n<td width=\"256\">Perte de r\u00e9flexion (dB)<\/td>\n<td colspan=\"6\" width=\"401\">\u226550<\/td>\n<\/tr>\n<tr>\n<td width=\"256\">Directivit\u00e9 (dB)<\/td>\n<td colspan=\"6\" width=\"401\">\u226555<\/td>\n<\/tr>\n<tr>\n<td width=\"256\">Type de fibre<\/td>\n<td colspan=\"6\" width=\"401\">UIT G657A1 ou sp\u00e9cifi\u00e9 par le client<\/td>\n<\/tr>\n<tr>\n<td width=\"256\">Type de queue de cochon<\/td>\n<td colspan=\"6\" width=\"401\">Tube libre de 2,0 mm<\/td>\n<\/tr>\n<tr>\n<td width=\"256\">Marque<\/td>\n<td colspan=\"6\" width=\"401\">Entr\u00e9e: Jaune (\u00c9tiquette num\u00e9rique)<\/td>\n<\/tr>\n<tr>\n<td width=\"256\">Dimension de l\u2019emballage (mm)<\/td>\n<td width=\"75\">90*20*10<\/td>\n<td colspan=\"2\" width=\"133\">100*80*10<\/td>\n<td colspan=\"3\" width=\"192\">120*80*18<\/td>\n<\/tr>\n<tr>\n<td width=\"256\">Temp\u00e9rature de fonctionnement (\u00b0C)<\/td>\n<td colspan=\"6\" width=\"401\">-40 ~ +85<\/td>\n<\/tr>\n<tr>\n<td width=\"256\">Temp\u00e9rature de stockage (\u00b0C)<\/td>\n<td colspan=\"6\" width=\"401\">-40 ~ +85<\/td>\n<\/tr>\n<\/tbody>\n<\/table>\n<h3>Applications:<\/h3>\n<ul>\n<li>Syst\u00e8me de communication par fibre optique<\/li>\n<li>Capteurs \u00e0 fibre optique<\/li>\n<li>Syst\u00e8me de t\u00e9l\u00e9vision par c\u00e2ble<\/li>\n<li>Syst\u00e8me LAN WAN<\/li>\n<\/ul>\n<h3>LES INFORMATIONS RELATIVES \u00c0 LA COMMANDE:<\/h3>\n<table style=\"height: 344px;\" width=\"756\">\n<tbody>\n<tr style=\"height: 40px;\">\n<td style=\"width: 177px; height: 31px;\">N\u00b0 de pi\u00e8ce:<\/td>\n<td style=\"width: 545px; height: 31px;\" colspan=\"8\">25xxxyyyz<\/td>\n<\/tr>\n<tr style=\"height: 31px;\">\n<td style=\"width: 177px; height: 19px;\">Description:<\/td>\n<td style=\"width: 545px; height: 19px;\" colspan=\"8\">Module r\u00e9partiteur PLC Premium-Line, fibre libre de 2,0 mm, G657A1, ABS<\/td>\n<\/tr>\n<tr style=\"height: 45px;\">\n<td style=\"width: 177px; height: 31px;\" rowspan=\"2\">xxx : Entr\u00e9e et sortie\n<p>&nbsp;<\/p><\/td>\n<td style=\"width: 70px; height: 21px;\">102 : 1&#215;2,<\/td>\n<td style=\"width: 100px; height: 21px;\" colspan=\"2\">104 : 1&#215;4,<\/td>\n<td style=\"width: 97px; height: 21px;\">108 : 1&#215;8,<\/td>\n<td style=\"width: 89px; height: 21px;\" colspan=\"2\">116 : 1&#215;16,<\/td>\n<td style=\"width: 89px; height: 21px;\">132 : 1&#215;32,<\/td>\n<td style=\"width: 100px; height: 21px;\">164&nbsp;: 1&#215;64<\/td>\n<\/tr>\n<tr style=\"height: 43px;\">\n<td style=\"width: 70px; height: 10px;\">202 : 2&#215;2,<\/td>\n<td style=\"width: 100px; height: 10px;\" colspan=\"2\">204 : 2&#215;4,<\/td>\n<td style=\"width: 97px; height: 10px;\">208 : 2&#215;8,<\/td>\n<td style=\"width: 89px; height: 10px;\" colspan=\"2\">216 : 2&#215;16,<\/td>\n<td style=\"width: 89px; height: 10px;\">232 : 2&#215;32,<\/td>\n<td style=\"width: 100px; height: 10px;\">264&nbsp;: 2&#215;64<\/td>\n<\/tr>\n<tr style=\"height: 22px;\">\n<td style=\"width: 177px; height: 22px;\">yyy : longueur<\/td>\n<td style=\"width: 545px; height: 22px;\" colspan=\"8\">010&nbsp;:1m 020&nbsp;:2m<\/td>\n<\/tr>\n<tr style=\"height: 42px;\">\n<td style=\"width: 177px; height: 21px;\" rowspan=\"3\">Z : connecteur<\/td>\n<td style=\"width: 545px; height: 21px;\" colspan=\"8\">0 : sans connecteur<\/td>\n<\/tr>\n<tr style=\"height: 34px;\">\n<td style=\"width: 120px; height: 10px;\" colspan=\"2\">1 : SC\/APC,<\/td>\n<td style=\"width: 191px; height: 10px;\" colspan=\"3\">2 : FC\/APC,<\/td>\n<td style=\"width: 234px; height: 10px;\" colspan=\"3\">4 : LC\/APC,<\/td>\n<\/tr>\n<tr style=\"height: 32px;\">\n<td style=\"width: 120px; height: 10px;\" colspan=\"2\">6 : SC\/UPC,<\/td>\n<td style=\"width: 191px; height: 10px;\" colspan=\"3\">8 : FC\/UPC,<\/td>\n<td style=\"width: 234px; height: 10px;\" colspan=\"3\">9 : LC\/UPC<\/td>\n<\/tr>\n<\/tbody>\n<\/table>\n<p>&nbsp;<\/p>\n","protected":false},"featured_media":20753,"template":"","product_category":[436],"class_list":["post-20752","product","type-product","status-publish","has-post-thumbnail","hentry","product_category-fttx-en-anglais-seulement"],"yoast_head":"<!-- This site is optimized with the Yoast SEO plugin v27.2 - https:\/\/yoast.com\/product\/yoast-seo-wordpress\/ -->\n<title>Module r\u00e9partiteur PLC : type ABS | Ligne Premium<\/title>\n<meta name=\"description\" content=\"Pour en savoir plus sur ce produit, consultez le site Web de l\u2019entreprise. Nous disposons d\u2019une gamme compl\u00e8te de solutions FTTx.\" \/>\n<meta name=\"robots\" content=\"index, follow, max-snippet:-1, max-image-preview:large, max-video-preview:-1\" \/>\n<link rel=\"canonical\" href=\"https:\/\/premiumline-cabling.com\/fr\/product\/module-repartiteur-plc-type-abs\/\" \/>\n<meta property=\"og:locale\" content=\"fr_FR\" \/>\n<meta property=\"og:type\" content=\"article\" \/>\n<meta property=\"og:title\" content=\"Module r\u00e9partiteur PLC : type ABS | Ligne Premium\" \/>\n<meta property=\"og:description\" content=\"Pour en savoir plus sur ce produit, consultez le site Web de l\u2019entreprise. Nous disposons d\u2019une gamme compl\u00e8te de solutions FTTx.\" \/>\n<meta property=\"og:url\" content=\"https:\/\/premiumline-cabling.com\/fr\/product\/module-repartiteur-plc-type-abs\/\" \/>\n<meta property=\"og:site_name\" content=\"Premium-Line\" \/>\n<meta property=\"article:modified_time\" content=\"2023-12-14T17:42:17+00:00\" \/>\n<meta property=\"og:image\" content=\"https:\/\/premiumline-cabling.com\/wp-content\/uploads\/2019\/04\/img_PL_PLC-Splitter-Module.jpg\" \/>\n\t<meta property=\"og:image:width\" content=\"401\" \/>\n\t<meta property=\"og:image:height\" content=\"299\" \/>\n\t<meta property=\"og:image:type\" content=\"image\/jpeg\" \/>\n<meta name=\"twitter:card\" content=\"summary_large_image\" \/>\n<meta name=\"twitter:label1\" content=\"Dur\u00e9e de lecture estim\u00e9e\" \/>\n\t<meta name=\"twitter:data1\" content=\"2 minutes\" \/>\n<script type=\"application\/ld+json\" class=\"yoast-schema-graph\">{\"@context\":\"https:\/\/schema.org\",\"@graph\":[{\"@type\":\"WebPage\",\"@id\":\"https:\/\/premiumline-cabling.com\/fr\/product\/module-repartiteur-plc-type-abs\/\",\"url\":\"https:\/\/premiumline-cabling.com\/fr\/product\/module-repartiteur-plc-type-abs\/\",\"name\":\"Module r\u00e9partiteur PLC : type ABS | Ligne Premium\",\"isPartOf\":{\"@id\":\"https:\/\/premiumline-cabling.com\/#website\"},\"primaryImageOfPage\":{\"@id\":\"https:\/\/premiumline-cabling.com\/fr\/product\/module-repartiteur-plc-type-abs\/#primaryimage\"},\"image\":{\"@id\":\"https:\/\/premiumline-cabling.com\/fr\/product\/module-repartiteur-plc-type-abs\/#primaryimage\"},\"thumbnailUrl\":\"https:\/\/premiumline-cabling.com\/wp-content\/uploads\/2019\/04\/img_PL_PLC-Splitter-Module.jpg\",\"datePublished\":\"2019-04-29T18:33:46+00:00\",\"dateModified\":\"2023-12-14T17:42:17+00:00\",\"description\":\"Pour en savoir plus sur ce produit, consultez le site Web de l\u2019entreprise. Nous disposons d\u2019une gamme compl\u00e8te de solutions FTTx.\",\"breadcrumb\":{\"@id\":\"https:\/\/premiumline-cabling.com\/fr\/product\/module-repartiteur-plc-type-abs\/#breadcrumb\"},\"inLanguage\":\"fr-FR\",\"potentialAction\":[{\"@type\":\"ReadAction\",\"target\":[\"https:\/\/premiumline-cabling.com\/fr\/product\/module-repartiteur-plc-type-abs\/\"]}]},{\"@type\":\"ImageObject\",\"inLanguage\":\"fr-FR\",\"@id\":\"https:\/\/premiumline-cabling.com\/fr\/product\/module-repartiteur-plc-type-abs\/#primaryimage\",\"url\":\"https:\/\/premiumline-cabling.com\/wp-content\/uploads\/2019\/04\/img_PL_PLC-Splitter-Module.jpg\",\"contentUrl\":\"https:\/\/premiumline-cabling.com\/wp-content\/uploads\/2019\/04\/img_PL_PLC-Splitter-Module.jpg\",\"width\":401,\"height\":299},{\"@type\":\"BreadcrumbList\",\"@id\":\"https:\/\/premiumline-cabling.com\/fr\/product\/module-repartiteur-plc-type-abs\/#breadcrumb\",\"itemListElement\":[{\"@type\":\"ListItem\",\"position\":1,\"name\":\"\u0413\u043b\u0430\u0432\u043d\u0430\u044f \u0441\u0442\u0440\u0430\u043d\u0438\u0446\u0430\",\"item\":\"https:\/\/premiumline-cabling.com\/fr\/\"},{\"@type\":\"ListItem\",\"position\":2,\"name\":\"Module r\u00e9partiteur PLC : type ABS\"}]},{\"@type\":\"WebSite\",\"@id\":\"https:\/\/premiumline-cabling.com\/#website\",\"url\":\"https:\/\/premiumline-cabling.com\/\",\"name\":\"Premium-Line\",\"description\":\"Structured Cabling System\",\"publisher\":{\"@id\":\"https:\/\/premiumline-cabling.com\/#organization\"},\"potentialAction\":[{\"@type\":\"SearchAction\",\"target\":{\"@type\":\"EntryPoint\",\"urlTemplate\":\"https:\/\/premiumline-cabling.com\/?s={search_term_string}\"},\"query-input\":{\"@type\":\"PropertyValueSpecification\",\"valueRequired\":true,\"valueName\":\"search_term_string\"}}],\"inLanguage\":\"fr-FR\"},{\"@type\":\"Organization\",\"@id\":\"https:\/\/premiumline-cabling.com\/#organization\",\"name\":\"Premium-Line\",\"url\":\"https:\/\/premiumline-cabling.com\/\",\"logo\":{\"@type\":\"ImageObject\",\"inLanguage\":\"fr-FR\",\"@id\":\"https:\/\/premiumline-cabling.com\/#\/schema\/logo\/image\/\",\"url\":\"https:\/\/premiumline-cabling.com\/wp-content\/uploads\/2019\/04\/cropped-img_logo_site_Premium-Line.png\",\"contentUrl\":\"https:\/\/premiumline-cabling.com\/wp-content\/uploads\/2019\/04\/cropped-img_logo_site_Premium-Line.png\",\"width\":190,\"height\":62,\"caption\":\"Premium-Line\"},\"image\":{\"@id\":\"https:\/\/premiumline-cabling.com\/#\/schema\/logo\/image\/\"}}]}<\/script>\n<!-- \/ Yoast SEO plugin. -->","yoast_head_json":{"title":"Module r\u00e9partiteur PLC : type ABS | Ligne Premium","description":"Pour en savoir plus sur ce produit, consultez le site Web de l\u2019entreprise. Nous disposons d\u2019une gamme compl\u00e8te de solutions FTTx.","robots":{"index":"index","follow":"follow","max-snippet":"max-snippet:-1","max-image-preview":"max-image-preview:large","max-video-preview":"max-video-preview:-1"},"canonical":"https:\/\/premiumline-cabling.com\/fr\/product\/module-repartiteur-plc-type-abs\/","og_locale":"fr_FR","og_type":"article","og_title":"Module r\u00e9partiteur PLC : type ABS | Ligne Premium","og_description":"Pour en savoir plus sur ce produit, consultez le site Web de l\u2019entreprise. Nous disposons d\u2019une gamme compl\u00e8te de solutions FTTx.","og_url":"https:\/\/premiumline-cabling.com\/fr\/product\/module-repartiteur-plc-type-abs\/","og_site_name":"Premium-Line","article_modified_time":"2023-12-14T17:42:17+00:00","og_image":[{"width":401,"height":299,"url":"https:\/\/premiumline-cabling.com\/wp-content\/uploads\/2019\/04\/img_PL_PLC-Splitter-Module.jpg","type":"image\/jpeg"}],"twitter_card":"summary_large_image","twitter_misc":{"Dur\u00e9e de lecture estim\u00e9e":"2 minutes"},"schema":{"@context":"https:\/\/schema.org","@graph":[{"@type":"WebPage","@id":"https:\/\/premiumline-cabling.com\/fr\/product\/module-repartiteur-plc-type-abs\/","url":"https:\/\/premiumline-cabling.com\/fr\/product\/module-repartiteur-plc-type-abs\/","name":"Module r\u00e9partiteur PLC : type ABS | Ligne Premium","isPartOf":{"@id":"https:\/\/premiumline-cabling.com\/#website"},"primaryImageOfPage":{"@id":"https:\/\/premiumline-cabling.com\/fr\/product\/module-repartiteur-plc-type-abs\/#primaryimage"},"image":{"@id":"https:\/\/premiumline-cabling.com\/fr\/product\/module-repartiteur-plc-type-abs\/#primaryimage"},"thumbnailUrl":"https:\/\/premiumline-cabling.com\/wp-content\/uploads\/2019\/04\/img_PL_PLC-Splitter-Module.jpg","datePublished":"2019-04-29T18:33:46+00:00","dateModified":"2023-12-14T17:42:17+00:00","description":"Pour en savoir plus sur ce produit, consultez le site Web de l\u2019entreprise. Nous disposons d\u2019une gamme compl\u00e8te de solutions FTTx.","breadcrumb":{"@id":"https:\/\/premiumline-cabling.com\/fr\/product\/module-repartiteur-plc-type-abs\/#breadcrumb"},"inLanguage":"fr-FR","potentialAction":[{"@type":"ReadAction","target":["https:\/\/premiumline-cabling.com\/fr\/product\/module-repartiteur-plc-type-abs\/"]}]},{"@type":"ImageObject","inLanguage":"fr-FR","@id":"https:\/\/premiumline-cabling.com\/fr\/product\/module-repartiteur-plc-type-abs\/#primaryimage","url":"https:\/\/premiumline-cabling.com\/wp-content\/uploads\/2019\/04\/img_PL_PLC-Splitter-Module.jpg","contentUrl":"https:\/\/premiumline-cabling.com\/wp-content\/uploads\/2019\/04\/img_PL_PLC-Splitter-Module.jpg","width":401,"height":299},{"@type":"BreadcrumbList","@id":"https:\/\/premiumline-cabling.com\/fr\/product\/module-repartiteur-plc-type-abs\/#breadcrumb","itemListElement":[{"@type":"ListItem","position":1,"name":"\u0413\u043b\u0430\u0432\u043d\u0430\u044f \u0441\u0442\u0440\u0430\u043d\u0438\u0446\u0430","item":"https:\/\/premiumline-cabling.com\/fr\/"},{"@type":"ListItem","position":2,"name":"Module r\u00e9partiteur PLC : type ABS"}]},{"@type":"WebSite","@id":"https:\/\/premiumline-cabling.com\/#website","url":"https:\/\/premiumline-cabling.com\/","name":"Premium-Line","description":"Structured Cabling System","publisher":{"@id":"https:\/\/premiumline-cabling.com\/#organization"},"potentialAction":[{"@type":"SearchAction","target":{"@type":"EntryPoint","urlTemplate":"https:\/\/premiumline-cabling.com\/?s={search_term_string}"},"query-input":{"@type":"PropertyValueSpecification","valueRequired":true,"valueName":"search_term_string"}}],"inLanguage":"fr-FR"},{"@type":"Organization","@id":"https:\/\/premiumline-cabling.com\/#organization","name":"Premium-Line","url":"https:\/\/premiumline-cabling.com\/","logo":{"@type":"ImageObject","inLanguage":"fr-FR","@id":"https:\/\/premiumline-cabling.com\/#\/schema\/logo\/image\/","url":"https:\/\/premiumline-cabling.com\/wp-content\/uploads\/2019\/04\/cropped-img_logo_site_Premium-Line.png","contentUrl":"https:\/\/premiumline-cabling.com\/wp-content\/uploads\/2019\/04\/cropped-img_logo_site_Premium-Line.png","width":190,"height":62,"caption":"Premium-Line"},"image":{"@id":"https:\/\/premiumline-cabling.com\/#\/schema\/logo\/image\/"}}]}},"_links":{"self":[{"href":"https:\/\/premiumline-cabling.com\/fr\/wp-json\/wp\/v2\/product\/20752","targetHints":{"allow":["GET"]}}],"collection":[{"href":"https:\/\/premiumline-cabling.com\/fr\/wp-json\/wp\/v2\/product"}],"about":[{"href":"https:\/\/premiumline-cabling.com\/fr\/wp-json\/wp\/v2\/types\/product"}],"wp:featuredmedia":[{"embeddable":true,"href":"https:\/\/premiumline-cabling.com\/fr\/wp-json\/wp\/v2\/media\/20753"}],"wp:attachment":[{"href":"https:\/\/premiumline-cabling.com\/fr\/wp-json\/wp\/v2\/media?parent=20752"}],"wp:term":[{"taxonomy":"product_category","embeddable":true,"href":"https:\/\/premiumline-cabling.com\/fr\/wp-json\/wp\/v2\/product_category?post=20752"}],"curies":[{"name":"wp","href":"https:\/\/api.w.org\/{rel}","templated":true}]}}