{"id":20732,"date":"2019-05-07T16:01:25","date_gmt":"2019-05-07T15:01:25","guid":{"rendered":"https:\/\/premiumline-cabling.com\/product\/connecteur-d-assemblage-sur-site\/"},"modified":"2023-12-14T18:31:11","modified_gmt":"2023-12-14T17:31:11","slug":"connecteur-d-assemblage-sur-site","status":"publish","type":"product","link":"https:\/\/premiumline-cabling.com\/fr\/product\/connecteur-d-assemblage-sur-site\/","title":{"rendered":"Connecteur d\u2019assemblage sur site"},"content":{"rendered":"<h3>Description:<\/h3>\n<p>Le connecteur d\u2019assemblage sur le terrain est un connecteur d\u2019assemblage sur le terrain tr\u00e8s facile \u00e0 installer et r\u00e9utilisable dans lequel la fibre ne peut \u00eatre connect\u00e9e \/ d\u00e9connect\u00e9e que par marche\/arr\u00eat d\u2019un petit loquet fix\u00e9 sur le corps du connecteur, qui est compos\u00e9 de deux parties d\u2019un corps de connecteur et d\u2019une botte, il est con\u00e7u pour avoir la structure et la fonction n\u00e9cessaires pour construire le r\u00e9seau FTTH le plus \u00e9conomique.<\/p>\n<p><noscript><img decoding=\"async\" class=\"aligncenter wp-image-2114 size-full\" src=\"https:\/\/premiumline-cabling.com\/wp-content\/uploads\/2019\/05\/FO-field-assembly_1.jpg\" alt width=\"549\" height=\"134\" srcset=\"https:\/\/premiumline-cabling.com\/wp-content\/uploads\/2019\/05\/FO-field-assembly_1.jpg 549w, https:\/\/premiumline-cabling.com\/wp-content\/uploads\/2019\/05\/FO-field-assembly_1-300x73.jpg 300w\" sizes=\"(max-width: 549px) 100vw, 549px\"><\/noscript><img decoding=\"async\" class=\"aligncenter wp-image-2114 size-full lazyload\" src=\"data:image\/svg+xml,%3Csvg%20xmlns%3D%22http%3A%2F%2Fwww.w3.org%2F2000%2Fsvg%22%20viewBox%3D%220%200%20549%20134%22%3E%3C%2Fsvg%3E\" alt width=\"549\" height=\"134\" srcset=\"data:image\/svg+xml,%3Csvg%20xmlns%3D%22http%3A%2F%2Fwww.w3.org%2F2000%2Fsvg%22%20viewBox%3D%220%200%20549%20134%22%3E%3C%2Fsvg%3E 549w\" sizes=\"(max-width: 549px) 100vw, 549px\" data-srcset=\"https:\/\/premiumline-cabling.com\/wp-content\/uploads\/2019\/05\/FO-field-assembly_1.jpg 549w, https:\/\/premiumline-cabling.com\/wp-content\/uploads\/2019\/05\/FO-field-assembly_1-300x73.jpg 300w\" data-src=\"https:\/\/premiumline-cabling.com\/wp-content\/uploads\/2019\/05\/FO-field-assembly_1.jpg\"><\/p>\n<h3>Caract\u00e9ristiques:<\/h3>\n<ul>\n<li>Pas besoin d\u2019utiliser un gabarit sp\u00e9cial pour l\u2019assemblage<\/li>\n<li>Peut \u00eatre r\u00e9utilisable environ 10 fois<\/li>\n<li>Divers c\u00e2bles peuvent \u00eatre acceptables avec un type FAC (\u00d8250-900\u03bcm, 1.6&#215;2.0mm, 2.0&#215;3.0mm, 3.0mm)<\/li>\n<\/ul>\n<h3>Conformit\u00e9s:<\/h3>\n<ul>\n<li>\uf06c GR-326-CORE<\/li>\n<\/ul>\n<h3>Applications:<\/h3>\n<ul>\n<li>R\u00e9siliation de l\u2019utilisateur final FTTH<\/li>\n<li>Panneaux de brassage<\/li>\n<li>R\u00e9paration rapide des r\u00e9seaux optiques<\/li>\n<li>Arr\u00eat direct de l\u2019\u00e9quipement<\/li>\n<\/ul>\n<h3>Sp\u00e9cification:<\/h3>\n<table width=\"0\">\n<tbody>\n<tr>\n<td width=\"180\">LTEM<\/td>\n<td width=\"519\">Donn\u00e9es<\/td>\n<\/tr>\n<tr>\n<td width=\"180\">M\u00e9thode de polissage des fibres<\/td>\n<td width=\"519\">Polonais UPC, Polonais APC<\/td>\n<\/tr>\n<tr>\n<td width=\"180\">Diam\u00e8tre de la fibre applicable<\/td>\n<td width=\"519\">\u00d8 250-900\u03bcm, 1.6&#215;2.0, 2.0&#215;3.0, \u00d83.0mm (SM, MM50, MM62.5, MM10G)<\/td>\n<\/tr>\n<tr>\n<td width=\"180\">Perte d&#8217;insertion<\/td>\n<td width=\"519\">\u22640,25 dB<\/td>\n<\/tr>\n<tr>\n<td width=\"180\">&nbsp;\n<p>&nbsp;<\/p>\n<p>Perte de retour<\/p><\/td>\n<td width=\"519\">&gt;45 dB (polissage SPC de la fibre SM)\n<p>&gt;50dB (polissage APC en fibre SM \/ Lors d\u2019une utilisation avec un couperet plat)<\/p>\n<p>&gt;65dB (polissage APC en fibre SM \/ En cas d\u2019utilisation avec un couperet coud\u00e9)<\/p>\n<p>&gt;65dB (polissage APC en fibre SM I En cas d\u2019utilisation avec un couperet coud\u00e9)<\/p><\/td>\n<\/tr>\n<tr>\n<td width=\"180\">Temp\u00e9rature de fonctionnement<\/td>\n<td width=\"519\">-40 &#8211; +85\u00b0<\/td>\n<\/tr>\n<tr>\n<td width=\"180\">&nbsp;\n<p>Test de traction<\/p><\/td>\n<td width=\"519\">&lt;0,2 dB, charge 4N (0,125 fibre)\n<p>&lt; 0,2 dB, charge 40N (2x3mm, \u00d8 3.0mm)<\/p><\/td>\n<\/tr>\n<tr>\n<td width=\"180\">Essai d\u2019impact<\/td>\n<td width=\"519\">&lt; 0,2 dB, 1,5 m, 10 r\u00e9p\u00e9titions<\/td>\n<\/tr>\n<tr>\n<td width=\"180\">Test de durabilit\u00e9<\/td>\n<td width=\"519\">&lt; 0,2 dB, 200 r\u00e9p\u00e9titions de connexion\/d\u00e9connexion<\/td>\n<\/tr>\n<tr>\n<td width=\"180\">Test de vibration<\/td>\n<td width=\"519\">&lt; 0,2 dB, 3 axes 2 h\/axe, 1,5 mm (cr\u00eate-cr\u00eate), 10 \u00e0 55 Hz (45 Hzlmin)<\/td>\n<\/tr>\n<tr>\n<td width=\"180\">Test de cycle thermique<\/td>\n<td width=\"519\">&lt; 0,2 dB, -40 \u00e0 75 \u00b0C, 21 cycles pendant 168 heures (c\u00e2ble de 3,0 mm)<\/td>\n<\/tr>\n<tr>\n<td width=\"180\">Test d\u2019humidit\u00e9<\/td>\n<td width=\"519\">&lt; 0,2 dB, 90 \u00e0 95 % d\u2019humidit\u00e9 relative, temp\u00e9rature de 75 \u00b0C pendant 168 heures<\/td>\n<\/tr>\n<\/tbody>\n<\/table>\n<p>&nbsp;<\/p>\n<h3>LES INFORMATIONS RELATIVES \u00c0 LA COMMANDE:<\/h3>\n<table>\n<tbody>\n<tr>\n<td width=\"157\">N\u00b0 de pi\u00e8ce<\/td>\n<td width=\"505\">236x20YZW<\/td>\n<\/tr>\n<tr>\n<td width=\"157\">Description:<\/td>\n<td width=\"505\">Connecteur d\u2019assemblage sur site Premium Line<\/td>\n<\/tr>\n<tr>\n<td width=\"157\">x, mode<\/td>\n<td width=\"505\">1 : MM 2 : SM<\/td>\n<\/tr>\n<tr>\n<td width=\"157\">x, mode<\/td>\n<td width=\"505\">1 : SC\/APC 4 : LC\/APC 6 : SC\/UPC 9 : LC\/UPC<\/td>\n<\/tr>\n<tr>\n<td width=\"157\">z, diam\u00e8tre<\/td>\n<td width=\"505\">3 : 0,9 mm (uniquement pour LC) 4 : 2,0 mm (uniquement pour SC) 5 : 3,0 mm (uniquement pour SC)<\/td>\n<\/tr>\n<tr>\n<td width=\"157\">w, couleur<\/td>\n<td width=\"505\">1 : beige 4 : bleu 6 : vert<\/td>\n<\/tr>\n<tr>\n<td width=\"157\">Emballage<\/td>\n<td width=\"505\">1 pc\/PE sac, 50 pcs\/bo\u00eete, 500 pcs\/carton<\/td>\n<\/tr>\n<\/tbody>\n<\/table>\n<p><strong>Exemple:<\/strong><\/p>\n<table style=\"width: 679px;\" width=\"790\">\n<tbody>\n<tr>\n<td style=\"width: 93px;\" width=\"90\">236220156<\/td>\n<td style=\"width: 586px;\" width=\"700\">Connecteur d\u2019assemblage de terrain de ligne premium, SC \/ APC, SM, vert, (2.0 \/ 3.0mm)<\/td>\n<\/tr>\n<tr>\n<td style=\"width: 93px;\">236220654<\/td>\n<td style=\"width: 586px;\">Connecteur d\u2019assemblage de terrain Premium Line, SC \/ UPC, SM, bleu, (2.0 \/ 3.0mm)<\/td>\n<\/tr>\n<tr>\n<td style=\"width: 93px;\">236120651<\/td>\n<td style=\"width: 586px;\">Connecteur d\u2019assemblage de terrain Premium Line, SC \/ UPC, MM, blanc, (2.0 \/ 3.0mm)<\/td>\n<\/tr>\n<tr>\n<td style=\"width: 93px;\"><\/td>\n<td style=\"width: 586px;\"><\/td>\n<\/tr>\n<tr>\n<td style=\"width: 93px;\">236220436<\/td>\n<td style=\"width: 586px;\">Connecteur d\u2019assemblage sur le terrain de ligne premium, LC \/ APC, SM, vert, (0,9 mm)<\/td>\n<\/tr>\n<tr>\n<td style=\"width: 93px;\">236220934<\/td>\n<td style=\"width: 586px;\">Connecteur d\u2019assemblage sur le terrain Premium Line, LC\/UPC, SM, bleu, (0,9 mm)<\/td>\n<\/tr>\n<tr>\n<td style=\"width: 93px;\">236120931<\/td>\n<td style=\"width: 586px;\">Connecteur d\u2019assemblage sur le terrain Premium Line, LC\/UPC, MM, blanc, (0,9 mm)<\/td>\n<\/tr>\n<\/tbody>\n<\/table>\n<p>&nbsp;<\/p>\n","protected":false},"featured_media":20734,"template":"","product_category":[436],"class_list":["post-20732","product","type-product","status-publish","has-post-thumbnail","hentry","product_category-fttx-en-anglais-seulement"],"yoast_head":"<!-- This site is optimized with the Yoast SEO plugin v27.2 - https:\/\/yoast.com\/product\/yoast-seo-wordpress\/ -->\n<title>Connecteur d\u2019assemblage sur site FO Premium-Line<\/title>\n<meta name=\"description\" content=\"Le connecteur d\u2019assemblage sur site est un connecteur d\u2019assemblage sur site tr\u00e8s facile \u00e0 installer et r\u00e9utilisable dont la fibre ne peut \u00eatre connect\u00e9e \/ d\u00e9connect\u00e9e qu\u2019en allumant \/ \u00e9teignant un petit loquet fix\u00e9 sur le corps du connecteur.\" \/>\n<meta name=\"robots\" content=\"index, follow, max-snippet:-1, max-image-preview:large, max-video-preview:-1\" \/>\n<link rel=\"canonical\" href=\"https:\/\/premiumline-cabling.com\/fr\/product\/connecteur-d-assemblage-sur-site\/\" \/>\n<meta property=\"og:locale\" content=\"fr_FR\" \/>\n<meta property=\"og:type\" content=\"article\" \/>\n<meta property=\"og:title\" content=\"Connecteur d\u2019assemblage sur site FO Premium-Line\" \/>\n<meta property=\"og:description\" content=\"Le connecteur d\u2019assemblage sur site est un connecteur d\u2019assemblage sur site tr\u00e8s facile \u00e0 installer et r\u00e9utilisable dont la fibre ne peut \u00eatre connect\u00e9e \/ d\u00e9connect\u00e9e qu\u2019en allumant \/ \u00e9teignant un petit loquet fix\u00e9 sur le corps du connecteur.\" \/>\n<meta property=\"og:url\" content=\"https:\/\/premiumline-cabling.com\/fr\/product\/connecteur-d-assemblage-sur-site\/\" \/>\n<meta property=\"og:site_name\" content=\"Premium-Line\" \/>\n<meta property=\"article:modified_time\" content=\"2023-12-14T17:31:11+00:00\" \/>\n<meta property=\"og:image\" content=\"https:\/\/premiumline-cabling.com\/wp-content\/uploads\/2019\/05\/FO-field-assembly_2.jpg\" \/>\n\t<meta property=\"og:image:width\" content=\"337\" \/>\n\t<meta property=\"og:image:height\" content=\"173\" \/>\n\t<meta property=\"og:image:type\" content=\"image\/jpeg\" \/>\n<meta name=\"twitter:card\" content=\"summary_large_image\" \/>\n<meta name=\"twitter:label1\" content=\"Dur\u00e9e de lecture estim\u00e9e\" \/>\n\t<meta name=\"twitter:data1\" content=\"3 minutes\" \/>\n<script type=\"application\/ld+json\" class=\"yoast-schema-graph\">{\"@context\":\"https:\/\/schema.org\",\"@graph\":[{\"@type\":\"WebPage\",\"@id\":\"https:\/\/premiumline-cabling.com\/fr\/product\/connecteur-d-assemblage-sur-site\/\",\"url\":\"https:\/\/premiumline-cabling.com\/fr\/product\/connecteur-d-assemblage-sur-site\/\",\"name\":\"Connecteur d\u2019assemblage sur site FO Premium-Line\",\"isPartOf\":{\"@id\":\"https:\/\/premiumline-cabling.com\/#website\"},\"primaryImageOfPage\":{\"@id\":\"https:\/\/premiumline-cabling.com\/fr\/product\/connecteur-d-assemblage-sur-site\/#primaryimage\"},\"image\":{\"@id\":\"https:\/\/premiumline-cabling.com\/fr\/product\/connecteur-d-assemblage-sur-site\/#primaryimage\"},\"thumbnailUrl\":\"https:\/\/premiumline-cabling.com\/wp-content\/uploads\/2019\/05\/FO-field-assembly_2.jpg\",\"datePublished\":\"2019-05-07T15:01:25+00:00\",\"dateModified\":\"2023-12-14T17:31:11+00:00\",\"description\":\"Le connecteur d\u2019assemblage sur site est un connecteur d\u2019assemblage sur site tr\u00e8s facile \u00e0 installer et r\u00e9utilisable dont la fibre ne peut \u00eatre connect\u00e9e \/ d\u00e9connect\u00e9e qu\u2019en allumant \/ \u00e9teignant un petit loquet fix\u00e9 sur le corps du connecteur.\",\"breadcrumb\":{\"@id\":\"https:\/\/premiumline-cabling.com\/fr\/product\/connecteur-d-assemblage-sur-site\/#breadcrumb\"},\"inLanguage\":\"fr-FR\",\"potentialAction\":[{\"@type\":\"ReadAction\",\"target\":[\"https:\/\/premiumline-cabling.com\/fr\/product\/connecteur-d-assemblage-sur-site\/\"]}]},{\"@type\":\"ImageObject\",\"inLanguage\":\"fr-FR\",\"@id\":\"https:\/\/premiumline-cabling.com\/fr\/product\/connecteur-d-assemblage-sur-site\/#primaryimage\",\"url\":\"https:\/\/premiumline-cabling.com\/wp-content\/uploads\/2019\/05\/FO-field-assembly_2.jpg\",\"contentUrl\":\"https:\/\/premiumline-cabling.com\/wp-content\/uploads\/2019\/05\/FO-field-assembly_2.jpg\",\"width\":337,\"height\":173},{\"@type\":\"BreadcrumbList\",\"@id\":\"https:\/\/premiumline-cabling.com\/fr\/product\/connecteur-d-assemblage-sur-site\/#breadcrumb\",\"itemListElement\":[{\"@type\":\"ListItem\",\"position\":1,\"name\":\"\u0413\u043b\u0430\u0432\u043d\u0430\u044f \u0441\u0442\u0440\u0430\u043d\u0438\u0446\u0430\",\"item\":\"https:\/\/premiumline-cabling.com\/fr\/\"},{\"@type\":\"ListItem\",\"position\":2,\"name\":\"Connecteur d\u2019assemblage sur site\"}]},{\"@type\":\"WebSite\",\"@id\":\"https:\/\/premiumline-cabling.com\/#website\",\"url\":\"https:\/\/premiumline-cabling.com\/\",\"name\":\"Premium-Line\",\"description\":\"Structured Cabling System\",\"publisher\":{\"@id\":\"https:\/\/premiumline-cabling.com\/#organization\"},\"potentialAction\":[{\"@type\":\"SearchAction\",\"target\":{\"@type\":\"EntryPoint\",\"urlTemplate\":\"https:\/\/premiumline-cabling.com\/?s={search_term_string}\"},\"query-input\":{\"@type\":\"PropertyValueSpecification\",\"valueRequired\":true,\"valueName\":\"search_term_string\"}}],\"inLanguage\":\"fr-FR\"},{\"@type\":\"Organization\",\"@id\":\"https:\/\/premiumline-cabling.com\/#organization\",\"name\":\"Premium-Line\",\"url\":\"https:\/\/premiumline-cabling.com\/\",\"logo\":{\"@type\":\"ImageObject\",\"inLanguage\":\"fr-FR\",\"@id\":\"https:\/\/premiumline-cabling.com\/#\/schema\/logo\/image\/\",\"url\":\"https:\/\/premiumline-cabling.com\/wp-content\/uploads\/2019\/04\/cropped-img_logo_site_Premium-Line.png\",\"contentUrl\":\"https:\/\/premiumline-cabling.com\/wp-content\/uploads\/2019\/04\/cropped-img_logo_site_Premium-Line.png\",\"width\":190,\"height\":62,\"caption\":\"Premium-Line\"},\"image\":{\"@id\":\"https:\/\/premiumline-cabling.com\/#\/schema\/logo\/image\/\"}}]}<\/script>\n<!-- \/ Yoast SEO plugin. -->","yoast_head_json":{"title":"Connecteur d\u2019assemblage sur site FO Premium-Line","description":"Le connecteur d\u2019assemblage sur site est un connecteur d\u2019assemblage sur site tr\u00e8s facile \u00e0 installer et r\u00e9utilisable dont la fibre ne peut \u00eatre connect\u00e9e \/ d\u00e9connect\u00e9e qu\u2019en allumant \/ \u00e9teignant un petit loquet fix\u00e9 sur le corps du connecteur.","robots":{"index":"index","follow":"follow","max-snippet":"max-snippet:-1","max-image-preview":"max-image-preview:large","max-video-preview":"max-video-preview:-1"},"canonical":"https:\/\/premiumline-cabling.com\/fr\/product\/connecteur-d-assemblage-sur-site\/","og_locale":"fr_FR","og_type":"article","og_title":"Connecteur d\u2019assemblage sur site FO Premium-Line","og_description":"Le connecteur d\u2019assemblage sur site est un connecteur d\u2019assemblage sur site tr\u00e8s facile \u00e0 installer et r\u00e9utilisable dont la fibre ne peut \u00eatre connect\u00e9e \/ d\u00e9connect\u00e9e qu\u2019en allumant \/ \u00e9teignant un petit loquet fix\u00e9 sur le corps du connecteur.","og_url":"https:\/\/premiumline-cabling.com\/fr\/product\/connecteur-d-assemblage-sur-site\/","og_site_name":"Premium-Line","article_modified_time":"2023-12-14T17:31:11+00:00","og_image":[{"width":337,"height":173,"url":"https:\/\/premiumline-cabling.com\/wp-content\/uploads\/2019\/05\/FO-field-assembly_2.jpg","type":"image\/jpeg"}],"twitter_card":"summary_large_image","twitter_misc":{"Dur\u00e9e de lecture estim\u00e9e":"3 minutes"},"schema":{"@context":"https:\/\/schema.org","@graph":[{"@type":"WebPage","@id":"https:\/\/premiumline-cabling.com\/fr\/product\/connecteur-d-assemblage-sur-site\/","url":"https:\/\/premiumline-cabling.com\/fr\/product\/connecteur-d-assemblage-sur-site\/","name":"Connecteur d\u2019assemblage sur site FO Premium-Line","isPartOf":{"@id":"https:\/\/premiumline-cabling.com\/#website"},"primaryImageOfPage":{"@id":"https:\/\/premiumline-cabling.com\/fr\/product\/connecteur-d-assemblage-sur-site\/#primaryimage"},"image":{"@id":"https:\/\/premiumline-cabling.com\/fr\/product\/connecteur-d-assemblage-sur-site\/#primaryimage"},"thumbnailUrl":"https:\/\/premiumline-cabling.com\/wp-content\/uploads\/2019\/05\/FO-field-assembly_2.jpg","datePublished":"2019-05-07T15:01:25+00:00","dateModified":"2023-12-14T17:31:11+00:00","description":"Le connecteur d\u2019assemblage sur site est un connecteur d\u2019assemblage sur site tr\u00e8s facile \u00e0 installer et r\u00e9utilisable dont la fibre ne peut \u00eatre connect\u00e9e \/ d\u00e9connect\u00e9e qu\u2019en allumant \/ \u00e9teignant un petit loquet fix\u00e9 sur le corps du connecteur.","breadcrumb":{"@id":"https:\/\/premiumline-cabling.com\/fr\/product\/connecteur-d-assemblage-sur-site\/#breadcrumb"},"inLanguage":"fr-FR","potentialAction":[{"@type":"ReadAction","target":["https:\/\/premiumline-cabling.com\/fr\/product\/connecteur-d-assemblage-sur-site\/"]}]},{"@type":"ImageObject","inLanguage":"fr-FR","@id":"https:\/\/premiumline-cabling.com\/fr\/product\/connecteur-d-assemblage-sur-site\/#primaryimage","url":"https:\/\/premiumline-cabling.com\/wp-content\/uploads\/2019\/05\/FO-field-assembly_2.jpg","contentUrl":"https:\/\/premiumline-cabling.com\/wp-content\/uploads\/2019\/05\/FO-field-assembly_2.jpg","width":337,"height":173},{"@type":"BreadcrumbList","@id":"https:\/\/premiumline-cabling.com\/fr\/product\/connecteur-d-assemblage-sur-site\/#breadcrumb","itemListElement":[{"@type":"ListItem","position":1,"name":"\u0413\u043b\u0430\u0432\u043d\u0430\u044f \u0441\u0442\u0440\u0430\u043d\u0438\u0446\u0430","item":"https:\/\/premiumline-cabling.com\/fr\/"},{"@type":"ListItem","position":2,"name":"Connecteur d\u2019assemblage sur site"}]},{"@type":"WebSite","@id":"https:\/\/premiumline-cabling.com\/#website","url":"https:\/\/premiumline-cabling.com\/","name":"Premium-Line","description":"Structured Cabling System","publisher":{"@id":"https:\/\/premiumline-cabling.com\/#organization"},"potentialAction":[{"@type":"SearchAction","target":{"@type":"EntryPoint","urlTemplate":"https:\/\/premiumline-cabling.com\/?s={search_term_string}"},"query-input":{"@type":"PropertyValueSpecification","valueRequired":true,"valueName":"search_term_string"}}],"inLanguage":"fr-FR"},{"@type":"Organization","@id":"https:\/\/premiumline-cabling.com\/#organization","name":"Premium-Line","url":"https:\/\/premiumline-cabling.com\/","logo":{"@type":"ImageObject","inLanguage":"fr-FR","@id":"https:\/\/premiumline-cabling.com\/#\/schema\/logo\/image\/","url":"https:\/\/premiumline-cabling.com\/wp-content\/uploads\/2019\/04\/cropped-img_logo_site_Premium-Line.png","contentUrl":"https:\/\/premiumline-cabling.com\/wp-content\/uploads\/2019\/04\/cropped-img_logo_site_Premium-Line.png","width":190,"height":62,"caption":"Premium-Line"},"image":{"@id":"https:\/\/premiumline-cabling.com\/#\/schema\/logo\/image\/"}}]}},"_links":{"self":[{"href":"https:\/\/premiumline-cabling.com\/fr\/wp-json\/wp\/v2\/product\/20732","targetHints":{"allow":["GET"]}}],"collection":[{"href":"https:\/\/premiumline-cabling.com\/fr\/wp-json\/wp\/v2\/product"}],"about":[{"href":"https:\/\/premiumline-cabling.com\/fr\/wp-json\/wp\/v2\/types\/product"}],"wp:featuredmedia":[{"embeddable":true,"href":"https:\/\/premiumline-cabling.com\/fr\/wp-json\/wp\/v2\/media\/20734"}],"wp:attachment":[{"href":"https:\/\/premiumline-cabling.com\/fr\/wp-json\/wp\/v2\/media?parent=20732"}],"wp:term":[{"taxonomy":"product_category","embeddable":true,"href":"https:\/\/premiumline-cabling.com\/fr\/wp-json\/wp\/v2\/product_category?post=20732"}],"curies":[{"name":"wp","href":"https:\/\/api.w.org\/{rel}","templated":true}]}}