{"id":20723,"date":"2019-02-02T20:45:11","date_gmt":"2019-02-02T19:45:11","guid":{"rendered":"https:\/\/premiumline-cabling.com\/product\/plaque-frontale-a-fibre-optique\/"},"modified":"2023-12-14T18:50:56","modified_gmt":"2023-12-14T17:50:56","slug":"plaque-frontale-a-fibre-optique","status":"publish","type":"product","link":"https:\/\/premiumline-cabling.com\/fr\/product\/plaque-frontale-a-fibre-optique\/","title":{"rendered":"Plaque frontale \u00e0 fibre optique"},"content":{"rendered":"<div id=\"attachment_552\" style=\"width: 310px\" class=\"wp-caption alignleft\"><noscript><img decoding=\"async\" aria-describedby=\"caption-attachment-552\" class=\"wp-image-552 size-medium\" src=\"https:\/\/premiumline-cabling.com\/wp-content\/uploads\/2019\/02\/PL-fiber-optic-faceplate-252021018-300x134.jpg\" alt width=\"300\" height=\"134\" srcset=\"https:\/\/premiumline-cabling.com\/wp-content\/uploads\/2019\/02\/PL-fiber-optic-faceplate-252021018-300x134.jpg 300w, https:\/\/premiumline-cabling.com\/wp-content\/uploads\/2019\/02\/PL-fiber-optic-faceplate-252021018.jpg 350w\" sizes=\"(max-width: 300px) 100vw, 300px\"><\/noscript><img decoding=\"async\" aria-describedby=\"caption-attachment-552\" class=\"wp-image-552 size-medium lazyload\" src=\"data:image\/svg+xml,%3Csvg%20xmlns%3D%22http%3A%2F%2Fwww.w3.org%2F2000%2Fsvg%22%20viewBox%3D%220%200%20300%20134%22%3E%3C%2Fsvg%3E\" alt width=\"300\" height=\"134\" srcset=\"data:image\/svg+xml,%3Csvg%20xmlns%3D%22http%3A%2F%2Fwww.w3.org%2F2000%2Fsvg%22%20viewBox%3D%220%200%20300%20134%22%3E%3C%2Fsvg%3E 300w\" sizes=\"(max-width: 300px) 100vw, 300px\" data-srcset=\"https:\/\/premiumline-cabling.com\/wp-content\/uploads\/2019\/02\/PL-fiber-optic-faceplate-252021018-300x134.jpg 300w, https:\/\/premiumline-cabling.com\/wp-content\/uploads\/2019\/02\/PL-fiber-optic-faceplate-252021018.jpg 350w\" data-src=\"https:\/\/premiumline-cabling.com\/wp-content\/uploads\/2019\/02\/PL-fiber-optic-faceplate-252021018-300x134.jpg\"><p id=\"caption-attachment-552\" class=\"wp-caption-text\">86*86 Taille<\/p><\/div>\n<p class=\"bodytext\">La plaque frontale \u00e0 fibre optique Premium-Line est de conception standard 86 * 86, elle est disponible pour se fixer \u00e0 n\u2019importe quelle surface, cloison s\u00e8che, plinthe et m\u00eame meuble modulaire. Il est disponible en 2 types, SC duplex (LC quad), ST \u00e0 double ports, angle d\u2019entr\u00e9e\/sortie de l\u2019adaptateur \u00e0 45 \u00b0 pour \u00e9viter toute blessure due \u00e0 la lumi\u00e8re.<\/p>\n<h4>Caract\u00e9ristiques:<\/h4>\n<ul>\n<li>100% compatible avec la bo\u00eete arri\u00e8re standard 86*86<\/li>\n<li>L\u2019adaptateur peut \u00eatre enclench\u00e9 et retir\u00e9 facilement<\/li>\n<li>Livr\u00e9 avec des vis de montage cach\u00e9es et des \u00e9tiquettes d&#8217;identification des prises transparentes.<\/li>\n<li>Appliquer la r\u00e9sine ABS UL-94V-0 ignifuge et r\u00e9sistante aux chocs<\/li>\n<li>Plainte RoHS<\/li>\n<\/ul>\n<p><strong>Plaque frontale \u00e0 fibre optique<\/strong><\/p>\n<table width=\"100%\">\n<thead>\n<tr>\n<td><strong>PART NO.<\/strong><\/td>\n<td><strong>DESCRIPTION<\/strong><\/td>\n<\/tr>\n<\/thead>\n<tbody>\n<tr>\n<td>252021011<\/td>\n<td>Fa\u00e7ade duplex SC \u00e0 fibre optique, 86\u00d786, 1 port, RAL9003<\/td>\n<\/tr>\n<tr>\n<td>252012021<\/td>\n<td>Fa\u00e7ade ST Simplex \u00e0 fibre optique, 86\u00d786, 2 ports, RAL9003<\/td>\n<\/tr>\n<\/tbody>\n<\/table>\n<p>&nbsp;<\/p>\n","protected":false},"featured_media":20726,"template":"","product_category":[436],"class_list":["post-20723","product","type-product","status-publish","has-post-thumbnail","hentry","product_category-fttx-en-anglais-seulement"],"yoast_head":"<!-- This site is optimized with the Yoast SEO plugin v27.2 - https:\/\/yoast.com\/product\/yoast-seo-wordpress\/ -->\n<title>Plaque frontale \u00e0 fibre optique Premium-Line<\/title>\n<meta name=\"description\" content=\"La plaque frontale \u00e0 fibre optique Premium-Line est de conception standard 86 * 86, elle est disponible pour se fixer \u00e0 n\u2019importe quelle surface, cloison s\u00e8che, plinthe et m\u00eame meuble modulaire.\" \/>\n<meta name=\"robots\" content=\"index, follow, max-snippet:-1, max-image-preview:large, max-video-preview:-1\" \/>\n<link rel=\"canonical\" href=\"https:\/\/premiumline-cabling.com\/fr\/product\/plaque-frontale-a-fibre-optique\/\" \/>\n<meta property=\"og:locale\" content=\"fr_FR\" \/>\n<meta property=\"og:type\" content=\"article\" \/>\n<meta property=\"og:title\" content=\"Plaque frontale \u00e0 fibre optique Premium-Line\" \/>\n<meta property=\"og:description\" content=\"La plaque frontale \u00e0 fibre optique Premium-Line est de conception standard 86 * 86, elle est disponible pour se fixer \u00e0 n\u2019importe quelle surface, cloison s\u00e8che, plinthe et m\u00eame meuble modulaire.\" \/>\n<meta property=\"og:url\" content=\"https:\/\/premiumline-cabling.com\/fr\/product\/plaque-frontale-a-fibre-optique\/\" \/>\n<meta property=\"og:site_name\" content=\"Premium-Line\" \/>\n<meta property=\"article:modified_time\" content=\"2023-12-14T17:50:56+00:00\" \/>\n<meta property=\"og:image\" content=\"https:\/\/premiumline-cabling.com\/wp-content\/uploads\/2019\/02\/PL-fiber-optic-faceplate-252021018.jpg\" \/>\n\t<meta property=\"og:image:width\" content=\"350\" \/>\n\t<meta property=\"og:image:height\" content=\"156\" \/>\n\t<meta property=\"og:image:type\" content=\"image\/jpeg\" \/>\n<meta name=\"twitter:card\" content=\"summary_large_image\" \/>\n<meta name=\"twitter:label1\" content=\"Dur\u00e9e de lecture estim\u00e9e\" \/>\n\t<meta name=\"twitter:data1\" content=\"2 minutes\" \/>\n<script type=\"application\/ld+json\" class=\"yoast-schema-graph\">{\"@context\":\"https:\/\/schema.org\",\"@graph\":[{\"@type\":\"WebPage\",\"@id\":\"https:\/\/premiumline-cabling.com\/fr\/product\/plaque-frontale-a-fibre-optique\/\",\"url\":\"https:\/\/premiumline-cabling.com\/fr\/product\/plaque-frontale-a-fibre-optique\/\",\"name\":\"Plaque frontale \u00e0 fibre optique Premium-Line\",\"isPartOf\":{\"@id\":\"https:\/\/premiumline-cabling.com\/#website\"},\"primaryImageOfPage\":{\"@id\":\"https:\/\/premiumline-cabling.com\/fr\/product\/plaque-frontale-a-fibre-optique\/#primaryimage\"},\"image\":{\"@id\":\"https:\/\/premiumline-cabling.com\/fr\/product\/plaque-frontale-a-fibre-optique\/#primaryimage\"},\"thumbnailUrl\":\"https:\/\/premiumline-cabling.com\/wp-content\/uploads\/2019\/02\/PL-fiber-optic-faceplate-252021018.jpg\",\"datePublished\":\"2019-02-02T19:45:11+00:00\",\"dateModified\":\"2023-12-14T17:50:56+00:00\",\"description\":\"La plaque frontale \u00e0 fibre optique Premium-Line est de conception standard 86 * 86, elle est disponible pour se fixer \u00e0 n\u2019importe quelle surface, cloison s\u00e8che, plinthe et m\u00eame meuble modulaire.\",\"breadcrumb\":{\"@id\":\"https:\/\/premiumline-cabling.com\/fr\/product\/plaque-frontale-a-fibre-optique\/#breadcrumb\"},\"inLanguage\":\"fr-FR\",\"potentialAction\":[{\"@type\":\"ReadAction\",\"target\":[\"https:\/\/premiumline-cabling.com\/fr\/product\/plaque-frontale-a-fibre-optique\/\"]}]},{\"@type\":\"ImageObject\",\"inLanguage\":\"fr-FR\",\"@id\":\"https:\/\/premiumline-cabling.com\/fr\/product\/plaque-frontale-a-fibre-optique\/#primaryimage\",\"url\":\"https:\/\/premiumline-cabling.com\/wp-content\/uploads\/2019\/02\/PL-fiber-optic-faceplate-252021018.jpg\",\"contentUrl\":\"https:\/\/premiumline-cabling.com\/wp-content\/uploads\/2019\/02\/PL-fiber-optic-faceplate-252021018.jpg\",\"width\":350,\"height\":156},{\"@type\":\"BreadcrumbList\",\"@id\":\"https:\/\/premiumline-cabling.com\/fr\/product\/plaque-frontale-a-fibre-optique\/#breadcrumb\",\"itemListElement\":[{\"@type\":\"ListItem\",\"position\":1,\"name\":\"\u0413\u043b\u0430\u0432\u043d\u0430\u044f \u0441\u0442\u0440\u0430\u043d\u0438\u0446\u0430\",\"item\":\"https:\/\/premiumline-cabling.com\/fr\/\"},{\"@type\":\"ListItem\",\"position\":2,\"name\":\"Plaque frontale \u00e0 fibre optique\"}]},{\"@type\":\"WebSite\",\"@id\":\"https:\/\/premiumline-cabling.com\/#website\",\"url\":\"https:\/\/premiumline-cabling.com\/\",\"name\":\"Premium-Line\",\"description\":\"Structured Cabling System\",\"publisher\":{\"@id\":\"https:\/\/premiumline-cabling.com\/#organization\"},\"potentialAction\":[{\"@type\":\"SearchAction\",\"target\":{\"@type\":\"EntryPoint\",\"urlTemplate\":\"https:\/\/premiumline-cabling.com\/?s={search_term_string}\"},\"query-input\":{\"@type\":\"PropertyValueSpecification\",\"valueRequired\":true,\"valueName\":\"search_term_string\"}}],\"inLanguage\":\"fr-FR\"},{\"@type\":\"Organization\",\"@id\":\"https:\/\/premiumline-cabling.com\/#organization\",\"name\":\"Premium-Line\",\"url\":\"https:\/\/premiumline-cabling.com\/\",\"logo\":{\"@type\":\"ImageObject\",\"inLanguage\":\"fr-FR\",\"@id\":\"https:\/\/premiumline-cabling.com\/#\/schema\/logo\/image\/\",\"url\":\"https:\/\/premiumline-cabling.com\/wp-content\/uploads\/2019\/04\/cropped-img_logo_site_Premium-Line.png\",\"contentUrl\":\"https:\/\/premiumline-cabling.com\/wp-content\/uploads\/2019\/04\/cropped-img_logo_site_Premium-Line.png\",\"width\":190,\"height\":62,\"caption\":\"Premium-Line\"},\"image\":{\"@id\":\"https:\/\/premiumline-cabling.com\/#\/schema\/logo\/image\/\"}}]}<\/script>\n<!-- \/ Yoast SEO plugin. -->","yoast_head_json":{"title":"Plaque frontale \u00e0 fibre optique Premium-Line","description":"La plaque frontale \u00e0 fibre optique Premium-Line est de conception standard 86 * 86, elle est disponible pour se fixer \u00e0 n\u2019importe quelle surface, cloison s\u00e8che, plinthe et m\u00eame meuble modulaire.","robots":{"index":"index","follow":"follow","max-snippet":"max-snippet:-1","max-image-preview":"max-image-preview:large","max-video-preview":"max-video-preview:-1"},"canonical":"https:\/\/premiumline-cabling.com\/fr\/product\/plaque-frontale-a-fibre-optique\/","og_locale":"fr_FR","og_type":"article","og_title":"Plaque frontale \u00e0 fibre optique Premium-Line","og_description":"La plaque frontale \u00e0 fibre optique Premium-Line est de conception standard 86 * 86, elle est disponible pour se fixer \u00e0 n\u2019importe quelle surface, cloison s\u00e8che, plinthe et m\u00eame meuble modulaire.","og_url":"https:\/\/premiumline-cabling.com\/fr\/product\/plaque-frontale-a-fibre-optique\/","og_site_name":"Premium-Line","article_modified_time":"2023-12-14T17:50:56+00:00","og_image":[{"width":350,"height":156,"url":"https:\/\/premiumline-cabling.com\/wp-content\/uploads\/2019\/02\/PL-fiber-optic-faceplate-252021018.jpg","type":"image\/jpeg"}],"twitter_card":"summary_large_image","twitter_misc":{"Dur\u00e9e de lecture estim\u00e9e":"2 minutes"},"schema":{"@context":"https:\/\/schema.org","@graph":[{"@type":"WebPage","@id":"https:\/\/premiumline-cabling.com\/fr\/product\/plaque-frontale-a-fibre-optique\/","url":"https:\/\/premiumline-cabling.com\/fr\/product\/plaque-frontale-a-fibre-optique\/","name":"Plaque frontale \u00e0 fibre optique Premium-Line","isPartOf":{"@id":"https:\/\/premiumline-cabling.com\/#website"},"primaryImageOfPage":{"@id":"https:\/\/premiumline-cabling.com\/fr\/product\/plaque-frontale-a-fibre-optique\/#primaryimage"},"image":{"@id":"https:\/\/premiumline-cabling.com\/fr\/product\/plaque-frontale-a-fibre-optique\/#primaryimage"},"thumbnailUrl":"https:\/\/premiumline-cabling.com\/wp-content\/uploads\/2019\/02\/PL-fiber-optic-faceplate-252021018.jpg","datePublished":"2019-02-02T19:45:11+00:00","dateModified":"2023-12-14T17:50:56+00:00","description":"La plaque frontale \u00e0 fibre optique Premium-Line est de conception standard 86 * 86, elle est disponible pour se fixer \u00e0 n\u2019importe quelle surface, cloison s\u00e8che, plinthe et m\u00eame meuble modulaire.","breadcrumb":{"@id":"https:\/\/premiumline-cabling.com\/fr\/product\/plaque-frontale-a-fibre-optique\/#breadcrumb"},"inLanguage":"fr-FR","potentialAction":[{"@type":"ReadAction","target":["https:\/\/premiumline-cabling.com\/fr\/product\/plaque-frontale-a-fibre-optique\/"]}]},{"@type":"ImageObject","inLanguage":"fr-FR","@id":"https:\/\/premiumline-cabling.com\/fr\/product\/plaque-frontale-a-fibre-optique\/#primaryimage","url":"https:\/\/premiumline-cabling.com\/wp-content\/uploads\/2019\/02\/PL-fiber-optic-faceplate-252021018.jpg","contentUrl":"https:\/\/premiumline-cabling.com\/wp-content\/uploads\/2019\/02\/PL-fiber-optic-faceplate-252021018.jpg","width":350,"height":156},{"@type":"BreadcrumbList","@id":"https:\/\/premiumline-cabling.com\/fr\/product\/plaque-frontale-a-fibre-optique\/#breadcrumb","itemListElement":[{"@type":"ListItem","position":1,"name":"\u0413\u043b\u0430\u0432\u043d\u0430\u044f \u0441\u0442\u0440\u0430\u043d\u0438\u0446\u0430","item":"https:\/\/premiumline-cabling.com\/fr\/"},{"@type":"ListItem","position":2,"name":"Plaque frontale \u00e0 fibre optique"}]},{"@type":"WebSite","@id":"https:\/\/premiumline-cabling.com\/#website","url":"https:\/\/premiumline-cabling.com\/","name":"Premium-Line","description":"Structured Cabling System","publisher":{"@id":"https:\/\/premiumline-cabling.com\/#organization"},"potentialAction":[{"@type":"SearchAction","target":{"@type":"EntryPoint","urlTemplate":"https:\/\/premiumline-cabling.com\/?s={search_term_string}"},"query-input":{"@type":"PropertyValueSpecification","valueRequired":true,"valueName":"search_term_string"}}],"inLanguage":"fr-FR"},{"@type":"Organization","@id":"https:\/\/premiumline-cabling.com\/#organization","name":"Premium-Line","url":"https:\/\/premiumline-cabling.com\/","logo":{"@type":"ImageObject","inLanguage":"fr-FR","@id":"https:\/\/premiumline-cabling.com\/#\/schema\/logo\/image\/","url":"https:\/\/premiumline-cabling.com\/wp-content\/uploads\/2019\/04\/cropped-img_logo_site_Premium-Line.png","contentUrl":"https:\/\/premiumline-cabling.com\/wp-content\/uploads\/2019\/04\/cropped-img_logo_site_Premium-Line.png","width":190,"height":62,"caption":"Premium-Line"},"image":{"@id":"https:\/\/premiumline-cabling.com\/#\/schema\/logo\/image\/"}}]}},"_links":{"self":[{"href":"https:\/\/premiumline-cabling.com\/fr\/wp-json\/wp\/v2\/product\/20723","targetHints":{"allow":["GET"]}}],"collection":[{"href":"https:\/\/premiumline-cabling.com\/fr\/wp-json\/wp\/v2\/product"}],"about":[{"href":"https:\/\/premiumline-cabling.com\/fr\/wp-json\/wp\/v2\/types\/product"}],"wp:featuredmedia":[{"embeddable":true,"href":"https:\/\/premiumline-cabling.com\/fr\/wp-json\/wp\/v2\/media\/20726"}],"wp:attachment":[{"href":"https:\/\/premiumline-cabling.com\/fr\/wp-json\/wp\/v2\/media?parent=20723"}],"wp:term":[{"taxonomy":"product_category","embeddable":true,"href":"https:\/\/premiumline-cabling.com\/fr\/wp-json\/wp\/v2\/product_category?post=20723"}],"curies":[{"name":"wp","href":"https:\/\/api.w.org\/{rel}","templated":true}]}}