{"id":20704,"date":"2019-02-03T20:41:43","date_gmt":"2019-02-03T19:41:43","guid":{"rendered":"https:\/\/premiumline-cabling.com\/product\/cordon-de-brassage-a-fibre-optique-mm\/"},"modified":"2023-12-14T16:34:28","modified_gmt":"2023-12-14T15:34:28","slug":"cordon-de-brassage-a-fibre-optique-mm","status":"publish","type":"product","link":"https:\/\/premiumline-cabling.com\/fr\/product\/cordon-de-brassage-a-fibre-optique-mm\/","title":{"rendered":"Cordon de brassage \u00e0 fibre optique MM"},"content":{"rendered":"<p><noscript><img decoding=\"async\" class=\"size-medium wp-image-627 alignright\" src=\"https:\/\/premiumline-cabling.com\/wp-content\/uploads\/2019\/02\/img_PL_Fiber-Optic-Patch-Cord-300x150.jpg\" alt width=\"300\" height=\"150\"><\/noscript><img decoding=\"async\" class=\"size-medium wp-image-627 alignright lazyload\" src=\"data:image\/svg+xml,%3Csvg%20xmlns%3D%22http%3A%2F%2Fwww.w3.org%2F2000%2Fsvg%22%20viewBox%3D%220%200%20300%20150%22%3E%3C%2Fsvg%3E\" alt width=\"300\" height=\"150\" data-src=\"https:\/\/premiumline-cabling.com\/wp-content\/uploads\/2019\/02\/img_PL_Fiber-Optic-Patch-Cord-300x150.jpg\"><\/p>\n<p>Les cordons de raccordement \u00e0 fibre optique conviennent aux c\u00e2bles de d\u00e9marrage d\u2019\u00e9quipement, aux connexions crois\u00e9es et aux connexions de zones de travail. Tous les cordons de brassage sont test\u00e9s \u00e0 100 % en usine pour garantir des performances conformes aux normes TIA\/EIA-568.3, ISO 11801 et EN 50173-1. Avec une gamme compl\u00e8te de connecteurs SC, ST, LC, FC, MTRJ, ainsi que les diff\u00e9rents modes de c\u00e2bles \u00e0 fibre, se compose de diverses combinaisons pour les applications dans tous les domaines.<\/p>\n<h3>CARACT\u00c9RISTIQUES:<\/h3>\n<ul>\n<li>conforme \u00e0 la norme TIA\/EIA-3<\/li>\n<li>conforme \u00e0 la norme ITU G.651<\/li>\n<li>Les connecteurs r\u00e9pondent aux IEC60874 et aux IEC61754<\/li>\n<li>Essais environnementaux et m\u00e9caniques bas\u00e9s sur IEC61300-2-1,2,4,5,6,17 et IEC61300-3-1,4,11 et IEC 60332 et IEC60754-1,2<\/li>\n<li>offrent une immunit\u00e9 totale aux interf\u00e9rences \u00e9lectriques<\/li>\n<li>Conforme \u00e0 la directive RoHS<\/li>\n<\/ul>\n<h3>CANDIDATURES:<\/h3>\n<ul>\n<li>R\u00e9seau t\u00e9l\u00e9com<\/li>\n<li>CATV<\/li>\n<li>FTTx<\/li>\n<li>Equipements finaux<\/li>\n<li>R\u00e9seau local<\/li>\n<li>\u00c9quipement de test<\/li>\n<\/ul>\n<h3>LES INFORMATIONS RELATIVES \u00c0 LA COMMANDE:<\/h3>\n<p>Num\u00e9ro de pi\u00e8ce: 21vwxyzzz<\/p>\n<p>Description: Cordon de raccordement \u00e0 fibre optique multimode Premium Line<\/p>\n<table width=\"637\">\n<tbody>\n<tr>\n<td rowspan=\"2\" width=\"80\"><strong>FO MM<\/strong>\n<p><strong>Cordon<\/strong><\/p><\/td>\n<td rowspan=\"2\" width=\"132\"><strong>Transmission Mode<\/strong><\/td>\n<td rowspan=\"2\" width=\"170\"><strong>Type de c\u00e2ble<\/strong><\/td>\n<td colspan=\"2\" width=\"170\"><strong>Type de connecteur<\/strong><\/td>\n<td rowspan=\"2\" width=\"85\"><strong>Longueur (m)<\/strong><\/td>\n<\/tr>\n<tr>\n<td width=\"85\"><strong>Une fin<\/strong><\/td>\n<td width=\"85\"><strong>Extr\u00e9mit\u00e9 B<\/strong><\/td>\n<\/tr>\n<tr>\n<td width=\"80\">21 : UPC<\/td>\n<td width=\"132\">1 : OM1 62,5\/125 um\n<p>2 : OM2 50\/125um<\/p>\n<p>4 : OM3<\/p>\n<p>9 : OM4<\/p>\n<p>8 : OM5<\/p><\/td>\n<td width=\"170\">1 : recto, PVC, 3.0mm\n<p>2 : recto, LSOH, 3,0 mm<\/p>\n<p>3 : simplex, PVC, 2.0mm<\/p>\n<p>4 : recto, LSOH, 2,0 mm<\/p>\n<p>5 : duplex, PVC, 3.0mm<\/p>\n<p>6 : duplex, LSOH, 3,0 mm<\/p>\n<p>7 : duplex, PVC, 2.0mm<\/p>\n<p>8 : duplex, LSOH, 2,0 mm<\/p><\/td>\n<td width=\"85\">6 : SC\/UPC\n<p>7 : ST\/UPC<\/p>\n<p>8 : FC\/UPC<\/p>\n<p>9 : LC\/UPC<\/p><\/td>\n<td width=\"85\">6 : SC\/UPC\n<p>7 : ST\/UPC<\/p>\n<p>8 : FC\/UPC<\/p>\n<p>9 : LC\/UPC<\/p><\/td>\n<td width=\"85\">010 : 1,0 m\n<p>020 : 2,0 millions<\/p>\n<p>030 : 3,0 millions<\/p>\n<p>050 : 5,0 millions<\/p>\n<p>070 : 7,0 millions<\/p>\n<p>100 : 10,0 millions<\/p>\n<p>900 : 90,0 millions<\/p><\/td>\n<\/tr>\n<\/tbody>\n<\/table>\n<h4>Pour cr\u00e9er rapidement une demande de co\u00fbts, utilisez notre calculateur en ligne!<\/h4>\n<ul>\n<li><a href=\"https:\/\/premiumline-cabling.com\/service_category\/sm-fo-patch-cord\/\">Cordon de brassage SM FO. Cliquez ici !<\/a><\/li>\n<li><a href=\"https:\/\/premiumline-cabling.com\/service_category\/mm-fo-patch-cord\/\">Cordon de brassage MM FO. Cliquez ici !<\/a><\/li>\n<\/ul>\n<h3><span style=\"color: #a13737;\"><strong><u>Plus d&#8217;informations (cliquez sur le signe &#8220;+&#8221; ci-dessous)<\/u><\/strong><\/span><\/h3>\n","protected":false},"featured_media":20707,"template":"","product_category":[440],"class_list":["post-20704","product","type-product","status-publish","has-post-thumbnail","hentry","product_category-connectivite-fr"],"yoast_head":"<!-- This site is optimized with the Yoast SEO plugin v27.2 - https:\/\/yoast.com\/product\/yoast-seo-wordpress\/ -->\n<title>Cordon de raccordement \u00e0 fibre optique Premium-Line<\/title>\n<meta name=\"description\" content=\"Les cordons de raccordement \u00e0 fibre optique conviennent aux c\u00e2bles de d\u00e9marrage d\u2019\u00e9quipement, aux connexions crois\u00e9es et aux connexions de zones de travail. En savoir plus !\" \/>\n<meta name=\"robots\" content=\"index, follow, max-snippet:-1, max-image-preview:large, max-video-preview:-1\" \/>\n<link rel=\"canonical\" href=\"https:\/\/premiumline-cabling.com\/fr\/product\/cordon-de-brassage-a-fibre-optique-mm\/\" \/>\n<meta property=\"og:locale\" content=\"fr_FR\" \/>\n<meta property=\"og:type\" content=\"article\" \/>\n<meta property=\"og:title\" content=\"Cordon de raccordement \u00e0 fibre optique Premium-Line\" \/>\n<meta property=\"og:description\" content=\"Les cordons de raccordement \u00e0 fibre optique conviennent aux c\u00e2bles de d\u00e9marrage d\u2019\u00e9quipement, aux connexions crois\u00e9es et aux connexions de zones de travail. En savoir plus !\" \/>\n<meta property=\"og:url\" content=\"https:\/\/premiumline-cabling.com\/fr\/product\/cordon-de-brassage-a-fibre-optique-mm\/\" \/>\n<meta property=\"og:site_name\" content=\"Premium-Line\" \/>\n<meta property=\"article:modified_time\" content=\"2023-12-14T15:34:28+00:00\" \/>\n<meta property=\"og:image\" content=\"https:\/\/premiumline-cabling.com\/wp-content\/uploads\/2019\/02\/img_PL_Fiber-Optic-Patch-Cord.jpg\" \/>\n\t<meta property=\"og:image:width\" content=\"300\" \/>\n\t<meta property=\"og:image:height\" content=\"150\" \/>\n\t<meta property=\"og:image:type\" content=\"image\/jpeg\" \/>\n<meta name=\"twitter:card\" content=\"summary_large_image\" \/>\n<meta name=\"twitter:label1\" content=\"Dur\u00e9e de lecture estim\u00e9e\" \/>\n\t<meta name=\"twitter:data1\" content=\"2 minutes\" \/>\n<script type=\"application\/ld+json\" class=\"yoast-schema-graph\">{\"@context\":\"https:\/\/schema.org\",\"@graph\":[{\"@type\":\"WebPage\",\"@id\":\"https:\/\/premiumline-cabling.com\/fr\/product\/cordon-de-brassage-a-fibre-optique-mm\/\",\"url\":\"https:\/\/premiumline-cabling.com\/fr\/product\/cordon-de-brassage-a-fibre-optique-mm\/\",\"name\":\"Cordon de raccordement \u00e0 fibre optique Premium-Line\",\"isPartOf\":{\"@id\":\"https:\/\/premiumline-cabling.com\/#website\"},\"primaryImageOfPage\":{\"@id\":\"https:\/\/premiumline-cabling.com\/fr\/product\/cordon-de-brassage-a-fibre-optique-mm\/#primaryimage\"},\"image\":{\"@id\":\"https:\/\/premiumline-cabling.com\/fr\/product\/cordon-de-brassage-a-fibre-optique-mm\/#primaryimage\"},\"thumbnailUrl\":\"https:\/\/premiumline-cabling.com\/wp-content\/uploads\/2019\/02\/img_PL_Fiber-Optic-Patch-Cord.jpg\",\"datePublished\":\"2019-02-03T19:41:43+00:00\",\"dateModified\":\"2023-12-14T15:34:28+00:00\",\"description\":\"Les cordons de raccordement \u00e0 fibre optique conviennent aux c\u00e2bles de d\u00e9marrage d\u2019\u00e9quipement, aux connexions crois\u00e9es et aux connexions de zones de travail. En savoir plus !\",\"breadcrumb\":{\"@id\":\"https:\/\/premiumline-cabling.com\/fr\/product\/cordon-de-brassage-a-fibre-optique-mm\/#breadcrumb\"},\"inLanguage\":\"fr-FR\",\"potentialAction\":[{\"@type\":\"ReadAction\",\"target\":[\"https:\/\/premiumline-cabling.com\/fr\/product\/cordon-de-brassage-a-fibre-optique-mm\/\"]}]},{\"@type\":\"ImageObject\",\"inLanguage\":\"fr-FR\",\"@id\":\"https:\/\/premiumline-cabling.com\/fr\/product\/cordon-de-brassage-a-fibre-optique-mm\/#primaryimage\",\"url\":\"https:\/\/premiumline-cabling.com\/wp-content\/uploads\/2019\/02\/img_PL_Fiber-Optic-Patch-Cord.jpg\",\"contentUrl\":\"https:\/\/premiumline-cabling.com\/wp-content\/uploads\/2019\/02\/img_PL_Fiber-Optic-Patch-Cord.jpg\",\"width\":300,\"height\":150},{\"@type\":\"BreadcrumbList\",\"@id\":\"https:\/\/premiumline-cabling.com\/fr\/product\/cordon-de-brassage-a-fibre-optique-mm\/#breadcrumb\",\"itemListElement\":[{\"@type\":\"ListItem\",\"position\":1,\"name\":\"\u0413\u043b\u0430\u0432\u043d\u0430\u044f \u0441\u0442\u0440\u0430\u043d\u0438\u0446\u0430\",\"item\":\"https:\/\/premiumline-cabling.com\/fr\/\"},{\"@type\":\"ListItem\",\"position\":2,\"name\":\"Cordon de brassage \u00e0 fibre optique MM\"}]},{\"@type\":\"WebSite\",\"@id\":\"https:\/\/premiumline-cabling.com\/#website\",\"url\":\"https:\/\/premiumline-cabling.com\/\",\"name\":\"Premium-Line\",\"description\":\"Structured Cabling System\",\"publisher\":{\"@id\":\"https:\/\/premiumline-cabling.com\/#organization\"},\"potentialAction\":[{\"@type\":\"SearchAction\",\"target\":{\"@type\":\"EntryPoint\",\"urlTemplate\":\"https:\/\/premiumline-cabling.com\/?s={search_term_string}\"},\"query-input\":{\"@type\":\"PropertyValueSpecification\",\"valueRequired\":true,\"valueName\":\"search_term_string\"}}],\"inLanguage\":\"fr-FR\"},{\"@type\":\"Organization\",\"@id\":\"https:\/\/premiumline-cabling.com\/#organization\",\"name\":\"Premium-Line\",\"url\":\"https:\/\/premiumline-cabling.com\/\",\"logo\":{\"@type\":\"ImageObject\",\"inLanguage\":\"fr-FR\",\"@id\":\"https:\/\/premiumline-cabling.com\/#\/schema\/logo\/image\/\",\"url\":\"https:\/\/premiumline-cabling.com\/wp-content\/uploads\/2019\/04\/cropped-img_logo_site_Premium-Line.png\",\"contentUrl\":\"https:\/\/premiumline-cabling.com\/wp-content\/uploads\/2019\/04\/cropped-img_logo_site_Premium-Line.png\",\"width\":190,\"height\":62,\"caption\":\"Premium-Line\"},\"image\":{\"@id\":\"https:\/\/premiumline-cabling.com\/#\/schema\/logo\/image\/\"}}]}<\/script>\n<!-- \/ Yoast SEO plugin. -->","yoast_head_json":{"title":"Cordon de raccordement \u00e0 fibre optique Premium-Line","description":"Les cordons de raccordement \u00e0 fibre optique conviennent aux c\u00e2bles de d\u00e9marrage d\u2019\u00e9quipement, aux connexions crois\u00e9es et aux connexions de zones de travail. En savoir plus !","robots":{"index":"index","follow":"follow","max-snippet":"max-snippet:-1","max-image-preview":"max-image-preview:large","max-video-preview":"max-video-preview:-1"},"canonical":"https:\/\/premiumline-cabling.com\/fr\/product\/cordon-de-brassage-a-fibre-optique-mm\/","og_locale":"fr_FR","og_type":"article","og_title":"Cordon de raccordement \u00e0 fibre optique Premium-Line","og_description":"Les cordons de raccordement \u00e0 fibre optique conviennent aux c\u00e2bles de d\u00e9marrage d\u2019\u00e9quipement, aux connexions crois\u00e9es et aux connexions de zones de travail. En savoir plus !","og_url":"https:\/\/premiumline-cabling.com\/fr\/product\/cordon-de-brassage-a-fibre-optique-mm\/","og_site_name":"Premium-Line","article_modified_time":"2023-12-14T15:34:28+00:00","og_image":[{"width":300,"height":150,"url":"https:\/\/premiumline-cabling.com\/wp-content\/uploads\/2019\/02\/img_PL_Fiber-Optic-Patch-Cord.jpg","type":"image\/jpeg"}],"twitter_card":"summary_large_image","twitter_misc":{"Dur\u00e9e de lecture estim\u00e9e":"2 minutes"},"schema":{"@context":"https:\/\/schema.org","@graph":[{"@type":"WebPage","@id":"https:\/\/premiumline-cabling.com\/fr\/product\/cordon-de-brassage-a-fibre-optique-mm\/","url":"https:\/\/premiumline-cabling.com\/fr\/product\/cordon-de-brassage-a-fibre-optique-mm\/","name":"Cordon de raccordement \u00e0 fibre optique Premium-Line","isPartOf":{"@id":"https:\/\/premiumline-cabling.com\/#website"},"primaryImageOfPage":{"@id":"https:\/\/premiumline-cabling.com\/fr\/product\/cordon-de-brassage-a-fibre-optique-mm\/#primaryimage"},"image":{"@id":"https:\/\/premiumline-cabling.com\/fr\/product\/cordon-de-brassage-a-fibre-optique-mm\/#primaryimage"},"thumbnailUrl":"https:\/\/premiumline-cabling.com\/wp-content\/uploads\/2019\/02\/img_PL_Fiber-Optic-Patch-Cord.jpg","datePublished":"2019-02-03T19:41:43+00:00","dateModified":"2023-12-14T15:34:28+00:00","description":"Les cordons de raccordement \u00e0 fibre optique conviennent aux c\u00e2bles de d\u00e9marrage d\u2019\u00e9quipement, aux connexions crois\u00e9es et aux connexions de zones de travail. En savoir plus !","breadcrumb":{"@id":"https:\/\/premiumline-cabling.com\/fr\/product\/cordon-de-brassage-a-fibre-optique-mm\/#breadcrumb"},"inLanguage":"fr-FR","potentialAction":[{"@type":"ReadAction","target":["https:\/\/premiumline-cabling.com\/fr\/product\/cordon-de-brassage-a-fibre-optique-mm\/"]}]},{"@type":"ImageObject","inLanguage":"fr-FR","@id":"https:\/\/premiumline-cabling.com\/fr\/product\/cordon-de-brassage-a-fibre-optique-mm\/#primaryimage","url":"https:\/\/premiumline-cabling.com\/wp-content\/uploads\/2019\/02\/img_PL_Fiber-Optic-Patch-Cord.jpg","contentUrl":"https:\/\/premiumline-cabling.com\/wp-content\/uploads\/2019\/02\/img_PL_Fiber-Optic-Patch-Cord.jpg","width":300,"height":150},{"@type":"BreadcrumbList","@id":"https:\/\/premiumline-cabling.com\/fr\/product\/cordon-de-brassage-a-fibre-optique-mm\/#breadcrumb","itemListElement":[{"@type":"ListItem","position":1,"name":"\u0413\u043b\u0430\u0432\u043d\u0430\u044f \u0441\u0442\u0440\u0430\u043d\u0438\u0446\u0430","item":"https:\/\/premiumline-cabling.com\/fr\/"},{"@type":"ListItem","position":2,"name":"Cordon de brassage \u00e0 fibre optique MM"}]},{"@type":"WebSite","@id":"https:\/\/premiumline-cabling.com\/#website","url":"https:\/\/premiumline-cabling.com\/","name":"Premium-Line","description":"Structured Cabling System","publisher":{"@id":"https:\/\/premiumline-cabling.com\/#organization"},"potentialAction":[{"@type":"SearchAction","target":{"@type":"EntryPoint","urlTemplate":"https:\/\/premiumline-cabling.com\/?s={search_term_string}"},"query-input":{"@type":"PropertyValueSpecification","valueRequired":true,"valueName":"search_term_string"}}],"inLanguage":"fr-FR"},{"@type":"Organization","@id":"https:\/\/premiumline-cabling.com\/#organization","name":"Premium-Line","url":"https:\/\/premiumline-cabling.com\/","logo":{"@type":"ImageObject","inLanguage":"fr-FR","@id":"https:\/\/premiumline-cabling.com\/#\/schema\/logo\/image\/","url":"https:\/\/premiumline-cabling.com\/wp-content\/uploads\/2019\/04\/cropped-img_logo_site_Premium-Line.png","contentUrl":"https:\/\/premiumline-cabling.com\/wp-content\/uploads\/2019\/04\/cropped-img_logo_site_Premium-Line.png","width":190,"height":62,"caption":"Premium-Line"},"image":{"@id":"https:\/\/premiumline-cabling.com\/#\/schema\/logo\/image\/"}}]}},"_links":{"self":[{"href":"https:\/\/premiumline-cabling.com\/fr\/wp-json\/wp\/v2\/product\/20704","targetHints":{"allow":["GET"]}}],"collection":[{"href":"https:\/\/premiumline-cabling.com\/fr\/wp-json\/wp\/v2\/product"}],"about":[{"href":"https:\/\/premiumline-cabling.com\/fr\/wp-json\/wp\/v2\/types\/product"}],"wp:featuredmedia":[{"embeddable":true,"href":"https:\/\/premiumline-cabling.com\/fr\/wp-json\/wp\/v2\/media\/20707"}],"wp:attachment":[{"href":"https:\/\/premiumline-cabling.com\/fr\/wp-json\/wp\/v2\/media?parent=20704"}],"wp:term":[{"taxonomy":"product_category","embeddable":true,"href":"https:\/\/premiumline-cabling.com\/fr\/wp-json\/wp\/v2\/product_category?post=20704"}],"curies":[{"name":"wp","href":"https:\/\/api.w.org\/{rel}","templated":true}]}}