{"id":20702,"date":"2022-02-08T12:38:00","date_gmt":"2022-02-08T11:38:00","guid":{"rendered":"https:\/\/premiumline-cabling.com\/product\/cordon-de-brassage-a-fibre-optique-sm\/"},"modified":"2023-12-14T16:22:42","modified_gmt":"2023-12-14T15:22:42","slug":"cordon-de-brassage-a-fibre-optique-sm","status":"publish","type":"product","link":"https:\/\/premiumline-cabling.com\/fr\/product\/cordon-de-brassage-a-fibre-optique-sm\/","title":{"rendered":"Cordon de brassage \u00e0 fibre optique SM"},"content":{"rendered":"<p><noscript><img decoding=\"async\" class=\"size-medium wp-image-626 alignright\" src=\"https:\/\/premiumline-cabling.com\/wp-content\/uploads\/2019\/02\/img_PL_Fiber-Optic-Patch-Cord1-300x158.jpg\" alt width=\"300\" height=\"158\"><\/noscript><img decoding=\"async\" class=\"size-medium wp-image-626 alignright lazyload\" src=\"data:image\/svg+xml,%3Csvg%20xmlns%3D%22http%3A%2F%2Fwww.w3.org%2F2000%2Fsvg%22%20viewBox%3D%220%200%20300%20158%22%3E%3C%2Fsvg%3E\" alt width=\"300\" height=\"158\" data-src=\"https:\/\/premiumline-cabling.com\/wp-content\/uploads\/2019\/02\/img_PL_Fiber-Optic-Patch-Cord1-300x158.jpg\"><\/p>\n<p>Les cordons de raccordement \u00e0 fibre optique conviennent aux c\u00e2bles de d\u00e9marrage d\u2019\u00e9quipement, aux connexions crois\u00e9es et aux connexions de zones de travail. Tous les cordons de brassage sont test\u00e9s \u00e0 100 % en usine pour garantir des performances conformes aux normes TIA\/EIA-568-B-2, ISO 11801&nbsp;:2002 et EN 50173-1. Avec une gamme compl\u00e8te de connecteurs SC, ST, LC, FC, MTRJ, ainsi que les diff\u00e9rents modes de c\u00e2bles \u00e0 fibre, se compose de diverses combinaisons pour les applications dans tous les domaines.<\/p>\n<h3>CARACT\u00c9RISTIQUES:<\/h3>\n<ul>\n<li>conforme \u00e0 la norme TIA\/EIA 568-B.3<\/li>\n<li>La fibre est conforme aux normes ITU G652D et G655 et IEC60793-2<\/li>\n<li>connecteurs conformes \u00e0 la IEC60874 et \u00e0 la norme CEI 61754<\/li>\n<li>essais environnementaux et m\u00e9caniques bas\u00e9s sur les normes CEI 61300-2-1,2,4,5,6,17, IEC61300-3-1,4,11, CEI 60332, IEC60754-1,2<\/li>\n<li>Conforme \u00e0 la directive RoHS<\/li>\n<\/ul>\n<h3>CANDIDATURES:<\/h3>\n<ul>\n<li>R\u00e9seau t\u00e9l\u00e9com<\/li>\n<li>CATV<\/li>\n<li>FTTx<\/li>\n<li>Equipements finaux<\/li>\n<li>R\u00e9seau local<\/li>\n<li>\u00c9quipement de test<\/li>\n<\/ul>\n<h3>Caract\u00e9ristiques des fibres<\/h3>\n<table width=\"585\">\n<tbody>\n<tr>\n<td colspan=\"3\" width=\"585\">Caract\u00e9ristiques g\u00e9om\u00e9triques<\/td>\n<\/tr>\n<tr>\n<td colspan=\"2\" width=\"253\">Diam\u00e8tre du champ mode \u00e0 1310 nm<\/td>\n<td width=\"332\">9\u00b12.5um<\/td>\n<\/tr>\n<tr>\n<td colspan=\"2\" width=\"253\">Diam\u00e8tre de la gaine<\/td>\n<td width=\"332\">125\u00b10.7um<\/td>\n<\/tr>\n<tr>\n<td colspan=\"2\" width=\"253\">Erreur de concentricit\u00e9 du noyau\/de la gaine<\/td>\n<td width=\"332\">\u2264 0.5um<\/td>\n<\/tr>\n<tr>\n<td colspan=\"2\" width=\"253\">Non-circularit\u00e9 du bardage<\/td>\n<td width=\"332\">\u2264 1 %<\/td>\n<\/tr>\n<tr>\n<td colspan=\"2\" width=\"253\">Diam\u00e8tre du rev\u00eatement (non color\u00e9)<\/td>\n<td width=\"332\">243\u00b17um<\/td>\n<\/tr>\n<tr>\n<td colspan=\"2\" width=\"253\">Erreur de concentricit\u00e9 du noyau\/de la gaine<\/td>\n<td width=\"332\">\u2264 8um<\/td>\n<\/tr>\n<tr>\n<td colspan=\"3\" width=\"585\">Caract\u00e9ristiques m\u00e9caniques<\/td>\n<\/tr>\n<tr>\n<td colspan=\"2\" width=\"253\">Niveau de test de preuve<\/td>\n<td width=\"332\">\u2265 1 %<\/td>\n<\/tr>\n<tr>\n<td colspan=\"2\" width=\"253\">R\u00e9sistance de la fibre<\/td>\n<td width=\"332\">10m, niveau de probabilit\u00e9 le plus bas de weibull: 2,76 Gpa (15 %)<\/td>\n<\/tr>\n<tr>\n<td colspan=\"2\" width=\"253\">Param\u00e8tre de corrosion dynamique<\/td>\n<td width=\"332\">20 \u2265<\/td>\n<\/tr>\n<tr>\n<td colspan=\"2\" width=\"253\">Rayon de courbure<\/td>\n<td width=\"332\">\u2265 4m<\/td>\n<\/tr>\n<tr>\n<td rowspan=\"2\" width=\"136\">Force de bande<\/td>\n<td width=\"117\">Valeur moyenne<\/td>\n<td width=\"332\">1 ~ 5N<\/td>\n<\/tr>\n<tr>\n<td width=\"117\">Valeur maximale<\/td>\n<td width=\"332\">1.3 ~ 8.9N<\/td>\n<\/tr>\n<tr>\n<td colspan=\"3\" width=\"585\">Caract\u00e9ristiques op\u00e9rationnelles<\/td>\n<\/tr>\n<tr>\n<td colspan=\"2\" width=\"253\">Temp\u00e9rature (-60\u00b0C ~ +85\u00b0C)<\/td>\n<td rowspan=\"4\" width=\"332\">Une att\u00e9nuation suppl\u00e9mentaire \u2264 0,05 dB\/km est autoris\u00e9e aux longueurs d\u2019onde 1310 nm et 1550 nm<\/td>\n<\/tr>\n<tr>\n<td colspan=\"2\" width=\"253\">Test d\u2019immersion (23\u00b12\u00b0C, 30days)<\/td>\n<\/tr>\n<tr>\n<td colspan=\"2\" width=\"253\">Conditions d\u2019essai d\u2019humidit\u00e9 et de chaleur\n<p>(85 \u00b0C\u00b12 \u00b0C, au-dessus de 85% HR, 30 jours)<\/p><\/td>\n<\/tr>\n<tr>\n<td colspan=\"2\" width=\"253\">Test de vieillissement thermique (85\u00b0C\u00b12\u00b0C, 30 jours)<\/td>\n<\/tr>\n<\/tbody>\n<\/table>\n<h3>Caract\u00e9ristiques m\u00e9caniques du connecteur et performances du cordon<\/h3>\n<table width=\"636\">\n<tbody>\n<tr>\n<td colspan=\"2\" width=\"217\">Type<\/td>\n<td width=\"84\">FC<\/td>\n<td width=\"84\">ST<\/td>\n<td width=\"84\">SC<\/td>\n<td width=\"84\">LC<\/td>\n<td width=\"84\">MTRJ (en anglais seulement)<\/td>\n<\/tr>\n<tr>\n<td colspan=\"2\" width=\"217\">Diam\u00e8tre de la virole du connecteur<\/td>\n<td width=\"84\">2,5 millim\u00e8tres<\/td>\n<td width=\"84\">2,5 millim\u00e8tres<\/td>\n<td width=\"84\">2,5 millim\u00e8tres<\/td>\n<td width=\"84\">1,25 millim\u00e8tre<\/td>\n<td width=\"84\">2,45 \u00d7 2,2 mm<\/td>\n<\/tr>\n<tr>\n<td colspan=\"2\" width=\"217\">IL<\/td>\n<td width=\"84\">\u22640,3 dB<\/td>\n<td width=\"84\">\u22640,3 dB<\/td>\n<td width=\"84\">\u22640,3 dB<\/td>\n<td width=\"84\">\u22640,3 dB<\/td>\n<td width=\"84\">\u22640,3 dB<\/td>\n<\/tr>\n<tr>\n<td rowspan=\"3\" width=\"90\">RL<\/td>\n<td width=\"127\">PC<\/td>\n<td width=\"84\">\u226540 dB<\/td>\n<td width=\"84\">\u226540 dB<\/td>\n<td width=\"84\">\u226540 dB<\/td>\n<td width=\"84\">\u226540 dB<\/td>\n<td width=\"84\">\u226540 dB<\/td>\n<\/tr>\n<tr>\n<td width=\"127\">UPC<\/td>\n<td width=\"84\">\u226550 dB<\/td>\n<td width=\"84\">\u226550 dB<\/td>\n<td width=\"84\">\u226550 dB<\/td>\n<td width=\"84\">\u226550 dB<\/td>\n<td width=\"84\">\u226550 dB<\/td>\n<\/tr>\n<tr>\n<td width=\"127\">APC<\/td>\n<td width=\"84\">\u226560 dB<\/td>\n<td width=\"84\">\u226560 dB<\/td>\n<td width=\"84\">\u226560 dB<\/td>\n<td width=\"84\">\u226560 dB<\/td>\n<td width=\"84\">\u226560 dB<\/td>\n<\/tr>\n<tr>\n<td colspan=\"2\" width=\"217\">Temp\u00e9rature de fonctionnement<\/td>\n<td width=\"84\">-20\u00b0C~60\u00b0C<\/td>\n<td width=\"84\">-20\u00b0C~60\u00b0C<\/td>\n<td width=\"84\">-20\u00b0C~60\u00b0C<\/td>\n<td width=\"84\">-20\u00b0C~60\u00b0C<\/td>\n<td width=\"84\">-20\u00b0C~60\u00b0C<\/td>\n<\/tr>\n<tr>\n<td colspan=\"2\" width=\"217\">R\u00e9p\u00e9tabilit\u00e9<\/td>\n<td width=\"84\">\u22640,1 dB<\/td>\n<td width=\"84\">\u22640,1 dB<\/td>\n<td width=\"84\">\u22640,1 dB<\/td>\n<td width=\"84\">\u22640,1 dB<\/td>\n<td width=\"84\">\u22640,1 dB<\/td>\n<\/tr>\n<\/tbody>\n<\/table>\n<h3>Caract\u00e9ristiques du cordon de brassage<\/h3>\n<table>\n<tbody>\n<tr>\n<td width=\"300\">Essai m\u00e9canique<\/td>\n<td width=\"324\">Perte additionnelle<\/td>\n<\/tr>\n<tr>\n<td width=\"300\">Durabilit\u00e9 d\u2019accouplement&nbsp;: min.1000times<\/td>\n<td width=\"324\">\u22640,1 dB<\/td>\n<\/tr>\n<tr>\n<td width=\"300\">R\u00e9tention de c\u00e2ble : 100N, 120s<\/td>\n<td width=\"324\">\u22640,2 dB<\/td>\n<\/tr>\n<tr>\n<td width=\"300\">R\u00e9sistance du m\u00e9canisme d\u2019accouplement&nbsp;: 40N, 120s<\/td>\n<td width=\"324\">\u22640,1 dB<\/td>\n<\/tr>\n<tr>\n<td width=\"300\">Test de chute : 1,5 m, 5 fois<\/td>\n<td width=\"324\">\u22640,2 dB<\/td>\n<\/tr>\n<tr>\n<td width=\"300\">Vibration&nbsp;: 10-500Hz, amplitude de 1,5 mm<\/td>\n<td width=\"324\">\u22640,1 dB<\/td>\n<\/tr>\n<tr>\n<td width=\"300\">Test de temp\u00e9rature<\/td>\n<td width=\"324\">Perte additionnelle<\/td>\n<\/tr>\n<tr>\n<td width=\"300\">Stockage en milieu froid : -40\u00b0C, 96h<\/td>\n<td width=\"324\">\u22640,2 dB<\/td>\n<\/tr>\n<tr>\n<td width=\"300\">Stockage haute temp\u00e9rature : +85\u00b0C, 96h<\/td>\n<td width=\"324\">\u22640,2 dB<\/td>\n<\/tr>\n<tr>\n<td width=\"300\">Changement de temp\u00e9rature&nbsp;: -40 \u00b0C ~ + 85 \u00b0C, 20 cycles<\/td>\n<td width=\"324\">\u22640,2 dB<\/td>\n<\/tr>\n<tr>\n<td width=\"300\">Chaleur humide&nbsp;: + 25 \u00b0C ~ + 65 \u00b0C, 93% HR, 100h<\/td>\n<td width=\"324\">\u22640,2 dB<\/td>\n<\/tr>\n<\/tbody>\n<\/table>\n<h4>LES INFORMATIONS RELATIVES \u00c0 LA COMMANDE:<\/h4>\n<p>Description&nbsp;: Cordon de raccordement \u00e0 fibre optique monomode 9\/125um Premium Line<\/p>\n<p>N\u00b0 de pi\u00e8ce<\/p>\n<table width=\"605\">\n<tbody>\n<tr>\n<td rowspan=\"2\" width=\"113\">FO SM\n<p>Cordon<\/p><\/td>\n<td rowspan=\"2\" width=\"189\">Type de c\u00e2ble<\/td>\n<td colspan=\"2\" width=\"193\">Type de connecteur<\/td>\n<td rowspan=\"2\" width=\"110\">Longueur (m)<\/td>\n<\/tr>\n<tr>\n<td width=\"95\">Une fin<\/td>\n<td width=\"98\">Extr\u00e9mit\u00e9 B<\/td>\n<\/tr>\n<tr>\n<td width=\"113\">213&nbsp;: CUP\n<p>&nbsp;<\/p>\n<p>215 : v\u00e9hicule blind\u00e9 de transport de troupes&nbsp;; APC\/UPC<\/p><\/td>\n<td width=\"189\">1 : recto, PVC, 3.0mm\n<p>2 : recto, LSOH, 3,0 mm<\/p>\n<p>3 : simplex, PVC, 2.0mm<\/p>\n<p>4 : recto, LSOH, 2,0 mm<\/p>\n<p>5 : duplex, PVC, 3.0mm<\/p>\n<p>6 : duplex, LSOH, 3,0 mm<\/p>\n<p>7 : duplex, PVC, 2.0mm<\/p>\n<p>8 : duplex, LSOH, 2,0 mm<\/p><\/td>\n<td width=\"95\">1 : SC\/APC\n<p>2 : ST\/APC<\/p>\n<p>3 : FC\/APC<\/p>\n<p>4 : LC\/APC<\/p>\n<p>5 : MTRJ<\/p>\n<p>6 : SC\/UPC<\/p>\n<p>7 : ST\/UPC<\/p>\n<p>8 : FC\/UPC<\/p>\n<p>9 : LC\/UPC<\/p><\/td>\n<td width=\"98\">1 : SC\/APC\n<p>2 : ST\/APC<\/p>\n<p>3 : FC\/APC<\/p>\n<p>4 : LC\/APC<\/p>\n<p>5 : MTRJ<\/p>\n<p>6 : SC\/UPC<\/p>\n<p>7 : ST\/UPC<\/p>\n<p>8 : FC\/UPC<\/p>\n<p>9 : LC\/UPC<\/p><\/td>\n<td width=\"110\">010 : 1,0 m\n<p>020 : 2,0 millions<\/p>\n<p>030 : 3,0 millions<\/p>\n<p>050 : 5,0 millions<\/p>\n<p>070 : 7,0 millions<\/p>\n<p>100 : 10,0 millions<\/p>\n<p>900 : 90,0 millions<\/p><\/td>\n<\/tr>\n<\/tbody>\n<\/table>\n<h4>Pour cr\u00e9er rapidement une demande de co\u00fbts, utilisez notre calculateur en ligne!<\/h4>\n<ul>\n<li><a href=\"https:\/\/premiumline-cabling.com\/service_category\/sm-fo-patch-cord\/\">Cordon de brassage SM FO. Cliquez ici !<\/a><\/li>\n<li><a href=\"https:\/\/premiumline-cabling.com\/service_category\/mm-fo-patch-cord\/\">Cordon de brassage MM FO. Cliquez ici !<\/a><\/li>\n<\/ul>\n<h3><span style=\"color: #a13737;\"><strong><u>Plus d&#8217;informations (cliquez sur le signe &#8220;+&#8221; ci-dessous)<\/u><\/strong><\/span><\/h3>\n","protected":false},"featured_media":20703,"template":"","product_category":[440],"class_list":["post-20702","product","type-product","status-publish","has-post-thumbnail","hentry","product_category-connectivite-fr"],"yoast_head":"<!-- This site is optimized with the Yoast SEO plugin v27.4 - https:\/\/yoast.com\/product\/yoast-seo-wordpress\/ -->\n<title>Cordon de raccordement \u00e0 fibre optique Premium-Line<\/title>\n<meta name=\"description\" content=\"Les cordons de raccordement \u00e0 fibre optique conviennent aux c\u00e2bles de d\u00e9marrage d\u2019\u00e9quipement, aux connexions crois\u00e9es et aux connexions de zones de travail. En savoir plus !\" \/>\n<meta name=\"robots\" content=\"index, follow, max-snippet:-1, max-image-preview:large, max-video-preview:-1\" \/>\n<link rel=\"canonical\" href=\"https:\/\/premiumline-cabling.com\/fr\/product\/cordon-de-brassage-a-fibre-optique-sm\/\" \/>\n<meta property=\"og:locale\" content=\"fr_FR\" \/>\n<meta property=\"og:type\" content=\"article\" \/>\n<meta property=\"og:title\" content=\"Cordon de raccordement \u00e0 fibre optique Premium-Line\" \/>\n<meta property=\"og:description\" content=\"Les cordons de raccordement \u00e0 fibre optique conviennent aux c\u00e2bles de d\u00e9marrage d\u2019\u00e9quipement, aux connexions crois\u00e9es et aux connexions de zones de travail. En savoir plus !\" \/>\n<meta property=\"og:url\" content=\"https:\/\/premiumline-cabling.com\/fr\/product\/cordon-de-brassage-a-fibre-optique-sm\/\" \/>\n<meta property=\"og:site_name\" content=\"Premium-Line\" \/>\n<meta property=\"article:modified_time\" content=\"2023-12-14T15:22:42+00:00\" \/>\n<meta property=\"og:image\" content=\"https:\/\/premiumline-cabling.com\/wp-content\/uploads\/2019\/02\/img_PL_Fiber-Optic-Patch-Cord3-3.jpg\" \/>\n\t<meta property=\"og:image:width\" content=\"283\" \/>\n\t<meta property=\"og:image:height\" content=\"220\" \/>\n\t<meta property=\"og:image:type\" content=\"image\/jpeg\" \/>\n<meta name=\"twitter:card\" content=\"summary_large_image\" \/>\n<meta name=\"twitter:label1\" content=\"Dur\u00e9e de lecture estim\u00e9e\" \/>\n\t<meta name=\"twitter:data1\" content=\"4 minutes\" \/>\n<script type=\"application\/ld+json\" class=\"yoast-schema-graph\">{\"@context\":\"https:\\\/\\\/schema.org\",\"@graph\":[{\"@type\":\"WebPage\",\"@id\":\"https:\\\/\\\/premiumline-cabling.com\\\/fr\\\/product\\\/cordon-de-brassage-a-fibre-optique-sm\\\/\",\"url\":\"https:\\\/\\\/premiumline-cabling.com\\\/fr\\\/product\\\/cordon-de-brassage-a-fibre-optique-sm\\\/\",\"name\":\"Cordon de raccordement \u00e0 fibre optique Premium-Line\",\"isPartOf\":{\"@id\":\"https:\\\/\\\/premiumline-cabling.com\\\/#website\"},\"primaryImageOfPage\":{\"@id\":\"https:\\\/\\\/premiumline-cabling.com\\\/fr\\\/product\\\/cordon-de-brassage-a-fibre-optique-sm\\\/#primaryimage\"},\"image\":{\"@id\":\"https:\\\/\\\/premiumline-cabling.com\\\/fr\\\/product\\\/cordon-de-brassage-a-fibre-optique-sm\\\/#primaryimage\"},\"thumbnailUrl\":\"https:\\\/\\\/premiumline-cabling.com\\\/wp-content\\\/uploads\\\/2019\\\/02\\\/img_PL_Fiber-Optic-Patch-Cord3-3.jpg\",\"datePublished\":\"2022-02-08T11:38:00+00:00\",\"dateModified\":\"2023-12-14T15:22:42+00:00\",\"description\":\"Les cordons de raccordement \u00e0 fibre optique conviennent aux c\u00e2bles de d\u00e9marrage d\u2019\u00e9quipement, aux connexions crois\u00e9es et aux connexions de zones de travail. En savoir plus !\",\"breadcrumb\":{\"@id\":\"https:\\\/\\\/premiumline-cabling.com\\\/fr\\\/product\\\/cordon-de-brassage-a-fibre-optique-sm\\\/#breadcrumb\"},\"inLanguage\":\"fr-FR\",\"potentialAction\":[{\"@type\":\"ReadAction\",\"target\":[\"https:\\\/\\\/premiumline-cabling.com\\\/fr\\\/product\\\/cordon-de-brassage-a-fibre-optique-sm\\\/\"]}]},{\"@type\":\"ImageObject\",\"inLanguage\":\"fr-FR\",\"@id\":\"https:\\\/\\\/premiumline-cabling.com\\\/fr\\\/product\\\/cordon-de-brassage-a-fibre-optique-sm\\\/#primaryimage\",\"url\":\"https:\\\/\\\/premiumline-cabling.com\\\/wp-content\\\/uploads\\\/2019\\\/02\\\/img_PL_Fiber-Optic-Patch-Cord3-3.jpg\",\"contentUrl\":\"https:\\\/\\\/premiumline-cabling.com\\\/wp-content\\\/uploads\\\/2019\\\/02\\\/img_PL_Fiber-Optic-Patch-Cord3-3.jpg\",\"width\":283,\"height\":220},{\"@type\":\"BreadcrumbList\",\"@id\":\"https:\\\/\\\/premiumline-cabling.com\\\/fr\\\/product\\\/cordon-de-brassage-a-fibre-optique-sm\\\/#breadcrumb\",\"itemListElement\":[{\"@type\":\"ListItem\",\"position\":1,\"name\":\"\u0413\u043b\u0430\u0432\u043d\u0430\u044f \u0441\u0442\u0440\u0430\u043d\u0438\u0446\u0430\",\"item\":\"https:\\\/\\\/premiumline-cabling.com\\\/fr\\\/\"},{\"@type\":\"ListItem\",\"position\":2,\"name\":\"Cordon de brassage \u00e0 fibre optique SM\"}]},{\"@type\":\"WebSite\",\"@id\":\"https:\\\/\\\/premiumline-cabling.com\\\/#website\",\"url\":\"https:\\\/\\\/premiumline-cabling.com\\\/\",\"name\":\"Premium-Line\",\"description\":\"Structured Cabling System\",\"publisher\":{\"@id\":\"https:\\\/\\\/premiumline-cabling.com\\\/#organization\"},\"potentialAction\":[{\"@type\":\"SearchAction\",\"target\":{\"@type\":\"EntryPoint\",\"urlTemplate\":\"https:\\\/\\\/premiumline-cabling.com\\\/?s={search_term_string}\"},\"query-input\":{\"@type\":\"PropertyValueSpecification\",\"valueRequired\":true,\"valueName\":\"search_term_string\"}}],\"inLanguage\":\"fr-FR\"},{\"@type\":\"Organization\",\"@id\":\"https:\\\/\\\/premiumline-cabling.com\\\/#organization\",\"name\":\"Premium-Line\",\"url\":\"https:\\\/\\\/premiumline-cabling.com\\\/\",\"logo\":{\"@type\":\"ImageObject\",\"inLanguage\":\"fr-FR\",\"@id\":\"https:\\\/\\\/premiumline-cabling.com\\\/#\\\/schema\\\/logo\\\/image\\\/\",\"url\":\"https:\\\/\\\/premiumline-cabling.com\\\/wp-content\\\/uploads\\\/2019\\\/04\\\/cropped-img_logo_site_Premium-Line.png\",\"contentUrl\":\"https:\\\/\\\/premiumline-cabling.com\\\/wp-content\\\/uploads\\\/2019\\\/04\\\/cropped-img_logo_site_Premium-Line.png\",\"width\":190,\"height\":62,\"caption\":\"Premium-Line\"},\"image\":{\"@id\":\"https:\\\/\\\/premiumline-cabling.com\\\/#\\\/schema\\\/logo\\\/image\\\/\"}}]}<\/script>\n<!-- \/ Yoast SEO plugin. -->","yoast_head_json":{"title":"Cordon de raccordement \u00e0 fibre optique Premium-Line","description":"Les cordons de raccordement \u00e0 fibre optique conviennent aux c\u00e2bles de d\u00e9marrage d\u2019\u00e9quipement, aux connexions crois\u00e9es et aux connexions de zones de travail. En savoir plus !","robots":{"index":"index","follow":"follow","max-snippet":"max-snippet:-1","max-image-preview":"max-image-preview:large","max-video-preview":"max-video-preview:-1"},"canonical":"https:\/\/premiumline-cabling.com\/fr\/product\/cordon-de-brassage-a-fibre-optique-sm\/","og_locale":"fr_FR","og_type":"article","og_title":"Cordon de raccordement \u00e0 fibre optique Premium-Line","og_description":"Les cordons de raccordement \u00e0 fibre optique conviennent aux c\u00e2bles de d\u00e9marrage d\u2019\u00e9quipement, aux connexions crois\u00e9es et aux connexions de zones de travail. En savoir plus !","og_url":"https:\/\/premiumline-cabling.com\/fr\/product\/cordon-de-brassage-a-fibre-optique-sm\/","og_site_name":"Premium-Line","article_modified_time":"2023-12-14T15:22:42+00:00","og_image":[{"width":283,"height":220,"url":"https:\/\/premiumline-cabling.com\/wp-content\/uploads\/2019\/02\/img_PL_Fiber-Optic-Patch-Cord3-3.jpg","type":"image\/jpeg"}],"twitter_card":"summary_large_image","twitter_misc":{"Dur\u00e9e de lecture estim\u00e9e":"4 minutes"},"schema":{"@context":"https:\/\/schema.org","@graph":[{"@type":"WebPage","@id":"https:\/\/premiumline-cabling.com\/fr\/product\/cordon-de-brassage-a-fibre-optique-sm\/","url":"https:\/\/premiumline-cabling.com\/fr\/product\/cordon-de-brassage-a-fibre-optique-sm\/","name":"Cordon de raccordement \u00e0 fibre optique Premium-Line","isPartOf":{"@id":"https:\/\/premiumline-cabling.com\/#website"},"primaryImageOfPage":{"@id":"https:\/\/premiumline-cabling.com\/fr\/product\/cordon-de-brassage-a-fibre-optique-sm\/#primaryimage"},"image":{"@id":"https:\/\/premiumline-cabling.com\/fr\/product\/cordon-de-brassage-a-fibre-optique-sm\/#primaryimage"},"thumbnailUrl":"https:\/\/premiumline-cabling.com\/wp-content\/uploads\/2019\/02\/img_PL_Fiber-Optic-Patch-Cord3-3.jpg","datePublished":"2022-02-08T11:38:00+00:00","dateModified":"2023-12-14T15:22:42+00:00","description":"Les cordons de raccordement \u00e0 fibre optique conviennent aux c\u00e2bles de d\u00e9marrage d\u2019\u00e9quipement, aux connexions crois\u00e9es et aux connexions de zones de travail. En savoir plus !","breadcrumb":{"@id":"https:\/\/premiumline-cabling.com\/fr\/product\/cordon-de-brassage-a-fibre-optique-sm\/#breadcrumb"},"inLanguage":"fr-FR","potentialAction":[{"@type":"ReadAction","target":["https:\/\/premiumline-cabling.com\/fr\/product\/cordon-de-brassage-a-fibre-optique-sm\/"]}]},{"@type":"ImageObject","inLanguage":"fr-FR","@id":"https:\/\/premiumline-cabling.com\/fr\/product\/cordon-de-brassage-a-fibre-optique-sm\/#primaryimage","url":"https:\/\/premiumline-cabling.com\/wp-content\/uploads\/2019\/02\/img_PL_Fiber-Optic-Patch-Cord3-3.jpg","contentUrl":"https:\/\/premiumline-cabling.com\/wp-content\/uploads\/2019\/02\/img_PL_Fiber-Optic-Patch-Cord3-3.jpg","width":283,"height":220},{"@type":"BreadcrumbList","@id":"https:\/\/premiumline-cabling.com\/fr\/product\/cordon-de-brassage-a-fibre-optique-sm\/#breadcrumb","itemListElement":[{"@type":"ListItem","position":1,"name":"\u0413\u043b\u0430\u0432\u043d\u0430\u044f \u0441\u0442\u0440\u0430\u043d\u0438\u0446\u0430","item":"https:\/\/premiumline-cabling.com\/fr\/"},{"@type":"ListItem","position":2,"name":"Cordon de brassage \u00e0 fibre optique SM"}]},{"@type":"WebSite","@id":"https:\/\/premiumline-cabling.com\/#website","url":"https:\/\/premiumline-cabling.com\/","name":"Premium-Line","description":"Structured Cabling System","publisher":{"@id":"https:\/\/premiumline-cabling.com\/#organization"},"potentialAction":[{"@type":"SearchAction","target":{"@type":"EntryPoint","urlTemplate":"https:\/\/premiumline-cabling.com\/?s={search_term_string}"},"query-input":{"@type":"PropertyValueSpecification","valueRequired":true,"valueName":"search_term_string"}}],"inLanguage":"fr-FR"},{"@type":"Organization","@id":"https:\/\/premiumline-cabling.com\/#organization","name":"Premium-Line","url":"https:\/\/premiumline-cabling.com\/","logo":{"@type":"ImageObject","inLanguage":"fr-FR","@id":"https:\/\/premiumline-cabling.com\/#\/schema\/logo\/image\/","url":"https:\/\/premiumline-cabling.com\/wp-content\/uploads\/2019\/04\/cropped-img_logo_site_Premium-Line.png","contentUrl":"https:\/\/premiumline-cabling.com\/wp-content\/uploads\/2019\/04\/cropped-img_logo_site_Premium-Line.png","width":190,"height":62,"caption":"Premium-Line"},"image":{"@id":"https:\/\/premiumline-cabling.com\/#\/schema\/logo\/image\/"}}]}},"_links":{"self":[{"href":"https:\/\/premiumline-cabling.com\/fr\/wp-json\/wp\/v2\/product\/20702","targetHints":{"allow":["GET"]}}],"collection":[{"href":"https:\/\/premiumline-cabling.com\/fr\/wp-json\/wp\/v2\/product"}],"about":[{"href":"https:\/\/premiumline-cabling.com\/fr\/wp-json\/wp\/v2\/types\/product"}],"wp:featuredmedia":[{"embeddable":true,"href":"https:\/\/premiumline-cabling.com\/fr\/wp-json\/wp\/v2\/media\/20703"}],"wp:attachment":[{"href":"https:\/\/premiumline-cabling.com\/fr\/wp-json\/wp\/v2\/media?parent=20702"}],"wp:term":[{"taxonomy":"product_category","embeddable":true,"href":"https:\/\/premiumline-cabling.com\/fr\/wp-json\/wp\/v2\/product_category?post=20702"}],"curies":[{"name":"wp","href":"https:\/\/api.w.org\/{rel}","templated":true}]}}