{"id":20693,"date":"2019-02-03T14:55:58","date_gmt":"2019-02-03T13:55:58","guid":{"rendered":"https:\/\/premiumline-cabling.com\/product\/queue-de-cochon-a-fibre-optique-sm\/"},"modified":"2023-12-14T16:17:32","modified_gmt":"2023-12-14T15:17:32","slug":"queue-de-cochon-a-fibre-optique-sm","status":"publish","type":"product","link":"https:\/\/premiumline-cabling.com\/fr\/product\/queue-de-cochon-a-fibre-optique-sm\/","title":{"rendered":"Queue de cochon \u00e0 fibre optique SM"},"content":{"rendered":"<p>Les cordons de raccordement \u00e0 fibre optique conviennent aux c\u00e2bles de d\u00e9marrage d\u2019\u00e9quipement, aux connexions crois\u00e9es et aux connexions de zones de travail.<\/p>\n<p>Tous les cordons de brassage sont test\u00e9s \u00e0 100 % en usine pour garantir des performances conformes aux normes ANSI\/TIA 568-D.3, ISO 11801&nbsp;:2002 et EN 50173-1. Avec une gamme compl\u00e8te de connecteurs SC, ST, LC, FC, ainsi que les diff\u00e9rents modes de c\u00e2bles \u00e0 fibre, se compose de diverses combinaisons pour les applications dans tous les domaines.<\/p>\n<h3><noscript><img decoding=\"async\" class=\"size-medium wp-image-15330 alignright\" src=\"https:\/\/premiumline-cabling.com\/wp-content\/uploads\/2019\/02\/FO-Pigtail-SM-300x165.jpg\" alt width=\"300\" height=\"165\" srcset=\"https:\/\/premiumline-cabling.com\/wp-content\/uploads\/2019\/02\/FO-Pigtail-SM-300x165.jpg 300w, https:\/\/premiumline-cabling.com\/wp-content\/uploads\/2019\/02\/FO-Pigtail-SM.jpg 675w\" sizes=\"(max-width: 300px) 100vw, 300px\"><\/noscript><img decoding=\"async\" class=\"size-medium wp-image-15330 alignright lazyload\" src=\"data:image\/svg+xml,%3Csvg%20xmlns%3D%22http%3A%2F%2Fwww.w3.org%2F2000%2Fsvg%22%20viewBox%3D%220%200%20300%20165%22%3E%3C%2Fsvg%3E\" alt width=\"300\" height=\"165\" srcset=\"data:image\/svg+xml,%3Csvg%20xmlns%3D%22http%3A%2F%2Fwww.w3.org%2F2000%2Fsvg%22%20viewBox%3D%220%200%20300%20165%22%3E%3C%2Fsvg%3E 300w\" sizes=\"(max-width: 300px) 100vw, 300px\" data-srcset=\"https:\/\/premiumline-cabling.com\/wp-content\/uploads\/2019\/02\/FO-Pigtail-SM-300x165.jpg 300w, https:\/\/premiumline-cabling.com\/wp-content\/uploads\/2019\/02\/FO-Pigtail-SM.jpg 675w\" data-src=\"https:\/\/premiumline-cabling.com\/wp-content\/uploads\/2019\/02\/FO-Pigtail-SM-300x165.jpg\">CARACT\u00c9RISTIQUES:<\/h3>\n<ul>\n<li>Conforme aux sp\u00e9cifications TIA\/EIA-568-C.3 et ISO\/IEC 11801 pour la perte d\u2019insertion et la perte de r\u00e9flexion<\/li>\n<li>Performances optiques stables dans l\u2019environnement<\/li>\n<li>Fournir une immunit\u00e9 totale aux interf\u00e9rences \u00e9lectriques<\/li>\n<li>Conforme \u00e0 la directive RoHS<\/li>\n<\/ul>\n<h3>CANDIDATURES:<\/h3>\n<ul>\n<li>R\u00e9seau t\u00e9l\u00e9com<\/li>\n<li>CATV<\/li>\n<li>FTTx<\/li>\n<li>Equipements finaux<\/li>\n<li>R\u00e9seau local<\/li>\n<li>\u00c9quipement de test<\/li>\n<\/ul>\n<h3>PERFORMANCES TYPIQUES:<\/h3>\n<table width=\"492\">\n<tbody>\n<tr>\n<td colspan=\"2\" width=\"144\">Type de connecteur<\/td>\n<td width=\"84\">ST<\/td>\n<td width=\"84\">LC<\/td>\n<td width=\"84\">SC<\/td>\n<td width=\"96\">FC<\/td>\n<\/tr>\n<tr>\n<td colspan=\"2\" width=\"144\">Perte d&#8217;insertion<\/td>\n<td width=\"84\">\u22640,3 dB<\/td>\n<td width=\"84\">\u22640,3 dB<\/td>\n<td width=\"84\">\u22640,3 dB<\/td>\n<td width=\"96\">\u22640,3 dB<\/td>\n<\/tr>\n<tr>\n<td rowspan=\"2\" width=\"75\">Perte de retour<\/td>\n<td width=\"68\">UPC<\/td>\n<td width=\"84\">\u226550 dB<\/td>\n<td width=\"84\">\u226550 dB<\/td>\n<td width=\"84\">\u226550 dB<\/td>\n<td width=\"96\">\u226550 dB<\/td>\n<\/tr>\n<tr>\n<td width=\"68\">APC<\/td>\n<td width=\"84\">\u226560 dB<\/td>\n<td width=\"84\">\u226560 dB<\/td>\n<td width=\"84\">\u226560 dB<\/td>\n<td width=\"96\">\u226560 dB<\/td>\n<\/tr>\n<tr>\n<td colspan=\"2\" width=\"144\">Capacit\u00e9 d\u2019\u00e9change (1000 fois)<\/td>\n<td width=\"84\">&lt;0,1 dB<\/td>\n<td width=\"84\">&lt;0,1 dB<\/td>\n<td width=\"84\">&lt;0,1 dB<\/td>\n<td width=\"96\">&lt;0,1 dB<\/td>\n<\/tr>\n<tr>\n<td colspan=\"2\" width=\"144\">Impact\n<p>Chute de 1,5 mm, 8 fois<\/p><\/td>\n<td width=\"84\">&lt;0,1 dB<\/td>\n<td width=\"84\">&lt;0,1 dB<\/td>\n<td width=\"84\">&lt;0,1 dB<\/td>\n<td width=\"96\">&lt;0,1 dB<\/td>\n<\/tr>\n<tr>\n<td colspan=\"2\" width=\"144\">Temp\u00e9rature de fonctionnement<\/td>\n<td width=\"84\">-20\u00b0C~60\u00b0C<\/td>\n<td width=\"84\">-20\u00b0C~60\u00b0C<\/td>\n<td width=\"84\">-20\u00b0C~60\u00b0C<\/td>\n<td width=\"96\">-20\u00b0C~60\u00b0C<\/td>\n<\/tr>\n<\/tbody>\n<\/table>\n<h3>LES INFORMATIONS RELATIVES \u00c0 LA COMMANDE:<\/h3>\n<table>\n<tbody>\n<tr>\n<td width=\"132\">N\u00b0 de pi\u00e8ce<\/td>\n<td width=\"491\">22vwxyzzz<\/td>\n<\/tr>\n<tr>\n<td width=\"132\">Description:<\/td>\n<td width=\"491\">Queue de cochon \u00e0 fibre optique Premium Line, SM 9\/125um, simplex<\/td>\n<\/tr>\n<tr>\n<td width=\"132\">v, mode<\/td>\n<td width=\"491\">3 : G652D 6 : G657A2<\/td>\n<\/tr>\n<tr>\n<td width=\"132\">w, O.D. &amp; Gaine<\/td>\n<td width=\"491\">1 : PVC de 0,9 mm 3 : LSOH de 0,9 mm<\/td>\n<\/tr>\n<tr>\n<td width=\"132\">x, type de connecteur<\/td>\n<td width=\"491\">1 : SC 2 : ST 3 : FC 4 : LC<\/td>\n<\/tr>\n<tr>\n<td width=\"132\">y, mode<\/td>\n<td width=\"491\">3 : UPC 5 : APC<\/td>\n<\/tr>\n<tr>\n<td width=\"132\">zzz, longueur<\/td>\n<td width=\"491\">010 : 1 mois 020 : 2 mois 030 : 3 mois<\/td>\n<\/tr>\n<\/tbody>\n<\/table>\n","protected":false},"featured_media":20699,"template":"","product_category":[440],"class_list":["post-20693","product","type-product","status-publish","has-post-thumbnail","hentry","product_category-connectivite-fr"],"yoast_head":"<!-- This site is optimized with the Yoast SEO plugin v27.4 - https:\/\/yoast.com\/product\/yoast-seo-wordpress\/ -->\n<title>Queue de cochon \u00e0 fibre optique haut de gamme<\/title>\n<meta name=\"description\" content=\"Les cordons de raccordement \u00e0 fibre optique conviennent aux c\u00e2bles de d\u00e9marrage d\u2019\u00e9quipement, aux connexions crois\u00e9es et aux connexions de zones de travail. En savoir plus !\" \/>\n<meta name=\"robots\" content=\"index, follow, max-snippet:-1, max-image-preview:large, max-video-preview:-1\" \/>\n<link rel=\"canonical\" href=\"https:\/\/premiumline-cabling.com\/fr\/product\/queue-de-cochon-a-fibre-optique-sm\/\" \/>\n<meta property=\"og:locale\" content=\"fr_FR\" \/>\n<meta property=\"og:type\" content=\"article\" \/>\n<meta property=\"og:title\" content=\"Queue de cochon \u00e0 fibre optique haut de gamme\" \/>\n<meta property=\"og:description\" content=\"Les cordons de raccordement \u00e0 fibre optique conviennent aux c\u00e2bles de d\u00e9marrage d\u2019\u00e9quipement, aux connexions crois\u00e9es et aux connexions de zones de travail. En savoir plus !\" \/>\n<meta property=\"og:url\" content=\"https:\/\/premiumline-cabling.com\/fr\/product\/queue-de-cochon-a-fibre-optique-sm\/\" \/>\n<meta property=\"og:site_name\" content=\"Premium-Line\" \/>\n<meta property=\"article:modified_time\" content=\"2023-12-14T15:17:32+00:00\" \/>\n<meta property=\"og:image\" content=\"https:\/\/premiumline-cabling.com\/wp-content\/uploads\/2018\/12\/cabel.png\" \/>\n\t<meta property=\"og:image:width\" content=\"542\" \/>\n\t<meta property=\"og:image:height\" content=\"220\" \/>\n\t<meta property=\"og:image:type\" content=\"image\/png\" \/>\n<meta name=\"twitter:card\" content=\"summary_large_image\" \/>\n<meta name=\"twitter:label1\" content=\"Dur\u00e9e de lecture estim\u00e9e\" \/>\n\t<meta name=\"twitter:data1\" content=\"2 minutes\" \/>\n<script type=\"application\/ld+json\" class=\"yoast-schema-graph\">{\"@context\":\"https:\\\/\\\/schema.org\",\"@graph\":[{\"@type\":\"WebPage\",\"@id\":\"https:\\\/\\\/premiumline-cabling.com\\\/fr\\\/product\\\/queue-de-cochon-a-fibre-optique-sm\\\/\",\"url\":\"https:\\\/\\\/premiumline-cabling.com\\\/fr\\\/product\\\/queue-de-cochon-a-fibre-optique-sm\\\/\",\"name\":\"Queue de cochon \u00e0 fibre optique haut de gamme\",\"isPartOf\":{\"@id\":\"https:\\\/\\\/premiumline-cabling.com\\\/#website\"},\"primaryImageOfPage\":{\"@id\":\"https:\\\/\\\/premiumline-cabling.com\\\/fr\\\/product\\\/queue-de-cochon-a-fibre-optique-sm\\\/#primaryimage\"},\"image\":{\"@id\":\"https:\\\/\\\/premiumline-cabling.com\\\/fr\\\/product\\\/queue-de-cochon-a-fibre-optique-sm\\\/#primaryimage\"},\"thumbnailUrl\":\"https:\\\/\\\/premiumline-cabling.com\\\/wp-content\\\/uploads\\\/2018\\\/12\\\/cabel.png\",\"datePublished\":\"2019-02-03T13:55:58+00:00\",\"dateModified\":\"2023-12-14T15:17:32+00:00\",\"description\":\"Les cordons de raccordement \u00e0 fibre optique conviennent aux c\u00e2bles de d\u00e9marrage d\u2019\u00e9quipement, aux connexions crois\u00e9es et aux connexions de zones de travail. En savoir plus !\",\"breadcrumb\":{\"@id\":\"https:\\\/\\\/premiumline-cabling.com\\\/fr\\\/product\\\/queue-de-cochon-a-fibre-optique-sm\\\/#breadcrumb\"},\"inLanguage\":\"fr-FR\",\"potentialAction\":[{\"@type\":\"ReadAction\",\"target\":[\"https:\\\/\\\/premiumline-cabling.com\\\/fr\\\/product\\\/queue-de-cochon-a-fibre-optique-sm\\\/\"]}]},{\"@type\":\"ImageObject\",\"inLanguage\":\"fr-FR\",\"@id\":\"https:\\\/\\\/premiumline-cabling.com\\\/fr\\\/product\\\/queue-de-cochon-a-fibre-optique-sm\\\/#primaryimage\",\"url\":\"https:\\\/\\\/premiumline-cabling.com\\\/wp-content\\\/uploads\\\/2018\\\/12\\\/cabel.png\",\"contentUrl\":\"https:\\\/\\\/premiumline-cabling.com\\\/wp-content\\\/uploads\\\/2018\\\/12\\\/cabel.png\",\"width\":542,\"height\":220},{\"@type\":\"BreadcrumbList\",\"@id\":\"https:\\\/\\\/premiumline-cabling.com\\\/fr\\\/product\\\/queue-de-cochon-a-fibre-optique-sm\\\/#breadcrumb\",\"itemListElement\":[{\"@type\":\"ListItem\",\"position\":1,\"name\":\"\u0413\u043b\u0430\u0432\u043d\u0430\u044f \u0441\u0442\u0440\u0430\u043d\u0438\u0446\u0430\",\"item\":\"https:\\\/\\\/premiumline-cabling.com\\\/fr\\\/\"},{\"@type\":\"ListItem\",\"position\":2,\"name\":\"Queue de cochon \u00e0 fibre optique SM\"}]},{\"@type\":\"WebSite\",\"@id\":\"https:\\\/\\\/premiumline-cabling.com\\\/#website\",\"url\":\"https:\\\/\\\/premiumline-cabling.com\\\/\",\"name\":\"Premium-Line\",\"description\":\"Structured Cabling System\",\"publisher\":{\"@id\":\"https:\\\/\\\/premiumline-cabling.com\\\/#organization\"},\"potentialAction\":[{\"@type\":\"SearchAction\",\"target\":{\"@type\":\"EntryPoint\",\"urlTemplate\":\"https:\\\/\\\/premiumline-cabling.com\\\/?s={search_term_string}\"},\"query-input\":{\"@type\":\"PropertyValueSpecification\",\"valueRequired\":true,\"valueName\":\"search_term_string\"}}],\"inLanguage\":\"fr-FR\"},{\"@type\":\"Organization\",\"@id\":\"https:\\\/\\\/premiumline-cabling.com\\\/#organization\",\"name\":\"Premium-Line\",\"url\":\"https:\\\/\\\/premiumline-cabling.com\\\/\",\"logo\":{\"@type\":\"ImageObject\",\"inLanguage\":\"fr-FR\",\"@id\":\"https:\\\/\\\/premiumline-cabling.com\\\/#\\\/schema\\\/logo\\\/image\\\/\",\"url\":\"https:\\\/\\\/premiumline-cabling.com\\\/wp-content\\\/uploads\\\/2019\\\/04\\\/cropped-img_logo_site_Premium-Line.png\",\"contentUrl\":\"https:\\\/\\\/premiumline-cabling.com\\\/wp-content\\\/uploads\\\/2019\\\/04\\\/cropped-img_logo_site_Premium-Line.png\",\"width\":190,\"height\":62,\"caption\":\"Premium-Line\"},\"image\":{\"@id\":\"https:\\\/\\\/premiumline-cabling.com\\\/#\\\/schema\\\/logo\\\/image\\\/\"}}]}<\/script>\n<!-- \/ Yoast SEO plugin. -->","yoast_head_json":{"title":"Queue de cochon \u00e0 fibre optique haut de gamme","description":"Les cordons de raccordement \u00e0 fibre optique conviennent aux c\u00e2bles de d\u00e9marrage d\u2019\u00e9quipement, aux connexions crois\u00e9es et aux connexions de zones de travail. En savoir plus !","robots":{"index":"index","follow":"follow","max-snippet":"max-snippet:-1","max-image-preview":"max-image-preview:large","max-video-preview":"max-video-preview:-1"},"canonical":"https:\/\/premiumline-cabling.com\/fr\/product\/queue-de-cochon-a-fibre-optique-sm\/","og_locale":"fr_FR","og_type":"article","og_title":"Queue de cochon \u00e0 fibre optique haut de gamme","og_description":"Les cordons de raccordement \u00e0 fibre optique conviennent aux c\u00e2bles de d\u00e9marrage d\u2019\u00e9quipement, aux connexions crois\u00e9es et aux connexions de zones de travail. En savoir plus !","og_url":"https:\/\/premiumline-cabling.com\/fr\/product\/queue-de-cochon-a-fibre-optique-sm\/","og_site_name":"Premium-Line","article_modified_time":"2023-12-14T15:17:32+00:00","og_image":[{"width":542,"height":220,"url":"https:\/\/premiumline-cabling.com\/wp-content\/uploads\/2018\/12\/cabel.png","type":"image\/png"}],"twitter_card":"summary_large_image","twitter_misc":{"Dur\u00e9e de lecture estim\u00e9e":"2 minutes"},"schema":{"@context":"https:\/\/schema.org","@graph":[{"@type":"WebPage","@id":"https:\/\/premiumline-cabling.com\/fr\/product\/queue-de-cochon-a-fibre-optique-sm\/","url":"https:\/\/premiumline-cabling.com\/fr\/product\/queue-de-cochon-a-fibre-optique-sm\/","name":"Queue de cochon \u00e0 fibre optique haut de gamme","isPartOf":{"@id":"https:\/\/premiumline-cabling.com\/#website"},"primaryImageOfPage":{"@id":"https:\/\/premiumline-cabling.com\/fr\/product\/queue-de-cochon-a-fibre-optique-sm\/#primaryimage"},"image":{"@id":"https:\/\/premiumline-cabling.com\/fr\/product\/queue-de-cochon-a-fibre-optique-sm\/#primaryimage"},"thumbnailUrl":"https:\/\/premiumline-cabling.com\/wp-content\/uploads\/2018\/12\/cabel.png","datePublished":"2019-02-03T13:55:58+00:00","dateModified":"2023-12-14T15:17:32+00:00","description":"Les cordons de raccordement \u00e0 fibre optique conviennent aux c\u00e2bles de d\u00e9marrage d\u2019\u00e9quipement, aux connexions crois\u00e9es et aux connexions de zones de travail. En savoir plus !","breadcrumb":{"@id":"https:\/\/premiumline-cabling.com\/fr\/product\/queue-de-cochon-a-fibre-optique-sm\/#breadcrumb"},"inLanguage":"fr-FR","potentialAction":[{"@type":"ReadAction","target":["https:\/\/premiumline-cabling.com\/fr\/product\/queue-de-cochon-a-fibre-optique-sm\/"]}]},{"@type":"ImageObject","inLanguage":"fr-FR","@id":"https:\/\/premiumline-cabling.com\/fr\/product\/queue-de-cochon-a-fibre-optique-sm\/#primaryimage","url":"https:\/\/premiumline-cabling.com\/wp-content\/uploads\/2018\/12\/cabel.png","contentUrl":"https:\/\/premiumline-cabling.com\/wp-content\/uploads\/2018\/12\/cabel.png","width":542,"height":220},{"@type":"BreadcrumbList","@id":"https:\/\/premiumline-cabling.com\/fr\/product\/queue-de-cochon-a-fibre-optique-sm\/#breadcrumb","itemListElement":[{"@type":"ListItem","position":1,"name":"\u0413\u043b\u0430\u0432\u043d\u0430\u044f \u0441\u0442\u0440\u0430\u043d\u0438\u0446\u0430","item":"https:\/\/premiumline-cabling.com\/fr\/"},{"@type":"ListItem","position":2,"name":"Queue de cochon \u00e0 fibre optique SM"}]},{"@type":"WebSite","@id":"https:\/\/premiumline-cabling.com\/#website","url":"https:\/\/premiumline-cabling.com\/","name":"Premium-Line","description":"Structured Cabling System","publisher":{"@id":"https:\/\/premiumline-cabling.com\/#organization"},"potentialAction":[{"@type":"SearchAction","target":{"@type":"EntryPoint","urlTemplate":"https:\/\/premiumline-cabling.com\/?s={search_term_string}"},"query-input":{"@type":"PropertyValueSpecification","valueRequired":true,"valueName":"search_term_string"}}],"inLanguage":"fr-FR"},{"@type":"Organization","@id":"https:\/\/premiumline-cabling.com\/#organization","name":"Premium-Line","url":"https:\/\/premiumline-cabling.com\/","logo":{"@type":"ImageObject","inLanguage":"fr-FR","@id":"https:\/\/premiumline-cabling.com\/#\/schema\/logo\/image\/","url":"https:\/\/premiumline-cabling.com\/wp-content\/uploads\/2019\/04\/cropped-img_logo_site_Premium-Line.png","contentUrl":"https:\/\/premiumline-cabling.com\/wp-content\/uploads\/2019\/04\/cropped-img_logo_site_Premium-Line.png","width":190,"height":62,"caption":"Premium-Line"},"image":{"@id":"https:\/\/premiumline-cabling.com\/#\/schema\/logo\/image\/"}}]}},"_links":{"self":[{"href":"https:\/\/premiumline-cabling.com\/fr\/wp-json\/wp\/v2\/product\/20693","targetHints":{"allow":["GET"]}}],"collection":[{"href":"https:\/\/premiumline-cabling.com\/fr\/wp-json\/wp\/v2\/product"}],"about":[{"href":"https:\/\/premiumline-cabling.com\/fr\/wp-json\/wp\/v2\/types\/product"}],"wp:featuredmedia":[{"embeddable":true,"href":"https:\/\/premiumline-cabling.com\/fr\/wp-json\/wp\/v2\/media\/20699"}],"wp:attachment":[{"href":"https:\/\/premiumline-cabling.com\/fr\/wp-json\/wp\/v2\/media?parent=20693"}],"wp:term":[{"taxonomy":"product_category","embeddable":true,"href":"https:\/\/premiumline-cabling.com\/fr\/wp-json\/wp\/v2\/product_category?post=20693"}],"curies":[{"name":"wp","href":"https:\/\/api.w.org\/{rel}","templated":true}]}}