{"id":20686,"date":"2019-02-03T15:02:47","date_gmt":"2019-02-03T14:02:47","guid":{"rendered":"https:\/\/premiumline-cabling.com\/product\/fibre-optique-12-pack-queue-de-cochon\/"},"modified":"2023-12-14T16:20:31","modified_gmt":"2023-12-14T15:20:31","slug":"fibre-optique-12-pack-queue-de-cochon","status":"publish","type":"product","link":"https:\/\/premiumline-cabling.com\/fr\/product\/fibre-optique-12-pack-queue-de-cochon\/","title":{"rendered":"Fibre optique 12 Pack Queue de cochon"},"content":{"rendered":"<p class=\"bodytext\"><a href=\"https:\/\/premiumline-cabling.com\/wp-content\/uploads\/2019\/02\/img_PL_12-Pack-Pigtail.jpg\"><noscript><img decoding=\"async\" class=\"alignright wp-image-624 size-medium\" src=\"https:\/\/premiumline-cabling.com\/wp-content\/uploads\/2019\/02\/img_PL_12-Pack-Pigtail-300x250.jpg\" alt width=\"300\" height=\"250\"><\/noscript><img decoding=\"async\" class=\"alignright wp-image-624 size-medium lazyload\" src=\"data:image\/svg+xml,%3Csvg%20xmlns%3D%22http%3A%2F%2Fwww.w3.org%2F2000%2Fsvg%22%20viewBox%3D%220%200%20300%20250%22%3E%3C%2Fsvg%3E\" alt width=\"300\" height=\"250\" data-src=\"https:\/\/premiumline-cabling.com\/wp-content\/uploads\/2019\/02\/img_PL_12-Pack-Pigtail-300x250.jpg\"><\/a>La conception int\u00e9gr\u00e9e en queue de cochon Premium-Line 12 pack avec de bonnes performances sera votre meilleur choix. Gamme compl\u00e8te de connecteurs, y compris FC, ST, SC, LC, 12 gaines color\u00e9es diff\u00e9rentes comme indication facile, utilisez un emballage de gaine externe suppl\u00e9mentaire pour prot\u00e9ger les tresses et faciliter la gestion.<\/p>\n<h3>CANDIDATURES:<\/h3>\n<ul>\n<li>R\u00e9seau t\u00e9l\u00e9com<\/li>\n<li>CATV<\/li>\n<li>FTTH (en anglais seulement)<\/li>\n<li>Equipements finaux<\/li>\n<li>R\u00e9seau local<\/li>\n<li>\u00c9quipement de test<\/li>\n<\/ul>\n<h3>PERFORMANCES TYPIQUES:<\/h3>\n<table width=\"492\">\n<tbody>\n<tr>\n<td colspan=\"2\" width=\"144\">Type de connecteur<\/td>\n<td width=\"84\">ST<\/td>\n<td width=\"84\">LC<\/td>\n<td width=\"84\">SC<\/td>\n<td width=\"96\">FC<\/td>\n<\/tr>\n<tr>\n<td colspan=\"2\" width=\"144\">Perte d&#8217;insertion<\/td>\n<td width=\"84\">&lt;0,3 dB<\/td>\n<td width=\"84\">&lt;0,3 dB<\/td>\n<td width=\"84\">&lt;0,3 dB<\/td>\n<td width=\"96\">&lt;0,3 dB<\/td>\n<\/tr>\n<tr>\n<td rowspan=\"2\" width=\"61\">RL<\/td>\n<td width=\"83\">UPC (SM\/MM)<\/td>\n<td width=\"84\">\u226550 dB\n<p>\u226540 dB<\/p><\/td>\n<td width=\"84\">\u226550 dB\n<p>\u226540 dB<\/p><\/td>\n<td width=\"84\">\u226550 dB\n<p>\u226540 dB<\/p><\/td>\n<td width=\"96\">\u226550 dB\n<p>\u226540 dB<\/p><\/td>\n<\/tr>\n<tr>\n<td width=\"83\">APC<\/td>\n<td width=\"84\">\u226560 dB<\/td>\n<td width=\"84\">\u226560 dB<\/td>\n<td width=\"84\">\u226560 dB<\/td>\n<td width=\"96\">\u226560 dB<\/td>\n<\/tr>\n<tr>\n<td colspan=\"2\" width=\"144\">Capacit\u00e9 d\u2019\u00e9change (1000 fois)<\/td>\n<td width=\"84\">&lt;0,1 dB<\/td>\n<td width=\"84\">&lt;0,1 dB<\/td>\n<td width=\"84\">&lt;0,1 dB<\/td>\n<td width=\"96\">&lt;0,1 dB<\/td>\n<\/tr>\n<tr>\n<td colspan=\"2\" width=\"144\">Impact\n<p>Chute de 1,5 mm, 8 fois<\/p><\/td>\n<td width=\"84\">&lt;0,1 dB<\/td>\n<td width=\"84\">&lt;0,1 dB<\/td>\n<td width=\"84\">&lt;0,1 dB<\/td>\n<td width=\"96\">&lt;0,1 dB<\/td>\n<\/tr>\n<tr>\n<td colspan=\"2\" width=\"144\">Temp\u00e9rature de fonctionnement<\/td>\n<td width=\"84\">-40\u00b0C ~ 80\u00b0C<\/td>\n<td width=\"84\">-40\u00b0C ~ 80\u00b0C<\/td>\n<td width=\"84\">-40\u00b0C ~ 80\u00b0C<\/td>\n<td width=\"96\">-40\u00b0C ~ 80\u00b0C<\/td>\n<\/tr>\n<\/tbody>\n<\/table>\n<h3>CODE COULEUR DE LA FIBRE:<\/h3>\n<p><noscript><img decoding=\"async\" class=\"aligncenter wp-image-13606 size-full\" src=\"https:\/\/premiumline-cabling.com\/wp-content\/uploads\/2022\/02\/FIBER-COLOR-CODE.png\" alt width=\"680\" height=\"107\" srcset=\"https:\/\/premiumline-cabling.com\/wp-content\/uploads\/2022\/02\/FIBER-COLOR-CODE.png 680w, https:\/\/premiumline-cabling.com\/wp-content\/uploads\/2022\/02\/FIBER-COLOR-CODE-300x47.png 300w\" sizes=\"(max-width: 680px) 100vw, 680px\"><\/noscript><img decoding=\"async\" class=\"aligncenter wp-image-13606 size-full lazyload\" src=\"data:image\/svg+xml,%3Csvg%20xmlns%3D%22http%3A%2F%2Fwww.w3.org%2F2000%2Fsvg%22%20viewBox%3D%220%200%20680%20107%22%3E%3C%2Fsvg%3E\" alt width=\"680\" height=\"107\" srcset=\"data:image\/svg+xml,%3Csvg%20xmlns%3D%22http%3A%2F%2Fwww.w3.org%2F2000%2Fsvg%22%20viewBox%3D%220%200%20680%20107%22%3E%3C%2Fsvg%3E 680w\" sizes=\"(max-width: 680px) 100vw, 680px\" data-srcset=\"https:\/\/premiumline-cabling.com\/wp-content\/uploads\/2022\/02\/FIBER-COLOR-CODE.png 680w, https:\/\/premiumline-cabling.com\/wp-content\/uploads\/2022\/02\/FIBER-COLOR-CODE-300x47.png 300w\" data-src=\"https:\/\/premiumline-cabling.com\/wp-content\/uploads\/2022\/02\/FIBER-COLOR-CODE.png\"><\/p>\n<h3>LES INFORMATIONS RELATIVES \u00c0 LA COMMANDE :<\/h3>\n<table>\n<tbody>\n<tr>\n<td width=\"132\">N\u00b0 de pi\u00e8ce<\/td>\n<td width=\"491\">22wxy3zzz<\/td>\n<\/tr>\n<tr>\n<td width=\"132\">Description:<\/td>\n<td width=\"491\">Fibre optique Premium Line 12 pack pigtail, 900\u03bcm<\/td>\n<\/tr>\n<tr>\n<td width=\"132\">w, mode<\/td>\n<td width=\"491\">1 : 62.5\/125 2 : 50\/125 3 : 9\/125 4 : OM3<\/td>\n<\/tr>\n<tr>\n<td width=\"132\">x, gaine<\/td>\n<td width=\"491\">5 : PVC 6 : LSOH<\/td>\n<\/tr>\n<tr>\n<td width=\"132\">y, type de connecteur<\/td>\n<td width=\"491\">1 : SC\/UPC 2 : ST\/UPC 3 : FC\/UPC 4 : LC\/UPC 6 : SC\/APC 7 : ST\/APC 8 : FC\/APC 9 : LC\/APC<\/td>\n<\/tr>\n<tr>\n<td width=\"132\">zzz, longueur<\/td>\n<td width=\"491\">010 : 1,0 m 100 : 10 m 001 : 100 m<\/td>\n<\/tr>\n<\/tbody>\n<\/table>\n","protected":false},"featured_media":20694,"template":"","product_category":[440],"class_list":["post-20686","product","type-product","status-publish","has-post-thumbnail","hentry","product_category-connectivite-fr"],"yoast_head":"<!-- This site is optimized with the Yoast SEO plugin v27.2 - https:\/\/yoast.com\/product\/yoast-seo-wordpress\/ -->\n<title>Premium-Line Paquet de 12 Queue de Cochon<\/title>\n<meta name=\"description\" content=\"La conception int\u00e9gr\u00e9e en queue de cochon Premium-Line 12 pack avec de bonnes performances sera votre meilleur choix. En savoir plus !\" \/>\n<meta name=\"robots\" content=\"index, follow, max-snippet:-1, max-image-preview:large, max-video-preview:-1\" \/>\n<link rel=\"canonical\" href=\"https:\/\/premiumline-cabling.com\/fr\/product\/fibre-optique-12-pack-queue-de-cochon\/\" \/>\n<meta property=\"og:locale\" content=\"fr_FR\" \/>\n<meta property=\"og:type\" content=\"article\" \/>\n<meta property=\"og:title\" content=\"Premium-Line Paquet de 12 Queue de Cochon\" \/>\n<meta property=\"og:description\" content=\"La conception int\u00e9gr\u00e9e en queue de cochon Premium-Line 12 pack avec de bonnes performances sera votre meilleur choix. En savoir plus !\" \/>\n<meta property=\"og:url\" content=\"https:\/\/premiumline-cabling.com\/fr\/product\/fibre-optique-12-pack-queue-de-cochon\/\" \/>\n<meta property=\"og:site_name\" content=\"Premium-Line\" \/>\n<meta property=\"article:modified_time\" content=\"2023-12-14T15:20:31+00:00\" \/>\n<meta property=\"og:image\" content=\"https:\/\/premiumline-cabling.com\/wp-content\/uploads\/2019\/02\/img_PL_12-Pack-Pigtail_1.jpg\" \/>\n\t<meta property=\"og:image:width\" content=\"283\" \/>\n\t<meta property=\"og:image:height\" content=\"220\" \/>\n\t<meta property=\"og:image:type\" content=\"image\/jpeg\" \/>\n<meta name=\"twitter:card\" content=\"summary_large_image\" \/>\n<meta name=\"twitter:label1\" content=\"Dur\u00e9e de lecture estim\u00e9e\" \/>\n\t<meta name=\"twitter:data1\" content=\"2 minutes\" \/>\n<script type=\"application\/ld+json\" class=\"yoast-schema-graph\">{\"@context\":\"https:\/\/schema.org\",\"@graph\":[{\"@type\":\"WebPage\",\"@id\":\"https:\/\/premiumline-cabling.com\/fr\/product\/fibre-optique-12-pack-queue-de-cochon\/\",\"url\":\"https:\/\/premiumline-cabling.com\/fr\/product\/fibre-optique-12-pack-queue-de-cochon\/\",\"name\":\"Premium-Line Paquet de 12 Queue de Cochon\",\"isPartOf\":{\"@id\":\"https:\/\/premiumline-cabling.com\/#website\"},\"primaryImageOfPage\":{\"@id\":\"https:\/\/premiumline-cabling.com\/fr\/product\/fibre-optique-12-pack-queue-de-cochon\/#primaryimage\"},\"image\":{\"@id\":\"https:\/\/premiumline-cabling.com\/fr\/product\/fibre-optique-12-pack-queue-de-cochon\/#primaryimage\"},\"thumbnailUrl\":\"https:\/\/premiumline-cabling.com\/wp-content\/uploads\/2019\/02\/img_PL_12-Pack-Pigtail_1.jpg\",\"datePublished\":\"2019-02-03T14:02:47+00:00\",\"dateModified\":\"2023-12-14T15:20:31+00:00\",\"description\":\"La conception int\u00e9gr\u00e9e en queue de cochon Premium-Line 12 pack avec de bonnes performances sera votre meilleur choix. En savoir plus !\",\"breadcrumb\":{\"@id\":\"https:\/\/premiumline-cabling.com\/fr\/product\/fibre-optique-12-pack-queue-de-cochon\/#breadcrumb\"},\"inLanguage\":\"fr-FR\",\"potentialAction\":[{\"@type\":\"ReadAction\",\"target\":[\"https:\/\/premiumline-cabling.com\/fr\/product\/fibre-optique-12-pack-queue-de-cochon\/\"]}]},{\"@type\":\"ImageObject\",\"inLanguage\":\"fr-FR\",\"@id\":\"https:\/\/premiumline-cabling.com\/fr\/product\/fibre-optique-12-pack-queue-de-cochon\/#primaryimage\",\"url\":\"https:\/\/premiumline-cabling.com\/wp-content\/uploads\/2019\/02\/img_PL_12-Pack-Pigtail_1.jpg\",\"contentUrl\":\"https:\/\/premiumline-cabling.com\/wp-content\/uploads\/2019\/02\/img_PL_12-Pack-Pigtail_1.jpg\",\"width\":283,\"height\":220},{\"@type\":\"BreadcrumbList\",\"@id\":\"https:\/\/premiumline-cabling.com\/fr\/product\/fibre-optique-12-pack-queue-de-cochon\/#breadcrumb\",\"itemListElement\":[{\"@type\":\"ListItem\",\"position\":1,\"name\":\"\u0413\u043b\u0430\u0432\u043d\u0430\u044f \u0441\u0442\u0440\u0430\u043d\u0438\u0446\u0430\",\"item\":\"https:\/\/premiumline-cabling.com\/fr\/\"},{\"@type\":\"ListItem\",\"position\":2,\"name\":\"Fibre optique 12 Pack Queue de cochon\"}]},{\"@type\":\"WebSite\",\"@id\":\"https:\/\/premiumline-cabling.com\/#website\",\"url\":\"https:\/\/premiumline-cabling.com\/\",\"name\":\"Premium-Line\",\"description\":\"Structured Cabling System\",\"publisher\":{\"@id\":\"https:\/\/premiumline-cabling.com\/#organization\"},\"potentialAction\":[{\"@type\":\"SearchAction\",\"target\":{\"@type\":\"EntryPoint\",\"urlTemplate\":\"https:\/\/premiumline-cabling.com\/?s={search_term_string}\"},\"query-input\":{\"@type\":\"PropertyValueSpecification\",\"valueRequired\":true,\"valueName\":\"search_term_string\"}}],\"inLanguage\":\"fr-FR\"},{\"@type\":\"Organization\",\"@id\":\"https:\/\/premiumline-cabling.com\/#organization\",\"name\":\"Premium-Line\",\"url\":\"https:\/\/premiumline-cabling.com\/\",\"logo\":{\"@type\":\"ImageObject\",\"inLanguage\":\"fr-FR\",\"@id\":\"https:\/\/premiumline-cabling.com\/#\/schema\/logo\/image\/\",\"url\":\"https:\/\/premiumline-cabling.com\/wp-content\/uploads\/2019\/04\/cropped-img_logo_site_Premium-Line.png\",\"contentUrl\":\"https:\/\/premiumline-cabling.com\/wp-content\/uploads\/2019\/04\/cropped-img_logo_site_Premium-Line.png\",\"width\":190,\"height\":62,\"caption\":\"Premium-Line\"},\"image\":{\"@id\":\"https:\/\/premiumline-cabling.com\/#\/schema\/logo\/image\/\"}}]}<\/script>\n<!-- \/ Yoast SEO plugin. -->","yoast_head_json":{"title":"Premium-Line Paquet de 12 Queue de Cochon","description":"La conception int\u00e9gr\u00e9e en queue de cochon Premium-Line 12 pack avec de bonnes performances sera votre meilleur choix. En savoir plus !","robots":{"index":"index","follow":"follow","max-snippet":"max-snippet:-1","max-image-preview":"max-image-preview:large","max-video-preview":"max-video-preview:-1"},"canonical":"https:\/\/premiumline-cabling.com\/fr\/product\/fibre-optique-12-pack-queue-de-cochon\/","og_locale":"fr_FR","og_type":"article","og_title":"Premium-Line Paquet de 12 Queue de Cochon","og_description":"La conception int\u00e9gr\u00e9e en queue de cochon Premium-Line 12 pack avec de bonnes performances sera votre meilleur choix. En savoir plus !","og_url":"https:\/\/premiumline-cabling.com\/fr\/product\/fibre-optique-12-pack-queue-de-cochon\/","og_site_name":"Premium-Line","article_modified_time":"2023-12-14T15:20:31+00:00","og_image":[{"width":283,"height":220,"url":"https:\/\/premiumline-cabling.com\/wp-content\/uploads\/2019\/02\/img_PL_12-Pack-Pigtail_1.jpg","type":"image\/jpeg"}],"twitter_card":"summary_large_image","twitter_misc":{"Dur\u00e9e de lecture estim\u00e9e":"2 minutes"},"schema":{"@context":"https:\/\/schema.org","@graph":[{"@type":"WebPage","@id":"https:\/\/premiumline-cabling.com\/fr\/product\/fibre-optique-12-pack-queue-de-cochon\/","url":"https:\/\/premiumline-cabling.com\/fr\/product\/fibre-optique-12-pack-queue-de-cochon\/","name":"Premium-Line Paquet de 12 Queue de Cochon","isPartOf":{"@id":"https:\/\/premiumline-cabling.com\/#website"},"primaryImageOfPage":{"@id":"https:\/\/premiumline-cabling.com\/fr\/product\/fibre-optique-12-pack-queue-de-cochon\/#primaryimage"},"image":{"@id":"https:\/\/premiumline-cabling.com\/fr\/product\/fibre-optique-12-pack-queue-de-cochon\/#primaryimage"},"thumbnailUrl":"https:\/\/premiumline-cabling.com\/wp-content\/uploads\/2019\/02\/img_PL_12-Pack-Pigtail_1.jpg","datePublished":"2019-02-03T14:02:47+00:00","dateModified":"2023-12-14T15:20:31+00:00","description":"La conception int\u00e9gr\u00e9e en queue de cochon Premium-Line 12 pack avec de bonnes performances sera votre meilleur choix. En savoir plus !","breadcrumb":{"@id":"https:\/\/premiumline-cabling.com\/fr\/product\/fibre-optique-12-pack-queue-de-cochon\/#breadcrumb"},"inLanguage":"fr-FR","potentialAction":[{"@type":"ReadAction","target":["https:\/\/premiumline-cabling.com\/fr\/product\/fibre-optique-12-pack-queue-de-cochon\/"]}]},{"@type":"ImageObject","inLanguage":"fr-FR","@id":"https:\/\/premiumline-cabling.com\/fr\/product\/fibre-optique-12-pack-queue-de-cochon\/#primaryimage","url":"https:\/\/premiumline-cabling.com\/wp-content\/uploads\/2019\/02\/img_PL_12-Pack-Pigtail_1.jpg","contentUrl":"https:\/\/premiumline-cabling.com\/wp-content\/uploads\/2019\/02\/img_PL_12-Pack-Pigtail_1.jpg","width":283,"height":220},{"@type":"BreadcrumbList","@id":"https:\/\/premiumline-cabling.com\/fr\/product\/fibre-optique-12-pack-queue-de-cochon\/#breadcrumb","itemListElement":[{"@type":"ListItem","position":1,"name":"\u0413\u043b\u0430\u0432\u043d\u0430\u044f \u0441\u0442\u0440\u0430\u043d\u0438\u0446\u0430","item":"https:\/\/premiumline-cabling.com\/fr\/"},{"@type":"ListItem","position":2,"name":"Fibre optique 12 Pack Queue de cochon"}]},{"@type":"WebSite","@id":"https:\/\/premiumline-cabling.com\/#website","url":"https:\/\/premiumline-cabling.com\/","name":"Premium-Line","description":"Structured Cabling System","publisher":{"@id":"https:\/\/premiumline-cabling.com\/#organization"},"potentialAction":[{"@type":"SearchAction","target":{"@type":"EntryPoint","urlTemplate":"https:\/\/premiumline-cabling.com\/?s={search_term_string}"},"query-input":{"@type":"PropertyValueSpecification","valueRequired":true,"valueName":"search_term_string"}}],"inLanguage":"fr-FR"},{"@type":"Organization","@id":"https:\/\/premiumline-cabling.com\/#organization","name":"Premium-Line","url":"https:\/\/premiumline-cabling.com\/","logo":{"@type":"ImageObject","inLanguage":"fr-FR","@id":"https:\/\/premiumline-cabling.com\/#\/schema\/logo\/image\/","url":"https:\/\/premiumline-cabling.com\/wp-content\/uploads\/2019\/04\/cropped-img_logo_site_Premium-Line.png","contentUrl":"https:\/\/premiumline-cabling.com\/wp-content\/uploads\/2019\/04\/cropped-img_logo_site_Premium-Line.png","width":190,"height":62,"caption":"Premium-Line"},"image":{"@id":"https:\/\/premiumline-cabling.com\/#\/schema\/logo\/image\/"}}]}},"_links":{"self":[{"href":"https:\/\/premiumline-cabling.com\/fr\/wp-json\/wp\/v2\/product\/20686","targetHints":{"allow":["GET"]}}],"collection":[{"href":"https:\/\/premiumline-cabling.com\/fr\/wp-json\/wp\/v2\/product"}],"about":[{"href":"https:\/\/premiumline-cabling.com\/fr\/wp-json\/wp\/v2\/types\/product"}],"wp:featuredmedia":[{"embeddable":true,"href":"https:\/\/premiumline-cabling.com\/fr\/wp-json\/wp\/v2\/media\/20694"}],"wp:attachment":[{"href":"https:\/\/premiumline-cabling.com\/fr\/wp-json\/wp\/v2\/media?parent=20686"}],"wp:term":[{"taxonomy":"product_category","embeddable":true,"href":"https:\/\/premiumline-cabling.com\/fr\/wp-json\/wp\/v2\/product_category?post=20686"}],"curies":[{"name":"wp","href":"https:\/\/api.w.org\/{rel}","templated":true}]}}