{"id":20665,"date":"2019-01-15T18:39:32","date_gmt":"2019-01-15T17:39:32","guid":{"rendered":"https:\/\/premiumline-cabling.com\/product\/adss-9-125um-g652d\/"},"modified":"2023-12-06T17:54:06","modified_gmt":"2023-12-06T16:54:06","slug":"adss-9-125um-g652d","status":"publish","type":"product","link":"https:\/\/premiumline-cabling.com\/fr\/product\/adss-9-125um-g652d\/","title":{"rendered":"ADSS, 9\/125um G652D"},"content":{"rendered":"<h3>C\u00e2ble \u00e0 fibre optique personnalis\u00e9<\/h3>\n<p class=\"bodytext\">L\u2019\u00e9quipe technique d\u00e9di\u00e9e \u00e0 la fibre optique de Premium-Line est capable de concevoir divers c\u00e2bles de syst\u00e8mes de t\u00e9l\u00e9communications pour vous en fonction des besoins ou des informations climatiques fournies sur l\u2019emplacement o\u00f9 vous avez l\u2019intention d\u2019utiliser.<\/p>\n<p><noscript><img decoding=\"async\" class=\"size-full wp-image-465 alignleft\" src=\"https:\/\/premiumline-cabling.com\/wp-content\/uploads\/2019\/01\/PL_img_csm_fiber-optic-cable-260223012_edfbc3f3e3.jpg\" alt width=\"252\" height=\"140\"><\/noscript><img decoding=\"async\" class=\"size-full wp-image-465 alignleft lazyload\" src=\"data:image\/svg+xml,%3Csvg%20xmlns%3D%22http%3A%2F%2Fwww.w3.org%2F2000%2Fsvg%22%20viewBox%3D%220%200%20252%20140%22%3E%3C%2Fsvg%3E\" alt width=\"252\" height=\"140\" data-src=\"https:\/\/premiumline-cabling.com\/wp-content\/uploads\/2019\/01\/PL_img_csm_fiber-optic-cable-260223012_edfbc3f3e3.jpg\"><\/p>\n<h3>Tous les c\u00e2bles \u00e0 fibre optique autoportants di\u00e9lectriques<\/h3>\n<p class=\"bodytext\">Ce type de c\u00e2ble est le plus souvent install\u00e9 sur des lignes \u00e9lectriques a\u00e9riennes, des portiques ou des poteaux, sa construction enti\u00e8rement di\u00e9lectrique le prot\u00e8ge contre les chocs \u00e9lectriques, les chocs ou les dommages.<br>\nNormalement, vous pouvez nous fournir les informations climatiques locales ainsi que l\u2019intensit\u00e9 du champ \u00e9lectrique pour le concevoir en cons\u00e9quence.<\/p>\n<p>&nbsp;<\/p>\n<h3><span style=\"color: #a13737;\"><strong><u>Plus d&#8217;informations (cliquez sur le signe &#8220;+&#8221; ci-dessous)<\/u><\/strong><\/span><\/h3>\n","protected":false},"featured_media":20667,"template":"","product_category":[438],"class_list":["post-20665","product","type-product","status-publish","has-post-thumbnail","hentry","product_category-reseau-etendu"],"yoast_head":"<!-- This site is optimized with the Yoast SEO plugin v27.2 - https:\/\/yoast.com\/product\/yoast-seo-wordpress\/ -->\n<title>C\u00e2ble \u00e0 fibre optique ADSS haut de gamme, 9\/125um G652D<\/title>\n<meta name=\"description\" content=\"Ce c\u00e2ble est le plus souvent install\u00e9 sur des lignes \u00e9lectriques a\u00e9riennes, des portiques ou des poteaux, sa construction enti\u00e8rement di\u00e9lectrique le prot\u00e8ge contre les chocs \u00e9lectriques.\" \/>\n<meta name=\"robots\" content=\"index, follow, max-snippet:-1, max-image-preview:large, max-video-preview:-1\" \/>\n<link rel=\"canonical\" href=\"https:\/\/premiumline-cabling.com\/fr\/product\/adss-9-125um-g652d\/\" \/>\n<meta property=\"og:locale\" content=\"fr_FR\" \/>\n<meta property=\"og:type\" content=\"article\" \/>\n<meta property=\"og:title\" content=\"C\u00e2ble \u00e0 fibre optique ADSS haut de gamme, 9\/125um G652D\" \/>\n<meta property=\"og:description\" content=\"Ce c\u00e2ble est le plus souvent install\u00e9 sur des lignes \u00e9lectriques a\u00e9riennes, des portiques ou des poteaux, sa construction enti\u00e8rement di\u00e9lectrique le prot\u00e8ge contre les chocs \u00e9lectriques.\" \/>\n<meta property=\"og:url\" content=\"https:\/\/premiumline-cabling.com\/fr\/product\/adss-9-125um-g652d\/\" \/>\n<meta property=\"og:site_name\" content=\"Premium-Line\" \/>\n<meta property=\"article:modified_time\" content=\"2023-12-06T16:54:06+00:00\" \/>\n<meta property=\"og:image\" content=\"https:\/\/premiumline-cabling.com\/wp-content\/uploads\/2019\/01\/PL_img_ADSS_Fiber.jpg\" \/>\n\t<meta property=\"og:image:width\" content=\"283\" \/>\n\t<meta property=\"og:image:height\" content=\"220\" \/>\n\t<meta property=\"og:image:type\" content=\"image\/jpeg\" \/>\n<meta name=\"twitter:card\" content=\"summary_large_image\" \/>\n<meta name=\"twitter:label1\" content=\"Dur\u00e9e de lecture estim\u00e9e\" \/>\n\t<meta name=\"twitter:data1\" content=\"1 minute\" \/>\n<script type=\"application\/ld+json\" class=\"yoast-schema-graph\">{\"@context\":\"https:\/\/schema.org\",\"@graph\":[{\"@type\":\"WebPage\",\"@id\":\"https:\/\/premiumline-cabling.com\/fr\/product\/adss-9-125um-g652d\/\",\"url\":\"https:\/\/premiumline-cabling.com\/fr\/product\/adss-9-125um-g652d\/\",\"name\":\"C\u00e2ble \u00e0 fibre optique ADSS haut de gamme, 9\/125um G652D\",\"isPartOf\":{\"@id\":\"https:\/\/premiumline-cabling.com\/#website\"},\"primaryImageOfPage\":{\"@id\":\"https:\/\/premiumline-cabling.com\/fr\/product\/adss-9-125um-g652d\/#primaryimage\"},\"image\":{\"@id\":\"https:\/\/premiumline-cabling.com\/fr\/product\/adss-9-125um-g652d\/#primaryimage\"},\"thumbnailUrl\":\"https:\/\/premiumline-cabling.com\/wp-content\/uploads\/2019\/01\/PL_img_ADSS_Fiber.jpg\",\"datePublished\":\"2019-01-15T17:39:32+00:00\",\"dateModified\":\"2023-12-06T16:54:06+00:00\",\"description\":\"Ce c\u00e2ble est le plus souvent install\u00e9 sur des lignes \u00e9lectriques a\u00e9riennes, des portiques ou des poteaux, sa construction enti\u00e8rement di\u00e9lectrique le prot\u00e8ge contre les chocs \u00e9lectriques.\",\"breadcrumb\":{\"@id\":\"https:\/\/premiumline-cabling.com\/fr\/product\/adss-9-125um-g652d\/#breadcrumb\"},\"inLanguage\":\"fr-FR\",\"potentialAction\":[{\"@type\":\"ReadAction\",\"target\":[\"https:\/\/premiumline-cabling.com\/fr\/product\/adss-9-125um-g652d\/\"]}]},{\"@type\":\"ImageObject\",\"inLanguage\":\"fr-FR\",\"@id\":\"https:\/\/premiumline-cabling.com\/fr\/product\/adss-9-125um-g652d\/#primaryimage\",\"url\":\"https:\/\/premiumline-cabling.com\/wp-content\/uploads\/2019\/01\/PL_img_ADSS_Fiber.jpg\",\"contentUrl\":\"https:\/\/premiumline-cabling.com\/wp-content\/uploads\/2019\/01\/PL_img_ADSS_Fiber.jpg\",\"width\":283,\"height\":220},{\"@type\":\"BreadcrumbList\",\"@id\":\"https:\/\/premiumline-cabling.com\/fr\/product\/adss-9-125um-g652d\/#breadcrumb\",\"itemListElement\":[{\"@type\":\"ListItem\",\"position\":1,\"name\":\"\u0413\u043b\u0430\u0432\u043d\u0430\u044f \u0441\u0442\u0440\u0430\u043d\u0438\u0446\u0430\",\"item\":\"https:\/\/premiumline-cabling.com\/fr\/\"},{\"@type\":\"ListItem\",\"position\":2,\"name\":\"ADSS, 9\/125um G652D\"}]},{\"@type\":\"WebSite\",\"@id\":\"https:\/\/premiumline-cabling.com\/#website\",\"url\":\"https:\/\/premiumline-cabling.com\/\",\"name\":\"Premium-Line\",\"description\":\"Structured Cabling System\",\"publisher\":{\"@id\":\"https:\/\/premiumline-cabling.com\/#organization\"},\"potentialAction\":[{\"@type\":\"SearchAction\",\"target\":{\"@type\":\"EntryPoint\",\"urlTemplate\":\"https:\/\/premiumline-cabling.com\/?s={search_term_string}\"},\"query-input\":{\"@type\":\"PropertyValueSpecification\",\"valueRequired\":true,\"valueName\":\"search_term_string\"}}],\"inLanguage\":\"fr-FR\"},{\"@type\":\"Organization\",\"@id\":\"https:\/\/premiumline-cabling.com\/#organization\",\"name\":\"Premium-Line\",\"url\":\"https:\/\/premiumline-cabling.com\/\",\"logo\":{\"@type\":\"ImageObject\",\"inLanguage\":\"fr-FR\",\"@id\":\"https:\/\/premiumline-cabling.com\/#\/schema\/logo\/image\/\",\"url\":\"https:\/\/premiumline-cabling.com\/wp-content\/uploads\/2019\/04\/cropped-img_logo_site_Premium-Line.png\",\"contentUrl\":\"https:\/\/premiumline-cabling.com\/wp-content\/uploads\/2019\/04\/cropped-img_logo_site_Premium-Line.png\",\"width\":190,\"height\":62,\"caption\":\"Premium-Line\"},\"image\":{\"@id\":\"https:\/\/premiumline-cabling.com\/#\/schema\/logo\/image\/\"}}]}<\/script>\n<!-- \/ Yoast SEO plugin. -->","yoast_head_json":{"title":"C\u00e2ble \u00e0 fibre optique ADSS haut de gamme, 9\/125um G652D","description":"Ce c\u00e2ble est le plus souvent install\u00e9 sur des lignes \u00e9lectriques a\u00e9riennes, des portiques ou des poteaux, sa construction enti\u00e8rement di\u00e9lectrique le prot\u00e8ge contre les chocs \u00e9lectriques.","robots":{"index":"index","follow":"follow","max-snippet":"max-snippet:-1","max-image-preview":"max-image-preview:large","max-video-preview":"max-video-preview:-1"},"canonical":"https:\/\/premiumline-cabling.com\/fr\/product\/adss-9-125um-g652d\/","og_locale":"fr_FR","og_type":"article","og_title":"C\u00e2ble \u00e0 fibre optique ADSS haut de gamme, 9\/125um G652D","og_description":"Ce c\u00e2ble est le plus souvent install\u00e9 sur des lignes \u00e9lectriques a\u00e9riennes, des portiques ou des poteaux, sa construction enti\u00e8rement di\u00e9lectrique le prot\u00e8ge contre les chocs \u00e9lectriques.","og_url":"https:\/\/premiumline-cabling.com\/fr\/product\/adss-9-125um-g652d\/","og_site_name":"Premium-Line","article_modified_time":"2023-12-06T16:54:06+00:00","og_image":[{"width":283,"height":220,"url":"https:\/\/premiumline-cabling.com\/wp-content\/uploads\/2019\/01\/PL_img_ADSS_Fiber.jpg","type":"image\/jpeg"}],"twitter_card":"summary_large_image","twitter_misc":{"Dur\u00e9e de lecture estim\u00e9e":"1 minute"},"schema":{"@context":"https:\/\/schema.org","@graph":[{"@type":"WebPage","@id":"https:\/\/premiumline-cabling.com\/fr\/product\/adss-9-125um-g652d\/","url":"https:\/\/premiumline-cabling.com\/fr\/product\/adss-9-125um-g652d\/","name":"C\u00e2ble \u00e0 fibre optique ADSS haut de gamme, 9\/125um G652D","isPartOf":{"@id":"https:\/\/premiumline-cabling.com\/#website"},"primaryImageOfPage":{"@id":"https:\/\/premiumline-cabling.com\/fr\/product\/adss-9-125um-g652d\/#primaryimage"},"image":{"@id":"https:\/\/premiumline-cabling.com\/fr\/product\/adss-9-125um-g652d\/#primaryimage"},"thumbnailUrl":"https:\/\/premiumline-cabling.com\/wp-content\/uploads\/2019\/01\/PL_img_ADSS_Fiber.jpg","datePublished":"2019-01-15T17:39:32+00:00","dateModified":"2023-12-06T16:54:06+00:00","description":"Ce c\u00e2ble est le plus souvent install\u00e9 sur des lignes \u00e9lectriques a\u00e9riennes, des portiques ou des poteaux, sa construction enti\u00e8rement di\u00e9lectrique le prot\u00e8ge contre les chocs \u00e9lectriques.","breadcrumb":{"@id":"https:\/\/premiumline-cabling.com\/fr\/product\/adss-9-125um-g652d\/#breadcrumb"},"inLanguage":"fr-FR","potentialAction":[{"@type":"ReadAction","target":["https:\/\/premiumline-cabling.com\/fr\/product\/adss-9-125um-g652d\/"]}]},{"@type":"ImageObject","inLanguage":"fr-FR","@id":"https:\/\/premiumline-cabling.com\/fr\/product\/adss-9-125um-g652d\/#primaryimage","url":"https:\/\/premiumline-cabling.com\/wp-content\/uploads\/2019\/01\/PL_img_ADSS_Fiber.jpg","contentUrl":"https:\/\/premiumline-cabling.com\/wp-content\/uploads\/2019\/01\/PL_img_ADSS_Fiber.jpg","width":283,"height":220},{"@type":"BreadcrumbList","@id":"https:\/\/premiumline-cabling.com\/fr\/product\/adss-9-125um-g652d\/#breadcrumb","itemListElement":[{"@type":"ListItem","position":1,"name":"\u0413\u043b\u0430\u0432\u043d\u0430\u044f \u0441\u0442\u0440\u0430\u043d\u0438\u0446\u0430","item":"https:\/\/premiumline-cabling.com\/fr\/"},{"@type":"ListItem","position":2,"name":"ADSS, 9\/125um G652D"}]},{"@type":"WebSite","@id":"https:\/\/premiumline-cabling.com\/#website","url":"https:\/\/premiumline-cabling.com\/","name":"Premium-Line","description":"Structured Cabling System","publisher":{"@id":"https:\/\/premiumline-cabling.com\/#organization"},"potentialAction":[{"@type":"SearchAction","target":{"@type":"EntryPoint","urlTemplate":"https:\/\/premiumline-cabling.com\/?s={search_term_string}"},"query-input":{"@type":"PropertyValueSpecification","valueRequired":true,"valueName":"search_term_string"}}],"inLanguage":"fr-FR"},{"@type":"Organization","@id":"https:\/\/premiumline-cabling.com\/#organization","name":"Premium-Line","url":"https:\/\/premiumline-cabling.com\/","logo":{"@type":"ImageObject","inLanguage":"fr-FR","@id":"https:\/\/premiumline-cabling.com\/#\/schema\/logo\/image\/","url":"https:\/\/premiumline-cabling.com\/wp-content\/uploads\/2019\/04\/cropped-img_logo_site_Premium-Line.png","contentUrl":"https:\/\/premiumline-cabling.com\/wp-content\/uploads\/2019\/04\/cropped-img_logo_site_Premium-Line.png","width":190,"height":62,"caption":"Premium-Line"},"image":{"@id":"https:\/\/premiumline-cabling.com\/#\/schema\/logo\/image\/"}}]}},"_links":{"self":[{"href":"https:\/\/premiumline-cabling.com\/fr\/wp-json\/wp\/v2\/product\/20665","targetHints":{"allow":["GET"]}}],"collection":[{"href":"https:\/\/premiumline-cabling.com\/fr\/wp-json\/wp\/v2\/product"}],"about":[{"href":"https:\/\/premiumline-cabling.com\/fr\/wp-json\/wp\/v2\/types\/product"}],"wp:featuredmedia":[{"embeddable":true,"href":"https:\/\/premiumline-cabling.com\/fr\/wp-json\/wp\/v2\/media\/20667"}],"wp:attachment":[{"href":"https:\/\/premiumline-cabling.com\/fr\/wp-json\/wp\/v2\/media?parent=20665"}],"wp:term":[{"taxonomy":"product_category","embeddable":true,"href":"https:\/\/premiumline-cabling.com\/fr\/wp-json\/wp\/v2\/product_category?post=20665"}],"curies":[{"name":"wp","href":"https:\/\/api.w.org\/{rel}","templated":true}]}}