{"id":20655,"date":"2019-01-15T18:41:47","date_gmt":"2019-01-15T17:41:47","guid":{"rendered":"https:\/\/premiumline-cabling.com\/product\/figure-8-9-125um-g652d\/"},"modified":"2023-12-14T15:40:04","modified_gmt":"2023-12-14T14:40:04","slug":"figure-8-9-125um-g652d","status":"publish","type":"product","link":"https:\/\/premiumline-cabling.com\/fr\/product\/figure-8-9-125um-g652d\/","title":{"rendered":"Figure 8, 9\/125um G652D"},"content":{"rendered":"<p>&nbsp;<\/p>\n<h3>Description:<\/h3>\n<div id=\"attachment_3414\" style=\"width: 310px\" class=\"wp-caption alignright\"><noscript><img decoding=\"async\" aria-describedby=\"caption-attachment-3414\" class=\"wp-image-3414 size-medium\" src=\"https:\/\/premiumline-cabling.com\/wp-content\/uploads\/2019\/01\/2092_FO_cable_fig_8-300x238.jpg\" alt width=\"300\" height=\"238\" srcset=\"https:\/\/premiumline-cabling.com\/wp-content\/uploads\/2019\/01\/2092_FO_cable_fig_8-300x238.jpg 300w, https:\/\/premiumline-cabling.com\/wp-content\/uploads\/2019\/01\/2092_FO_cable_fig_8.jpg 560w\" sizes=\"(max-width: 300px) 100vw, 300px\"><\/noscript><img decoding=\"async\" aria-describedby=\"caption-attachment-3414\" class=\"wp-image-3414 size-medium lazyload\" src=\"data:image\/svg+xml,%3Csvg%20xmlns%3D%22http%3A%2F%2Fwww.w3.org%2F2000%2Fsvg%22%20viewBox%3D%220%200%20300%20238%22%3E%3C%2Fsvg%3E\" alt width=\"300\" height=\"238\" srcset=\"data:image\/svg+xml,%3Csvg%20xmlns%3D%22http%3A%2F%2Fwww.w3.org%2F2000%2Fsvg%22%20viewBox%3D%220%200%20300%20238%22%3E%3C%2Fsvg%3E 300w\" sizes=\"(max-width: 300px) 100vw, 300px\" data-srcset=\"https:\/\/premiumline-cabling.com\/wp-content\/uploads\/2019\/01\/2092_FO_cable_fig_8-300x238.jpg 300w, https:\/\/premiumline-cabling.com\/wp-content\/uploads\/2019\/01\/2092_FO_cable_fig_8.jpg 560w\" data-src=\"https:\/\/premiumline-cabling.com\/wp-content\/uploads\/2019\/01\/2092_FO_cable_fig_8-300x238.jpg\"><p id=\"caption-attachment-3414\" class=\"wp-caption-text\">48 Fibres<\/p><\/div>\n<p>Les fibres, de 250 \u03bcm, sont positionn\u00e9es dans un tube libre en plastique \u00e0 haut module. Les tubes sont remplis d\u2019un compos\u00e9 de remplissage r\u00e9sistant \u00e0 l\u2019eau. Un fil d\u2019acier se situe au centre du noyau en tant qu\u2019\u00e9l\u00e9ment de r\u00e9sistance m\u00e9tallique. Les tubes (et les charges) sont toronn\u00e9s autour de l\u2019\u00e9l\u00e9ment de force dans une \u00e2me de c\u00e2ble compacte et circulaire. Apr\u00e8s l\u2019application d\u2019une barri\u00e8re contre l\u2019humidit\u00e9 en stratifi\u00e9 d\u2019aluminium et de poly\u00e9thyl\u00e8ne (APL) autour de l\u2019\u00e2me du c\u00e2ble, cette partie du c\u00e2ble accompagn\u00e9e des fils toronn\u00e9s comme partie de support est compl\u00e9t\u00e9e par une gaine en poly\u00e9thyl\u00e8ne (PE) pour former des structures en forme de 8.<\/p>\n<h3>Caract\u00e9ristiques:<\/h3>\n<ul>\n<li>La haute r\u00e9sistance \u00e0 la traction des fils toronn\u00e9s r\u00e9pond \u00e0 l\u2019exigence d\u2019autoportance et r\u00e9duit le co\u00fbt d\u2019installation.<\/li>\n<li>Bonnes performances m\u00e9caniques et thermiques<\/li>\n<li>Tube l\u00e2che \u00e0 haute r\u00e9sistance r\u00e9sistant \u00e0 l\u2019hydrolyse<\/li>\n<li>Un compos\u00e9 de remplissage de tube sp\u00e9cial assure une protection critique de la fibre<\/li>\n<\/ul>\n<h3>Conformit\u00e9s:<\/h3>\n<div id=\"attachment_3413\" style=\"width: 310px\" class=\"wp-caption alignright\"><noscript><img decoding=\"async\" aria-describedby=\"caption-attachment-3413\" class=\"wp-image-3413 size-medium\" src=\"https:\/\/premiumline-cabling.com\/wp-content\/uploads\/2019\/01\/2092_FO_cable_fig_8_1-300x247.jpg\" alt width=\"300\" height=\"247\" srcset=\"https:\/\/premiumline-cabling.com\/wp-content\/uploads\/2019\/01\/2092_FO_cable_fig_8_1-300x247.jpg 300w, https:\/\/premiumline-cabling.com\/wp-content\/uploads\/2019\/01\/2092_FO_cable_fig_8_1.jpg 550w\" sizes=\"(max-width: 300px) 100vw, 300px\"><\/noscript><img decoding=\"async\" aria-describedby=\"caption-attachment-3413\" class=\"wp-image-3413 size-medium lazyload\" src=\"data:image\/svg+xml,%3Csvg%20xmlns%3D%22http%3A%2F%2Fwww.w3.org%2F2000%2Fsvg%22%20viewBox%3D%220%200%20300%20247%22%3E%3C%2Fsvg%3E\" alt width=\"300\" height=\"247\" srcset=\"data:image\/svg+xml,%3Csvg%20xmlns%3D%22http%3A%2F%2Fwww.w3.org%2F2000%2Fsvg%22%20viewBox%3D%220%200%20300%20247%22%3E%3C%2Fsvg%3E 300w\" sizes=\"(max-width: 300px) 100vw, 300px\" data-srcset=\"https:\/\/premiumline-cabling.com\/wp-content\/uploads\/2019\/01\/2092_FO_cable_fig_8_1-300x247.jpg 300w, https:\/\/premiumline-cabling.com\/wp-content\/uploads\/2019\/01\/2092_FO_cable_fig_8_1.jpg 550w\" data-src=\"https:\/\/premiumline-cabling.com\/wp-content\/uploads\/2019\/01\/2092_FO_cable_fig_8_1-300x247.jpg\"><p id=\"caption-attachment-3413\" class=\"wp-caption-text\">144 Fibres<\/p><\/div>\n<ul>\n<li>UIT-T G652D<\/li>\n<li>ANSI\/TIA 568-C.3<\/li>\n<li>CEI-794<\/li>\n<li>RoHS (en anglais seulement)<\/li>\n<\/ul>\n<p><strong>Applications:<\/strong><\/p>\n<ul>\n<li>Convient pour une installation enterr\u00e9e directe et dans des conduits<\/li>\n<li>Environnements ext\u00e9rieurs de l\u2019usine<\/li>\n<\/ul>\n<h3>Informations de commande:<\/h3>\n<p>Num\u00e9ro d \u0301article 269223xxx<\/p>\n<p>Description C\u00e2ble fibre optique figure 8, multitube, APL, SM9\/125, PE<\/p>\n<p>xxx, nombre de fibres 004 \/ 006 \/ 008 \/ 012 \/ 024 \/ 036 \/ 048 \/ 072 \/ 096 \/ 144<\/p>\n<p>&nbsp;<\/p>\n<h3><span style=\"color: #a13737;\"><strong><u>Plus d&#8217;informations (cliquez sur le signe &#8220;+&#8221; ci-dessous)<\/u><\/strong><\/span><\/h3>\n","protected":false},"featured_media":20657,"template":"","product_category":[438],"class_list":["post-20655","product","type-product","status-publish","has-post-thumbnail","hentry","product_category-reseau-etendu"],"yoast_head":"<!-- This site is optimized with the Yoast SEO plugin v27.4 - https:\/\/yoast.com\/product\/yoast-seo-wordpress\/ -->\n<title>C\u00e2ble \u00e0 fibre optique Premium-Line Figure 8, 9\/125um G652D<\/title>\n<meta name=\"description\" content=\"Ce type de c\u00e2ble utilise un fil messager sup\u00e9rieur pour prendre en charge le c\u00e2blage a\u00e9rien. Il est con\u00e7u pour les endroits o\u00f9 le vent est fort ou m\u00eame le climat glac\u00e9.\" \/>\n<meta name=\"robots\" content=\"index, follow, max-snippet:-1, max-image-preview:large, max-video-preview:-1\" \/>\n<link rel=\"canonical\" href=\"https:\/\/premiumline-cabling.com\/fr\/product\/figure-8-9-125um-g652d\/\" \/>\n<meta property=\"og:locale\" content=\"fr_FR\" \/>\n<meta property=\"og:type\" content=\"article\" \/>\n<meta property=\"og:title\" content=\"C\u00e2ble \u00e0 fibre optique Premium-Line Figure 8, 9\/125um G652D\" \/>\n<meta property=\"og:description\" content=\"Ce type de c\u00e2ble utilise un fil messager sup\u00e9rieur pour prendre en charge le c\u00e2blage a\u00e9rien. Il est con\u00e7u pour les endroits o\u00f9 le vent est fort ou m\u00eame le climat glac\u00e9.\" \/>\n<meta property=\"og:url\" content=\"https:\/\/premiumline-cabling.com\/fr\/product\/figure-8-9-125um-g652d\/\" \/>\n<meta property=\"og:site_name\" content=\"Premium-Line\" \/>\n<meta property=\"article:modified_time\" content=\"2023-12-14T14:40:04+00:00\" \/>\n<meta property=\"og:image\" content=\"https:\/\/premiumline-cabling.com\/wp-content\/uploads\/2019\/01\/img_Premium-Line_Figure-8-Fiber-Optic-Cable.jpg\" \/>\n\t<meta property=\"og:image:width\" content=\"430\" \/>\n\t<meta property=\"og:image:height\" content=\"220\" \/>\n\t<meta property=\"og:image:type\" content=\"image\/jpeg\" \/>\n<meta name=\"twitter:card\" content=\"summary_large_image\" \/>\n<meta name=\"twitter:label1\" content=\"Dur\u00e9e de lecture estim\u00e9e\" \/>\n\t<meta name=\"twitter:data1\" content=\"2 minutes\" \/>\n<script type=\"application\/ld+json\" class=\"yoast-schema-graph\">{\"@context\":\"https:\\\/\\\/schema.org\",\"@graph\":[{\"@type\":\"WebPage\",\"@id\":\"https:\\\/\\\/premiumline-cabling.com\\\/fr\\\/product\\\/figure-8-9-125um-g652d\\\/\",\"url\":\"https:\\\/\\\/premiumline-cabling.com\\\/fr\\\/product\\\/figure-8-9-125um-g652d\\\/\",\"name\":\"C\u00e2ble \u00e0 fibre optique Premium-Line Figure 8, 9\\\/125um G652D\",\"isPartOf\":{\"@id\":\"https:\\\/\\\/premiumline-cabling.com\\\/#website\"},\"primaryImageOfPage\":{\"@id\":\"https:\\\/\\\/premiumline-cabling.com\\\/fr\\\/product\\\/figure-8-9-125um-g652d\\\/#primaryimage\"},\"image\":{\"@id\":\"https:\\\/\\\/premiumline-cabling.com\\\/fr\\\/product\\\/figure-8-9-125um-g652d\\\/#primaryimage\"},\"thumbnailUrl\":\"https:\\\/\\\/premiumline-cabling.com\\\/wp-content\\\/uploads\\\/2019\\\/01\\\/img_Premium-Line_Figure-8-Fiber-Optic-Cable.jpg\",\"datePublished\":\"2019-01-15T17:41:47+00:00\",\"dateModified\":\"2023-12-14T14:40:04+00:00\",\"description\":\"Ce type de c\u00e2ble utilise un fil messager sup\u00e9rieur pour prendre en charge le c\u00e2blage a\u00e9rien. Il est con\u00e7u pour les endroits o\u00f9 le vent est fort ou m\u00eame le climat glac\u00e9.\",\"breadcrumb\":{\"@id\":\"https:\\\/\\\/premiumline-cabling.com\\\/fr\\\/product\\\/figure-8-9-125um-g652d\\\/#breadcrumb\"},\"inLanguage\":\"fr-FR\",\"potentialAction\":[{\"@type\":\"ReadAction\",\"target\":[\"https:\\\/\\\/premiumline-cabling.com\\\/fr\\\/product\\\/figure-8-9-125um-g652d\\\/\"]}]},{\"@type\":\"ImageObject\",\"inLanguage\":\"fr-FR\",\"@id\":\"https:\\\/\\\/premiumline-cabling.com\\\/fr\\\/product\\\/figure-8-9-125um-g652d\\\/#primaryimage\",\"url\":\"https:\\\/\\\/premiumline-cabling.com\\\/wp-content\\\/uploads\\\/2019\\\/01\\\/img_Premium-Line_Figure-8-Fiber-Optic-Cable.jpg\",\"contentUrl\":\"https:\\\/\\\/premiumline-cabling.com\\\/wp-content\\\/uploads\\\/2019\\\/01\\\/img_Premium-Line_Figure-8-Fiber-Optic-Cable.jpg\",\"width\":430,\"height\":220},{\"@type\":\"BreadcrumbList\",\"@id\":\"https:\\\/\\\/premiumline-cabling.com\\\/fr\\\/product\\\/figure-8-9-125um-g652d\\\/#breadcrumb\",\"itemListElement\":[{\"@type\":\"ListItem\",\"position\":1,\"name\":\"\u0413\u043b\u0430\u0432\u043d\u0430\u044f \u0441\u0442\u0440\u0430\u043d\u0438\u0446\u0430\",\"item\":\"https:\\\/\\\/premiumline-cabling.com\\\/fr\\\/\"},{\"@type\":\"ListItem\",\"position\":2,\"name\":\"Figure 8, 9\\\/125um G652D\"}]},{\"@type\":\"WebSite\",\"@id\":\"https:\\\/\\\/premiumline-cabling.com\\\/#website\",\"url\":\"https:\\\/\\\/premiumline-cabling.com\\\/\",\"name\":\"Premium-Line\",\"description\":\"Structured Cabling System\",\"publisher\":{\"@id\":\"https:\\\/\\\/premiumline-cabling.com\\\/#organization\"},\"potentialAction\":[{\"@type\":\"SearchAction\",\"target\":{\"@type\":\"EntryPoint\",\"urlTemplate\":\"https:\\\/\\\/premiumline-cabling.com\\\/?s={search_term_string}\"},\"query-input\":{\"@type\":\"PropertyValueSpecification\",\"valueRequired\":true,\"valueName\":\"search_term_string\"}}],\"inLanguage\":\"fr-FR\"},{\"@type\":\"Organization\",\"@id\":\"https:\\\/\\\/premiumline-cabling.com\\\/#organization\",\"name\":\"Premium-Line\",\"url\":\"https:\\\/\\\/premiumline-cabling.com\\\/\",\"logo\":{\"@type\":\"ImageObject\",\"inLanguage\":\"fr-FR\",\"@id\":\"https:\\\/\\\/premiumline-cabling.com\\\/#\\\/schema\\\/logo\\\/image\\\/\",\"url\":\"https:\\\/\\\/premiumline-cabling.com\\\/wp-content\\\/uploads\\\/2019\\\/04\\\/cropped-img_logo_site_Premium-Line.png\",\"contentUrl\":\"https:\\\/\\\/premiumline-cabling.com\\\/wp-content\\\/uploads\\\/2019\\\/04\\\/cropped-img_logo_site_Premium-Line.png\",\"width\":190,\"height\":62,\"caption\":\"Premium-Line\"},\"image\":{\"@id\":\"https:\\\/\\\/premiumline-cabling.com\\\/#\\\/schema\\\/logo\\\/image\\\/\"}}]}<\/script>\n<!-- \/ Yoast SEO plugin. -->","yoast_head_json":{"title":"C\u00e2ble \u00e0 fibre optique Premium-Line Figure 8, 9\/125um G652D","description":"Ce type de c\u00e2ble utilise un fil messager sup\u00e9rieur pour prendre en charge le c\u00e2blage a\u00e9rien. Il est con\u00e7u pour les endroits o\u00f9 le vent est fort ou m\u00eame le climat glac\u00e9.","robots":{"index":"index","follow":"follow","max-snippet":"max-snippet:-1","max-image-preview":"max-image-preview:large","max-video-preview":"max-video-preview:-1"},"canonical":"https:\/\/premiumline-cabling.com\/fr\/product\/figure-8-9-125um-g652d\/","og_locale":"fr_FR","og_type":"article","og_title":"C\u00e2ble \u00e0 fibre optique Premium-Line Figure 8, 9\/125um G652D","og_description":"Ce type de c\u00e2ble utilise un fil messager sup\u00e9rieur pour prendre en charge le c\u00e2blage a\u00e9rien. Il est con\u00e7u pour les endroits o\u00f9 le vent est fort ou m\u00eame le climat glac\u00e9.","og_url":"https:\/\/premiumline-cabling.com\/fr\/product\/figure-8-9-125um-g652d\/","og_site_name":"Premium-Line","article_modified_time":"2023-12-14T14:40:04+00:00","og_image":[{"width":430,"height":220,"url":"https:\/\/premiumline-cabling.com\/wp-content\/uploads\/2019\/01\/img_Premium-Line_Figure-8-Fiber-Optic-Cable.jpg","type":"image\/jpeg"}],"twitter_card":"summary_large_image","twitter_misc":{"Dur\u00e9e de lecture estim\u00e9e":"2 minutes"},"schema":{"@context":"https:\/\/schema.org","@graph":[{"@type":"WebPage","@id":"https:\/\/premiumline-cabling.com\/fr\/product\/figure-8-9-125um-g652d\/","url":"https:\/\/premiumline-cabling.com\/fr\/product\/figure-8-9-125um-g652d\/","name":"C\u00e2ble \u00e0 fibre optique Premium-Line Figure 8, 9\/125um G652D","isPartOf":{"@id":"https:\/\/premiumline-cabling.com\/#website"},"primaryImageOfPage":{"@id":"https:\/\/premiumline-cabling.com\/fr\/product\/figure-8-9-125um-g652d\/#primaryimage"},"image":{"@id":"https:\/\/premiumline-cabling.com\/fr\/product\/figure-8-9-125um-g652d\/#primaryimage"},"thumbnailUrl":"https:\/\/premiumline-cabling.com\/wp-content\/uploads\/2019\/01\/img_Premium-Line_Figure-8-Fiber-Optic-Cable.jpg","datePublished":"2019-01-15T17:41:47+00:00","dateModified":"2023-12-14T14:40:04+00:00","description":"Ce type de c\u00e2ble utilise un fil messager sup\u00e9rieur pour prendre en charge le c\u00e2blage a\u00e9rien. Il est con\u00e7u pour les endroits o\u00f9 le vent est fort ou m\u00eame le climat glac\u00e9.","breadcrumb":{"@id":"https:\/\/premiumline-cabling.com\/fr\/product\/figure-8-9-125um-g652d\/#breadcrumb"},"inLanguage":"fr-FR","potentialAction":[{"@type":"ReadAction","target":["https:\/\/premiumline-cabling.com\/fr\/product\/figure-8-9-125um-g652d\/"]}]},{"@type":"ImageObject","inLanguage":"fr-FR","@id":"https:\/\/premiumline-cabling.com\/fr\/product\/figure-8-9-125um-g652d\/#primaryimage","url":"https:\/\/premiumline-cabling.com\/wp-content\/uploads\/2019\/01\/img_Premium-Line_Figure-8-Fiber-Optic-Cable.jpg","contentUrl":"https:\/\/premiumline-cabling.com\/wp-content\/uploads\/2019\/01\/img_Premium-Line_Figure-8-Fiber-Optic-Cable.jpg","width":430,"height":220},{"@type":"BreadcrumbList","@id":"https:\/\/premiumline-cabling.com\/fr\/product\/figure-8-9-125um-g652d\/#breadcrumb","itemListElement":[{"@type":"ListItem","position":1,"name":"\u0413\u043b\u0430\u0432\u043d\u0430\u044f \u0441\u0442\u0440\u0430\u043d\u0438\u0446\u0430","item":"https:\/\/premiumline-cabling.com\/fr\/"},{"@type":"ListItem","position":2,"name":"Figure 8, 9\/125um G652D"}]},{"@type":"WebSite","@id":"https:\/\/premiumline-cabling.com\/#website","url":"https:\/\/premiumline-cabling.com\/","name":"Premium-Line","description":"Structured Cabling System","publisher":{"@id":"https:\/\/premiumline-cabling.com\/#organization"},"potentialAction":[{"@type":"SearchAction","target":{"@type":"EntryPoint","urlTemplate":"https:\/\/premiumline-cabling.com\/?s={search_term_string}"},"query-input":{"@type":"PropertyValueSpecification","valueRequired":true,"valueName":"search_term_string"}}],"inLanguage":"fr-FR"},{"@type":"Organization","@id":"https:\/\/premiumline-cabling.com\/#organization","name":"Premium-Line","url":"https:\/\/premiumline-cabling.com\/","logo":{"@type":"ImageObject","inLanguage":"fr-FR","@id":"https:\/\/premiumline-cabling.com\/#\/schema\/logo\/image\/","url":"https:\/\/premiumline-cabling.com\/wp-content\/uploads\/2019\/04\/cropped-img_logo_site_Premium-Line.png","contentUrl":"https:\/\/premiumline-cabling.com\/wp-content\/uploads\/2019\/04\/cropped-img_logo_site_Premium-Line.png","width":190,"height":62,"caption":"Premium-Line"},"image":{"@id":"https:\/\/premiumline-cabling.com\/#\/schema\/logo\/image\/"}}]}},"_links":{"self":[{"href":"https:\/\/premiumline-cabling.com\/fr\/wp-json\/wp\/v2\/product\/20655","targetHints":{"allow":["GET"]}}],"collection":[{"href":"https:\/\/premiumline-cabling.com\/fr\/wp-json\/wp\/v2\/product"}],"about":[{"href":"https:\/\/premiumline-cabling.com\/fr\/wp-json\/wp\/v2\/types\/product"}],"wp:featuredmedia":[{"embeddable":true,"href":"https:\/\/premiumline-cabling.com\/fr\/wp-json\/wp\/v2\/media\/20657"}],"wp:attachment":[{"href":"https:\/\/premiumline-cabling.com\/fr\/wp-json\/wp\/v2\/media?parent=20655"}],"wp:term":[{"taxonomy":"product_category","embeddable":true,"href":"https:\/\/premiumline-cabling.com\/fr\/wp-json\/wp\/v2\/product_category?post=20655"}],"curies":[{"name":"wp","href":"https:\/\/api.w.org\/{rel}","templated":true}]}}