{"id":20650,"date":"2019-01-15T18:47:20","date_gmt":"2019-01-15T17:47:20","guid":{"rendered":"https:\/\/premiumline-cabling.com\/product\/multi-tube-blinde-en-acier-exterieur\/"},"modified":"2023-12-06T17:55:43","modified_gmt":"2023-12-06T16:55:43","slug":"multi-tube-blinde-en-acier-exterieur","status":"publish","type":"product","link":"https:\/\/premiumline-cabling.com\/fr\/product\/multi-tube-blinde-en-acier-exterieur\/","title":{"rendered":"Multi-tube blind\u00e9 en acier ext\u00e9rieur"},"content":{"rendered":"<p><a href=\"https:\/\/premiumline-cabling.com\/wp-content\/uploads\/2019\/01\/PL_img_csm_wide-area-network-265223004_05_55d407b67f.jpg\"><noscript><img decoding=\"async\" class=\"alignright wp-image-471 size-medium\" src=\"https:\/\/premiumline-cabling.com\/wp-content\/uploads\/2019\/01\/PL_img_csm_wide-area-network-265223004_05_55d407b67f-300x168.jpg\" alt width=\"300\" height=\"168\" srcset=\"https:\/\/premiumline-cabling.com\/wp-content\/uploads\/2019\/01\/PL_img_csm_wide-area-network-265223004_05_55d407b67f-300x168.jpg 300w, https:\/\/premiumline-cabling.com\/wp-content\/uploads\/2019\/01\/PL_img_csm_wide-area-network-265223004_05_55d407b67f-768x431.jpg 768w, https:\/\/premiumline-cabling.com\/wp-content\/uploads\/2019\/01\/PL_img_csm_wide-area-network-265223004_05_55d407b67f-430x240.jpg 430w, https:\/\/premiumline-cabling.com\/wp-content\/uploads\/2019\/01\/PL_img_csm_wide-area-network-265223004_05_55d407b67f-382x214.jpg 382w, https:\/\/premiumline-cabling.com\/wp-content\/uploads\/2019\/01\/PL_img_csm_wide-area-network-265223004_05_55d407b67f.jpg 800w\" sizes=\"(max-width: 300px) 100vw, 300px\"><\/noscript><img decoding=\"async\" class=\"alignright wp-image-471 size-medium lazyload\" src=\"data:image\/svg+xml,%3Csvg%20xmlns%3D%22http%3A%2F%2Fwww.w3.org%2F2000%2Fsvg%22%20viewBox%3D%220%200%20300%20168%22%3E%3C%2Fsvg%3E\" alt width=\"300\" height=\"168\" srcset=\"data:image\/svg+xml,%3Csvg%20xmlns%3D%22http%3A%2F%2Fwww.w3.org%2F2000%2Fsvg%22%20viewBox%3D%220%200%20300%20168%22%3E%3C%2Fsvg%3E 300w\" sizes=\"(max-width: 300px) 100vw, 300px\" data-srcset=\"https:\/\/premiumline-cabling.com\/wp-content\/uploads\/2019\/01\/PL_img_csm_wide-area-network-265223004_05_55d407b67f-300x168.jpg 300w, https:\/\/premiumline-cabling.com\/wp-content\/uploads\/2019\/01\/PL_img_csm_wide-area-network-265223004_05_55d407b67f-768x431.jpg 768w, https:\/\/premiumline-cabling.com\/wp-content\/uploads\/2019\/01\/PL_img_csm_wide-area-network-265223004_05_55d407b67f-430x240.jpg 430w, https:\/\/premiumline-cabling.com\/wp-content\/uploads\/2019\/01\/PL_img_csm_wide-area-network-265223004_05_55d407b67f-382x214.jpg 382w, https:\/\/premiumline-cabling.com\/wp-content\/uploads\/2019\/01\/PL_img_csm_wide-area-network-265223004_05_55d407b67f.jpg 800w\" data-src=\"https:\/\/premiumline-cabling.com\/wp-content\/uploads\/2019\/01\/PL_img_csm_wide-area-network-265223004_05_55d407b67f-300x168.jpg\"><\/a>Installez le c\u00e2ble \u00e0 fibre optique \u00e0 l\u2019int\u00e9rieur des conduits existants, cela n\u00e9cessite une excellente r\u00e9sistance \u00e0 la traction ainsi qu\u2019un ruban d\u2019acier suppl\u00e9mentaire blind\u00e9 contre les rongeurs. Ce type de c\u00e2ble \u00e0 fibre optique est \u00e9galement disponible pour le c\u00e2blage de campus.<\/p>\n<p>&nbsp;<\/p>\n<p>&nbsp;<\/p>\n<p>&nbsp;<\/p>\n<h3><span style=\"color: #a13737;\"><strong><u>Plus d&#8217;informations (cliquez sur le signe &#8220;+&#8221; ci-dessous)<\/u><\/strong><\/span><\/h3>\n","protected":false},"featured_media":20652,"template":"","product_category":[438],"class_list":["post-20650","product","type-product","status-publish","has-post-thumbnail","hentry","product_category-reseau-etendu"],"yoast_head":"<!-- This site is optimized with the Yoast SEO plugin v27.2 - https:\/\/yoast.com\/product\/yoast-seo-wordpress\/ -->\n<title>C\u00e2ble \u00e0 fibre optique multitube blind\u00e9 en acier ext\u00e9rieur<\/title>\n<meta name=\"description\" content=\"Installez le c\u00e2ble \u00e0 fibre optique \u00e0 l\u2019int\u00e9rieur des conduits existants, cela n\u00e9cessite une excellente r\u00e9sistance \u00e0 la traction ainsi qu\u2019un ruban d\u2019acier suppl\u00e9mentaire blind\u00e9 contre les rongeurs.\" \/>\n<meta name=\"robots\" content=\"index, follow, max-snippet:-1, max-image-preview:large, max-video-preview:-1\" \/>\n<link rel=\"canonical\" href=\"https:\/\/premiumline-cabling.com\/fr\/product\/multi-tube-blinde-en-acier-exterieur\/\" \/>\n<meta property=\"og:locale\" content=\"fr_FR\" \/>\n<meta property=\"og:type\" content=\"article\" \/>\n<meta property=\"og:title\" content=\"C\u00e2ble \u00e0 fibre optique multitube blind\u00e9 en acier ext\u00e9rieur\" \/>\n<meta property=\"og:description\" content=\"Installez le c\u00e2ble \u00e0 fibre optique \u00e0 l\u2019int\u00e9rieur des conduits existants, cela n\u00e9cessite une excellente r\u00e9sistance \u00e0 la traction ainsi qu\u2019un ruban d\u2019acier suppl\u00e9mentaire blind\u00e9 contre les rongeurs.\" \/>\n<meta property=\"og:url\" content=\"https:\/\/premiumline-cabling.com\/fr\/product\/multi-tube-blinde-en-acier-exterieur\/\" \/>\n<meta property=\"og:site_name\" content=\"Premium-Line\" \/>\n<meta property=\"article:modified_time\" content=\"2023-12-06T16:55:43+00:00\" \/>\n<meta property=\"og:image\" content=\"https:\/\/premiumline-cabling.com\/wp-content\/uploads\/2019\/01\/img_Premium-Line_Outdoor-Steel-Armored-Multi-tube-1.jpg\" \/>\n\t<meta property=\"og:image:width\" content=\"283\" \/>\n\t<meta property=\"og:image:height\" content=\"220\" \/>\n\t<meta property=\"og:image:type\" content=\"image\/jpeg\" \/>\n<meta name=\"twitter:card\" content=\"summary_large_image\" \/>\n<meta name=\"twitter:label1\" content=\"Dur\u00e9e de lecture estim\u00e9e\" \/>\n\t<meta name=\"twitter:data1\" content=\"1 minute\" \/>\n<script type=\"application\/ld+json\" class=\"yoast-schema-graph\">{\"@context\":\"https:\/\/schema.org\",\"@graph\":[{\"@type\":\"WebPage\",\"@id\":\"https:\/\/premiumline-cabling.com\/fr\/product\/multi-tube-blinde-en-acier-exterieur\/\",\"url\":\"https:\/\/premiumline-cabling.com\/fr\/product\/multi-tube-blinde-en-acier-exterieur\/\",\"name\":\"C\u00e2ble \u00e0 fibre optique multitube blind\u00e9 en acier ext\u00e9rieur\",\"isPartOf\":{\"@id\":\"https:\/\/premiumline-cabling.com\/#website\"},\"primaryImageOfPage\":{\"@id\":\"https:\/\/premiumline-cabling.com\/fr\/product\/multi-tube-blinde-en-acier-exterieur\/#primaryimage\"},\"image\":{\"@id\":\"https:\/\/premiumline-cabling.com\/fr\/product\/multi-tube-blinde-en-acier-exterieur\/#primaryimage\"},\"thumbnailUrl\":\"https:\/\/premiumline-cabling.com\/wp-content\/uploads\/2019\/01\/img_Premium-Line_Outdoor-Steel-Armored-Multi-tube-1.jpg\",\"datePublished\":\"2019-01-15T17:47:20+00:00\",\"dateModified\":\"2023-12-06T16:55:43+00:00\",\"description\":\"Installez le c\u00e2ble \u00e0 fibre optique \u00e0 l\u2019int\u00e9rieur des conduits existants, cela n\u00e9cessite une excellente r\u00e9sistance \u00e0 la traction ainsi qu\u2019un ruban d\u2019acier suppl\u00e9mentaire blind\u00e9 contre les rongeurs.\",\"breadcrumb\":{\"@id\":\"https:\/\/premiumline-cabling.com\/fr\/product\/multi-tube-blinde-en-acier-exterieur\/#breadcrumb\"},\"inLanguage\":\"fr-FR\",\"potentialAction\":[{\"@type\":\"ReadAction\",\"target\":[\"https:\/\/premiumline-cabling.com\/fr\/product\/multi-tube-blinde-en-acier-exterieur\/\"]}]},{\"@type\":\"ImageObject\",\"inLanguage\":\"fr-FR\",\"@id\":\"https:\/\/premiumline-cabling.com\/fr\/product\/multi-tube-blinde-en-acier-exterieur\/#primaryimage\",\"url\":\"https:\/\/premiumline-cabling.com\/wp-content\/uploads\/2019\/01\/img_Premium-Line_Outdoor-Steel-Armored-Multi-tube-1.jpg\",\"contentUrl\":\"https:\/\/premiumline-cabling.com\/wp-content\/uploads\/2019\/01\/img_Premium-Line_Outdoor-Steel-Armored-Multi-tube-1.jpg\",\"width\":283,\"height\":220},{\"@type\":\"BreadcrumbList\",\"@id\":\"https:\/\/premiumline-cabling.com\/fr\/product\/multi-tube-blinde-en-acier-exterieur\/#breadcrumb\",\"itemListElement\":[{\"@type\":\"ListItem\",\"position\":1,\"name\":\"\u0413\u043b\u0430\u0432\u043d\u0430\u044f \u0441\u0442\u0440\u0430\u043d\u0438\u0446\u0430\",\"item\":\"https:\/\/premiumline-cabling.com\/fr\/\"},{\"@type\":\"ListItem\",\"position\":2,\"name\":\"Multi-tube blind\u00e9 en acier ext\u00e9rieur\"}]},{\"@type\":\"WebSite\",\"@id\":\"https:\/\/premiumline-cabling.com\/#website\",\"url\":\"https:\/\/premiumline-cabling.com\/\",\"name\":\"Premium-Line\",\"description\":\"Structured Cabling System\",\"publisher\":{\"@id\":\"https:\/\/premiumline-cabling.com\/#organization\"},\"potentialAction\":[{\"@type\":\"SearchAction\",\"target\":{\"@type\":\"EntryPoint\",\"urlTemplate\":\"https:\/\/premiumline-cabling.com\/?s={search_term_string}\"},\"query-input\":{\"@type\":\"PropertyValueSpecification\",\"valueRequired\":true,\"valueName\":\"search_term_string\"}}],\"inLanguage\":\"fr-FR\"},{\"@type\":\"Organization\",\"@id\":\"https:\/\/premiumline-cabling.com\/#organization\",\"name\":\"Premium-Line\",\"url\":\"https:\/\/premiumline-cabling.com\/\",\"logo\":{\"@type\":\"ImageObject\",\"inLanguage\":\"fr-FR\",\"@id\":\"https:\/\/premiumline-cabling.com\/#\/schema\/logo\/image\/\",\"url\":\"https:\/\/premiumline-cabling.com\/wp-content\/uploads\/2019\/04\/cropped-img_logo_site_Premium-Line.png\",\"contentUrl\":\"https:\/\/premiumline-cabling.com\/wp-content\/uploads\/2019\/04\/cropped-img_logo_site_Premium-Line.png\",\"width\":190,\"height\":62,\"caption\":\"Premium-Line\"},\"image\":{\"@id\":\"https:\/\/premiumline-cabling.com\/#\/schema\/logo\/image\/\"}}]}<\/script>\n<!-- \/ Yoast SEO plugin. -->","yoast_head_json":{"title":"C\u00e2ble \u00e0 fibre optique multitube blind\u00e9 en acier ext\u00e9rieur","description":"Installez le c\u00e2ble \u00e0 fibre optique \u00e0 l\u2019int\u00e9rieur des conduits existants, cela n\u00e9cessite une excellente r\u00e9sistance \u00e0 la traction ainsi qu\u2019un ruban d\u2019acier suppl\u00e9mentaire blind\u00e9 contre les rongeurs.","robots":{"index":"index","follow":"follow","max-snippet":"max-snippet:-1","max-image-preview":"max-image-preview:large","max-video-preview":"max-video-preview:-1"},"canonical":"https:\/\/premiumline-cabling.com\/fr\/product\/multi-tube-blinde-en-acier-exterieur\/","og_locale":"fr_FR","og_type":"article","og_title":"C\u00e2ble \u00e0 fibre optique multitube blind\u00e9 en acier ext\u00e9rieur","og_description":"Installez le c\u00e2ble \u00e0 fibre optique \u00e0 l\u2019int\u00e9rieur des conduits existants, cela n\u00e9cessite une excellente r\u00e9sistance \u00e0 la traction ainsi qu\u2019un ruban d\u2019acier suppl\u00e9mentaire blind\u00e9 contre les rongeurs.","og_url":"https:\/\/premiumline-cabling.com\/fr\/product\/multi-tube-blinde-en-acier-exterieur\/","og_site_name":"Premium-Line","article_modified_time":"2023-12-06T16:55:43+00:00","og_image":[{"width":283,"height":220,"url":"https:\/\/premiumline-cabling.com\/wp-content\/uploads\/2019\/01\/img_Premium-Line_Outdoor-Steel-Armored-Multi-tube-1.jpg","type":"image\/jpeg"}],"twitter_card":"summary_large_image","twitter_misc":{"Dur\u00e9e de lecture estim\u00e9e":"1 minute"},"schema":{"@context":"https:\/\/schema.org","@graph":[{"@type":"WebPage","@id":"https:\/\/premiumline-cabling.com\/fr\/product\/multi-tube-blinde-en-acier-exterieur\/","url":"https:\/\/premiumline-cabling.com\/fr\/product\/multi-tube-blinde-en-acier-exterieur\/","name":"C\u00e2ble \u00e0 fibre optique multitube blind\u00e9 en acier ext\u00e9rieur","isPartOf":{"@id":"https:\/\/premiumline-cabling.com\/#website"},"primaryImageOfPage":{"@id":"https:\/\/premiumline-cabling.com\/fr\/product\/multi-tube-blinde-en-acier-exterieur\/#primaryimage"},"image":{"@id":"https:\/\/premiumline-cabling.com\/fr\/product\/multi-tube-blinde-en-acier-exterieur\/#primaryimage"},"thumbnailUrl":"https:\/\/premiumline-cabling.com\/wp-content\/uploads\/2019\/01\/img_Premium-Line_Outdoor-Steel-Armored-Multi-tube-1.jpg","datePublished":"2019-01-15T17:47:20+00:00","dateModified":"2023-12-06T16:55:43+00:00","description":"Installez le c\u00e2ble \u00e0 fibre optique \u00e0 l\u2019int\u00e9rieur des conduits existants, cela n\u00e9cessite une excellente r\u00e9sistance \u00e0 la traction ainsi qu\u2019un ruban d\u2019acier suppl\u00e9mentaire blind\u00e9 contre les rongeurs.","breadcrumb":{"@id":"https:\/\/premiumline-cabling.com\/fr\/product\/multi-tube-blinde-en-acier-exterieur\/#breadcrumb"},"inLanguage":"fr-FR","potentialAction":[{"@type":"ReadAction","target":["https:\/\/premiumline-cabling.com\/fr\/product\/multi-tube-blinde-en-acier-exterieur\/"]}]},{"@type":"ImageObject","inLanguage":"fr-FR","@id":"https:\/\/premiumline-cabling.com\/fr\/product\/multi-tube-blinde-en-acier-exterieur\/#primaryimage","url":"https:\/\/premiumline-cabling.com\/wp-content\/uploads\/2019\/01\/img_Premium-Line_Outdoor-Steel-Armored-Multi-tube-1.jpg","contentUrl":"https:\/\/premiumline-cabling.com\/wp-content\/uploads\/2019\/01\/img_Premium-Line_Outdoor-Steel-Armored-Multi-tube-1.jpg","width":283,"height":220},{"@type":"BreadcrumbList","@id":"https:\/\/premiumline-cabling.com\/fr\/product\/multi-tube-blinde-en-acier-exterieur\/#breadcrumb","itemListElement":[{"@type":"ListItem","position":1,"name":"\u0413\u043b\u0430\u0432\u043d\u0430\u044f \u0441\u0442\u0440\u0430\u043d\u0438\u0446\u0430","item":"https:\/\/premiumline-cabling.com\/fr\/"},{"@type":"ListItem","position":2,"name":"Multi-tube blind\u00e9 en acier ext\u00e9rieur"}]},{"@type":"WebSite","@id":"https:\/\/premiumline-cabling.com\/#website","url":"https:\/\/premiumline-cabling.com\/","name":"Premium-Line","description":"Structured Cabling System","publisher":{"@id":"https:\/\/premiumline-cabling.com\/#organization"},"potentialAction":[{"@type":"SearchAction","target":{"@type":"EntryPoint","urlTemplate":"https:\/\/premiumline-cabling.com\/?s={search_term_string}"},"query-input":{"@type":"PropertyValueSpecification","valueRequired":true,"valueName":"search_term_string"}}],"inLanguage":"fr-FR"},{"@type":"Organization","@id":"https:\/\/premiumline-cabling.com\/#organization","name":"Premium-Line","url":"https:\/\/premiumline-cabling.com\/","logo":{"@type":"ImageObject","inLanguage":"fr-FR","@id":"https:\/\/premiumline-cabling.com\/#\/schema\/logo\/image\/","url":"https:\/\/premiumline-cabling.com\/wp-content\/uploads\/2019\/04\/cropped-img_logo_site_Premium-Line.png","contentUrl":"https:\/\/premiumline-cabling.com\/wp-content\/uploads\/2019\/04\/cropped-img_logo_site_Premium-Line.png","width":190,"height":62,"caption":"Premium-Line"},"image":{"@id":"https:\/\/premiumline-cabling.com\/#\/schema\/logo\/image\/"}}]}},"_links":{"self":[{"href":"https:\/\/premiumline-cabling.com\/fr\/wp-json\/wp\/v2\/product\/20650","targetHints":{"allow":["GET"]}}],"collection":[{"href":"https:\/\/premiumline-cabling.com\/fr\/wp-json\/wp\/v2\/product"}],"about":[{"href":"https:\/\/premiumline-cabling.com\/fr\/wp-json\/wp\/v2\/types\/product"}],"wp:featuredmedia":[{"embeddable":true,"href":"https:\/\/premiumline-cabling.com\/fr\/wp-json\/wp\/v2\/media\/20652"}],"wp:attachment":[{"href":"https:\/\/premiumline-cabling.com\/fr\/wp-json\/wp\/v2\/media?parent=20650"}],"wp:term":[{"taxonomy":"product_category","embeddable":true,"href":"https:\/\/premiumline-cabling.com\/fr\/wp-json\/wp\/v2\/product_category?post=20650"}],"curies":[{"name":"wp","href":"https:\/\/api.w.org\/{rel}","templated":true}]}}