{"id":20642,"date":"2019-01-15T18:50:00","date_gmt":"2019-01-15T17:50:00","guid":{"rendered":"https:\/\/premiumline-cabling.com\/product\/boitier-d-epissure-de-type-dome\/"},"modified":"2023-12-14T16:01:43","modified_gmt":"2023-12-14T15:01:43","slug":"boitier-d-epissure-de-type-dome","status":"publish","type":"product","link":"https:\/\/premiumline-cabling.com\/fr\/product\/boitier-d-epissure-de-type-dome\/","title":{"rendered":"Bo\u00eetier d\u2019\u00e9pissure de type d\u00f4me"},"content":{"rendered":"<div id=\"attachment_474\" style=\"width: 210px\" class=\"wp-caption alignright\"><a href=\"https:\/\/premiumline-cabling.com\/wp-content\/uploads\/2019\/01\/PL_img_csm_wide-area-network-541242402_3876c492b7.jpg\"><noscript><img decoding=\"async\" aria-describedby=\"caption-attachment-474\" class=\"wp-image-474 size-full\" src=\"https:\/\/premiumline-cabling.com\/wp-content\/uploads\/2019\/01\/PL_img_csm_wide-area-network-541242402_3876c492b7.jpg\" alt width=\"200\" height=\"267\"><\/noscript><img decoding=\"async\" aria-describedby=\"caption-attachment-474\" class=\"wp-image-474 size-full lazyload\" src=\"data:image\/svg+xml,%3Csvg%20xmlns%3D%22http%3A%2F%2Fwww.w3.org%2F2000%2Fsvg%22%20viewBox%3D%220%200%20200%20267%22%3E%3C%2Fsvg%3E\" alt width=\"200\" height=\"267\" data-src=\"https:\/\/premiumline-cabling.com\/wp-content\/uploads\/2019\/01\/PL_img_csm_wide-area-network-541242402_3876c492b7.jpg\"><\/a><p id=\"caption-attachment-474\" class=\"wp-caption-text\">541242402<\/p><\/div>\n<p class=\"bodytext\">Le bo\u00eetier d\u2019\u00e9pissure de type d\u00f4me \u00e0 fibre optique Premium-Line est de conception herm\u00e9tiquement scell\u00e9e, facile \u00e0 assembler et \u00e0 rentrer. La fermeture est con\u00e7ue avec une plaque d\u2019extr\u00e9mit\u00e9 fendue \u00e0 joint pour une application de c\u00e2ble \u00e0 acc\u00e8s moyen et comprend un panier de rangement int\u00e9gr\u00e9. Max. Les plateaux d\u2019\u00e9pissure 6 * 24 noyaux prennent en charge jusqu\u2019\u00e0 144 noyaux d\u2019\u00e9pissure \u00e0 l\u2019int\u00e9rieur et n\u2019ont pas besoin d\u2019outils sp\u00e9ciaux pour la fixation ou le d\u00e9chargement des plateaux. Ce type de bo\u00eetier est disponible pour une application de montage a\u00e9rien ou mural.<\/p>\n<h3>CARACT\u00c9RISTIQUES:<\/h3>\n<ul>\n<li>\u00c9tanch\u00e9it\u00e9 m\u00e9canique fiable pour emp\u00eacher la p\u00e9n\u00e9tration de liquide ou de vapeur<\/li>\n<li>Facile \u00e0 ouvrir et \u00e0 rouvrir<\/li>\n<li>Disponible en 2 entr\u00e9es, 2 sorties et 3 entr\u00e9es, 3 sorties<\/li>\n<li>Capacit\u00e9 du plateau d\u2019\u00e9pissure : 24 c\u0153urs<\/li>\n<li>Type de sortie 2 entr\u00e9es 2 jusqu\u2019\u00e0 72 c\u0153urs, type 3 entr\u00e9es 3 sorties jusqu\u2019\u00e0 144 c\u0153urs<\/li>\n<li>Fabriqu\u00e9 \u00e0 partir d\u2019un mat\u00e9riau d\u2019ing\u00e9nierie \u00e0 haute r\u00e9sistance pour r\u00e9sister aux chocs ou aux coups<\/li>\n<\/ul>\n<h3>CANDIDATURES:<\/h3>\n<ul>\n<li>Convient aux applications a\u00e9riennes, en conduit et enterr\u00e9es directement dans le sol<\/li>\n<\/ul>\n<h3>COMPOSANTS:<\/h3>\n<table>\n<tbody>\n<tr>\n<td width=\"259\"><strong>Accessoires<\/strong><\/td>\n<td width=\"168\"><strong>Quantit\u00e9<\/strong><\/td>\n<td width=\"216\"><strong>Remarques<\/strong><\/td>\n<\/tr>\n<tr>\n<td width=\"259\">Manchon de fixation thermor\u00e9tractable\n<p>(pour une seule entr\u00e9e\/sortie plus large)<\/p><\/td>\n<td width=\"168\">1 jeu<\/td>\n<td width=\"216\">Prot\u00e9gez l\u2019entr\u00e9e\/sortie de l\u2019eau et de la poussi\u00e8re<\/td>\n<\/tr>\n<tr>\n<td width=\"259\">Manchon de fixation thermor\u00e9tractable\n<p>(pour le reste rond entr\u00e9e\/sortie)<\/p><\/td>\n<td width=\"168\">3 pi\u00e8ces<\/td>\n<td width=\"216\">Prot\u00e9gez l\u2019entr\u00e9e\/sortie de l\u2019eau et de la poussi\u00e8re<\/td>\n<\/tr>\n<tr>\n<td width=\"259\">Clip de ramification<\/td>\n<td width=\"168\">1 jeu<\/td>\n<td width=\"216\">C\u00e2bles \u00e0 fibres optiques de d\u00e9rivation<\/td>\n<\/tr>\n<tr>\n<td width=\"259\">Fil de mise \u00e0 la terre<\/td>\n<td width=\"168\">1 pi\u00e8ce<\/td>\n<td width=\"216\">&#8211;<\/td>\n<\/tr>\n<tr>\n<td width=\"259\">Papier d\u2019\u00e9tiquetage<\/td>\n<td width=\"168\">1 pi\u00e8ce<\/td>\n<td width=\"216\">&#8211;<\/td>\n<\/tr>\n<tr>\n<td width=\"259\">Cl\u00e9 sp\u00e9ciale<\/td>\n<td width=\"168\">1 pi\u00e8ce<\/td>\n<td width=\"216\">&#8211;<\/td>\n<\/tr>\n<tr>\n<td width=\"259\">Cerceau en m\u00e9tal<\/td>\n<td width=\"168\">1 jeu<\/td>\n<td width=\"216\">&#8211;<\/td>\n<\/tr>\n<tr>\n<td width=\"259\">Papier aluminium<\/td>\n<td width=\"168\">1 pi\u00e8ce<\/td>\n<td width=\"216\">&#8211;<\/td>\n<\/tr>\n<tr>\n<td width=\"259\">Gaine thermor\u00e9tractable<\/td>\n<td width=\"168\">24, 48, 72, 96, 144, 288 pi\u00e8ces<\/td>\n<td width=\"216\">&#8211;<\/td>\n<\/tr>\n<\/tbody>\n<\/table>\n<h3>LES INFORMATIONS RELATIVES \u00c0 LA COMMANDE:<\/h3>\n<table>\n<tbody>\n<tr>\n<td width=\"160\">N\u00b0 de pi\u00e8ce<\/td>\n<td width=\"463\">541xy2402<\/td>\n<\/tr>\n<tr>\n<td width=\"160\">Description<\/td>\n<td width=\"463\">Bo\u00eetier d\u2019\u00e9pissure de type d\u00f4me \u00e0 fibre optique Premium Line, noir<\/td>\n<\/tr>\n<tr>\n<td width=\"160\">x : Emplacement du c\u00e2ble<\/td>\n<td width=\"463\">1 : 2 pouces, 2 sorties 2 : 3 entr\u00e9es, 3 sorties 4 : 4 pouces, 3 sorties<\/td>\n<\/tr>\n<tr>\n<td width=\"160\">Y : capacit\u00e9 d\u2019\u00e9pissure<\/td>\n<td width=\"463\">1 : 24 c\u0153urs 2 : 48 c\u0153urs 3 : 72 c\u0153urs 4 : 96 c\u0153urs 6 : 144 c\u0153urs 8 : 288 c\u0153urs<\/td>\n<\/tr>\n<tr>\n<td width=\"160\">emballage<\/td>\n<td width=\"463\">24 ~ 96 noyaux, 10 pcs\/carton, taille du carton 88,5 * 42 * 47,5 cm<\/td>\n<\/tr>\n<tr>\n<td width=\"160\"><\/td>\n<td width=\"463\">144 ~ 288 noyaux, 6 pcs\/carton, taille du carton 69,5 * 44 * 52 cm<\/td>\n<\/tr>\n<\/tbody>\n<\/table>\n<h3><span style=\"color: #a13737;\"><strong><u>Plus d&#8217;informations (cliquez sur le signe &#8220;+&#8221; ci-dessous)<\/u><\/strong><\/span><\/h3>\n","protected":false},"featured_media":20645,"template":"","product_category":[438],"class_list":["post-20642","product","type-product","status-publish","has-post-thumbnail","hentry","product_category-reseau-etendu"],"yoast_head":"<!-- This site is optimized with the Yoast SEO plugin v27.4 - https:\/\/yoast.com\/product\/yoast-seo-wordpress\/ -->\n<title>Bo\u00eetier d\u2019\u00e9pissure de type d\u00f4me \u00e0 fibre optique de qualit\u00e9 sup\u00e9rieure<\/title>\n<meta name=\"description\" content=\"Le bo\u00eetier d\u2019\u00e9pissure de type d\u00f4me \u00e0 fibre optique Premium-Line est de conception herm\u00e9tiquement scell\u00e9e, facile \u00e0 assembler et \u00e0 rentrer. En savoir plus !\" \/>\n<meta name=\"robots\" content=\"index, follow, max-snippet:-1, max-image-preview:large, max-video-preview:-1\" \/>\n<link rel=\"canonical\" href=\"https:\/\/premiumline-cabling.com\/fr\/product\/boitier-d-epissure-de-type-dome\/\" \/>\n<meta property=\"og:locale\" content=\"fr_FR\" \/>\n<meta property=\"og:type\" content=\"article\" \/>\n<meta property=\"og:title\" content=\"Bo\u00eetier d\u2019\u00e9pissure de type d\u00f4me \u00e0 fibre optique de qualit\u00e9 sup\u00e9rieure\" \/>\n<meta property=\"og:description\" content=\"Le bo\u00eetier d\u2019\u00e9pissure de type d\u00f4me \u00e0 fibre optique Premium-Line est de conception herm\u00e9tiquement scell\u00e9e, facile \u00e0 assembler et \u00e0 rentrer. En savoir plus !\" \/>\n<meta property=\"og:url\" content=\"https:\/\/premiumline-cabling.com\/fr\/product\/boitier-d-epissure-de-type-dome\/\" \/>\n<meta property=\"og:site_name\" content=\"Premium-Line\" \/>\n<meta property=\"article:modified_time\" content=\"2023-12-14T15:01:43+00:00\" \/>\n<meta property=\"og:image\" content=\"https:\/\/premiumline-cabling.com\/wp-content\/uploads\/2019\/01\/img_Premium-Line_fiber-single_mode2.jpg\" \/>\n\t<meta property=\"og:image:width\" content=\"283\" \/>\n\t<meta property=\"og:image:height\" content=\"220\" \/>\n\t<meta property=\"og:image:type\" content=\"image\/jpeg\" \/>\n<meta name=\"twitter:card\" content=\"summary_large_image\" \/>\n<meta name=\"twitter:label1\" content=\"Dur\u00e9e de lecture estim\u00e9e\" \/>\n\t<meta name=\"twitter:data1\" content=\"3 minutes\" \/>\n<script type=\"application\/ld+json\" class=\"yoast-schema-graph\">{\"@context\":\"https:\\\/\\\/schema.org\",\"@graph\":[{\"@type\":\"WebPage\",\"@id\":\"https:\\\/\\\/premiumline-cabling.com\\\/fr\\\/product\\\/boitier-d-epissure-de-type-dome\\\/\",\"url\":\"https:\\\/\\\/premiumline-cabling.com\\\/fr\\\/product\\\/boitier-d-epissure-de-type-dome\\\/\",\"name\":\"Bo\u00eetier d\u2019\u00e9pissure de type d\u00f4me \u00e0 fibre optique de qualit\u00e9 sup\u00e9rieure\",\"isPartOf\":{\"@id\":\"https:\\\/\\\/premiumline-cabling.com\\\/#website\"},\"primaryImageOfPage\":{\"@id\":\"https:\\\/\\\/premiumline-cabling.com\\\/fr\\\/product\\\/boitier-d-epissure-de-type-dome\\\/#primaryimage\"},\"image\":{\"@id\":\"https:\\\/\\\/premiumline-cabling.com\\\/fr\\\/product\\\/boitier-d-epissure-de-type-dome\\\/#primaryimage\"},\"thumbnailUrl\":\"https:\\\/\\\/premiumline-cabling.com\\\/wp-content\\\/uploads\\\/2019\\\/01\\\/img_Premium-Line_fiber-single_mode2.jpg\",\"datePublished\":\"2019-01-15T17:50:00+00:00\",\"dateModified\":\"2023-12-14T15:01:43+00:00\",\"description\":\"Le bo\u00eetier d\u2019\u00e9pissure de type d\u00f4me \u00e0 fibre optique Premium-Line est de conception herm\u00e9tiquement scell\u00e9e, facile \u00e0 assembler et \u00e0 rentrer. En savoir plus !\",\"breadcrumb\":{\"@id\":\"https:\\\/\\\/premiumline-cabling.com\\\/fr\\\/product\\\/boitier-d-epissure-de-type-dome\\\/#breadcrumb\"},\"inLanguage\":\"fr-FR\",\"potentialAction\":[{\"@type\":\"ReadAction\",\"target\":[\"https:\\\/\\\/premiumline-cabling.com\\\/fr\\\/product\\\/boitier-d-epissure-de-type-dome\\\/\"]}]},{\"@type\":\"ImageObject\",\"inLanguage\":\"fr-FR\",\"@id\":\"https:\\\/\\\/premiumline-cabling.com\\\/fr\\\/product\\\/boitier-d-epissure-de-type-dome\\\/#primaryimage\",\"url\":\"https:\\\/\\\/premiumline-cabling.com\\\/wp-content\\\/uploads\\\/2019\\\/01\\\/img_Premium-Line_fiber-single_mode2.jpg\",\"contentUrl\":\"https:\\\/\\\/premiumline-cabling.com\\\/wp-content\\\/uploads\\\/2019\\\/01\\\/img_Premium-Line_fiber-single_mode2.jpg\",\"width\":283,\"height\":220},{\"@type\":\"BreadcrumbList\",\"@id\":\"https:\\\/\\\/premiumline-cabling.com\\\/fr\\\/product\\\/boitier-d-epissure-de-type-dome\\\/#breadcrumb\",\"itemListElement\":[{\"@type\":\"ListItem\",\"position\":1,\"name\":\"\u0413\u043b\u0430\u0432\u043d\u0430\u044f \u0441\u0442\u0440\u0430\u043d\u0438\u0446\u0430\",\"item\":\"https:\\\/\\\/premiumline-cabling.com\\\/fr\\\/\"},{\"@type\":\"ListItem\",\"position\":2,\"name\":\"Bo\u00eetier d\u2019\u00e9pissure de type d\u00f4me\"}]},{\"@type\":\"WebSite\",\"@id\":\"https:\\\/\\\/premiumline-cabling.com\\\/#website\",\"url\":\"https:\\\/\\\/premiumline-cabling.com\\\/\",\"name\":\"Premium-Line\",\"description\":\"Structured Cabling System\",\"publisher\":{\"@id\":\"https:\\\/\\\/premiumline-cabling.com\\\/#organization\"},\"potentialAction\":[{\"@type\":\"SearchAction\",\"target\":{\"@type\":\"EntryPoint\",\"urlTemplate\":\"https:\\\/\\\/premiumline-cabling.com\\\/?s={search_term_string}\"},\"query-input\":{\"@type\":\"PropertyValueSpecification\",\"valueRequired\":true,\"valueName\":\"search_term_string\"}}],\"inLanguage\":\"fr-FR\"},{\"@type\":\"Organization\",\"@id\":\"https:\\\/\\\/premiumline-cabling.com\\\/#organization\",\"name\":\"Premium-Line\",\"url\":\"https:\\\/\\\/premiumline-cabling.com\\\/\",\"logo\":{\"@type\":\"ImageObject\",\"inLanguage\":\"fr-FR\",\"@id\":\"https:\\\/\\\/premiumline-cabling.com\\\/#\\\/schema\\\/logo\\\/image\\\/\",\"url\":\"https:\\\/\\\/premiumline-cabling.com\\\/wp-content\\\/uploads\\\/2019\\\/04\\\/cropped-img_logo_site_Premium-Line.png\",\"contentUrl\":\"https:\\\/\\\/premiumline-cabling.com\\\/wp-content\\\/uploads\\\/2019\\\/04\\\/cropped-img_logo_site_Premium-Line.png\",\"width\":190,\"height\":62,\"caption\":\"Premium-Line\"},\"image\":{\"@id\":\"https:\\\/\\\/premiumline-cabling.com\\\/#\\\/schema\\\/logo\\\/image\\\/\"}}]}<\/script>\n<!-- \/ Yoast SEO plugin. -->","yoast_head_json":{"title":"Bo\u00eetier d\u2019\u00e9pissure de type d\u00f4me \u00e0 fibre optique de qualit\u00e9 sup\u00e9rieure","description":"Le bo\u00eetier d\u2019\u00e9pissure de type d\u00f4me \u00e0 fibre optique Premium-Line est de conception herm\u00e9tiquement scell\u00e9e, facile \u00e0 assembler et \u00e0 rentrer. En savoir plus !","robots":{"index":"index","follow":"follow","max-snippet":"max-snippet:-1","max-image-preview":"max-image-preview:large","max-video-preview":"max-video-preview:-1"},"canonical":"https:\/\/premiumline-cabling.com\/fr\/product\/boitier-d-epissure-de-type-dome\/","og_locale":"fr_FR","og_type":"article","og_title":"Bo\u00eetier d\u2019\u00e9pissure de type d\u00f4me \u00e0 fibre optique de qualit\u00e9 sup\u00e9rieure","og_description":"Le bo\u00eetier d\u2019\u00e9pissure de type d\u00f4me \u00e0 fibre optique Premium-Line est de conception herm\u00e9tiquement scell\u00e9e, facile \u00e0 assembler et \u00e0 rentrer. En savoir plus !","og_url":"https:\/\/premiumline-cabling.com\/fr\/product\/boitier-d-epissure-de-type-dome\/","og_site_name":"Premium-Line","article_modified_time":"2023-12-14T15:01:43+00:00","og_image":[{"width":283,"height":220,"url":"https:\/\/premiumline-cabling.com\/wp-content\/uploads\/2019\/01\/img_Premium-Line_fiber-single_mode2.jpg","type":"image\/jpeg"}],"twitter_card":"summary_large_image","twitter_misc":{"Dur\u00e9e de lecture estim\u00e9e":"3 minutes"},"schema":{"@context":"https:\/\/schema.org","@graph":[{"@type":"WebPage","@id":"https:\/\/premiumline-cabling.com\/fr\/product\/boitier-d-epissure-de-type-dome\/","url":"https:\/\/premiumline-cabling.com\/fr\/product\/boitier-d-epissure-de-type-dome\/","name":"Bo\u00eetier d\u2019\u00e9pissure de type d\u00f4me \u00e0 fibre optique de qualit\u00e9 sup\u00e9rieure","isPartOf":{"@id":"https:\/\/premiumline-cabling.com\/#website"},"primaryImageOfPage":{"@id":"https:\/\/premiumline-cabling.com\/fr\/product\/boitier-d-epissure-de-type-dome\/#primaryimage"},"image":{"@id":"https:\/\/premiumline-cabling.com\/fr\/product\/boitier-d-epissure-de-type-dome\/#primaryimage"},"thumbnailUrl":"https:\/\/premiumline-cabling.com\/wp-content\/uploads\/2019\/01\/img_Premium-Line_fiber-single_mode2.jpg","datePublished":"2019-01-15T17:50:00+00:00","dateModified":"2023-12-14T15:01:43+00:00","description":"Le bo\u00eetier d\u2019\u00e9pissure de type d\u00f4me \u00e0 fibre optique Premium-Line est de conception herm\u00e9tiquement scell\u00e9e, facile \u00e0 assembler et \u00e0 rentrer. En savoir plus !","breadcrumb":{"@id":"https:\/\/premiumline-cabling.com\/fr\/product\/boitier-d-epissure-de-type-dome\/#breadcrumb"},"inLanguage":"fr-FR","potentialAction":[{"@type":"ReadAction","target":["https:\/\/premiumline-cabling.com\/fr\/product\/boitier-d-epissure-de-type-dome\/"]}]},{"@type":"ImageObject","inLanguage":"fr-FR","@id":"https:\/\/premiumline-cabling.com\/fr\/product\/boitier-d-epissure-de-type-dome\/#primaryimage","url":"https:\/\/premiumline-cabling.com\/wp-content\/uploads\/2019\/01\/img_Premium-Line_fiber-single_mode2.jpg","contentUrl":"https:\/\/premiumline-cabling.com\/wp-content\/uploads\/2019\/01\/img_Premium-Line_fiber-single_mode2.jpg","width":283,"height":220},{"@type":"BreadcrumbList","@id":"https:\/\/premiumline-cabling.com\/fr\/product\/boitier-d-epissure-de-type-dome\/#breadcrumb","itemListElement":[{"@type":"ListItem","position":1,"name":"\u0413\u043b\u0430\u0432\u043d\u0430\u044f \u0441\u0442\u0440\u0430\u043d\u0438\u0446\u0430","item":"https:\/\/premiumline-cabling.com\/fr\/"},{"@type":"ListItem","position":2,"name":"Bo\u00eetier d\u2019\u00e9pissure de type d\u00f4me"}]},{"@type":"WebSite","@id":"https:\/\/premiumline-cabling.com\/#website","url":"https:\/\/premiumline-cabling.com\/","name":"Premium-Line","description":"Structured Cabling System","publisher":{"@id":"https:\/\/premiumline-cabling.com\/#organization"},"potentialAction":[{"@type":"SearchAction","target":{"@type":"EntryPoint","urlTemplate":"https:\/\/premiumline-cabling.com\/?s={search_term_string}"},"query-input":{"@type":"PropertyValueSpecification","valueRequired":true,"valueName":"search_term_string"}}],"inLanguage":"fr-FR"},{"@type":"Organization","@id":"https:\/\/premiumline-cabling.com\/#organization","name":"Premium-Line","url":"https:\/\/premiumline-cabling.com\/","logo":{"@type":"ImageObject","inLanguage":"fr-FR","@id":"https:\/\/premiumline-cabling.com\/#\/schema\/logo\/image\/","url":"https:\/\/premiumline-cabling.com\/wp-content\/uploads\/2019\/04\/cropped-img_logo_site_Premium-Line.png","contentUrl":"https:\/\/premiumline-cabling.com\/wp-content\/uploads\/2019\/04\/cropped-img_logo_site_Premium-Line.png","width":190,"height":62,"caption":"Premium-Line"},"image":{"@id":"https:\/\/premiumline-cabling.com\/#\/schema\/logo\/image\/"}}]}},"_links":{"self":[{"href":"https:\/\/premiumline-cabling.com\/fr\/wp-json\/wp\/v2\/product\/20642","targetHints":{"allow":["GET"]}}],"collection":[{"href":"https:\/\/premiumline-cabling.com\/fr\/wp-json\/wp\/v2\/product"}],"about":[{"href":"https:\/\/premiumline-cabling.com\/fr\/wp-json\/wp\/v2\/types\/product"}],"wp:featuredmedia":[{"embeddable":true,"href":"https:\/\/premiumline-cabling.com\/fr\/wp-json\/wp\/v2\/media\/20645"}],"wp:attachment":[{"href":"https:\/\/premiumline-cabling.com\/fr\/wp-json\/wp\/v2\/media?parent=20642"}],"wp:term":[{"taxonomy":"product_category","embeddable":true,"href":"https:\/\/premiumline-cabling.com\/fr\/wp-json\/wp\/v2\/product_category?post=20642"}],"curies":[{"name":"wp","href":"https:\/\/api.w.org\/{rel}","templated":true}]}}