{"id":20631,"date":"2019-01-15T18:32:27","date_gmt":"2019-01-15T17:32:27","guid":{"rendered":"https:\/\/premiumline-cabling.com\/product\/monomode\/"},"modified":"2023-12-06T17:46:34","modified_gmt":"2023-12-06T16:46:34","slug":"monomode","status":"publish","type":"product","link":"https:\/\/premiumline-cabling.com\/fr\/product\/monomode\/","title":{"rendered":"Monomode"},"content":{"rendered":"<p><noscript><img decoding=\"async\" class=\"size-medium wp-image-554 alignleft\" src=\"https:\/\/premiumline-cabling.com\/wp-content\/uploads\/2019\/01\/img_Premium-Line_fiber-single_mode-1-300x153.jpg\" alt width=\"300\" height=\"153\" srcset=\"https:\/\/premiumline-cabling.com\/wp-content\/uploads\/2019\/01\/img_Premium-Line_fiber-single_mode-1-300x153.jpg 300w, https:\/\/premiumline-cabling.com\/wp-content\/uploads\/2019\/01\/img_Premium-Line_fiber-single_mode-1.jpg 430w\" sizes=\"(max-width: 300px) 100vw, 300px\"><\/noscript><img decoding=\"async\" class=\"size-medium wp-image-554 alignleft lazyload\" src=\"data:image\/svg+xml,%3Csvg%20xmlns%3D%22http%3A%2F%2Fwww.w3.org%2F2000%2Fsvg%22%20viewBox%3D%220%200%20300%20153%22%3E%3C%2Fsvg%3E\" alt width=\"300\" height=\"153\" srcset=\"data:image\/svg+xml,%3Csvg%20xmlns%3D%22http%3A%2F%2Fwww.w3.org%2F2000%2Fsvg%22%20viewBox%3D%220%200%20300%20153%22%3E%3C%2Fsvg%3E 300w\" sizes=\"(max-width: 300px) 100vw, 300px\" data-srcset=\"https:\/\/premiumline-cabling.com\/wp-content\/uploads\/2019\/01\/img_Premium-Line_fiber-single_mode-1-300x153.jpg 300w, https:\/\/premiumline-cabling.com\/wp-content\/uploads\/2019\/01\/img_Premium-Line_fiber-single_mode-1.jpg 430w\" data-src=\"https:\/\/premiumline-cabling.com\/wp-content\/uploads\/2019\/01\/img_Premium-Line_fiber-single_mode-1-300x153.jpg\">La fibre monomode permet de transmettre sur de plus longues distances. Il s\u2019agit d\u2019un seul brin de fibre de verre utilis\u00e9 pour transmettre un seul rayon de lumi\u00e8re.<\/p>\n<p>La fibre monomode ne comporte qu\u2019un seul mode de transmission. Par rapport \u00e0 la fibre multimode, elle peut transporter des bandes passantes plus \u00e9lev\u00e9es ; Cependant, il doit avoir une source de lumi\u00e8re ayant une largeur spectrale \u00e9troite.<\/p>\n<p>&nbsp;<\/p>\n<h3><\/h3>\n<h3><span style=\"color: #a13737;\"><strong><u>Plus d&#8217;informations (cliquez sur le signe &#8220;+&#8221; ci-dessous)<\/u><\/strong><\/span><\/h3>\n","protected":false},"featured_media":20634,"template":"","product_category":[437],"class_list":["post-20631","product","type-product","status-publish","has-post-thumbnail","hentry","product_category-fibre-optique"],"yoast_head":"<!-- This site is optimized with the Yoast SEO plugin v27.4 - https:\/\/yoast.com\/product\/yoast-seo-wordpress\/ -->\n<title>Fibre optique monomode Premium-Line<\/title>\n<meta name=\"description\" content=\"La fibre monomode permet de transmettre sur de plus longues distances. Il s\u2019agit d\u2019un seul brin de fibre de verre utilis\u00e9 pour transmettre un seul rayon de lumi\u00e8re.\" \/>\n<meta name=\"robots\" content=\"index, follow, max-snippet:-1, max-image-preview:large, max-video-preview:-1\" \/>\n<link rel=\"canonical\" href=\"https:\/\/premiumline-cabling.com\/fr\/product\/monomode\/\" \/>\n<meta property=\"og:locale\" content=\"fr_FR\" \/>\n<meta property=\"og:type\" content=\"article\" \/>\n<meta property=\"og:title\" content=\"Fibre optique monomode Premium-Line\" \/>\n<meta property=\"og:description\" content=\"La fibre monomode permet de transmettre sur de plus longues distances. Il s\u2019agit d\u2019un seul brin de fibre de verre utilis\u00e9 pour transmettre un seul rayon de lumi\u00e8re.\" \/>\n<meta property=\"og:url\" content=\"https:\/\/premiumline-cabling.com\/fr\/product\/monomode\/\" \/>\n<meta property=\"og:site_name\" content=\"Premium-Line\" \/>\n<meta property=\"article:modified_time\" content=\"2023-12-06T16:46:34+00:00\" \/>\n<meta property=\"og:image\" content=\"https:\/\/premiumline-cabling.com\/wp-content\/uploads\/2019\/01\/img_Premium-Line_fiber-single_mode1.jpg\" \/>\n\t<meta property=\"og:image:width\" content=\"283\" \/>\n\t<meta property=\"og:image:height\" content=\"220\" \/>\n\t<meta property=\"og:image:type\" content=\"image\/jpeg\" \/>\n<meta name=\"twitter:card\" content=\"summary_large_image\" \/>\n<meta name=\"twitter:label1\" content=\"Dur\u00e9e de lecture estim\u00e9e\" \/>\n\t<meta name=\"twitter:data1\" content=\"1 minute\" \/>\n<script type=\"application\/ld+json\" class=\"yoast-schema-graph\">{\"@context\":\"https:\\\/\\\/schema.org\",\"@graph\":[{\"@type\":\"WebPage\",\"@id\":\"https:\\\/\\\/premiumline-cabling.com\\\/fr\\\/product\\\/monomode\\\/\",\"url\":\"https:\\\/\\\/premiumline-cabling.com\\\/fr\\\/product\\\/monomode\\\/\",\"name\":\"Fibre optique monomode Premium-Line\",\"isPartOf\":{\"@id\":\"https:\\\/\\\/premiumline-cabling.com\\\/#website\"},\"primaryImageOfPage\":{\"@id\":\"https:\\\/\\\/premiumline-cabling.com\\\/fr\\\/product\\\/monomode\\\/#primaryimage\"},\"image\":{\"@id\":\"https:\\\/\\\/premiumline-cabling.com\\\/fr\\\/product\\\/monomode\\\/#primaryimage\"},\"thumbnailUrl\":\"https:\\\/\\\/premiumline-cabling.com\\\/wp-content\\\/uploads\\\/2019\\\/01\\\/img_Premium-Line_fiber-single_mode1.jpg\",\"datePublished\":\"2019-01-15T17:32:27+00:00\",\"dateModified\":\"2023-12-06T16:46:34+00:00\",\"description\":\"La fibre monomode permet de transmettre sur de plus longues distances. Il s\u2019agit d\u2019un seul brin de fibre de verre utilis\u00e9 pour transmettre un seul rayon de lumi\u00e8re.\",\"breadcrumb\":{\"@id\":\"https:\\\/\\\/premiumline-cabling.com\\\/fr\\\/product\\\/monomode\\\/#breadcrumb\"},\"inLanguage\":\"fr-FR\",\"potentialAction\":[{\"@type\":\"ReadAction\",\"target\":[\"https:\\\/\\\/premiumline-cabling.com\\\/fr\\\/product\\\/monomode\\\/\"]}]},{\"@type\":\"ImageObject\",\"inLanguage\":\"fr-FR\",\"@id\":\"https:\\\/\\\/premiumline-cabling.com\\\/fr\\\/product\\\/monomode\\\/#primaryimage\",\"url\":\"https:\\\/\\\/premiumline-cabling.com\\\/wp-content\\\/uploads\\\/2019\\\/01\\\/img_Premium-Line_fiber-single_mode1.jpg\",\"contentUrl\":\"https:\\\/\\\/premiumline-cabling.com\\\/wp-content\\\/uploads\\\/2019\\\/01\\\/img_Premium-Line_fiber-single_mode1.jpg\",\"width\":283,\"height\":220},{\"@type\":\"BreadcrumbList\",\"@id\":\"https:\\\/\\\/premiumline-cabling.com\\\/fr\\\/product\\\/monomode\\\/#breadcrumb\",\"itemListElement\":[{\"@type\":\"ListItem\",\"position\":1,\"name\":\"\u0413\u043b\u0430\u0432\u043d\u0430\u044f \u0441\u0442\u0440\u0430\u043d\u0438\u0446\u0430\",\"item\":\"https:\\\/\\\/premiumline-cabling.com\\\/fr\\\/\"},{\"@type\":\"ListItem\",\"position\":2,\"name\":\"Monomode\"}]},{\"@type\":\"WebSite\",\"@id\":\"https:\\\/\\\/premiumline-cabling.com\\\/#website\",\"url\":\"https:\\\/\\\/premiumline-cabling.com\\\/\",\"name\":\"Premium-Line\",\"description\":\"Structured Cabling System\",\"publisher\":{\"@id\":\"https:\\\/\\\/premiumline-cabling.com\\\/#organization\"},\"potentialAction\":[{\"@type\":\"SearchAction\",\"target\":{\"@type\":\"EntryPoint\",\"urlTemplate\":\"https:\\\/\\\/premiumline-cabling.com\\\/?s={search_term_string}\"},\"query-input\":{\"@type\":\"PropertyValueSpecification\",\"valueRequired\":true,\"valueName\":\"search_term_string\"}}],\"inLanguage\":\"fr-FR\"},{\"@type\":\"Organization\",\"@id\":\"https:\\\/\\\/premiumline-cabling.com\\\/#organization\",\"name\":\"Premium-Line\",\"url\":\"https:\\\/\\\/premiumline-cabling.com\\\/\",\"logo\":{\"@type\":\"ImageObject\",\"inLanguage\":\"fr-FR\",\"@id\":\"https:\\\/\\\/premiumline-cabling.com\\\/#\\\/schema\\\/logo\\\/image\\\/\",\"url\":\"https:\\\/\\\/premiumline-cabling.com\\\/wp-content\\\/uploads\\\/2019\\\/04\\\/cropped-img_logo_site_Premium-Line.png\",\"contentUrl\":\"https:\\\/\\\/premiumline-cabling.com\\\/wp-content\\\/uploads\\\/2019\\\/04\\\/cropped-img_logo_site_Premium-Line.png\",\"width\":190,\"height\":62,\"caption\":\"Premium-Line\"},\"image\":{\"@id\":\"https:\\\/\\\/premiumline-cabling.com\\\/#\\\/schema\\\/logo\\\/image\\\/\"}}]}<\/script>\n<!-- \/ Yoast SEO plugin. -->","yoast_head_json":{"title":"Fibre optique monomode Premium-Line","description":"La fibre monomode permet de transmettre sur de plus longues distances. Il s\u2019agit d\u2019un seul brin de fibre de verre utilis\u00e9 pour transmettre un seul rayon de lumi\u00e8re.","robots":{"index":"index","follow":"follow","max-snippet":"max-snippet:-1","max-image-preview":"max-image-preview:large","max-video-preview":"max-video-preview:-1"},"canonical":"https:\/\/premiumline-cabling.com\/fr\/product\/monomode\/","og_locale":"fr_FR","og_type":"article","og_title":"Fibre optique monomode Premium-Line","og_description":"La fibre monomode permet de transmettre sur de plus longues distances. Il s\u2019agit d\u2019un seul brin de fibre de verre utilis\u00e9 pour transmettre un seul rayon de lumi\u00e8re.","og_url":"https:\/\/premiumline-cabling.com\/fr\/product\/monomode\/","og_site_name":"Premium-Line","article_modified_time":"2023-12-06T16:46:34+00:00","og_image":[{"width":283,"height":220,"url":"https:\/\/premiumline-cabling.com\/wp-content\/uploads\/2019\/01\/img_Premium-Line_fiber-single_mode1.jpg","type":"image\/jpeg"}],"twitter_card":"summary_large_image","twitter_misc":{"Dur\u00e9e de lecture estim\u00e9e":"1 minute"},"schema":{"@context":"https:\/\/schema.org","@graph":[{"@type":"WebPage","@id":"https:\/\/premiumline-cabling.com\/fr\/product\/monomode\/","url":"https:\/\/premiumline-cabling.com\/fr\/product\/monomode\/","name":"Fibre optique monomode Premium-Line","isPartOf":{"@id":"https:\/\/premiumline-cabling.com\/#website"},"primaryImageOfPage":{"@id":"https:\/\/premiumline-cabling.com\/fr\/product\/monomode\/#primaryimage"},"image":{"@id":"https:\/\/premiumline-cabling.com\/fr\/product\/monomode\/#primaryimage"},"thumbnailUrl":"https:\/\/premiumline-cabling.com\/wp-content\/uploads\/2019\/01\/img_Premium-Line_fiber-single_mode1.jpg","datePublished":"2019-01-15T17:32:27+00:00","dateModified":"2023-12-06T16:46:34+00:00","description":"La fibre monomode permet de transmettre sur de plus longues distances. Il s\u2019agit d\u2019un seul brin de fibre de verre utilis\u00e9 pour transmettre un seul rayon de lumi\u00e8re.","breadcrumb":{"@id":"https:\/\/premiumline-cabling.com\/fr\/product\/monomode\/#breadcrumb"},"inLanguage":"fr-FR","potentialAction":[{"@type":"ReadAction","target":["https:\/\/premiumline-cabling.com\/fr\/product\/monomode\/"]}]},{"@type":"ImageObject","inLanguage":"fr-FR","@id":"https:\/\/premiumline-cabling.com\/fr\/product\/monomode\/#primaryimage","url":"https:\/\/premiumline-cabling.com\/wp-content\/uploads\/2019\/01\/img_Premium-Line_fiber-single_mode1.jpg","contentUrl":"https:\/\/premiumline-cabling.com\/wp-content\/uploads\/2019\/01\/img_Premium-Line_fiber-single_mode1.jpg","width":283,"height":220},{"@type":"BreadcrumbList","@id":"https:\/\/premiumline-cabling.com\/fr\/product\/monomode\/#breadcrumb","itemListElement":[{"@type":"ListItem","position":1,"name":"\u0413\u043b\u0430\u0432\u043d\u0430\u044f \u0441\u0442\u0440\u0430\u043d\u0438\u0446\u0430","item":"https:\/\/premiumline-cabling.com\/fr\/"},{"@type":"ListItem","position":2,"name":"Monomode"}]},{"@type":"WebSite","@id":"https:\/\/premiumline-cabling.com\/#website","url":"https:\/\/premiumline-cabling.com\/","name":"Premium-Line","description":"Structured Cabling System","publisher":{"@id":"https:\/\/premiumline-cabling.com\/#organization"},"potentialAction":[{"@type":"SearchAction","target":{"@type":"EntryPoint","urlTemplate":"https:\/\/premiumline-cabling.com\/?s={search_term_string}"},"query-input":{"@type":"PropertyValueSpecification","valueRequired":true,"valueName":"search_term_string"}}],"inLanguage":"fr-FR"},{"@type":"Organization","@id":"https:\/\/premiumline-cabling.com\/#organization","name":"Premium-Line","url":"https:\/\/premiumline-cabling.com\/","logo":{"@type":"ImageObject","inLanguage":"fr-FR","@id":"https:\/\/premiumline-cabling.com\/#\/schema\/logo\/image\/","url":"https:\/\/premiumline-cabling.com\/wp-content\/uploads\/2019\/04\/cropped-img_logo_site_Premium-Line.png","contentUrl":"https:\/\/premiumline-cabling.com\/wp-content\/uploads\/2019\/04\/cropped-img_logo_site_Premium-Line.png","width":190,"height":62,"caption":"Premium-Line"},"image":{"@id":"https:\/\/premiumline-cabling.com\/#\/schema\/logo\/image\/"}}]}},"_links":{"self":[{"href":"https:\/\/premiumline-cabling.com\/fr\/wp-json\/wp\/v2\/product\/20631","targetHints":{"allow":["GET"]}}],"collection":[{"href":"https:\/\/premiumline-cabling.com\/fr\/wp-json\/wp\/v2\/product"}],"about":[{"href":"https:\/\/premiumline-cabling.com\/fr\/wp-json\/wp\/v2\/types\/product"}],"wp:featuredmedia":[{"embeddable":true,"href":"https:\/\/premiumline-cabling.com\/fr\/wp-json\/wp\/v2\/media\/20634"}],"wp:attachment":[{"href":"https:\/\/premiumline-cabling.com\/fr\/wp-json\/wp\/v2\/media?parent=20631"}],"wp:term":[{"taxonomy":"product_category","embeddable":true,"href":"https:\/\/premiumline-cabling.com\/fr\/wp-json\/wp\/v2\/product_category?post=20631"}],"curies":[{"name":"wp","href":"https:\/\/api.w.org\/{rel}","templated":true}]}}