{"id":20625,"date":"2019-02-03T13:47:12","date_gmt":"2019-02-03T12:47:12","guid":{"rendered":"https:\/\/premiumline-cabling.com\/product\/distribution-de-tampons-serres-a-l-interieur\/"},"modified":"2023-12-14T16:11:59","modified_gmt":"2023-12-14T15:11:59","slug":"distribution-de-tampons-serres-a-l-interieur","status":"publish","type":"product","link":"https:\/\/premiumline-cabling.com\/fr\/product\/distribution-de-tampons-serres-a-l-interieur\/","title":{"rendered":"Distribution de tampons serr\u00e9s \u00e0 l\u2019int\u00e9rieur"},"content":{"rendered":"<h2>C\u00e2ble de distribution int\u00e9rieur \u00e0 fibre optique tampon serr\u00e9 avec \u00e9l\u00e9ment de r\u00e9sistance de fil d\u2019aramide<\/h2>\n<p>Les fibres \u00e0 tampon serr\u00e9 de 900 \u03bcm sont r\u00e9parties au centre du c\u00e2ble. Le fil d\u2019aramide en tant qu\u2019\u00e9l\u00e9ment de r\u00e9sistance entoure les fibres, le c\u00e2ble est compl\u00e9t\u00e9 par une gaine LSOH, PVC ou OFNP.<\/p>\n<h3><a href=\"https:\/\/premiumline-cabling.com\/wp-content\/uploads\/2019\/02\/img_PL_local-area-network-261322004.jpg\"><noscript><img decoding=\"async\" class=\"wp-image-595 size-medium alignright\" src=\"https:\/\/premiumline-cabling.com\/wp-content\/uploads\/2019\/02\/img_PL_local-area-network-261322004-300x96.jpg\" alt width=\"300\" height=\"96\" srcset=\"https:\/\/premiumline-cabling.com\/wp-content\/uploads\/2019\/02\/img_PL_local-area-network-261322004-300x96.jpg 300w, https:\/\/premiumline-cabling.com\/wp-content\/uploads\/2019\/02\/img_PL_local-area-network-261322004-768x246.jpg 768w, https:\/\/premiumline-cabling.com\/wp-content\/uploads\/2019\/02\/img_PL_local-area-network-261322004.jpg 800w\" sizes=\"(max-width: 300px) 100vw, 300px\"><\/noscript><img decoding=\"async\" class=\"wp-image-595 size-medium alignright lazyload\" src=\"data:image\/svg+xml,%3Csvg%20xmlns%3D%22http%3A%2F%2Fwww.w3.org%2F2000%2Fsvg%22%20viewBox%3D%220%200%20300%2096%22%3E%3C%2Fsvg%3E\" alt width=\"300\" height=\"96\" srcset=\"data:image\/svg+xml,%3Csvg%20xmlns%3D%22http%3A%2F%2Fwww.w3.org%2F2000%2Fsvg%22%20viewBox%3D%220%200%20300%2096%22%3E%3C%2Fsvg%3E 300w\" sizes=\"(max-width: 300px) 100vw, 300px\" data-srcset=\"https:\/\/premiumline-cabling.com\/wp-content\/uploads\/2019\/02\/img_PL_local-area-network-261322004-300x96.jpg 300w, https:\/\/premiumline-cabling.com\/wp-content\/uploads\/2019\/02\/img_PL_local-area-network-261322004-768x246.jpg 768w, https:\/\/premiumline-cabling.com\/wp-content\/uploads\/2019\/02\/img_PL_local-area-network-261322004.jpg 800w\" data-src=\"https:\/\/premiumline-cabling.com\/wp-content\/uploads\/2019\/02\/img_PL_local-area-network-261322004-300x96.jpg\"><\/a>Caract\u00e9ristiques:<\/h3>\n<ul>\n<li>petit diam\u00e8tre ext\u00e9rieur, poids l\u00e9ger, facile \u00e0 d\u00e9nuder<\/li>\n<li>Bonnes performances en mati\u00e8re de flexibilit\u00e9<\/li>\n<li>couleur de la gaine, c\u00e2ble SM en jaune, c\u00e2ble MM en orange, c\u00e2ble OM3 en aqua, c\u00e2ble OM4 en violet, OM5 en vert citron<\/li>\n<\/ul>\n<h3>Conformit\u00e9s:<\/h3>\n<ul>\n<li>UIT-T G651, UIT-T G652D, UIT-T G657A2<\/li>\n<li>ICEA-596<\/li>\n<li>ANSI\/TIA 568-C.3<\/li>\n<li>TIA\/EIA-492<\/li>\n<li>IEC-60794, IEC-60793<\/li>\n<li>Norme IEC-60332-1-2<\/li>\n<li>RoHS (en anglais seulement)<\/li>\n<\/ul>\n<h3>Applications:<\/h3>\n<ul>\n<li>C\u00e2ble \u00e0 fibre optique de c\u00e2blage de backbone de pr\u00e9misse classique<\/li>\n<li>Les combinaisons de fibres \u00e0 tampon serr\u00e9 de 900 um pour la terminaison avec des connecteurs fonctionnent comme un cordon de brassage ou des pigtails<\/li>\n<\/ul>\n<h3>Dessin:<\/h3>\n<p><noscript><img decoding=\"async\" class=\"wp-image-15259 size-medium alignnone\" src=\"https:\/\/premiumline-cabling.com\/wp-content\/uploads\/2019\/02\/2613_FO_cable_en-300x184.jpg\" alt width=\"300\" height=\"184\" srcset=\"https:\/\/premiumline-cabling.com\/wp-content\/uploads\/2019\/02\/2613_FO_cable_en-300x184.jpg 300w, https:\/\/premiumline-cabling.com\/wp-content\/uploads\/2019\/02\/2613_FO_cable_en.jpg 507w\" sizes=\"(max-width: 300px) 100vw, 300px\"><\/noscript><img decoding=\"async\" class=\"wp-image-15259 size-medium alignnone lazyload\" src=\"data:image\/svg+xml,%3Csvg%20xmlns%3D%22http%3A%2F%2Fwww.w3.org%2F2000%2Fsvg%22%20viewBox%3D%220%200%20300%20184%22%3E%3C%2Fsvg%3E\" alt width=\"300\" height=\"184\" srcset=\"data:image\/svg+xml,%3Csvg%20xmlns%3D%22http%3A%2F%2Fwww.w3.org%2F2000%2Fsvg%22%20viewBox%3D%220%200%20300%20184%22%3E%3C%2Fsvg%3E 300w\" sizes=\"(max-width: 300px) 100vw, 300px\" data-srcset=\"https:\/\/premiumline-cabling.com\/wp-content\/uploads\/2019\/02\/2613_FO_cable_en-300x184.jpg 300w, https:\/\/premiumline-cabling.com\/wp-content\/uploads\/2019\/02\/2613_FO_cable_en.jpg 507w\" data-src=\"https:\/\/premiumline-cabling.com\/wp-content\/uploads\/2019\/02\/2613_FO_cable_en-300x184.jpg\"><\/p>\n<p>&nbsp;<\/p>\n<h3>Informations de commande:<\/h3>\n<table>\n<tbody>\n<tr>\n<td width=\"151\">N\u00b0 de pi\u00e8ce<\/td>\n<td width=\"472\">2613xyzzz<\/td>\n<\/tr>\n<tr>\n<td width=\"151\">Description<\/td>\n<td width=\"472\">C\u00e2ble de distribution int\u00e9rieur \u00e0 fibre optique Premium Line \u00e0 tampon serr\u00e9 avec \u00e9l\u00e9ment de r\u00e9sistance du fil d\u2019aramide<\/td>\n<\/tr>\n<tr>\n<td width=\"151\">x, mode<\/td>\n<td width=\"472\">1 : MM 62.5\/125 2 : SM 9\/125 3 : MM 50\/125 4 : MM\/OM3 9 : MM\/0M4<\/td>\n<\/tr>\n<tr>\n<td width=\"151\">y, gaine ext\u00e9rieure<\/td>\n<td width=\"472\">1 : PVC 2 : LSOH (IEC60332-1-2) 4 : OFNP<\/td>\n<\/tr>\n<tr>\n<td width=\"151\">zzz, nombre de fibres<\/td>\n<td width=\"472\">002 \/ 004 \/ 006 \/ 008 \/ 012 \/ 016 \/ 024<\/td>\n<\/tr>\n<\/tbody>\n<\/table>\n<h3><span style=\"color: #a13737;\"><strong><u>Plus d&#8217;informations (cliquez sur le signe &#8220;+&#8221; ci-dessous)<\/u><\/strong><\/span><\/h3>\n","protected":false},"featured_media":20627,"template":"","product_category":[425],"class_list":["post-20625","product","type-product","status-publish","has-post-thumbnail","hentry","product_category-reseau-local"],"yoast_head":"<!-- This site is optimized with the Yoast SEO plugin v27.4 - https:\/\/yoast.com\/product\/yoast-seo-wordpress\/ -->\n<title>Tampon \u00e9tanche pour c\u00e2ble int\u00e9rieur FO avec \u00e9l\u00e9ment de r\u00e9sistance en fil d\u2019aramide<\/title>\n<meta name=\"description\" content=\"En tant que c\u00e2ble \u00e0 fibre optique de c\u00e2blage de base classique, la construction compacte est facile \u00e0 installer sur le terrain. En savoir plus !\" \/>\n<meta name=\"robots\" content=\"index, follow, max-snippet:-1, max-image-preview:large, max-video-preview:-1\" \/>\n<link rel=\"canonical\" href=\"https:\/\/premiumline-cabling.com\/fr\/product\/distribution-de-tampons-serres-a-l-interieur\/\" \/>\n<meta property=\"og:locale\" content=\"fr_FR\" \/>\n<meta property=\"og:type\" content=\"article\" \/>\n<meta property=\"og:title\" content=\"Tampon \u00e9tanche pour c\u00e2ble int\u00e9rieur FO avec \u00e9l\u00e9ment de r\u00e9sistance en fil d\u2019aramide\" \/>\n<meta property=\"og:description\" content=\"En tant que c\u00e2ble \u00e0 fibre optique de c\u00e2blage de base classique, la construction compacte est facile \u00e0 installer sur le terrain. En savoir plus !\" \/>\n<meta property=\"og:url\" content=\"https:\/\/premiumline-cabling.com\/fr\/product\/distribution-de-tampons-serres-a-l-interieur\/\" \/>\n<meta property=\"og:site_name\" content=\"Premium-Line\" \/>\n<meta property=\"article:modified_time\" content=\"2023-12-14T15:11:59+00:00\" \/>\n<meta property=\"og:image\" content=\"https:\/\/premiumline-cabling.com\/wp-content\/uploads\/2019\/02\/img_PL_local-area-network.jpg\" \/>\n\t<meta property=\"og:image:width\" content=\"283\" \/>\n\t<meta property=\"og:image:height\" content=\"220\" \/>\n\t<meta property=\"og:image:type\" content=\"image\/jpeg\" \/>\n<meta name=\"twitter:card\" content=\"summary_large_image\" \/>\n<meta name=\"twitter:label1\" content=\"Dur\u00e9e de lecture estim\u00e9e\" \/>\n\t<meta name=\"twitter:data1\" content=\"2 minutes\" \/>\n<script type=\"application\/ld+json\" class=\"yoast-schema-graph\">{\"@context\":\"https:\\\/\\\/schema.org\",\"@graph\":[{\"@type\":\"WebPage\",\"@id\":\"https:\\\/\\\/premiumline-cabling.com\\\/fr\\\/product\\\/distribution-de-tampons-serres-a-l-interieur\\\/\",\"url\":\"https:\\\/\\\/premiumline-cabling.com\\\/fr\\\/product\\\/distribution-de-tampons-serres-a-l-interieur\\\/\",\"name\":\"Tampon \u00e9tanche pour c\u00e2ble int\u00e9rieur FO avec \u00e9l\u00e9ment de r\u00e9sistance en fil d\u2019aramide\",\"isPartOf\":{\"@id\":\"https:\\\/\\\/premiumline-cabling.com\\\/#website\"},\"primaryImageOfPage\":{\"@id\":\"https:\\\/\\\/premiumline-cabling.com\\\/fr\\\/product\\\/distribution-de-tampons-serres-a-l-interieur\\\/#primaryimage\"},\"image\":{\"@id\":\"https:\\\/\\\/premiumline-cabling.com\\\/fr\\\/product\\\/distribution-de-tampons-serres-a-l-interieur\\\/#primaryimage\"},\"thumbnailUrl\":\"https:\\\/\\\/premiumline-cabling.com\\\/wp-content\\\/uploads\\\/2019\\\/02\\\/img_PL_local-area-network.jpg\",\"datePublished\":\"2019-02-03T12:47:12+00:00\",\"dateModified\":\"2023-12-14T15:11:59+00:00\",\"description\":\"En tant que c\u00e2ble \u00e0 fibre optique de c\u00e2blage de base classique, la construction compacte est facile \u00e0 installer sur le terrain. En savoir plus !\",\"breadcrumb\":{\"@id\":\"https:\\\/\\\/premiumline-cabling.com\\\/fr\\\/product\\\/distribution-de-tampons-serres-a-l-interieur\\\/#breadcrumb\"},\"inLanguage\":\"fr-FR\",\"potentialAction\":[{\"@type\":\"ReadAction\",\"target\":[\"https:\\\/\\\/premiumline-cabling.com\\\/fr\\\/product\\\/distribution-de-tampons-serres-a-l-interieur\\\/\"]}]},{\"@type\":\"ImageObject\",\"inLanguage\":\"fr-FR\",\"@id\":\"https:\\\/\\\/premiumline-cabling.com\\\/fr\\\/product\\\/distribution-de-tampons-serres-a-l-interieur\\\/#primaryimage\",\"url\":\"https:\\\/\\\/premiumline-cabling.com\\\/wp-content\\\/uploads\\\/2019\\\/02\\\/img_PL_local-area-network.jpg\",\"contentUrl\":\"https:\\\/\\\/premiumline-cabling.com\\\/wp-content\\\/uploads\\\/2019\\\/02\\\/img_PL_local-area-network.jpg\",\"width\":283,\"height\":220},{\"@type\":\"BreadcrumbList\",\"@id\":\"https:\\\/\\\/premiumline-cabling.com\\\/fr\\\/product\\\/distribution-de-tampons-serres-a-l-interieur\\\/#breadcrumb\",\"itemListElement\":[{\"@type\":\"ListItem\",\"position\":1,\"name\":\"\u0413\u043b\u0430\u0432\u043d\u0430\u044f \u0441\u0442\u0440\u0430\u043d\u0438\u0446\u0430\",\"item\":\"https:\\\/\\\/premiumline-cabling.com\\\/fr\\\/\"},{\"@type\":\"ListItem\",\"position\":2,\"name\":\"Distribution de tampons serr\u00e9s \u00e0 l\u2019int\u00e9rieur\"}]},{\"@type\":\"WebSite\",\"@id\":\"https:\\\/\\\/premiumline-cabling.com\\\/#website\",\"url\":\"https:\\\/\\\/premiumline-cabling.com\\\/\",\"name\":\"Premium-Line\",\"description\":\"Structured Cabling System\",\"publisher\":{\"@id\":\"https:\\\/\\\/premiumline-cabling.com\\\/#organization\"},\"potentialAction\":[{\"@type\":\"SearchAction\",\"target\":{\"@type\":\"EntryPoint\",\"urlTemplate\":\"https:\\\/\\\/premiumline-cabling.com\\\/?s={search_term_string}\"},\"query-input\":{\"@type\":\"PropertyValueSpecification\",\"valueRequired\":true,\"valueName\":\"search_term_string\"}}],\"inLanguage\":\"fr-FR\"},{\"@type\":\"Organization\",\"@id\":\"https:\\\/\\\/premiumline-cabling.com\\\/#organization\",\"name\":\"Premium-Line\",\"url\":\"https:\\\/\\\/premiumline-cabling.com\\\/\",\"logo\":{\"@type\":\"ImageObject\",\"inLanguage\":\"fr-FR\",\"@id\":\"https:\\\/\\\/premiumline-cabling.com\\\/#\\\/schema\\\/logo\\\/image\\\/\",\"url\":\"https:\\\/\\\/premiumline-cabling.com\\\/wp-content\\\/uploads\\\/2019\\\/04\\\/cropped-img_logo_site_Premium-Line.png\",\"contentUrl\":\"https:\\\/\\\/premiumline-cabling.com\\\/wp-content\\\/uploads\\\/2019\\\/04\\\/cropped-img_logo_site_Premium-Line.png\",\"width\":190,\"height\":62,\"caption\":\"Premium-Line\"},\"image\":{\"@id\":\"https:\\\/\\\/premiumline-cabling.com\\\/#\\\/schema\\\/logo\\\/image\\\/\"}}]}<\/script>\n<!-- \/ Yoast SEO plugin. -->","yoast_head_json":{"title":"Tampon \u00e9tanche pour c\u00e2ble int\u00e9rieur FO avec \u00e9l\u00e9ment de r\u00e9sistance en fil d\u2019aramide","description":"En tant que c\u00e2ble \u00e0 fibre optique de c\u00e2blage de base classique, la construction compacte est facile \u00e0 installer sur le terrain. En savoir plus !","robots":{"index":"index","follow":"follow","max-snippet":"max-snippet:-1","max-image-preview":"max-image-preview:large","max-video-preview":"max-video-preview:-1"},"canonical":"https:\/\/premiumline-cabling.com\/fr\/product\/distribution-de-tampons-serres-a-l-interieur\/","og_locale":"fr_FR","og_type":"article","og_title":"Tampon \u00e9tanche pour c\u00e2ble int\u00e9rieur FO avec \u00e9l\u00e9ment de r\u00e9sistance en fil d\u2019aramide","og_description":"En tant que c\u00e2ble \u00e0 fibre optique de c\u00e2blage de base classique, la construction compacte est facile \u00e0 installer sur le terrain. En savoir plus !","og_url":"https:\/\/premiumline-cabling.com\/fr\/product\/distribution-de-tampons-serres-a-l-interieur\/","og_site_name":"Premium-Line","article_modified_time":"2023-12-14T15:11:59+00:00","og_image":[{"width":283,"height":220,"url":"https:\/\/premiumline-cabling.com\/wp-content\/uploads\/2019\/02\/img_PL_local-area-network.jpg","type":"image\/jpeg"}],"twitter_card":"summary_large_image","twitter_misc":{"Dur\u00e9e de lecture estim\u00e9e":"2 minutes"},"schema":{"@context":"https:\/\/schema.org","@graph":[{"@type":"WebPage","@id":"https:\/\/premiumline-cabling.com\/fr\/product\/distribution-de-tampons-serres-a-l-interieur\/","url":"https:\/\/premiumline-cabling.com\/fr\/product\/distribution-de-tampons-serres-a-l-interieur\/","name":"Tampon \u00e9tanche pour c\u00e2ble int\u00e9rieur FO avec \u00e9l\u00e9ment de r\u00e9sistance en fil d\u2019aramide","isPartOf":{"@id":"https:\/\/premiumline-cabling.com\/#website"},"primaryImageOfPage":{"@id":"https:\/\/premiumline-cabling.com\/fr\/product\/distribution-de-tampons-serres-a-l-interieur\/#primaryimage"},"image":{"@id":"https:\/\/premiumline-cabling.com\/fr\/product\/distribution-de-tampons-serres-a-l-interieur\/#primaryimage"},"thumbnailUrl":"https:\/\/premiumline-cabling.com\/wp-content\/uploads\/2019\/02\/img_PL_local-area-network.jpg","datePublished":"2019-02-03T12:47:12+00:00","dateModified":"2023-12-14T15:11:59+00:00","description":"En tant que c\u00e2ble \u00e0 fibre optique de c\u00e2blage de base classique, la construction compacte est facile \u00e0 installer sur le terrain. En savoir plus !","breadcrumb":{"@id":"https:\/\/premiumline-cabling.com\/fr\/product\/distribution-de-tampons-serres-a-l-interieur\/#breadcrumb"},"inLanguage":"fr-FR","potentialAction":[{"@type":"ReadAction","target":["https:\/\/premiumline-cabling.com\/fr\/product\/distribution-de-tampons-serres-a-l-interieur\/"]}]},{"@type":"ImageObject","inLanguage":"fr-FR","@id":"https:\/\/premiumline-cabling.com\/fr\/product\/distribution-de-tampons-serres-a-l-interieur\/#primaryimage","url":"https:\/\/premiumline-cabling.com\/wp-content\/uploads\/2019\/02\/img_PL_local-area-network.jpg","contentUrl":"https:\/\/premiumline-cabling.com\/wp-content\/uploads\/2019\/02\/img_PL_local-area-network.jpg","width":283,"height":220},{"@type":"BreadcrumbList","@id":"https:\/\/premiumline-cabling.com\/fr\/product\/distribution-de-tampons-serres-a-l-interieur\/#breadcrumb","itemListElement":[{"@type":"ListItem","position":1,"name":"\u0413\u043b\u0430\u0432\u043d\u0430\u044f \u0441\u0442\u0440\u0430\u043d\u0438\u0446\u0430","item":"https:\/\/premiumline-cabling.com\/fr\/"},{"@type":"ListItem","position":2,"name":"Distribution de tampons serr\u00e9s \u00e0 l\u2019int\u00e9rieur"}]},{"@type":"WebSite","@id":"https:\/\/premiumline-cabling.com\/#website","url":"https:\/\/premiumline-cabling.com\/","name":"Premium-Line","description":"Structured Cabling System","publisher":{"@id":"https:\/\/premiumline-cabling.com\/#organization"},"potentialAction":[{"@type":"SearchAction","target":{"@type":"EntryPoint","urlTemplate":"https:\/\/premiumline-cabling.com\/?s={search_term_string}"},"query-input":{"@type":"PropertyValueSpecification","valueRequired":true,"valueName":"search_term_string"}}],"inLanguage":"fr-FR"},{"@type":"Organization","@id":"https:\/\/premiumline-cabling.com\/#organization","name":"Premium-Line","url":"https:\/\/premiumline-cabling.com\/","logo":{"@type":"ImageObject","inLanguage":"fr-FR","@id":"https:\/\/premiumline-cabling.com\/#\/schema\/logo\/image\/","url":"https:\/\/premiumline-cabling.com\/wp-content\/uploads\/2019\/04\/cropped-img_logo_site_Premium-Line.png","contentUrl":"https:\/\/premiumline-cabling.com\/wp-content\/uploads\/2019\/04\/cropped-img_logo_site_Premium-Line.png","width":190,"height":62,"caption":"Premium-Line"},"image":{"@id":"https:\/\/premiumline-cabling.com\/#\/schema\/logo\/image\/"}}]}},"_links":{"self":[{"href":"https:\/\/premiumline-cabling.com\/fr\/wp-json\/wp\/v2\/product\/20625","targetHints":{"allow":["GET"]}}],"collection":[{"href":"https:\/\/premiumline-cabling.com\/fr\/wp-json\/wp\/v2\/product"}],"about":[{"href":"https:\/\/premiumline-cabling.com\/fr\/wp-json\/wp\/v2\/types\/product"}],"wp:featuredmedia":[{"embeddable":true,"href":"https:\/\/premiumline-cabling.com\/fr\/wp-json\/wp\/v2\/media\/20627"}],"wp:attachment":[{"href":"https:\/\/premiumline-cabling.com\/fr\/wp-json\/wp\/v2\/media?parent=20625"}],"wp:term":[{"taxonomy":"product_category","embeddable":true,"href":"https:\/\/premiumline-cabling.com\/fr\/wp-json\/wp\/v2\/product_category?post=20625"}],"curies":[{"name":"wp","href":"https:\/\/api.w.org\/{rel}","templated":true}]}}