{"id":20609,"date":"2019-02-03T13:28:33","date_gmt":"2019-02-03T12:28:33","guid":{"rendered":"https:\/\/premiumline-cabling.com\/product\/acier-exterieur-blinde-verre-resistance-uni-tube\/"},"modified":"2023-12-14T16:10:07","modified_gmt":"2023-12-14T15:10:07","slug":"acier-exterieur-blinde-verre-resistance-uni-tube","status":"publish","type":"product","link":"https:\/\/premiumline-cabling.com\/fr\/product\/acier-exterieur-blinde-verre-resistance-uni-tube\/","title":{"rendered":"Acier ext\u00e9rieur blind\u00e9 verre r\u00e9sistance Uni-tube"},"content":{"rendered":"<p><a href=\"https:\/\/premiumline-cabling.com\/wp-content\/uploads\/2019\/02\/img_PL_csm_local-area-network-265123004_05_8f75289ab5.jpg\"><noscript><img decoding=\"async\" class=\"wp-image-592 size-medium alignright\" src=\"https:\/\/premiumline-cabling.com\/wp-content\/uploads\/2019\/02\/img_PL_csm_local-area-network-265123004_05_8f75289ab5-300x178.jpg\" alt width=\"300\" height=\"178\" srcset=\"https:\/\/premiumline-cabling.com\/wp-content\/uploads\/2019\/02\/img_PL_csm_local-area-network-265123004_05_8f75289ab5-300x178.jpg 300w, https:\/\/premiumline-cabling.com\/wp-content\/uploads\/2019\/02\/img_PL_csm_local-area-network-265123004_05_8f75289ab5-768x455.jpg 768w, https:\/\/premiumline-cabling.com\/wp-content\/uploads\/2019\/02\/img_PL_csm_local-area-network-265123004_05_8f75289ab5.jpg 800w\" sizes=\"(max-width: 300px) 100vw, 300px\"><\/noscript><img decoding=\"async\" class=\"wp-image-592 size-medium alignright lazyload\" src=\"data:image\/svg+xml,%3Csvg%20xmlns%3D%22http%3A%2F%2Fwww.w3.org%2F2000%2Fsvg%22%20viewBox%3D%220%200%20300%20178%22%3E%3C%2Fsvg%3E\" alt width=\"300\" height=\"178\" srcset=\"data:image\/svg+xml,%3Csvg%20xmlns%3D%22http%3A%2F%2Fwww.w3.org%2F2000%2Fsvg%22%20viewBox%3D%220%200%20300%20178%22%3E%3C%2Fsvg%3E 300w\" sizes=\"(max-width: 300px) 100vw, 300px\" data-srcset=\"https:\/\/premiumline-cabling.com\/wp-content\/uploads\/2019\/02\/img_PL_csm_local-area-network-265123004_05_8f75289ab5-300x178.jpg 300w, https:\/\/premiumline-cabling.com\/wp-content\/uploads\/2019\/02\/img_PL_csm_local-area-network-265123004_05_8f75289ab5-768x455.jpg 768w, https:\/\/premiumline-cabling.com\/wp-content\/uploads\/2019\/02\/img_PL_csm_local-area-network-265123004_05_8f75289ab5.jpg 800w\" data-src=\"https:\/\/premiumline-cabling.com\/wp-content\/uploads\/2019\/02\/img_PL_csm_local-area-network-265123004_05_8f75289ab5-300x178.jpg\"><\/a><\/p>\n<h2>C\u00e2ble \u00e0 fibre optique unitube blind\u00e9 en acier ext\u00e9rieur de r\u00e9sistance au verre<\/h2>\n<p>Les fibres, 250\u03bcm, sont positionn\u00e9es dans un tube libre en plastique haut module. Le tube est rempli de compos\u00e9 de remplissage. Le tube est recouvert d\u2019une couche de fil de verre comme \u00e9l\u00e9ment de r\u00e9sistance, puis envelopp\u00e9 d\u2019une couche de PSP longitudinalement. Le c\u00e2ble est compl\u00e9t\u00e9 par une gaine PE ou LSOH.<\/p>\n<h3>Caract\u00e9ristiques:<\/h3>\n<ul>\n<li>Bonnes performances m\u00e9caniques et thermiques<\/li>\n<li>Tube l\u00e2che \u00e0 haute r\u00e9sistance r\u00e9sistant \u00e0 l\u2019hydrolyse<\/li>\n<li>R\u00e9sistance \u00e0 l\u2019\u00e9crasement et flexibilit\u00e9<\/li>\n<li>PSP am\u00e9liorant la r\u00e9sistance \u00e0 l\u2019humidit\u00e9<\/li>\n<li>L\u2019\u00e9l\u00e9ment de r\u00e9sistance en fil de verre assure la r\u00e9sistance \u00e0 la traction<\/li>\n<li>Petit diam\u00e8tre, poids l\u00e9ger et installation conviviale<\/li>\n<li>Longue dur\u00e9e de livraison<\/li>\n<\/ul>\n<h3>Conformit\u00e9s:<\/h3>\n<ul>\n<li>UIT-T G651 \/ UIT-T G652D<\/li>\n<li>ANSI\/TIA 568-C.3<\/li>\n<li>CEI-794<\/li>\n<li>RoHS (en anglais seulement)<\/li>\n<\/ul>\n<h3>Applications:<\/h3>\n<ul>\n<li>Backbone dans les r\u00e9seaux locaux<\/li>\n<li>Int\u00e9rieur\/Ext\u00e9rieur dans les conduits<\/li>\n<li>C\u00e2blage interne\/Ventilateurs<\/li>\n<\/ul>\n<h3>Informations sur les commandes:<\/h3>\n<table>\n<tbody>\n<tr>\n<td width=\"151\">N\u00b0 de pi\u00e8ce<\/td>\n<td width=\"472\">2651xyzzz<\/td>\n<\/tr>\n<tr>\n<td width=\"151\">Description<\/td>\n<td width=\"472\">C\u00e2ble d\u2019acc\u00e8s \u00e0 fibre optique Premium Line, avec \u00e9l\u00e9ment de r\u00e9sistance en fil de verre, blind\u00e9 en acier, monotube<\/td>\n<\/tr>\n<tr>\n<td width=\"151\">x, mode<\/td>\n<td width=\"472\">1 : MM 62.5\/125 2 : SM 9\/125 3 : MM 50\/125 4 : MM\/OM3 9 : MM\/0M4<\/td>\n<\/tr>\n<tr>\n<td width=\"151\">y, gaine ext\u00e9rieure<\/td>\n<td width=\"472\">2 : LSOH 3 : PE<\/td>\n<\/tr>\n<tr>\n<td width=\"151\">zzz, nombre de fibres<\/td>\n<td width=\"472\">002 \/ 004 \/ 006 \/ 008 \/ 012 \/ 016 \/ 024<\/td>\n<\/tr>\n<\/tbody>\n<\/table>\n<p>&nbsp;<\/p>\n<h3><span style=\"color: #a13737;\"><strong><u>Plus d&#8217;informations (cliquez sur le signe &#8220;+&#8221; ci-dessous)<\/u><\/strong><\/span><\/h3>\n","protected":false},"featured_media":20611,"template":"","product_category":[425],"class_list":["post-20609","product","type-product","status-publish","has-post-thumbnail","hentry","product_category-reseau-local"],"yoast_head":"<!-- This site is optimized with the Yoast SEO plugin v27.2 - https:\/\/yoast.com\/product\/yoast-seo-wordpress\/ -->\n<title>C\u00e2ble \u00e0 fibre optique unitube blind\u00e9 en acier ext\u00e9rieur de r\u00e9sistance au verre<\/title>\n<meta name=\"description\" content=\"Ce type de c\u00e2ble \u00e0 fibre optique est livr\u00e9 avec un \u00e9l\u00e9ment de r\u00e9sistance suppl\u00e9mentaire en fil de verre pour fournir une double protection contre les rongeurs. En savoir plus !\" \/>\n<meta name=\"robots\" content=\"index, follow, max-snippet:-1, max-image-preview:large, max-video-preview:-1\" \/>\n<link rel=\"canonical\" href=\"https:\/\/premiumline-cabling.com\/fr\/product\/acier-exterieur-blinde-verre-resistance-uni-tube\/\" \/>\n<meta property=\"og:locale\" content=\"fr_FR\" \/>\n<meta property=\"og:type\" content=\"article\" \/>\n<meta property=\"og:title\" content=\"C\u00e2ble \u00e0 fibre optique unitube blind\u00e9 en acier ext\u00e9rieur de r\u00e9sistance au verre\" \/>\n<meta property=\"og:description\" content=\"Ce type de c\u00e2ble \u00e0 fibre optique est livr\u00e9 avec un \u00e9l\u00e9ment de r\u00e9sistance suppl\u00e9mentaire en fil de verre pour fournir une double protection contre les rongeurs. En savoir plus !\" \/>\n<meta property=\"og:url\" content=\"https:\/\/premiumline-cabling.com\/fr\/product\/acier-exterieur-blinde-verre-resistance-uni-tube\/\" \/>\n<meta property=\"og:site_name\" content=\"Premium-Line\" \/>\n<meta property=\"article:modified_time\" content=\"2023-12-14T15:10:07+00:00\" \/>\n<meta property=\"og:image\" content=\"https:\/\/premiumline-cabling.com\/wp-content\/uploads\/2019\/02\/PL_imgOutdoor-Steel-Armored-Glass-Strength-Uni-tube.jpg\" \/>\n\t<meta property=\"og:image:width\" content=\"283\" \/>\n\t<meta property=\"og:image:height\" content=\"220\" \/>\n\t<meta property=\"og:image:type\" content=\"image\/jpeg\" \/>\n<meta name=\"twitter:card\" content=\"summary_large_image\" \/>\n<meta name=\"twitter:label1\" content=\"Dur\u00e9e de lecture estim\u00e9e\" \/>\n\t<meta name=\"twitter:data1\" content=\"2 minutes\" \/>\n<script type=\"application\/ld+json\" class=\"yoast-schema-graph\">{\"@context\":\"https:\/\/schema.org\",\"@graph\":[{\"@type\":\"WebPage\",\"@id\":\"https:\/\/premiumline-cabling.com\/fr\/product\/acier-exterieur-blinde-verre-resistance-uni-tube\/\",\"url\":\"https:\/\/premiumline-cabling.com\/fr\/product\/acier-exterieur-blinde-verre-resistance-uni-tube\/\",\"name\":\"C\u00e2ble \u00e0 fibre optique unitube blind\u00e9 en acier ext\u00e9rieur de r\u00e9sistance au verre\",\"isPartOf\":{\"@id\":\"https:\/\/premiumline-cabling.com\/#website\"},\"primaryImageOfPage\":{\"@id\":\"https:\/\/premiumline-cabling.com\/fr\/product\/acier-exterieur-blinde-verre-resistance-uni-tube\/#primaryimage\"},\"image\":{\"@id\":\"https:\/\/premiumline-cabling.com\/fr\/product\/acier-exterieur-blinde-verre-resistance-uni-tube\/#primaryimage\"},\"thumbnailUrl\":\"https:\/\/premiumline-cabling.com\/wp-content\/uploads\/2019\/02\/PL_imgOutdoor-Steel-Armored-Glass-Strength-Uni-tube.jpg\",\"datePublished\":\"2019-02-03T12:28:33+00:00\",\"dateModified\":\"2023-12-14T15:10:07+00:00\",\"description\":\"Ce type de c\u00e2ble \u00e0 fibre optique est livr\u00e9 avec un \u00e9l\u00e9ment de r\u00e9sistance suppl\u00e9mentaire en fil de verre pour fournir une double protection contre les rongeurs. En savoir plus !\",\"breadcrumb\":{\"@id\":\"https:\/\/premiumline-cabling.com\/fr\/product\/acier-exterieur-blinde-verre-resistance-uni-tube\/#breadcrumb\"},\"inLanguage\":\"fr-FR\",\"potentialAction\":[{\"@type\":\"ReadAction\",\"target\":[\"https:\/\/premiumline-cabling.com\/fr\/product\/acier-exterieur-blinde-verre-resistance-uni-tube\/\"]}]},{\"@type\":\"ImageObject\",\"inLanguage\":\"fr-FR\",\"@id\":\"https:\/\/premiumline-cabling.com\/fr\/product\/acier-exterieur-blinde-verre-resistance-uni-tube\/#primaryimage\",\"url\":\"https:\/\/premiumline-cabling.com\/wp-content\/uploads\/2019\/02\/PL_imgOutdoor-Steel-Armored-Glass-Strength-Uni-tube.jpg\",\"contentUrl\":\"https:\/\/premiumline-cabling.com\/wp-content\/uploads\/2019\/02\/PL_imgOutdoor-Steel-Armored-Glass-Strength-Uni-tube.jpg\",\"width\":283,\"height\":220},{\"@type\":\"BreadcrumbList\",\"@id\":\"https:\/\/premiumline-cabling.com\/fr\/product\/acier-exterieur-blinde-verre-resistance-uni-tube\/#breadcrumb\",\"itemListElement\":[{\"@type\":\"ListItem\",\"position\":1,\"name\":\"\u0413\u043b\u0430\u0432\u043d\u0430\u044f \u0441\u0442\u0440\u0430\u043d\u0438\u0446\u0430\",\"item\":\"https:\/\/premiumline-cabling.com\/fr\/\"},{\"@type\":\"ListItem\",\"position\":2,\"name\":\"Acier ext\u00e9rieur blind\u00e9 verre r\u00e9sistance Uni-tube\"}]},{\"@type\":\"WebSite\",\"@id\":\"https:\/\/premiumline-cabling.com\/#website\",\"url\":\"https:\/\/premiumline-cabling.com\/\",\"name\":\"Premium-Line\",\"description\":\"Structured Cabling System\",\"publisher\":{\"@id\":\"https:\/\/premiumline-cabling.com\/#organization\"},\"potentialAction\":[{\"@type\":\"SearchAction\",\"target\":{\"@type\":\"EntryPoint\",\"urlTemplate\":\"https:\/\/premiumline-cabling.com\/?s={search_term_string}\"},\"query-input\":{\"@type\":\"PropertyValueSpecification\",\"valueRequired\":true,\"valueName\":\"search_term_string\"}}],\"inLanguage\":\"fr-FR\"},{\"@type\":\"Organization\",\"@id\":\"https:\/\/premiumline-cabling.com\/#organization\",\"name\":\"Premium-Line\",\"url\":\"https:\/\/premiumline-cabling.com\/\",\"logo\":{\"@type\":\"ImageObject\",\"inLanguage\":\"fr-FR\",\"@id\":\"https:\/\/premiumline-cabling.com\/#\/schema\/logo\/image\/\",\"url\":\"https:\/\/premiumline-cabling.com\/wp-content\/uploads\/2019\/04\/cropped-img_logo_site_Premium-Line.png\",\"contentUrl\":\"https:\/\/premiumline-cabling.com\/wp-content\/uploads\/2019\/04\/cropped-img_logo_site_Premium-Line.png\",\"width\":190,\"height\":62,\"caption\":\"Premium-Line\"},\"image\":{\"@id\":\"https:\/\/premiumline-cabling.com\/#\/schema\/logo\/image\/\"}}]}<\/script>\n<!-- \/ Yoast SEO plugin. -->","yoast_head_json":{"title":"C\u00e2ble \u00e0 fibre optique unitube blind\u00e9 en acier ext\u00e9rieur de r\u00e9sistance au verre","description":"Ce type de c\u00e2ble \u00e0 fibre optique est livr\u00e9 avec un \u00e9l\u00e9ment de r\u00e9sistance suppl\u00e9mentaire en fil de verre pour fournir une double protection contre les rongeurs. En savoir plus !","robots":{"index":"index","follow":"follow","max-snippet":"max-snippet:-1","max-image-preview":"max-image-preview:large","max-video-preview":"max-video-preview:-1"},"canonical":"https:\/\/premiumline-cabling.com\/fr\/product\/acier-exterieur-blinde-verre-resistance-uni-tube\/","og_locale":"fr_FR","og_type":"article","og_title":"C\u00e2ble \u00e0 fibre optique unitube blind\u00e9 en acier ext\u00e9rieur de r\u00e9sistance au verre","og_description":"Ce type de c\u00e2ble \u00e0 fibre optique est livr\u00e9 avec un \u00e9l\u00e9ment de r\u00e9sistance suppl\u00e9mentaire en fil de verre pour fournir une double protection contre les rongeurs. En savoir plus !","og_url":"https:\/\/premiumline-cabling.com\/fr\/product\/acier-exterieur-blinde-verre-resistance-uni-tube\/","og_site_name":"Premium-Line","article_modified_time":"2023-12-14T15:10:07+00:00","og_image":[{"width":283,"height":220,"url":"https:\/\/premiumline-cabling.com\/wp-content\/uploads\/2019\/02\/PL_imgOutdoor-Steel-Armored-Glass-Strength-Uni-tube.jpg","type":"image\/jpeg"}],"twitter_card":"summary_large_image","twitter_misc":{"Dur\u00e9e de lecture estim\u00e9e":"2 minutes"},"schema":{"@context":"https:\/\/schema.org","@graph":[{"@type":"WebPage","@id":"https:\/\/premiumline-cabling.com\/fr\/product\/acier-exterieur-blinde-verre-resistance-uni-tube\/","url":"https:\/\/premiumline-cabling.com\/fr\/product\/acier-exterieur-blinde-verre-resistance-uni-tube\/","name":"C\u00e2ble \u00e0 fibre optique unitube blind\u00e9 en acier ext\u00e9rieur de r\u00e9sistance au verre","isPartOf":{"@id":"https:\/\/premiumline-cabling.com\/#website"},"primaryImageOfPage":{"@id":"https:\/\/premiumline-cabling.com\/fr\/product\/acier-exterieur-blinde-verre-resistance-uni-tube\/#primaryimage"},"image":{"@id":"https:\/\/premiumline-cabling.com\/fr\/product\/acier-exterieur-blinde-verre-resistance-uni-tube\/#primaryimage"},"thumbnailUrl":"https:\/\/premiumline-cabling.com\/wp-content\/uploads\/2019\/02\/PL_imgOutdoor-Steel-Armored-Glass-Strength-Uni-tube.jpg","datePublished":"2019-02-03T12:28:33+00:00","dateModified":"2023-12-14T15:10:07+00:00","description":"Ce type de c\u00e2ble \u00e0 fibre optique est livr\u00e9 avec un \u00e9l\u00e9ment de r\u00e9sistance suppl\u00e9mentaire en fil de verre pour fournir une double protection contre les rongeurs. En savoir plus !","breadcrumb":{"@id":"https:\/\/premiumline-cabling.com\/fr\/product\/acier-exterieur-blinde-verre-resistance-uni-tube\/#breadcrumb"},"inLanguage":"fr-FR","potentialAction":[{"@type":"ReadAction","target":["https:\/\/premiumline-cabling.com\/fr\/product\/acier-exterieur-blinde-verre-resistance-uni-tube\/"]}]},{"@type":"ImageObject","inLanguage":"fr-FR","@id":"https:\/\/premiumline-cabling.com\/fr\/product\/acier-exterieur-blinde-verre-resistance-uni-tube\/#primaryimage","url":"https:\/\/premiumline-cabling.com\/wp-content\/uploads\/2019\/02\/PL_imgOutdoor-Steel-Armored-Glass-Strength-Uni-tube.jpg","contentUrl":"https:\/\/premiumline-cabling.com\/wp-content\/uploads\/2019\/02\/PL_imgOutdoor-Steel-Armored-Glass-Strength-Uni-tube.jpg","width":283,"height":220},{"@type":"BreadcrumbList","@id":"https:\/\/premiumline-cabling.com\/fr\/product\/acier-exterieur-blinde-verre-resistance-uni-tube\/#breadcrumb","itemListElement":[{"@type":"ListItem","position":1,"name":"\u0413\u043b\u0430\u0432\u043d\u0430\u044f \u0441\u0442\u0440\u0430\u043d\u0438\u0446\u0430","item":"https:\/\/premiumline-cabling.com\/fr\/"},{"@type":"ListItem","position":2,"name":"Acier ext\u00e9rieur blind\u00e9 verre r\u00e9sistance Uni-tube"}]},{"@type":"WebSite","@id":"https:\/\/premiumline-cabling.com\/#website","url":"https:\/\/premiumline-cabling.com\/","name":"Premium-Line","description":"Structured Cabling System","publisher":{"@id":"https:\/\/premiumline-cabling.com\/#organization"},"potentialAction":[{"@type":"SearchAction","target":{"@type":"EntryPoint","urlTemplate":"https:\/\/premiumline-cabling.com\/?s={search_term_string}"},"query-input":{"@type":"PropertyValueSpecification","valueRequired":true,"valueName":"search_term_string"}}],"inLanguage":"fr-FR"},{"@type":"Organization","@id":"https:\/\/premiumline-cabling.com\/#organization","name":"Premium-Line","url":"https:\/\/premiumline-cabling.com\/","logo":{"@type":"ImageObject","inLanguage":"fr-FR","@id":"https:\/\/premiumline-cabling.com\/#\/schema\/logo\/image\/","url":"https:\/\/premiumline-cabling.com\/wp-content\/uploads\/2019\/04\/cropped-img_logo_site_Premium-Line.png","contentUrl":"https:\/\/premiumline-cabling.com\/wp-content\/uploads\/2019\/04\/cropped-img_logo_site_Premium-Line.png","width":190,"height":62,"caption":"Premium-Line"},"image":{"@id":"https:\/\/premiumline-cabling.com\/#\/schema\/logo\/image\/"}}]}},"_links":{"self":[{"href":"https:\/\/premiumline-cabling.com\/fr\/wp-json\/wp\/v2\/product\/20609","targetHints":{"allow":["GET"]}}],"collection":[{"href":"https:\/\/premiumline-cabling.com\/fr\/wp-json\/wp\/v2\/product"}],"about":[{"href":"https:\/\/premiumline-cabling.com\/fr\/wp-json\/wp\/v2\/types\/product"}],"wp:featuredmedia":[{"embeddable":true,"href":"https:\/\/premiumline-cabling.com\/fr\/wp-json\/wp\/v2\/media\/20611"}],"wp:attachment":[{"href":"https:\/\/premiumline-cabling.com\/fr\/wp-json\/wp\/v2\/media?parent=20609"}],"wp:term":[{"taxonomy":"product_category","embeddable":true,"href":"https:\/\/premiumline-cabling.com\/fr\/wp-json\/wp\/v2\/product_category?post=20609"}],"curies":[{"name":"wp","href":"https:\/\/api.w.org\/{rel}","templated":true}]}}