{"id":20605,"date":"2019-02-03T13:16:41","date_gmt":"2019-02-03T12:16:41","guid":{"rendered":"https:\/\/premiumline-cabling.com\/product\/verre-exterieur-resistant-uni-tube\/"},"modified":"2023-12-14T16:08:11","modified_gmt":"2023-12-14T15:08:11","slug":"verre-exterieur-resistant-uni-tube","status":"publish","type":"product","link":"https:\/\/premiumline-cabling.com\/fr\/product\/verre-exterieur-resistant-uni-tube\/","title":{"rendered":"Verre ext\u00e9rieur r\u00e9sistant Uni-tube"},"content":{"rendered":"<p><a href=\"https:\/\/premiumline-cabling.com\/wp-content\/uploads\/2019\/02\/img_PL_csm_local-area-network-263123004_05_221204669c.jpg\"><noscript><img decoding=\"async\" class=\"wp-image-587 size-medium alignright\" src=\"https:\/\/premiumline-cabling.com\/wp-content\/uploads\/2019\/02\/img_PL_csm_local-area-network-263123004_05_221204669c-300x129.jpg\" alt width=\"300\" height=\"129\" srcset=\"https:\/\/premiumline-cabling.com\/wp-content\/uploads\/2019\/02\/img_PL_csm_local-area-network-263123004_05_221204669c-300x129.jpg 300w, https:\/\/premiumline-cabling.com\/wp-content\/uploads\/2019\/02\/img_PL_csm_local-area-network-263123004_05_221204669c-768x331.jpg 768w, https:\/\/premiumline-cabling.com\/wp-content\/uploads\/2019\/02\/img_PL_csm_local-area-network-263123004_05_221204669c.jpg 800w\" sizes=\"(max-width: 300px) 100vw, 300px\"><\/noscript><img decoding=\"async\" class=\"wp-image-587 size-medium alignright lazyload\" src=\"data:image\/svg+xml,%3Csvg%20xmlns%3D%22http%3A%2F%2Fwww.w3.org%2F2000%2Fsvg%22%20viewBox%3D%220%200%20300%20129%22%3E%3C%2Fsvg%3E\" alt width=\"300\" height=\"129\" srcset=\"data:image\/svg+xml,%3Csvg%20xmlns%3D%22http%3A%2F%2Fwww.w3.org%2F2000%2Fsvg%22%20viewBox%3D%220%200%20300%20129%22%3E%3C%2Fsvg%3E 300w\" sizes=\"(max-width: 300px) 100vw, 300px\" data-srcset=\"https:\/\/premiumline-cabling.com\/wp-content\/uploads\/2019\/02\/img_PL_csm_local-area-network-263123004_05_221204669c-300x129.jpg 300w, https:\/\/premiumline-cabling.com\/wp-content\/uploads\/2019\/02\/img_PL_csm_local-area-network-263123004_05_221204669c-768x331.jpg 768w, https:\/\/premiumline-cabling.com\/wp-content\/uploads\/2019\/02\/img_PL_csm_local-area-network-263123004_05_221204669c.jpg 800w\" data-src=\"https:\/\/premiumline-cabling.com\/wp-content\/uploads\/2019\/02\/img_PL_csm_local-area-network-263123004_05_221204669c-300x129.jpg\"><\/a><\/p>\n<h2>C\u00e2ble \u00e0 fibre optique unitube ext\u00e9rieur de r\u00e9sistance au verre<\/h2>\n<p>Les fibres, 250\u03bcm, sont positionn\u00e9es dans un tube libre en plastique haut module. Le tube est rempli de compos\u00e9 de remplissage. Le tube est recouvert d\u2019une couche de fil de verre comme \u00e9l\u00e9ment de r\u00e9sistance. Le c\u00e2ble est compl\u00e9t\u00e9 par une gaine PE ou LSOH.<\/p>\n<h3>Caract\u00e9ristiques:<\/h3>\n<ul>\n<li>Bonnes performances m\u00e9caniques et thermiques<\/li>\n<li>Tube l\u00e2che \u00e0 haute r\u00e9sistance r\u00e9sistant \u00e0 l\u2019hydrolyse<\/li>\n<li>L\u2019\u00e9l\u00e9ment de r\u00e9sistance en fil de verre assure la r\u00e9sistance \u00e0 la traction<\/li>\n<li>R\u00e9sistance \u00e0 l\u2019\u00e9crasement et flexibilit\u00e9<\/li>\n<\/ul>\n<h3>Conformit\u00e9s:<\/h3>\n<ul>\n<li>UIT-T G651 \/ UIT-T G652D<\/li>\n<li>ANSI\/TIA 568-C.3<\/li>\n<li>CEI-794<\/li>\n<li>RoHS (en anglais seulement)<\/li>\n<\/ul>\n<h3>Applications:<\/h3>\n<ul>\n<li>Backbone dans les r\u00e9seaux locaux<\/li>\n<li>Int\u00e9rieur\/Ext\u00e9rieur dans les conduits<\/li>\n<li>C\u00e2blage interne\/Ventilateurs<\/li>\n<\/ul>\n<h3>Informations sur les commandes:<\/h3>\n<p>Num\u00e9ro d \u0301article 2631xyzzz<\/p>\n<p>Description C\u00e2ble d\u2019acc\u00e8s \u00e0 fibre optique de haut niveau, avec \u00e9l\u00e9ment de r\u00e9sistance en fil de verre, Uni-tube<\/p>\n<p>x, mode 1 : MM 62,5\/125 2 : SM 9\/125 3 : MM 50\/125 4 : MM\/OM3 9 : MM\/OM4<\/p>\n<p>y, gaine ext\u00e9rieure 2 : LSOH 3 : PE<\/p>\n<p>zzz, nombre de fibres 002 \/ 004 \/ 006 \/ 008 \/ 012 \/ 024<\/p>\n<p>&nbsp;<\/p>\n<h3><span style=\"color: #a13737;\"><strong><u>Plus d&#8217;informations (cliquez sur le signe &#8220;+&#8221; ci-dessous)<\/u><\/strong><\/span><\/h3>\n","protected":false},"featured_media":20607,"template":"","product_category":[425],"class_list":["post-20605","product","type-product","status-publish","has-post-thumbnail","hentry","product_category-reseau-local"],"yoast_head":"<!-- This site is optimized with the Yoast SEO plugin v27.4 - https:\/\/yoast.com\/product\/yoast-seo-wordpress\/ -->\n<title>C\u00e2ble \u00e0 fibre optique unitube r\u00e9sistant au verre ext\u00e9rieur - Premium-Line<\/title>\n<meta name=\"description\" content=\"Les fibres optiques sont positionn\u00e9es dans un tube libre en plastique haut module. Le tube est rempli d\u2019un compos\u00e9 de remplissage pour donner aux fibres d\u2019excellentes performances d\u2019\u00e9tanch\u00e9it\u00e9.\" \/>\n<meta name=\"robots\" content=\"index, follow, max-snippet:-1, max-image-preview:large, max-video-preview:-1\" \/>\n<link rel=\"canonical\" href=\"https:\/\/premiumline-cabling.com\/fr\/product\/verre-exterieur-resistant-uni-tube\/\" \/>\n<meta property=\"og:locale\" content=\"fr_FR\" \/>\n<meta property=\"og:type\" content=\"article\" \/>\n<meta property=\"og:title\" content=\"C\u00e2ble \u00e0 fibre optique unitube r\u00e9sistant au verre ext\u00e9rieur - Premium-Line\" \/>\n<meta property=\"og:description\" content=\"Les fibres optiques sont positionn\u00e9es dans un tube libre en plastique haut module. Le tube est rempli d\u2019un compos\u00e9 de remplissage pour donner aux fibres d\u2019excellentes performances d\u2019\u00e9tanch\u00e9it\u00e9.\" \/>\n<meta property=\"og:url\" content=\"https:\/\/premiumline-cabling.com\/fr\/product\/verre-exterieur-resistant-uni-tube\/\" \/>\n<meta property=\"og:site_name\" content=\"Premium-Line\" \/>\n<meta property=\"article:modified_time\" content=\"2023-12-14T15:08:11+00:00\" \/>\n<meta property=\"og:image\" content=\"https:\/\/premiumline-cabling.com\/wp-content\/uploads\/2019\/02\/img_PL_csm_local-area-network-1.jpg\" \/>\n\t<meta property=\"og:image:width\" content=\"283\" \/>\n\t<meta property=\"og:image:height\" content=\"220\" \/>\n\t<meta property=\"og:image:type\" content=\"image\/jpeg\" \/>\n<meta name=\"twitter:card\" content=\"summary_large_image\" \/>\n<meta name=\"twitter:label1\" content=\"Dur\u00e9e de lecture estim\u00e9e\" \/>\n\t<meta name=\"twitter:data1\" content=\"2 minutes\" \/>\n<script type=\"application\/ld+json\" class=\"yoast-schema-graph\">{\"@context\":\"https:\\\/\\\/schema.org\",\"@graph\":[{\"@type\":\"WebPage\",\"@id\":\"https:\\\/\\\/premiumline-cabling.com\\\/fr\\\/product\\\/verre-exterieur-resistant-uni-tube\\\/\",\"url\":\"https:\\\/\\\/premiumline-cabling.com\\\/fr\\\/product\\\/verre-exterieur-resistant-uni-tube\\\/\",\"name\":\"C\u00e2ble \u00e0 fibre optique unitube r\u00e9sistant au verre ext\u00e9rieur - Premium-Line\",\"isPartOf\":{\"@id\":\"https:\\\/\\\/premiumline-cabling.com\\\/#website\"},\"primaryImageOfPage\":{\"@id\":\"https:\\\/\\\/premiumline-cabling.com\\\/fr\\\/product\\\/verre-exterieur-resistant-uni-tube\\\/#primaryimage\"},\"image\":{\"@id\":\"https:\\\/\\\/premiumline-cabling.com\\\/fr\\\/product\\\/verre-exterieur-resistant-uni-tube\\\/#primaryimage\"},\"thumbnailUrl\":\"https:\\\/\\\/premiumline-cabling.com\\\/wp-content\\\/uploads\\\/2019\\\/02\\\/img_PL_csm_local-area-network-1.jpg\",\"datePublished\":\"2019-02-03T12:16:41+00:00\",\"dateModified\":\"2023-12-14T15:08:11+00:00\",\"description\":\"Les fibres optiques sont positionn\u00e9es dans un tube libre en plastique haut module. Le tube est rempli d\u2019un compos\u00e9 de remplissage pour donner aux fibres d\u2019excellentes performances d\u2019\u00e9tanch\u00e9it\u00e9.\",\"breadcrumb\":{\"@id\":\"https:\\\/\\\/premiumline-cabling.com\\\/fr\\\/product\\\/verre-exterieur-resistant-uni-tube\\\/#breadcrumb\"},\"inLanguage\":\"fr-FR\",\"potentialAction\":[{\"@type\":\"ReadAction\",\"target\":[\"https:\\\/\\\/premiumline-cabling.com\\\/fr\\\/product\\\/verre-exterieur-resistant-uni-tube\\\/\"]}]},{\"@type\":\"ImageObject\",\"inLanguage\":\"fr-FR\",\"@id\":\"https:\\\/\\\/premiumline-cabling.com\\\/fr\\\/product\\\/verre-exterieur-resistant-uni-tube\\\/#primaryimage\",\"url\":\"https:\\\/\\\/premiumline-cabling.com\\\/wp-content\\\/uploads\\\/2019\\\/02\\\/img_PL_csm_local-area-network-1.jpg\",\"contentUrl\":\"https:\\\/\\\/premiumline-cabling.com\\\/wp-content\\\/uploads\\\/2019\\\/02\\\/img_PL_csm_local-area-network-1.jpg\",\"width\":283,\"height\":220},{\"@type\":\"BreadcrumbList\",\"@id\":\"https:\\\/\\\/premiumline-cabling.com\\\/fr\\\/product\\\/verre-exterieur-resistant-uni-tube\\\/#breadcrumb\",\"itemListElement\":[{\"@type\":\"ListItem\",\"position\":1,\"name\":\"\u0413\u043b\u0430\u0432\u043d\u0430\u044f \u0441\u0442\u0440\u0430\u043d\u0438\u0446\u0430\",\"item\":\"https:\\\/\\\/premiumline-cabling.com\\\/fr\\\/\"},{\"@type\":\"ListItem\",\"position\":2,\"name\":\"Verre ext\u00e9rieur r\u00e9sistant Uni-tube\"}]},{\"@type\":\"WebSite\",\"@id\":\"https:\\\/\\\/premiumline-cabling.com\\\/#website\",\"url\":\"https:\\\/\\\/premiumline-cabling.com\\\/\",\"name\":\"Premium-Line\",\"description\":\"Structured Cabling System\",\"publisher\":{\"@id\":\"https:\\\/\\\/premiumline-cabling.com\\\/#organization\"},\"potentialAction\":[{\"@type\":\"SearchAction\",\"target\":{\"@type\":\"EntryPoint\",\"urlTemplate\":\"https:\\\/\\\/premiumline-cabling.com\\\/?s={search_term_string}\"},\"query-input\":{\"@type\":\"PropertyValueSpecification\",\"valueRequired\":true,\"valueName\":\"search_term_string\"}}],\"inLanguage\":\"fr-FR\"},{\"@type\":\"Organization\",\"@id\":\"https:\\\/\\\/premiumline-cabling.com\\\/#organization\",\"name\":\"Premium-Line\",\"url\":\"https:\\\/\\\/premiumline-cabling.com\\\/\",\"logo\":{\"@type\":\"ImageObject\",\"inLanguage\":\"fr-FR\",\"@id\":\"https:\\\/\\\/premiumline-cabling.com\\\/#\\\/schema\\\/logo\\\/image\\\/\",\"url\":\"https:\\\/\\\/premiumline-cabling.com\\\/wp-content\\\/uploads\\\/2019\\\/04\\\/cropped-img_logo_site_Premium-Line.png\",\"contentUrl\":\"https:\\\/\\\/premiumline-cabling.com\\\/wp-content\\\/uploads\\\/2019\\\/04\\\/cropped-img_logo_site_Premium-Line.png\",\"width\":190,\"height\":62,\"caption\":\"Premium-Line\"},\"image\":{\"@id\":\"https:\\\/\\\/premiumline-cabling.com\\\/#\\\/schema\\\/logo\\\/image\\\/\"}}]}<\/script>\n<!-- \/ Yoast SEO plugin. -->","yoast_head_json":{"title":"C\u00e2ble \u00e0 fibre optique unitube r\u00e9sistant au verre ext\u00e9rieur - Premium-Line","description":"Les fibres optiques sont positionn\u00e9es dans un tube libre en plastique haut module. Le tube est rempli d\u2019un compos\u00e9 de remplissage pour donner aux fibres d\u2019excellentes performances d\u2019\u00e9tanch\u00e9it\u00e9.","robots":{"index":"index","follow":"follow","max-snippet":"max-snippet:-1","max-image-preview":"max-image-preview:large","max-video-preview":"max-video-preview:-1"},"canonical":"https:\/\/premiumline-cabling.com\/fr\/product\/verre-exterieur-resistant-uni-tube\/","og_locale":"fr_FR","og_type":"article","og_title":"C\u00e2ble \u00e0 fibre optique unitube r\u00e9sistant au verre ext\u00e9rieur - Premium-Line","og_description":"Les fibres optiques sont positionn\u00e9es dans un tube libre en plastique haut module. Le tube est rempli d\u2019un compos\u00e9 de remplissage pour donner aux fibres d\u2019excellentes performances d\u2019\u00e9tanch\u00e9it\u00e9.","og_url":"https:\/\/premiumline-cabling.com\/fr\/product\/verre-exterieur-resistant-uni-tube\/","og_site_name":"Premium-Line","article_modified_time":"2023-12-14T15:08:11+00:00","og_image":[{"width":283,"height":220,"url":"https:\/\/premiumline-cabling.com\/wp-content\/uploads\/2019\/02\/img_PL_csm_local-area-network-1.jpg","type":"image\/jpeg"}],"twitter_card":"summary_large_image","twitter_misc":{"Dur\u00e9e de lecture estim\u00e9e":"2 minutes"},"schema":{"@context":"https:\/\/schema.org","@graph":[{"@type":"WebPage","@id":"https:\/\/premiumline-cabling.com\/fr\/product\/verre-exterieur-resistant-uni-tube\/","url":"https:\/\/premiumline-cabling.com\/fr\/product\/verre-exterieur-resistant-uni-tube\/","name":"C\u00e2ble \u00e0 fibre optique unitube r\u00e9sistant au verre ext\u00e9rieur - Premium-Line","isPartOf":{"@id":"https:\/\/premiumline-cabling.com\/#website"},"primaryImageOfPage":{"@id":"https:\/\/premiumline-cabling.com\/fr\/product\/verre-exterieur-resistant-uni-tube\/#primaryimage"},"image":{"@id":"https:\/\/premiumline-cabling.com\/fr\/product\/verre-exterieur-resistant-uni-tube\/#primaryimage"},"thumbnailUrl":"https:\/\/premiumline-cabling.com\/wp-content\/uploads\/2019\/02\/img_PL_csm_local-area-network-1.jpg","datePublished":"2019-02-03T12:16:41+00:00","dateModified":"2023-12-14T15:08:11+00:00","description":"Les fibres optiques sont positionn\u00e9es dans un tube libre en plastique haut module. Le tube est rempli d\u2019un compos\u00e9 de remplissage pour donner aux fibres d\u2019excellentes performances d\u2019\u00e9tanch\u00e9it\u00e9.","breadcrumb":{"@id":"https:\/\/premiumline-cabling.com\/fr\/product\/verre-exterieur-resistant-uni-tube\/#breadcrumb"},"inLanguage":"fr-FR","potentialAction":[{"@type":"ReadAction","target":["https:\/\/premiumline-cabling.com\/fr\/product\/verre-exterieur-resistant-uni-tube\/"]}]},{"@type":"ImageObject","inLanguage":"fr-FR","@id":"https:\/\/premiumline-cabling.com\/fr\/product\/verre-exterieur-resistant-uni-tube\/#primaryimage","url":"https:\/\/premiumline-cabling.com\/wp-content\/uploads\/2019\/02\/img_PL_csm_local-area-network-1.jpg","contentUrl":"https:\/\/premiumline-cabling.com\/wp-content\/uploads\/2019\/02\/img_PL_csm_local-area-network-1.jpg","width":283,"height":220},{"@type":"BreadcrumbList","@id":"https:\/\/premiumline-cabling.com\/fr\/product\/verre-exterieur-resistant-uni-tube\/#breadcrumb","itemListElement":[{"@type":"ListItem","position":1,"name":"\u0413\u043b\u0430\u0432\u043d\u0430\u044f \u0441\u0442\u0440\u0430\u043d\u0438\u0446\u0430","item":"https:\/\/premiumline-cabling.com\/fr\/"},{"@type":"ListItem","position":2,"name":"Verre ext\u00e9rieur r\u00e9sistant Uni-tube"}]},{"@type":"WebSite","@id":"https:\/\/premiumline-cabling.com\/#website","url":"https:\/\/premiumline-cabling.com\/","name":"Premium-Line","description":"Structured Cabling System","publisher":{"@id":"https:\/\/premiumline-cabling.com\/#organization"},"potentialAction":[{"@type":"SearchAction","target":{"@type":"EntryPoint","urlTemplate":"https:\/\/premiumline-cabling.com\/?s={search_term_string}"},"query-input":{"@type":"PropertyValueSpecification","valueRequired":true,"valueName":"search_term_string"}}],"inLanguage":"fr-FR"},{"@type":"Organization","@id":"https:\/\/premiumline-cabling.com\/#organization","name":"Premium-Line","url":"https:\/\/premiumline-cabling.com\/","logo":{"@type":"ImageObject","inLanguage":"fr-FR","@id":"https:\/\/premiumline-cabling.com\/#\/schema\/logo\/image\/","url":"https:\/\/premiumline-cabling.com\/wp-content\/uploads\/2019\/04\/cropped-img_logo_site_Premium-Line.png","contentUrl":"https:\/\/premiumline-cabling.com\/wp-content\/uploads\/2019\/04\/cropped-img_logo_site_Premium-Line.png","width":190,"height":62,"caption":"Premium-Line"},"image":{"@id":"https:\/\/premiumline-cabling.com\/#\/schema\/logo\/image\/"}}]}},"_links":{"self":[{"href":"https:\/\/premiumline-cabling.com\/fr\/wp-json\/wp\/v2\/product\/20605","targetHints":{"allow":["GET"]}}],"collection":[{"href":"https:\/\/premiumline-cabling.com\/fr\/wp-json\/wp\/v2\/product"}],"about":[{"href":"https:\/\/premiumline-cabling.com\/fr\/wp-json\/wp\/v2\/types\/product"}],"wp:featuredmedia":[{"embeddable":true,"href":"https:\/\/premiumline-cabling.com\/fr\/wp-json\/wp\/v2\/media\/20607"}],"wp:attachment":[{"href":"https:\/\/premiumline-cabling.com\/fr\/wp-json\/wp\/v2\/media?parent=20605"}],"wp:term":[{"taxonomy":"product_category","embeddable":true,"href":"https:\/\/premiumline-cabling.com\/fr\/wp-json\/wp\/v2\/product_category?post=20605"}],"curies":[{"name":"wp","href":"https:\/\/api.w.org\/{rel}","templated":true}]}}