{"id":20603,"date":"2019-05-03T20:08:12","date_gmt":"2019-05-03T19:08:12","guid":{"rendered":"https:\/\/premiumline-cabling.com\/product\/repartiteur-optique-hd\/"},"modified":"2023-12-14T18:34:41","modified_gmt":"2023-12-14T17:34:41","slug":"repartiteur-optique-hd","status":"publish","type":"product","link":"https:\/\/premiumline-cabling.com\/fr\/product\/repartiteur-optique-hd\/","title":{"rendered":"R\u00e9partiteur optique HD"},"content":{"rendered":"<h3><noscript><img decoding=\"async\" class=\"size-full wp-image-182 aligncenter\" src=\"https:\/\/premiumline-cabling.com\/wp-content\/uploads\/2019\/01\/img_PL_News_High-Density-Optical-Distributor-Frame.jpg\" alt width=\"580\" height=\"485\" srcset=\"https:\/\/premiumline-cabling.com\/wp-content\/uploads\/2019\/01\/img_PL_News_High-Density-Optical-Distributor-Frame.jpg 580w, https:\/\/premiumline-cabling.com\/wp-content\/uploads\/2019\/01\/img_PL_News_High-Density-Optical-Distributor-Frame-300x251.jpg 300w\" sizes=\"(max-width: 580px) 100vw, 580px\"><\/noscript><img decoding=\"async\" class=\"size-full wp-image-182 aligncenter lazyload\" src=\"data:image\/svg+xml,%3Csvg%20xmlns%3D%22http%3A%2F%2Fwww.w3.org%2F2000%2Fsvg%22%20viewBox%3D%220%200%20580%20485%22%3E%3C%2Fsvg%3E\" alt width=\"580\" height=\"485\" srcset=\"data:image\/svg+xml,%3Csvg%20xmlns%3D%22http%3A%2F%2Fwww.w3.org%2F2000%2Fsvg%22%20viewBox%3D%220%200%20580%20485%22%3E%3C%2Fsvg%3E 580w\" sizes=\"(max-width: 580px) 100vw, 580px\" data-srcset=\"https:\/\/premiumline-cabling.com\/wp-content\/uploads\/2019\/01\/img_PL_News_High-Density-Optical-Distributor-Frame.jpg 580w, https:\/\/premiumline-cabling.com\/wp-content\/uploads\/2019\/01\/img_PL_News_High-Density-Optical-Distributor-Frame-300x251.jpg 300w\" data-src=\"https:\/\/premiumline-cabling.com\/wp-content\/uploads\/2019\/01\/img_PL_News_High-Density-Optical-Distributor-Frame.jpg\"><\/h3>\n<h3>CARACT\u00c9RISTIQUES:<\/h3>\n<ul>\n<li>Structure enti\u00e8rement ferm\u00e9e avec les avantages d\u2019une bonne performance d\u2019aspect \u00e9tanche \u00e0 la poussi\u00e8re, agr\u00e9able et soign\u00e9<\/li>\n<li>Suffisamment d\u2019espace pour la distribution de fibres et l\u2019espace de stockage et tr\u00e8s facile pour l\u2019installation et les op\u00e9rations<\/li>\n<li>La porte d\u2019entr\u00e9e avec serrure, fonctionnement enti\u00e8rement frontal, pratique pour les entretiens.<\/li>\n<li>Le syst\u00e8me d\u2019entr\u00e9e de c\u00e2ble est install\u00e9 sur le dessus du cadre, ce qui pr\u00e9sente d\u2019excellentes performances pour la fixation des c\u00e2bles.<\/li>\n<li>Couvercle de fixation de c\u00e2ble fiable et dispositif de protection de la terre fournis.<\/li>\n<li>L\u2019unit\u00e9 d\u2019\u00e9pissure et de distribution int\u00e9gr\u00e9e est adopt\u00e9e. Chaque unit\u00e9 peut contenir jusqu\u2019\u00e0 12 adaptateurs FC\/SC Simplex et jusqu\u2019\u00e0 12 adaptateurs LC Duplex. Toutes les unit\u00e9s ont des fentes sp\u00e9cialement con\u00e7ues et peuvent \u00eatre facilement retir\u00e9es pour fonctionner \u00e0 tout moment.<\/li>\n<li>Les adaptateurs acc\u00e8dent \u00e0 30 degr\u00e9s \u00e0 l\u2019installation de la surface de fonctionnement, ce qui facilite la connexion, assure le rayon de courbure du cordon de brassage et prot\u00e8ge \u00e9galement les yeux des installateurs des lumi\u00e8res<\/li>\n<li>Mat\u00e9riau du cadre&nbsp;: SPCC \/1,2 mm, autres&nbsp;: 1,0 mm, couleur&nbsp;: PANTONE gris froid 1C<\/li>\n<li>Aucune vis n\u2019est n\u00e9cessaire pour installer les adaptateurs<\/li>\n<\/ul>\n<h3>Conditions de fonctionnement:<\/h3>\n<ul>\n<li>Temp\u00e9rature : -5\u00b0C &#8211; +60\u00b0C<\/li>\n<li>Humidit\u00e9 : \u2264 90% \u00e0 40\u00b0C<\/li>\n<li>Pression d\u2019air : 70-106kPa<\/li>\n<\/ul>\n<h3>Dimensions et capacit\u00e9s:<\/h3>\n<table>\n<tbody>\n<tr>\n<td style=\"text-align: center;\" width=\"128\"><strong>Dimension<\/strong><\/td>\n<td style=\"text-align: center;\" colspan=\"2\" width=\"227\"><strong>Montage en rack 72 ports<\/strong><\/td>\n<td style=\"text-align: center;\" rowspan=\"2\" width=\"132\"><strong>Capacit\u00e9 maximale<\/strong>\n<p><strong>(FC\/SC Recto)<\/strong><\/p><\/td>\n<td style=\"text-align: center;\" rowspan=\"2\" width=\"113\"><strong>Capacit\u00e9 maximale<\/strong>\n<p><strong>(LC recto-verso)<\/strong><\/p><\/td>\n<\/tr>\n<tr>\n<td style=\"text-align: center;\" width=\"128\"><strong>H\u00d7W\u00d7D<\/strong><\/td>\n<td style=\"text-align: center;\" width=\"113\"><strong>Hauteur du rack<\/strong><\/td>\n<td style=\"text-align: center;\" width=\"113\"><strong>Quantit\u00e9 maximale (pcs)<\/strong><\/td>\n<\/tr>\n<tr>\n<td style=\"text-align: center;\" width=\"128\">2600\u00d7840\u00d7300<\/td>\n<td style=\"text-align: center;\" width=\"113\">4U<\/td>\n<td style=\"text-align: center;\" width=\"113\">11<\/td>\n<td style=\"text-align: center;\" width=\"132\">792<\/td>\n<td style=\"text-align: center;\" width=\"113\">1584<\/td>\n<\/tr>\n<tr>\n<td style=\"text-align: center;\" width=\"128\">2200\u00d7840\u00d7300<\/td>\n<td style=\"text-align: center;\" width=\"113\">4U<\/td>\n<td style=\"text-align: center;\" width=\"113\">9<\/td>\n<td style=\"text-align: center;\" width=\"132\">648<\/td>\n<td style=\"text-align: center;\" width=\"113\">1296<\/td>\n<\/tr>\n<tr>\n<td style=\"text-align: center;\" width=\"128\">2000\u00d7840\u00d7300<\/td>\n<td style=\"text-align: center;\" width=\"113\">4U<\/td>\n<td style=\"text-align: center;\" width=\"113\">8<\/td>\n<td style=\"text-align: center;\" width=\"132\">576<\/td>\n<td style=\"text-align: center;\" width=\"113\">1152<\/td>\n<\/tr>\n<\/tbody>\n<\/table>\n<p>&nbsp;<\/p>\n<h3><strong>LES INFORMATIONS RELATIVES \u00c0 LA COMMANDE:<\/strong><\/h3>\n<table style=\"width: 678px;\" width=\"637\">\n<tbody>\n<tr style=\"height: 23px;\">\n<td style=\"width: 159px; height: 23px;\" width=\"180\">N\u00b0 de pi\u00e8ce<\/td>\n<td style=\"height: 23px; width: 810px;\" colspan=\"8\" width=\"457\">651x0z114<\/td>\n<\/tr>\n<tr style=\"height: 23px;\">\n<td style=\"width: 159px; height: 23px;\" width=\"180\">Description<\/td>\n<td style=\"width: 810px; height: 23px;\" colspan=\"8\" width=\"457\">R\u00e9partiteur optique haute densit\u00e9 Premium Line, gris<\/td>\n<\/tr>\n<tr style=\"height: 23px;\">\n<td style=\"width: 159px; height: 46px;\" rowspan=\"4\" width=\"180\">x : type de produit<\/td>\n<td style=\"width: 810px; height: 23px;\" colspan=\"8\" width=\"76\">1 : corps principal (sans ODF mont\u00e9 en rack)<\/td>\n<\/tr>\n<tr style=\"height: 23px;\">\n<td style=\"height: 23px; width: 810px;\" colspan=\"8\" width=\"76\">3 : corps principal + ODF de montage en rack enti\u00e8rement charg\u00e9 (plateau SC\/Simplex. sans adaptateur)<\/td>\n<\/tr>\n<tr>\n<td style=\"width: 810px;\" colspan=\"8\">4 : corps principal + ODF de montage en rack enti\u00e8rement charg\u00e9 (plateau FC\/Simplex, sans adaptateur)<\/td>\n<\/tr>\n<tr>\n<td style=\"width: 810px;\" colspan=\"8\">5 : corps principal + ODF de montage en rack \u00e0 pleine charge (plateau LC\/duplex, sans adaptateur)<\/td>\n<\/tr>\n<tr style=\"height: 23px;\">\n<td style=\"width: 159px; height: 23px;\" width=\"180\">z, \u00e9lev\u00e9<\/td>\n<td style=\"width: 169.364px; height: 23px;\" colspan=\"2\" width=\"114\">1 : 2000mm<\/td>\n<td style=\"width: 327px; height: 23px;\" colspan=\"4\" width=\"114\">2 : 2200mm<\/td>\n<td style=\"width: 313.636px; height: 23px;\" colspan=\"2\" width=\"114\">3 : 2600mm<\/td>\n<\/tr>\n<\/tbody>\n<\/table>\n<h3><strong>ACCESSOIRES:<\/strong><\/h3>\n<table>\n<tbody>\n<tr>\n<td width=\"128\">N\u00b0 6502Y0004<\/td>\n<td width=\"528\">ODF 4U 19&nbsp;\u00bb mont\u00e9 en rack, 72 ports, sans adaptateurs, gris\n<p>y= 1 : SC type 3 : FC type 4 : LC duplex<\/p><\/td>\n<\/tr>\n<\/tbody>\n<\/table>\n<p><noscript><img decoding=\"async\" class=\"alignleft size-full wp-image-202\" src=\"https:\/\/premiumline-cabling.com\/wp-content\/uploads\/2019\/01\/img_Premium_Line_High-Density-Optical-Distributor-Frame_new.jpg\" alt width=\"430\" height=\"240\" srcset=\"https:\/\/premiumline-cabling.com\/wp-content\/uploads\/2019\/01\/img_Premium_Line_High-Density-Optical-Distributor-Frame_new.jpg 430w, https:\/\/premiumline-cabling.com\/wp-content\/uploads\/2019\/01\/img_Premium_Line_High-Density-Optical-Distributor-Frame_new-300x167.jpg 300w, https:\/\/premiumline-cabling.com\/wp-content\/uploads\/2019\/01\/img_Premium_Line_High-Density-Optical-Distributor-Frame_new-382x214.jpg 382w\" sizes=\"(max-width: 430px) 100vw, 430px\"><\/noscript><img decoding=\"async\" class=\"alignleft size-full wp-image-202 lazyload\" src=\"data:image\/svg+xml,%3Csvg%20xmlns%3D%22http%3A%2F%2Fwww.w3.org%2F2000%2Fsvg%22%20viewBox%3D%220%200%20430%20240%22%3E%3C%2Fsvg%3E\" alt width=\"430\" height=\"240\" srcset=\"data:image\/svg+xml,%3Csvg%20xmlns%3D%22http%3A%2F%2Fwww.w3.org%2F2000%2Fsvg%22%20viewBox%3D%220%200%20430%20240%22%3E%3C%2Fsvg%3E 430w\" sizes=\"(max-width: 430px) 100vw, 430px\" data-srcset=\"https:\/\/premiumline-cabling.com\/wp-content\/uploads\/2019\/01\/img_Premium_Line_High-Density-Optical-Distributor-Frame_new.jpg 430w, https:\/\/premiumline-cabling.com\/wp-content\/uploads\/2019\/01\/img_Premium_Line_High-Density-Optical-Distributor-Frame_new-300x167.jpg 300w, https:\/\/premiumline-cabling.com\/wp-content\/uploads\/2019\/01\/img_Premium_Line_High-Density-Optical-Distributor-Frame_new-382x214.jpg 382w\" data-src=\"https:\/\/premiumline-cabling.com\/wp-content\/uploads\/2019\/01\/img_Premium_Line_High-Density-Optical-Distributor-Frame_new.jpg\"><\/p>\n","protected":false},"featured_media":20604,"template":"","product_category":[436,425],"class_list":["post-20603","product","type-product","status-publish","has-post-thumbnail","hentry","product_category-fttx-en-anglais-seulement","product_category-reseau-local"],"yoast_head":"<!-- This site is optimized with the Yoast SEO plugin v27.4 - https:\/\/yoast.com\/product\/yoast-seo-wordpress\/ -->\n<title>R\u00e9partiteur PLC 19\u00a0\u00bb 1U mont\u00e9 en rack | Ligne Premium<\/title>\n<meta name=\"description\" content=\"Le r\u00e9partiteur PLC \u00e0 fibre optique est largement utilis\u00e9 dans le c\u00f4t\u00e9 local ou la terminaison du r\u00e9seau optique passif (EPON, BPON, GPON, etc.) pour le fractionnement du signal optique.\" \/>\n<meta name=\"robots\" content=\"index, follow, max-snippet:-1, max-image-preview:large, max-video-preview:-1\" \/>\n<link rel=\"canonical\" href=\"https:\/\/premiumline-cabling.com\/fr\/product\/repartiteur-optique-hd\/\" \/>\n<meta property=\"og:locale\" content=\"fr_FR\" \/>\n<meta property=\"og:type\" content=\"article\" \/>\n<meta property=\"og:title\" content=\"R\u00e9partiteur PLC 19\u00a0\u00bb 1U mont\u00e9 en rack | Ligne Premium\" \/>\n<meta property=\"og:description\" content=\"Le r\u00e9partiteur PLC \u00e0 fibre optique est largement utilis\u00e9 dans le c\u00f4t\u00e9 local ou la terminaison du r\u00e9seau optique passif (EPON, BPON, GPON, etc.) pour le fractionnement du signal optique.\" \/>\n<meta property=\"og:url\" content=\"https:\/\/premiumline-cabling.com\/fr\/product\/repartiteur-optique-hd\/\" \/>\n<meta property=\"og:site_name\" content=\"Premium-Line\" \/>\n<meta property=\"article:modified_time\" content=\"2023-12-14T17:34:41+00:00\" \/>\n<meta property=\"og:image\" content=\"https:\/\/premiumline-cabling.com\/wp-content\/uploads\/2019\/01\/img_PL_News_High-Density-Optical-Distributor-Frame.jpg\" \/>\n\t<meta property=\"og:image:width\" content=\"580\" \/>\n\t<meta property=\"og:image:height\" content=\"485\" \/>\n\t<meta property=\"og:image:type\" content=\"image\/jpeg\" \/>\n<meta name=\"twitter:card\" content=\"summary_large_image\" \/>\n<meta name=\"twitter:label1\" content=\"Dur\u00e9e de lecture estim\u00e9e\" \/>\n\t<meta name=\"twitter:data1\" content=\"3 minutes\" \/>\n<script type=\"application\/ld+json\" class=\"yoast-schema-graph\">{\"@context\":\"https:\\\/\\\/schema.org\",\"@graph\":[{\"@type\":\"WebPage\",\"@id\":\"https:\\\/\\\/premiumline-cabling.com\\\/fr\\\/product\\\/repartiteur-optique-hd\\\/\",\"url\":\"https:\\\/\\\/premiumline-cabling.com\\\/fr\\\/product\\\/repartiteur-optique-hd\\\/\",\"name\":\"R\u00e9partiteur PLC 19\u00a0\u00bb 1U mont\u00e9 en rack | Ligne Premium\",\"isPartOf\":{\"@id\":\"https:\\\/\\\/premiumline-cabling.com\\\/#website\"},\"primaryImageOfPage\":{\"@id\":\"https:\\\/\\\/premiumline-cabling.com\\\/fr\\\/product\\\/repartiteur-optique-hd\\\/#primaryimage\"},\"image\":{\"@id\":\"https:\\\/\\\/premiumline-cabling.com\\\/fr\\\/product\\\/repartiteur-optique-hd\\\/#primaryimage\"},\"thumbnailUrl\":\"https:\\\/\\\/premiumline-cabling.com\\\/wp-content\\\/uploads\\\/2019\\\/01\\\/img_PL_News_High-Density-Optical-Distributor-Frame.jpg\",\"datePublished\":\"2019-05-03T19:08:12+00:00\",\"dateModified\":\"2023-12-14T17:34:41+00:00\",\"description\":\"Le r\u00e9partiteur PLC \u00e0 fibre optique est largement utilis\u00e9 dans le c\u00f4t\u00e9 local ou la terminaison du r\u00e9seau optique passif (EPON, BPON, GPON, etc.) pour le fractionnement du signal optique.\",\"breadcrumb\":{\"@id\":\"https:\\\/\\\/premiumline-cabling.com\\\/fr\\\/product\\\/repartiteur-optique-hd\\\/#breadcrumb\"},\"inLanguage\":\"fr-FR\",\"potentialAction\":[{\"@type\":\"ReadAction\",\"target\":[\"https:\\\/\\\/premiumline-cabling.com\\\/fr\\\/product\\\/repartiteur-optique-hd\\\/\"]}]},{\"@type\":\"ImageObject\",\"inLanguage\":\"fr-FR\",\"@id\":\"https:\\\/\\\/premiumline-cabling.com\\\/fr\\\/product\\\/repartiteur-optique-hd\\\/#primaryimage\",\"url\":\"https:\\\/\\\/premiumline-cabling.com\\\/wp-content\\\/uploads\\\/2019\\\/01\\\/img_PL_News_High-Density-Optical-Distributor-Frame.jpg\",\"contentUrl\":\"https:\\\/\\\/premiumline-cabling.com\\\/wp-content\\\/uploads\\\/2019\\\/01\\\/img_PL_News_High-Density-Optical-Distributor-Frame.jpg\",\"width\":580,\"height\":485},{\"@type\":\"BreadcrumbList\",\"@id\":\"https:\\\/\\\/premiumline-cabling.com\\\/fr\\\/product\\\/repartiteur-optique-hd\\\/#breadcrumb\",\"itemListElement\":[{\"@type\":\"ListItem\",\"position\":1,\"name\":\"\u0413\u043b\u0430\u0432\u043d\u0430\u044f \u0441\u0442\u0440\u0430\u043d\u0438\u0446\u0430\",\"item\":\"https:\\\/\\\/premiumline-cabling.com\\\/fr\\\/\"},{\"@type\":\"ListItem\",\"position\":2,\"name\":\"R\u00e9partiteur optique HD\"}]},{\"@type\":\"WebSite\",\"@id\":\"https:\\\/\\\/premiumline-cabling.com\\\/#website\",\"url\":\"https:\\\/\\\/premiumline-cabling.com\\\/\",\"name\":\"Premium-Line\",\"description\":\"Structured Cabling System\",\"publisher\":{\"@id\":\"https:\\\/\\\/premiumline-cabling.com\\\/#organization\"},\"potentialAction\":[{\"@type\":\"SearchAction\",\"target\":{\"@type\":\"EntryPoint\",\"urlTemplate\":\"https:\\\/\\\/premiumline-cabling.com\\\/?s={search_term_string}\"},\"query-input\":{\"@type\":\"PropertyValueSpecification\",\"valueRequired\":true,\"valueName\":\"search_term_string\"}}],\"inLanguage\":\"fr-FR\"},{\"@type\":\"Organization\",\"@id\":\"https:\\\/\\\/premiumline-cabling.com\\\/#organization\",\"name\":\"Premium-Line\",\"url\":\"https:\\\/\\\/premiumline-cabling.com\\\/\",\"logo\":{\"@type\":\"ImageObject\",\"inLanguage\":\"fr-FR\",\"@id\":\"https:\\\/\\\/premiumline-cabling.com\\\/#\\\/schema\\\/logo\\\/image\\\/\",\"url\":\"https:\\\/\\\/premiumline-cabling.com\\\/wp-content\\\/uploads\\\/2019\\\/04\\\/cropped-img_logo_site_Premium-Line.png\",\"contentUrl\":\"https:\\\/\\\/premiumline-cabling.com\\\/wp-content\\\/uploads\\\/2019\\\/04\\\/cropped-img_logo_site_Premium-Line.png\",\"width\":190,\"height\":62,\"caption\":\"Premium-Line\"},\"image\":{\"@id\":\"https:\\\/\\\/premiumline-cabling.com\\\/#\\\/schema\\\/logo\\\/image\\\/\"}}]}<\/script>\n<!-- \/ Yoast SEO plugin. -->","yoast_head_json":{"title":"R\u00e9partiteur PLC 19\u00a0\u00bb 1U mont\u00e9 en rack | Ligne Premium","description":"Le r\u00e9partiteur PLC \u00e0 fibre optique est largement utilis\u00e9 dans le c\u00f4t\u00e9 local ou la terminaison du r\u00e9seau optique passif (EPON, BPON, GPON, etc.) pour le fractionnement du signal optique.","robots":{"index":"index","follow":"follow","max-snippet":"max-snippet:-1","max-image-preview":"max-image-preview:large","max-video-preview":"max-video-preview:-1"},"canonical":"https:\/\/premiumline-cabling.com\/fr\/product\/repartiteur-optique-hd\/","og_locale":"fr_FR","og_type":"article","og_title":"R\u00e9partiteur PLC 19\u00a0\u00bb 1U mont\u00e9 en rack | Ligne Premium","og_description":"Le r\u00e9partiteur PLC \u00e0 fibre optique est largement utilis\u00e9 dans le c\u00f4t\u00e9 local ou la terminaison du r\u00e9seau optique passif (EPON, BPON, GPON, etc.) pour le fractionnement du signal optique.","og_url":"https:\/\/premiumline-cabling.com\/fr\/product\/repartiteur-optique-hd\/","og_site_name":"Premium-Line","article_modified_time":"2023-12-14T17:34:41+00:00","og_image":[{"width":580,"height":485,"url":"https:\/\/premiumline-cabling.com\/wp-content\/uploads\/2019\/01\/img_PL_News_High-Density-Optical-Distributor-Frame.jpg","type":"image\/jpeg"}],"twitter_card":"summary_large_image","twitter_misc":{"Dur\u00e9e de lecture estim\u00e9e":"3 minutes"},"schema":{"@context":"https:\/\/schema.org","@graph":[{"@type":"WebPage","@id":"https:\/\/premiumline-cabling.com\/fr\/product\/repartiteur-optique-hd\/","url":"https:\/\/premiumline-cabling.com\/fr\/product\/repartiteur-optique-hd\/","name":"R\u00e9partiteur PLC 19\u00a0\u00bb 1U mont\u00e9 en rack | Ligne Premium","isPartOf":{"@id":"https:\/\/premiumline-cabling.com\/#website"},"primaryImageOfPage":{"@id":"https:\/\/premiumline-cabling.com\/fr\/product\/repartiteur-optique-hd\/#primaryimage"},"image":{"@id":"https:\/\/premiumline-cabling.com\/fr\/product\/repartiteur-optique-hd\/#primaryimage"},"thumbnailUrl":"https:\/\/premiumline-cabling.com\/wp-content\/uploads\/2019\/01\/img_PL_News_High-Density-Optical-Distributor-Frame.jpg","datePublished":"2019-05-03T19:08:12+00:00","dateModified":"2023-12-14T17:34:41+00:00","description":"Le r\u00e9partiteur PLC \u00e0 fibre optique est largement utilis\u00e9 dans le c\u00f4t\u00e9 local ou la terminaison du r\u00e9seau optique passif (EPON, BPON, GPON, etc.) pour le fractionnement du signal optique.","breadcrumb":{"@id":"https:\/\/premiumline-cabling.com\/fr\/product\/repartiteur-optique-hd\/#breadcrumb"},"inLanguage":"fr-FR","potentialAction":[{"@type":"ReadAction","target":["https:\/\/premiumline-cabling.com\/fr\/product\/repartiteur-optique-hd\/"]}]},{"@type":"ImageObject","inLanguage":"fr-FR","@id":"https:\/\/premiumline-cabling.com\/fr\/product\/repartiteur-optique-hd\/#primaryimage","url":"https:\/\/premiumline-cabling.com\/wp-content\/uploads\/2019\/01\/img_PL_News_High-Density-Optical-Distributor-Frame.jpg","contentUrl":"https:\/\/premiumline-cabling.com\/wp-content\/uploads\/2019\/01\/img_PL_News_High-Density-Optical-Distributor-Frame.jpg","width":580,"height":485},{"@type":"BreadcrumbList","@id":"https:\/\/premiumline-cabling.com\/fr\/product\/repartiteur-optique-hd\/#breadcrumb","itemListElement":[{"@type":"ListItem","position":1,"name":"\u0413\u043b\u0430\u0432\u043d\u0430\u044f \u0441\u0442\u0440\u0430\u043d\u0438\u0446\u0430","item":"https:\/\/premiumline-cabling.com\/fr\/"},{"@type":"ListItem","position":2,"name":"R\u00e9partiteur optique HD"}]},{"@type":"WebSite","@id":"https:\/\/premiumline-cabling.com\/#website","url":"https:\/\/premiumline-cabling.com\/","name":"Premium-Line","description":"Structured Cabling System","publisher":{"@id":"https:\/\/premiumline-cabling.com\/#organization"},"potentialAction":[{"@type":"SearchAction","target":{"@type":"EntryPoint","urlTemplate":"https:\/\/premiumline-cabling.com\/?s={search_term_string}"},"query-input":{"@type":"PropertyValueSpecification","valueRequired":true,"valueName":"search_term_string"}}],"inLanguage":"fr-FR"},{"@type":"Organization","@id":"https:\/\/premiumline-cabling.com\/#organization","name":"Premium-Line","url":"https:\/\/premiumline-cabling.com\/","logo":{"@type":"ImageObject","inLanguage":"fr-FR","@id":"https:\/\/premiumline-cabling.com\/#\/schema\/logo\/image\/","url":"https:\/\/premiumline-cabling.com\/wp-content\/uploads\/2019\/04\/cropped-img_logo_site_Premium-Line.png","contentUrl":"https:\/\/premiumline-cabling.com\/wp-content\/uploads\/2019\/04\/cropped-img_logo_site_Premium-Line.png","width":190,"height":62,"caption":"Premium-Line"},"image":{"@id":"https:\/\/premiumline-cabling.com\/#\/schema\/logo\/image\/"}}]}},"_links":{"self":[{"href":"https:\/\/premiumline-cabling.com\/fr\/wp-json\/wp\/v2\/product\/20603","targetHints":{"allow":["GET"]}}],"collection":[{"href":"https:\/\/premiumline-cabling.com\/fr\/wp-json\/wp\/v2\/product"}],"about":[{"href":"https:\/\/premiumline-cabling.com\/fr\/wp-json\/wp\/v2\/types\/product"}],"wp:featuredmedia":[{"embeddable":true,"href":"https:\/\/premiumline-cabling.com\/fr\/wp-json\/wp\/v2\/media\/20604"}],"wp:attachment":[{"href":"https:\/\/premiumline-cabling.com\/fr\/wp-json\/wp\/v2\/media?parent=20603"}],"wp:term":[{"taxonomy":"product_category","embeddable":true,"href":"https:\/\/premiumline-cabling.com\/fr\/wp-json\/wp\/v2\/product_category?post=20603"}],"curies":[{"name":"wp","href":"https:\/\/api.w.org\/{rel}","templated":true}]}}