{"id":20601,"date":"2022-06-03T17:04:09","date_gmt":"2022-06-03T16:04:09","guid":{"rendered":"https:\/\/premiumline-cabling.com\/product\/boitier-de-montage-mural-fo-24-ports\/"},"modified":"2023-12-14T16:15:06","modified_gmt":"2023-12-14T15:15:06","slug":"boitier-de-montage-mural-fo-24-ports","status":"publish","type":"product","link":"https:\/\/premiumline-cabling.com\/fr\/product\/boitier-de-montage-mural-fo-24-ports\/","title":{"rendered":"Bo\u00eetier de montage mural FO 24 ports"},"content":{"rendered":"<h2>Bo\u00eetier de fibre optique mural \u00e0 24 ports<\/h2>\n<p>Le bo\u00eetier de fibre optique mural \u00e0 24 ports de Premium Line est con\u00e7u pour la terminaison directe des fibres. La bo\u00eete comprend deux sections distinctes: une pour les plateaux d\u2019\u00e9pissure par fusion et une pour l\u2019acheminement des c\u00e2bles. Les entr\u00e9es\/sorties de c\u00e2ble sont scell\u00e9es \u00e0 l\u2019aide d\u2019un passe-c\u00e2ble flexible, qui peut \u00eatre ajust\u00e9 au diam\u00e8tre de c\u00e2ble souhait\u00e9 lors de l\u2019installation pour prot\u00e9ger l\u2019int\u00e9rieur du bo\u00eetier contre la poussi\u00e8re et les d\u00e9bris pendant et apr\u00e8s l\u2019installation<\/p>\n<h3><noscript><img decoding=\"async\" class=\"alignright wp-image-15275 size-medium\" src=\"https:\/\/premiumline-cabling.com\/wp-content\/uploads\/2022\/06\/210_FO_wall_box-300x225.jpg\" alt width=\"300\" height=\"225\" srcset=\"https:\/\/premiumline-cabling.com\/wp-content\/uploads\/2022\/06\/210_FO_wall_box-300x225.jpg 300w, https:\/\/premiumline-cabling.com\/wp-content\/uploads\/2022\/06\/210_FO_wall_box.jpg 676w\" sizes=\"(max-width: 300px) 100vw, 300px\"><\/noscript><img decoding=\"async\" class=\"alignright wp-image-15275 size-medium lazyload\" src=\"data:image\/svg+xml,%3Csvg%20xmlns%3D%22http%3A%2F%2Fwww.w3.org%2F2000%2Fsvg%22%20viewBox%3D%220%200%20300%20225%22%3E%3C%2Fsvg%3E\" alt width=\"300\" height=\"225\" srcset=\"data:image\/svg+xml,%3Csvg%20xmlns%3D%22http%3A%2F%2Fwww.w3.org%2F2000%2Fsvg%22%20viewBox%3D%220%200%20300%20225%22%3E%3C%2Fsvg%3E 300w\" sizes=\"(max-width: 300px) 100vw, 300px\" data-srcset=\"https:\/\/premiumline-cabling.com\/wp-content\/uploads\/2022\/06\/210_FO_wall_box-300x225.jpg 300w, https:\/\/premiumline-cabling.com\/wp-content\/uploads\/2022\/06\/210_FO_wall_box.jpg 676w\" data-src=\"https:\/\/premiumline-cabling.com\/wp-content\/uploads\/2022\/06\/210_FO_wall_box-300x225.jpg\">CARACT\u00c9RISTIQUES:<\/h3>\n<ul>\n<li>Convient aux adaptateurs SC, ST, FC simplex et LC duplex<\/li>\n<li>Facile \u00e0 installer et \u00e0 entretenir<\/li>\n<li>Couleur: gris<\/li>\n<li>Position de la cassette d\u2019\u00e9pissure r\u00e9glable<\/li>\n<li>Porte d\u2019entr\u00e9e verrouillable<\/li>\n<li>Dimension 480*430*110 mm<\/li>\n<li>Conforme \u00e0 la directive RoHS<\/li>\n<\/ul>\n<p>&nbsp;<\/p>\n<table width=\"321\">\n<tbody>\n<tr>\n<td width=\"167\">\n<p style=\"text-align: left;\"><strong>SC<\/strong>\/<strong>ST\/FC <\/strong>(recto)<\/p>\n<\/td>\n<td width=\"155\"><strong>LC<\/strong> (recto-verso)<\/td>\n<\/tr>\n<tr>\n<td width=\"167\">24<\/td>\n<td width=\"155\">48<\/td>\n<\/tr>\n<\/tbody>\n<\/table>\n<h3>CARACT\u00c9RISTIQUES:<\/h3>\n<ul>\n<li>Op\u00e9rations de scellage parfaites et fiables<\/li>\n<li>\u00c9pissage, stockage et distribution du mou<\/li>\n<li>Facile \u00e0 utiliser<\/li>\n<li>Mise \u00e0 la terre fiable, protection en toute s\u00e9curit\u00e9<\/li>\n<li>Garantir le rayon de courbure<\/li>\n<li>S\u2019applique \u00e0 un vaste champ<\/li>\n<li>Simplicit\u00e9 d\u2019installation et d\u2019entretien<\/li>\n<\/ul>\n<h3>CANDIDATURES:<\/h3>\n<ul>\n<li>Dans l\u2019acc\u00e8s \u00e0 la fibre, il est destin\u00e9 \u00e0 la terminaison, \u00e0 la protection et \u00e0 la distribution de la fibre.<\/li>\n<\/ul>\n<h3>LES INFORMATIONS RELATIVES \u00c0 LA COMMANDE:<\/h3>\n<table>\n<tbody>\n<tr>\n<td width=\"151\">N\u00b0 de pi\u00e8ce<\/td>\n<td width=\"472\">2510xy240<\/td>\n<\/tr>\n<tr>\n<td width=\"151\">Description<\/td>\n<td width=\"472\">Bo\u00eetier fibre optique mural Premium Line 24 ports sans adaptateurs<\/td>\n<\/tr>\n<tr>\n<td width=\"151\">x, panneau adaptateur<\/td>\n<td width=\"472\">1 : recto 2 : recto-verso (LC uniquement)<\/td>\n<\/tr>\n<tr>\n<td width=\"151\">y, tapez<\/td>\n<td width=\"472\">1 : SC 2 : ST 3 : FC 4. LC<\/td>\n<\/tr>\n<tr>\n<td width=\"151\">Emballage<\/td>\n<td width=\"472\">1 pc\/bo\u00eete, 4 pcs\/carton\n<p>dimension du carton, 50 * 45 * 49 cm, poids&nbsp;: G.W. 29.5 KG N.W. 28KG<\/p>\n<p>&nbsp;<\/p><\/td>\n<\/tr>\n<\/tbody>\n<\/table>\n<p>&nbsp;<\/p>\n<table width=\"682\">\n<tbody>\n<tr>\n<td width=\"124\"><strong>N\u00b0 de pi\u00e8ce<\/strong><\/td>\n<td width=\"558\"><strong>Description<\/strong><\/td>\n<\/tr>\n<tr>\n<td width=\"124\">251011240<\/td>\n<td width=\"558\">Bo\u00eetier fibre optique mural 24 c\u0153urs type SC, sans adaptateur<\/td>\n<\/tr>\n<tr>\n<td width=\"124\">251012240<\/td>\n<td width=\"558\">Bo\u00eetier fibre optique mural 24 conducteurs type ST, sans adaptateur<\/td>\n<\/tr>\n<tr>\n<td width=\"124\">251013240<\/td>\n<td width=\"558\">Bo\u00eetier fibre optique mural 24 c\u0153urs type FC, sans adaptateur<\/td>\n<\/tr>\n<tr>\n<td width=\"124\">251024240<\/td>\n<td width=\"558\">Bo\u00eetier fibre optique mural 24\u00d72 conducteurs type LC, sans adaptateur<\/td>\n<\/tr>\n<\/tbody>\n<\/table>\n","protected":false},"featured_media":20602,"template":"","product_category":[425],"class_list":["post-20601","product","type-product","status-publish","has-post-thumbnail","hentry","product_category-reseau-local"],"yoast_head":"<!-- This site is optimized with the Yoast SEO plugin v27.4 - https:\/\/yoast.com\/product\/yoast-seo-wordpress\/ -->\n<title>Bo\u00eetier Fibre Optique Mural 24 Ports Premium-Line<\/title>\n<meta name=\"description\" content=\"Le bo\u00eetier de fibre optique mural Premium Line 24 ports est utilis\u00e9 pour la terminaison directe des fibres. La bo\u00eete comprend deux sections distinctes.\" \/>\n<meta name=\"robots\" content=\"index, follow, max-snippet:-1, max-image-preview:large, max-video-preview:-1\" \/>\n<link rel=\"canonical\" href=\"https:\/\/premiumline-cabling.com\/fr\/product\/boitier-de-montage-mural-fo-24-ports\/\" \/>\n<meta property=\"og:locale\" content=\"fr_FR\" \/>\n<meta property=\"og:type\" content=\"article\" \/>\n<meta property=\"og:title\" content=\"Bo\u00eetier Fibre Optique Mural 24 Ports Premium-Line\" \/>\n<meta property=\"og:description\" content=\"Le bo\u00eetier de fibre optique mural Premium Line 24 ports est utilis\u00e9 pour la terminaison directe des fibres. La bo\u00eete comprend deux sections distinctes.\" \/>\n<meta property=\"og:url\" content=\"https:\/\/premiumline-cabling.com\/fr\/product\/boitier-de-montage-mural-fo-24-ports\/\" \/>\n<meta property=\"og:site_name\" content=\"Premium-Line\" \/>\n<meta property=\"article:modified_time\" content=\"2023-12-14T15:15:06+00:00\" \/>\n<meta property=\"og:image\" content=\"https:\/\/premiumline-cabling.com\/wp-content\/uploads\/2022\/06\/210_FO_wall_box.jpg\" \/>\n\t<meta property=\"og:image:width\" content=\"676\" \/>\n\t<meta property=\"og:image:height\" content=\"506\" \/>\n\t<meta property=\"og:image:type\" content=\"image\/jpeg\" \/>\n<meta name=\"twitter:card\" content=\"summary_large_image\" \/>\n<meta name=\"twitter:label1\" content=\"Dur\u00e9e de lecture estim\u00e9e\" \/>\n\t<meta name=\"twitter:data1\" content=\"2 minutes\" \/>\n<script type=\"application\/ld+json\" class=\"yoast-schema-graph\">{\"@context\":\"https:\\\/\\\/schema.org\",\"@graph\":[{\"@type\":\"WebPage\",\"@id\":\"https:\\\/\\\/premiumline-cabling.com\\\/fr\\\/product\\\/boitier-de-montage-mural-fo-24-ports\\\/\",\"url\":\"https:\\\/\\\/premiumline-cabling.com\\\/fr\\\/product\\\/boitier-de-montage-mural-fo-24-ports\\\/\",\"name\":\"Bo\u00eetier Fibre Optique Mural 24 Ports Premium-Line\",\"isPartOf\":{\"@id\":\"https:\\\/\\\/premiumline-cabling.com\\\/#website\"},\"primaryImageOfPage\":{\"@id\":\"https:\\\/\\\/premiumline-cabling.com\\\/fr\\\/product\\\/boitier-de-montage-mural-fo-24-ports\\\/#primaryimage\"},\"image\":{\"@id\":\"https:\\\/\\\/premiumline-cabling.com\\\/fr\\\/product\\\/boitier-de-montage-mural-fo-24-ports\\\/#primaryimage\"},\"thumbnailUrl\":\"https:\\\/\\\/premiumline-cabling.com\\\/wp-content\\\/uploads\\\/2022\\\/06\\\/210_FO_wall_box.jpg\",\"datePublished\":\"2022-06-03T16:04:09+00:00\",\"dateModified\":\"2023-12-14T15:15:06+00:00\",\"description\":\"Le bo\u00eetier de fibre optique mural Premium Line 24 ports est utilis\u00e9 pour la terminaison directe des fibres. La bo\u00eete comprend deux sections distinctes.\",\"breadcrumb\":{\"@id\":\"https:\\\/\\\/premiumline-cabling.com\\\/fr\\\/product\\\/boitier-de-montage-mural-fo-24-ports\\\/#breadcrumb\"},\"inLanguage\":\"fr-FR\",\"potentialAction\":[{\"@type\":\"ReadAction\",\"target\":[\"https:\\\/\\\/premiumline-cabling.com\\\/fr\\\/product\\\/boitier-de-montage-mural-fo-24-ports\\\/\"]}]},{\"@type\":\"ImageObject\",\"inLanguage\":\"fr-FR\",\"@id\":\"https:\\\/\\\/premiumline-cabling.com\\\/fr\\\/product\\\/boitier-de-montage-mural-fo-24-ports\\\/#primaryimage\",\"url\":\"https:\\\/\\\/premiumline-cabling.com\\\/wp-content\\\/uploads\\\/2022\\\/06\\\/210_FO_wall_box.jpg\",\"contentUrl\":\"https:\\\/\\\/premiumline-cabling.com\\\/wp-content\\\/uploads\\\/2022\\\/06\\\/210_FO_wall_box.jpg\",\"width\":676,\"height\":506},{\"@type\":\"BreadcrumbList\",\"@id\":\"https:\\\/\\\/premiumline-cabling.com\\\/fr\\\/product\\\/boitier-de-montage-mural-fo-24-ports\\\/#breadcrumb\",\"itemListElement\":[{\"@type\":\"ListItem\",\"position\":1,\"name\":\"\u0413\u043b\u0430\u0432\u043d\u0430\u044f \u0441\u0442\u0440\u0430\u043d\u0438\u0446\u0430\",\"item\":\"https:\\\/\\\/premiumline-cabling.com\\\/fr\\\/\"},{\"@type\":\"ListItem\",\"position\":2,\"name\":\"Bo\u00eetier de montage mural FO 24 ports\"}]},{\"@type\":\"WebSite\",\"@id\":\"https:\\\/\\\/premiumline-cabling.com\\\/#website\",\"url\":\"https:\\\/\\\/premiumline-cabling.com\\\/\",\"name\":\"Premium-Line\",\"description\":\"Structured Cabling System\",\"publisher\":{\"@id\":\"https:\\\/\\\/premiumline-cabling.com\\\/#organization\"},\"potentialAction\":[{\"@type\":\"SearchAction\",\"target\":{\"@type\":\"EntryPoint\",\"urlTemplate\":\"https:\\\/\\\/premiumline-cabling.com\\\/?s={search_term_string}\"},\"query-input\":{\"@type\":\"PropertyValueSpecification\",\"valueRequired\":true,\"valueName\":\"search_term_string\"}}],\"inLanguage\":\"fr-FR\"},{\"@type\":\"Organization\",\"@id\":\"https:\\\/\\\/premiumline-cabling.com\\\/#organization\",\"name\":\"Premium-Line\",\"url\":\"https:\\\/\\\/premiumline-cabling.com\\\/\",\"logo\":{\"@type\":\"ImageObject\",\"inLanguage\":\"fr-FR\",\"@id\":\"https:\\\/\\\/premiumline-cabling.com\\\/#\\\/schema\\\/logo\\\/image\\\/\",\"url\":\"https:\\\/\\\/premiumline-cabling.com\\\/wp-content\\\/uploads\\\/2019\\\/04\\\/cropped-img_logo_site_Premium-Line.png\",\"contentUrl\":\"https:\\\/\\\/premiumline-cabling.com\\\/wp-content\\\/uploads\\\/2019\\\/04\\\/cropped-img_logo_site_Premium-Line.png\",\"width\":190,\"height\":62,\"caption\":\"Premium-Line\"},\"image\":{\"@id\":\"https:\\\/\\\/premiumline-cabling.com\\\/#\\\/schema\\\/logo\\\/image\\\/\"}}]}<\/script>\n<!-- \/ Yoast SEO plugin. -->","yoast_head_json":{"title":"Bo\u00eetier Fibre Optique Mural 24 Ports Premium-Line","description":"Le bo\u00eetier de fibre optique mural Premium Line 24 ports est utilis\u00e9 pour la terminaison directe des fibres. La bo\u00eete comprend deux sections distinctes.","robots":{"index":"index","follow":"follow","max-snippet":"max-snippet:-1","max-image-preview":"max-image-preview:large","max-video-preview":"max-video-preview:-1"},"canonical":"https:\/\/premiumline-cabling.com\/fr\/product\/boitier-de-montage-mural-fo-24-ports\/","og_locale":"fr_FR","og_type":"article","og_title":"Bo\u00eetier Fibre Optique Mural 24 Ports Premium-Line","og_description":"Le bo\u00eetier de fibre optique mural Premium Line 24 ports est utilis\u00e9 pour la terminaison directe des fibres. La bo\u00eete comprend deux sections distinctes.","og_url":"https:\/\/premiumline-cabling.com\/fr\/product\/boitier-de-montage-mural-fo-24-ports\/","og_site_name":"Premium-Line","article_modified_time":"2023-12-14T15:15:06+00:00","og_image":[{"width":676,"height":506,"url":"https:\/\/premiumline-cabling.com\/wp-content\/uploads\/2022\/06\/210_FO_wall_box.jpg","type":"image\/jpeg"}],"twitter_card":"summary_large_image","twitter_misc":{"Dur\u00e9e de lecture estim\u00e9e":"2 minutes"},"schema":{"@context":"https:\/\/schema.org","@graph":[{"@type":"WebPage","@id":"https:\/\/premiumline-cabling.com\/fr\/product\/boitier-de-montage-mural-fo-24-ports\/","url":"https:\/\/premiumline-cabling.com\/fr\/product\/boitier-de-montage-mural-fo-24-ports\/","name":"Bo\u00eetier Fibre Optique Mural 24 Ports Premium-Line","isPartOf":{"@id":"https:\/\/premiumline-cabling.com\/#website"},"primaryImageOfPage":{"@id":"https:\/\/premiumline-cabling.com\/fr\/product\/boitier-de-montage-mural-fo-24-ports\/#primaryimage"},"image":{"@id":"https:\/\/premiumline-cabling.com\/fr\/product\/boitier-de-montage-mural-fo-24-ports\/#primaryimage"},"thumbnailUrl":"https:\/\/premiumline-cabling.com\/wp-content\/uploads\/2022\/06\/210_FO_wall_box.jpg","datePublished":"2022-06-03T16:04:09+00:00","dateModified":"2023-12-14T15:15:06+00:00","description":"Le bo\u00eetier de fibre optique mural Premium Line 24 ports est utilis\u00e9 pour la terminaison directe des fibres. La bo\u00eete comprend deux sections distinctes.","breadcrumb":{"@id":"https:\/\/premiumline-cabling.com\/fr\/product\/boitier-de-montage-mural-fo-24-ports\/#breadcrumb"},"inLanguage":"fr-FR","potentialAction":[{"@type":"ReadAction","target":["https:\/\/premiumline-cabling.com\/fr\/product\/boitier-de-montage-mural-fo-24-ports\/"]}]},{"@type":"ImageObject","inLanguage":"fr-FR","@id":"https:\/\/premiumline-cabling.com\/fr\/product\/boitier-de-montage-mural-fo-24-ports\/#primaryimage","url":"https:\/\/premiumline-cabling.com\/wp-content\/uploads\/2022\/06\/210_FO_wall_box.jpg","contentUrl":"https:\/\/premiumline-cabling.com\/wp-content\/uploads\/2022\/06\/210_FO_wall_box.jpg","width":676,"height":506},{"@type":"BreadcrumbList","@id":"https:\/\/premiumline-cabling.com\/fr\/product\/boitier-de-montage-mural-fo-24-ports\/#breadcrumb","itemListElement":[{"@type":"ListItem","position":1,"name":"\u0413\u043b\u0430\u0432\u043d\u0430\u044f \u0441\u0442\u0440\u0430\u043d\u0438\u0446\u0430","item":"https:\/\/premiumline-cabling.com\/fr\/"},{"@type":"ListItem","position":2,"name":"Bo\u00eetier de montage mural FO 24 ports"}]},{"@type":"WebSite","@id":"https:\/\/premiumline-cabling.com\/#website","url":"https:\/\/premiumline-cabling.com\/","name":"Premium-Line","description":"Structured Cabling System","publisher":{"@id":"https:\/\/premiumline-cabling.com\/#organization"},"potentialAction":[{"@type":"SearchAction","target":{"@type":"EntryPoint","urlTemplate":"https:\/\/premiumline-cabling.com\/?s={search_term_string}"},"query-input":{"@type":"PropertyValueSpecification","valueRequired":true,"valueName":"search_term_string"}}],"inLanguage":"fr-FR"},{"@type":"Organization","@id":"https:\/\/premiumline-cabling.com\/#organization","name":"Premium-Line","url":"https:\/\/premiumline-cabling.com\/","logo":{"@type":"ImageObject","inLanguage":"fr-FR","@id":"https:\/\/premiumline-cabling.com\/#\/schema\/logo\/image\/","url":"https:\/\/premiumline-cabling.com\/wp-content\/uploads\/2019\/04\/cropped-img_logo_site_Premium-Line.png","contentUrl":"https:\/\/premiumline-cabling.com\/wp-content\/uploads\/2019\/04\/cropped-img_logo_site_Premium-Line.png","width":190,"height":62,"caption":"Premium-Line"},"image":{"@id":"https:\/\/premiumline-cabling.com\/#\/schema\/logo\/image\/"}}]}},"_links":{"self":[{"href":"https:\/\/premiumline-cabling.com\/fr\/wp-json\/wp\/v2\/product\/20601","targetHints":{"allow":["GET"]}}],"collection":[{"href":"https:\/\/premiumline-cabling.com\/fr\/wp-json\/wp\/v2\/product"}],"about":[{"href":"https:\/\/premiumline-cabling.com\/fr\/wp-json\/wp\/v2\/types\/product"}],"wp:featuredmedia":[{"embeddable":true,"href":"https:\/\/premiumline-cabling.com\/fr\/wp-json\/wp\/v2\/media\/20602"}],"wp:attachment":[{"href":"https:\/\/premiumline-cabling.com\/fr\/wp-json\/wp\/v2\/media?parent=20601"}],"wp:term":[{"taxonomy":"product_category","embeddable":true,"href":"https:\/\/premiumline-cabling.com\/fr\/wp-json\/wp\/v2\/product_category?post=20601"}],"curies":[{"name":"wp","href":"https:\/\/api.w.org\/{rel}","templated":true}]}}