{"id":20598,"date":"2019-02-03T14:33:51","date_gmt":"2019-02-03T13:33:51","guid":{"rendered":"https:\/\/premiumline-cabling.com\/product\/boitier-de-montage-mural-fo-48-ports\/"},"modified":"2023-12-14T16:13:49","modified_gmt":"2023-12-14T15:13:49","slug":"boitier-de-montage-mural-fo-48-ports","status":"publish","type":"product","link":"https:\/\/premiumline-cabling.com\/fr\/product\/boitier-de-montage-mural-fo-48-ports\/","title":{"rendered":"Bo\u00eetier de montage mural FO 48 ports"},"content":{"rendered":"<h2>Bo\u00eetier de fibre optique mural \u00e0 48 ports<\/h2>\n<p>Le bo\u00eetier de fibre optique mural Premium Line 48 ports est utilis\u00e9 pour la terminaison directe des fibres. La partie arri\u00e8re permet l\u2019entr\u00e9e des c\u00e2bles et prot\u00e8ge contre le retrait des c\u00e2bles. La bo\u00eete comprend deux sections distinctes pour les plateaux d\u2019\u00e9pissure par fusion et pour l\u2019acheminement des modules de connexion optique vers l\u2019\u00e9quipement.<\/p>\n<h3>CARACT\u00c9RISTIQUES:<\/h3>\n<ul>\n<li><a href=\"https:\/\/premiumline-cabling.com\/wp-content\/uploads\/2019\/02\/img_PL_Wall-Mount-Box.jpg\"><noscript><img decoding=\"async\" class=\"wp-image-612 size-medium alignright\" src=\"https:\/\/premiumline-cabling.com\/wp-content\/uploads\/2019\/02\/img_PL_Wall-Mount-Box-300x187.jpg\" alt width=\"300\" height=\"187\"><\/noscript><img decoding=\"async\" class=\"wp-image-612 size-medium alignright lazyload\" src=\"data:image\/svg+xml,%3Csvg%20xmlns%3D%22http%3A%2F%2Fwww.w3.org%2F2000%2Fsvg%22%20viewBox%3D%220%200%20300%20187%22%3E%3C%2Fsvg%3E\" alt width=\"300\" height=\"187\" data-src=\"https:\/\/premiumline-cabling.com\/wp-content\/uploads\/2019\/02\/img_PL_Wall-Mount-Box-300x187.jpg\"><\/a>La coque est un mat\u00e9riau hautement intensifi\u00e9 et isol\u00e9, ayant ainsi d\u2019excellentes performances m\u00e9caniques et elle est solide et durable<\/li>\n<li>Adopte le verrou import\u00e9.<\/li>\n<li>Disponible pour SC\/ST\/FC simplex &#8211; 48 c\u0153urs, LC duplex &#8211; 96 c\u0153urs<\/li>\n<li>Dimension 455*405*120 millim\u00e8tre<\/li>\n<li>Le panneau adaptateur de pi\u00e8ce peut fixer SC, ST, FC, LC<\/li>\n<li>Position de la cassette d\u2019\u00e9pissure r\u00e9glable.<\/li>\n<li>Conforme \u00e0 la directive RoHS<\/li>\n<\/ul>\n<table width=\"321\">\n<tbody>\n<tr>\n<td width=\"167\">\n<p style=\"text-align: left;\"><strong>SC<\/strong>\/<strong>ST\/FC <\/strong>(recto)<\/p>\n<\/td>\n<td width=\"155\"><strong>LC<\/strong> (recto-verso)<\/td>\n<\/tr>\n<tr>\n<td width=\"167\">48<\/td>\n<td width=\"155\">96<\/td>\n<\/tr>\n<\/tbody>\n<\/table>\n<h3>CARACT\u00c9RISTIQUES:<\/h3>\n<ul>\n<li>Op\u00e9rations de scellage parfaites et fiables<\/li>\n<li>\u00c9pissage, stockage et distribution du mou<\/li>\n<li>Facile \u00e0 utiliser<\/li>\n<li>Mise \u00e0 la terre fiable, protection en toute s\u00e9curit\u00e9<\/li>\n<li>Garantir le rayon de courbure<\/li>\n<li>S\u2019applique \u00e0 un vaste champ<\/li>\n<li>Simplicit\u00e9 d\u2019installation et d\u2019entretien<\/li>\n<\/ul>\n<h3>CANDIDATURES:<\/h3>\n<ul>\n<li>Dans l\u2019acc\u00e8s \u00e0 la fibre, il est destin\u00e9 \u00e0 la terminaison, \u00e0 la protection et \u00e0 la distribution de la fibre.<\/li>\n<\/ul>\n<h3>LES INFORMATIONS RELATIVES \u00c0 LA COMMANDE:<\/h3>\n<table>\n<tbody>\n<tr>\n<td width=\"151\">N\u00b0 de pi\u00e8ce<\/td>\n<td width=\"472\">2510xy480<\/td>\n<\/tr>\n<tr>\n<td width=\"151\">Description<\/td>\n<td width=\"472\">Bo\u00eetier fibre optique mural Premium Line 48 ports sans adaptateurs<\/td>\n<\/tr>\n<tr>\n<td width=\"151\">x, panneau adaptateur<\/td>\n<td width=\"472\">1 : recto 2 : recto-verso<\/td>\n<\/tr>\n<tr>\n<td width=\"151\">y, tapez<\/td>\n<td width=\"472\">1 : SC 2 : ST 3 : FC 4. LC (recto-verso)<\/td>\n<\/tr>\n<tr>\n<td width=\"151\">Emballage<\/td>\n<td width=\"472\">1 pc\/bo\u00eete, 3 pcs\/carton\n<p>dimension du carton, 50 * 45 * 49 cm, poids&nbsp;: G.W. 25 KG N.W. 24KG<\/p>\n<p>&nbsp;<\/p><\/td>\n<\/tr>\n<\/tbody>\n<\/table>\n<p>&nbsp;<\/p>\n<table width=\"682\">\n<tbody>\n<tr>\n<td width=\"124\"><strong>N\u00b0 de pi\u00e8ce<\/strong><\/td>\n<td width=\"558\"><strong>Description<\/strong><\/td>\n<\/tr>\n<tr>\n<td width=\"124\">251011480<\/td>\n<td width=\"558\">Bo\u00eetier fibre optique mural 48 conducteurs type SC, sans adaptateur<\/td>\n<\/tr>\n<tr>\n<td width=\"124\">251012480<\/td>\n<td width=\"558\">Bo\u00eetier fibre optique mural 48 c\u0153urs type ST, sans adaptateur<\/td>\n<\/tr>\n<tr>\n<td width=\"124\">251013480<\/td>\n<td width=\"558\">Bo\u00eetier fibre optique mural 48 c\u0153urs type FC, sans adaptateur<\/td>\n<\/tr>\n<tr>\n<td width=\"124\">251024480<\/td>\n<td width=\"558\">Bo\u00eetier fibre optique mural 48\u00d72 conducteurs type LC, sans adaptateur<\/td>\n<\/tr>\n<\/tbody>\n<\/table>\n","protected":false},"featured_media":20600,"template":"","product_category":[425],"class_list":["post-20598","product","type-product","status-publish","has-post-thumbnail","hentry","product_category-reseau-local"],"yoast_head":"<!-- This site is optimized with the Yoast SEO plugin v27.2 - https:\/\/yoast.com\/product\/yoast-seo-wordpress\/ -->\n<title>Premium-Line 48 ports Bo\u00eetier Fibre Optique Mural<\/title>\n<meta name=\"description\" content=\"Le bo\u00eetier de fibre optique mural Premium Line 48 ports est utilis\u00e9 pour la terminaison directe des fibres. La bo\u00eete comprend deux sections distinctes.\" \/>\n<meta name=\"robots\" content=\"index, follow, max-snippet:-1, max-image-preview:large, max-video-preview:-1\" \/>\n<link rel=\"canonical\" href=\"https:\/\/premiumline-cabling.com\/fr\/product\/boitier-de-montage-mural-fo-48-ports\/\" \/>\n<meta property=\"og:locale\" content=\"fr_FR\" \/>\n<meta property=\"og:type\" content=\"article\" \/>\n<meta property=\"og:title\" content=\"Premium-Line 48 ports Bo\u00eetier Fibre Optique Mural\" \/>\n<meta property=\"og:description\" content=\"Le bo\u00eetier de fibre optique mural Premium Line 48 ports est utilis\u00e9 pour la terminaison directe des fibres. La bo\u00eete comprend deux sections distinctes.\" \/>\n<meta property=\"og:url\" content=\"https:\/\/premiumline-cabling.com\/fr\/product\/boitier-de-montage-mural-fo-48-ports\/\" \/>\n<meta property=\"og:site_name\" content=\"Premium-Line\" \/>\n<meta property=\"article:modified_time\" content=\"2023-12-14T15:13:49+00:00\" \/>\n<meta property=\"og:image\" content=\"https:\/\/premiumline-cabling.com\/wp-content\/uploads\/2019\/02\/img_PL_Wall-Mount-Box_1.jpg\" \/>\n\t<meta property=\"og:image:width\" content=\"283\" \/>\n\t<meta property=\"og:image:height\" content=\"220\" \/>\n\t<meta property=\"og:image:type\" content=\"image\/jpeg\" \/>\n<meta name=\"twitter:card\" content=\"summary_large_image\" \/>\n<meta name=\"twitter:label1\" content=\"Dur\u00e9e de lecture estim\u00e9e\" \/>\n\t<meta name=\"twitter:data1\" content=\"2 minutes\" \/>\n<script type=\"application\/ld+json\" class=\"yoast-schema-graph\">{\"@context\":\"https:\/\/schema.org\",\"@graph\":[{\"@type\":\"WebPage\",\"@id\":\"https:\/\/premiumline-cabling.com\/fr\/product\/boitier-de-montage-mural-fo-48-ports\/\",\"url\":\"https:\/\/premiumline-cabling.com\/fr\/product\/boitier-de-montage-mural-fo-48-ports\/\",\"name\":\"Premium-Line 48 ports Bo\u00eetier Fibre Optique Mural\",\"isPartOf\":{\"@id\":\"https:\/\/premiumline-cabling.com\/#website\"},\"primaryImageOfPage\":{\"@id\":\"https:\/\/premiumline-cabling.com\/fr\/product\/boitier-de-montage-mural-fo-48-ports\/#primaryimage\"},\"image\":{\"@id\":\"https:\/\/premiumline-cabling.com\/fr\/product\/boitier-de-montage-mural-fo-48-ports\/#primaryimage\"},\"thumbnailUrl\":\"https:\/\/premiumline-cabling.com\/wp-content\/uploads\/2019\/02\/img_PL_Wall-Mount-Box_1.jpg\",\"datePublished\":\"2019-02-03T13:33:51+00:00\",\"dateModified\":\"2023-12-14T15:13:49+00:00\",\"description\":\"Le bo\u00eetier de fibre optique mural Premium Line 48 ports est utilis\u00e9 pour la terminaison directe des fibres. La bo\u00eete comprend deux sections distinctes.\",\"breadcrumb\":{\"@id\":\"https:\/\/premiumline-cabling.com\/fr\/product\/boitier-de-montage-mural-fo-48-ports\/#breadcrumb\"},\"inLanguage\":\"fr-FR\",\"potentialAction\":[{\"@type\":\"ReadAction\",\"target\":[\"https:\/\/premiumline-cabling.com\/fr\/product\/boitier-de-montage-mural-fo-48-ports\/\"]}]},{\"@type\":\"ImageObject\",\"inLanguage\":\"fr-FR\",\"@id\":\"https:\/\/premiumline-cabling.com\/fr\/product\/boitier-de-montage-mural-fo-48-ports\/#primaryimage\",\"url\":\"https:\/\/premiumline-cabling.com\/wp-content\/uploads\/2019\/02\/img_PL_Wall-Mount-Box_1.jpg\",\"contentUrl\":\"https:\/\/premiumline-cabling.com\/wp-content\/uploads\/2019\/02\/img_PL_Wall-Mount-Box_1.jpg\",\"width\":283,\"height\":220},{\"@type\":\"BreadcrumbList\",\"@id\":\"https:\/\/premiumline-cabling.com\/fr\/product\/boitier-de-montage-mural-fo-48-ports\/#breadcrumb\",\"itemListElement\":[{\"@type\":\"ListItem\",\"position\":1,\"name\":\"\u0413\u043b\u0430\u0432\u043d\u0430\u044f \u0441\u0442\u0440\u0430\u043d\u0438\u0446\u0430\",\"item\":\"https:\/\/premiumline-cabling.com\/fr\/\"},{\"@type\":\"ListItem\",\"position\":2,\"name\":\"Bo\u00eetier de montage mural FO 48 ports\"}]},{\"@type\":\"WebSite\",\"@id\":\"https:\/\/premiumline-cabling.com\/#website\",\"url\":\"https:\/\/premiumline-cabling.com\/\",\"name\":\"Premium-Line\",\"description\":\"Structured Cabling System\",\"publisher\":{\"@id\":\"https:\/\/premiumline-cabling.com\/#organization\"},\"potentialAction\":[{\"@type\":\"SearchAction\",\"target\":{\"@type\":\"EntryPoint\",\"urlTemplate\":\"https:\/\/premiumline-cabling.com\/?s={search_term_string}\"},\"query-input\":{\"@type\":\"PropertyValueSpecification\",\"valueRequired\":true,\"valueName\":\"search_term_string\"}}],\"inLanguage\":\"fr-FR\"},{\"@type\":\"Organization\",\"@id\":\"https:\/\/premiumline-cabling.com\/#organization\",\"name\":\"Premium-Line\",\"url\":\"https:\/\/premiumline-cabling.com\/\",\"logo\":{\"@type\":\"ImageObject\",\"inLanguage\":\"fr-FR\",\"@id\":\"https:\/\/premiumline-cabling.com\/#\/schema\/logo\/image\/\",\"url\":\"https:\/\/premiumline-cabling.com\/wp-content\/uploads\/2019\/04\/cropped-img_logo_site_Premium-Line.png\",\"contentUrl\":\"https:\/\/premiumline-cabling.com\/wp-content\/uploads\/2019\/04\/cropped-img_logo_site_Premium-Line.png\",\"width\":190,\"height\":62,\"caption\":\"Premium-Line\"},\"image\":{\"@id\":\"https:\/\/premiumline-cabling.com\/#\/schema\/logo\/image\/\"}}]}<\/script>\n<!-- \/ Yoast SEO plugin. -->","yoast_head_json":{"title":"Premium-Line 48 ports Bo\u00eetier Fibre Optique Mural","description":"Le bo\u00eetier de fibre optique mural Premium Line 48 ports est utilis\u00e9 pour la terminaison directe des fibres. La bo\u00eete comprend deux sections distinctes.","robots":{"index":"index","follow":"follow","max-snippet":"max-snippet:-1","max-image-preview":"max-image-preview:large","max-video-preview":"max-video-preview:-1"},"canonical":"https:\/\/premiumline-cabling.com\/fr\/product\/boitier-de-montage-mural-fo-48-ports\/","og_locale":"fr_FR","og_type":"article","og_title":"Premium-Line 48 ports Bo\u00eetier Fibre Optique Mural","og_description":"Le bo\u00eetier de fibre optique mural Premium Line 48 ports est utilis\u00e9 pour la terminaison directe des fibres. La bo\u00eete comprend deux sections distinctes.","og_url":"https:\/\/premiumline-cabling.com\/fr\/product\/boitier-de-montage-mural-fo-48-ports\/","og_site_name":"Premium-Line","article_modified_time":"2023-12-14T15:13:49+00:00","og_image":[{"width":283,"height":220,"url":"https:\/\/premiumline-cabling.com\/wp-content\/uploads\/2019\/02\/img_PL_Wall-Mount-Box_1.jpg","type":"image\/jpeg"}],"twitter_card":"summary_large_image","twitter_misc":{"Dur\u00e9e de lecture estim\u00e9e":"2 minutes"},"schema":{"@context":"https:\/\/schema.org","@graph":[{"@type":"WebPage","@id":"https:\/\/premiumline-cabling.com\/fr\/product\/boitier-de-montage-mural-fo-48-ports\/","url":"https:\/\/premiumline-cabling.com\/fr\/product\/boitier-de-montage-mural-fo-48-ports\/","name":"Premium-Line 48 ports Bo\u00eetier Fibre Optique Mural","isPartOf":{"@id":"https:\/\/premiumline-cabling.com\/#website"},"primaryImageOfPage":{"@id":"https:\/\/premiumline-cabling.com\/fr\/product\/boitier-de-montage-mural-fo-48-ports\/#primaryimage"},"image":{"@id":"https:\/\/premiumline-cabling.com\/fr\/product\/boitier-de-montage-mural-fo-48-ports\/#primaryimage"},"thumbnailUrl":"https:\/\/premiumline-cabling.com\/wp-content\/uploads\/2019\/02\/img_PL_Wall-Mount-Box_1.jpg","datePublished":"2019-02-03T13:33:51+00:00","dateModified":"2023-12-14T15:13:49+00:00","description":"Le bo\u00eetier de fibre optique mural Premium Line 48 ports est utilis\u00e9 pour la terminaison directe des fibres. La bo\u00eete comprend deux sections distinctes.","breadcrumb":{"@id":"https:\/\/premiumline-cabling.com\/fr\/product\/boitier-de-montage-mural-fo-48-ports\/#breadcrumb"},"inLanguage":"fr-FR","potentialAction":[{"@type":"ReadAction","target":["https:\/\/premiumline-cabling.com\/fr\/product\/boitier-de-montage-mural-fo-48-ports\/"]}]},{"@type":"ImageObject","inLanguage":"fr-FR","@id":"https:\/\/premiumline-cabling.com\/fr\/product\/boitier-de-montage-mural-fo-48-ports\/#primaryimage","url":"https:\/\/premiumline-cabling.com\/wp-content\/uploads\/2019\/02\/img_PL_Wall-Mount-Box_1.jpg","contentUrl":"https:\/\/premiumline-cabling.com\/wp-content\/uploads\/2019\/02\/img_PL_Wall-Mount-Box_1.jpg","width":283,"height":220},{"@type":"BreadcrumbList","@id":"https:\/\/premiumline-cabling.com\/fr\/product\/boitier-de-montage-mural-fo-48-ports\/#breadcrumb","itemListElement":[{"@type":"ListItem","position":1,"name":"\u0413\u043b\u0430\u0432\u043d\u0430\u044f \u0441\u0442\u0440\u0430\u043d\u0438\u0446\u0430","item":"https:\/\/premiumline-cabling.com\/fr\/"},{"@type":"ListItem","position":2,"name":"Bo\u00eetier de montage mural FO 48 ports"}]},{"@type":"WebSite","@id":"https:\/\/premiumline-cabling.com\/#website","url":"https:\/\/premiumline-cabling.com\/","name":"Premium-Line","description":"Structured Cabling System","publisher":{"@id":"https:\/\/premiumline-cabling.com\/#organization"},"potentialAction":[{"@type":"SearchAction","target":{"@type":"EntryPoint","urlTemplate":"https:\/\/premiumline-cabling.com\/?s={search_term_string}"},"query-input":{"@type":"PropertyValueSpecification","valueRequired":true,"valueName":"search_term_string"}}],"inLanguage":"fr-FR"},{"@type":"Organization","@id":"https:\/\/premiumline-cabling.com\/#organization","name":"Premium-Line","url":"https:\/\/premiumline-cabling.com\/","logo":{"@type":"ImageObject","inLanguage":"fr-FR","@id":"https:\/\/premiumline-cabling.com\/#\/schema\/logo\/image\/","url":"https:\/\/premiumline-cabling.com\/wp-content\/uploads\/2019\/04\/cropped-img_logo_site_Premium-Line.png","contentUrl":"https:\/\/premiumline-cabling.com\/wp-content\/uploads\/2019\/04\/cropped-img_logo_site_Premium-Line.png","width":190,"height":62,"caption":"Premium-Line"},"image":{"@id":"https:\/\/premiumline-cabling.com\/#\/schema\/logo\/image\/"}}]}},"_links":{"self":[{"href":"https:\/\/premiumline-cabling.com\/fr\/wp-json\/wp\/v2\/product\/20598","targetHints":{"allow":["GET"]}}],"collection":[{"href":"https:\/\/premiumline-cabling.com\/fr\/wp-json\/wp\/v2\/product"}],"about":[{"href":"https:\/\/premiumline-cabling.com\/fr\/wp-json\/wp\/v2\/types\/product"}],"wp:featuredmedia":[{"embeddable":true,"href":"https:\/\/premiumline-cabling.com\/fr\/wp-json\/wp\/v2\/media\/20600"}],"wp:attachment":[{"href":"https:\/\/premiumline-cabling.com\/fr\/wp-json\/wp\/v2\/media?parent=20598"}],"wp:term":[{"taxonomy":"product_category","embeddable":true,"href":"https:\/\/premiumline-cabling.com\/fr\/wp-json\/wp\/v2\/product_category?post=20598"}],"curies":[{"name":"wp","href":"https:\/\/api.w.org\/{rel}","templated":true}]}}