{"id":20545,"date":"2019-02-03T14:23:44","date_gmt":"2019-02-03T13:23:44","guid":{"rendered":"https:\/\/premiumline-cabling.com\/product\/odf-19-nbsp-monte-en-rack\/"},"modified":"2023-12-14T15:31:02","modified_gmt":"2023-12-14T14:31:02","slug":"odf-19-nbsp-monte-en-rack","status":"publish","type":"product","link":"https:\/\/premiumline-cabling.com\/fr\/product\/odf-19-nbsp-monte-en-rack\/","title":{"rendered":"ODF 19&#8243; mont\u00e9 en rack"},"content":{"rendered":"<p><a href=\"https:\/\/premiumline-cabling.com\/wp-content\/uploads\/2019\/02\/img_PL_19-Rack-Mounted-ODF.jpg\"><noscript><img decoding=\"async\" class=\"wp-image-609 size-medium alignright\" src=\"https:\/\/premiumline-cabling.com\/wp-content\/uploads\/2019\/02\/img_PL_19-Rack-Mounted-ODF-300x160.jpg\" alt width=\"300\" height=\"160\"><\/noscript><img decoding=\"async\" class=\"wp-image-609 size-medium alignright lazyload\" src=\"data:image\/svg+xml,%3Csvg%20xmlns%3D%22http%3A%2F%2Fwww.w3.org%2F2000%2Fsvg%22%20viewBox%3D%220%200%20300%20160%22%3E%3C%2Fsvg%3E\" alt width=\"300\" height=\"160\" data-src=\"https:\/\/premiumline-cabling.com\/wp-content\/uploads\/2019\/02\/img_PL_19-Rack-Mounted-ODF-300x160.jpg\"><\/a>Le r\u00e9partiteur optique mont\u00e9 en rack Premium-Line &#8211; ODF convient \u00e0 l\u2019installation standard d\u2019une armoire de serveur de 19 pouces. Cet ODF est disponible pour un maximum de 96 c\u0153urs termin\u00e9s \u00e0 l\u2019int\u00e9rieur avec des connecteurs et adaptateurs SC ou FC, ou 192 c\u0153urs pour les adaptateurs LC duplex.<br>\nLa conception de la pile de deux adaptateurs simplex facilite la distribution du couplage par paires dans les op\u00e9rations classiques de r\u00e9seau \u00e0 fibre optique. La porte d\u2019entr\u00e9e est amovible lors de l\u2019installation et se scelle facilement avec deux casiers en plastique.<br>\nPour le stockage, la gestion et le d\u00e9ploiement futur des c\u00e2bles, le panneau de l\u2019adaptateur avant et la position d\u2019\u00e9pissure sont tous en conception rotative, facile pour toutes les op\u00e9rations \u00e0 l\u2019int\u00e9rieur.<\/p>\n<h3>CARACT\u00c9RISTIQUES:<\/h3>\n<ul>\n<li>La conception mont\u00e9e en rack convient \u00e0 l\u2019installation d\u2019une armoire standard de 19 po<\/li>\n<li>Les deux entr\u00e9es de c\u00e2bles lat\u00e9rales, faciles \u00e0 installer<\/li>\n<li>Panneau adaptateur et \u00e9pissure du c\u00e2ble arri\u00e8re et espace de stockage en version rotative<\/li>\n<li>Anneau de gestion des c\u00e2bles abondant \u00e0 l\u2019espace de rangement et \u00e0 l\u2019emplacement de sortie avant<\/li>\n<li>Plaque d\u2019adaptation verrouill\u00e9e sur le panneau avant, facile \u00e0 remplacer et \u00e0 g\u00e9rer<\/li>\n<li>Disponible pour les adaptateurs SC recto, LC duplex, FC, les adaptateurs ST sp\u00e9ciaux (P\/N 231x41y00)<\/li>\n<li>Mat\u00e9riau du cadre en m\u00e9tal: SPCC \/1,0 mm, aile lat\u00e9rale 1,5 mm<\/li>\n<li>Porte d\u2019entr\u00e9e amovible, scellant et rouvrant facilement<\/li>\n<li>4 * vis d\u2019\u00e9crous de cage M6 pour l\u2019installation de l\u2019armoire, 8 * petites vis pour l\u2019assemblage de l\u2019aile lat\u00e9rale<\/li>\n<\/ul>\n<h3>CANDIDATURES:<\/h3>\n<ul>\n<li>T\u00e9l\u00e9communication<\/li>\n<li>R\u00e9seau local<\/li>\n<li>D\u00e9ploiements FTTx<\/li>\n<li>CATV<\/li>\n<li>Terminaison directe, protection, gestion des c\u00e2bles \u00e0 fibres optiques<\/li>\n<\/ul>\n<h3>DESSIN:<\/h3>\n<p><noscript><img decoding=\"async\" class=\"aligncenter wp-image-13860 size-large\" src=\"https:\/\/premiumline-cabling.com\/wp-content\/uploads\/2019\/02\/odf-2U-1024x825.jpg\" alt width=\"1024\" height=\"825\" srcset=\"https:\/\/premiumline-cabling.com\/wp-content\/uploads\/2019\/02\/odf-2U-1024x825.jpg 1024w, https:\/\/premiumline-cabling.com\/wp-content\/uploads\/2019\/02\/odf-2U-300x242.jpg 300w, https:\/\/premiumline-cabling.com\/wp-content\/uploads\/2019\/02\/odf-2U-768x619.jpg 768w, https:\/\/premiumline-cabling.com\/wp-content\/uploads\/2019\/02\/odf-2U-1536x1237.jpg 1536w, https:\/\/premiumline-cabling.com\/wp-content\/uploads\/2019\/02\/odf-2U.jpg 1562w\" sizes=\"(max-width: 1024px) 100vw, 1024px\"><\/noscript><img decoding=\"async\" class=\"aligncenter wp-image-13860 size-large lazyload\" src=\"data:image\/svg+xml,%3Csvg%20xmlns%3D%22http%3A%2F%2Fwww.w3.org%2F2000%2Fsvg%22%20viewBox%3D%220%200%201024%20825%22%3E%3C%2Fsvg%3E\" alt width=\"1024\" height=\"825\" srcset=\"data:image\/svg+xml,%3Csvg%20xmlns%3D%22http%3A%2F%2Fwww.w3.org%2F2000%2Fsvg%22%20viewBox%3D%220%200%201024%20825%22%3E%3C%2Fsvg%3E 1024w\" sizes=\"(max-width: 1024px) 100vw, 1024px\" data-srcset=\"https:\/\/premiumline-cabling.com\/wp-content\/uploads\/2019\/02\/odf-2U-1024x825.jpg 1024w, https:\/\/premiumline-cabling.com\/wp-content\/uploads\/2019\/02\/odf-2U-300x242.jpg 300w, https:\/\/premiumline-cabling.com\/wp-content\/uploads\/2019\/02\/odf-2U-768x619.jpg 768w, https:\/\/premiumline-cabling.com\/wp-content\/uploads\/2019\/02\/odf-2U-1536x1237.jpg 1536w, https:\/\/premiumline-cabling.com\/wp-content\/uploads\/2019\/02\/odf-2U.jpg 1562w\" data-src=\"https:\/\/premiumline-cabling.com\/wp-content\/uploads\/2019\/02\/odf-2U-1024x825.jpg\"><\/p>\n<table width=\"341\">\n<tbody>\n<tr>\n<td width=\"75\"><strong>Hauteur<\/strong><\/td>\n<td width=\"151\"><strong>SC\/FC\/<\/strong><strong>ST <\/strong>(recto)<\/td>\n<td width=\"114\"><strong>LC<\/strong> (recto-verso)<\/td>\n<\/tr>\n<tr>\n<td width=\"75\">1U<\/td>\n<td width=\"151\">24<\/td>\n<td width=\"114\">48<\/td>\n<\/tr>\n<tr>\n<td width=\"75\">2U<\/td>\n<td width=\"151\">48<\/td>\n<td width=\"114\">96<\/td>\n<\/tr>\n<tr>\n<td width=\"75\">3U<\/td>\n<td width=\"151\">72<\/td>\n<td width=\"114\">144<\/td>\n<\/tr>\n<tr>\n<td width=\"75\">4U<\/td>\n<td width=\"151\">96<\/td>\n<td width=\"114\">192<\/td>\n<\/tr>\n<\/tbody>\n<\/table>\n<h3>LES INFORMATIONS RELATIVES \u00c0 LA COMMANDE:<\/h3>\n<table>\n<tbody>\n<tr>\n<td width=\"141\">N\u00b0 de pi\u00e8ce<\/td>\n<td width=\"482\">2450xyzz5<\/td>\n<\/tr>\n<tr>\n<td width=\"141\">Description<\/td>\n<td width=\"482\">R\u00e9partiteur optique Premium Line 19&nbsp;\u00bb mont\u00e9 en rack, gris<\/td>\n<\/tr>\n<tr>\n<td width=\"141\">x, adaptateur charg\u00e9<\/td>\n<td width=\"482\">0 : d\u00e9charg\u00e9 1 : adaptateur MM charg\u00e9 2 : adaptateur SM charg\u00e9 4 : adaptateur APC charg\u00e9<\/td>\n<\/tr>\n<tr>\n<td width=\"141\">y, tapez<\/td>\n<td width=\"482\">1 : SC 2 : ST 3 : FC 4 : LC duplex<\/td>\n<\/tr>\n<tr>\n<td width=\"141\">zz, ports<\/td>\n<td width=\"482\">24 : 24 ports 48 : 48 ports 72 : 72 ports 96 : 96 ports<\/td>\n<\/tr>\n<\/tbody>\n<\/table>\n<p><strong><em><a href=\"https:\/\/premiumline-cabling.com\/wp-content\/uploads\/2021\/08\/Drawing41.tif\"><noscript><img decoding=\"async\" class=\"alignright size-full wp-image-7725\" src=\"https:\/\/premiumline-cabling.com\/wp-content\/uploads\/2021\/08\/Drawing41.tif\" alt><\/noscript><img decoding=\"async\" class=\"alignright size-full wp-image-7725 lazyload\" src=\"data:image\/gif;base64,R0lGODlhAQABAIAAAAAAAP\/\/\/yH5BAEAAAAALAAAAAABAAEAAAIBRAA7\" alt data-src=\"https:\/\/premiumline-cabling.com\/wp-content\/uploads\/2021\/08\/Drawing41.tif\"><\/a> <\/em><\/strong><\/p>\n<p><strong><em><noscript><img decoding=\"async\" class=\"alignnone wp-image-13865\" src=\"https:\/\/premiumline-cabling.com\/wp-content\/uploads\/2019\/02\/ODF-Drawing4-1024x215.jpg\" alt width=\"500\" height=\"105\" srcset=\"https:\/\/premiumline-cabling.com\/wp-content\/uploads\/2019\/02\/ODF-Drawing4-1024x215.jpg 1024w, https:\/\/premiumline-cabling.com\/wp-content\/uploads\/2019\/02\/ODF-Drawing4-300x63.jpg 300w, https:\/\/premiumline-cabling.com\/wp-content\/uploads\/2019\/02\/ODF-Drawing4-768x161.jpg 768w, https:\/\/premiumline-cabling.com\/wp-content\/uploads\/2019\/02\/ODF-Drawing4.jpg 1151w\" sizes=\"(max-width: 500px) 100vw, 500px\"><\/noscript><img decoding=\"async\" class=\"alignnone wp-image-13865 lazyload\" src=\"data:image\/svg+xml,%3Csvg%20xmlns%3D%22http%3A%2F%2Fwww.w3.org%2F2000%2Fsvg%22%20viewBox%3D%220%200%20500%20105%22%3E%3C%2Fsvg%3E\" alt width=\"500\" height=\"105\" srcset=\"data:image\/svg+xml,%3Csvg%20xmlns%3D%22http%3A%2F%2Fwww.w3.org%2F2000%2Fsvg%22%20viewBox%3D%220%200%20500%20105%22%3E%3C%2Fsvg%3E 500w\" sizes=\"(max-width: 500px) 100vw, 500px\" data-srcset=\"https:\/\/premiumline-cabling.com\/wp-content\/uploads\/2019\/02\/ODF-Drawing4-1024x215.jpg 1024w, https:\/\/premiumline-cabling.com\/wp-content\/uploads\/2019\/02\/ODF-Drawing4-300x63.jpg 300w, https:\/\/premiumline-cabling.com\/wp-content\/uploads\/2019\/02\/ODF-Drawing4-768x161.jpg 768w, https:\/\/premiumline-cabling.com\/wp-content\/uploads\/2019\/02\/ODF-Drawing4.jpg 1151w\" data-src=\"https:\/\/premiumline-cabling.com\/wp-content\/uploads\/2019\/02\/ODF-Drawing4-1024x215.jpg\"><\/em><\/strong><strong><em><a href=\"https:\/\/premiumline-cabling.com\/service_category\/visio-stencils\/\" target=\"_blank\" rel=\"noopener\"><noscript><img decoding=\"async\" class=\"alignleft wp-image-7747\" src=\"https:\/\/premiumline-cabling.com\/wp-content\/uploads\/2021\/08\/img_Premium-Line_Visio_Sapes-300x157.png\" alt width=\"246\" height=\"129\" srcset=\"https:\/\/premiumline-cabling.com\/wp-content\/uploads\/2021\/08\/img_Premium-Line_Visio_Sapes-300x157.png 300w, https:\/\/premiumline-cabling.com\/wp-content\/uploads\/2021\/08\/img_Premium-Line_Visio_Sapes-768x401.png 768w, https:\/\/premiumline-cabling.com\/wp-content\/uploads\/2021\/08\/img_Premium-Line_Visio_Sapes.png 860w\" sizes=\"(max-width: 246px) 100vw, 246px\"><\/noscript><img decoding=\"async\" class=\"alignleft wp-image-7747 lazyload\" src=\"data:image\/svg+xml,%3Csvg%20xmlns%3D%22http%3A%2F%2Fwww.w3.org%2F2000%2Fsvg%22%20viewBox%3D%220%200%20246%20129%22%3E%3C%2Fsvg%3E\" alt width=\"246\" height=\"129\" srcset=\"data:image\/svg+xml,%3Csvg%20xmlns%3D%22http%3A%2F%2Fwww.w3.org%2F2000%2Fsvg%22%20viewBox%3D%220%200%20246%20129%22%3E%3C%2Fsvg%3E 246w\" sizes=\"(max-width: 246px) 100vw, 246px\" data-srcset=\"https:\/\/premiumline-cabling.com\/wp-content\/uploads\/2021\/08\/img_Premium-Line_Visio_Sapes-300x157.png 300w, https:\/\/premiumline-cabling.com\/wp-content\/uploads\/2021\/08\/img_Premium-Line_Visio_Sapes-768x401.png 768w, https:\/\/premiumline-cabling.com\/wp-content\/uploads\/2021\/08\/img_Premium-Line_Visio_Sapes.png 860w\" data-src=\"https:\/\/premiumline-cabling.com\/wp-content\/uploads\/2021\/08\/img_Premium-Line_Visio_Sapes-300x157.png\"><\/a><\/em><\/strong><\/p>\n","protected":false},"featured_media":20549,"template":"","product_category":[434],"class_list":["post-20545","product","type-product","status-publish","has-post-thumbnail","hentry","product_category-panneaux-fo-et-odf"],"yoast_head":"<!-- This site is optimized with the Yoast SEO plugin v27.4 - https:\/\/yoast.com\/product\/yoast-seo-wordpress\/ -->\n<title>Premium-Line 19&quot; Rack Mounted ODF<\/title>\n<meta name=\"description\" content=\"Le r\u00e9partiteur optique mont\u00e9 en rack Premium-Line - ODF convient \u00e0 l\u2019installation standard d\u2019une armoire de serveur de 19 pouces. En savoir plus !\" \/>\n<meta name=\"robots\" content=\"index, follow, max-snippet:-1, max-image-preview:large, max-video-preview:-1\" \/>\n<link rel=\"canonical\" href=\"https:\/\/premiumline-cabling.com\/fr\/product\/odf-19-nbsp-monte-en-rack\/\" \/>\n<meta property=\"og:locale\" content=\"fr_FR\" \/>\n<meta property=\"og:type\" content=\"article\" \/>\n<meta property=\"og:title\" content=\"Premium-Line 19&quot; Rack Mounted ODF\" \/>\n<meta property=\"og:description\" content=\"Le r\u00e9partiteur optique mont\u00e9 en rack Premium-Line - ODF convient \u00e0 l\u2019installation standard d\u2019une armoire de serveur de 19 pouces. En savoir plus !\" \/>\n<meta property=\"og:url\" content=\"https:\/\/premiumline-cabling.com\/fr\/product\/odf-19-nbsp-monte-en-rack\/\" \/>\n<meta property=\"og:site_name\" content=\"Premium-Line\" \/>\n<meta property=\"article:modified_time\" content=\"2023-12-14T14:31:02+00:00\" \/>\n<meta property=\"og:image\" content=\"https:\/\/premiumline-cabling.com\/wp-content\/uploads\/2019\/02\/img_PL_19-Rack-Mounted-ODF.jpg\" \/>\n\t<meta property=\"og:image:width\" content=\"300\" \/>\n\t<meta property=\"og:image:height\" content=\"160\" \/>\n\t<meta property=\"og:image:type\" content=\"image\/jpeg\" \/>\n<meta name=\"twitter:card\" content=\"summary_large_image\" \/>\n<meta name=\"twitter:label1\" content=\"Dur\u00e9e de lecture estim\u00e9e\" \/>\n\t<meta name=\"twitter:data1\" content=\"3 minutes\" \/>\n<script type=\"application\/ld+json\" class=\"yoast-schema-graph\">{\"@context\":\"https:\\\/\\\/schema.org\",\"@graph\":[{\"@type\":\"WebPage\",\"@id\":\"https:\\\/\\\/premiumline-cabling.com\\\/fr\\\/product\\\/odf-19-nbsp-monte-en-rack\\\/\",\"url\":\"https:\\\/\\\/premiumline-cabling.com\\\/fr\\\/product\\\/odf-19-nbsp-monte-en-rack\\\/\",\"name\":\"Premium-Line 19\\\" Rack Mounted ODF\",\"isPartOf\":{\"@id\":\"https:\\\/\\\/premiumline-cabling.com\\\/#website\"},\"primaryImageOfPage\":{\"@id\":\"https:\\\/\\\/premiumline-cabling.com\\\/fr\\\/product\\\/odf-19-nbsp-monte-en-rack\\\/#primaryimage\"},\"image\":{\"@id\":\"https:\\\/\\\/premiumline-cabling.com\\\/fr\\\/product\\\/odf-19-nbsp-monte-en-rack\\\/#primaryimage\"},\"thumbnailUrl\":\"https:\\\/\\\/premiumline-cabling.com\\\/wp-content\\\/uploads\\\/2019\\\/02\\\/img_PL_19-Rack-Mounted-ODF.jpg\",\"datePublished\":\"2019-02-03T13:23:44+00:00\",\"dateModified\":\"2023-12-14T14:31:02+00:00\",\"description\":\"Le r\u00e9partiteur optique mont\u00e9 en rack Premium-Line - ODF convient \u00e0 l\u2019installation standard d\u2019une armoire de serveur de 19 pouces. En savoir plus !\",\"breadcrumb\":{\"@id\":\"https:\\\/\\\/premiumline-cabling.com\\\/fr\\\/product\\\/odf-19-nbsp-monte-en-rack\\\/#breadcrumb\"},\"inLanguage\":\"fr-FR\",\"potentialAction\":[{\"@type\":\"ReadAction\",\"target\":[\"https:\\\/\\\/premiumline-cabling.com\\\/fr\\\/product\\\/odf-19-nbsp-monte-en-rack\\\/\"]}]},{\"@type\":\"ImageObject\",\"inLanguage\":\"fr-FR\",\"@id\":\"https:\\\/\\\/premiumline-cabling.com\\\/fr\\\/product\\\/odf-19-nbsp-monte-en-rack\\\/#primaryimage\",\"url\":\"https:\\\/\\\/premiumline-cabling.com\\\/wp-content\\\/uploads\\\/2019\\\/02\\\/img_PL_19-Rack-Mounted-ODF.jpg\",\"contentUrl\":\"https:\\\/\\\/premiumline-cabling.com\\\/wp-content\\\/uploads\\\/2019\\\/02\\\/img_PL_19-Rack-Mounted-ODF.jpg\",\"width\":300,\"height\":160},{\"@type\":\"BreadcrumbList\",\"@id\":\"https:\\\/\\\/premiumline-cabling.com\\\/fr\\\/product\\\/odf-19-nbsp-monte-en-rack\\\/#breadcrumb\",\"itemListElement\":[{\"@type\":\"ListItem\",\"position\":1,\"name\":\"\u0413\u043b\u0430\u0432\u043d\u0430\u044f \u0441\u0442\u0440\u0430\u043d\u0438\u0446\u0430\",\"item\":\"https:\\\/\\\/premiumline-cabling.com\\\/fr\\\/\"},{\"@type\":\"ListItem\",\"position\":2,\"name\":\"ODF 19&#8243; mont\u00e9 en rack\"}]},{\"@type\":\"WebSite\",\"@id\":\"https:\\\/\\\/premiumline-cabling.com\\\/#website\",\"url\":\"https:\\\/\\\/premiumline-cabling.com\\\/\",\"name\":\"Premium-Line\",\"description\":\"Structured Cabling System\",\"publisher\":{\"@id\":\"https:\\\/\\\/premiumline-cabling.com\\\/#organization\"},\"potentialAction\":[{\"@type\":\"SearchAction\",\"target\":{\"@type\":\"EntryPoint\",\"urlTemplate\":\"https:\\\/\\\/premiumline-cabling.com\\\/?s={search_term_string}\"},\"query-input\":{\"@type\":\"PropertyValueSpecification\",\"valueRequired\":true,\"valueName\":\"search_term_string\"}}],\"inLanguage\":\"fr-FR\"},{\"@type\":\"Organization\",\"@id\":\"https:\\\/\\\/premiumline-cabling.com\\\/#organization\",\"name\":\"Premium-Line\",\"url\":\"https:\\\/\\\/premiumline-cabling.com\\\/\",\"logo\":{\"@type\":\"ImageObject\",\"inLanguage\":\"fr-FR\",\"@id\":\"https:\\\/\\\/premiumline-cabling.com\\\/#\\\/schema\\\/logo\\\/image\\\/\",\"url\":\"https:\\\/\\\/premiumline-cabling.com\\\/wp-content\\\/uploads\\\/2019\\\/04\\\/cropped-img_logo_site_Premium-Line.png\",\"contentUrl\":\"https:\\\/\\\/premiumline-cabling.com\\\/wp-content\\\/uploads\\\/2019\\\/04\\\/cropped-img_logo_site_Premium-Line.png\",\"width\":190,\"height\":62,\"caption\":\"Premium-Line\"},\"image\":{\"@id\":\"https:\\\/\\\/premiumline-cabling.com\\\/#\\\/schema\\\/logo\\\/image\\\/\"}}]}<\/script>\n<!-- \/ Yoast SEO plugin. -->","yoast_head_json":{"title":"Premium-Line 19\" Rack Mounted ODF","description":"Le r\u00e9partiteur optique mont\u00e9 en rack Premium-Line - ODF convient \u00e0 l\u2019installation standard d\u2019une armoire de serveur de 19 pouces. En savoir plus !","robots":{"index":"index","follow":"follow","max-snippet":"max-snippet:-1","max-image-preview":"max-image-preview:large","max-video-preview":"max-video-preview:-1"},"canonical":"https:\/\/premiumline-cabling.com\/fr\/product\/odf-19-nbsp-monte-en-rack\/","og_locale":"fr_FR","og_type":"article","og_title":"Premium-Line 19\" Rack Mounted ODF","og_description":"Le r\u00e9partiteur optique mont\u00e9 en rack Premium-Line - ODF convient \u00e0 l\u2019installation standard d\u2019une armoire de serveur de 19 pouces. En savoir plus !","og_url":"https:\/\/premiumline-cabling.com\/fr\/product\/odf-19-nbsp-monte-en-rack\/","og_site_name":"Premium-Line","article_modified_time":"2023-12-14T14:31:02+00:00","og_image":[{"width":300,"height":160,"url":"https:\/\/premiumline-cabling.com\/wp-content\/uploads\/2019\/02\/img_PL_19-Rack-Mounted-ODF.jpg","type":"image\/jpeg"}],"twitter_card":"summary_large_image","twitter_misc":{"Dur\u00e9e de lecture estim\u00e9e":"3 minutes"},"schema":{"@context":"https:\/\/schema.org","@graph":[{"@type":"WebPage","@id":"https:\/\/premiumline-cabling.com\/fr\/product\/odf-19-nbsp-monte-en-rack\/","url":"https:\/\/premiumline-cabling.com\/fr\/product\/odf-19-nbsp-monte-en-rack\/","name":"Premium-Line 19\" Rack Mounted ODF","isPartOf":{"@id":"https:\/\/premiumline-cabling.com\/#website"},"primaryImageOfPage":{"@id":"https:\/\/premiumline-cabling.com\/fr\/product\/odf-19-nbsp-monte-en-rack\/#primaryimage"},"image":{"@id":"https:\/\/premiumline-cabling.com\/fr\/product\/odf-19-nbsp-monte-en-rack\/#primaryimage"},"thumbnailUrl":"https:\/\/premiumline-cabling.com\/wp-content\/uploads\/2019\/02\/img_PL_19-Rack-Mounted-ODF.jpg","datePublished":"2019-02-03T13:23:44+00:00","dateModified":"2023-12-14T14:31:02+00:00","description":"Le r\u00e9partiteur optique mont\u00e9 en rack Premium-Line - ODF convient \u00e0 l\u2019installation standard d\u2019une armoire de serveur de 19 pouces. En savoir plus !","breadcrumb":{"@id":"https:\/\/premiumline-cabling.com\/fr\/product\/odf-19-nbsp-monte-en-rack\/#breadcrumb"},"inLanguage":"fr-FR","potentialAction":[{"@type":"ReadAction","target":["https:\/\/premiumline-cabling.com\/fr\/product\/odf-19-nbsp-monte-en-rack\/"]}]},{"@type":"ImageObject","inLanguage":"fr-FR","@id":"https:\/\/premiumline-cabling.com\/fr\/product\/odf-19-nbsp-monte-en-rack\/#primaryimage","url":"https:\/\/premiumline-cabling.com\/wp-content\/uploads\/2019\/02\/img_PL_19-Rack-Mounted-ODF.jpg","contentUrl":"https:\/\/premiumline-cabling.com\/wp-content\/uploads\/2019\/02\/img_PL_19-Rack-Mounted-ODF.jpg","width":300,"height":160},{"@type":"BreadcrumbList","@id":"https:\/\/premiumline-cabling.com\/fr\/product\/odf-19-nbsp-monte-en-rack\/#breadcrumb","itemListElement":[{"@type":"ListItem","position":1,"name":"\u0413\u043b\u0430\u0432\u043d\u0430\u044f \u0441\u0442\u0440\u0430\u043d\u0438\u0446\u0430","item":"https:\/\/premiumline-cabling.com\/fr\/"},{"@type":"ListItem","position":2,"name":"ODF 19&#8243; mont\u00e9 en rack"}]},{"@type":"WebSite","@id":"https:\/\/premiumline-cabling.com\/#website","url":"https:\/\/premiumline-cabling.com\/","name":"Premium-Line","description":"Structured Cabling System","publisher":{"@id":"https:\/\/premiumline-cabling.com\/#organization"},"potentialAction":[{"@type":"SearchAction","target":{"@type":"EntryPoint","urlTemplate":"https:\/\/premiumline-cabling.com\/?s={search_term_string}"},"query-input":{"@type":"PropertyValueSpecification","valueRequired":true,"valueName":"search_term_string"}}],"inLanguage":"fr-FR"},{"@type":"Organization","@id":"https:\/\/premiumline-cabling.com\/#organization","name":"Premium-Line","url":"https:\/\/premiumline-cabling.com\/","logo":{"@type":"ImageObject","inLanguage":"fr-FR","@id":"https:\/\/premiumline-cabling.com\/#\/schema\/logo\/image\/","url":"https:\/\/premiumline-cabling.com\/wp-content\/uploads\/2019\/04\/cropped-img_logo_site_Premium-Line.png","contentUrl":"https:\/\/premiumline-cabling.com\/wp-content\/uploads\/2019\/04\/cropped-img_logo_site_Premium-Line.png","width":190,"height":62,"caption":"Premium-Line"},"image":{"@id":"https:\/\/premiumline-cabling.com\/#\/schema\/logo\/image\/"}}]}},"_links":{"self":[{"href":"https:\/\/premiumline-cabling.com\/fr\/wp-json\/wp\/v2\/product\/20545","targetHints":{"allow":["GET"]}}],"collection":[{"href":"https:\/\/premiumline-cabling.com\/fr\/wp-json\/wp\/v2\/product"}],"about":[{"href":"https:\/\/premiumline-cabling.com\/fr\/wp-json\/wp\/v2\/types\/product"}],"wp:featuredmedia":[{"embeddable":true,"href":"https:\/\/premiumline-cabling.com\/fr\/wp-json\/wp\/v2\/media\/20549"}],"wp:attachment":[{"href":"https:\/\/premiumline-cabling.com\/fr\/wp-json\/wp\/v2\/media?parent=20545"}],"wp:term":[{"taxonomy":"product_category","embeddable":true,"href":"https:\/\/premiumline-cabling.com\/fr\/wp-json\/wp\/v2\/product_category?post=20545"}],"curies":[{"name":"wp","href":"https:\/\/api.w.org\/{rel}","templated":true}]}}