{"id":20517,"date":"2019-02-03T21:31:39","date_gmt":"2019-02-03T20:31:39","guid":{"rendered":"https:\/\/premiumline-cabling.com\/product\/armoire-de-serveur-reseau\/"},"modified":"2023-12-15T14:40:35","modified_gmt":"2023-12-15T13:40:35","slug":"armoire-de-serveur-reseau","status":"publish","type":"product","link":"https:\/\/premiumline-cabling.com\/fr\/product\/armoire-de-serveur-reseau\/","title":{"rendered":"Armoire de serveur r\u00e9seau"},"content":{"rendered":"<div id=\"attachment_652\" style=\"width: 129px\" class=\"wp-caption alignright\"><a href=\"https:\/\/premiumline-cabling.com\/wp-content\/uploads\/2019\/02\/PL_img_network-server-cabinet-1_08_cbb6a681ac.jpg\"><noscript><img decoding=\"async\" aria-describedby=\"caption-attachment-652\" class=\"wp-image-652 size-medium\" src=\"https:\/\/premiumline-cabling.com\/wp-content\/uploads\/2019\/02\/PL_img_network-server-cabinet-1_08_cbb6a681ac-119x300.jpg\" alt width=\"119\" height=\"300\" srcset=\"https:\/\/premiumline-cabling.com\/wp-content\/uploads\/2019\/02\/PL_img_network-server-cabinet-1_08_cbb6a681ac-119x300.jpg 119w, https:\/\/premiumline-cabling.com\/wp-content\/uploads\/2019\/02\/PL_img_network-server-cabinet-1_08_cbb6a681ac.jpg 198w\" sizes=\"(max-width: 119px) 100vw, 119px\"><\/noscript><img decoding=\"async\" aria-describedby=\"caption-attachment-652\" class=\"wp-image-652 size-medium lazyload\" src=\"data:image\/svg+xml,%3Csvg%20xmlns%3D%22http%3A%2F%2Fwww.w3.org%2F2000%2Fsvg%22%20viewBox%3D%220%200%20119%20300%22%3E%3C%2Fsvg%3E\" alt width=\"119\" height=\"300\" srcset=\"data:image\/svg+xml,%3Csvg%20xmlns%3D%22http%3A%2F%2Fwww.w3.org%2F2000%2Fsvg%22%20viewBox%3D%220%200%20119%20300%22%3E%3C%2Fsvg%3E 119w\" sizes=\"(max-width: 119px) 100vw, 119px\" data-srcset=\"https:\/\/premiumline-cabling.com\/wp-content\/uploads\/2019\/02\/PL_img_network-server-cabinet-1_08_cbb6a681ac-119x300.jpg 119w, https:\/\/premiumline-cabling.com\/wp-content\/uploads\/2019\/02\/PL_img_network-server-cabinet-1_08_cbb6a681ac.jpg 198w\" data-src=\"https:\/\/premiumline-cabling.com\/wp-content\/uploads\/2019\/02\/PL_img_network-server-cabinet-1_08_cbb6a681ac-119x300.jpg\"><\/a><p id=\"caption-attachment-652\" class=\"wp-caption-text\">612268422<\/p><\/div>\n<h4>Caract\u00e9ristiques:<\/h4>\n<ul>\n<li>reli\u00e9 par quatre coins pour assurer la stabilit\u00e9<\/li>\n<li>Entr\u00e9e de c\u00e2ble \u00e0 partir du capot sup\u00e9rieur et du panneau inf\u00e9rieur<\/li>\n<li>Portes lat\u00e9rales amovibles pour faciliter l\u2019installation et l\u2019entretien<\/li>\n<li>4 pieds r\u00e9glables M12 et 4 roulettes robustes de 2 po inclus<\/li>\n<li>40 jeux d\u2019\u00e9crous cage M6 inclus (moins de 32U 20 jeux)<\/li>\n<li>1 paire de gestion de c\u00e2bles verticale incluse pour une armoire de 800 mm de profondeur<\/li>\n<li>Capacit\u00e9 de charge statique jusqu\u2019\u00e0 800 kg avec pieds r\u00e9glables Porte avant en verre tremp\u00e9 ou perfor\u00e9e disponible sur demande, avec porte arri\u00e8re m\u00e9tallique ou porte perfor\u00e9e, ou porte avant perfor\u00e9e avec porte double perfor\u00e9e<\/li>\n<li>Unit\u00e9 de ventilation en option (4 ventilateurs et cordon d\u2019alimentation \u00e0 entr\u00e9e unique de 2 m pour une armoire de 800 mm de profondeur et plus)<\/li>\n<li>rail vertical standard de type \u00ab&nbsp;S&nbsp;\u00bb (rail vertical de type \u00ab&nbsp;L&nbsp;\u00bb sur demande)<\/li>\n<\/ul>\n<h4>Standard:<\/h4>\n<ul>\n<li>Conforme aux normes ANSI\/EIA RS-310-D, IEC297-2, DIN41491. Partie 1, Partie 7, DIN4144<\/li>\n<\/ul>\n<h4>Mat\u00e9riel:<\/h4>\n<table width=\"479\">\n<tbody>\n<tr>\n<td>\n<ul>\n<li>Cadre: Acier lamin\u00e9 \u00e0 froid SPCC<\/li>\n<\/ul>\n<\/td>\n<td>\n<ul>\n<li>Autres: Acier \u00e0 rouleaux froids SPCC<\/li>\n<\/ul>\n<\/td>\n<\/tr>\n<tr>\n<td colspan=\"2\">\n<ul>\n<li>\u00c9paisseur: Cadre et rail de montage vertical: 2,0 mm<\/li>\n<\/ul>\n<\/td>\n<\/tr>\n<tr>\n<td>\n<ul>\n<li>Support horizontal: 1,5 mm, porte lat\u00e9rale: 1,2 mm<\/li>\n<\/ul>\n<\/td>\n<td>\n<ul>\n<li>Autres: 1.2mm<\/li>\n<\/ul>\n<\/td>\n<\/tr>\n<\/tbody>\n<\/table>\n<p><noscript><img decoding=\"async\" class=\"wp-image-653 size-full aligncenter\" src=\"https:\/\/premiumline-cabling.com\/wp-content\/uploads\/2019\/02\/img_PL_Network-Server-Cabinet_draft.png\" alt width=\"275\" height=\"320\" srcset=\"https:\/\/premiumline-cabling.com\/wp-content\/uploads\/2019\/02\/img_PL_Network-Server-Cabinet_draft.png 275w, https:\/\/premiumline-cabling.com\/wp-content\/uploads\/2019\/02\/img_PL_Network-Server-Cabinet_draft-258x300.png 258w\" sizes=\"(max-width: 275px) 100vw, 275px\"><\/noscript><img decoding=\"async\" class=\"wp-image-653 size-full aligncenter lazyload\" src=\"data:image\/svg+xml,%3Csvg%20xmlns%3D%22http%3A%2F%2Fwww.w3.org%2F2000%2Fsvg%22%20viewBox%3D%220%200%20275%20320%22%3E%3C%2Fsvg%3E\" alt width=\"275\" height=\"320\" srcset=\"data:image\/svg+xml,%3Csvg%20xmlns%3D%22http%3A%2F%2Fwww.w3.org%2F2000%2Fsvg%22%20viewBox%3D%220%200%20275%20320%22%3E%3C%2Fsvg%3E 275w\" sizes=\"(max-width: 275px) 100vw, 275px\" data-srcset=\"https:\/\/premiumline-cabling.com\/wp-content\/uploads\/2019\/02\/img_PL_Network-Server-Cabinet_draft.png 275w, https:\/\/premiumline-cabling.com\/wp-content\/uploads\/2019\/02\/img_PL_Network-Server-Cabinet_draft-258x300.png 258w\" data-src=\"https:\/\/premiumline-cabling.com\/wp-content\/uploads\/2019\/02\/img_PL_Network-Server-Cabinet_draft.png\"><\/p>\n<p><noscript><img decoding=\"async\" class=\" wp-image-2650 aligncenter\" src=\"https:\/\/premiumline-cabling.com\/wp-content\/uploads\/2019\/02\/4-doors.jpg\" alt width=\"591\" height=\"319\" srcset=\"https:\/\/premiumline-cabling.com\/wp-content\/uploads\/2019\/02\/4-doors.jpg 622w, https:\/\/premiumline-cabling.com\/wp-content\/uploads\/2019\/02\/4-doors-300x162.jpg 300w\" sizes=\"(max-width: 591px) 100vw, 591px\"><\/noscript><img decoding=\"async\" class=\" wp-image-2650 aligncenter lazyload\" src=\"data:image\/svg+xml,%3Csvg%20xmlns%3D%22http%3A%2F%2Fwww.w3.org%2F2000%2Fsvg%22%20viewBox%3D%220%200%20591%20319%22%3E%3C%2Fsvg%3E\" alt width=\"591\" height=\"319\" srcset=\"data:image\/svg+xml,%3Csvg%20xmlns%3D%22http%3A%2F%2Fwww.w3.org%2F2000%2Fsvg%22%20viewBox%3D%220%200%20591%20319%22%3E%3C%2Fsvg%3E 591w\" sizes=\"(max-width: 591px) 100vw, 591px\" data-srcset=\"https:\/\/premiumline-cabling.com\/wp-content\/uploads\/2019\/02\/4-doors.jpg 622w, https:\/\/premiumline-cabling.com\/wp-content\/uploads\/2019\/02\/4-doors-300x162.jpg 300w\" data-src=\"https:\/\/premiumline-cabling.com\/wp-content\/uploads\/2019\/02\/4-doors.jpg\"><\/p>\n<p><strong>Armoire de serveur r\u00e9seau:<\/strong><\/p>\n<h3><span style=\"color: #a13737;\"><u>Plus d&#8217;informations (cliquez sur le signe &#8220;+&#8221; ci-dessous)<\/u><\/span><\/h3>\n","protected":false},"featured_media":20520,"template":"","product_category":[426],"class_list":["post-20517","product","type-product","status-publish","has-post-thumbnail","hentry","product_category-armoires"],"yoast_head":"<!-- This site is optimized with the Yoast SEO plugin v27.2 - https:\/\/yoast.com\/product\/yoast-seo-wordpress\/ -->\n<title>Armoire de serveur r\u00e9seau haut de gamme<\/title>\n<meta name=\"description\" content=\"Caract\u00e9ristiques: reli\u00e9 par quatre coins pour assurer la stabilit\u00e9\u00a0; entr\u00e9e de c\u00e2ble \u00e0 partir du capot sup\u00e9rieur et du panneau inf\u00e9rieur; Portes lat\u00e9rales amovibles pour une installation et un entretien faciles. En savoir plus!\" \/>\n<meta name=\"robots\" content=\"index, follow, max-snippet:-1, max-image-preview:large, max-video-preview:-1\" \/>\n<link rel=\"canonical\" href=\"https:\/\/premiumline-cabling.com\/fr\/product\/armoire-de-serveur-reseau\/\" \/>\n<meta property=\"og:locale\" content=\"fr_FR\" \/>\n<meta property=\"og:type\" content=\"article\" \/>\n<meta property=\"og:title\" content=\"Armoire de serveur r\u00e9seau haut de gamme\" \/>\n<meta property=\"og:description\" content=\"Caract\u00e9ristiques: reli\u00e9 par quatre coins pour assurer la stabilit\u00e9\u00a0; entr\u00e9e de c\u00e2ble \u00e0 partir du capot sup\u00e9rieur et du panneau inf\u00e9rieur; Portes lat\u00e9rales amovibles pour une installation et un entretien faciles. En savoir plus!\" \/>\n<meta property=\"og:url\" content=\"https:\/\/premiumline-cabling.com\/fr\/product\/armoire-de-serveur-reseau\/\" \/>\n<meta property=\"og:site_name\" content=\"Premium-Line\" \/>\n<meta property=\"article:modified_time\" content=\"2023-12-15T13:40:35+00:00\" \/>\n<meta property=\"og:image\" content=\"https:\/\/premiumline-cabling.com\/wp-content\/uploads\/2019\/02\/PL_img_Network-Server-Cabinet.jpg\" \/>\n\t<meta property=\"og:image:width\" content=\"283\" \/>\n\t<meta property=\"og:image:height\" content=\"220\" \/>\n\t<meta property=\"og:image:type\" content=\"image\/jpeg\" \/>\n<meta name=\"twitter:card\" content=\"summary_large_image\" \/>\n<meta name=\"twitter:label1\" content=\"Dur\u00e9e de lecture estim\u00e9e\" \/>\n\t<meta name=\"twitter:data1\" content=\"2 minutes\" \/>\n<script type=\"application\/ld+json\" class=\"yoast-schema-graph\">{\"@context\":\"https:\/\/schema.org\",\"@graph\":[{\"@type\":\"WebPage\",\"@id\":\"https:\/\/premiumline-cabling.com\/fr\/product\/armoire-de-serveur-reseau\/\",\"url\":\"https:\/\/premiumline-cabling.com\/fr\/product\/armoire-de-serveur-reseau\/\",\"name\":\"Armoire de serveur r\u00e9seau haut de gamme\",\"isPartOf\":{\"@id\":\"https:\/\/premiumline-cabling.com\/#website\"},\"primaryImageOfPage\":{\"@id\":\"https:\/\/premiumline-cabling.com\/fr\/product\/armoire-de-serveur-reseau\/#primaryimage\"},\"image\":{\"@id\":\"https:\/\/premiumline-cabling.com\/fr\/product\/armoire-de-serveur-reseau\/#primaryimage\"},\"thumbnailUrl\":\"https:\/\/premiumline-cabling.com\/wp-content\/uploads\/2019\/02\/PL_img_Network-Server-Cabinet.jpg\",\"datePublished\":\"2019-02-03T20:31:39+00:00\",\"dateModified\":\"2023-12-15T13:40:35+00:00\",\"description\":\"Caract\u00e9ristiques: reli\u00e9 par quatre coins pour assurer la stabilit\u00e9\u00a0; entr\u00e9e de c\u00e2ble \u00e0 partir du capot sup\u00e9rieur et du panneau inf\u00e9rieur; Portes lat\u00e9rales amovibles pour une installation et un entretien faciles. En savoir plus!\",\"breadcrumb\":{\"@id\":\"https:\/\/premiumline-cabling.com\/fr\/product\/armoire-de-serveur-reseau\/#breadcrumb\"},\"inLanguage\":\"fr-FR\",\"potentialAction\":[{\"@type\":\"ReadAction\",\"target\":[\"https:\/\/premiumline-cabling.com\/fr\/product\/armoire-de-serveur-reseau\/\"]}]},{\"@type\":\"ImageObject\",\"inLanguage\":\"fr-FR\",\"@id\":\"https:\/\/premiumline-cabling.com\/fr\/product\/armoire-de-serveur-reseau\/#primaryimage\",\"url\":\"https:\/\/premiumline-cabling.com\/wp-content\/uploads\/2019\/02\/PL_img_Network-Server-Cabinet.jpg\",\"contentUrl\":\"https:\/\/premiumline-cabling.com\/wp-content\/uploads\/2019\/02\/PL_img_Network-Server-Cabinet.jpg\",\"width\":283,\"height\":220},{\"@type\":\"BreadcrumbList\",\"@id\":\"https:\/\/premiumline-cabling.com\/fr\/product\/armoire-de-serveur-reseau\/#breadcrumb\",\"itemListElement\":[{\"@type\":\"ListItem\",\"position\":1,\"name\":\"\u0413\u043b\u0430\u0432\u043d\u0430\u044f \u0441\u0442\u0440\u0430\u043d\u0438\u0446\u0430\",\"item\":\"https:\/\/premiumline-cabling.com\/fr\/\"},{\"@type\":\"ListItem\",\"position\":2,\"name\":\"Armoire de serveur r\u00e9seau\"}]},{\"@type\":\"WebSite\",\"@id\":\"https:\/\/premiumline-cabling.com\/#website\",\"url\":\"https:\/\/premiumline-cabling.com\/\",\"name\":\"Premium-Line\",\"description\":\"Structured Cabling System\",\"publisher\":{\"@id\":\"https:\/\/premiumline-cabling.com\/#organization\"},\"potentialAction\":[{\"@type\":\"SearchAction\",\"target\":{\"@type\":\"EntryPoint\",\"urlTemplate\":\"https:\/\/premiumline-cabling.com\/?s={search_term_string}\"},\"query-input\":{\"@type\":\"PropertyValueSpecification\",\"valueRequired\":true,\"valueName\":\"search_term_string\"}}],\"inLanguage\":\"fr-FR\"},{\"@type\":\"Organization\",\"@id\":\"https:\/\/premiumline-cabling.com\/#organization\",\"name\":\"Premium-Line\",\"url\":\"https:\/\/premiumline-cabling.com\/\",\"logo\":{\"@type\":\"ImageObject\",\"inLanguage\":\"fr-FR\",\"@id\":\"https:\/\/premiumline-cabling.com\/#\/schema\/logo\/image\/\",\"url\":\"https:\/\/premiumline-cabling.com\/wp-content\/uploads\/2019\/04\/cropped-img_logo_site_Premium-Line.png\",\"contentUrl\":\"https:\/\/premiumline-cabling.com\/wp-content\/uploads\/2019\/04\/cropped-img_logo_site_Premium-Line.png\",\"width\":190,\"height\":62,\"caption\":\"Premium-Line\"},\"image\":{\"@id\":\"https:\/\/premiumline-cabling.com\/#\/schema\/logo\/image\/\"}}]}<\/script>\n<!-- \/ Yoast SEO plugin. -->","yoast_head_json":{"title":"Armoire de serveur r\u00e9seau haut de gamme","description":"Caract\u00e9ristiques: reli\u00e9 par quatre coins pour assurer la stabilit\u00e9\u00a0; entr\u00e9e de c\u00e2ble \u00e0 partir du capot sup\u00e9rieur et du panneau inf\u00e9rieur; Portes lat\u00e9rales amovibles pour une installation et un entretien faciles. En savoir plus!","robots":{"index":"index","follow":"follow","max-snippet":"max-snippet:-1","max-image-preview":"max-image-preview:large","max-video-preview":"max-video-preview:-1"},"canonical":"https:\/\/premiumline-cabling.com\/fr\/product\/armoire-de-serveur-reseau\/","og_locale":"fr_FR","og_type":"article","og_title":"Armoire de serveur r\u00e9seau haut de gamme","og_description":"Caract\u00e9ristiques: reli\u00e9 par quatre coins pour assurer la stabilit\u00e9\u00a0; entr\u00e9e de c\u00e2ble \u00e0 partir du capot sup\u00e9rieur et du panneau inf\u00e9rieur; Portes lat\u00e9rales amovibles pour une installation et un entretien faciles. En savoir plus!","og_url":"https:\/\/premiumline-cabling.com\/fr\/product\/armoire-de-serveur-reseau\/","og_site_name":"Premium-Line","article_modified_time":"2023-12-15T13:40:35+00:00","og_image":[{"width":283,"height":220,"url":"https:\/\/premiumline-cabling.com\/wp-content\/uploads\/2019\/02\/PL_img_Network-Server-Cabinet.jpg","type":"image\/jpeg"}],"twitter_card":"summary_large_image","twitter_misc":{"Dur\u00e9e de lecture estim\u00e9e":"2 minutes"},"schema":{"@context":"https:\/\/schema.org","@graph":[{"@type":"WebPage","@id":"https:\/\/premiumline-cabling.com\/fr\/product\/armoire-de-serveur-reseau\/","url":"https:\/\/premiumline-cabling.com\/fr\/product\/armoire-de-serveur-reseau\/","name":"Armoire de serveur r\u00e9seau haut de gamme","isPartOf":{"@id":"https:\/\/premiumline-cabling.com\/#website"},"primaryImageOfPage":{"@id":"https:\/\/premiumline-cabling.com\/fr\/product\/armoire-de-serveur-reseau\/#primaryimage"},"image":{"@id":"https:\/\/premiumline-cabling.com\/fr\/product\/armoire-de-serveur-reseau\/#primaryimage"},"thumbnailUrl":"https:\/\/premiumline-cabling.com\/wp-content\/uploads\/2019\/02\/PL_img_Network-Server-Cabinet.jpg","datePublished":"2019-02-03T20:31:39+00:00","dateModified":"2023-12-15T13:40:35+00:00","description":"Caract\u00e9ristiques: reli\u00e9 par quatre coins pour assurer la stabilit\u00e9\u00a0; entr\u00e9e de c\u00e2ble \u00e0 partir du capot sup\u00e9rieur et du panneau inf\u00e9rieur; Portes lat\u00e9rales amovibles pour une installation et un entretien faciles. En savoir plus!","breadcrumb":{"@id":"https:\/\/premiumline-cabling.com\/fr\/product\/armoire-de-serveur-reseau\/#breadcrumb"},"inLanguage":"fr-FR","potentialAction":[{"@type":"ReadAction","target":["https:\/\/premiumline-cabling.com\/fr\/product\/armoire-de-serveur-reseau\/"]}]},{"@type":"ImageObject","inLanguage":"fr-FR","@id":"https:\/\/premiumline-cabling.com\/fr\/product\/armoire-de-serveur-reseau\/#primaryimage","url":"https:\/\/premiumline-cabling.com\/wp-content\/uploads\/2019\/02\/PL_img_Network-Server-Cabinet.jpg","contentUrl":"https:\/\/premiumline-cabling.com\/wp-content\/uploads\/2019\/02\/PL_img_Network-Server-Cabinet.jpg","width":283,"height":220},{"@type":"BreadcrumbList","@id":"https:\/\/premiumline-cabling.com\/fr\/product\/armoire-de-serveur-reseau\/#breadcrumb","itemListElement":[{"@type":"ListItem","position":1,"name":"\u0413\u043b\u0430\u0432\u043d\u0430\u044f \u0441\u0442\u0440\u0430\u043d\u0438\u0446\u0430","item":"https:\/\/premiumline-cabling.com\/fr\/"},{"@type":"ListItem","position":2,"name":"Armoire de serveur r\u00e9seau"}]},{"@type":"WebSite","@id":"https:\/\/premiumline-cabling.com\/#website","url":"https:\/\/premiumline-cabling.com\/","name":"Premium-Line","description":"Structured Cabling System","publisher":{"@id":"https:\/\/premiumline-cabling.com\/#organization"},"potentialAction":[{"@type":"SearchAction","target":{"@type":"EntryPoint","urlTemplate":"https:\/\/premiumline-cabling.com\/?s={search_term_string}"},"query-input":{"@type":"PropertyValueSpecification","valueRequired":true,"valueName":"search_term_string"}}],"inLanguage":"fr-FR"},{"@type":"Organization","@id":"https:\/\/premiumline-cabling.com\/#organization","name":"Premium-Line","url":"https:\/\/premiumline-cabling.com\/","logo":{"@type":"ImageObject","inLanguage":"fr-FR","@id":"https:\/\/premiumline-cabling.com\/#\/schema\/logo\/image\/","url":"https:\/\/premiumline-cabling.com\/wp-content\/uploads\/2019\/04\/cropped-img_logo_site_Premium-Line.png","contentUrl":"https:\/\/premiumline-cabling.com\/wp-content\/uploads\/2019\/04\/cropped-img_logo_site_Premium-Line.png","width":190,"height":62,"caption":"Premium-Line"},"image":{"@id":"https:\/\/premiumline-cabling.com\/#\/schema\/logo\/image\/"}}]}},"_links":{"self":[{"href":"https:\/\/premiumline-cabling.com\/fr\/wp-json\/wp\/v2\/product\/20517","targetHints":{"allow":["GET"]}}],"collection":[{"href":"https:\/\/premiumline-cabling.com\/fr\/wp-json\/wp\/v2\/product"}],"about":[{"href":"https:\/\/premiumline-cabling.com\/fr\/wp-json\/wp\/v2\/types\/product"}],"wp:featuredmedia":[{"embeddable":true,"href":"https:\/\/premiumline-cabling.com\/fr\/wp-json\/wp\/v2\/media\/20520"}],"wp:attachment":[{"href":"https:\/\/premiumline-cabling.com\/fr\/wp-json\/wp\/v2\/media?parent=20517"}],"wp:term":[{"taxonomy":"product_category","embeddable":true,"href":"https:\/\/premiumline-cabling.com\/fr\/wp-json\/wp\/v2\/product_category?post=20517"}],"curies":[{"name":"wp","href":"https:\/\/api.w.org\/{rel}","templated":true}]}}