{"id":20512,"date":"2022-06-10T14:20:05","date_gmt":"2022-06-10T13:20:05","guid":{"rendered":"https:\/\/premiumline-cabling.com\/product\/unites-de-ventilation\/"},"modified":"2023-12-15T15:06:07","modified_gmt":"2023-12-15T14:06:07","slug":"unites-de-ventilation","status":"publish","type":"product","link":"https:\/\/premiumline-cabling.com\/fr\/product\/unites-de-ventilation\/","title":{"rendered":"Unit\u00e9s de ventilation"},"content":{"rendered":"<p><noscript><img decoding=\"async\" class=\"size-medium wp-image-15451 alignright\" src=\"https:\/\/premiumline-cabling.com\/wp-content\/uploads\/2022\/06\/FAN-UNIT-FOR-WALL-MOUNT-300x138.jpg\" alt width=\"300\" height=\"138\" srcset=\"https:\/\/premiumline-cabling.com\/wp-content\/uploads\/2022\/06\/FAN-UNIT-FOR-WALL-MOUNT-300x138.jpg 300w, https:\/\/premiumline-cabling.com\/wp-content\/uploads\/2022\/06\/FAN-UNIT-FOR-WALL-MOUNT-1024x473.jpg 1024w, https:\/\/premiumline-cabling.com\/wp-content\/uploads\/2022\/06\/FAN-UNIT-FOR-WALL-MOUNT-768x355.jpg 768w, https:\/\/premiumline-cabling.com\/wp-content\/uploads\/2022\/06\/FAN-UNIT-FOR-WALL-MOUNT-1536x709.jpg 1536w, https:\/\/premiumline-cabling.com\/wp-content\/uploads\/2022\/06\/FAN-UNIT-FOR-WALL-MOUNT-2048x945.jpg 2048w\" sizes=\"(max-width: 300px) 100vw, 300px\"><\/noscript><img decoding=\"async\" class=\"size-medium wp-image-15451 alignright lazyload\" src=\"data:image\/svg+xml,%3Csvg%20xmlns%3D%22http%3A%2F%2Fwww.w3.org%2F2000%2Fsvg%22%20viewBox%3D%220%200%20300%20138%22%3E%3C%2Fsvg%3E\" alt width=\"300\" height=\"138\" srcset=\"data:image\/svg+xml,%3Csvg%20xmlns%3D%22http%3A%2F%2Fwww.w3.org%2F2000%2Fsvg%22%20viewBox%3D%220%200%20300%20138%22%3E%3C%2Fsvg%3E 300w\" sizes=\"(max-width: 300px) 100vw, 300px\" data-srcset=\"https:\/\/premiumline-cabling.com\/wp-content\/uploads\/2022\/06\/FAN-UNIT-FOR-WALL-MOUNT-300x138.jpg 300w, https:\/\/premiumline-cabling.com\/wp-content\/uploads\/2022\/06\/FAN-UNIT-FOR-WALL-MOUNT-1024x473.jpg 1024w, https:\/\/premiumline-cabling.com\/wp-content\/uploads\/2022\/06\/FAN-UNIT-FOR-WALL-MOUNT-768x355.jpg 768w, https:\/\/premiumline-cabling.com\/wp-content\/uploads\/2022\/06\/FAN-UNIT-FOR-WALL-MOUNT-1536x709.jpg 1536w, https:\/\/premiumline-cabling.com\/wp-content\/uploads\/2022\/06\/FAN-UNIT-FOR-WALL-MOUNT-2048x945.jpg 2048w\" data-src=\"https:\/\/premiumline-cabling.com\/wp-content\/uploads\/2022\/06\/FAN-UNIT-FOR-WALL-MOUNT-300x138.jpg\"><\/p>\n<h2>Unit\u00e9s de ventilation 220V<\/h2>\n<ul>\n<li>Le c\u00e2ble d\u2019alimentation est con\u00e7u pour une utilisation 220V-240V ou 110V-120V avec une prise de type US ou UK ou EU. La longueur du c\u00e2ble d\u2019alimentation est de 2 m.<\/li>\n<\/ul>\n<h3>UNIT\u00c9 DE VENTILATION POUR ARMOIRE MURALE:<\/h3>\n<table width=\"623\">\n<tbody>\n<tr>\n<td width=\"85\"><strong>N\u00b0 de pi\u00e8ce<\/strong><\/td>\n<td width=\"539\"><strong>Description<\/strong><\/td>\n<\/tr>\n<tr>\n<td width=\"85\">621010202<\/td>\n<td width=\"539\">Unit\u00e9 de ventilation avec prise de type allemand \u00e0 trois broches, 1 fil\/2 ventilateurs\n<p>(tension: 220V-240V, longueur de c\u00e2ble 2M)<\/p><\/td>\n<\/tr>\n<tr>\n<td width=\"85\">621020202<\/td>\n<td width=\"539\">Unit\u00e9 de ventilation avec prise de type UK \u00e0 trois broches, 1 fil\/2 ventilateurs\n<p>(tension: 220V-240V, longueur de c\u00e2ble 2M)<\/p><\/td>\n<\/tr>\n<tr>\n<td width=\"85\">6210&#215;0202<\/td>\n<td width=\"539\">Unit\u00e9 de ventilation avec prise de type US (NEMA5-15P) \u00e0 trois broches, 1 fil\/2 ventilateurs (longueur de c\u00e2ble 2M)\n<p>x= 3: 110 V-120 V 4: 220 V-240 V<\/p><\/td>\n<\/tr>\n<\/tbody>\n<\/table>\n<p>*Remarque: conception pour une utilisation sur une section simple (61126xyyz) et une armoire murale \u00e0 double section (<a href=\"https:\/\/premiumline-cabling.com\/fr\/product\/armoire-murale\/\">61426xyyz<\/a>)<\/p>\n<h3>UNIT\u00c9 DE VENTILATION POUR ARMOIRE DE SERVEUR R\u00c9SEAU:<\/h3>\n<table width=\"671\">\n<tbody>\n<tr>\n<td width=\"102\"><strong>N\u00b0 de pi\u00e8ce<\/strong><\/td>\n<td width=\"569\"><strong>Description<\/strong><\/td>\n<\/tr>\n<tr>\n<td width=\"102\">62001620Y<\/td>\n<td width=\"569\">Unit\u00e9 de ventilation, 2 ventilateurs, prise de type allemand (tension: 220V-240V, longueur de c\u00e2ble 2M)\n<p>y= 2: noir ; 5: RAL7035<\/p><\/td>\n<\/tr>\n<tr>\n<td width=\"102\">62002620Y<\/td>\n<td width=\"569\">Unit\u00e9 de ventilation, 2 ventilateurs, prise de type UK (tension: 220V-240V, longueur de c\u00e2ble 2M)\n<p>y= 2: noir ; 5: RAL7035<\/p><\/td>\n<\/tr>\n<tr>\n<td width=\"102\">6200x620y<\/td>\n<td width=\"569\">Unit\u00e9 de ventilation, 2 ventilateurs, prise de type US (NEMA5-15P) (longueur de c\u00e2ble 2M)\n<p>x= 3&nbsp;:110V-120V 4&nbsp;:220V-240V<\/p>\n<p>y= 2 : noir 5 : RAL7035<\/p><\/td>\n<\/tr>\n<\/tbody>\n<\/table>\n<p>* Remarque: conception pour une utilisation sur une armoire de serveur r\u00e9seau de 600 mm de profondeur (<a href=\"https:\/\/premiumline-cabling.com\/fr\/product\/armoire-de-serveur-reseau\/\">612x66yyz<\/a>)<\/p>\n<h3><noscript><img decoding=\"async\" class=\"size-medium wp-image-15439 alignleft\" src=\"https:\/\/premiumline-cabling.com\/wp-content\/uploads\/2022\/06\/FAN-UNIT-FOR-Server-300x160.jpg\" alt width=\"300\" height=\"160\" srcset=\"https:\/\/premiumline-cabling.com\/wp-content\/uploads\/2022\/06\/FAN-UNIT-FOR-Server-300x160.jpg 300w, https:\/\/premiumline-cabling.com\/wp-content\/uploads\/2022\/06\/FAN-UNIT-FOR-Server.jpg 373w\" sizes=\"(max-width: 300px) 100vw, 300px\"><\/noscript><img decoding=\"async\" class=\"size-medium wp-image-15439 alignleft lazyload\" src=\"data:image\/svg+xml,%3Csvg%20xmlns%3D%22http%3A%2F%2Fwww.w3.org%2F2000%2Fsvg%22%20viewBox%3D%220%200%20300%20160%22%3E%3C%2Fsvg%3E\" alt width=\"300\" height=\"160\" srcset=\"data:image\/svg+xml,%3Csvg%20xmlns%3D%22http%3A%2F%2Fwww.w3.org%2F2000%2Fsvg%22%20viewBox%3D%220%200%20300%20160%22%3E%3C%2Fsvg%3E 300w\" sizes=\"(max-width: 300px) 100vw, 300px\" data-srcset=\"https:\/\/premiumline-cabling.com\/wp-content\/uploads\/2022\/06\/FAN-UNIT-FOR-Server-300x160.jpg 300w, https:\/\/premiumline-cabling.com\/wp-content\/uploads\/2022\/06\/FAN-UNIT-FOR-Server.jpg 373w\" data-src=\"https:\/\/premiumline-cabling.com\/wp-content\/uploads\/2022\/06\/FAN-UNIT-FOR-Server-300x160.jpg\"><\/h3>\n<p>&nbsp;<\/p>\n<p><noscript><img decoding=\"async\" class=\"size-medium wp-image-15445 alignnone\" src=\"https:\/\/premiumline-cabling.com\/wp-content\/uploads\/2022\/06\/FAN-UNIT-FOR-Server_4-300x143.jpg\" alt width=\"300\" height=\"143\" srcset=\"https:\/\/premiumline-cabling.com\/wp-content\/uploads\/2022\/06\/FAN-UNIT-FOR-Server_4-300x143.jpg 300w, https:\/\/premiumline-cabling.com\/wp-content\/uploads\/2022\/06\/FAN-UNIT-FOR-Server_4.jpg 362w\" sizes=\"(max-width: 300px) 100vw, 300px\"><\/noscript><img decoding=\"async\" class=\"size-medium wp-image-15445 alignnone lazyload\" src=\"data:image\/svg+xml,%3Csvg%20xmlns%3D%22http%3A%2F%2Fwww.w3.org%2F2000%2Fsvg%22%20viewBox%3D%220%200%20300%20143%22%3E%3C%2Fsvg%3E\" alt width=\"300\" height=\"143\" srcset=\"data:image\/svg+xml,%3Csvg%20xmlns%3D%22http%3A%2F%2Fwww.w3.org%2F2000%2Fsvg%22%20viewBox%3D%220%200%20300%20143%22%3E%3C%2Fsvg%3E 300w\" sizes=\"(max-width: 300px) 100vw, 300px\" data-srcset=\"https:\/\/premiumline-cabling.com\/wp-content\/uploads\/2022\/06\/FAN-UNIT-FOR-Server_4-300x143.jpg 300w, https:\/\/premiumline-cabling.com\/wp-content\/uploads\/2022\/06\/FAN-UNIT-FOR-Server_4.jpg 362w\" data-src=\"https:\/\/premiumline-cabling.com\/wp-content\/uploads\/2022\/06\/FAN-UNIT-FOR-Server_4-300x143.jpg\"><\/p>\n<table width=\"661\">\n<tbody>\n<tr>\n<td width=\"100\"><strong>N\u00b0 de pi\u00e8ce<\/strong><\/td>\n<td width=\"561\"><strong>Description<\/strong><\/td>\n<\/tr>\n<tr>\n<td width=\"100\">62001x40y<\/td>\n<td width=\"561\">Unit\u00e9 de ventilation, 4 ventilateurs, prise de type allemand (tension : 220V-240V, longueur de c\u00e2ble 2M)\n<p>x=8 : pour une profondeur de 800 mm ; 1 : pour la profondeur de 1000mm<\/p>\n<p>y=2 : noir ; 5 : RAL7035<\/p><\/td>\n<\/tr>\n<tr>\n<td width=\"100\">62002x40y<\/td>\n<td width=\"561\">Unit\u00e9 de ventilation, 4 ventilateurs, prise de type UK (tension : 220V-240V, longueur de c\u00e2ble 2M)\n<p>x=8 : pour une profondeur de 800 mm ; 1 : pour la profondeur de 1000mm<\/p>\n<p>y=2 : noir ; 5 : RAL7035<\/p><\/td>\n<\/tr>\n<tr>\n<td width=\"100\">6200xy40z<\/td>\n<td width=\"561\">Unit\u00e9 de ventilation, 4 ventilateurs, prise de type US (NEMA5-15P) (longueur de c\u00e2ble 2M)\n<p>x= 3 : 110 V-120 V 4 : 220 V-240 V<\/p>\n<p>y= 8 : pour une profondeur de 800 mm 1 : pour une profondeur de 1000 mm<\/p>\n<p>z= 2 : noir 5 : RAL7035<\/p><\/td>\n<\/tr>\n<tr>\n<td width=\"100\">62007x40y<\/td>\n<td width=\"561\">Unit\u00e9 de ventilation, 4 ventilateurs, prise de type C14 (tension : 220V-240V, longueur de c\u00e2ble 2M)\n<p>x=8 : pour une profondeur de 800 mm ; 1 : pour la profondeur de 1000mm<\/p>\n<p>y=2 : noir ; 5 : RAL7035<\/p><\/td>\n<\/tr>\n<\/tbody>\n<\/table>\n<p>&nbsp;<\/p>\n<p>* Remarque&nbsp;: conception pour une utilisation sur une armoire de serveur r\u00e9seau de 800 \u00e0 1000 mm de profondeur (<a href=\"https:\/\/premiumline-cabling.com\/fr\/product\/armoire-de-serveur-reseau\/\">612xyyvvz<\/a>)<\/p>\n<p><noscript><img decoding=\"async\" class=\"size-full wp-image-15433 alignright\" src=\"https:\/\/premiumline-cabling.com\/wp-content\/uploads\/2022\/06\/FAN-UNIT-FOR-E_Server_6.jpg\" alt width=\"170\" height=\"82\"><\/noscript><img decoding=\"async\" class=\"size-full wp-image-15433 alignright lazyload\" src=\"data:image\/svg+xml,%3Csvg%20xmlns%3D%22http%3A%2F%2Fwww.w3.org%2F2000%2Fsvg%22%20viewBox%3D%220%200%20170%2082%22%3E%3C%2Fsvg%3E\" alt width=\"170\" height=\"82\" data-src=\"https:\/\/premiumline-cabling.com\/wp-content\/uploads\/2022\/06\/FAN-UNIT-FOR-E_Server_6.jpg\"><\/p>\n<h3>PLATEAU DE VENTILATEUR POUR UNE ARMOIRE DE SERVEUR R\u00c9SEAU AM\u00c9LIOR\u00c9E:<\/h3>\n<table width=\"671\">\n<tbody>\n<tr>\n<td width=\"97\"><strong>N\u00b0 de pi\u00e8ce<\/strong><\/td>\n<td width=\"574\"><strong>Description<\/strong><\/td>\n<\/tr>\n<tr>\n<td width=\"97\">62001 x 602<\/td>\n<td width=\"574\">Plateau de ventilateur, 6 ventilateurs, prise de type allemand (tension : 220V-240V, longueur de c\u00e2ble 2M)\n<p>x=8 : pour une profondeur de 870 mm ; 1 : pour une profondeur de 1070 mm ; 3 : pour la profondeur de 1200mm<\/p><\/td>\n<\/tr>\n<tr>\n<td width=\"97\">62002 x 602<\/td>\n<td width=\"574\">Plateau de ventilateur, 6 ventilateurs, prise de type UK (tension : 220V-240V, longueur de c\u00e2ble 2M)\n<p>x=8 : pour une profondeur de 870 mm ; 1 : pour une profondeur de 1070 mm ; 3 : pour la profondeur de 1200mm<\/p><\/td>\n<\/tr>\n<tr>\n<td width=\"97\">6200xy602<\/td>\n<td width=\"574\">Plateau de ventilateur, 6 ventilateurs, prise de type US (NEMA5-15P) (longueur de c\u00e2ble 2M)\n<p>x= 3 : 110 V-120 V 4 : 220 V-240 V<\/p>\n<p>x= 8 : pour une profondeur de 870 mm 1 : pour une profondeur de 1070 mm 3 : pour une profondeur de 1200 mm<\/p><\/td>\n<\/tr>\n<\/tbody>\n<\/table>\n<p>* Remarque: conception pour une utilisation sur une armoire de serveur r\u00e9seau am\u00e9lior\u00e9e de 800 \u00e0 1200 mm de profondeur (<a href=\"https:\/\/premiumline-cabling.com\/fr\/product\/armoire-de-serveur-reseau-amelioree\/\">61586xyy2 et 61588xyy2<\/a>)<\/p>\n","protected":false},"featured_media":20516,"template":"","product_category":[426],"class_list":["post-20512","product","type-product","status-publish","has-post-thumbnail","hentry","product_category-armoires"],"yoast_head":"<!-- This site is optimized with the Yoast SEO plugin v27.4 - https:\/\/yoast.com\/product\/yoast-seo-wordpress\/ -->\n<title>Ventilateurs Premium-Line 220V<\/title>\n<meta name=\"description\" content=\"Le c\u00e2ble d\u2019alimentation est con\u00e7u pour une utilisation 220V-240V ou 110V-120V avec une prise de type US ou UK ou EU. La longueur du c\u00e2ble d\u2019alimentation est de 2 m.\" \/>\n<meta name=\"robots\" content=\"index, follow, max-snippet:-1, max-image-preview:large, max-video-preview:-1\" \/>\n<link rel=\"canonical\" href=\"https:\/\/premiumline-cabling.com\/fr\/product\/unites-de-ventilation\/\" \/>\n<meta property=\"og:locale\" content=\"fr_FR\" \/>\n<meta property=\"og:type\" content=\"article\" \/>\n<meta property=\"og:title\" content=\"Ventilateurs Premium-Line 220V\" \/>\n<meta property=\"og:description\" content=\"Le c\u00e2ble d\u2019alimentation est con\u00e7u pour une utilisation 220V-240V ou 110V-120V avec une prise de type US ou UK ou EU. La longueur du c\u00e2ble d\u2019alimentation est de 2 m.\" \/>\n<meta property=\"og:url\" content=\"https:\/\/premiumline-cabling.com\/fr\/product\/unites-de-ventilation\/\" \/>\n<meta property=\"og:site_name\" content=\"Premium-Line\" \/>\n<meta property=\"article:modified_time\" content=\"2023-12-15T14:06:07+00:00\" \/>\n<meta property=\"og:image\" content=\"https:\/\/premiumline-cabling.com\/wp-content\/uploads\/2022\/06\/FAN-UNIT-FOR-WALL-MOUNT.jpg\" \/>\n\t<meta property=\"og:image:width\" content=\"2177\" \/>\n\t<meta property=\"og:image:height\" content=\"1005\" \/>\n\t<meta property=\"og:image:type\" content=\"image\/jpeg\" \/>\n<meta name=\"twitter:card\" content=\"summary_large_image\" \/>\n<meta name=\"twitter:label1\" content=\"Dur\u00e9e de lecture estim\u00e9e\" \/>\n\t<meta name=\"twitter:data1\" content=\"4 minutes\" \/>\n<script type=\"application\/ld+json\" class=\"yoast-schema-graph\">{\"@context\":\"https:\\\/\\\/schema.org\",\"@graph\":[{\"@type\":\"WebPage\",\"@id\":\"https:\\\/\\\/premiumline-cabling.com\\\/fr\\\/product\\\/unites-de-ventilation\\\/\",\"url\":\"https:\\\/\\\/premiumline-cabling.com\\\/fr\\\/product\\\/unites-de-ventilation\\\/\",\"name\":\"Ventilateurs Premium-Line 220V\",\"isPartOf\":{\"@id\":\"https:\\\/\\\/premiumline-cabling.com\\\/#website\"},\"primaryImageOfPage\":{\"@id\":\"https:\\\/\\\/premiumline-cabling.com\\\/fr\\\/product\\\/unites-de-ventilation\\\/#primaryimage\"},\"image\":{\"@id\":\"https:\\\/\\\/premiumline-cabling.com\\\/fr\\\/product\\\/unites-de-ventilation\\\/#primaryimage\"},\"thumbnailUrl\":\"https:\\\/\\\/premiumline-cabling.com\\\/wp-content\\\/uploads\\\/2022\\\/06\\\/FAN-UNIT-FOR-WALL-MOUNT.jpg\",\"datePublished\":\"2022-06-10T13:20:05+00:00\",\"dateModified\":\"2023-12-15T14:06:07+00:00\",\"description\":\"Le c\u00e2ble d\u2019alimentation est con\u00e7u pour une utilisation 220V-240V ou 110V-120V avec une prise de type US ou UK ou EU. La longueur du c\u00e2ble d\u2019alimentation est de 2 m.\",\"breadcrumb\":{\"@id\":\"https:\\\/\\\/premiumline-cabling.com\\\/fr\\\/product\\\/unites-de-ventilation\\\/#breadcrumb\"},\"inLanguage\":\"fr-FR\",\"potentialAction\":[{\"@type\":\"ReadAction\",\"target\":[\"https:\\\/\\\/premiumline-cabling.com\\\/fr\\\/product\\\/unites-de-ventilation\\\/\"]}]},{\"@type\":\"ImageObject\",\"inLanguage\":\"fr-FR\",\"@id\":\"https:\\\/\\\/premiumline-cabling.com\\\/fr\\\/product\\\/unites-de-ventilation\\\/#primaryimage\",\"url\":\"https:\\\/\\\/premiumline-cabling.com\\\/wp-content\\\/uploads\\\/2022\\\/06\\\/FAN-UNIT-FOR-WALL-MOUNT.jpg\",\"contentUrl\":\"https:\\\/\\\/premiumline-cabling.com\\\/wp-content\\\/uploads\\\/2022\\\/06\\\/FAN-UNIT-FOR-WALL-MOUNT.jpg\",\"width\":2177,\"height\":1005},{\"@type\":\"BreadcrumbList\",\"@id\":\"https:\\\/\\\/premiumline-cabling.com\\\/fr\\\/product\\\/unites-de-ventilation\\\/#breadcrumb\",\"itemListElement\":[{\"@type\":\"ListItem\",\"position\":1,\"name\":\"\u0413\u043b\u0430\u0432\u043d\u0430\u044f \u0441\u0442\u0440\u0430\u043d\u0438\u0446\u0430\",\"item\":\"https:\\\/\\\/premiumline-cabling.com\\\/fr\\\/\"},{\"@type\":\"ListItem\",\"position\":2,\"name\":\"Unit\u00e9s de ventilation\"}]},{\"@type\":\"WebSite\",\"@id\":\"https:\\\/\\\/premiumline-cabling.com\\\/#website\",\"url\":\"https:\\\/\\\/premiumline-cabling.com\\\/\",\"name\":\"Premium-Line\",\"description\":\"Structured Cabling System\",\"publisher\":{\"@id\":\"https:\\\/\\\/premiumline-cabling.com\\\/#organization\"},\"potentialAction\":[{\"@type\":\"SearchAction\",\"target\":{\"@type\":\"EntryPoint\",\"urlTemplate\":\"https:\\\/\\\/premiumline-cabling.com\\\/?s={search_term_string}\"},\"query-input\":{\"@type\":\"PropertyValueSpecification\",\"valueRequired\":true,\"valueName\":\"search_term_string\"}}],\"inLanguage\":\"fr-FR\"},{\"@type\":\"Organization\",\"@id\":\"https:\\\/\\\/premiumline-cabling.com\\\/#organization\",\"name\":\"Premium-Line\",\"url\":\"https:\\\/\\\/premiumline-cabling.com\\\/\",\"logo\":{\"@type\":\"ImageObject\",\"inLanguage\":\"fr-FR\",\"@id\":\"https:\\\/\\\/premiumline-cabling.com\\\/#\\\/schema\\\/logo\\\/image\\\/\",\"url\":\"https:\\\/\\\/premiumline-cabling.com\\\/wp-content\\\/uploads\\\/2019\\\/04\\\/cropped-img_logo_site_Premium-Line.png\",\"contentUrl\":\"https:\\\/\\\/premiumline-cabling.com\\\/wp-content\\\/uploads\\\/2019\\\/04\\\/cropped-img_logo_site_Premium-Line.png\",\"width\":190,\"height\":62,\"caption\":\"Premium-Line\"},\"image\":{\"@id\":\"https:\\\/\\\/premiumline-cabling.com\\\/#\\\/schema\\\/logo\\\/image\\\/\"}}]}<\/script>\n<!-- \/ Yoast SEO plugin. -->","yoast_head_json":{"title":"Ventilateurs Premium-Line 220V","description":"Le c\u00e2ble d\u2019alimentation est con\u00e7u pour une utilisation 220V-240V ou 110V-120V avec une prise de type US ou UK ou EU. La longueur du c\u00e2ble d\u2019alimentation est de 2 m.","robots":{"index":"index","follow":"follow","max-snippet":"max-snippet:-1","max-image-preview":"max-image-preview:large","max-video-preview":"max-video-preview:-1"},"canonical":"https:\/\/premiumline-cabling.com\/fr\/product\/unites-de-ventilation\/","og_locale":"fr_FR","og_type":"article","og_title":"Ventilateurs Premium-Line 220V","og_description":"Le c\u00e2ble d\u2019alimentation est con\u00e7u pour une utilisation 220V-240V ou 110V-120V avec une prise de type US ou UK ou EU. La longueur du c\u00e2ble d\u2019alimentation est de 2 m.","og_url":"https:\/\/premiumline-cabling.com\/fr\/product\/unites-de-ventilation\/","og_site_name":"Premium-Line","article_modified_time":"2023-12-15T14:06:07+00:00","og_image":[{"width":2177,"height":1005,"url":"https:\/\/premiumline-cabling.com\/wp-content\/uploads\/2022\/06\/FAN-UNIT-FOR-WALL-MOUNT.jpg","type":"image\/jpeg"}],"twitter_card":"summary_large_image","twitter_misc":{"Dur\u00e9e de lecture estim\u00e9e":"4 minutes"},"schema":{"@context":"https:\/\/schema.org","@graph":[{"@type":"WebPage","@id":"https:\/\/premiumline-cabling.com\/fr\/product\/unites-de-ventilation\/","url":"https:\/\/premiumline-cabling.com\/fr\/product\/unites-de-ventilation\/","name":"Ventilateurs Premium-Line 220V","isPartOf":{"@id":"https:\/\/premiumline-cabling.com\/#website"},"primaryImageOfPage":{"@id":"https:\/\/premiumline-cabling.com\/fr\/product\/unites-de-ventilation\/#primaryimage"},"image":{"@id":"https:\/\/premiumline-cabling.com\/fr\/product\/unites-de-ventilation\/#primaryimage"},"thumbnailUrl":"https:\/\/premiumline-cabling.com\/wp-content\/uploads\/2022\/06\/FAN-UNIT-FOR-WALL-MOUNT.jpg","datePublished":"2022-06-10T13:20:05+00:00","dateModified":"2023-12-15T14:06:07+00:00","description":"Le c\u00e2ble d\u2019alimentation est con\u00e7u pour une utilisation 220V-240V ou 110V-120V avec une prise de type US ou UK ou EU. La longueur du c\u00e2ble d\u2019alimentation est de 2 m.","breadcrumb":{"@id":"https:\/\/premiumline-cabling.com\/fr\/product\/unites-de-ventilation\/#breadcrumb"},"inLanguage":"fr-FR","potentialAction":[{"@type":"ReadAction","target":["https:\/\/premiumline-cabling.com\/fr\/product\/unites-de-ventilation\/"]}]},{"@type":"ImageObject","inLanguage":"fr-FR","@id":"https:\/\/premiumline-cabling.com\/fr\/product\/unites-de-ventilation\/#primaryimage","url":"https:\/\/premiumline-cabling.com\/wp-content\/uploads\/2022\/06\/FAN-UNIT-FOR-WALL-MOUNT.jpg","contentUrl":"https:\/\/premiumline-cabling.com\/wp-content\/uploads\/2022\/06\/FAN-UNIT-FOR-WALL-MOUNT.jpg","width":2177,"height":1005},{"@type":"BreadcrumbList","@id":"https:\/\/premiumline-cabling.com\/fr\/product\/unites-de-ventilation\/#breadcrumb","itemListElement":[{"@type":"ListItem","position":1,"name":"\u0413\u043b\u0430\u0432\u043d\u0430\u044f \u0441\u0442\u0440\u0430\u043d\u0438\u0446\u0430","item":"https:\/\/premiumline-cabling.com\/fr\/"},{"@type":"ListItem","position":2,"name":"Unit\u00e9s de ventilation"}]},{"@type":"WebSite","@id":"https:\/\/premiumline-cabling.com\/#website","url":"https:\/\/premiumline-cabling.com\/","name":"Premium-Line","description":"Structured Cabling System","publisher":{"@id":"https:\/\/premiumline-cabling.com\/#organization"},"potentialAction":[{"@type":"SearchAction","target":{"@type":"EntryPoint","urlTemplate":"https:\/\/premiumline-cabling.com\/?s={search_term_string}"},"query-input":{"@type":"PropertyValueSpecification","valueRequired":true,"valueName":"search_term_string"}}],"inLanguage":"fr-FR"},{"@type":"Organization","@id":"https:\/\/premiumline-cabling.com\/#organization","name":"Premium-Line","url":"https:\/\/premiumline-cabling.com\/","logo":{"@type":"ImageObject","inLanguage":"fr-FR","@id":"https:\/\/premiumline-cabling.com\/#\/schema\/logo\/image\/","url":"https:\/\/premiumline-cabling.com\/wp-content\/uploads\/2019\/04\/cropped-img_logo_site_Premium-Line.png","contentUrl":"https:\/\/premiumline-cabling.com\/wp-content\/uploads\/2019\/04\/cropped-img_logo_site_Premium-Line.png","width":190,"height":62,"caption":"Premium-Line"},"image":{"@id":"https:\/\/premiumline-cabling.com\/#\/schema\/logo\/image\/"}}]}},"_links":{"self":[{"href":"https:\/\/premiumline-cabling.com\/fr\/wp-json\/wp\/v2\/product\/20512","targetHints":{"allow":["GET"]}}],"collection":[{"href":"https:\/\/premiumline-cabling.com\/fr\/wp-json\/wp\/v2\/product"}],"about":[{"href":"https:\/\/premiumline-cabling.com\/fr\/wp-json\/wp\/v2\/types\/product"}],"wp:featuredmedia":[{"embeddable":true,"href":"https:\/\/premiumline-cabling.com\/fr\/wp-json\/wp\/v2\/media\/20516"}],"wp:attachment":[{"href":"https:\/\/premiumline-cabling.com\/fr\/wp-json\/wp\/v2\/media?parent=20512"}],"wp:term":[{"taxonomy":"product_category","embeddable":true,"href":"https:\/\/premiumline-cabling.com\/fr\/wp-json\/wp\/v2\/product_category?post=20512"}],"curies":[{"name":"wp","href":"https:\/\/api.w.org\/{rel}","templated":true}]}}