{"id":20481,"date":"2023-10-11T14:26:59","date_gmt":"2023-10-11T13:26:59","guid":{"rendered":"https:\/\/premiumline-cabling.com\/product\/armoire-de-ligne-exterieure\/"},"modified":"2023-12-15T14:58:49","modified_gmt":"2023-12-15T13:58:49","slug":"armoire-de-ligne-exterieure","status":"publish","type":"product","link":"https:\/\/premiumline-cabling.com\/fr\/product\/armoire-de-ligne-exterieure\/","title":{"rendered":"Armoire de ligne ext\u00e9rieure"},"content":{"rendered":"<h2>Armoire de ligne ext\u00e9rieure<\/h2>\n<h3>Caract\u00e9ristiques:<noscript><img decoding=\"async\" class=\"size-medium wp-image-19029 alignright\" src=\"https:\/\/premiumline-cabling.com\/wp-content\/uploads\/2023\/10\/PRCT4-267x300.png\" alt width=\"267\" height=\"300\" srcset=\"https:\/\/premiumline-cabling.com\/wp-content\/uploads\/2023\/10\/PRCT4-267x300.png 267w, https:\/\/premiumline-cabling.com\/wp-content\/uploads\/2023\/10\/PRCT4.png 450w\" sizes=\"(max-width: 267px) 100vw, 267px\"><\/noscript><img decoding=\"async\" class=\"size-medium wp-image-19029 alignright lazyload\" src=\"data:image\/svg+xml,%3Csvg%20xmlns%3D%22http%3A%2F%2Fwww.w3.org%2F2000%2Fsvg%22%20viewBox%3D%220%200%20267%20300%22%3E%3C%2Fsvg%3E\" alt width=\"267\" height=\"300\" srcset=\"data:image\/svg+xml,%3Csvg%20xmlns%3D%22http%3A%2F%2Fwww.w3.org%2F2000%2Fsvg%22%20viewBox%3D%220%200%20267%20300%22%3E%3C%2Fsvg%3E 267w\" sizes=\"(max-width: 267px) 100vw, 267px\" data-srcset=\"https:\/\/premiumline-cabling.com\/wp-content\/uploads\/2023\/10\/PRCT4-267x300.png 267w, https:\/\/premiumline-cabling.com\/wp-content\/uploads\/2023\/10\/PRCT4.png 450w\" data-src=\"https:\/\/premiumline-cabling.com\/wp-content\/uploads\/2023\/10\/PRCT4-267x300.png\"><\/h3>\n<ul>\n<li>Corps soud\u00e9 monobloc<\/li>\n<li>Joint d\u2019\u00e9tanch\u00e9it\u00e9 \u00e0 charni\u00e8res amovible et porte avant verrouillable \u00e0 3 points<\/li>\n<li>Le bo\u00eetier inf\u00e9rieur est adapt\u00e9 aux entr\u00e9es de c\u00e2bles<\/li>\n<li>Le top case est adapt\u00e9 au montage en ventilateur<\/li>\n<li>Capot sup\u00e9rieur facile \u00e0 assembler<\/li>\n<li>Convient pour une utilisation au sol, au mur ou au poteau avec les options d\u2019accessoires appropri\u00e9es<\/li>\n<li>Module d\u2019isolation pouvant \u00eatre assembl\u00e9 si n\u00e9cessaire<\/li>\n<li>Capacit\u00e9 de charge de 400 kg<\/li>\n<\/ul>\n<h3>Caract\u00e9ristiques techniques:<\/h3>\n<table width=\"607\">\n<tbody>\n<tr>\n<td width=\"193\">Dimensions LxP en mm<\/td>\n<td width=\"408\">L: 600 mm P: 450 mm \/ L: 600 mm P: 600 mm<\/td>\n<\/tr>\n<tr>\n<td width=\"193\">Hauteur en U<\/td>\n<td width=\"408\">7U \u2013 9U \u2013 12U \u2013 16U \u2013 20U \u2013 26U<\/td>\n<\/tr>\n<tr>\n<td width=\"193\">Couleur<\/td>\n<td width=\"408\">RAL 7035 L.couleur gris<\/td>\n<\/tr>\n<tr>\n<td width=\"193\">Continuit\u00e9 de la mise \u00e0 la terre<\/td>\n<td width=\"408\">EN61587-1\/ EN61010-1<\/td>\n<\/tr>\n<tr>\n<td width=\"193\">Normes<\/td>\n<td width=\"408\">TS EN 61587-1<\/td>\n<\/tr>\n<\/tbody>\n<\/table>\n<h3>Caract\u00e9ristiques m\u00e9caniques:<\/h3>\n<table width=\"647\">\n<tbody>\n<tr>\n<td width=\"235\">Mat\u00e9riau<\/td>\n<td width=\"412\">T\u00f4le d\u2019acier, DIN EN 10130-99 \/ DC-01 6112 \/ DC-7122<\/td>\n<\/tr>\n<tr>\n<td width=\"235\">Capacit\u00e9 de charge<\/td>\n<td width=\"412\">400kg<\/td>\n<\/tr>\n<tr>\n<td width=\"235\">Indice de protection IP<\/td>\n<td width=\"412\">Indice de protection IP55<\/td>\n<\/tr>\n<tr>\n<td width=\"235\">Essais climatiques<\/td>\n<td width=\"412\">C2<\/td>\n<\/tr>\n<tr>\n<td width=\"235\">Atmosph\u00e8re industrielle<\/td>\n<td width=\"412\">A2 (en anglais)<\/td>\n<\/tr>\n<tr>\n<td width=\"235\">Classe de charge m\u00e9canique statique<\/td>\n<td width=\"412\">SL5 -LT5 -ST5 -NL5<\/td>\n<\/tr>\n<tr>\n<td width=\"235\">Test de charge m\u00e9canique dynamique<\/td>\n<td width=\"412\">DL4V<\/td>\n<\/tr>\n<tr>\n<td width=\"235\">Test de choc<\/td>\n<td width=\"412\">DL4S<\/td>\n<\/tr>\n<tr>\n<td width=\"235\">Essai d\u2019impact<\/td>\n<td width=\"412\">L\u2019IK10<\/td>\n<\/tr>\n<\/tbody>\n<\/table>\n<h3>Vue \u00e9clat\u00e9e:<\/h3>\n<p><noscript><img decoding=\"async\" class=\"aligncenter wp-image-19041 size-full\" src=\"https:\/\/premiumline-cabling.com\/wp-content\/uploads\/2023\/10\/Outdoor-Line-ex.jpg\" alt width=\"663\" height=\"656\" srcset=\"https:\/\/premiumline-cabling.com\/wp-content\/uploads\/2023\/10\/Outdoor-Line-ex.jpg 663w, https:\/\/premiumline-cabling.com\/wp-content\/uploads\/2023\/10\/Outdoor-Line-ex-300x297.jpg 300w\" sizes=\"(max-width: 663px) 100vw, 663px\"><\/noscript><img decoding=\"async\" class=\"aligncenter wp-image-19041 size-full lazyload\" src=\"data:image\/svg+xml,%3Csvg%20xmlns%3D%22http%3A%2F%2Fwww.w3.org%2F2000%2Fsvg%22%20viewBox%3D%220%200%20663%20656%22%3E%3C%2Fsvg%3E\" alt width=\"663\" height=\"656\" srcset=\"data:image\/svg+xml,%3Csvg%20xmlns%3D%22http%3A%2F%2Fwww.w3.org%2F2000%2Fsvg%22%20viewBox%3D%220%200%20663%20656%22%3E%3C%2Fsvg%3E 663w\" sizes=\"(max-width: 663px) 100vw, 663px\" data-srcset=\"https:\/\/premiumline-cabling.com\/wp-content\/uploads\/2023\/10\/Outdoor-Line-ex.jpg 663w, https:\/\/premiumline-cabling.com\/wp-content\/uploads\/2023\/10\/Outdoor-Line-ex-300x297.jpg 300w\" data-src=\"https:\/\/premiumline-cabling.com\/wp-content\/uploads\/2023\/10\/Outdoor-Line-ex.jpg\"><\/p>\n<p>&nbsp;<\/p>\n<h3>Informations sur les commandes:<\/h3>\n<table width=\"669\">\n<tbody>\n<tr>\n<td width=\"130\">N\u00b0 de pi\u00e8ce<\/td>\n<td width=\"539\">61616dyy5-TO<\/td>\n<\/tr>\n<tr>\n<td>Description<\/td>\n<td>Armoire de ligne ext\u00e9rieure L: 600 mm P: 450 mm\/600 mm, RAL 7035 L.griscouleur<\/td>\n<\/tr>\n<tr>\n<td>D, profondeur (mm)<\/td>\n<td>6 &#8211; 600; 4 &#8211; 450<\/td>\n<\/tr>\n<tr>\n<td>yy, hauteur en unit\u00e9s (U)<\/td>\n<td>07 \u00e0 7 ans et moins&nbsp;; 09 \u00e0 9 ans et moins&nbsp;; 12 \u00e0 12U&nbsp;; 16 \u00e0 16 ans et moins&nbsp;; 20 \u00e0 20 ans et moins&nbsp;; De 26 \u00e0 26 ans et moins<\/td>\n<\/tr>\n<\/tbody>\n<\/table>\n<h3><u style=\"color: #a13737; font-size: 16px;\">Plus d&#8217;informations (cliquez sur le signe &#8220;+&#8221; ci-dessous)<\/u><\/h3>\n","protected":false},"featured_media":20490,"template":"","product_category":[427],"class_list":["post-20481","product","type-product","status-publish","has-post-thumbnail","hentry","product_category-armoires-d-exterieur"],"yoast_head":"<!-- This site is optimized with the Yoast SEO plugin v27.2 - https:\/\/yoast.com\/product\/yoast-seo-wordpress\/ -->\n<title>Armoire de ligne ext\u00e9rieure Premium-Line<\/title>\n<meta name=\"description\" content=\"Corps soud\u00e9 monobloc. Joint d\u2019\u00e9tanch\u00e9it\u00e9 \u00e0 charni\u00e8res, amovible et porte d\u2019entr\u00e9e verrouillable \u00e0 3 points. Convient pour le type de sol, le type de mur ou le type de poteau.\" \/>\n<meta name=\"robots\" content=\"index, follow, max-snippet:-1, max-image-preview:large, max-video-preview:-1\" \/>\n<link rel=\"canonical\" href=\"https:\/\/premiumline-cabling.com\/fr\/product\/armoire-de-ligne-exterieure\/\" \/>\n<meta property=\"og:locale\" content=\"fr_FR\" \/>\n<meta property=\"og:type\" content=\"article\" \/>\n<meta property=\"og:title\" content=\"Armoire de ligne ext\u00e9rieure Premium-Line\" \/>\n<meta property=\"og:description\" content=\"Corps soud\u00e9 monobloc. Joint d\u2019\u00e9tanch\u00e9it\u00e9 \u00e0 charni\u00e8res, amovible et porte d\u2019entr\u00e9e verrouillable \u00e0 3 points. Convient pour le type de sol, le type de mur ou le type de poteau.\" \/>\n<meta property=\"og:url\" content=\"https:\/\/premiumline-cabling.com\/fr\/product\/armoire-de-ligne-exterieure\/\" \/>\n<meta property=\"og:site_name\" content=\"Premium-Line\" \/>\n<meta property=\"article:modified_time\" content=\"2023-12-15T13:58:49+00:00\" \/>\n<meta property=\"og:image\" content=\"https:\/\/premiumline-cabling.com\/wp-content\/uploads\/2023\/10\/Outdoor_Line_s.jpg\" \/>\n\t<meta property=\"og:image:width\" content=\"273\" \/>\n\t<meta property=\"og:image:height\" content=\"274\" \/>\n\t<meta property=\"og:image:type\" content=\"image\/jpeg\" \/>\n<meta name=\"twitter:card\" content=\"summary_large_image\" \/>\n<meta name=\"twitter:label1\" content=\"Dur\u00e9e de lecture estim\u00e9e\" \/>\n\t<meta name=\"twitter:data1\" content=\"2 minutes\" \/>\n<script type=\"application\/ld+json\" class=\"yoast-schema-graph\">{\"@context\":\"https:\/\/schema.org\",\"@graph\":[{\"@type\":\"WebPage\",\"@id\":\"https:\/\/premiumline-cabling.com\/fr\/product\/armoire-de-ligne-exterieure\/\",\"url\":\"https:\/\/premiumline-cabling.com\/fr\/product\/armoire-de-ligne-exterieure\/\",\"name\":\"Armoire de ligne ext\u00e9rieure Premium-Line\",\"isPartOf\":{\"@id\":\"https:\/\/premiumline-cabling.com\/#website\"},\"primaryImageOfPage\":{\"@id\":\"https:\/\/premiumline-cabling.com\/fr\/product\/armoire-de-ligne-exterieure\/#primaryimage\"},\"image\":{\"@id\":\"https:\/\/premiumline-cabling.com\/fr\/product\/armoire-de-ligne-exterieure\/#primaryimage\"},\"thumbnailUrl\":\"https:\/\/premiumline-cabling.com\/wp-content\/uploads\/2023\/10\/Outdoor_Line_s.jpg\",\"datePublished\":\"2023-10-11T13:26:59+00:00\",\"dateModified\":\"2023-12-15T13:58:49+00:00\",\"description\":\"Corps soud\u00e9 monobloc. Joint d\u2019\u00e9tanch\u00e9it\u00e9 \u00e0 charni\u00e8res, amovible et porte d\u2019entr\u00e9e verrouillable \u00e0 3 points. Convient pour le type de sol, le type de mur ou le type de poteau.\",\"breadcrumb\":{\"@id\":\"https:\/\/premiumline-cabling.com\/fr\/product\/armoire-de-ligne-exterieure\/#breadcrumb\"},\"inLanguage\":\"fr-FR\",\"potentialAction\":[{\"@type\":\"ReadAction\",\"target\":[\"https:\/\/premiumline-cabling.com\/fr\/product\/armoire-de-ligne-exterieure\/\"]}]},{\"@type\":\"ImageObject\",\"inLanguage\":\"fr-FR\",\"@id\":\"https:\/\/premiumline-cabling.com\/fr\/product\/armoire-de-ligne-exterieure\/#primaryimage\",\"url\":\"https:\/\/premiumline-cabling.com\/wp-content\/uploads\/2023\/10\/Outdoor_Line_s.jpg\",\"contentUrl\":\"https:\/\/premiumline-cabling.com\/wp-content\/uploads\/2023\/10\/Outdoor_Line_s.jpg\",\"width\":273,\"height\":274},{\"@type\":\"BreadcrumbList\",\"@id\":\"https:\/\/premiumline-cabling.com\/fr\/product\/armoire-de-ligne-exterieure\/#breadcrumb\",\"itemListElement\":[{\"@type\":\"ListItem\",\"position\":1,\"name\":\"\u0413\u043b\u0430\u0432\u043d\u0430\u044f \u0441\u0442\u0440\u0430\u043d\u0438\u0446\u0430\",\"item\":\"https:\/\/premiumline-cabling.com\/fr\/\"},{\"@type\":\"ListItem\",\"position\":2,\"name\":\"Armoire de ligne ext\u00e9rieure\"}]},{\"@type\":\"WebSite\",\"@id\":\"https:\/\/premiumline-cabling.com\/#website\",\"url\":\"https:\/\/premiumline-cabling.com\/\",\"name\":\"Premium-Line\",\"description\":\"Structured Cabling System\",\"publisher\":{\"@id\":\"https:\/\/premiumline-cabling.com\/#organization\"},\"potentialAction\":[{\"@type\":\"SearchAction\",\"target\":{\"@type\":\"EntryPoint\",\"urlTemplate\":\"https:\/\/premiumline-cabling.com\/?s={search_term_string}\"},\"query-input\":{\"@type\":\"PropertyValueSpecification\",\"valueRequired\":true,\"valueName\":\"search_term_string\"}}],\"inLanguage\":\"fr-FR\"},{\"@type\":\"Organization\",\"@id\":\"https:\/\/premiumline-cabling.com\/#organization\",\"name\":\"Premium-Line\",\"url\":\"https:\/\/premiumline-cabling.com\/\",\"logo\":{\"@type\":\"ImageObject\",\"inLanguage\":\"fr-FR\",\"@id\":\"https:\/\/premiumline-cabling.com\/#\/schema\/logo\/image\/\",\"url\":\"https:\/\/premiumline-cabling.com\/wp-content\/uploads\/2019\/04\/cropped-img_logo_site_Premium-Line.png\",\"contentUrl\":\"https:\/\/premiumline-cabling.com\/wp-content\/uploads\/2019\/04\/cropped-img_logo_site_Premium-Line.png\",\"width\":190,\"height\":62,\"caption\":\"Premium-Line\"},\"image\":{\"@id\":\"https:\/\/premiumline-cabling.com\/#\/schema\/logo\/image\/\"}}]}<\/script>\n<!-- \/ Yoast SEO plugin. -->","yoast_head_json":{"title":"Armoire de ligne ext\u00e9rieure Premium-Line","description":"Corps soud\u00e9 monobloc. Joint d\u2019\u00e9tanch\u00e9it\u00e9 \u00e0 charni\u00e8res, amovible et porte d\u2019entr\u00e9e verrouillable \u00e0 3 points. Convient pour le type de sol, le type de mur ou le type de poteau.","robots":{"index":"index","follow":"follow","max-snippet":"max-snippet:-1","max-image-preview":"max-image-preview:large","max-video-preview":"max-video-preview:-1"},"canonical":"https:\/\/premiumline-cabling.com\/fr\/product\/armoire-de-ligne-exterieure\/","og_locale":"fr_FR","og_type":"article","og_title":"Armoire de ligne ext\u00e9rieure Premium-Line","og_description":"Corps soud\u00e9 monobloc. Joint d\u2019\u00e9tanch\u00e9it\u00e9 \u00e0 charni\u00e8res, amovible et porte d\u2019entr\u00e9e verrouillable \u00e0 3 points. Convient pour le type de sol, le type de mur ou le type de poteau.","og_url":"https:\/\/premiumline-cabling.com\/fr\/product\/armoire-de-ligne-exterieure\/","og_site_name":"Premium-Line","article_modified_time":"2023-12-15T13:58:49+00:00","og_image":[{"width":273,"height":274,"url":"https:\/\/premiumline-cabling.com\/wp-content\/uploads\/2023\/10\/Outdoor_Line_s.jpg","type":"image\/jpeg"}],"twitter_card":"summary_large_image","twitter_misc":{"Dur\u00e9e de lecture estim\u00e9e":"2 minutes"},"schema":{"@context":"https:\/\/schema.org","@graph":[{"@type":"WebPage","@id":"https:\/\/premiumline-cabling.com\/fr\/product\/armoire-de-ligne-exterieure\/","url":"https:\/\/premiumline-cabling.com\/fr\/product\/armoire-de-ligne-exterieure\/","name":"Armoire de ligne ext\u00e9rieure Premium-Line","isPartOf":{"@id":"https:\/\/premiumline-cabling.com\/#website"},"primaryImageOfPage":{"@id":"https:\/\/premiumline-cabling.com\/fr\/product\/armoire-de-ligne-exterieure\/#primaryimage"},"image":{"@id":"https:\/\/premiumline-cabling.com\/fr\/product\/armoire-de-ligne-exterieure\/#primaryimage"},"thumbnailUrl":"https:\/\/premiumline-cabling.com\/wp-content\/uploads\/2023\/10\/Outdoor_Line_s.jpg","datePublished":"2023-10-11T13:26:59+00:00","dateModified":"2023-12-15T13:58:49+00:00","description":"Corps soud\u00e9 monobloc. Joint d\u2019\u00e9tanch\u00e9it\u00e9 \u00e0 charni\u00e8res, amovible et porte d\u2019entr\u00e9e verrouillable \u00e0 3 points. Convient pour le type de sol, le type de mur ou le type de poteau.","breadcrumb":{"@id":"https:\/\/premiumline-cabling.com\/fr\/product\/armoire-de-ligne-exterieure\/#breadcrumb"},"inLanguage":"fr-FR","potentialAction":[{"@type":"ReadAction","target":["https:\/\/premiumline-cabling.com\/fr\/product\/armoire-de-ligne-exterieure\/"]}]},{"@type":"ImageObject","inLanguage":"fr-FR","@id":"https:\/\/premiumline-cabling.com\/fr\/product\/armoire-de-ligne-exterieure\/#primaryimage","url":"https:\/\/premiumline-cabling.com\/wp-content\/uploads\/2023\/10\/Outdoor_Line_s.jpg","contentUrl":"https:\/\/premiumline-cabling.com\/wp-content\/uploads\/2023\/10\/Outdoor_Line_s.jpg","width":273,"height":274},{"@type":"BreadcrumbList","@id":"https:\/\/premiumline-cabling.com\/fr\/product\/armoire-de-ligne-exterieure\/#breadcrumb","itemListElement":[{"@type":"ListItem","position":1,"name":"\u0413\u043b\u0430\u0432\u043d\u0430\u044f \u0441\u0442\u0440\u0430\u043d\u0438\u0446\u0430","item":"https:\/\/premiumline-cabling.com\/fr\/"},{"@type":"ListItem","position":2,"name":"Armoire de ligne ext\u00e9rieure"}]},{"@type":"WebSite","@id":"https:\/\/premiumline-cabling.com\/#website","url":"https:\/\/premiumline-cabling.com\/","name":"Premium-Line","description":"Structured Cabling System","publisher":{"@id":"https:\/\/premiumline-cabling.com\/#organization"},"potentialAction":[{"@type":"SearchAction","target":{"@type":"EntryPoint","urlTemplate":"https:\/\/premiumline-cabling.com\/?s={search_term_string}"},"query-input":{"@type":"PropertyValueSpecification","valueRequired":true,"valueName":"search_term_string"}}],"inLanguage":"fr-FR"},{"@type":"Organization","@id":"https:\/\/premiumline-cabling.com\/#organization","name":"Premium-Line","url":"https:\/\/premiumline-cabling.com\/","logo":{"@type":"ImageObject","inLanguage":"fr-FR","@id":"https:\/\/premiumline-cabling.com\/#\/schema\/logo\/image\/","url":"https:\/\/premiumline-cabling.com\/wp-content\/uploads\/2019\/04\/cropped-img_logo_site_Premium-Line.png","contentUrl":"https:\/\/premiumline-cabling.com\/wp-content\/uploads\/2019\/04\/cropped-img_logo_site_Premium-Line.png","width":190,"height":62,"caption":"Premium-Line"},"image":{"@id":"https:\/\/premiumline-cabling.com\/#\/schema\/logo\/image\/"}}]}},"_links":{"self":[{"href":"https:\/\/premiumline-cabling.com\/fr\/wp-json\/wp\/v2\/product\/20481","targetHints":{"allow":["GET"]}}],"collection":[{"href":"https:\/\/premiumline-cabling.com\/fr\/wp-json\/wp\/v2\/product"}],"about":[{"href":"https:\/\/premiumline-cabling.com\/fr\/wp-json\/wp\/v2\/types\/product"}],"wp:featuredmedia":[{"embeddable":true,"href":"https:\/\/premiumline-cabling.com\/fr\/wp-json\/wp\/v2\/media\/20490"}],"wp:attachment":[{"href":"https:\/\/premiumline-cabling.com\/fr\/wp-json\/wp\/v2\/media?parent=20481"}],"wp:term":[{"taxonomy":"product_category","embeddable":true,"href":"https:\/\/premiumline-cabling.com\/fr\/wp-json\/wp\/v2\/product_category?post=20481"}],"curies":[{"name":"wp","href":"https:\/\/api.w.org\/{rel}","templated":true}]}}