{"id":20464,"date":"2019-05-07T16:36:11","date_gmt":"2019-05-07T15:36:11","guid":{"rendered":"https:\/\/premiumline-cabling.com\/product\/rack-a-cadre-ouvert-a-4-montants\/"},"modified":"2023-12-15T14:50:38","modified_gmt":"2023-12-15T13:50:38","slug":"rack-a-cadre-ouvert-a-4-montants","status":"publish","type":"product","link":"https:\/\/premiumline-cabling.com\/fr\/product\/rack-a-cadre-ouvert-a-4-montants\/","title":{"rendered":"Rack \u00e0 cadre ouvert \u00e0 4 montants"},"content":{"rendered":"<p>Le rack \u00e0 cadre ouvert \u00e0 4 montants Premium-Line offre une solution de qualit\u00e9 pour l\u2019installation \u00e9conomique d\u2019\u00e9quipements montables en rack, o\u00f9 la s\u00e9curit\u00e9 au niveau du rack individuel n\u2019est pas requise.<\/p>\n<p><noscript><img decoding=\"async\" class=\"alignright size-full wp-image-2125\" src=\"https:\/\/premiumline-cabling.com\/wp-content\/uploads\/2019\/05\/Open-Frame-4post_1.jpg\" alt width=\"224\" height=\"580\" srcset=\"https:\/\/premiumline-cabling.com\/wp-content\/uploads\/2019\/05\/Open-Frame-4post_1.jpg 224w, https:\/\/premiumline-cabling.com\/wp-content\/uploads\/2019\/05\/Open-Frame-4post_1-116x300.jpg 116w\" sizes=\"(max-width: 224px) 100vw, 224px\"><\/noscript><img decoding=\"async\" class=\"alignright size-full wp-image-2125 lazyload\" src=\"data:image\/svg+xml,%3Csvg%20xmlns%3D%22http%3A%2F%2Fwww.w3.org%2F2000%2Fsvg%22%20viewBox%3D%220%200%20224%20580%22%3E%3C%2Fsvg%3E\" alt width=\"224\" height=\"580\" srcset=\"data:image\/svg+xml,%3Csvg%20xmlns%3D%22http%3A%2F%2Fwww.w3.org%2F2000%2Fsvg%22%20viewBox%3D%220%200%20224%20580%22%3E%3C%2Fsvg%3E 224w\" sizes=\"(max-width: 224px) 100vw, 224px\" data-srcset=\"https:\/\/premiumline-cabling.com\/wp-content\/uploads\/2019\/05\/Open-Frame-4post_1.jpg 224w, https:\/\/premiumline-cabling.com\/wp-content\/uploads\/2019\/05\/Open-Frame-4post_1-116x300.jpg 116w\" data-src=\"https:\/\/premiumline-cabling.com\/wp-content\/uploads\/2019\/05\/Open-Frame-4post_1.jpg\"><\/p>\n<p><strong>CARACT\u00c9RISTIQUES:<\/strong><\/p>\n<ul>\n<li>Livraison non assembl\u00e9e dans un carton, pratique \u00e0 transporter et facile \u00e0 assembler<\/li>\n<li>Les tablettes r\u00e9glables en profondeur supportent de grands \u00e9quipements d\u2019une profondeur de 22 po \u00e0 40 po<\/li>\n<li>La conception facile de la connexion boulonn\u00e9e prend moins de 5 minutes pour assembler un rack<\/li>\n<li>Les trous fix\u00e9s au sol sur le support de base fixent la stabilit\u00e9 au sol avec le kit d\u2019installation<\/li>\n<li>Y compris 40 jeux d\u2019\u00e9crous cage et 24 anneaux de c\u00e2ble<\/li>\n<\/ul>\n<p><strong>MAT\u00c9RIEL:<\/strong><\/p>\n<ul>\n<li>Acier lamin\u00e9 \u00e0 froid SPCC<\/li>\n<\/ul>\n<p><strong>STRUCTURE:<\/strong><\/p>\n<p><noscript><img decoding=\"async\" class=\"size-full wp-image-2126 alignleft\" src=\"https:\/\/premiumline-cabling.com\/wp-content\/uploads\/2019\/05\/Open-Frame-4post_2.jpg\" alt width=\"274\" height=\"447\" srcset=\"https:\/\/premiumline-cabling.com\/wp-content\/uploads\/2019\/05\/Open-Frame-4post_2.jpg 274w, https:\/\/premiumline-cabling.com\/wp-content\/uploads\/2019\/05\/Open-Frame-4post_2-184x300.jpg 184w\" sizes=\"(max-width: 274px) 100vw, 274px\"><\/noscript><img decoding=\"async\" class=\"size-full wp-image-2126 alignleft lazyload\" src=\"data:image\/svg+xml,%3Csvg%20xmlns%3D%22http%3A%2F%2Fwww.w3.org%2F2000%2Fsvg%22%20viewBox%3D%220%200%20274%20447%22%3E%3C%2Fsvg%3E\" alt width=\"274\" height=\"447\" srcset=\"data:image\/svg+xml,%3Csvg%20xmlns%3D%22http%3A%2F%2Fwww.w3.org%2F2000%2Fsvg%22%20viewBox%3D%220%200%20274%20447%22%3E%3C%2Fsvg%3E 274w\" sizes=\"(max-width: 274px) 100vw, 274px\" data-srcset=\"https:\/\/premiumline-cabling.com\/wp-content\/uploads\/2019\/05\/Open-Frame-4post_2.jpg 274w, https:\/\/premiumline-cabling.com\/wp-content\/uploads\/2019\/05\/Open-Frame-4post_2-184x300.jpg 184w\" data-src=\"https:\/\/premiumline-cabling.com\/wp-content\/uploads\/2019\/05\/Open-Frame-4post_2.jpg\"><\/p>\n<table width=\"0\">\n<tbody>\n<tr>\n<td width=\"45\">S\/N<\/td>\n<td width=\"163\">Nom<\/td>\n<td width=\"58\">QUANTIT\u00c9 (PCS)<\/td>\n<\/tr>\n<tr>\n<td width=\"45\">1<\/td>\n<td width=\"163\">Rail vertical gauche<\/td>\n<td width=\"58\">2<\/td>\n<\/tr>\n<tr>\n<td width=\"45\">2<\/td>\n<td width=\"163\">Rail vertical droit<\/td>\n<td width=\"58\">2<\/td>\n<\/tr>\n<tr>\n<td width=\"45\">3<\/td>\n<td width=\"163\">Support de base<\/td>\n<td width=\"58\">2<\/td>\n<\/tr>\n<tr>\n<td width=\"45\">4<\/td>\n<td width=\"163\">Section d\u2019angle inf\u00e9rieure<\/td>\n<td width=\"58\">2<\/td>\n<\/tr>\n<tr>\n<td width=\"45\">5<\/td>\n<td width=\"163\">Partie centrale inf\u00e9rieure<\/td>\n<td width=\"58\">2<\/td>\n<\/tr>\n<tr>\n<td width=\"45\">6<\/td>\n<td width=\"163\">Section du coin sup\u00e9rieur gauche<\/td>\n<td width=\"58\">2<\/td>\n<\/tr>\n<tr>\n<td width=\"45\">7<\/td>\n<td width=\"163\">Section du coin sup\u00e9rieur droit<\/td>\n<td width=\"58\">2<\/td>\n<\/tr>\n<tr>\n<td width=\"45\">8<\/td>\n<td width=\"163\">Partie centrale sup\u00e9rieure<\/td>\n<td width=\"58\">2<\/td>\n<\/tr>\n<tr>\n<td width=\"45\">9<\/td>\n<td width=\"163\">Bracket sup\u00e9rieur<\/td>\n<td width=\"58\">2<\/td>\n<\/tr>\n<\/tbody>\n<\/table>\n<p>&nbsp;<\/p>\n<p><noscript><img decoding=\"async\" class=\"size-full wp-image-2127 aligncenter\" src=\"https:\/\/premiumline-cabling.com\/wp-content\/uploads\/2019\/05\/Open-Frame-4post_3.jpg\" alt width=\"1013\" height=\"357\" srcset=\"https:\/\/premiumline-cabling.com\/wp-content\/uploads\/2019\/05\/Open-Frame-4post_3.jpg 1013w, https:\/\/premiumline-cabling.com\/wp-content\/uploads\/2019\/05\/Open-Frame-4post_3-300x106.jpg 300w, https:\/\/premiumline-cabling.com\/wp-content\/uploads\/2019\/05\/Open-Frame-4post_3-768x271.jpg 768w\" sizes=\"(max-width: 1013px) 100vw, 1013px\"><\/noscript><img decoding=\"async\" class=\"size-full wp-image-2127 aligncenter lazyload\" src=\"data:image\/svg+xml,%3Csvg%20xmlns%3D%22http%3A%2F%2Fwww.w3.org%2F2000%2Fsvg%22%20viewBox%3D%220%200%201013%20357%22%3E%3C%2Fsvg%3E\" alt width=\"1013\" height=\"357\" srcset=\"data:image\/svg+xml,%3Csvg%20xmlns%3D%22http%3A%2F%2Fwww.w3.org%2F2000%2Fsvg%22%20viewBox%3D%220%200%201013%20357%22%3E%3C%2Fsvg%3E 1013w\" sizes=\"(max-width: 1013px) 100vw, 1013px\" data-srcset=\"https:\/\/premiumline-cabling.com\/wp-content\/uploads\/2019\/05\/Open-Frame-4post_3.jpg 1013w, https:\/\/premiumline-cabling.com\/wp-content\/uploads\/2019\/05\/Open-Frame-4post_3-300x106.jpg 300w, https:\/\/premiumline-cabling.com\/wp-content\/uploads\/2019\/05\/Open-Frame-4post_3-768x271.jpg 768w\" data-src=\"https:\/\/premiumline-cabling.com\/wp-content\/uploads\/2019\/05\/Open-Frame-4post_3.jpg\"><\/p>\n<table width=\"0\">\n<tbody>\n<tr>\n<td colspan=\"6\" width=\"663\">Index de profondeur r\u00e9glable<\/td>\n<\/tr>\n<tr>\n<td width=\"109\">Profondeur de montage<\/td>\n<td width=\"112\">Num\u00e9ros d\u2019index<\/td>\n<td width=\"109\">Profondeur de montage<\/td>\n<td width=\"112\">Num\u00e9ros d\u2019index<\/td>\n<td width=\"109\">Profondeur de montage<\/td>\n<td width=\"112\">Num\u00e9ros d\u2019index<\/td>\n<\/tr>\n<tr>\n<td width=\"109\">22&#8243;<\/td>\n<td width=\"112\">0 et 0<\/td>\n<td width=\"109\">29&#8243;<\/td>\n<td width=\"112\">3 et 4<\/td>\n<td width=\"109\">36&#8243;<\/td>\n<td width=\"112\">7 et 7<\/td>\n<\/tr>\n<tr>\n<td width=\"109\">23&#8243;<\/td>\n<td width=\"112\">1 et 0<\/td>\n<td width=\"109\">30&#8243;<\/td>\n<td width=\"112\">4 et 4<\/td>\n<td width=\"109\">37&#8243;<\/td>\n<td width=\"112\">7 et 8<\/td>\n<\/tr>\n<tr>\n<td width=\"109\">24&#8243;<\/td>\n<td width=\"112\">1 et 1<\/td>\n<td width=\"109\">31&#8243;<\/td>\n<td width=\"112\">4 et 5<\/td>\n<td width=\"109\">38&#8243;<\/td>\n<td width=\"112\">8 et 8<\/td>\n<\/tr>\n<tr>\n<td width=\"109\">25&#8243;<\/td>\n<td width=\"112\">1 et 2<\/td>\n<td width=\"109\">32&#8243;<\/td>\n<td width=\"112\">5 et 5<\/td>\n<td width=\"109\">39&#8243;<\/td>\n<td width=\"112\">8 et 9<\/td>\n<\/tr>\n<tr>\n<td width=\"109\">26&#8243;<\/td>\n<td width=\"112\">2 et 2<\/td>\n<td width=\"109\">33&#8243;<\/td>\n<td width=\"112\">5 et 6<\/td>\n<td width=\"109\">40&#8243;<\/td>\n<td width=\"112\">9 et 9<\/td>\n<\/tr>\n<tr>\n<td width=\"109\">27&#8243;<\/td>\n<td width=\"112\">2 et 3<\/td>\n<td width=\"109\">34&#8243;<\/td>\n<td width=\"112\">6 et 6<\/td>\n<td width=\"109\"><\/td>\n<td width=\"112\"><\/td>\n<\/tr>\n<tr>\n<td width=\"109\">28&#8243;<\/td>\n<td width=\"112\">3 et 3<\/td>\n<td width=\"109\">35&#8243;<\/td>\n<td width=\"112\">6 et 7<\/td>\n<td width=\"109\"><\/td>\n<td width=\"112\"><\/td>\n<\/tr>\n<\/tbody>\n<\/table>\n<p><strong>LES INFORMATIONS RELATIVES \u00c0 LA COMMANDE:<\/strong><\/p>\n<table width=\"0\">\n<tbody>\n<tr>\n<td rowspan=\"2\" width=\"105\">N\u00b0 de pi\u00e8ce<\/td>\n<td rowspan=\"2\" width=\"83\">Capacit\u00e9\n<p>(U)<\/p><\/td>\n<td width=\"205\">Rack Dimension<\/td>\n<td colspan=\"2\" width=\"269\">Dimension d\u2019emballage plat<\/td>\n<\/tr>\n<tr>\n<td width=\"205\">(L*P*H mm)<\/td>\n<td width=\"132\">(L*P*H mm)<\/td>\n<td width=\"137\">Volume (CBM)<\/td>\n<\/tr>\n<tr>\n<td width=\"105\">618367422<\/td>\n<td width=\"83\">42<\/td>\n<td width=\"205\">600*(558.8~1023)*2000<\/td>\n<td width=\"132\">2020*170*140<\/td>\n<td width=\"137\">0.048<\/td>\n<\/tr>\n<tr>\n<td width=\"105\">618367452<\/td>\n<td width=\"83\">45<\/td>\n<td width=\"205\">600*(558.8~1023)*2134<\/td>\n<td width=\"132\">2155*170*140<\/td>\n<td width=\"137\">0.051<\/td>\n<\/tr>\n<tr>\n<td width=\"105\">618367482<\/td>\n<td width=\"83\">48<\/td>\n<td width=\"205\">600*(558.8~1023)*2267<\/td>\n<td width=\"132\">2290*170*140<\/td>\n<td width=\"137\">0.055<\/td>\n<\/tr>\n<\/tbody>\n<\/table>\n<p>&nbsp;<\/p>\n","protected":false},"featured_media":20469,"template":"","product_category":[426],"class_list":["post-20464","product","type-product","status-publish","has-post-thumbnail","hentry","product_category-armoires"],"yoast_head":"<!-- This site is optimized with the Yoast SEO plugin v27.2 - https:\/\/yoast.com\/product\/yoast-seo-wordpress\/ -->\n<title>Premium-Line Porte-bagages \u00e0 cadre ouvert \u00e0 4 montants<\/title>\n<meta name=\"description\" content=\"Le rack \u00e0 cadre ouvert \u00e0 4 montants Premium-Line offre une solution de qualit\u00e9 pour l\u2019installation \u00e9conomique d\u2019\u00e9quipements montables en rack, o\u00f9 la s\u00e9curit\u00e9 au niveau du rack individuel n\u2019est pas requise.\" \/>\n<meta name=\"robots\" content=\"index, follow, max-snippet:-1, max-image-preview:large, max-video-preview:-1\" \/>\n<link rel=\"canonical\" href=\"https:\/\/premiumline-cabling.com\/fr\/product\/rack-a-cadre-ouvert-a-4-montants\/\" \/>\n<meta property=\"og:locale\" content=\"fr_FR\" \/>\n<meta property=\"og:type\" content=\"article\" \/>\n<meta property=\"og:title\" content=\"Premium-Line Porte-bagages \u00e0 cadre ouvert \u00e0 4 montants\" \/>\n<meta property=\"og:description\" content=\"Le rack \u00e0 cadre ouvert \u00e0 4 montants Premium-Line offre une solution de qualit\u00e9 pour l\u2019installation \u00e9conomique d\u2019\u00e9quipements montables en rack, o\u00f9 la s\u00e9curit\u00e9 au niveau du rack individuel n\u2019est pas requise.\" \/>\n<meta property=\"og:url\" content=\"https:\/\/premiumline-cabling.com\/fr\/product\/rack-a-cadre-ouvert-a-4-montants\/\" \/>\n<meta property=\"og:site_name\" content=\"Premium-Line\" \/>\n<meta property=\"article:modified_time\" content=\"2023-12-15T13:50:38+00:00\" \/>\n<meta property=\"og:image\" content=\"https:\/\/premiumline-cabling.com\/wp-content\/uploads\/2019\/05\/Open-Frame-4post_1.jpg\" \/>\n\t<meta property=\"og:image:width\" content=\"224\" \/>\n\t<meta property=\"og:image:height\" content=\"580\" \/>\n\t<meta property=\"og:image:type\" content=\"image\/jpeg\" \/>\n<meta name=\"twitter:card\" content=\"summary_large_image\" \/>\n<meta name=\"twitter:label1\" content=\"Dur\u00e9e de lecture estim\u00e9e\" \/>\n\t<meta name=\"twitter:data1\" content=\"3 minutes\" \/>\n<script type=\"application\/ld+json\" class=\"yoast-schema-graph\">{\"@context\":\"https:\/\/schema.org\",\"@graph\":[{\"@type\":\"WebPage\",\"@id\":\"https:\/\/premiumline-cabling.com\/fr\/product\/rack-a-cadre-ouvert-a-4-montants\/\",\"url\":\"https:\/\/premiumline-cabling.com\/fr\/product\/rack-a-cadre-ouvert-a-4-montants\/\",\"name\":\"Premium-Line Porte-bagages \u00e0 cadre ouvert \u00e0 4 montants\",\"isPartOf\":{\"@id\":\"https:\/\/premiumline-cabling.com\/#website\"},\"primaryImageOfPage\":{\"@id\":\"https:\/\/premiumline-cabling.com\/fr\/product\/rack-a-cadre-ouvert-a-4-montants\/#primaryimage\"},\"image\":{\"@id\":\"https:\/\/premiumline-cabling.com\/fr\/product\/rack-a-cadre-ouvert-a-4-montants\/#primaryimage\"},\"thumbnailUrl\":\"https:\/\/premiumline-cabling.com\/wp-content\/uploads\/2019\/05\/Open-Frame-4post_1.jpg\",\"datePublished\":\"2019-05-07T15:36:11+00:00\",\"dateModified\":\"2023-12-15T13:50:38+00:00\",\"description\":\"Le rack \u00e0 cadre ouvert \u00e0 4 montants Premium-Line offre une solution de qualit\u00e9 pour l\u2019installation \u00e9conomique d\u2019\u00e9quipements montables en rack, o\u00f9 la s\u00e9curit\u00e9 au niveau du rack individuel n\u2019est pas requise.\",\"breadcrumb\":{\"@id\":\"https:\/\/premiumline-cabling.com\/fr\/product\/rack-a-cadre-ouvert-a-4-montants\/#breadcrumb\"},\"inLanguage\":\"fr-FR\",\"potentialAction\":[{\"@type\":\"ReadAction\",\"target\":[\"https:\/\/premiumline-cabling.com\/fr\/product\/rack-a-cadre-ouvert-a-4-montants\/\"]}]},{\"@type\":\"ImageObject\",\"inLanguage\":\"fr-FR\",\"@id\":\"https:\/\/premiumline-cabling.com\/fr\/product\/rack-a-cadre-ouvert-a-4-montants\/#primaryimage\",\"url\":\"https:\/\/premiumline-cabling.com\/wp-content\/uploads\/2019\/05\/Open-Frame-4post_1.jpg\",\"contentUrl\":\"https:\/\/premiumline-cabling.com\/wp-content\/uploads\/2019\/05\/Open-Frame-4post_1.jpg\",\"width\":224,\"height\":580},{\"@type\":\"BreadcrumbList\",\"@id\":\"https:\/\/premiumline-cabling.com\/fr\/product\/rack-a-cadre-ouvert-a-4-montants\/#breadcrumb\",\"itemListElement\":[{\"@type\":\"ListItem\",\"position\":1,\"name\":\"\u0413\u043b\u0430\u0432\u043d\u0430\u044f \u0441\u0442\u0440\u0430\u043d\u0438\u0446\u0430\",\"item\":\"https:\/\/premiumline-cabling.com\/fr\/\"},{\"@type\":\"ListItem\",\"position\":2,\"name\":\"Rack \u00e0 cadre ouvert \u00e0 4 montants\"}]},{\"@type\":\"WebSite\",\"@id\":\"https:\/\/premiumline-cabling.com\/#website\",\"url\":\"https:\/\/premiumline-cabling.com\/\",\"name\":\"Premium-Line\",\"description\":\"Structured Cabling System\",\"publisher\":{\"@id\":\"https:\/\/premiumline-cabling.com\/#organization\"},\"potentialAction\":[{\"@type\":\"SearchAction\",\"target\":{\"@type\":\"EntryPoint\",\"urlTemplate\":\"https:\/\/premiumline-cabling.com\/?s={search_term_string}\"},\"query-input\":{\"@type\":\"PropertyValueSpecification\",\"valueRequired\":true,\"valueName\":\"search_term_string\"}}],\"inLanguage\":\"fr-FR\"},{\"@type\":\"Organization\",\"@id\":\"https:\/\/premiumline-cabling.com\/#organization\",\"name\":\"Premium-Line\",\"url\":\"https:\/\/premiumline-cabling.com\/\",\"logo\":{\"@type\":\"ImageObject\",\"inLanguage\":\"fr-FR\",\"@id\":\"https:\/\/premiumline-cabling.com\/#\/schema\/logo\/image\/\",\"url\":\"https:\/\/premiumline-cabling.com\/wp-content\/uploads\/2019\/04\/cropped-img_logo_site_Premium-Line.png\",\"contentUrl\":\"https:\/\/premiumline-cabling.com\/wp-content\/uploads\/2019\/04\/cropped-img_logo_site_Premium-Line.png\",\"width\":190,\"height\":62,\"caption\":\"Premium-Line\"},\"image\":{\"@id\":\"https:\/\/premiumline-cabling.com\/#\/schema\/logo\/image\/\"}}]}<\/script>\n<!-- \/ Yoast SEO plugin. -->","yoast_head_json":{"title":"Premium-Line Porte-bagages \u00e0 cadre ouvert \u00e0 4 montants","description":"Le rack \u00e0 cadre ouvert \u00e0 4 montants Premium-Line offre une solution de qualit\u00e9 pour l\u2019installation \u00e9conomique d\u2019\u00e9quipements montables en rack, o\u00f9 la s\u00e9curit\u00e9 au niveau du rack individuel n\u2019est pas requise.","robots":{"index":"index","follow":"follow","max-snippet":"max-snippet:-1","max-image-preview":"max-image-preview:large","max-video-preview":"max-video-preview:-1"},"canonical":"https:\/\/premiumline-cabling.com\/fr\/product\/rack-a-cadre-ouvert-a-4-montants\/","og_locale":"fr_FR","og_type":"article","og_title":"Premium-Line Porte-bagages \u00e0 cadre ouvert \u00e0 4 montants","og_description":"Le rack \u00e0 cadre ouvert \u00e0 4 montants Premium-Line offre une solution de qualit\u00e9 pour l\u2019installation \u00e9conomique d\u2019\u00e9quipements montables en rack, o\u00f9 la s\u00e9curit\u00e9 au niveau du rack individuel n\u2019est pas requise.","og_url":"https:\/\/premiumline-cabling.com\/fr\/product\/rack-a-cadre-ouvert-a-4-montants\/","og_site_name":"Premium-Line","article_modified_time":"2023-12-15T13:50:38+00:00","og_image":[{"width":224,"height":580,"url":"https:\/\/premiumline-cabling.com\/wp-content\/uploads\/2019\/05\/Open-Frame-4post_1.jpg","type":"image\/jpeg"}],"twitter_card":"summary_large_image","twitter_misc":{"Dur\u00e9e de lecture estim\u00e9e":"3 minutes"},"schema":{"@context":"https:\/\/schema.org","@graph":[{"@type":"WebPage","@id":"https:\/\/premiumline-cabling.com\/fr\/product\/rack-a-cadre-ouvert-a-4-montants\/","url":"https:\/\/premiumline-cabling.com\/fr\/product\/rack-a-cadre-ouvert-a-4-montants\/","name":"Premium-Line Porte-bagages \u00e0 cadre ouvert \u00e0 4 montants","isPartOf":{"@id":"https:\/\/premiumline-cabling.com\/#website"},"primaryImageOfPage":{"@id":"https:\/\/premiumline-cabling.com\/fr\/product\/rack-a-cadre-ouvert-a-4-montants\/#primaryimage"},"image":{"@id":"https:\/\/premiumline-cabling.com\/fr\/product\/rack-a-cadre-ouvert-a-4-montants\/#primaryimage"},"thumbnailUrl":"https:\/\/premiumline-cabling.com\/wp-content\/uploads\/2019\/05\/Open-Frame-4post_1.jpg","datePublished":"2019-05-07T15:36:11+00:00","dateModified":"2023-12-15T13:50:38+00:00","description":"Le rack \u00e0 cadre ouvert \u00e0 4 montants Premium-Line offre une solution de qualit\u00e9 pour l\u2019installation \u00e9conomique d\u2019\u00e9quipements montables en rack, o\u00f9 la s\u00e9curit\u00e9 au niveau du rack individuel n\u2019est pas requise.","breadcrumb":{"@id":"https:\/\/premiumline-cabling.com\/fr\/product\/rack-a-cadre-ouvert-a-4-montants\/#breadcrumb"},"inLanguage":"fr-FR","potentialAction":[{"@type":"ReadAction","target":["https:\/\/premiumline-cabling.com\/fr\/product\/rack-a-cadre-ouvert-a-4-montants\/"]}]},{"@type":"ImageObject","inLanguage":"fr-FR","@id":"https:\/\/premiumline-cabling.com\/fr\/product\/rack-a-cadre-ouvert-a-4-montants\/#primaryimage","url":"https:\/\/premiumline-cabling.com\/wp-content\/uploads\/2019\/05\/Open-Frame-4post_1.jpg","contentUrl":"https:\/\/premiumline-cabling.com\/wp-content\/uploads\/2019\/05\/Open-Frame-4post_1.jpg","width":224,"height":580},{"@type":"BreadcrumbList","@id":"https:\/\/premiumline-cabling.com\/fr\/product\/rack-a-cadre-ouvert-a-4-montants\/#breadcrumb","itemListElement":[{"@type":"ListItem","position":1,"name":"\u0413\u043b\u0430\u0432\u043d\u0430\u044f \u0441\u0442\u0440\u0430\u043d\u0438\u0446\u0430","item":"https:\/\/premiumline-cabling.com\/fr\/"},{"@type":"ListItem","position":2,"name":"Rack \u00e0 cadre ouvert \u00e0 4 montants"}]},{"@type":"WebSite","@id":"https:\/\/premiumline-cabling.com\/#website","url":"https:\/\/premiumline-cabling.com\/","name":"Premium-Line","description":"Structured Cabling System","publisher":{"@id":"https:\/\/premiumline-cabling.com\/#organization"},"potentialAction":[{"@type":"SearchAction","target":{"@type":"EntryPoint","urlTemplate":"https:\/\/premiumline-cabling.com\/?s={search_term_string}"},"query-input":{"@type":"PropertyValueSpecification","valueRequired":true,"valueName":"search_term_string"}}],"inLanguage":"fr-FR"},{"@type":"Organization","@id":"https:\/\/premiumline-cabling.com\/#organization","name":"Premium-Line","url":"https:\/\/premiumline-cabling.com\/","logo":{"@type":"ImageObject","inLanguage":"fr-FR","@id":"https:\/\/premiumline-cabling.com\/#\/schema\/logo\/image\/","url":"https:\/\/premiumline-cabling.com\/wp-content\/uploads\/2019\/04\/cropped-img_logo_site_Premium-Line.png","contentUrl":"https:\/\/premiumline-cabling.com\/wp-content\/uploads\/2019\/04\/cropped-img_logo_site_Premium-Line.png","width":190,"height":62,"caption":"Premium-Line"},"image":{"@id":"https:\/\/premiumline-cabling.com\/#\/schema\/logo\/image\/"}}]}},"_links":{"self":[{"href":"https:\/\/premiumline-cabling.com\/fr\/wp-json\/wp\/v2\/product\/20464","targetHints":{"allow":["GET"]}}],"collection":[{"href":"https:\/\/premiumline-cabling.com\/fr\/wp-json\/wp\/v2\/product"}],"about":[{"href":"https:\/\/premiumline-cabling.com\/fr\/wp-json\/wp\/v2\/types\/product"}],"wp:featuredmedia":[{"embeddable":true,"href":"https:\/\/premiumline-cabling.com\/fr\/wp-json\/wp\/v2\/media\/20469"}],"wp:attachment":[{"href":"https:\/\/premiumline-cabling.com\/fr\/wp-json\/wp\/v2\/media?parent=20464"}],"wp:term":[{"taxonomy":"product_category","embeddable":true,"href":"https:\/\/premiumline-cabling.com\/fr\/wp-json\/wp\/v2\/product_category?post=20464"}],"curies":[{"name":"wp","href":"https:\/\/api.w.org\/{rel}","templated":true}]}}