{"id":20463,"date":"2019-02-03T22:04:01","date_gmt":"2019-02-03T21:04:01","guid":{"rendered":"https:\/\/premiumline-cabling.com\/product\/armoire-murale\/"},"modified":"2023-12-15T14:57:03","modified_gmt":"2023-12-15T13:57:03","slug":"armoire-murale","status":"publish","type":"product","link":"https:\/\/premiumline-cabling.com\/fr\/product\/armoire-murale\/","title":{"rendered":"Armoire murale"},"content":{"rendered":"<div id=\"attachment_662\" style=\"width: 360px\" class=\"wp-caption alignright\"><noscript><img decoding=\"async\" aria-describedby=\"caption-attachment-662\" class=\"wp-image-662 size-full\" src=\"https:\/\/premiumline-cabling.com\/wp-content\/uploads\/2019\/02\/IMG_pl_SIMGLE_SECTION.jpg\" alt width=\"350\" height=\"240\" srcset=\"https:\/\/premiumline-cabling.com\/wp-content\/uploads\/2019\/02\/IMG_pl_SIMGLE_SECTION.jpg 350w, https:\/\/premiumline-cabling.com\/wp-content\/uploads\/2019\/02\/IMG_pl_SIMGLE_SECTION-300x206.jpg 300w\" sizes=\"(max-width: 350px) 100vw, 350px\"><\/noscript><img decoding=\"async\" aria-describedby=\"caption-attachment-662\" class=\"wp-image-662 size-full lazyload\" src=\"data:image\/svg+xml,%3Csvg%20xmlns%3D%22http%3A%2F%2Fwww.w3.org%2F2000%2Fsvg%22%20viewBox%3D%220%200%20350%20240%22%3E%3C%2Fsvg%3E\" alt width=\"350\" height=\"240\" srcset=\"data:image\/svg+xml,%3Csvg%20xmlns%3D%22http%3A%2F%2Fwww.w3.org%2F2000%2Fsvg%22%20viewBox%3D%220%200%20350%20240%22%3E%3C%2Fsvg%3E 350w\" sizes=\"(max-width: 350px) 100vw, 350px\" data-srcset=\"https:\/\/premiumline-cabling.com\/wp-content\/uploads\/2019\/02\/IMG_pl_SIMGLE_SECTION.jpg 350w, https:\/\/premiumline-cabling.com\/wp-content\/uploads\/2019\/02\/IMG_pl_SIMGLE_SECTION-300x206.jpg 300w\" data-src=\"https:\/\/premiumline-cabling.com\/wp-content\/uploads\/2019\/02\/IMG_pl_SIMGLE_SECTION.jpg\"><p id=\"caption-attachment-662\" class=\"wp-caption-text\"><strong>611264062<\/strong><\/p><\/div>\n<h2>Section unique<\/h2>\n<h3>Caract\u00e9ristiques:<\/h3>\n<ul>\n<li>Entr\u00e9e de c\u00e2ble par le haut et par le bas<\/li>\n<li>Couvercle sup\u00e9rieur pr\u00eat pour l\u2019installation du ventilateur de refroidissement<\/li>\n<li>Capacit\u00e9 de charge statique de 60 kg<\/li>\n<li>Porte d\u2019entr\u00e9e en verre tremp\u00e9 avec un angle de plus de 180\u00b0<\/li>\n<\/ul>\n<table width=\"0\">\n<tbody>\n<tr>\n<td width=\"136\">Pi\u00e8ce NO.<\/td>\n<td width=\"98\">Capacit\u00e9\n<p>(U)<\/p><\/td>\n<td width=\"75\">Largeur\n<p>(millim\u00e8tre)<\/p><\/td>\n<td width=\"78\">Profondeur\n<p>(millim\u00e8tre)<\/p><\/td>\n<td width=\"89\">Hauteur\n<p>(millim\u00e8tre)<\/p><\/td>\n<td width=\"180\">Dimension d\u2019emballage\n<p>L*P*H (mm)<\/p><\/td>\n<\/tr>\n<tr>\n<td width=\"136\">61126406Z<\/td>\n<td width=\"98\">6<\/td>\n<td width=\"75\">600<\/td>\n<td width=\"78\">450<\/td>\n<td width=\"89\">370<\/td>\n<td width=\"180\">615*460*385<\/td>\n<\/tr>\n<tr>\n<td width=\"136\">61126409Z<\/td>\n<td width=\"98\">9<\/td>\n<td width=\"75\">600<\/td>\n<td width=\"78\">450<\/td>\n<td width=\"89\">500<\/td>\n<td width=\"180\">615*460*515<\/td>\n<\/tr>\n<tr>\n<td width=\"136\">61126412Z<\/td>\n<td width=\"98\">12<\/td>\n<td width=\"75\">600<\/td>\n<td width=\"78\">450<\/td>\n<td width=\"89\">635<\/td>\n<td width=\"180\">615*460*650<\/td>\n<\/tr>\n<tr>\n<td width=\"136\">61126415Z<\/td>\n<td width=\"98\">15<\/td>\n<td width=\"75\">600<\/td>\n<td width=\"78\">450<\/td>\n<td width=\"89\">770<\/td>\n<td width=\"180\">615*460*785<\/td>\n<\/tr>\n<tr>\n<td width=\"136\">61126418Z<\/td>\n<td width=\"98\">18<\/td>\n<td width=\"75\">600<\/td>\n<td width=\"78\">450<\/td>\n<td width=\"89\">905<\/td>\n<td width=\"180\">615*460*920<\/td>\n<\/tr>\n<tr>\n<td width=\"136\">61126422Z<\/td>\n<td width=\"98\">22<\/td>\n<td width=\"75\">600<\/td>\n<td width=\"78\">450<\/td>\n<td width=\"89\">1040<\/td>\n<td width=\"180\">615*460*1055<\/td>\n<\/tr>\n<tr>\n<td width=\"136\">61126606Z<\/td>\n<td width=\"98\">6<\/td>\n<td width=\"75\">600<\/td>\n<td width=\"78\">600<\/td>\n<td width=\"89\">370<\/td>\n<td width=\"180\">615*615*385<\/td>\n<\/tr>\n<tr>\n<td width=\"136\">61126609Z<\/td>\n<td width=\"98\">9<\/td>\n<td width=\"75\">600<\/td>\n<td width=\"78\">600<\/td>\n<td width=\"89\">500<\/td>\n<td width=\"180\">615*615*515<\/td>\n<\/tr>\n<tr>\n<td width=\"136\">61126612Z<\/td>\n<td width=\"98\">12<\/td>\n<td width=\"75\">600<\/td>\n<td width=\"78\">600<\/td>\n<td width=\"89\">635<\/td>\n<td width=\"180\">615*615*650<\/td>\n<\/tr>\n<tr>\n<td width=\"136\">61126615Z<\/td>\n<td width=\"98\">15<\/td>\n<td width=\"75\">600<\/td>\n<td width=\"78\">600<\/td>\n<td width=\"89\">770<\/td>\n<td width=\"180\">615*615*785<\/td>\n<\/tr>\n<tr>\n<td width=\"136\">61126618Z<\/td>\n<td width=\"98\">18<\/td>\n<td width=\"75\">600<\/td>\n<td width=\"78\">600<\/td>\n<td width=\"89\">905<\/td>\n<td width=\"180\">615*615*920<\/td>\n<\/tr>\n<tr>\n<td width=\"136\">61126622Z<\/td>\n<td width=\"98\">22<\/td>\n<td width=\"75\">600<\/td>\n<td width=\"78\">600<\/td>\n<td width=\"89\">1040<\/td>\n<td width=\"180\">615*615*1055<\/td>\n<\/tr>\n<\/tbody>\n<\/table>\n<p>Pour la couleur, remplacez \u00ab z \u00bb dans PN: 2 = noir (RAL9005) ; 5 = gris (RAL7035)<\/p>\n<div id=\"attachment_663\" style=\"width: 360px\" class=\"wp-caption alignright\"><noscript><img decoding=\"async\" aria-describedby=\"caption-attachment-663\" class=\"wp-image-663 size-full\" src=\"https:\/\/premiumline-cabling.com\/wp-content\/uploads\/2019\/02\/img_PL_Dual-Section.jpg\" alt width=\"350\" height=\"306\" srcset=\"https:\/\/premiumline-cabling.com\/wp-content\/uploads\/2019\/02\/img_PL_Dual-Section.jpg 350w, https:\/\/premiumline-cabling.com\/wp-content\/uploads\/2019\/02\/img_PL_Dual-Section-300x262.jpg 300w\" sizes=\"(max-width: 350px) 100vw, 350px\"><\/noscript><img decoding=\"async\" aria-describedby=\"caption-attachment-663\" class=\"wp-image-663 size-full lazyload\" src=\"data:image\/svg+xml,%3Csvg%20xmlns%3D%22http%3A%2F%2Fwww.w3.org%2F2000%2Fsvg%22%20viewBox%3D%220%200%20350%20306%22%3E%3C%2Fsvg%3E\" alt width=\"350\" height=\"306\" srcset=\"data:image\/svg+xml,%3Csvg%20xmlns%3D%22http%3A%2F%2Fwww.w3.org%2F2000%2Fsvg%22%20viewBox%3D%220%200%20350%20306%22%3E%3C%2Fsvg%3E 350w\" sizes=\"(max-width: 350px) 100vw, 350px\" data-srcset=\"https:\/\/premiumline-cabling.com\/wp-content\/uploads\/2019\/02\/img_PL_Dual-Section.jpg 350w, https:\/\/premiumline-cabling.com\/wp-content\/uploads\/2019\/02\/img_PL_Dual-Section-300x262.jpg 300w\" data-src=\"https:\/\/premiumline-cabling.com\/wp-content\/uploads\/2019\/02\/img_PL_Dual-Section.jpg\"><p id=\"caption-attachment-663\" class=\"wp-caption-text\">614264092<\/p><\/div>\n<h2>Section double<\/h2>\n<h3>Caract\u00e9ristiques:<\/h3>\n<ul>\n<li>Entr\u00e9e de c\u00e2ble par le haut et par le bas<\/li>\n<li>Couvercle sup\u00e9rieur pr\u00eat pour l\u2019installation du ventilateur de refroidissement<\/li>\n<li>Capacit\u00e9 de charge statique de 60 kg<\/li>\n<li>Porte d\u2019entr\u00e9e en verre tremp\u00e9 avec un angle de plus de 180\u00b0<\/li>\n<li>Porte lat\u00e9rale verrouillable, facile \u00e0 ouvrir pour l\u2019installation<\/li>\n<li>Espace fixe de 100 mm dans la section arri\u00e8re<\/li>\n<\/ul>\n<table>\n<tbody>\n<tr>\n<td rowspan=\"2\">Pi\u00e8ce NO.<\/td>\n<td>Capacit\u00e9<\/td>\n<td>Largeur<\/td>\n<td>Profondeur<\/td>\n<td>Hauteur<\/td>\n<td>Dimension d\u2019emballage<\/td>\n<\/tr>\n<tr>\n<td>(U)<\/td>\n<td>(millim\u00e8tre)<\/td>\n<td>(millim\u00e8tre)<\/td>\n<td>(millim\u00e8tre)<\/td>\n<td>L*P*H (mm)<\/td>\n<\/tr>\n<tr>\n<td>61426406Z<\/td>\n<td>6<\/td>\n<td>600<\/td>\n<td>450+100<\/td>\n<td>370<\/td>\n<td>615*565*385<\/td>\n<\/tr>\n<tr>\n<td>61426409Z<\/td>\n<td>9<\/td>\n<td>600<\/td>\n<td>450+100<\/td>\n<td>500<\/td>\n<td>615*565*515<\/td>\n<\/tr>\n<tr>\n<td>61426412Z<\/td>\n<td>12<\/td>\n<td>600<\/td>\n<td>450+100<\/td>\n<td>635<\/td>\n<td>615*565*650<\/td>\n<\/tr>\n<tr>\n<td>61426415Z<\/td>\n<td>15<\/td>\n<td>600<\/td>\n<td>450+100<\/td>\n<td>770<\/td>\n<td>615*565*785<\/td>\n<\/tr>\n<tr>\n<td>61426418Z<\/td>\n<td>18<\/td>\n<td>600<\/td>\n<td>450+100<\/td>\n<td>900<\/td>\n<td>615*565*915<\/td>\n<\/tr>\n<tr>\n<td>61426422Z<\/td>\n<td>22<\/td>\n<td>600<\/td>\n<td>450+100<\/td>\n<td>1080<\/td>\n<td>615*565*1095<\/td>\n<\/tr>\n<tr>\n<td>61426506Z<\/td>\n<td>6<\/td>\n<td>600<\/td>\n<td>500+100<\/td>\n<td>370<\/td>\n<td>615*615*385<\/td>\n<\/tr>\n<tr>\n<td>61426509Z<\/td>\n<td>9<\/td>\n<td>600<\/td>\n<td>500+100<\/td>\n<td>500<\/td>\n<td>615*615*515<\/td>\n<\/tr>\n<tr>\n<td>61426512Z<\/td>\n<td>12<\/td>\n<td>600<\/td>\n<td>500+100<\/td>\n<td>635<\/td>\n<td>615*615*650<\/td>\n<\/tr>\n<tr>\n<td>61426515Z<\/td>\n<td>15<\/td>\n<td>600<\/td>\n<td>500+100<\/td>\n<td>770<\/td>\n<td>615*615*785<\/td>\n<\/tr>\n<tr>\n<td>61426518Z<\/td>\n<td>18<\/td>\n<td>600<\/td>\n<td>500+100<\/td>\n<td>900<\/td>\n<td>615*615*915<\/td>\n<\/tr>\n<tr>\n<td>61426522Z<\/td>\n<td>22<\/td>\n<td>600<\/td>\n<td>500+100<\/td>\n<td>1080<\/td>\n<td>615*615*1095<\/td>\n<\/tr>\n<\/tbody>\n<\/table>\n<p>Pour la couleur, remplacez \u00ab z \u00bb dans PN: 2 = noir (RAL9005) ; 5 = gris (RAL7035)<\/p>\n","protected":false},"featured_media":20468,"template":"","product_category":[426],"class_list":["post-20463","product","type-product","status-publish","has-post-thumbnail","hentry","product_category-armoires"],"yoast_head":"<!-- This site is optimized with the Yoast SEO plugin v27.3 - https:\/\/yoast.com\/product\/yoast-seo-wordpress\/ -->\n<title>Armoire murale Premium-Line<\/title>\n<meta name=\"description\" content=\"Caract\u00e9ristiques : entr\u00e9e de c\u00e2ble par le haut et par le bas ; couvercle NOP pr\u00eat pour l\u2019installation du ventilateur de refroidissement\u00a0; Capacit\u00e9 de charge statique de 60 kg. En savoir plus !\" \/>\n<meta name=\"robots\" content=\"index, follow, max-snippet:-1, max-image-preview:large, max-video-preview:-1\" \/>\n<link rel=\"canonical\" href=\"https:\/\/premiumline-cabling.com\/fr\/product\/armoire-murale\/\" \/>\n<meta property=\"og:locale\" content=\"fr_FR\" \/>\n<meta property=\"og:type\" content=\"article\" \/>\n<meta property=\"og:title\" content=\"Armoire murale Premium-Line\" \/>\n<meta property=\"og:description\" content=\"Caract\u00e9ristiques : entr\u00e9e de c\u00e2ble par le haut et par le bas ; couvercle NOP pr\u00eat pour l\u2019installation du ventilateur de refroidissement\u00a0; Capacit\u00e9 de charge statique de 60 kg. En savoir plus !\" \/>\n<meta property=\"og:url\" content=\"https:\/\/premiumline-cabling.com\/fr\/product\/armoire-murale\/\" \/>\n<meta property=\"og:site_name\" content=\"Premium-Line\" \/>\n<meta property=\"article:modified_time\" content=\"2023-12-15T13:57:03+00:00\" \/>\n<meta property=\"og:image\" content=\"https:\/\/premiumline-cabling.com\/wp-content\/uploads\/2019\/02\/PL_img_Dual-Section.jpg\" \/>\n\t<meta property=\"og:image:width\" content=\"283\" \/>\n\t<meta property=\"og:image:height\" content=\"220\" \/>\n\t<meta property=\"og:image:type\" content=\"image\/jpeg\" \/>\n<meta name=\"twitter:card\" content=\"summary_large_image\" \/>\n<meta name=\"twitter:label1\" content=\"Dur\u00e9e de lecture estim\u00e9e\" \/>\n\t<meta name=\"twitter:data1\" content=\"2 minutes\" \/>\n<script type=\"application\/ld+json\" class=\"yoast-schema-graph\">{\"@context\":\"https:\\\/\\\/schema.org\",\"@graph\":[{\"@type\":\"WebPage\",\"@id\":\"https:\\\/\\\/premiumline-cabling.com\\\/fr\\\/product\\\/armoire-murale\\\/\",\"url\":\"https:\\\/\\\/premiumline-cabling.com\\\/fr\\\/product\\\/armoire-murale\\\/\",\"name\":\"Armoire murale Premium-Line\",\"isPartOf\":{\"@id\":\"https:\\\/\\\/premiumline-cabling.com\\\/#website\"},\"primaryImageOfPage\":{\"@id\":\"https:\\\/\\\/premiumline-cabling.com\\\/fr\\\/product\\\/armoire-murale\\\/#primaryimage\"},\"image\":{\"@id\":\"https:\\\/\\\/premiumline-cabling.com\\\/fr\\\/product\\\/armoire-murale\\\/#primaryimage\"},\"thumbnailUrl\":\"https:\\\/\\\/premiumline-cabling.com\\\/wp-content\\\/uploads\\\/2019\\\/02\\\/PL_img_Dual-Section.jpg\",\"datePublished\":\"2019-02-03T21:04:01+00:00\",\"dateModified\":\"2023-12-15T13:57:03+00:00\",\"description\":\"Caract\u00e9ristiques : entr\u00e9e de c\u00e2ble par le haut et par le bas ; couvercle NOP pr\u00eat pour l\u2019installation du ventilateur de refroidissement\u00a0; Capacit\u00e9 de charge statique de 60 kg. En savoir plus !\",\"breadcrumb\":{\"@id\":\"https:\\\/\\\/premiumline-cabling.com\\\/fr\\\/product\\\/armoire-murale\\\/#breadcrumb\"},\"inLanguage\":\"fr-FR\",\"potentialAction\":[{\"@type\":\"ReadAction\",\"target\":[\"https:\\\/\\\/premiumline-cabling.com\\\/fr\\\/product\\\/armoire-murale\\\/\"]}]},{\"@type\":\"ImageObject\",\"inLanguage\":\"fr-FR\",\"@id\":\"https:\\\/\\\/premiumline-cabling.com\\\/fr\\\/product\\\/armoire-murale\\\/#primaryimage\",\"url\":\"https:\\\/\\\/premiumline-cabling.com\\\/wp-content\\\/uploads\\\/2019\\\/02\\\/PL_img_Dual-Section.jpg\",\"contentUrl\":\"https:\\\/\\\/premiumline-cabling.com\\\/wp-content\\\/uploads\\\/2019\\\/02\\\/PL_img_Dual-Section.jpg\",\"width\":283,\"height\":220},{\"@type\":\"BreadcrumbList\",\"@id\":\"https:\\\/\\\/premiumline-cabling.com\\\/fr\\\/product\\\/armoire-murale\\\/#breadcrumb\",\"itemListElement\":[{\"@type\":\"ListItem\",\"position\":1,\"name\":\"\u0413\u043b\u0430\u0432\u043d\u0430\u044f \u0441\u0442\u0440\u0430\u043d\u0438\u0446\u0430\",\"item\":\"https:\\\/\\\/premiumline-cabling.com\\\/fr\\\/\"},{\"@type\":\"ListItem\",\"position\":2,\"name\":\"Armoire murale\"}]},{\"@type\":\"WebSite\",\"@id\":\"https:\\\/\\\/premiumline-cabling.com\\\/#website\",\"url\":\"https:\\\/\\\/premiumline-cabling.com\\\/\",\"name\":\"Premium-Line\",\"description\":\"Structured Cabling System\",\"publisher\":{\"@id\":\"https:\\\/\\\/premiumline-cabling.com\\\/#organization\"},\"potentialAction\":[{\"@type\":\"SearchAction\",\"target\":{\"@type\":\"EntryPoint\",\"urlTemplate\":\"https:\\\/\\\/premiumline-cabling.com\\\/?s={search_term_string}\"},\"query-input\":{\"@type\":\"PropertyValueSpecification\",\"valueRequired\":true,\"valueName\":\"search_term_string\"}}],\"inLanguage\":\"fr-FR\"},{\"@type\":\"Organization\",\"@id\":\"https:\\\/\\\/premiumline-cabling.com\\\/#organization\",\"name\":\"Premium-Line\",\"url\":\"https:\\\/\\\/premiumline-cabling.com\\\/\",\"logo\":{\"@type\":\"ImageObject\",\"inLanguage\":\"fr-FR\",\"@id\":\"https:\\\/\\\/premiumline-cabling.com\\\/#\\\/schema\\\/logo\\\/image\\\/\",\"url\":\"https:\\\/\\\/premiumline-cabling.com\\\/wp-content\\\/uploads\\\/2019\\\/04\\\/cropped-img_logo_site_Premium-Line.png\",\"contentUrl\":\"https:\\\/\\\/premiumline-cabling.com\\\/wp-content\\\/uploads\\\/2019\\\/04\\\/cropped-img_logo_site_Premium-Line.png\",\"width\":190,\"height\":62,\"caption\":\"Premium-Line\"},\"image\":{\"@id\":\"https:\\\/\\\/premiumline-cabling.com\\\/#\\\/schema\\\/logo\\\/image\\\/\"}}]}<\/script>\n<!-- \/ Yoast SEO plugin. -->","yoast_head_json":{"title":"Armoire murale Premium-Line","description":"Caract\u00e9ristiques : entr\u00e9e de c\u00e2ble par le haut et par le bas ; couvercle NOP pr\u00eat pour l\u2019installation du ventilateur de refroidissement\u00a0; Capacit\u00e9 de charge statique de 60 kg. En savoir plus !","robots":{"index":"index","follow":"follow","max-snippet":"max-snippet:-1","max-image-preview":"max-image-preview:large","max-video-preview":"max-video-preview:-1"},"canonical":"https:\/\/premiumline-cabling.com\/fr\/product\/armoire-murale\/","og_locale":"fr_FR","og_type":"article","og_title":"Armoire murale Premium-Line","og_description":"Caract\u00e9ristiques : entr\u00e9e de c\u00e2ble par le haut et par le bas ; couvercle NOP pr\u00eat pour l\u2019installation du ventilateur de refroidissement\u00a0; Capacit\u00e9 de charge statique de 60 kg. En savoir plus !","og_url":"https:\/\/premiumline-cabling.com\/fr\/product\/armoire-murale\/","og_site_name":"Premium-Line","article_modified_time":"2023-12-15T13:57:03+00:00","og_image":[{"width":283,"height":220,"url":"https:\/\/premiumline-cabling.com\/wp-content\/uploads\/2019\/02\/PL_img_Dual-Section.jpg","type":"image\/jpeg"}],"twitter_card":"summary_large_image","twitter_misc":{"Dur\u00e9e de lecture estim\u00e9e":"2 minutes"},"schema":{"@context":"https:\/\/schema.org","@graph":[{"@type":"WebPage","@id":"https:\/\/premiumline-cabling.com\/fr\/product\/armoire-murale\/","url":"https:\/\/premiumline-cabling.com\/fr\/product\/armoire-murale\/","name":"Armoire murale Premium-Line","isPartOf":{"@id":"https:\/\/premiumline-cabling.com\/#website"},"primaryImageOfPage":{"@id":"https:\/\/premiumline-cabling.com\/fr\/product\/armoire-murale\/#primaryimage"},"image":{"@id":"https:\/\/premiumline-cabling.com\/fr\/product\/armoire-murale\/#primaryimage"},"thumbnailUrl":"https:\/\/premiumline-cabling.com\/wp-content\/uploads\/2019\/02\/PL_img_Dual-Section.jpg","datePublished":"2019-02-03T21:04:01+00:00","dateModified":"2023-12-15T13:57:03+00:00","description":"Caract\u00e9ristiques : entr\u00e9e de c\u00e2ble par le haut et par le bas ; couvercle NOP pr\u00eat pour l\u2019installation du ventilateur de refroidissement\u00a0; Capacit\u00e9 de charge statique de 60 kg. En savoir plus !","breadcrumb":{"@id":"https:\/\/premiumline-cabling.com\/fr\/product\/armoire-murale\/#breadcrumb"},"inLanguage":"fr-FR","potentialAction":[{"@type":"ReadAction","target":["https:\/\/premiumline-cabling.com\/fr\/product\/armoire-murale\/"]}]},{"@type":"ImageObject","inLanguage":"fr-FR","@id":"https:\/\/premiumline-cabling.com\/fr\/product\/armoire-murale\/#primaryimage","url":"https:\/\/premiumline-cabling.com\/wp-content\/uploads\/2019\/02\/PL_img_Dual-Section.jpg","contentUrl":"https:\/\/premiumline-cabling.com\/wp-content\/uploads\/2019\/02\/PL_img_Dual-Section.jpg","width":283,"height":220},{"@type":"BreadcrumbList","@id":"https:\/\/premiumline-cabling.com\/fr\/product\/armoire-murale\/#breadcrumb","itemListElement":[{"@type":"ListItem","position":1,"name":"\u0413\u043b\u0430\u0432\u043d\u0430\u044f \u0441\u0442\u0440\u0430\u043d\u0438\u0446\u0430","item":"https:\/\/premiumline-cabling.com\/fr\/"},{"@type":"ListItem","position":2,"name":"Armoire murale"}]},{"@type":"WebSite","@id":"https:\/\/premiumline-cabling.com\/#website","url":"https:\/\/premiumline-cabling.com\/","name":"Premium-Line","description":"Structured Cabling System","publisher":{"@id":"https:\/\/premiumline-cabling.com\/#organization"},"potentialAction":[{"@type":"SearchAction","target":{"@type":"EntryPoint","urlTemplate":"https:\/\/premiumline-cabling.com\/?s={search_term_string}"},"query-input":{"@type":"PropertyValueSpecification","valueRequired":true,"valueName":"search_term_string"}}],"inLanguage":"fr-FR"},{"@type":"Organization","@id":"https:\/\/premiumline-cabling.com\/#organization","name":"Premium-Line","url":"https:\/\/premiumline-cabling.com\/","logo":{"@type":"ImageObject","inLanguage":"fr-FR","@id":"https:\/\/premiumline-cabling.com\/#\/schema\/logo\/image\/","url":"https:\/\/premiumline-cabling.com\/wp-content\/uploads\/2019\/04\/cropped-img_logo_site_Premium-Line.png","contentUrl":"https:\/\/premiumline-cabling.com\/wp-content\/uploads\/2019\/04\/cropped-img_logo_site_Premium-Line.png","width":190,"height":62,"caption":"Premium-Line"},"image":{"@id":"https:\/\/premiumline-cabling.com\/#\/schema\/logo\/image\/"}}]}},"_links":{"self":[{"href":"https:\/\/premiumline-cabling.com\/fr\/wp-json\/wp\/v2\/product\/20463","targetHints":{"allow":["GET"]}}],"collection":[{"href":"https:\/\/premiumline-cabling.com\/fr\/wp-json\/wp\/v2\/product"}],"about":[{"href":"https:\/\/premiumline-cabling.com\/fr\/wp-json\/wp\/v2\/types\/product"}],"wp:featuredmedia":[{"embeddable":true,"href":"https:\/\/premiumline-cabling.com\/fr\/wp-json\/wp\/v2\/media\/20468"}],"wp:attachment":[{"href":"https:\/\/premiumline-cabling.com\/fr\/wp-json\/wp\/v2\/media?parent=20463"}],"wp:term":[{"taxonomy":"product_category","embeddable":true,"href":"https:\/\/premiumline-cabling.com\/fr\/wp-json\/wp\/v2\/product_category?post=20463"}],"curies":[{"name":"wp","href":"https:\/\/api.w.org\/{rel}","templated":true}]}}