{"id":20449,"date":"2019-05-07T16:52:27","date_gmt":"2019-05-07T15:52:27","guid":{"rendered":"https:\/\/premiumline-cabling.com\/product\/armoire-de-serveur-reseau-amelioree\/"},"modified":"2023-12-15T16:15:03","modified_gmt":"2023-12-15T15:15:03","slug":"armoire-de-serveur-reseau-amelioree","status":"publish","type":"product","link":"https:\/\/premiumline-cabling.com\/fr\/product\/armoire-de-serveur-reseau-amelioree\/","title":{"rendered":"Armoire de serveur r\u00e9seau am\u00e9lior\u00e9e"},"content":{"rendered":"<p><strong>CARACT\u00c9RISTIQUES:<\/strong><\/p>\n<ul>\n<li>conforme aux normes ANSI\/EIA RS-310-D, IEC297-2, DIN41491. Partie 1, partie 7, normes DIN 4144<\/li>\n<li>reli\u00e9 par quatre coins pour assurer la stabilit\u00e9<\/li>\n<li>La porte avant perfor\u00e9e incurv\u00e9e et la porte arri\u00e8re perfor\u00e9e double permettent un fonctionnement fiable avec un taux de ventilation allant jusqu\u2019\u00e0 78 %<\/li>\n<li>Le panneau lat\u00e9ral \u00e0 double section peut \u00eatre facilement assembl\u00e9 s\u00e9par\u00e9ment<\/li>\n<li>Jusqu\u2019\u00e0 1500 kgs de capacit\u00e9 de charge statique avec pieds r\u00e9glables<\/li>\n<li>Rail de montage en \u00ab U \u00bb pour une identification claire et facile<\/li>\n<li>4 pieds r\u00e9glables M12 et 4 roulettes robustes inclus<\/li>\n<li>40 ensembles d\u2019\u00e9crous \u00e0 cage M6 inclus<\/li>\n<li>Unit\u00e9 de ventilation en option (6 ventilateurs et cordon d\u2019alimentation \u00e0 entr\u00e9e unique de 2 m pour une profondeur de 800 mm et plus)<\/li>\n<\/ul>\n<p><noscript><img decoding=\"async\" class=\"size-full wp-image-2133 aligncenter\" src=\"https:\/\/premiumline-cabling.com\/wp-content\/uploads\/2019\/05\/Enhanced-rack-1.jpg\" alt width=\"620\" height=\"436\" srcset=\"https:\/\/premiumline-cabling.com\/wp-content\/uploads\/2019\/05\/Enhanced-rack-1.jpg 620w, https:\/\/premiumline-cabling.com\/wp-content\/uploads\/2019\/05\/Enhanced-rack-1-300x211.jpg 300w\" sizes=\"(max-width: 620px) 100vw, 620px\"><\/noscript><img decoding=\"async\" class=\"size-full wp-image-2133 aligncenter lazyload\" src=\"data:image\/svg+xml,%3Csvg%20xmlns%3D%22http%3A%2F%2Fwww.w3.org%2F2000%2Fsvg%22%20viewBox%3D%220%200%20620%20436%22%3E%3C%2Fsvg%3E\" alt width=\"620\" height=\"436\" srcset=\"data:image\/svg+xml,%3Csvg%20xmlns%3D%22http%3A%2F%2Fwww.w3.org%2F2000%2Fsvg%22%20viewBox%3D%220%200%20620%20436%22%3E%3C%2Fsvg%3E 620w\" sizes=\"(max-width: 620px) 100vw, 620px\" data-srcset=\"https:\/\/premiumline-cabling.com\/wp-content\/uploads\/2019\/05\/Enhanced-rack-1.jpg 620w, https:\/\/premiumline-cabling.com\/wp-content\/uploads\/2019\/05\/Enhanced-rack-1-300x211.jpg 300w\" data-src=\"https:\/\/premiumline-cabling.com\/wp-content\/uploads\/2019\/05\/Enhanced-rack-1.jpg\"><\/p>\n<p><strong>MAT\u00c9RIEL:<\/strong><\/p>\n<ul>\n<li>Cadre: Acier lamin\u00e9 \u00e0 froid SPCC<\/li>\n<li>autres: Acier lamin\u00e9 \u00e0 froid SPCC<\/li>\n<li>\u00c9paisseur: Cadre et rail vertical de montage: 2,0 mm, Support horizontal: 2,0 mm, Porte lat\u00e9rale: 1,2 mm, autres: 1,5 mm<\/li>\n<\/ul>\n<p><strong>STRUCTURE:<\/strong><\/p>\n<p><noscript><img decoding=\"async\" class=\"size-full wp-image-2134 alignleft\" src=\"https:\/\/premiumline-cabling.com\/wp-content\/uploads\/2019\/05\/Enhanced-rack-2.jpg\" alt width=\"490\" height=\"575\" srcset=\"https:\/\/premiumline-cabling.com\/wp-content\/uploads\/2019\/05\/Enhanced-rack-2.jpg 490w, https:\/\/premiumline-cabling.com\/wp-content\/uploads\/2019\/05\/Enhanced-rack-2-256x300.jpg 256w\" sizes=\"(max-width: 490px) 100vw, 490px\"><\/noscript><img decoding=\"async\" class=\"size-full wp-image-2134 alignleft lazyload\" src=\"data:image\/svg+xml,%3Csvg%20xmlns%3D%22http%3A%2F%2Fwww.w3.org%2F2000%2Fsvg%22%20viewBox%3D%220%200%20490%20575%22%3E%3C%2Fsvg%3E\" alt width=\"490\" height=\"575\" srcset=\"data:image\/svg+xml,%3Csvg%20xmlns%3D%22http%3A%2F%2Fwww.w3.org%2F2000%2Fsvg%22%20viewBox%3D%220%200%20490%20575%22%3E%3C%2Fsvg%3E 490w\" sizes=\"(max-width: 490px) 100vw, 490px\" data-srcset=\"https:\/\/premiumline-cabling.com\/wp-content\/uploads\/2019\/05\/Enhanced-rack-2.jpg 490w, https:\/\/premiumline-cabling.com\/wp-content\/uploads\/2019\/05\/Enhanced-rack-2-256x300.jpg 256w\" data-src=\"https:\/\/premiumline-cabling.com\/wp-content\/uploads\/2019\/05\/Enhanced-rack-2.jpg\"><\/p>\n<table width=\"0\">\n<tbody>\n<tr>\n<td width=\"29\">S\/N<\/td>\n<td width=\"173\">Nom<\/td>\n<td width=\"35\">QT\u00c9<\/td>\n<\/tr>\n<tr>\n<td width=\"29\">1<\/td>\n<td width=\"173\">Porte avant ventil\u00e9e avec serrure simple<\/td>\n<td width=\"35\">1<\/td>\n<\/tr>\n<tr>\n<td width=\"29\">2<\/td>\n<td width=\"173\">Porte arri\u00e8re<\/td>\n<td width=\"35\">2<\/td>\n<\/tr>\n<tr>\n<td width=\"29\">3<\/td>\n<td width=\"173\">Capot sup\u00e9rieur<\/td>\n<td width=\"35\">1<\/td>\n<\/tr>\n<tr>\n<td width=\"29\">4<\/td>\n<td width=\"173\">Panneau lat\u00e9ral<\/td>\n<td width=\"35\">4<\/td>\n<\/tr>\n<tr>\n<td width=\"29\">5<\/td>\n<td width=\"173\">Rail vertical<\/td>\n<td width=\"35\">4<\/td>\n<\/tr>\n<tr>\n<td width=\"29\">6<\/td>\n<td width=\"173\">Poutre horizontale<\/td>\n<td width=\"35\">6<\/td>\n<\/tr>\n<tr>\n<td width=\"29\">7<\/td>\n<td width=\"173\">Rail de gestion des c\u00e2bles<\/td>\n<td width=\"35\">2<\/td>\n<\/tr>\n<tr>\n<td width=\"29\">8<\/td>\n<td width=\"173\">Encadrement de porte<\/td>\n<td width=\"35\">2<\/td>\n<\/tr>\n<tr>\n<td width=\"29\">9<\/td>\n<td width=\"173\">Pieds de nivellement<\/td>\n<td width=\"35\">4<\/td>\n<\/tr>\n<tr>\n<td width=\"29\">10<\/td>\n<td width=\"173\">Roulette robuste de 2 po (sans frein)<\/td>\n<td width=\"35\">4<\/td>\n<\/tr>\n<\/tbody>\n<\/table>\n<p><strong>LES INFORMATIONS RELATIVES \u00c0 LA COMMANDE:<\/strong><\/p>\n<table width=\"0\">\n<tbody>\n<tr>\n<td rowspan=\"2\" width=\"86\">Pi\u00e8ce NO.<\/td>\n<td width=\"86\">Capacit\u00e9<\/td>\n<td width=\"86\">Largeur<\/td>\n<td width=\"86\">Profondeur<\/td>\n<td width=\"86\">Hauteur<\/td>\n<td width=\"129\">Dimension d\u2019emballage<\/td>\n<\/tr>\n<tr>\n<td width=\"86\">(U)<\/td>\n<td width=\"86\">(millim\u00e8tre)<\/td>\n<td width=\"86\">(millim\u00e8tre)<\/td>\n<td width=\"86\">(millim\u00e8tre)<\/td>\n<td width=\"129\">W*D*H (cm)<\/td>\n<\/tr>\n<tr>\n<td width=\"86\">615888422<\/td>\n<td width=\"86\">42<\/td>\n<td width=\"86\">800<\/td>\n<td width=\"86\">800<\/td>\n<td width=\"86\">1992<\/td>\n<td width=\"129\">850*950*2150<\/td>\n<\/tr>\n<tr>\n<td width=\"86\">615881422<\/td>\n<td width=\"86\">42<\/td>\n<td width=\"86\">800<\/td>\n<td width=\"86\">1070<\/td>\n<td width=\"86\">1992<\/td>\n<td width=\"129\">850*1150*2150<\/td>\n<\/tr>\n<tr>\n<td width=\"86\">615883422<\/td>\n<td width=\"86\">42<\/td>\n<td width=\"86\">800<\/td>\n<td width=\"86\">1200<\/td>\n<td width=\"86\">1992<\/td>\n<td width=\"129\">850*1350*2150<\/td>\n<\/tr>\n<tr>\n<td width=\"86\">615888482<\/td>\n<td width=\"86\">48<\/td>\n<td width=\"86\">800<\/td>\n<td width=\"86\">800<\/td>\n<td width=\"86\">2259<\/td>\n<td width=\"129\">850*950*2350<\/td>\n<\/tr>\n<tr>\n<td width=\"86\">615881482<\/td>\n<td width=\"86\">48<\/td>\n<td width=\"86\">800<\/td>\n<td width=\"86\">1070<\/td>\n<td width=\"86\">2259<\/td>\n<td width=\"129\">850*1150*2350<\/td>\n<\/tr>\n<tr>\n<td width=\"86\">615883482<\/td>\n<td width=\"86\">48<\/td>\n<td width=\"86\">800<\/td>\n<td width=\"86\">1200<\/td>\n<td width=\"86\">2259<\/td>\n<td width=\"129\">850*1350*2350<\/td>\n<\/tr>\n<\/tbody>\n<\/table>\n<p>&nbsp;<\/p>\n<table width=\"0\">\n<tbody>\n<tr>\n<td rowspan=\"2\" width=\"86\">Pi\u00e8ce NO.<\/td>\n<td width=\"86\">Capacit\u00e9<\/td>\n<td width=\"86\">Largeur<\/td>\n<td width=\"86\">Profondeur<\/td>\n<td width=\"86\">Hauteur<\/td>\n<td width=\"129\">Dimension d\u2019emballage<\/td>\n<\/tr>\n<tr>\n<td width=\"86\">(U)<\/td>\n<td width=\"86\">(millim\u00e8tre)<\/td>\n<td width=\"86\">(millim\u00e8tre)<\/td>\n<td width=\"86\">(millim\u00e8tre)<\/td>\n<td width=\"129\">W*D*H (cm)<\/td>\n<\/tr>\n<tr>\n<td width=\"86\">615868422<\/td>\n<td width=\"86\">42<\/td>\n<td width=\"86\">600<\/td>\n<td width=\"86\">800<\/td>\n<td width=\"86\">1992<\/td>\n<td width=\"129\">650*950*2150<\/td>\n<\/tr>\n<tr>\n<td width=\"86\">615861422<\/td>\n<td width=\"86\">42<\/td>\n<td width=\"86\">600<\/td>\n<td width=\"86\">1070<\/td>\n<td width=\"86\">1992<\/td>\n<td width=\"129\">650*1150*2150<\/td>\n<\/tr>\n<tr>\n<td width=\"86\">615863422<\/td>\n<td width=\"86\">42<\/td>\n<td width=\"86\">600<\/td>\n<td width=\"86\">1200<\/td>\n<td width=\"86\">1992<\/td>\n<td width=\"129\">650*1350*2150<\/td>\n<\/tr>\n<tr>\n<td width=\"86\">615868482<\/td>\n<td width=\"86\">48<\/td>\n<td width=\"86\">600<\/td>\n<td width=\"86\">800<\/td>\n<td width=\"86\">2259<\/td>\n<td width=\"129\">650*950*2350<\/td>\n<\/tr>\n<tr>\n<td width=\"86\">615861482<\/td>\n<td width=\"86\">48<\/td>\n<td width=\"86\">600<\/td>\n<td width=\"86\">1070<\/td>\n<td width=\"86\">2259<\/td>\n<td width=\"129\">650*1150*2350<\/td>\n<\/tr>\n<tr>\n<td width=\"86\">615863482<\/td>\n<td width=\"86\">48<\/td>\n<td width=\"86\">600<\/td>\n<td width=\"86\">1200<\/td>\n<td width=\"86\">2259<\/td>\n<td width=\"129\">650*1350*2350<\/td>\n<\/tr>\n<\/tbody>\n<\/table>\n<p>&nbsp;<\/p>\n<p><strong>PANNEAU DE VENTILATEUR: (En option, \u00e0 commander avec le num\u00e9ro de pi\u00e8ce individuel.)<\/strong><\/p>\n<p><noscript><img decoding=\"async\" class=\"size-full wp-image-2135 alignnone\" src=\"https:\/\/premiumline-cabling.com\/wp-content\/uploads\/2019\/05\/Enhanced-rack-fan.jpg\" alt width=\"183\" height=\"89\"><\/noscript><img decoding=\"async\" class=\"size-full wp-image-2135 alignnone lazyload\" src=\"data:image\/svg+xml,%3Csvg%20xmlns%3D%22http%3A%2F%2Fwww.w3.org%2F2000%2Fsvg%22%20viewBox%3D%220%200%20183%2089%22%3E%3C%2Fsvg%3E\" alt width=\"183\" height=\"89\" data-src=\"https:\/\/premiumline-cabling.com\/wp-content\/uploads\/2019\/05\/Enhanced-rack-fan.jpg\"><\/p>\n<table width=\"0\">\n<tbody>\n<tr>\n<td width=\"97\"><strong>N\u00b0 de pi\u00e8ce<\/strong><\/td>\n<td width=\"502\"><strong>Description<\/strong><\/td>\n<\/tr>\n<tr>\n<td width=\"97\">62001 x 602<\/td>\n<td width=\"502\">Plateau de ventilateur, 6 ventilateurs, ligne allemande (longueur de c\u00e2ble 2M)\n<p>x=8 : pour une profondeur de 800 mm ; 1 : pour une profondeur de 1070 mm ; 3 : pour la profondeur de 1200mm<\/p><\/td>\n<\/tr>\n<tr>\n<td width=\"97\">62002 x 602<\/td>\n<td width=\"502\">Plateau de ventilateur, 6 ventilateurs, ligne UK (longueur de c\u00e2ble 2M)\n<p>x=8 : pour une profondeur de 800 mm ; 1 : pour une profondeur de 1070 mm ; 3 : pour la profondeur de 1200mm<\/p><\/td>\n<\/tr>\n<tr>\n<td width=\"97\">62003 x 602<\/td>\n<td width=\"502\">Plateau de ventilateur, 6 ventilateurs, ligne US (longueur de c\u00e2ble 2M)\n<p>x=8 : pour une profondeur de 800 mm ; 1 : pour une profondeur de 1070 mm ; 3 : pour la profondeur de 1200mm<\/p><\/td>\n<\/tr>\n<\/tbody>\n<\/table>\n<p>&nbsp;<\/p>\n","protected":false},"featured_media":20460,"template":"","product_category":[426],"class_list":["post-20449","product","type-product","status-publish","has-post-thumbnail","hentry","product_category-armoires"],"yoast_head":"<!-- This site is optimized with the Yoast SEO plugin v27.2 - https:\/\/yoast.com\/product\/yoast-seo-wordpress\/ -->\n<title>Armoire de serveur r\u00e9seau am\u00e9lior\u00e9e Premium-Line<\/title>\n<meta name=\"description\" content=\"CARACT\u00c9RISTIQUES : conforme aux normes ANSI\/EIA RS-310-D, IEC297-2, DIN41491. Partie 1, partie 7, normes DIN 4144. En savoir plus !\" \/>\n<meta name=\"robots\" content=\"index, follow, max-snippet:-1, max-image-preview:large, max-video-preview:-1\" \/>\n<link rel=\"canonical\" href=\"https:\/\/premiumline-cabling.com\/fr\/product\/armoire-de-serveur-reseau-amelioree\/\" \/>\n<meta property=\"og:locale\" content=\"fr_FR\" \/>\n<meta property=\"og:type\" content=\"article\" \/>\n<meta property=\"og:title\" content=\"Armoire de serveur r\u00e9seau am\u00e9lior\u00e9e Premium-Line\" \/>\n<meta property=\"og:description\" content=\"CARACT\u00c9RISTIQUES : conforme aux normes ANSI\/EIA RS-310-D, IEC297-2, DIN41491. Partie 1, partie 7, normes DIN 4144. En savoir plus !\" \/>\n<meta property=\"og:url\" content=\"https:\/\/premiumline-cabling.com\/fr\/product\/armoire-de-serveur-reseau-amelioree\/\" \/>\n<meta property=\"og:site_name\" content=\"Premium-Line\" \/>\n<meta property=\"article:modified_time\" content=\"2023-12-15T15:15:03+00:00\" \/>\n<meta property=\"og:image\" content=\"https:\/\/premiumline-cabling.com\/wp-content\/uploads\/2019\/05\/Enhanced-rack-1.jpg\" \/>\n\t<meta property=\"og:image:width\" content=\"620\" \/>\n\t<meta property=\"og:image:height\" content=\"436\" \/>\n\t<meta property=\"og:image:type\" content=\"image\/jpeg\" \/>\n<meta name=\"twitter:card\" content=\"summary_large_image\" \/>\n<meta name=\"twitter:label1\" content=\"Dur\u00e9e de lecture estim\u00e9e\" \/>\n\t<meta name=\"twitter:data1\" content=\"3 minutes\" \/>\n<script type=\"application\/ld+json\" class=\"yoast-schema-graph\">{\"@context\":\"https:\/\/schema.org\",\"@graph\":[{\"@type\":\"WebPage\",\"@id\":\"https:\/\/premiumline-cabling.com\/fr\/product\/armoire-de-serveur-reseau-amelioree\/\",\"url\":\"https:\/\/premiumline-cabling.com\/fr\/product\/armoire-de-serveur-reseau-amelioree\/\",\"name\":\"Armoire de serveur r\u00e9seau am\u00e9lior\u00e9e Premium-Line\",\"isPartOf\":{\"@id\":\"https:\/\/premiumline-cabling.com\/#website\"},\"primaryImageOfPage\":{\"@id\":\"https:\/\/premiumline-cabling.com\/fr\/product\/armoire-de-serveur-reseau-amelioree\/#primaryimage\"},\"image\":{\"@id\":\"https:\/\/premiumline-cabling.com\/fr\/product\/armoire-de-serveur-reseau-amelioree\/#primaryimage\"},\"thumbnailUrl\":\"https:\/\/premiumline-cabling.com\/wp-content\/uploads\/2019\/05\/Enhanced-rack-1.jpg\",\"datePublished\":\"2019-05-07T15:52:27+00:00\",\"dateModified\":\"2023-12-15T15:15:03+00:00\",\"description\":\"CARACT\u00c9RISTIQUES : conforme aux normes ANSI\/EIA RS-310-D, IEC297-2, DIN41491. Partie 1, partie 7, normes DIN 4144. En savoir plus !\",\"breadcrumb\":{\"@id\":\"https:\/\/premiumline-cabling.com\/fr\/product\/armoire-de-serveur-reseau-amelioree\/#breadcrumb\"},\"inLanguage\":\"fr-FR\",\"potentialAction\":[{\"@type\":\"ReadAction\",\"target\":[\"https:\/\/premiumline-cabling.com\/fr\/product\/armoire-de-serveur-reseau-amelioree\/\"]}]},{\"@type\":\"ImageObject\",\"inLanguage\":\"fr-FR\",\"@id\":\"https:\/\/premiumline-cabling.com\/fr\/product\/armoire-de-serveur-reseau-amelioree\/#primaryimage\",\"url\":\"https:\/\/premiumline-cabling.com\/wp-content\/uploads\/2019\/05\/Enhanced-rack-1.jpg\",\"contentUrl\":\"https:\/\/premiumline-cabling.com\/wp-content\/uploads\/2019\/05\/Enhanced-rack-1.jpg\",\"width\":620,\"height\":436},{\"@type\":\"BreadcrumbList\",\"@id\":\"https:\/\/premiumline-cabling.com\/fr\/product\/armoire-de-serveur-reseau-amelioree\/#breadcrumb\",\"itemListElement\":[{\"@type\":\"ListItem\",\"position\":1,\"name\":\"\u0413\u043b\u0430\u0432\u043d\u0430\u044f \u0441\u0442\u0440\u0430\u043d\u0438\u0446\u0430\",\"item\":\"https:\/\/premiumline-cabling.com\/fr\/\"},{\"@type\":\"ListItem\",\"position\":2,\"name\":\"Armoire de serveur r\u00e9seau am\u00e9lior\u00e9e\"}]},{\"@type\":\"WebSite\",\"@id\":\"https:\/\/premiumline-cabling.com\/#website\",\"url\":\"https:\/\/premiumline-cabling.com\/\",\"name\":\"Premium-Line\",\"description\":\"Structured Cabling System\",\"publisher\":{\"@id\":\"https:\/\/premiumline-cabling.com\/#organization\"},\"potentialAction\":[{\"@type\":\"SearchAction\",\"target\":{\"@type\":\"EntryPoint\",\"urlTemplate\":\"https:\/\/premiumline-cabling.com\/?s={search_term_string}\"},\"query-input\":{\"@type\":\"PropertyValueSpecification\",\"valueRequired\":true,\"valueName\":\"search_term_string\"}}],\"inLanguage\":\"fr-FR\"},{\"@type\":\"Organization\",\"@id\":\"https:\/\/premiumline-cabling.com\/#organization\",\"name\":\"Premium-Line\",\"url\":\"https:\/\/premiumline-cabling.com\/\",\"logo\":{\"@type\":\"ImageObject\",\"inLanguage\":\"fr-FR\",\"@id\":\"https:\/\/premiumline-cabling.com\/#\/schema\/logo\/image\/\",\"url\":\"https:\/\/premiumline-cabling.com\/wp-content\/uploads\/2019\/04\/cropped-img_logo_site_Premium-Line.png\",\"contentUrl\":\"https:\/\/premiumline-cabling.com\/wp-content\/uploads\/2019\/04\/cropped-img_logo_site_Premium-Line.png\",\"width\":190,\"height\":62,\"caption\":\"Premium-Line\"},\"image\":{\"@id\":\"https:\/\/premiumline-cabling.com\/#\/schema\/logo\/image\/\"}}]}<\/script>\n<!-- \/ Yoast SEO plugin. -->","yoast_head_json":{"title":"Armoire de serveur r\u00e9seau am\u00e9lior\u00e9e Premium-Line","description":"CARACT\u00c9RISTIQUES : conforme aux normes ANSI\/EIA RS-310-D, IEC297-2, DIN41491. Partie 1, partie 7, normes DIN 4144. En savoir plus !","robots":{"index":"index","follow":"follow","max-snippet":"max-snippet:-1","max-image-preview":"max-image-preview:large","max-video-preview":"max-video-preview:-1"},"canonical":"https:\/\/premiumline-cabling.com\/fr\/product\/armoire-de-serveur-reseau-amelioree\/","og_locale":"fr_FR","og_type":"article","og_title":"Armoire de serveur r\u00e9seau am\u00e9lior\u00e9e Premium-Line","og_description":"CARACT\u00c9RISTIQUES : conforme aux normes ANSI\/EIA RS-310-D, IEC297-2, DIN41491. Partie 1, partie 7, normes DIN 4144. En savoir plus !","og_url":"https:\/\/premiumline-cabling.com\/fr\/product\/armoire-de-serveur-reseau-amelioree\/","og_site_name":"Premium-Line","article_modified_time":"2023-12-15T15:15:03+00:00","og_image":[{"width":620,"height":436,"url":"https:\/\/premiumline-cabling.com\/wp-content\/uploads\/2019\/05\/Enhanced-rack-1.jpg","type":"image\/jpeg"}],"twitter_card":"summary_large_image","twitter_misc":{"Dur\u00e9e de lecture estim\u00e9e":"3 minutes"},"schema":{"@context":"https:\/\/schema.org","@graph":[{"@type":"WebPage","@id":"https:\/\/premiumline-cabling.com\/fr\/product\/armoire-de-serveur-reseau-amelioree\/","url":"https:\/\/premiumline-cabling.com\/fr\/product\/armoire-de-serveur-reseau-amelioree\/","name":"Armoire de serveur r\u00e9seau am\u00e9lior\u00e9e Premium-Line","isPartOf":{"@id":"https:\/\/premiumline-cabling.com\/#website"},"primaryImageOfPage":{"@id":"https:\/\/premiumline-cabling.com\/fr\/product\/armoire-de-serveur-reseau-amelioree\/#primaryimage"},"image":{"@id":"https:\/\/premiumline-cabling.com\/fr\/product\/armoire-de-serveur-reseau-amelioree\/#primaryimage"},"thumbnailUrl":"https:\/\/premiumline-cabling.com\/wp-content\/uploads\/2019\/05\/Enhanced-rack-1.jpg","datePublished":"2019-05-07T15:52:27+00:00","dateModified":"2023-12-15T15:15:03+00:00","description":"CARACT\u00c9RISTIQUES : conforme aux normes ANSI\/EIA RS-310-D, IEC297-2, DIN41491. Partie 1, partie 7, normes DIN 4144. En savoir plus !","breadcrumb":{"@id":"https:\/\/premiumline-cabling.com\/fr\/product\/armoire-de-serveur-reseau-amelioree\/#breadcrumb"},"inLanguage":"fr-FR","potentialAction":[{"@type":"ReadAction","target":["https:\/\/premiumline-cabling.com\/fr\/product\/armoire-de-serveur-reseau-amelioree\/"]}]},{"@type":"ImageObject","inLanguage":"fr-FR","@id":"https:\/\/premiumline-cabling.com\/fr\/product\/armoire-de-serveur-reseau-amelioree\/#primaryimage","url":"https:\/\/premiumline-cabling.com\/wp-content\/uploads\/2019\/05\/Enhanced-rack-1.jpg","contentUrl":"https:\/\/premiumline-cabling.com\/wp-content\/uploads\/2019\/05\/Enhanced-rack-1.jpg","width":620,"height":436},{"@type":"BreadcrumbList","@id":"https:\/\/premiumline-cabling.com\/fr\/product\/armoire-de-serveur-reseau-amelioree\/#breadcrumb","itemListElement":[{"@type":"ListItem","position":1,"name":"\u0413\u043b\u0430\u0432\u043d\u0430\u044f \u0441\u0442\u0440\u0430\u043d\u0438\u0446\u0430","item":"https:\/\/premiumline-cabling.com\/fr\/"},{"@type":"ListItem","position":2,"name":"Armoire de serveur r\u00e9seau am\u00e9lior\u00e9e"}]},{"@type":"WebSite","@id":"https:\/\/premiumline-cabling.com\/#website","url":"https:\/\/premiumline-cabling.com\/","name":"Premium-Line","description":"Structured Cabling System","publisher":{"@id":"https:\/\/premiumline-cabling.com\/#organization"},"potentialAction":[{"@type":"SearchAction","target":{"@type":"EntryPoint","urlTemplate":"https:\/\/premiumline-cabling.com\/?s={search_term_string}"},"query-input":{"@type":"PropertyValueSpecification","valueRequired":true,"valueName":"search_term_string"}}],"inLanguage":"fr-FR"},{"@type":"Organization","@id":"https:\/\/premiumline-cabling.com\/#organization","name":"Premium-Line","url":"https:\/\/premiumline-cabling.com\/","logo":{"@type":"ImageObject","inLanguage":"fr-FR","@id":"https:\/\/premiumline-cabling.com\/#\/schema\/logo\/image\/","url":"https:\/\/premiumline-cabling.com\/wp-content\/uploads\/2019\/04\/cropped-img_logo_site_Premium-Line.png","contentUrl":"https:\/\/premiumline-cabling.com\/wp-content\/uploads\/2019\/04\/cropped-img_logo_site_Premium-Line.png","width":190,"height":62,"caption":"Premium-Line"},"image":{"@id":"https:\/\/premiumline-cabling.com\/#\/schema\/logo\/image\/"}}]}},"_links":{"self":[{"href":"https:\/\/premiumline-cabling.com\/fr\/wp-json\/wp\/v2\/product\/20449","targetHints":{"allow":["GET"]}}],"collection":[{"href":"https:\/\/premiumline-cabling.com\/fr\/wp-json\/wp\/v2\/product"}],"about":[{"href":"https:\/\/premiumline-cabling.com\/fr\/wp-json\/wp\/v2\/types\/product"}],"wp:featuredmedia":[{"embeddable":true,"href":"https:\/\/premiumline-cabling.com\/fr\/wp-json\/wp\/v2\/media\/20460"}],"wp:attachment":[{"href":"https:\/\/premiumline-cabling.com\/fr\/wp-json\/wp\/v2\/media?parent=20449"}],"wp:term":[{"taxonomy":"product_category","embeddable":true,"href":"https:\/\/premiumline-cabling.com\/fr\/wp-json\/wp\/v2\/product_category?post=20449"}],"curies":[{"name":"wp","href":"https:\/\/api.w.org\/{rel}","templated":true}]}}