{"id":20448,"date":"2023-11-15T16:31:03","date_gmt":"2023-11-15T15:31:03","guid":{"rendered":"https:\/\/premiumline-cabling.com\/product\/exterieur-pro-autoportant\/"},"modified":"2023-11-15T16:31:03","modified_gmt":"2023-11-15T15:31:03","slug":"exterieur-pro-autoportant","status":"publish","type":"product","link":"https:\/\/premiumline-cabling.com\/fr\/product\/exterieur-pro-autoportant\/","title":{"rendered":"Ext\u00e9rieur Pro Autoportant"},"content":{"rendered":"<h2>Armoire autoportante IP55 Outdoor Pro<\/h2>\n<h3>Caract\u00e9ristiques :<noscript><img decoding=\"async\" class=\"size-medium wp-image-19662 alignright\" src=\"https:\/\/premiumline-cabling.com\/wp-content\/uploads\/2023\/11\/Free_standing-184x300.jpg\" alt width=\"184\" height=\"300\" srcset=\"https:\/\/premiumline-cabling.com\/wp-content\/uploads\/2023\/11\/Free_standing-184x300.jpg 184w, https:\/\/premiumline-cabling.com\/wp-content\/uploads\/2023\/11\/Free_standing.jpg 311w\" sizes=\"(max-width: 184px) 100vw, 184px\"><\/noscript><img decoding=\"async\" class=\"size-medium wp-image-19662 alignright lazyload\" src=\"data:image\/svg+xml,%3Csvg%20xmlns%3D%22http%3A%2F%2Fwww.w3.org%2F2000%2Fsvg%22%20viewBox%3D%220%200%20184%20300%22%3E%3C%2Fsvg%3E\" alt width=\"184\" height=\"300\" srcset=\"data:image\/svg+xml,%3Csvg%20xmlns%3D%22http%3A%2F%2Fwww.w3.org%2F2000%2Fsvg%22%20viewBox%3D%220%200%20184%20300%22%3E%3C%2Fsvg%3E 184w\" sizes=\"(max-width: 184px) 100vw, 184px\" data-srcset=\"https:\/\/premiumline-cabling.com\/wp-content\/uploads\/2023\/11\/Free_standing-184x300.jpg 184w, https:\/\/premiumline-cabling.com\/wp-content\/uploads\/2023\/11\/Free_standing.jpg 311w\" data-src=\"https:\/\/premiumline-cabling.com\/wp-content\/uploads\/2023\/11\/Free_standing-184x300.jpg\"><\/h3>\n<ul>\n<li>4 qt\u00e9 120x120x38 mm option de ventilateur contr\u00f4l\u00e9 par thermostat<\/li>\n<li>4 boulons \u00e0 \u0153il positionn\u00e9s sur l\u2019armoire qui l\u2019aident \u00e0 \u00eatre transport\u00e9 facilement<\/li>\n<li>Structure de ventilation filtr\u00e9e \u00e0 partir des surfaces lat\u00e9rales de l\u2019armoire<\/li>\n<li>Ral7035 peinture sp\u00e9ciale ext\u00e9rieur<\/li>\n<li>Structure \u00e0 double porte qui facilite l\u2019acc\u00e8s par l\u2019avant et l\u2019arri\u00e8re de l\u2019armoire<\/li>\n<li>Rails de montage de 19 po qui peuvent se d\u00e9placer d\u2019avant en arri\u00e8re sans d\u00e9montage<\/li>\n<li>Structure de carrosserie soud\u00e9e monobloc \u00e0 haute r\u00e9sistance \u00e0 la corrosion<\/li>\n<li>Porte avec syst\u00e8me de verrouillage \u00e0 3 points<\/li>\n<li>Structure de charni\u00e8re aveugle<\/li>\n<li>Les points d\u2019entr\u00e9e et de sortie de la ventilation sont prot\u00e9g\u00e9s contre les effets nocifs qui peuvent se produire sur l\u2019\u00e9quipement \u00e0 l\u2019int\u00e9rieur de l\u2019armoire en raison de la poussi\u00e8re, de la pluie, de la gadoue et des \u00e9claboussures d\u2019eau gr\u00e2ce \u00e0 sa structure courb\u00e9e en \u00ab U \u00bb emp\u00eachant l\u2019infiltration d\u2019eau \u00e0 l\u2019ouverture de l\u2019armoire.<\/li>\n<li>Options de porte en m\u00e9tal\/verre<\/li>\n<li>Options d\u2019entr\u00e9e de c\u00e2ble avec presse-\u00e9toupe\/brosse\/entr\u00e9e de c\u00e2ble coulissante \u00e0 partir de la face inf\u00e9rieure de l\u2019armoire<\/li>\n<\/ul>\n<h3>Caract\u00e9ristiques techniques :<\/h3>\n<table width=\"647\">\n<tbody>\n<tr>\n<td width=\"235\">Dimensions LxP en mm<\/td>\n<td width=\"412\">L : 600 mm P : 600 \u2013 800 &#8211; 1000 mm<\/td>\n<\/tr>\n<tr>\n<td width=\"235\">Hauteur en U<\/td>\n<td width=\"412\">26U \u2013 36U \u2013 42U \u2013 45U<\/td>\n<\/tr>\n<tr>\n<td width=\"235\">Couleur<\/td>\n<td width=\"412\">RAL 7035 L.couleur gris<\/td>\n<\/tr>\n<tr>\n<td width=\"235\">Normes<\/td>\n<td width=\"412\">TS EN 61587-1<\/td>\n<\/tr>\n<\/tbody>\n<\/table>\n<h3>Caract\u00e9ristiques m\u00e9caniques&nbsp;:<\/h3>\n<table width=\"647\">\n<tbody>\n<tr>\n<td width=\"235\">Mat\u00e9riau<\/td>\n<td width=\"412\">Galvanis\u00e9 (1,5 mm)<\/td>\n<\/tr>\n<tr>\n<td width=\"235\">Indice de protection IP<\/td>\n<td width=\"412\">Indice de protection IP55<\/td>\n<\/tr>\n<tr>\n<td width=\"235\">Essais climatiques<\/td>\n<td width=\"412\">C2<\/td>\n<\/tr>\n<tr>\n<td width=\"235\">Atmosph\u00e8re industrielle<\/td>\n<td width=\"412\">A2 (en anglais)<\/td>\n<\/tr>\n<tr>\n<td width=\"235\">Classe de charge m\u00e9canique statique<\/td>\n<td width=\"412\">SL5 -LT5 -ST5 -NL5<\/td>\n<\/tr>\n<tr>\n<td width=\"235\">Test de charge m\u00e9canique dynamique<\/td>\n<td width=\"412\">DL4V<\/td>\n<\/tr>\n<tr>\n<td width=\"235\">Test de choc<\/td>\n<td width=\"412\">DL4S<\/td>\n<\/tr>\n<tr>\n<td width=\"235\">Essai d\u2019impact<\/td>\n<td width=\"412\">L\u2019IK10<\/td>\n<\/tr>\n<\/tbody>\n<\/table>\n<h3>Dessins:<\/h3>\n<p><noscript><img decoding=\"async\" class=\"aligncenter wp-image-19669 size-full\" src=\"https:\/\/premiumline-cabling.com\/wp-content\/uploads\/2023\/11\/Free_standing_Driwing.jpg\" alt width=\"757\" height=\"868\" srcset=\"https:\/\/premiumline-cabling.com\/wp-content\/uploads\/2023\/11\/Free_standing_Driwing.jpg 757w, https:\/\/premiumline-cabling.com\/wp-content\/uploads\/2023\/11\/Free_standing_Driwing-262x300.jpg 262w\" sizes=\"(max-width: 757px) 100vw, 757px\"><\/noscript><img decoding=\"async\" class=\"aligncenter wp-image-19669 size-full lazyload\" src=\"data:image\/svg+xml,%3Csvg%20xmlns%3D%22http%3A%2F%2Fwww.w3.org%2F2000%2Fsvg%22%20viewBox%3D%220%200%20757%20868%22%3E%3C%2Fsvg%3E\" alt width=\"757\" height=\"868\" srcset=\"data:image\/svg+xml,%3Csvg%20xmlns%3D%22http%3A%2F%2Fwww.w3.org%2F2000%2Fsvg%22%20viewBox%3D%220%200%20757%20868%22%3E%3C%2Fsvg%3E 757w\" sizes=\"(max-width: 757px) 100vw, 757px\" data-srcset=\"https:\/\/premiumline-cabling.com\/wp-content\/uploads\/2023\/11\/Free_standing_Driwing.jpg 757w, https:\/\/premiumline-cabling.com\/wp-content\/uploads\/2023\/11\/Free_standing_Driwing-262x300.jpg 262w\" data-src=\"https:\/\/premiumline-cabling.com\/wp-content\/uploads\/2023\/11\/Free_standing_Driwing.jpg\"><\/p>\n<table width=\"593\">\n<tbody>\n<tr>\n<td width=\"83\"><strong>N\u00b0 de pi\u00e8ce<\/strong><\/td>\n<td width=\"237\"><strong>Description<\/strong><\/td>\n<td width=\"47\">\n<p style=\"text-align: center;\"><strong>Largeur<\/strong><\/p>\n<p style=\"text-align: center;\"><strong>(W)<\/strong><\/p>\n<p style=\"text-align: center;\"><strong>mm<\/strong><\/p>\n<\/td>\n<td style=\"text-align: center;\" width=\"113\"><strong>H&nbsp;:2<\/strong>\n<p><strong>Profondeur<\/strong><\/p>\n<p><strong>(D)<\/strong><\/p>\n<p><strong>mm<\/strong><\/p><\/td>\n<td width=\"113\">\n<p style=\"text-align: center;\"><strong>H&nbsp;:1<\/strong><\/p>\n<p style=\"text-align: center;\"><strong>Hauteur int\u00e9rieure<\/strong><\/p>\n<p style=\"text-align: center;\"><strong>(millim\u00e8tre)<\/strong><\/p>\n<\/td>\n<\/tr>\n<tr>\n<td width=\"83\">61616d265-TF<\/td>\n<td width=\"237\">Armoire autoportante IP55 Pro pour l\u2019ext\u00e9rieur 19&nbsp;\u00bb 26U<\/td>\n<td width=\"47\">600<\/td>\n<td width=\"113\">600\/800\/1000<\/td>\n<td width=\"113\">1301<\/td>\n<\/tr>\n<tr>\n<td width=\"83\">61616d365-TF<\/td>\n<td width=\"237\">Armoire autoportante IP55 Pro pour l\u2019ext\u00e9rieur 19&nbsp;\u00bb 36U<\/td>\n<td width=\"47\">600<\/td>\n<td width=\"113\">600\/800\/1000<\/td>\n<td width=\"113\">1745,5<\/td>\n<\/tr>\n<tr>\n<td width=\"83\">61616d425-TF<\/td>\n<td width=\"237\">Armoire autoportante IP55 Pro pour l\u2019ext\u00e9rieur 19&nbsp;\u00bb 42U<\/td>\n<td width=\"47\">600<\/td>\n<td width=\"113\">600\/800\/1000<\/td>\n<td width=\"113\">2012,2<\/td>\n<\/tr>\n<tr>\n<td width=\"83\">61616d455-TF<\/td>\n<td width=\"237\">Armoire autoportante IP55 Pro pour l\u2019ext\u00e9rieur 19&nbsp;\u00bb 45U<\/td>\n<td width=\"47\">600<\/td>\n<td width=\"113\">600\/800\/1000<\/td>\n<td width=\"113\">2145,6<\/td>\n<\/tr>\n<\/tbody>\n<\/table>\n<h3>Vue \u00e9clat\u00e9e :<\/h3>\n<p><noscript><img decoding=\"async\" class=\"aligncenter wp-image-19676 size-full\" src=\"https:\/\/premiumline-cabling.com\/wp-content\/uploads\/2023\/11\/Free_standing_Explode.jpg\" alt width=\"791\" height=\"868\" srcset=\"https:\/\/premiumline-cabling.com\/wp-content\/uploads\/2023\/11\/Free_standing_Explode.jpg 791w, https:\/\/premiumline-cabling.com\/wp-content\/uploads\/2023\/11\/Free_standing_Explode-273x300.jpg 273w, https:\/\/premiumline-cabling.com\/wp-content\/uploads\/2023\/11\/Free_standing_Explode-768x843.jpg 768w\" sizes=\"(max-width: 791px) 100vw, 791px\"><\/noscript><img decoding=\"async\" class=\"aligncenter wp-image-19676 size-full lazyload\" src=\"data:image\/svg+xml,%3Csvg%20xmlns%3D%22http%3A%2F%2Fwww.w3.org%2F2000%2Fsvg%22%20viewBox%3D%220%200%20791%20868%22%3E%3C%2Fsvg%3E\" alt width=\"791\" height=\"868\" srcset=\"data:image\/svg+xml,%3Csvg%20xmlns%3D%22http%3A%2F%2Fwww.w3.org%2F2000%2Fsvg%22%20viewBox%3D%220%200%20791%20868%22%3E%3C%2Fsvg%3E 791w\" sizes=\"(max-width: 791px) 100vw, 791px\" data-srcset=\"https:\/\/premiumline-cabling.com\/wp-content\/uploads\/2023\/11\/Free_standing_Explode.jpg 791w, https:\/\/premiumline-cabling.com\/wp-content\/uploads\/2023\/11\/Free_standing_Explode-273x300.jpg 273w, https:\/\/premiumline-cabling.com\/wp-content\/uploads\/2023\/11\/Free_standing_Explode-768x843.jpg 768w\" data-src=\"https:\/\/premiumline-cabling.com\/wp-content\/uploads\/2023\/11\/Free_standing_Explode.jpg\"><\/p>\n<h3>Informations sur les commandes :<\/h3>\n<table width=\"669\">\n<tbody>\n<tr>\n<td width=\"149\">N\u00b0 de pi\u00e8ce<\/td>\n<td width=\"520\">61616dyy5-TF<\/td>\n<\/tr>\n<tr>\n<td width=\"149\">Description<\/td>\n<td width=\"520\">Ext\u00e9rieur Pro Pose libre IP55 L&nbsp;:600mm, RAL 7035 L.griscouleur<\/td>\n<\/tr>\n<tr>\n<td width=\"149\">d, profondeur<\/td>\n<td width=\"520\">6 &#8211; 600; 8 &#8211; 800; 1 &#8211; 1000<\/td>\n<\/tr>\n<tr>\n<td width=\"149\">yy, hauteur en unit\u00e9s (U)<\/td>\n<td width=\"520\">26 \u00e0 26 ans et moins&nbsp;; 36 \u00e0 36U&nbsp;; 42 \u00e0 42U&nbsp;; 45 \u00e0 45U<\/td>\n<\/tr>\n<\/tbody>\n<\/table>\n<h3><u style=\"color: #a13737; font-size: 16px;\">Plus d&#8217;informations (cliquez sur le signe &#8220;+&#8221; ci-dessous)<\/u><\/h3>\n","protected":false},"featured_media":19699,"template":"","product_category":[427],"class_list":["post-20448","product","type-product","status-publish","has-post-thumbnail","hentry","product_category-armoires-d-exterieur"],"yoast_head":"<!-- This site is optimized with the Yoast SEO plugin v27.2 - https:\/\/yoast.com\/product\/yoast-seo-wordpress\/ -->\n<title>Premium-Line Outdoor Pro Autoportante IP55<\/title>\n<meta name=\"description\" content=\"Structure \u00e0 double porte qui facilite l\u2019acc\u00e8s par l\u2019avant et l\u2019arri\u00e8re de l\u2019armoire. Structure de carrosserie soud\u00e9e monobloc \u00e0 haute r\u00e9sistance \u00e0 la corrosion\" \/>\n<meta name=\"robots\" content=\"index, follow, max-snippet:-1, max-image-preview:large, max-video-preview:-1\" \/>\n<link rel=\"canonical\" href=\"https:\/\/premiumline-cabling.com\/fr\/product\/exterieur-pro-autoportant\/\" \/>\n<meta property=\"og:locale\" content=\"fr_FR\" \/>\n<meta property=\"og:type\" content=\"article\" \/>\n<meta property=\"og:title\" content=\"Premium-Line Outdoor Pro Autoportante IP55\" \/>\n<meta property=\"og:description\" content=\"Structure \u00e0 double porte qui facilite l\u2019acc\u00e8s par l\u2019avant et l\u2019arri\u00e8re de l\u2019armoire. Structure de carrosserie soud\u00e9e monobloc \u00e0 haute r\u00e9sistance \u00e0 la corrosion\" \/>\n<meta property=\"og:url\" content=\"https:\/\/premiumline-cabling.com\/fr\/product\/exterieur-pro-autoportant\/\" \/>\n<meta property=\"og:site_name\" content=\"Premium-Line\" \/>\n<meta property=\"og:image\" content=\"https:\/\/premiumline-cabling.com\/wp-content\/uploads\/2023\/11\/Free_standing_s.jpg\" \/>\n\t<meta property=\"og:image:width\" content=\"509\" \/>\n\t<meta property=\"og:image:height\" content=\"507\" \/>\n\t<meta property=\"og:image:type\" content=\"image\/jpeg\" \/>\n<meta name=\"twitter:card\" content=\"summary_large_image\" \/>\n<meta name=\"twitter:label1\" content=\"Dur\u00e9e de lecture estim\u00e9e\" \/>\n\t<meta name=\"twitter:data1\" content=\"2 minutes\" \/>\n<script type=\"application\/ld+json\" class=\"yoast-schema-graph\">{\"@context\":\"https:\/\/schema.org\",\"@graph\":[{\"@type\":\"WebPage\",\"@id\":\"https:\/\/premiumline-cabling.com\/fr\/product\/exterieur-pro-autoportant\/\",\"url\":\"https:\/\/premiumline-cabling.com\/fr\/product\/exterieur-pro-autoportant\/\",\"name\":\"Premium-Line Outdoor Pro Autoportante IP55\",\"isPartOf\":{\"@id\":\"https:\/\/premiumline-cabling.com\/#website\"},\"primaryImageOfPage\":{\"@id\":\"https:\/\/premiumline-cabling.com\/fr\/product\/exterieur-pro-autoportant\/#primaryimage\"},\"image\":{\"@id\":\"https:\/\/premiumline-cabling.com\/fr\/product\/exterieur-pro-autoportant\/#primaryimage\"},\"thumbnailUrl\":\"https:\/\/premiumline-cabling.com\/wp-content\/uploads\/2023\/11\/Free_standing_s.jpg\",\"datePublished\":\"2023-11-15T15:31:03+00:00\",\"description\":\"Structure \u00e0 double porte qui facilite l\u2019acc\u00e8s par l\u2019avant et l\u2019arri\u00e8re de l\u2019armoire. Structure de carrosserie soud\u00e9e monobloc \u00e0 haute r\u00e9sistance \u00e0 la corrosion\",\"breadcrumb\":{\"@id\":\"https:\/\/premiumline-cabling.com\/fr\/product\/exterieur-pro-autoportant\/#breadcrumb\"},\"inLanguage\":\"fr-FR\",\"potentialAction\":[{\"@type\":\"ReadAction\",\"target\":[\"https:\/\/premiumline-cabling.com\/fr\/product\/exterieur-pro-autoportant\/\"]}]},{\"@type\":\"ImageObject\",\"inLanguage\":\"fr-FR\",\"@id\":\"https:\/\/premiumline-cabling.com\/fr\/product\/exterieur-pro-autoportant\/#primaryimage\",\"url\":\"https:\/\/premiumline-cabling.com\/wp-content\/uploads\/2023\/11\/Free_standing_s.jpg\",\"contentUrl\":\"https:\/\/premiumline-cabling.com\/wp-content\/uploads\/2023\/11\/Free_standing_s.jpg\",\"width\":509,\"height\":507},{\"@type\":\"BreadcrumbList\",\"@id\":\"https:\/\/premiumline-cabling.com\/fr\/product\/exterieur-pro-autoportant\/#breadcrumb\",\"itemListElement\":[{\"@type\":\"ListItem\",\"position\":1,\"name\":\"\u0413\u043b\u0430\u0432\u043d\u0430\u044f \u0441\u0442\u0440\u0430\u043d\u0438\u0446\u0430\",\"item\":\"https:\/\/premiumline-cabling.com\/fr\/\"},{\"@type\":\"ListItem\",\"position\":2,\"name\":\"Ext\u00e9rieur Pro Autoportant\"}]},{\"@type\":\"WebSite\",\"@id\":\"https:\/\/premiumline-cabling.com\/#website\",\"url\":\"https:\/\/premiumline-cabling.com\/\",\"name\":\"Premium-Line\",\"description\":\"Structured Cabling System\",\"publisher\":{\"@id\":\"https:\/\/premiumline-cabling.com\/#organization\"},\"potentialAction\":[{\"@type\":\"SearchAction\",\"target\":{\"@type\":\"EntryPoint\",\"urlTemplate\":\"https:\/\/premiumline-cabling.com\/?s={search_term_string}\"},\"query-input\":{\"@type\":\"PropertyValueSpecification\",\"valueRequired\":true,\"valueName\":\"search_term_string\"}}],\"inLanguage\":\"fr-FR\"},{\"@type\":\"Organization\",\"@id\":\"https:\/\/premiumline-cabling.com\/#organization\",\"name\":\"Premium-Line\",\"url\":\"https:\/\/premiumline-cabling.com\/\",\"logo\":{\"@type\":\"ImageObject\",\"inLanguage\":\"fr-FR\",\"@id\":\"https:\/\/premiumline-cabling.com\/#\/schema\/logo\/image\/\",\"url\":\"https:\/\/premiumline-cabling.com\/wp-content\/uploads\/2019\/04\/cropped-img_logo_site_Premium-Line.png\",\"contentUrl\":\"https:\/\/premiumline-cabling.com\/wp-content\/uploads\/2019\/04\/cropped-img_logo_site_Premium-Line.png\",\"width\":190,\"height\":62,\"caption\":\"Premium-Line\"},\"image\":{\"@id\":\"https:\/\/premiumline-cabling.com\/#\/schema\/logo\/image\/\"}}]}<\/script>\n<!-- \/ Yoast SEO plugin. -->","yoast_head_json":{"title":"Premium-Line Outdoor Pro Autoportante IP55","description":"Structure \u00e0 double porte qui facilite l\u2019acc\u00e8s par l\u2019avant et l\u2019arri\u00e8re de l\u2019armoire. Structure de carrosserie soud\u00e9e monobloc \u00e0 haute r\u00e9sistance \u00e0 la corrosion","robots":{"index":"index","follow":"follow","max-snippet":"max-snippet:-1","max-image-preview":"max-image-preview:large","max-video-preview":"max-video-preview:-1"},"canonical":"https:\/\/premiumline-cabling.com\/fr\/product\/exterieur-pro-autoportant\/","og_locale":"fr_FR","og_type":"article","og_title":"Premium-Line Outdoor Pro Autoportante IP55","og_description":"Structure \u00e0 double porte qui facilite l\u2019acc\u00e8s par l\u2019avant et l\u2019arri\u00e8re de l\u2019armoire. Structure de carrosserie soud\u00e9e monobloc \u00e0 haute r\u00e9sistance \u00e0 la corrosion","og_url":"https:\/\/premiumline-cabling.com\/fr\/product\/exterieur-pro-autoportant\/","og_site_name":"Premium-Line","og_image":[{"width":509,"height":507,"url":"https:\/\/premiumline-cabling.com\/wp-content\/uploads\/2023\/11\/Free_standing_s.jpg","type":"image\/jpeg"}],"twitter_card":"summary_large_image","twitter_misc":{"Dur\u00e9e de lecture estim\u00e9e":"2 minutes"},"schema":{"@context":"https:\/\/schema.org","@graph":[{"@type":"WebPage","@id":"https:\/\/premiumline-cabling.com\/fr\/product\/exterieur-pro-autoportant\/","url":"https:\/\/premiumline-cabling.com\/fr\/product\/exterieur-pro-autoportant\/","name":"Premium-Line Outdoor Pro Autoportante IP55","isPartOf":{"@id":"https:\/\/premiumline-cabling.com\/#website"},"primaryImageOfPage":{"@id":"https:\/\/premiumline-cabling.com\/fr\/product\/exterieur-pro-autoportant\/#primaryimage"},"image":{"@id":"https:\/\/premiumline-cabling.com\/fr\/product\/exterieur-pro-autoportant\/#primaryimage"},"thumbnailUrl":"https:\/\/premiumline-cabling.com\/wp-content\/uploads\/2023\/11\/Free_standing_s.jpg","datePublished":"2023-11-15T15:31:03+00:00","description":"Structure \u00e0 double porte qui facilite l\u2019acc\u00e8s par l\u2019avant et l\u2019arri\u00e8re de l\u2019armoire. Structure de carrosserie soud\u00e9e monobloc \u00e0 haute r\u00e9sistance \u00e0 la corrosion","breadcrumb":{"@id":"https:\/\/premiumline-cabling.com\/fr\/product\/exterieur-pro-autoportant\/#breadcrumb"},"inLanguage":"fr-FR","potentialAction":[{"@type":"ReadAction","target":["https:\/\/premiumline-cabling.com\/fr\/product\/exterieur-pro-autoportant\/"]}]},{"@type":"ImageObject","inLanguage":"fr-FR","@id":"https:\/\/premiumline-cabling.com\/fr\/product\/exterieur-pro-autoportant\/#primaryimage","url":"https:\/\/premiumline-cabling.com\/wp-content\/uploads\/2023\/11\/Free_standing_s.jpg","contentUrl":"https:\/\/premiumline-cabling.com\/wp-content\/uploads\/2023\/11\/Free_standing_s.jpg","width":509,"height":507},{"@type":"BreadcrumbList","@id":"https:\/\/premiumline-cabling.com\/fr\/product\/exterieur-pro-autoportant\/#breadcrumb","itemListElement":[{"@type":"ListItem","position":1,"name":"\u0413\u043b\u0430\u0432\u043d\u0430\u044f \u0441\u0442\u0440\u0430\u043d\u0438\u0446\u0430","item":"https:\/\/premiumline-cabling.com\/fr\/"},{"@type":"ListItem","position":2,"name":"Ext\u00e9rieur Pro Autoportant"}]},{"@type":"WebSite","@id":"https:\/\/premiumline-cabling.com\/#website","url":"https:\/\/premiumline-cabling.com\/","name":"Premium-Line","description":"Structured Cabling System","publisher":{"@id":"https:\/\/premiumline-cabling.com\/#organization"},"potentialAction":[{"@type":"SearchAction","target":{"@type":"EntryPoint","urlTemplate":"https:\/\/premiumline-cabling.com\/?s={search_term_string}"},"query-input":{"@type":"PropertyValueSpecification","valueRequired":true,"valueName":"search_term_string"}}],"inLanguage":"fr-FR"},{"@type":"Organization","@id":"https:\/\/premiumline-cabling.com\/#organization","name":"Premium-Line","url":"https:\/\/premiumline-cabling.com\/","logo":{"@type":"ImageObject","inLanguage":"fr-FR","@id":"https:\/\/premiumline-cabling.com\/#\/schema\/logo\/image\/","url":"https:\/\/premiumline-cabling.com\/wp-content\/uploads\/2019\/04\/cropped-img_logo_site_Premium-Line.png","contentUrl":"https:\/\/premiumline-cabling.com\/wp-content\/uploads\/2019\/04\/cropped-img_logo_site_Premium-Line.png","width":190,"height":62,"caption":"Premium-Line"},"image":{"@id":"https:\/\/premiumline-cabling.com\/#\/schema\/logo\/image\/"}}]}},"_links":{"self":[{"href":"https:\/\/premiumline-cabling.com\/fr\/wp-json\/wp\/v2\/product\/20448","targetHints":{"allow":["GET"]}}],"collection":[{"href":"https:\/\/premiumline-cabling.com\/fr\/wp-json\/wp\/v2\/product"}],"about":[{"href":"https:\/\/premiumline-cabling.com\/fr\/wp-json\/wp\/v2\/types\/product"}],"wp:featuredmedia":[{"embeddable":true,"href":"https:\/\/premiumline-cabling.com\/fr\/wp-json\/wp\/v2\/media\/19699"}],"wp:attachment":[{"href":"https:\/\/premiumline-cabling.com\/fr\/wp-json\/wp\/v2\/media?parent=20448"}],"wp:term":[{"taxonomy":"product_category","embeddable":true,"href":"https:\/\/premiumline-cabling.com\/fr\/wp-json\/wp\/v2\/product_category?post=20448"}],"curies":[{"name":"wp","href":"https:\/\/api.w.org\/{rel}","templated":true}]}}