{"id":20417,"date":"2019-05-06T17:22:44","date_gmt":"2019-05-06T16:22:44","guid":{"rendered":"https:\/\/premiumline-cabling.com\/product\/cable-en-cuivre-pre-raccorde\/"},"modified":"2023-12-15T12:59:26","modified_gmt":"2023-12-15T11:59:26","slug":"cable-en-cuivre-pre-raccorde","status":"publish","type":"product","link":"https:\/\/premiumline-cabling.com\/fr\/product\/cable-en-cuivre-pre-raccorde\/","title":{"rendered":"C\u00e2ble en cuivre pr\u00e9-raccord\u00e9"},"content":{"rendered":"<p><strong>CARACT\u00c9RISTIQUE:<\/strong><br>\nL\u2019assemblage de c\u00e2bles de goulotte pr\u00e9-raccord\u00e9s utilis:<\/p>\n<ul>\n<li>C\u00e2ble d\u2019installation haute performance CAT.6A S\/FTP 500MHz<\/li>\n<li>Deux extr\u00e9mit\u00e9s pr\u00e9-raccord\u00e9es avec une prise trap\u00e9zo\u00efdale blind\u00e9e de type Cat.6A moul\u00e9 sous pression (PN 109824010)<\/li>\n<li>100% test\u00e9 en usine<\/li>\n<li>Longueur adapt\u00e9e aux besoins du client (3m-80m)<\/li>\n<\/ul>\n<p>\u0421onforme aux exigences Cat.6A ca:<noscript><img decoding=\"async\" class=\"size-full wp-image-2079 alignright\" src=\"https:\/\/premiumline-cabling.com\/wp-content\/uploads\/2019\/05\/Cat6a-copper-trunk_1.jpg\" alt width=\"281\" height=\"173\"><\/noscript><img decoding=\"async\" class=\"size-full wp-image-2079 alignright lazyload\" src=\"data:image\/svg+xml,%3Csvg%20xmlns%3D%22http%3A%2F%2Fwww.w3.org%2F2000%2Fsvg%22%20viewBox%3D%220%200%20281%20173%22%3E%3C%2Fsvg%3E\" alt width=\"281\" height=\"173\" data-src=\"https:\/\/premiumline-cabling.com\/wp-content\/uploads\/2019\/05\/Cat6a-copper-trunk_1.jpg\"><\/p>\n<ul>\n<li>IEC61156-5&nbsp;:2012<\/li>\n<li>EN50173-2\/A1&nbsp;:2011<\/li>\n<li>EN50288-10-1&nbsp;:2012<\/li>\n<li>ANSI\/TIA 568-D.2<\/li>\n<li>Conforme \u00e0 la norme ISO\/IEC 11801 Classe Ea<\/li>\n<\/ul>\n<p>Conforme aux normes de s\u00e9curit\u00e9 telles que :<\/p>\n<ul>\n<li>IEC 60332-1-2:2004<\/li>\n<li>IEC 61034-1 \/ 61034-2:2013<\/li>\n<li>IEC60754-2&nbsp;:2011 (\u00c9dition 2.0)<\/li>\n<li>Conforme \u00e0 la directive RoHS (directive europ\u00e9enne 2011\/65\/CE)<\/li>\n<\/ul>\n<p><strong>DEMANDE D&#8217;EMPLO:<\/strong><\/p>\n<ul>\n<li>R\u00e9seaux 10 Gigabits\/s, analogique et VOIP, cam\u00e9ra IP, TV IP<\/li>\n<\/ul>\n<p><strong>CONFIGURATION DES C\u00c2BLES:<\/strong><noscript><img decoding=\"async\" class=\"size-full wp-image-2078 aligncenter\" src=\"https:\/\/premiumline-cabling.com\/wp-content\/uploads\/2019\/05\/Cat6a-copper-trunk_2.jpg\" alt width=\"791\" height=\"252\" srcset=\"https:\/\/premiumline-cabling.com\/wp-content\/uploads\/2019\/05\/Cat6a-copper-trunk_2.jpg 791w, https:\/\/premiumline-cabling.com\/wp-content\/uploads\/2019\/05\/Cat6a-copper-trunk_2-300x96.jpg 300w, https:\/\/premiumline-cabling.com\/wp-content\/uploads\/2019\/05\/Cat6a-copper-trunk_2-768x245.jpg 768w\" sizes=\"(max-width: 791px) 100vw, 791px\"><\/noscript><img decoding=\"async\" class=\"size-full wp-image-2078 aligncenter lazyload\" src=\"data:image\/svg+xml,%3Csvg%20xmlns%3D%22http%3A%2F%2Fwww.w3.org%2F2000%2Fsvg%22%20viewBox%3D%220%200%20791%20252%22%3E%3C%2Fsvg%3E\" alt width=\"791\" height=\"252\" srcset=\"data:image\/svg+xml,%3Csvg%20xmlns%3D%22http%3A%2F%2Fwww.w3.org%2F2000%2Fsvg%22%20viewBox%3D%220%200%20791%20252%22%3E%3C%2Fsvg%3E 791w\" sizes=\"(max-width: 791px) 100vw, 791px\" data-srcset=\"https:\/\/premiumline-cabling.com\/wp-content\/uploads\/2019\/05\/Cat6a-copper-trunk_2.jpg 791w, https:\/\/premiumline-cabling.com\/wp-content\/uploads\/2019\/05\/Cat6a-copper-trunk_2-300x96.jpg 300w, https:\/\/premiumline-cabling.com\/wp-content\/uploads\/2019\/05\/Cat6a-copper-trunk_2-768x245.jpg 768w\" data-src=\"https:\/\/premiumline-cabling.com\/wp-content\/uploads\/2019\/05\/Cat6a-copper-trunk_2.jpg\"><\/p>\n<table width=\"0\">\n<tbody>\n<tr>\n<td rowspan=\"2\" width=\"103\">Chef d&#8217;orchestre<\/td>\n<td width=\"139\">Mat\u00e9riau<\/td>\n<td width=\"248\">Cuivre nu<\/td>\n<\/tr>\n<tr>\n<td width=\"139\">La construction<\/td>\n<td width=\"248\">23AWG (en anglais seulement)<\/td>\n<\/tr>\n<tr>\n<td rowspan=\"2\" width=\"103\">Isolation<\/td>\n<td width=\"139\">Mat\u00e9riau<\/td>\n<td width=\"248\">Peau de mousse PE<\/td>\n<\/tr>\n<tr>\n<td width=\"139\">Diam\u00e8tre<\/td>\n<td width=\"248\">1,32 \u00b1 0,10 millim\u00e8tre<\/td>\n<\/tr>\n<tr>\n<td width=\"103\">Bouclier int\u00e9rieur<\/td>\n<td width=\"139\">Aluminium-Mylar<\/td>\n<td width=\"248\">\u00c9cran en Al-PET autour de chaque paire<\/td>\n<\/tr>\n<tr>\n<td width=\"103\">Tressage<\/td>\n<td width=\"139\">Mat\u00e9riau<\/td>\n<td width=\"248\">Cuivre \u00e9tam\u00e9 Aluminium recouvert<\/td>\n<\/tr>\n<tr>\n<td rowspan=\"2\" width=\"103\">Fourreau<\/td>\n<td width=\"139\">Mat\u00e9riau<\/td>\n<td width=\"248\">PVC ou LSOH<\/td>\n<\/tr>\n<tr>\n<td width=\"139\">Diam\u00e8tre<\/td>\n<td width=\"248\">7,40 \u00b1 0,3 mm<\/td>\n<\/tr>\n<\/tbody>\n<\/table>\n<p>&nbsp;<\/p>\n<p><strong>PRISE TRAP\u00c9ZO\u00cfDALE:<\/strong><\/p>\n<p><a href=\"https:\/\/premiumline-cabling.com\/fr\/product\/chat-6a-180-blinde-kj\/\">Cat\u00e9gorie 6A 180\u00b0 blind\u00e9e, prise Keystone moul\u00e9e sous pression, type mince<\/a><br>\n<noscript><img decoding=\"async\" class=\"wp-image-822 size-full alignnone\" src=\"https:\/\/premiumline-cabling.com\/wp-content\/uploads\/2019\/02\/img_PL_Category-6A-180-Shielded-Die-casting-Keystone-Jack1.jpg\" alt width=\"283\" height=\"220\"><\/noscript><img decoding=\"async\" class=\"wp-image-822 size-full alignnone lazyload\" src=\"data:image\/svg+xml,%3Csvg%20xmlns%3D%22http%3A%2F%2Fwww.w3.org%2F2000%2Fsvg%22%20viewBox%3D%220%200%20283%20220%22%3E%3C%2Fsvg%3E\" alt width=\"283\" height=\"220\" data-src=\"https:\/\/premiumline-cabling.com\/wp-content\/uploads\/2019\/02\/img_PL_Category-6A-180-Shielded-Die-casting-Keystone-Jack1.jpg\"><\/p>\n<p><strong>LES INFORMATIONS RELATIVES \u00c0 LA COMMANDE:<\/strong><\/p>\n<p>Num\u00e9ro d \u0301article 7094xyzz51<\/p>\n<p>Description Cat.6A S\/FTP Assemblage de c\u00e2bles goulottes pr\u00e9-raccord\u00e9s, jack \u00e0 jack<\/p>\n<p>X : Non. de jambe\/c\u00e2ble 1. 6 pattes 2 : 4 pattes<\/p>\n<p>y&nbsp;: gaine 1&nbsp;: PVC gris 2&nbsp;: LSOH gris<\/p>\n<p>ZZ : Longueur 03 : 3 m \u00e0 80 h 80 m<\/p>\n<p>Emballage&nbsp;: Longueur\u226630m est enroul\u00e9 dans la bo\u00eete&nbsp;; &gt;30m est emball\u00e9 en bobine<\/p>\n<p>&nbsp;<\/p>\n","protected":false},"featured_media":20419,"template":"","product_category":[423],"class_list":["post-20417","product","type-product","status-publish","has-post-thumbnail","hentry","product_category-centre-de-donnees"],"yoast_head":"<!-- This site is optimized with the Yoast SEO plugin v27.2 - https:\/\/yoast.com\/product\/yoast-seo-wordpress\/ -->\n<title>Assemblage de c\u00e2bles de goulotte pr\u00e9-raccord\u00e9s S\/FTP Cat.6A<\/title>\n<meta name=\"description\" content=\"CARACT\u00c9RISTIQUES: L\u2019assemblage de c\u00e2bles de goulotte pr\u00e9-raccord\u00e9s est utilis\u00e9. C\u00e2ble d\u2019installation haute performance CAT.6A S\/FTP 500MHz. En savoir plus !\" \/>\n<meta name=\"robots\" content=\"index, follow, max-snippet:-1, max-image-preview:large, max-video-preview:-1\" \/>\n<link rel=\"canonical\" href=\"https:\/\/premiumline-cabling.com\/fr\/product\/cable-en-cuivre-pre-raccorde\/\" \/>\n<meta property=\"og:locale\" content=\"fr_FR\" \/>\n<meta property=\"og:type\" content=\"article\" \/>\n<meta property=\"og:title\" content=\"Assemblage de c\u00e2bles de goulotte pr\u00e9-raccord\u00e9s S\/FTP Cat.6A\" \/>\n<meta property=\"og:description\" content=\"CARACT\u00c9RISTIQUES: L\u2019assemblage de c\u00e2bles de goulotte pr\u00e9-raccord\u00e9s est utilis\u00e9. C\u00e2ble d\u2019installation haute performance CAT.6A S\/FTP 500MHz. En savoir plus !\" \/>\n<meta property=\"og:url\" content=\"https:\/\/premiumline-cabling.com\/fr\/product\/cable-en-cuivre-pre-raccorde\/\" \/>\n<meta property=\"og:site_name\" content=\"Premium-Line\" \/>\n<meta property=\"article:modified_time\" content=\"2023-12-15T11:59:26+00:00\" \/>\n<meta property=\"og:image\" content=\"https:\/\/premiumline-cabling.com\/wp-content\/uploads\/2019\/05\/Cat6a-copper-trunk_1.jpg\" \/>\n\t<meta property=\"og:image:width\" content=\"281\" \/>\n\t<meta property=\"og:image:height\" content=\"173\" \/>\n\t<meta property=\"og:image:type\" content=\"image\/jpeg\" \/>\n<meta name=\"twitter:card\" content=\"summary_large_image\" \/>\n<meta name=\"twitter:label1\" content=\"Dur\u00e9e de lecture estim\u00e9e\" \/>\n\t<meta name=\"twitter:data1\" content=\"2 minutes\" \/>\n<script type=\"application\/ld+json\" class=\"yoast-schema-graph\">{\"@context\":\"https:\/\/schema.org\",\"@graph\":[{\"@type\":\"WebPage\",\"@id\":\"https:\/\/premiumline-cabling.com\/fr\/product\/cable-en-cuivre-pre-raccorde\/\",\"url\":\"https:\/\/premiumline-cabling.com\/fr\/product\/cable-en-cuivre-pre-raccorde\/\",\"name\":\"Assemblage de c\u00e2bles de goulotte pr\u00e9-raccord\u00e9s S\/FTP Cat.6A\",\"isPartOf\":{\"@id\":\"https:\/\/premiumline-cabling.com\/#website\"},\"primaryImageOfPage\":{\"@id\":\"https:\/\/premiumline-cabling.com\/fr\/product\/cable-en-cuivre-pre-raccorde\/#primaryimage\"},\"image\":{\"@id\":\"https:\/\/premiumline-cabling.com\/fr\/product\/cable-en-cuivre-pre-raccorde\/#primaryimage\"},\"thumbnailUrl\":\"https:\/\/premiumline-cabling.com\/wp-content\/uploads\/2019\/05\/Cat6a-copper-trunk_1.jpg\",\"datePublished\":\"2019-05-06T16:22:44+00:00\",\"dateModified\":\"2023-12-15T11:59:26+00:00\",\"description\":\"CARACT\u00c9RISTIQUES: L\u2019assemblage de c\u00e2bles de goulotte pr\u00e9-raccord\u00e9s est utilis\u00e9. C\u00e2ble d\u2019installation haute performance CAT.6A S\/FTP 500MHz. En savoir plus !\",\"breadcrumb\":{\"@id\":\"https:\/\/premiumline-cabling.com\/fr\/product\/cable-en-cuivre-pre-raccorde\/#breadcrumb\"},\"inLanguage\":\"fr-FR\",\"potentialAction\":[{\"@type\":\"ReadAction\",\"target\":[\"https:\/\/premiumline-cabling.com\/fr\/product\/cable-en-cuivre-pre-raccorde\/\"]}]},{\"@type\":\"ImageObject\",\"inLanguage\":\"fr-FR\",\"@id\":\"https:\/\/premiumline-cabling.com\/fr\/product\/cable-en-cuivre-pre-raccorde\/#primaryimage\",\"url\":\"https:\/\/premiumline-cabling.com\/wp-content\/uploads\/2019\/05\/Cat6a-copper-trunk_1.jpg\",\"contentUrl\":\"https:\/\/premiumline-cabling.com\/wp-content\/uploads\/2019\/05\/Cat6a-copper-trunk_1.jpg\",\"width\":281,\"height\":173},{\"@type\":\"BreadcrumbList\",\"@id\":\"https:\/\/premiumline-cabling.com\/fr\/product\/cable-en-cuivre-pre-raccorde\/#breadcrumb\",\"itemListElement\":[{\"@type\":\"ListItem\",\"position\":1,\"name\":\"\u0413\u043b\u0430\u0432\u043d\u0430\u044f \u0441\u0442\u0440\u0430\u043d\u0438\u0446\u0430\",\"item\":\"https:\/\/premiumline-cabling.com\/fr\/\"},{\"@type\":\"ListItem\",\"position\":2,\"name\":\"C\u00e2ble en cuivre pr\u00e9-raccord\u00e9\"}]},{\"@type\":\"WebSite\",\"@id\":\"https:\/\/premiumline-cabling.com\/#website\",\"url\":\"https:\/\/premiumline-cabling.com\/\",\"name\":\"Premium-Line\",\"description\":\"Structured Cabling System\",\"publisher\":{\"@id\":\"https:\/\/premiumline-cabling.com\/#organization\"},\"potentialAction\":[{\"@type\":\"SearchAction\",\"target\":{\"@type\":\"EntryPoint\",\"urlTemplate\":\"https:\/\/premiumline-cabling.com\/?s={search_term_string}\"},\"query-input\":{\"@type\":\"PropertyValueSpecification\",\"valueRequired\":true,\"valueName\":\"search_term_string\"}}],\"inLanguage\":\"fr-FR\"},{\"@type\":\"Organization\",\"@id\":\"https:\/\/premiumline-cabling.com\/#organization\",\"name\":\"Premium-Line\",\"url\":\"https:\/\/premiumline-cabling.com\/\",\"logo\":{\"@type\":\"ImageObject\",\"inLanguage\":\"fr-FR\",\"@id\":\"https:\/\/premiumline-cabling.com\/#\/schema\/logo\/image\/\",\"url\":\"https:\/\/premiumline-cabling.com\/wp-content\/uploads\/2019\/04\/cropped-img_logo_site_Premium-Line.png\",\"contentUrl\":\"https:\/\/premiumline-cabling.com\/wp-content\/uploads\/2019\/04\/cropped-img_logo_site_Premium-Line.png\",\"width\":190,\"height\":62,\"caption\":\"Premium-Line\"},\"image\":{\"@id\":\"https:\/\/premiumline-cabling.com\/#\/schema\/logo\/image\/\"}}]}<\/script>\n<!-- \/ Yoast SEO plugin. -->","yoast_head_json":{"title":"Assemblage de c\u00e2bles de goulotte pr\u00e9-raccord\u00e9s S\/FTP Cat.6A","description":"CARACT\u00c9RISTIQUES: L\u2019assemblage de c\u00e2bles de goulotte pr\u00e9-raccord\u00e9s est utilis\u00e9. C\u00e2ble d\u2019installation haute performance CAT.6A S\/FTP 500MHz. En savoir plus !","robots":{"index":"index","follow":"follow","max-snippet":"max-snippet:-1","max-image-preview":"max-image-preview:large","max-video-preview":"max-video-preview:-1"},"canonical":"https:\/\/premiumline-cabling.com\/fr\/product\/cable-en-cuivre-pre-raccorde\/","og_locale":"fr_FR","og_type":"article","og_title":"Assemblage de c\u00e2bles de goulotte pr\u00e9-raccord\u00e9s S\/FTP Cat.6A","og_description":"CARACT\u00c9RISTIQUES: L\u2019assemblage de c\u00e2bles de goulotte pr\u00e9-raccord\u00e9s est utilis\u00e9. C\u00e2ble d\u2019installation haute performance CAT.6A S\/FTP 500MHz. En savoir plus !","og_url":"https:\/\/premiumline-cabling.com\/fr\/product\/cable-en-cuivre-pre-raccorde\/","og_site_name":"Premium-Line","article_modified_time":"2023-12-15T11:59:26+00:00","og_image":[{"width":281,"height":173,"url":"https:\/\/premiumline-cabling.com\/wp-content\/uploads\/2019\/05\/Cat6a-copper-trunk_1.jpg","type":"image\/jpeg"}],"twitter_card":"summary_large_image","twitter_misc":{"Dur\u00e9e de lecture estim\u00e9e":"2 minutes"},"schema":{"@context":"https:\/\/schema.org","@graph":[{"@type":"WebPage","@id":"https:\/\/premiumline-cabling.com\/fr\/product\/cable-en-cuivre-pre-raccorde\/","url":"https:\/\/premiumline-cabling.com\/fr\/product\/cable-en-cuivre-pre-raccorde\/","name":"Assemblage de c\u00e2bles de goulotte pr\u00e9-raccord\u00e9s S\/FTP Cat.6A","isPartOf":{"@id":"https:\/\/premiumline-cabling.com\/#website"},"primaryImageOfPage":{"@id":"https:\/\/premiumline-cabling.com\/fr\/product\/cable-en-cuivre-pre-raccorde\/#primaryimage"},"image":{"@id":"https:\/\/premiumline-cabling.com\/fr\/product\/cable-en-cuivre-pre-raccorde\/#primaryimage"},"thumbnailUrl":"https:\/\/premiumline-cabling.com\/wp-content\/uploads\/2019\/05\/Cat6a-copper-trunk_1.jpg","datePublished":"2019-05-06T16:22:44+00:00","dateModified":"2023-12-15T11:59:26+00:00","description":"CARACT\u00c9RISTIQUES: L\u2019assemblage de c\u00e2bles de goulotte pr\u00e9-raccord\u00e9s est utilis\u00e9. C\u00e2ble d\u2019installation haute performance CAT.6A S\/FTP 500MHz. En savoir plus !","breadcrumb":{"@id":"https:\/\/premiumline-cabling.com\/fr\/product\/cable-en-cuivre-pre-raccorde\/#breadcrumb"},"inLanguage":"fr-FR","potentialAction":[{"@type":"ReadAction","target":["https:\/\/premiumline-cabling.com\/fr\/product\/cable-en-cuivre-pre-raccorde\/"]}]},{"@type":"ImageObject","inLanguage":"fr-FR","@id":"https:\/\/premiumline-cabling.com\/fr\/product\/cable-en-cuivre-pre-raccorde\/#primaryimage","url":"https:\/\/premiumline-cabling.com\/wp-content\/uploads\/2019\/05\/Cat6a-copper-trunk_1.jpg","contentUrl":"https:\/\/premiumline-cabling.com\/wp-content\/uploads\/2019\/05\/Cat6a-copper-trunk_1.jpg","width":281,"height":173},{"@type":"BreadcrumbList","@id":"https:\/\/premiumline-cabling.com\/fr\/product\/cable-en-cuivre-pre-raccorde\/#breadcrumb","itemListElement":[{"@type":"ListItem","position":1,"name":"\u0413\u043b\u0430\u0432\u043d\u0430\u044f \u0441\u0442\u0440\u0430\u043d\u0438\u0446\u0430","item":"https:\/\/premiumline-cabling.com\/fr\/"},{"@type":"ListItem","position":2,"name":"C\u00e2ble en cuivre pr\u00e9-raccord\u00e9"}]},{"@type":"WebSite","@id":"https:\/\/premiumline-cabling.com\/#website","url":"https:\/\/premiumline-cabling.com\/","name":"Premium-Line","description":"Structured Cabling System","publisher":{"@id":"https:\/\/premiumline-cabling.com\/#organization"},"potentialAction":[{"@type":"SearchAction","target":{"@type":"EntryPoint","urlTemplate":"https:\/\/premiumline-cabling.com\/?s={search_term_string}"},"query-input":{"@type":"PropertyValueSpecification","valueRequired":true,"valueName":"search_term_string"}}],"inLanguage":"fr-FR"},{"@type":"Organization","@id":"https:\/\/premiumline-cabling.com\/#organization","name":"Premium-Line","url":"https:\/\/premiumline-cabling.com\/","logo":{"@type":"ImageObject","inLanguage":"fr-FR","@id":"https:\/\/premiumline-cabling.com\/#\/schema\/logo\/image\/","url":"https:\/\/premiumline-cabling.com\/wp-content\/uploads\/2019\/04\/cropped-img_logo_site_Premium-Line.png","contentUrl":"https:\/\/premiumline-cabling.com\/wp-content\/uploads\/2019\/04\/cropped-img_logo_site_Premium-Line.png","width":190,"height":62,"caption":"Premium-Line"},"image":{"@id":"https:\/\/premiumline-cabling.com\/#\/schema\/logo\/image\/"}}]}},"_links":{"self":[{"href":"https:\/\/premiumline-cabling.com\/fr\/wp-json\/wp\/v2\/product\/20417","targetHints":{"allow":["GET"]}}],"collection":[{"href":"https:\/\/premiumline-cabling.com\/fr\/wp-json\/wp\/v2\/product"}],"about":[{"href":"https:\/\/premiumline-cabling.com\/fr\/wp-json\/wp\/v2\/types\/product"}],"wp:featuredmedia":[{"embeddable":true,"href":"https:\/\/premiumline-cabling.com\/fr\/wp-json\/wp\/v2\/media\/20419"}],"wp:attachment":[{"href":"https:\/\/premiumline-cabling.com\/fr\/wp-json\/wp\/v2\/media?parent=20417"}],"wp:term":[{"taxonomy":"product_category","embeddable":true,"href":"https:\/\/premiumline-cabling.com\/fr\/wp-json\/wp\/v2\/product_category?post=20417"}],"curies":[{"name":"wp","href":"https:\/\/api.w.org\/{rel}","templated":true}]}}