{"id":20392,"date":"2021-08-23T08:40:28","date_gmt":"2021-08-23T07:40:28","guid":{"rendered":"https:\/\/premiumline-cabling.com\/product\/panneau-hybride-1u-24-w-couverture\/"},"modified":"2024-05-07T11:40:03","modified_gmt":"2024-05-07T10:40:03","slug":"panneau-hybride-1u-24-w-couverture","status":"publish","type":"product","link":"https:\/\/premiumline-cabling.com\/fr\/product\/panneau-hybride-1u-24-w-couverture\/","title":{"rendered":"Panneau hybride 1U 24 \/ avec couvercle"},"content":{"rendered":"<p>&nbsp;<\/p>\n<h2>Version am\u00e9lior\u00e9e du panneau de brassage hybride Copper &amp; Fiber<\/h2>\n<p><noscript><img decoding=\"async\" class=\"alignleft wp-image-7722 size-medium\" src=\"https:\/\/premiumline-cabling.com\/wp-content\/uploads\/2021\/08\/hybrid-2_1-300x161.jpg\" alt width=\"300\" height=\"161\" srcset=\"https:\/\/premiumline-cabling.com\/wp-content\/uploads\/2021\/08\/hybrid-2_1-300x161.jpg 300w, https:\/\/premiumline-cabling.com\/wp-content\/uploads\/2021\/08\/hybrid-2_1.jpg 764w\" sizes=\"(max-width: 300px) 100vw, 300px\"><\/noscript><img decoding=\"async\" class=\"alignleft wp-image-7722 size-medium lazyload\" src=\"data:image\/svg+xml,%3Csvg%20xmlns%3D%22http%3A%2F%2Fwww.w3.org%2F2000%2Fsvg%22%20viewBox%3D%220%200%20300%20161%22%3E%3C%2Fsvg%3E\" alt width=\"300\" height=\"161\" srcset=\"data:image\/svg+xml,%3Csvg%20xmlns%3D%22http%3A%2F%2Fwww.w3.org%2F2000%2Fsvg%22%20viewBox%3D%220%200%20300%20161%22%3E%3C%2Fsvg%3E 300w\" sizes=\"(max-width: 300px) 100vw, 300px\" data-srcset=\"https:\/\/premiumline-cabling.com\/wp-content\/uploads\/2021\/08\/hybrid-2_1-300x161.jpg 300w, https:\/\/premiumline-cabling.com\/wp-content\/uploads\/2021\/08\/hybrid-2_1.jpg 764w\" data-src=\"https:\/\/premiumline-cabling.com\/wp-content\/uploads\/2021\/08\/hybrid-2_1-300x161.jpg\">Le panneau de brassage hybride Premium-Line est sp\u00e9cialement con\u00e7u pour un d\u00e9ploiement flexible pour le c\u00e2blage d\u2019un centre de donn\u00e9es, c\u2019est un moyen de connexion commutable pour le cuivre et la fibre. Ce produit est destin\u00e9 \u00e0 une installation en rack 19 \u00bb, 24 ports incluent le cuivre et la fibre. Deux plaques d&#8217;interface peuvent \u00eatre facilement branch\u00e9es et extraites, ce qui est pratique pour l&#8217;installation des connecteurs. Le boulon hexagonal int\u00e9rieur est de conception compacte pour la fixation des \u00e9l\u00e9ments en acier des c\u00e2bles \u00e0 fibres optiques. La prise fibre optique pour installer la prise de port rapide duplex LC est recommand\u00e9e \u00e0 utiliser avec l\u2019adaptateur duplex LC Premium-Line et la jarreti\u00e8re optique La prise en cuivre pour installer un connecteur RJ45 \u00e0 180 \u00b0, il est recommand\u00e9 de l\u2019utiliser avec un connecteur Premium-Line et un cordon de brassage.<\/p>\n<h3>La version mise \u00e0 jour du panneau a :<\/h3>\n<ul>\n<li>Une housse pour une protection suppl\u00e9mentaire des fibres optiques ;<\/li>\n<li>Fixation plus confortable des c\u00e2bles en cuivre ;<\/li>\n<li>Poign\u00e9es sur les panneaux avant pour une installation facile.<\/li>\n<\/ul>\n<h4>CARACT\u00c9RISTIQUES :<\/h4>\n<div id=\"attachment_3458\" style=\"width: 295px\" class=\"wp-caption alignright\"><noscript><img decoding=\"async\" aria-describedby=\"caption-attachment-3458\" class=\"wp-image-3458 size-full\" src=\"https:\/\/premiumline-cabling.com\/wp-content\/uploads\/2019\/02\/1U_hybrid_PP_3.jpg\" alt width=\"285\" height=\"119\"><\/noscript><img decoding=\"async\" aria-describedby=\"caption-attachment-3458\" class=\"wp-image-3458 size-full lazyload\" src=\"data:image\/svg+xml,%3Csvg%20xmlns%3D%22http%3A%2F%2Fwww.w3.org%2F2000%2Fsvg%22%20viewBox%3D%220%200%20285%20119%22%3E%3C%2Fsvg%3E\" alt width=\"285\" height=\"119\" data-src=\"https:\/\/premiumline-cabling.com\/wp-content\/uploads\/2019\/02\/1U_hybrid_PP_3.jpg\"><p id=\"caption-attachment-3458\" class=\"wp-caption-text\">Le plateau d\u2019\u00e9pissure de fibre peut \u00eatre ajust\u00e9 en fonction de la demande<\/p><\/div>\n<ul>\n<li>Pour l\u2019installation en rack 19&#8221;<\/li>\n<li>Dimensions et montage conformes \u00e0 la norme EIA-310D<\/li>\n<li>24 ports incluant le cuivre et la fibre<\/li>\n<li>2 plaques d\u2019interface sont faciles \u00e0 fixer dans le casier \u00e0 clips<\/li>\n<li>Plaque d\u2019interface pour prise Keystone RJ45 180\u00b0, LC Duplex, SC Simplex, ST &amp; FC (tous les adaptateurs fibre optique doivent \u00eatre utilis\u00e9s avec le module de support de l\u2019adaptateur fibre optique : 127120000 ou 127220000)<\/li>\n<li>Les plaques sont interchangeables<\/li>\n<li>Le plateau d\u2019\u00e9pissure en fibre peut contenir jusqu\u2019\u00e0 24 manchons<\/li>\n<li>Conforme \u00e0 la directive RoHS<\/li>\n<\/ul>\n<h4>CARACT\u00c9RISTIQUES :<noscript><img decoding=\"async\" class=\"alignright wp-image-7723 size-medium\" src=\"https:\/\/premiumline-cabling.com\/wp-content\/uploads\/2021\/08\/hybrid-2_2-300x166.jpg\" alt width=\"300\" height=\"166\" srcset=\"https:\/\/premiumline-cabling.com\/wp-content\/uploads\/2021\/08\/hybrid-2_2-300x166.jpg 300w, https:\/\/premiumline-cabling.com\/wp-content\/uploads\/2021\/08\/hybrid-2_2-768x426.jpg 768w, https:\/\/premiumline-cabling.com\/wp-content\/uploads\/2021\/08\/hybrid-2_2-430x240.jpg 430w, https:\/\/premiumline-cabling.com\/wp-content\/uploads\/2021\/08\/hybrid-2_2.jpg 779w\" sizes=\"(max-width: 300px) 100vw, 300px\"><\/noscript><img decoding=\"async\" class=\"alignright wp-image-7723 size-medium lazyload\" src=\"data:image\/svg+xml,%3Csvg%20xmlns%3D%22http%3A%2F%2Fwww.w3.org%2F2000%2Fsvg%22%20viewBox%3D%220%200%20300%20166%22%3E%3C%2Fsvg%3E\" alt width=\"300\" height=\"166\" srcset=\"data:image\/svg+xml,%3Csvg%20xmlns%3D%22http%3A%2F%2Fwww.w3.org%2F2000%2Fsvg%22%20viewBox%3D%220%200%20300%20166%22%3E%3C%2Fsvg%3E 300w\" sizes=\"(max-width: 300px) 100vw, 300px\" data-srcset=\"https:\/\/premiumline-cabling.com\/wp-content\/uploads\/2021\/08\/hybrid-2_2-300x166.jpg 300w, https:\/\/premiumline-cabling.com\/wp-content\/uploads\/2021\/08\/hybrid-2_2-768x426.jpg 768w, https:\/\/premiumline-cabling.com\/wp-content\/uploads\/2021\/08\/hybrid-2_2-430x240.jpg 430w, https:\/\/premiumline-cabling.com\/wp-content\/uploads\/2021\/08\/hybrid-2_2.jpg 779w\" data-src=\"https:\/\/premiumline-cabling.com\/wp-content\/uploads\/2021\/08\/hybrid-2_2-300x166.jpg\"><\/h4>\n<p>Mat\u00e9riau du panneau de brassage : Acier lamin\u00e9 \u00e0 froid<br>\nPlateau d\u2019\u00e9pissure&nbsp;: ABS<br>\nFinition de surface&nbsp;: Enduit de poudre<br>\nCouleur&nbsp;: RAL 9005<br>\nLargeur x Hauteur x Profondeur 482.6 x 44 x 313<br>\nMax. Capacit\u00e9 de chargement Chaque plaque d\u2019interface : 12 x RJ45 \/ 12 x LC Duplex<\/p>\n<h4>ACCESSOIRES:<\/h4>\n<table width=\"556\">\n<tbody>\n<tr>\n<td width=\"263\">Articles<\/td>\n<td width=\"85\">Quantit\u00e9<\/td>\n<td width=\"208\">Remarque<\/td>\n<\/tr>\n<tr>\n<td width=\"263\">Plateau d\u2019\u00e9pissure de type D<\/td>\n<td width=\"85\">1 pi\u00e8ce<\/td>\n<td width=\"208\">Plastique \/ Couleur orange<\/td>\n<\/tr>\n<tr>\n<td width=\"263\">Manchon de protection de fibre 60 * 2,5 mm<\/td>\n<td width=\"85\">12 pi\u00e8ces<\/td>\n<td width=\"208\">Fibre unique<\/td>\n<\/tr>\n<tr>\n<td width=\"263\">Serre-c\u00e2ble en nylon 5 * 150mm<\/td>\n<td width=\"85\">12 pi\u00e8ces<\/td>\n<td width=\"208\">Couleur blanche<\/td>\n<\/tr>\n<tr>\n<td width=\"263\">Bande de b\u00e2ton magique 10 * 100mm<\/td>\n<td width=\"85\">6 pi\u00e8ces<\/td>\n<td width=\"208\">Couleur noire<\/td>\n<\/tr>\n<tr>\n<td width=\"263\">Vis M3<\/td>\n<td width=\"85\">2 pi\u00e8ces<\/td>\n<td width=\"208\">Mat\u00e9riau : Acier inoxydable<\/td>\n<\/tr>\n<tr>\n<td width=\"263\">Fil de terre 0.5sqmm*250mm<\/td>\n<td width=\"85\">2 pi\u00e8ces<\/td>\n<td width=\"208\">Couleur jaune + verte<\/td>\n<\/tr>\n<\/tbody>\n<\/table>\n<h4>LES INFORMATIONS RELATIVES \u00c0 LA COMMANDE :<\/h4>\n<table>\n<tbody>\n<tr>\n<td class=\"black\"><strong>PART NO.<\/strong><\/td>\n<td class=\"black\"><strong>DESCRIPTION<\/strong><\/td>\n<td class=\"black\"><strong>TAILLE DE L&#8217;EMBALLAGE<\/strong><\/td>\n<\/tr>\n<\/tbody>\n<tbody>\n<tr>\n<td>248170242<\/td>\n<td>Panneau de brassage modulaire hybride, pour cuivre et fibre 24 ports, avec couvercle, noir<\/td>\n<td>54x29x39 cm<\/td>\n<\/tr>\n<\/tbody>\n<\/table>\n<p><strong><em><a href=\"https:\/\/premiumline-cabling.com\/wp-content\/uploads\/2021\/08\/Drawing41.tif\"><noscript><img decoding=\"async\" class=\"alignright size-full wp-image-7725\" src=\"https:\/\/premiumline-cabling.com\/wp-content\/uploads\/2021\/08\/Drawing41.tif\" alt><\/noscript><img decoding=\"async\" class=\"alignright size-full wp-image-7725 lazyload\" src=\"data:image\/gif;base64,R0lGODlhAQABAIAAAAAAAP\/\/\/yH5BAEAAAAALAAAAAABAAEAAAIBRAA7\" alt data-src=\"https:\/\/premiumline-cabling.com\/wp-content\/uploads\/2021\/08\/Drawing41.tif\"><\/a> <\/em><\/strong><\/p>\n<p><strong><em><noscript><img decoding=\"async\" class=\"wp-image-7726 alignleft\" src=\"https:\/\/premiumline-cabling.com\/wp-content\/uploads\/2021\/08\/Drawing41-300x28.jpg\" alt width=\"397\" height=\"37\" srcset=\"https:\/\/premiumline-cabling.com\/wp-content\/uploads\/2021\/08\/Drawing41-300x28.jpg 300w, https:\/\/premiumline-cabling.com\/wp-content\/uploads\/2021\/08\/Drawing41-1024x95.jpg 1024w, https:\/\/premiumline-cabling.com\/wp-content\/uploads\/2021\/08\/Drawing41-768x71.jpg 768w, https:\/\/premiumline-cabling.com\/wp-content\/uploads\/2021\/08\/Drawing41-1536x143.jpg 1536w, https:\/\/premiumline-cabling.com\/wp-content\/uploads\/2021\/08\/Drawing41-2048x190.jpg 2048w\" sizes=\"(max-width: 397px) 100vw, 397px\"><\/noscript><img decoding=\"async\" class=\"wp-image-7726 alignleft lazyload\" src=\"data:image\/svg+xml,%3Csvg%20xmlns%3D%22http%3A%2F%2Fwww.w3.org%2F2000%2Fsvg%22%20viewBox%3D%220%200%20397%2037%22%3E%3C%2Fsvg%3E\" alt width=\"397\" height=\"37\" srcset=\"data:image\/svg+xml,%3Csvg%20xmlns%3D%22http%3A%2F%2Fwww.w3.org%2F2000%2Fsvg%22%20viewBox%3D%220%200%20397%2037%22%3E%3C%2Fsvg%3E 397w\" sizes=\"(max-width: 397px) 100vw, 397px\" data-srcset=\"https:\/\/premiumline-cabling.com\/wp-content\/uploads\/2021\/08\/Drawing41-300x28.jpg 300w, https:\/\/premiumline-cabling.com\/wp-content\/uploads\/2021\/08\/Drawing41-1024x95.jpg 1024w, https:\/\/premiumline-cabling.com\/wp-content\/uploads\/2021\/08\/Drawing41-768x71.jpg 768w, https:\/\/premiumline-cabling.com\/wp-content\/uploads\/2021\/08\/Drawing41-1536x143.jpg 1536w, https:\/\/premiumline-cabling.com\/wp-content\/uploads\/2021\/08\/Drawing41-2048x190.jpg 2048w\" data-src=\"https:\/\/premiumline-cabling.com\/wp-content\/uploads\/2021\/08\/Drawing41-300x28.jpg\"><a href=\"https:\/\/premiumline-cabling.com\/service_category\/visio-stencils\/\" target=\"_blank\" rel=\"noopener\"><noscript><img decoding=\"async\" class=\"wp-image-7747 alignleft\" src=\"https:\/\/premiumline-cabling.com\/wp-content\/uploads\/2021\/08\/img_Premium-Line_Visio_Sapes-300x157.png\" alt width=\"246\" height=\"129\" srcset=\"https:\/\/premiumline-cabling.com\/wp-content\/uploads\/2021\/08\/img_Premium-Line_Visio_Sapes-300x157.png 300w, https:\/\/premiumline-cabling.com\/wp-content\/uploads\/2021\/08\/img_Premium-Line_Visio_Sapes-768x401.png 768w, https:\/\/premiumline-cabling.com\/wp-content\/uploads\/2021\/08\/img_Premium-Line_Visio_Sapes.png 860w\" sizes=\"(max-width: 246px) 100vw, 246px\"><\/noscript><img decoding=\"async\" class=\"wp-image-7747 alignleft lazyload\" src=\"data:image\/svg+xml,%3Csvg%20xmlns%3D%22http%3A%2F%2Fwww.w3.org%2F2000%2Fsvg%22%20viewBox%3D%220%200%20246%20129%22%3E%3C%2Fsvg%3E\" alt width=\"246\" height=\"129\" srcset=\"data:image\/svg+xml,%3Csvg%20xmlns%3D%22http%3A%2F%2Fwww.w3.org%2F2000%2Fsvg%22%20viewBox%3D%220%200%20246%20129%22%3E%3C%2Fsvg%3E 246w\" sizes=\"(max-width: 246px) 100vw, 246px\" data-srcset=\"https:\/\/premiumline-cabling.com\/wp-content\/uploads\/2021\/08\/img_Premium-Line_Visio_Sapes-300x157.png 300w, https:\/\/premiumline-cabling.com\/wp-content\/uploads\/2021\/08\/img_Premium-Line_Visio_Sapes-768x401.png 768w, https:\/\/premiumline-cabling.com\/wp-content\/uploads\/2021\/08\/img_Premium-Line_Visio_Sapes.png 860w\" data-src=\"https:\/\/premiumline-cabling.com\/wp-content\/uploads\/2021\/08\/img_Premium-Line_Visio_Sapes-300x157.png\"><\/a><\/em><\/strong><\/p>\n","protected":false},"featured_media":20395,"template":"","product_category":[423,425],"class_list":["post-20392","product","type-product","status-publish","has-post-thumbnail","hentry","product_category-centre-de-donnees","product_category-reseau-local"],"yoast_head":"<!-- This site is optimized with the Yoast SEO plugin v27.4 - https:\/\/yoast.com\/product\/yoast-seo-wordpress\/ -->\n<title>Panneau de brassage hybride Premium-Line (cuivre et fibre)<\/title>\n<meta name=\"description\" content=\"Le panneau de brassage hybride est sp\u00e9cialement con\u00e7u pour un d\u00e9ploiement flexible pour le c\u00e2blage d\u2019un centre de donn\u00e9es, c\u2019est un moyen de connexion commutable pour le cuivre et la fibre.\" \/>\n<meta name=\"robots\" content=\"index, follow, max-snippet:-1, max-image-preview:large, max-video-preview:-1\" \/>\n<link rel=\"canonical\" href=\"https:\/\/premiumline-cabling.com\/fr\/product\/panneau-hybride-1u-24-w-couverture\/\" \/>\n<meta property=\"og:locale\" content=\"fr_FR\" \/>\n<meta property=\"og:type\" content=\"article\" \/>\n<meta property=\"og:title\" content=\"Panneau de brassage hybride Premium-Line (cuivre et fibre)\" \/>\n<meta property=\"og:description\" content=\"Le panneau de brassage hybride est sp\u00e9cialement con\u00e7u pour un d\u00e9ploiement flexible pour le c\u00e2blage d\u2019un centre de donn\u00e9es, c\u2019est un moyen de connexion commutable pour le cuivre et la fibre.\" \/>\n<meta property=\"og:url\" content=\"https:\/\/premiumline-cabling.com\/fr\/product\/panneau-hybride-1u-24-w-couverture\/\" \/>\n<meta property=\"og:site_name\" content=\"Premium-Line\" \/>\n<meta property=\"article:modified_time\" content=\"2024-05-07T10:40:03+00:00\" \/>\n<meta property=\"og:image\" content=\"https:\/\/premiumline-cabling.com\/wp-content\/uploads\/2021\/08\/img_PL_Copper-Fiber-Hybrid-Patch-Panel_FB-1024x535.jpg\" \/>\n<meta name=\"twitter:card\" content=\"summary_large_image\" \/>\n<meta name=\"twitter:label1\" content=\"Dur\u00e9e de lecture estim\u00e9e\" \/>\n\t<meta name=\"twitter:data1\" content=\"2 minutes\" \/>\n<script type=\"application\/ld+json\" class=\"yoast-schema-graph\">{\"@context\":\"https:\\\/\\\/schema.org\",\"@graph\":[{\"@type\":\"WebPage\",\"@id\":\"https:\\\/\\\/premiumline-cabling.com\\\/fr\\\/product\\\/panneau-hybride-1u-24-w-couverture\\\/\",\"url\":\"https:\\\/\\\/premiumline-cabling.com\\\/fr\\\/product\\\/panneau-hybride-1u-24-w-couverture\\\/\",\"name\":\"Panneau de brassage hybride Premium-Line (cuivre et fibre)\",\"isPartOf\":{\"@id\":\"https:\\\/\\\/premiumline-cabling.com\\\/#website\"},\"primaryImageOfPage\":{\"@id\":\"https:\\\/\\\/premiumline-cabling.com\\\/fr\\\/product\\\/panneau-hybride-1u-24-w-couverture\\\/#primaryimage\"},\"image\":{\"@id\":\"https:\\\/\\\/premiumline-cabling.com\\\/fr\\\/product\\\/panneau-hybride-1u-24-w-couverture\\\/#primaryimage\"},\"thumbnailUrl\":\"https:\\\/\\\/premiumline-cabling.com\\\/wp-content\\\/uploads\\\/2021\\\/08\\\/hybrid-2_3.jpg\",\"datePublished\":\"2021-08-23T07:40:28+00:00\",\"dateModified\":\"2024-05-07T10:40:03+00:00\",\"description\":\"Le panneau de brassage hybride est sp\u00e9cialement con\u00e7u pour un d\u00e9ploiement flexible pour le c\u00e2blage d\u2019un centre de donn\u00e9es, c\u2019est un moyen de connexion commutable pour le cuivre et la fibre.\",\"breadcrumb\":{\"@id\":\"https:\\\/\\\/premiumline-cabling.com\\\/fr\\\/product\\\/panneau-hybride-1u-24-w-couverture\\\/#breadcrumb\"},\"inLanguage\":\"fr-FR\",\"potentialAction\":[{\"@type\":\"ReadAction\",\"target\":[\"https:\\\/\\\/premiumline-cabling.com\\\/fr\\\/product\\\/panneau-hybride-1u-24-w-couverture\\\/\"]}]},{\"@type\":\"ImageObject\",\"inLanguage\":\"fr-FR\",\"@id\":\"https:\\\/\\\/premiumline-cabling.com\\\/fr\\\/product\\\/panneau-hybride-1u-24-w-couverture\\\/#primaryimage\",\"url\":\"https:\\\/\\\/premiumline-cabling.com\\\/wp-content\\\/uploads\\\/2021\\\/08\\\/hybrid-2_3.jpg\",\"contentUrl\":\"https:\\\/\\\/premiumline-cabling.com\\\/wp-content\\\/uploads\\\/2021\\\/08\\\/hybrid-2_3.jpg\",\"width\":764,\"height\":766},{\"@type\":\"BreadcrumbList\",\"@id\":\"https:\\\/\\\/premiumline-cabling.com\\\/fr\\\/product\\\/panneau-hybride-1u-24-w-couverture\\\/#breadcrumb\",\"itemListElement\":[{\"@type\":\"ListItem\",\"position\":1,\"name\":\"\u0413\u043b\u0430\u0432\u043d\u0430\u044f \u0441\u0442\u0440\u0430\u043d\u0438\u0446\u0430\",\"item\":\"https:\\\/\\\/premiumline-cabling.com\\\/fr\\\/\"},{\"@type\":\"ListItem\",\"position\":2,\"name\":\"Panneau hybride 1U 24 \\\/ avec couvercle\"}]},{\"@type\":\"WebSite\",\"@id\":\"https:\\\/\\\/premiumline-cabling.com\\\/#website\",\"url\":\"https:\\\/\\\/premiumline-cabling.com\\\/\",\"name\":\"Premium-Line\",\"description\":\"Structured Cabling System\",\"publisher\":{\"@id\":\"https:\\\/\\\/premiumline-cabling.com\\\/#organization\"},\"potentialAction\":[{\"@type\":\"SearchAction\",\"target\":{\"@type\":\"EntryPoint\",\"urlTemplate\":\"https:\\\/\\\/premiumline-cabling.com\\\/?s={search_term_string}\"},\"query-input\":{\"@type\":\"PropertyValueSpecification\",\"valueRequired\":true,\"valueName\":\"search_term_string\"}}],\"inLanguage\":\"fr-FR\"},{\"@type\":\"Organization\",\"@id\":\"https:\\\/\\\/premiumline-cabling.com\\\/#organization\",\"name\":\"Premium-Line\",\"url\":\"https:\\\/\\\/premiumline-cabling.com\\\/\",\"logo\":{\"@type\":\"ImageObject\",\"inLanguage\":\"fr-FR\",\"@id\":\"https:\\\/\\\/premiumline-cabling.com\\\/#\\\/schema\\\/logo\\\/image\\\/\",\"url\":\"https:\\\/\\\/premiumline-cabling.com\\\/wp-content\\\/uploads\\\/2019\\\/04\\\/cropped-img_logo_site_Premium-Line.png\",\"contentUrl\":\"https:\\\/\\\/premiumline-cabling.com\\\/wp-content\\\/uploads\\\/2019\\\/04\\\/cropped-img_logo_site_Premium-Line.png\",\"width\":190,\"height\":62,\"caption\":\"Premium-Line\"},\"image\":{\"@id\":\"https:\\\/\\\/premiumline-cabling.com\\\/#\\\/schema\\\/logo\\\/image\\\/\"}}]}<\/script>\n<!-- \/ Yoast SEO plugin. -->","yoast_head_json":{"title":"Panneau de brassage hybride Premium-Line (cuivre et fibre)","description":"Le panneau de brassage hybride est sp\u00e9cialement con\u00e7u pour un d\u00e9ploiement flexible pour le c\u00e2blage d\u2019un centre de donn\u00e9es, c\u2019est un moyen de connexion commutable pour le cuivre et la fibre.","robots":{"index":"index","follow":"follow","max-snippet":"max-snippet:-1","max-image-preview":"max-image-preview:large","max-video-preview":"max-video-preview:-1"},"canonical":"https:\/\/premiumline-cabling.com\/fr\/product\/panneau-hybride-1u-24-w-couverture\/","og_locale":"fr_FR","og_type":"article","og_title":"Panneau de brassage hybride Premium-Line (cuivre et fibre)","og_description":"Le panneau de brassage hybride est sp\u00e9cialement con\u00e7u pour un d\u00e9ploiement flexible pour le c\u00e2blage d\u2019un centre de donn\u00e9es, c\u2019est un moyen de connexion commutable pour le cuivre et la fibre.","og_url":"https:\/\/premiumline-cabling.com\/fr\/product\/panneau-hybride-1u-24-w-couverture\/","og_site_name":"Premium-Line","article_modified_time":"2024-05-07T10:40:03+00:00","og_image":[{"url":"https:\/\/premiumline-cabling.com\/wp-content\/uploads\/2021\/08\/img_PL_Copper-Fiber-Hybrid-Patch-Panel_FB-1024x535.jpg","type":"","width":"","height":""}],"twitter_card":"summary_large_image","twitter_misc":{"Dur\u00e9e de lecture estim\u00e9e":"2 minutes"},"schema":{"@context":"https:\/\/schema.org","@graph":[{"@type":"WebPage","@id":"https:\/\/premiumline-cabling.com\/fr\/product\/panneau-hybride-1u-24-w-couverture\/","url":"https:\/\/premiumline-cabling.com\/fr\/product\/panneau-hybride-1u-24-w-couverture\/","name":"Panneau de brassage hybride Premium-Line (cuivre et fibre)","isPartOf":{"@id":"https:\/\/premiumline-cabling.com\/#website"},"primaryImageOfPage":{"@id":"https:\/\/premiumline-cabling.com\/fr\/product\/panneau-hybride-1u-24-w-couverture\/#primaryimage"},"image":{"@id":"https:\/\/premiumline-cabling.com\/fr\/product\/panneau-hybride-1u-24-w-couverture\/#primaryimage"},"thumbnailUrl":"https:\/\/premiumline-cabling.com\/wp-content\/uploads\/2021\/08\/hybrid-2_3.jpg","datePublished":"2021-08-23T07:40:28+00:00","dateModified":"2024-05-07T10:40:03+00:00","description":"Le panneau de brassage hybride est sp\u00e9cialement con\u00e7u pour un d\u00e9ploiement flexible pour le c\u00e2blage d\u2019un centre de donn\u00e9es, c\u2019est un moyen de connexion commutable pour le cuivre et la fibre.","breadcrumb":{"@id":"https:\/\/premiumline-cabling.com\/fr\/product\/panneau-hybride-1u-24-w-couverture\/#breadcrumb"},"inLanguage":"fr-FR","potentialAction":[{"@type":"ReadAction","target":["https:\/\/premiumline-cabling.com\/fr\/product\/panneau-hybride-1u-24-w-couverture\/"]}]},{"@type":"ImageObject","inLanguage":"fr-FR","@id":"https:\/\/premiumline-cabling.com\/fr\/product\/panneau-hybride-1u-24-w-couverture\/#primaryimage","url":"https:\/\/premiumline-cabling.com\/wp-content\/uploads\/2021\/08\/hybrid-2_3.jpg","contentUrl":"https:\/\/premiumline-cabling.com\/wp-content\/uploads\/2021\/08\/hybrid-2_3.jpg","width":764,"height":766},{"@type":"BreadcrumbList","@id":"https:\/\/premiumline-cabling.com\/fr\/product\/panneau-hybride-1u-24-w-couverture\/#breadcrumb","itemListElement":[{"@type":"ListItem","position":1,"name":"\u0413\u043b\u0430\u0432\u043d\u0430\u044f \u0441\u0442\u0440\u0430\u043d\u0438\u0446\u0430","item":"https:\/\/premiumline-cabling.com\/fr\/"},{"@type":"ListItem","position":2,"name":"Panneau hybride 1U 24 \/ avec couvercle"}]},{"@type":"WebSite","@id":"https:\/\/premiumline-cabling.com\/#website","url":"https:\/\/premiumline-cabling.com\/","name":"Premium-Line","description":"Structured Cabling System","publisher":{"@id":"https:\/\/premiumline-cabling.com\/#organization"},"potentialAction":[{"@type":"SearchAction","target":{"@type":"EntryPoint","urlTemplate":"https:\/\/premiumline-cabling.com\/?s={search_term_string}"},"query-input":{"@type":"PropertyValueSpecification","valueRequired":true,"valueName":"search_term_string"}}],"inLanguage":"fr-FR"},{"@type":"Organization","@id":"https:\/\/premiumline-cabling.com\/#organization","name":"Premium-Line","url":"https:\/\/premiumline-cabling.com\/","logo":{"@type":"ImageObject","inLanguage":"fr-FR","@id":"https:\/\/premiumline-cabling.com\/#\/schema\/logo\/image\/","url":"https:\/\/premiumline-cabling.com\/wp-content\/uploads\/2019\/04\/cropped-img_logo_site_Premium-Line.png","contentUrl":"https:\/\/premiumline-cabling.com\/wp-content\/uploads\/2019\/04\/cropped-img_logo_site_Premium-Line.png","width":190,"height":62,"caption":"Premium-Line"},"image":{"@id":"https:\/\/premiumline-cabling.com\/#\/schema\/logo\/image\/"}}]}},"_links":{"self":[{"href":"https:\/\/premiumline-cabling.com\/fr\/wp-json\/wp\/v2\/product\/20392","targetHints":{"allow":["GET"]}}],"collection":[{"href":"https:\/\/premiumline-cabling.com\/fr\/wp-json\/wp\/v2\/product"}],"about":[{"href":"https:\/\/premiumline-cabling.com\/fr\/wp-json\/wp\/v2\/types\/product"}],"wp:featuredmedia":[{"embeddable":true,"href":"https:\/\/premiumline-cabling.com\/fr\/wp-json\/wp\/v2\/media\/20395"}],"wp:attachment":[{"href":"https:\/\/premiumline-cabling.com\/fr\/wp-json\/wp\/v2\/media?parent=20392"}],"wp:term":[{"taxonomy":"product_category","embeddable":true,"href":"https:\/\/premiumline-cabling.com\/fr\/wp-json\/wp\/v2\/product_category?post=20392"}],"curies":[{"name":"wp","href":"https:\/\/api.w.org\/{rel}","templated":true}]}}