{"id":20338,"date":"2019-08-08T14:50:52","date_gmt":"2019-08-08T13:50:52","guid":{"rendered":"https:\/\/premiumline-cabling.com\/product\/chat-6-cable-d-installation-exterieur-u-utp\/"},"modified":"2024-04-09T11:40:25","modified_gmt":"2024-04-09T10:40:25","slug":"chat-6-cable-d-installation-exterieur-u-utp","status":"publish","type":"product","link":"https:\/\/premiumline-cabling.com\/fr\/product\/chat-6-cable-d-installation-exterieur-u-utp\/","title":{"rendered":"Cat. 6 U\/UTP C\u00e2ble d\u2019installation ext\u00e9rieure"},"content":{"rendered":"<p>Le c\u00e2ble Premium-Line de cat\u00e9gorie 6 rempli de gel est la conception id\u00e9ale pour le c\u00e2blage ext\u00e9rieur. Chaque conducteur est compos\u00e9 de<br>\ncuivre nu recuit 23AWG, pour garantir la r\u00e9sistance \u00e0 l\u2019allongement du conducteur. Le compos\u00e9 semi-solide<br>\nLe rembourrage autour de chaque paire permet d\u2019\u00e9viter la p\u00e9n\u00e9tration de l\u2019eau et de prot\u00e9ger l\u2019isolation int\u00e9rieure des intemp\u00e9ries. Le<br>\nLe c\u00e2ble est dot\u00e9 d\u2019une excellente gaine en PE pour s\u2019assurer qu\u2019il peut r\u00e9sister \u00e0 toutes les conditions m\u00e9t\u00e9orologiques<br>\nplage -40\u00b0C ~60\u00b0C.<\/p>\n<h3><strong>Normes :<\/strong><\/h3>\n<p><noscript><img decoding=\"async\" class=\"alignright wp-image-2870 size-medium\" src=\"https:\/\/premiumline-cabling.com\/wp-content\/uploads\/2019\/08\/Cat.6-U_UTP-out-cable-300x94.jpg\" alt width=\"300\" height=\"94\" srcset=\"https:\/\/premiumline-cabling.com\/wp-content\/uploads\/2019\/08\/Cat.6-U_UTP-out-cable-300x94.jpg 300w, https:\/\/premiumline-cabling.com\/wp-content\/uploads\/2019\/08\/Cat.6-U_UTP-out-cable.jpg 524w\" sizes=\"(max-width: 300px) 100vw, 300px\"><\/noscript><img decoding=\"async\" class=\"alignright wp-image-2870 size-medium lazyload\" src=\"data:image\/svg+xml,%3Csvg%20xmlns%3D%22http%3A%2F%2Fwww.w3.org%2F2000%2Fsvg%22%20viewBox%3D%220%200%20300%2094%22%3E%3C%2Fsvg%3E\" alt width=\"300\" height=\"94\" srcset=\"data:image\/svg+xml,%3Csvg%20xmlns%3D%22http%3A%2F%2Fwww.w3.org%2F2000%2Fsvg%22%20viewBox%3D%220%200%20300%2094%22%3E%3C%2Fsvg%3E 300w\" sizes=\"(max-width: 300px) 100vw, 300px\" data-srcset=\"https:\/\/premiumline-cabling.com\/wp-content\/uploads\/2019\/08\/Cat.6-U_UTP-out-cable-300x94.jpg 300w, https:\/\/premiumline-cabling.com\/wp-content\/uploads\/2019\/08\/Cat.6-U_UTP-out-cable.jpg 524w\" data-src=\"https:\/\/premiumline-cabling.com\/wp-content\/uploads\/2019\/08\/Cat.6-U_UTP-out-cable-300x94.jpg\"><\/p>\n<ul>\n<li>ANSI\/TIA-568.2-D:2018<\/li>\n<li>ISO\/IEC 11801-1 Classe E:2017<\/li>\n<li>CENELEC EN 50173-1:2018<\/li>\n<li>CENELEC EN 50288-6-1&nbsp;:2013<\/li>\n<li>IEC61156-5&nbsp;:2012(\u00c9dition0)<\/li>\n<li>Conforme \u00e0 la directive RoHS (directive europ\u00e9enne 2011\/65\/CE)<\/li>\n<\/ul>\n<h3><strong>Application :<noscript><img decoding=\"async\" class=\"size-medium wp-image-21451 alignright\" src=\"https:\/\/premiumline-cabling.com\/wp-content\/uploads\/2019\/08\/Cat.6-U_UTP-cable-outdoor-gel-configuration-300x232.jpg\" alt width=\"300\" height=\"232\" srcset=\"https:\/\/premiumline-cabling.com\/wp-content\/uploads\/2019\/08\/Cat.6-U_UTP-cable-outdoor-gel-configuration-300x232.jpg 300w, https:\/\/premiumline-cabling.com\/wp-content\/uploads\/2019\/08\/Cat.6-U_UTP-cable-outdoor-gel-configuration.jpg 364w\" sizes=\"(max-width: 300px) 100vw, 300px\"><\/noscript><img decoding=\"async\" class=\"size-medium wp-image-21451 alignright lazyload\" src=\"data:image\/svg+xml,%3Csvg%20xmlns%3D%22http%3A%2F%2Fwww.w3.org%2F2000%2Fsvg%22%20viewBox%3D%220%200%20300%20232%22%3E%3C%2Fsvg%3E\" alt width=\"300\" height=\"232\" srcset=\"data:image\/svg+xml,%3Csvg%20xmlns%3D%22http%3A%2F%2Fwww.w3.org%2F2000%2Fsvg%22%20viewBox%3D%220%200%20300%20232%22%3E%3C%2Fsvg%3E 300w\" sizes=\"(max-width: 300px) 100vw, 300px\" data-srcset=\"https:\/\/premiumline-cabling.com\/wp-content\/uploads\/2019\/08\/Cat.6-U_UTP-cable-outdoor-gel-configuration-300x232.jpg 300w, https:\/\/premiumline-cabling.com\/wp-content\/uploads\/2019\/08\/Cat.6-U_UTP-cable-outdoor-gel-configuration.jpg 364w\" data-src=\"https:\/\/premiumline-cabling.com\/wp-content\/uploads\/2019\/08\/Cat.6-U_UTP-cable-outdoor-gel-configuration-300x232.jpg\"><\/strong><\/h3>\n<ul>\n<li>Syst\u00e8me de vid\u00e9osurveillance IP, transmission vocale<\/li>\n<li>Syst\u00e8me POE<\/li>\n<li>1000BASE-TX (Gigabit Ethernet)<\/li>\n<li>1000BASE-T (Gigabit Ethernet)<\/li>\n<li>100BASE-TX Fast Ethernet<\/li>\n<li>10BASE-T Ethernet<\/li>\n<li>Voix<\/li>\n<\/ul>\n<p>&nbsp;<\/p>\n<h3><strong>Configuration<\/strong><\/h3>\n<table width=\"544\">\n<tbody>\n<tr>\n<td width=\"119\">Conducteur<\/td>\n<td width=\"113\">Mat\u00e9riau<\/td>\n<td width=\"312\">Cuivre nu \/ 23 AWG<\/td>\n<\/tr>\n<tr>\n<td rowspan=\"2\" width=\"119\">Isolation<\/td>\n<td width=\"113\">Mat\u00e9riau<\/td>\n<td width=\"312\">PE<\/td>\n<\/tr>\n<tr>\n<td width=\"113\">Diam\u00e8tre<\/td>\n<td width=\"312\">1,12 \u00b1 0,05 millim\u00e8tre<\/td>\n<\/tr>\n<tr>\n<td width=\"119\">Croix \u00ab \u5341 \u00bb<\/td>\n<td width=\"113\">Mat\u00e9riau<\/td>\n<td width=\"312\">PE<\/td>\n<\/tr>\n<tr>\n<td rowspan=\"3\" width=\"119\">Fourreau<\/td>\n<td width=\"113\">Mat\u00e9riau<\/td>\n<td width=\"312\">PEBD \/ noir<\/td>\n<\/tr>\n<tr>\n<td width=\"113\">\u00c9paisseur<\/td>\n<td width=\"312\">0,60 \u00b1 0,05 mm<\/td>\n<\/tr>\n<tr>\n<td width=\"113\">Diam\u00e8tre<\/td>\n<td width=\"312\">7,20 \u00b1 0,5 mm<\/td>\n<\/tr>\n<tr>\n<td colspan=\"2\" width=\"232\">GEL<\/td>\n<td width=\"312\">Compos\u00e9 de remplissage de gel\u00e9e<\/td>\n<\/tr>\n<tr>\n<td colspan=\"2\" width=\"232\">Temp\u00e9rature de fonctionnement<\/td>\n<td width=\"312\">-40<sup>\u00b0<\/sup>C \u00e0 +60<sup>\u00b0<\/sup>C<\/td>\n<\/tr>\n<tr>\n<td colspan=\"2\" width=\"232\">Temp\u00e9rature de stockage \/ transport<\/td>\n<td width=\"312\">-50<sup>\u00b0<\/sup>C \u00e0 +70<sup>\u00b0<\/sup>C<\/td>\n<\/tr>\n<tr>\n<td colspan=\"2\" width=\"232\">Temp\u00e9rature d&#8217;installation<\/td>\n<td width=\"312\">-10<sup>\u00b0<\/sup>C \u00e0 +50<sup>\u00b0<\/sup>C<\/td>\n<\/tr>\n<\/tbody>\n<\/table>\n<h3><strong>Classement<\/strong> Information<\/h3>\n<table width=\"100%\">\n<thead>\n<tr>\n<td><strong>PART NO.<\/strong><\/td>\n<td><strong>DESCRIPTION<\/strong><\/td>\n<td><strong>TAILLE DE L&#8217;EMBALLAGE<\/strong><\/td>\n<\/tr>\n<\/thead>\n<tbody>\n<tr>\n<td>726143122<\/td>\n<td>C\u00e2ble d\u2019installation U\/UTP de cat\u00e9gorie 6, ext\u00e9rieur, rempli de gel, PE, noir<\/td>\n<td>305 m \/ bobine, taille de la bobine : 35 * 35 * 29,8 cm<\/td>\n<\/tr>\n<\/tbody>\n<\/table>\n<p>&nbsp;<\/p>\n","protected":false},"featured_media":20339,"template":"","product_category":[421],"class_list":["post-20338","product","type-product","status-publish","has-post-thumbnail","hentry","product_category-cable-dinstallation-fr"],"yoast_head":"<!-- This site is optimized with the Yoast SEO plugin v27.2 - https:\/\/yoast.com\/product\/yoast-seo-wordpress\/ -->\n<title>Cat. 6 U\/UTP C\u00e2ble d\u2019installation ext\u00e9rieure - Premium-Line<\/title>\n<meta name=\"robots\" content=\"index, follow, max-snippet:-1, max-image-preview:large, max-video-preview:-1\" \/>\n<link rel=\"canonical\" href=\"https:\/\/premiumline-cabling.com\/fr\/product\/chat-6-cable-d-installation-exterieur-u-utp\/\" \/>\n<meta property=\"og:locale\" content=\"fr_FR\" \/>\n<meta property=\"og:type\" content=\"article\" \/>\n<meta property=\"og:title\" content=\"Cat. 6 U\/UTP C\u00e2ble d\u2019installation ext\u00e9rieure - Premium-Line\" \/>\n<meta property=\"og:description\" content=\"Le c\u00e2ble Premium-Line de cat\u00e9gorie 6 rempli de gel est la conception id\u00e9ale pour le c\u00e2blage ext\u00e9rieur. Chaque conducteur est compos\u00e9 de cuivre nu recuit 23AWG, pour garantir la r\u00e9sistance...\" \/>\n<meta property=\"og:url\" content=\"https:\/\/premiumline-cabling.com\/fr\/product\/chat-6-cable-d-installation-exterieur-u-utp\/\" \/>\n<meta property=\"og:site_name\" content=\"Premium-Line\" \/>\n<meta property=\"article:modified_time\" content=\"2024-04-09T10:40:25+00:00\" \/>\n<meta property=\"og:image\" content=\"https:\/\/premiumline-cabling.com\/wp-content\/uploads\/2019\/08\/Cat.6-U_UTP-out-cable.jpg\" \/>\n\t<meta property=\"og:image:width\" content=\"524\" \/>\n\t<meta property=\"og:image:height\" content=\"165\" \/>\n\t<meta property=\"og:image:type\" content=\"image\/jpeg\" \/>\n<meta name=\"twitter:card\" content=\"summary_large_image\" \/>\n<meta name=\"twitter:label1\" content=\"Dur\u00e9e de lecture estim\u00e9e\" \/>\n\t<meta name=\"twitter:data1\" content=\"2 minutes\" \/>\n<script type=\"application\/ld+json\" class=\"yoast-schema-graph\">{\"@context\":\"https:\/\/schema.org\",\"@graph\":[{\"@type\":\"WebPage\",\"@id\":\"https:\/\/premiumline-cabling.com\/fr\/product\/chat-6-cable-d-installation-exterieur-u-utp\/\",\"url\":\"https:\/\/premiumline-cabling.com\/fr\/product\/chat-6-cable-d-installation-exterieur-u-utp\/\",\"name\":\"Cat. 6 U\/UTP C\u00e2ble d\u2019installation ext\u00e9rieure - Premium-Line\",\"isPartOf\":{\"@id\":\"https:\/\/premiumline-cabling.com\/#website\"},\"primaryImageOfPage\":{\"@id\":\"https:\/\/premiumline-cabling.com\/fr\/product\/chat-6-cable-d-installation-exterieur-u-utp\/#primaryimage\"},\"image\":{\"@id\":\"https:\/\/premiumline-cabling.com\/fr\/product\/chat-6-cable-d-installation-exterieur-u-utp\/#primaryimage\"},\"thumbnailUrl\":\"https:\/\/premiumline-cabling.com\/wp-content\/uploads\/2019\/08\/Cat.6-U_UTP-out-cable.jpg\",\"datePublished\":\"2019-08-08T13:50:52+00:00\",\"dateModified\":\"2024-04-09T10:40:25+00:00\",\"breadcrumb\":{\"@id\":\"https:\/\/premiumline-cabling.com\/fr\/product\/chat-6-cable-d-installation-exterieur-u-utp\/#breadcrumb\"},\"inLanguage\":\"fr-FR\",\"potentialAction\":[{\"@type\":\"ReadAction\",\"target\":[\"https:\/\/premiumline-cabling.com\/fr\/product\/chat-6-cable-d-installation-exterieur-u-utp\/\"]}]},{\"@type\":\"ImageObject\",\"inLanguage\":\"fr-FR\",\"@id\":\"https:\/\/premiumline-cabling.com\/fr\/product\/chat-6-cable-d-installation-exterieur-u-utp\/#primaryimage\",\"url\":\"https:\/\/premiumline-cabling.com\/wp-content\/uploads\/2019\/08\/Cat.6-U_UTP-out-cable.jpg\",\"contentUrl\":\"https:\/\/premiumline-cabling.com\/wp-content\/uploads\/2019\/08\/Cat.6-U_UTP-out-cable.jpg\",\"width\":524,\"height\":165},{\"@type\":\"BreadcrumbList\",\"@id\":\"https:\/\/premiumline-cabling.com\/fr\/product\/chat-6-cable-d-installation-exterieur-u-utp\/#breadcrumb\",\"itemListElement\":[{\"@type\":\"ListItem\",\"position\":1,\"name\":\"\u0413\u043b\u0430\u0432\u043d\u0430\u044f \u0441\u0442\u0440\u0430\u043d\u0438\u0446\u0430\",\"item\":\"https:\/\/premiumline-cabling.com\/fr\/\"},{\"@type\":\"ListItem\",\"position\":2,\"name\":\"Cat. 6 U\/UTP C\u00e2ble d\u2019installation ext\u00e9rieure\"}]},{\"@type\":\"WebSite\",\"@id\":\"https:\/\/premiumline-cabling.com\/#website\",\"url\":\"https:\/\/premiumline-cabling.com\/\",\"name\":\"Premium-Line\",\"description\":\"Structured Cabling System\",\"publisher\":{\"@id\":\"https:\/\/premiumline-cabling.com\/#organization\"},\"potentialAction\":[{\"@type\":\"SearchAction\",\"target\":{\"@type\":\"EntryPoint\",\"urlTemplate\":\"https:\/\/premiumline-cabling.com\/?s={search_term_string}\"},\"query-input\":{\"@type\":\"PropertyValueSpecification\",\"valueRequired\":true,\"valueName\":\"search_term_string\"}}],\"inLanguage\":\"fr-FR\"},{\"@type\":\"Organization\",\"@id\":\"https:\/\/premiumline-cabling.com\/#organization\",\"name\":\"Premium-Line\",\"url\":\"https:\/\/premiumline-cabling.com\/\",\"logo\":{\"@type\":\"ImageObject\",\"inLanguage\":\"fr-FR\",\"@id\":\"https:\/\/premiumline-cabling.com\/#\/schema\/logo\/image\/\",\"url\":\"https:\/\/premiumline-cabling.com\/wp-content\/uploads\/2019\/04\/cropped-img_logo_site_Premium-Line.png\",\"contentUrl\":\"https:\/\/premiumline-cabling.com\/wp-content\/uploads\/2019\/04\/cropped-img_logo_site_Premium-Line.png\",\"width\":190,\"height\":62,\"caption\":\"Premium-Line\"},\"image\":{\"@id\":\"https:\/\/premiumline-cabling.com\/#\/schema\/logo\/image\/\"}}]}<\/script>\n<!-- \/ Yoast SEO plugin. -->","yoast_head_json":{"title":"Cat. 6 U\/UTP C\u00e2ble d\u2019installation ext\u00e9rieure - Premium-Line","robots":{"index":"index","follow":"follow","max-snippet":"max-snippet:-1","max-image-preview":"max-image-preview:large","max-video-preview":"max-video-preview:-1"},"canonical":"https:\/\/premiumline-cabling.com\/fr\/product\/chat-6-cable-d-installation-exterieur-u-utp\/","og_locale":"fr_FR","og_type":"article","og_title":"Cat. 6 U\/UTP C\u00e2ble d\u2019installation ext\u00e9rieure - Premium-Line","og_description":"Le c\u00e2ble Premium-Line de cat\u00e9gorie 6 rempli de gel est la conception id\u00e9ale pour le c\u00e2blage ext\u00e9rieur. Chaque conducteur est compos\u00e9 de cuivre nu recuit 23AWG, pour garantir la r\u00e9sistance...","og_url":"https:\/\/premiumline-cabling.com\/fr\/product\/chat-6-cable-d-installation-exterieur-u-utp\/","og_site_name":"Premium-Line","article_modified_time":"2024-04-09T10:40:25+00:00","og_image":[{"width":524,"height":165,"url":"https:\/\/premiumline-cabling.com\/wp-content\/uploads\/2019\/08\/Cat.6-U_UTP-out-cable.jpg","type":"image\/jpeg"}],"twitter_card":"summary_large_image","twitter_misc":{"Dur\u00e9e de lecture estim\u00e9e":"2 minutes"},"schema":{"@context":"https:\/\/schema.org","@graph":[{"@type":"WebPage","@id":"https:\/\/premiumline-cabling.com\/fr\/product\/chat-6-cable-d-installation-exterieur-u-utp\/","url":"https:\/\/premiumline-cabling.com\/fr\/product\/chat-6-cable-d-installation-exterieur-u-utp\/","name":"Cat. 6 U\/UTP C\u00e2ble d\u2019installation ext\u00e9rieure - Premium-Line","isPartOf":{"@id":"https:\/\/premiumline-cabling.com\/#website"},"primaryImageOfPage":{"@id":"https:\/\/premiumline-cabling.com\/fr\/product\/chat-6-cable-d-installation-exterieur-u-utp\/#primaryimage"},"image":{"@id":"https:\/\/premiumline-cabling.com\/fr\/product\/chat-6-cable-d-installation-exterieur-u-utp\/#primaryimage"},"thumbnailUrl":"https:\/\/premiumline-cabling.com\/wp-content\/uploads\/2019\/08\/Cat.6-U_UTP-out-cable.jpg","datePublished":"2019-08-08T13:50:52+00:00","dateModified":"2024-04-09T10:40:25+00:00","breadcrumb":{"@id":"https:\/\/premiumline-cabling.com\/fr\/product\/chat-6-cable-d-installation-exterieur-u-utp\/#breadcrumb"},"inLanguage":"fr-FR","potentialAction":[{"@type":"ReadAction","target":["https:\/\/premiumline-cabling.com\/fr\/product\/chat-6-cable-d-installation-exterieur-u-utp\/"]}]},{"@type":"ImageObject","inLanguage":"fr-FR","@id":"https:\/\/premiumline-cabling.com\/fr\/product\/chat-6-cable-d-installation-exterieur-u-utp\/#primaryimage","url":"https:\/\/premiumline-cabling.com\/wp-content\/uploads\/2019\/08\/Cat.6-U_UTP-out-cable.jpg","contentUrl":"https:\/\/premiumline-cabling.com\/wp-content\/uploads\/2019\/08\/Cat.6-U_UTP-out-cable.jpg","width":524,"height":165},{"@type":"BreadcrumbList","@id":"https:\/\/premiumline-cabling.com\/fr\/product\/chat-6-cable-d-installation-exterieur-u-utp\/#breadcrumb","itemListElement":[{"@type":"ListItem","position":1,"name":"\u0413\u043b\u0430\u0432\u043d\u0430\u044f \u0441\u0442\u0440\u0430\u043d\u0438\u0446\u0430","item":"https:\/\/premiumline-cabling.com\/fr\/"},{"@type":"ListItem","position":2,"name":"Cat. 6 U\/UTP C\u00e2ble d\u2019installation ext\u00e9rieure"}]},{"@type":"WebSite","@id":"https:\/\/premiumline-cabling.com\/#website","url":"https:\/\/premiumline-cabling.com\/","name":"Premium-Line","description":"Structured Cabling System","publisher":{"@id":"https:\/\/premiumline-cabling.com\/#organization"},"potentialAction":[{"@type":"SearchAction","target":{"@type":"EntryPoint","urlTemplate":"https:\/\/premiumline-cabling.com\/?s={search_term_string}"},"query-input":{"@type":"PropertyValueSpecification","valueRequired":true,"valueName":"search_term_string"}}],"inLanguage":"fr-FR"},{"@type":"Organization","@id":"https:\/\/premiumline-cabling.com\/#organization","name":"Premium-Line","url":"https:\/\/premiumline-cabling.com\/","logo":{"@type":"ImageObject","inLanguage":"fr-FR","@id":"https:\/\/premiumline-cabling.com\/#\/schema\/logo\/image\/","url":"https:\/\/premiumline-cabling.com\/wp-content\/uploads\/2019\/04\/cropped-img_logo_site_Premium-Line.png","contentUrl":"https:\/\/premiumline-cabling.com\/wp-content\/uploads\/2019\/04\/cropped-img_logo_site_Premium-Line.png","width":190,"height":62,"caption":"Premium-Line"},"image":{"@id":"https:\/\/premiumline-cabling.com\/#\/schema\/logo\/image\/"}}]}},"_links":{"self":[{"href":"https:\/\/premiumline-cabling.com\/fr\/wp-json\/wp\/v2\/product\/20338","targetHints":{"allow":["GET"]}}],"collection":[{"href":"https:\/\/premiumline-cabling.com\/fr\/wp-json\/wp\/v2\/product"}],"about":[{"href":"https:\/\/premiumline-cabling.com\/fr\/wp-json\/wp\/v2\/types\/product"}],"wp:featuredmedia":[{"embeddable":true,"href":"https:\/\/premiumline-cabling.com\/fr\/wp-json\/wp\/v2\/media\/20339"}],"wp:attachment":[{"href":"https:\/\/premiumline-cabling.com\/fr\/wp-json\/wp\/v2\/media?parent=20338"}],"wp:term":[{"taxonomy":"product_category","embeddable":true,"href":"https:\/\/premiumline-cabling.com\/fr\/wp-json\/wp\/v2\/product_category?post=20338"}],"curies":[{"name":"wp","href":"https:\/\/api.w.org\/{rel}","templated":true}]}}