{"id":20335,"date":"2019-08-08T15:27:45","date_gmt":"2019-08-08T14:27:45","guid":{"rendered":"https:\/\/premiumline-cabling.com\/product\/chat-6-u-utp-cable-d-antenne-exterieure\/"},"modified":"2024-03-12T15:18:47","modified_gmt":"2024-03-12T14:18:47","slug":"chat-6-u-utp-cable-d-antenne-exterieure","status":"publish","type":"product","link":"https:\/\/premiumline-cabling.com\/fr\/product\/chat-6-u-utp-cable-d-antenne-exterieure\/","title":{"rendered":"Cat. 6 U\/UTP C\u00e2ble d\u2019antenne ext\u00e9rieure"},"content":{"rendered":"<h4><strong>Normes :<\/strong><\/h4>\n<ul>\n<li>ANSI\/TIA-568.2-D:2018<\/li>\n<li><noscript><img decoding=\"async\" class=\"alignright wp-image-2874 size-medium\" src=\"https:\/\/premiumline-cabling.com\/wp-content\/uploads\/2019\/08\/Cat.6-U_UTP-out-aer-cable-conf-300x222.jpg\" alt width=\"300\" height=\"222\" srcset=\"https:\/\/premiumline-cabling.com\/wp-content\/uploads\/2019\/08\/Cat.6-U_UTP-out-aer-cable-conf-300x222.jpg 300w, https:\/\/premiumline-cabling.com\/wp-content\/uploads\/2019\/08\/Cat.6-U_UTP-out-aer-cable-conf.jpg 453w\" sizes=\"(max-width: 300px) 100vw, 300px\"><\/noscript><img decoding=\"async\" class=\"alignright wp-image-2874 size-medium lazyload\" src=\"data:image\/svg+xml,%3Csvg%20xmlns%3D%22http%3A%2F%2Fwww.w3.org%2F2000%2Fsvg%22%20viewBox%3D%220%200%20300%20222%22%3E%3C%2Fsvg%3E\" alt width=\"300\" height=\"222\" srcset=\"data:image\/svg+xml,%3Csvg%20xmlns%3D%22http%3A%2F%2Fwww.w3.org%2F2000%2Fsvg%22%20viewBox%3D%220%200%20300%20222%22%3E%3C%2Fsvg%3E 300w\" sizes=\"(max-width: 300px) 100vw, 300px\" data-srcset=\"https:\/\/premiumline-cabling.com\/wp-content\/uploads\/2019\/08\/Cat.6-U_UTP-out-aer-cable-conf-300x222.jpg 300w, https:\/\/premiumline-cabling.com\/wp-content\/uploads\/2019\/08\/Cat.6-U_UTP-out-aer-cable-conf.jpg 453w\" data-src=\"https:\/\/premiumline-cabling.com\/wp-content\/uploads\/2019\/08\/Cat.6-U_UTP-out-aer-cable-conf-300x222.jpg\">ISO\/IEC 11801-1:2017<\/li>\n<li>CENELEC EN 50288-11-1 :2012<\/li>\n<li>IEC 61156-5 :2012 (\u00e9dition 2.0)<\/li>\n<li>EN50173-1 :2011<\/li>\n<li>Conforme \u00e0 la directive RoHS (directive europ\u00e9enne 2011\/65\/CE)<\/li>\n<\/ul>\n<h4><strong>Application :<\/strong><\/h4>\n<ul>\n<li>Syst\u00e8me de vid\u00e9osurveillance IP, transmission vocale<\/li>\n<li>Syst\u00e8me POE<\/li>\n<li>1000BASE-TX (Gigabit Ethernet)<\/li>\n<li>1000BASE-T (Gigabit Ethernet)<\/li>\n<li>100BASE-TX Fast Ethernet<\/li>\n<li>10BASE-T Ethernet<\/li>\n<li>Applications \u00e0 l\u2019ext\u00e9rieur de l\u2019usine<\/li>\n<li>Voix<\/li>\n<\/ul>\n<h4><strong>La construction<\/strong><\/h4>\n<table width=\"0\">\n<tbody>\n<tr>\n<td width=\"101\">Conducteur<\/td>\n<td width=\"132\">Mat\u00e9riau<\/td>\n<td colspan=\"2\" width=\"361\">Cuivre nu \/ 23 AWG<\/td>\n<\/tr>\n<tr>\n<td rowspan=\"2\" width=\"101\">Isolation<\/td>\n<td width=\"132\">Mat\u00e9riau<\/td>\n<td colspan=\"2\" width=\"361\">PEHD<\/td>\n<\/tr>\n<tr>\n<td width=\"132\">Diam\u00e8tre<\/td>\n<td colspan=\"2\" width=\"361\">1,02 \u00b1 0,10 mm<\/td>\n<\/tr>\n<tr>\n<td rowspan=\"3\" width=\"101\">Fourreau<\/td>\n<td width=\"132\">Mat\u00e9riau<\/td>\n<td colspan=\"2\" width=\"361\">PEBD \/ noir<\/td>\n<\/tr>\n<tr>\n<td width=\"132\">\u00c9paisseur<\/td>\n<td colspan=\"2\" width=\"361\">0,55 \u00b1 0,05 mm<\/td>\n<\/tr>\n<tr>\n<td width=\"132\">Diam\u00e8tre<\/td>\n<td colspan=\"2\" width=\"361\">6,6 \u00b1 0,4 mm<\/td>\n<\/tr>\n<tr>\n<td width=\"101\">Fils d\u2019acier<\/td>\n<td colspan=\"2\" width=\"132\">Diam\u00e8tre<\/td>\n<td width=\"361\">1,2 millim\u00e8tre<\/td>\n<\/tr>\n<\/tbody>\n<\/table>\n<h4><strong>Caract\u00e9ristiques m\u00e9caniques et environnementales<\/strong><\/h4>\n<table width=\"100%\">\n<thead>\n<tr>\n<td rowspan=\"2\"><strong>Rayon de courbure<\/strong><\/td>\n<td><strong>\u2265 6D, sans charge<\/strong><\/td>\n<\/tr>\n<tr>\n<td><strong>\u22658D, avec charge<\/strong><\/td>\n<\/tr>\n<\/thead>\n<tbody>\n<tr>\n<td>Temp\u00e9rature de fonctionnement<\/td>\n<td>-40 \u00b0C ~+60 \u00b0C<\/td>\n<\/tr>\n<tr>\n<td>Temp\u00e9rature d&#8217;installation<\/td>\n<td>-10 \u00b0C ~+50\u00b0C<\/td>\n<\/tr>\n<tr>\n<td>Temp\u00e9rature de stockage<\/td>\n<td>-50 \u00b0C ~+70 \u00b0C<\/td>\n<\/tr>\n<\/tbody>\n<\/table>\n<h4><strong>cat\u00e9gorie 6 U\/UTP pour l&#8217;ext\u00e9rieur en Mousse d\u2019huile<\/strong><\/h4>\n<table width=\"100%\">\n<thead>\n<tr>\n<td><strong>PART NO.<\/strong><\/td>\n<td><strong>DESCRIPTION<\/strong><\/td>\n<td><strong>TAILLE DE L&#8217;EMBALLAGE<\/strong><\/td>\n<\/tr>\n<\/thead>\n<tbody>\n<tr>\n<td>796143222<\/td>\n<td>C\u00e2ble d\u2019installation d\u2019antenne ext\u00e9rieure U\/UTP de cat\u00e9gorie 6, PE, noir, 500 m\/bobine<\/td>\n<td>56 (O.D.) 21 (H) cm<\/td>\n<\/tr>\n<\/tbody>\n<\/table>\n<p>&nbsp;<\/p>\n","protected":false},"featured_media":20336,"template":"","product_category":[421],"class_list":["post-20335","product","type-product","status-publish","has-post-thumbnail","hentry","product_category-cable-dinstallation-fr"],"yoast_head":"<!-- This site is optimized with the Yoast SEO plugin v27.2 - https:\/\/yoast.com\/product\/yoast-seo-wordpress\/ -->\n<title>Cat. 6 U\/UTP C\u00e2ble d\u2019antenne ext\u00e9rieure - Premium-Line<\/title>\n<meta name=\"robots\" content=\"index, follow, max-snippet:-1, max-image-preview:large, max-video-preview:-1\" \/>\n<link rel=\"canonical\" href=\"https:\/\/premiumline-cabling.com\/fr\/product\/chat-6-u-utp-cable-d-antenne-exterieure\/\" \/>\n<meta property=\"og:locale\" content=\"fr_FR\" \/>\n<meta property=\"og:type\" content=\"article\" \/>\n<meta property=\"og:title\" content=\"Cat. 6 U\/UTP C\u00e2ble d\u2019antenne ext\u00e9rieure - Premium-Line\" \/>\n<meta property=\"og:description\" content=\"Normes : ANSI\/TIA-568.2-D:2018 ISO\/IEC 11801-1:2017 CENELEC EN 50288-11-1 :2012 IEC 61156-5 :2012 (\u00e9dition 2.0) EN50173-1 :2011 Conforme \u00e0 la directive RoHS (directive europ\u00e9enne 2011\/65\/CE) Application : Syst\u00e8me de vid\u00e9osurveillance IP,...\" \/>\n<meta property=\"og:url\" content=\"https:\/\/premiumline-cabling.com\/fr\/product\/chat-6-u-utp-cable-d-antenne-exterieure\/\" \/>\n<meta property=\"og:site_name\" content=\"Premium-Line\" \/>\n<meta property=\"article:modified_time\" content=\"2024-03-12T14:18:47+00:00\" \/>\n<meta property=\"og:image\" content=\"https:\/\/premiumline-cabling.com\/wp-content\/uploads\/2019\/08\/Cat.6-U_UTP-out-aer-cable-conf.jpg\" \/>\n\t<meta property=\"og:image:width\" content=\"453\" \/>\n\t<meta property=\"og:image:height\" content=\"335\" \/>\n\t<meta property=\"og:image:type\" content=\"image\/jpeg\" \/>\n<meta name=\"twitter:card\" content=\"summary_large_image\" \/>\n<meta name=\"twitter:label1\" content=\"Dur\u00e9e de lecture estim\u00e9e\" \/>\n\t<meta name=\"twitter:data1\" content=\"2 minutes\" \/>\n<script type=\"application\/ld+json\" class=\"yoast-schema-graph\">{\"@context\":\"https:\/\/schema.org\",\"@graph\":[{\"@type\":\"WebPage\",\"@id\":\"https:\/\/premiumline-cabling.com\/fr\/product\/chat-6-u-utp-cable-d-antenne-exterieure\/\",\"url\":\"https:\/\/premiumline-cabling.com\/fr\/product\/chat-6-u-utp-cable-d-antenne-exterieure\/\",\"name\":\"Cat. 6 U\/UTP C\u00e2ble d\u2019antenne ext\u00e9rieure - Premium-Line\",\"isPartOf\":{\"@id\":\"https:\/\/premiumline-cabling.com\/#website\"},\"primaryImageOfPage\":{\"@id\":\"https:\/\/premiumline-cabling.com\/fr\/product\/chat-6-u-utp-cable-d-antenne-exterieure\/#primaryimage\"},\"image\":{\"@id\":\"https:\/\/premiumline-cabling.com\/fr\/product\/chat-6-u-utp-cable-d-antenne-exterieure\/#primaryimage\"},\"thumbnailUrl\":\"https:\/\/premiumline-cabling.com\/wp-content\/uploads\/2019\/08\/Cat.6-U_UTP-out-aer-cable-conf.jpg\",\"datePublished\":\"2019-08-08T14:27:45+00:00\",\"dateModified\":\"2024-03-12T14:18:47+00:00\",\"breadcrumb\":{\"@id\":\"https:\/\/premiumline-cabling.com\/fr\/product\/chat-6-u-utp-cable-d-antenne-exterieure\/#breadcrumb\"},\"inLanguage\":\"fr-FR\",\"potentialAction\":[{\"@type\":\"ReadAction\",\"target\":[\"https:\/\/premiumline-cabling.com\/fr\/product\/chat-6-u-utp-cable-d-antenne-exterieure\/\"]}]},{\"@type\":\"ImageObject\",\"inLanguage\":\"fr-FR\",\"@id\":\"https:\/\/premiumline-cabling.com\/fr\/product\/chat-6-u-utp-cable-d-antenne-exterieure\/#primaryimage\",\"url\":\"https:\/\/premiumline-cabling.com\/wp-content\/uploads\/2019\/08\/Cat.6-U_UTP-out-aer-cable-conf.jpg\",\"contentUrl\":\"https:\/\/premiumline-cabling.com\/wp-content\/uploads\/2019\/08\/Cat.6-U_UTP-out-aer-cable-conf.jpg\",\"width\":453,\"height\":335},{\"@type\":\"BreadcrumbList\",\"@id\":\"https:\/\/premiumline-cabling.com\/fr\/product\/chat-6-u-utp-cable-d-antenne-exterieure\/#breadcrumb\",\"itemListElement\":[{\"@type\":\"ListItem\",\"position\":1,\"name\":\"\u0413\u043b\u0430\u0432\u043d\u0430\u044f \u0441\u0442\u0440\u0430\u043d\u0438\u0446\u0430\",\"item\":\"https:\/\/premiumline-cabling.com\/fr\/\"},{\"@type\":\"ListItem\",\"position\":2,\"name\":\"Cat. 6 U\/UTP C\u00e2ble d\u2019antenne ext\u00e9rieure\"}]},{\"@type\":\"WebSite\",\"@id\":\"https:\/\/premiumline-cabling.com\/#website\",\"url\":\"https:\/\/premiumline-cabling.com\/\",\"name\":\"Premium-Line\",\"description\":\"Structured Cabling System\",\"publisher\":{\"@id\":\"https:\/\/premiumline-cabling.com\/#organization\"},\"potentialAction\":[{\"@type\":\"SearchAction\",\"target\":{\"@type\":\"EntryPoint\",\"urlTemplate\":\"https:\/\/premiumline-cabling.com\/?s={search_term_string}\"},\"query-input\":{\"@type\":\"PropertyValueSpecification\",\"valueRequired\":true,\"valueName\":\"search_term_string\"}}],\"inLanguage\":\"fr-FR\"},{\"@type\":\"Organization\",\"@id\":\"https:\/\/premiumline-cabling.com\/#organization\",\"name\":\"Premium-Line\",\"url\":\"https:\/\/premiumline-cabling.com\/\",\"logo\":{\"@type\":\"ImageObject\",\"inLanguage\":\"fr-FR\",\"@id\":\"https:\/\/premiumline-cabling.com\/#\/schema\/logo\/image\/\",\"url\":\"https:\/\/premiumline-cabling.com\/wp-content\/uploads\/2019\/04\/cropped-img_logo_site_Premium-Line.png\",\"contentUrl\":\"https:\/\/premiumline-cabling.com\/wp-content\/uploads\/2019\/04\/cropped-img_logo_site_Premium-Line.png\",\"width\":190,\"height\":62,\"caption\":\"Premium-Line\"},\"image\":{\"@id\":\"https:\/\/premiumline-cabling.com\/#\/schema\/logo\/image\/\"}}]}<\/script>\n<!-- \/ Yoast SEO plugin. -->","yoast_head_json":{"title":"Cat. 6 U\/UTP C\u00e2ble d\u2019antenne ext\u00e9rieure - Premium-Line","robots":{"index":"index","follow":"follow","max-snippet":"max-snippet:-1","max-image-preview":"max-image-preview:large","max-video-preview":"max-video-preview:-1"},"canonical":"https:\/\/premiumline-cabling.com\/fr\/product\/chat-6-u-utp-cable-d-antenne-exterieure\/","og_locale":"fr_FR","og_type":"article","og_title":"Cat. 6 U\/UTP C\u00e2ble d\u2019antenne ext\u00e9rieure - Premium-Line","og_description":"Normes : ANSI\/TIA-568.2-D:2018 ISO\/IEC 11801-1:2017 CENELEC EN 50288-11-1 :2012 IEC 61156-5 :2012 (\u00e9dition 2.0) EN50173-1 :2011 Conforme \u00e0 la directive RoHS (directive europ\u00e9enne 2011\/65\/CE) Application : Syst\u00e8me de vid\u00e9osurveillance IP,...","og_url":"https:\/\/premiumline-cabling.com\/fr\/product\/chat-6-u-utp-cable-d-antenne-exterieure\/","og_site_name":"Premium-Line","article_modified_time":"2024-03-12T14:18:47+00:00","og_image":[{"width":453,"height":335,"url":"https:\/\/premiumline-cabling.com\/wp-content\/uploads\/2019\/08\/Cat.6-U_UTP-out-aer-cable-conf.jpg","type":"image\/jpeg"}],"twitter_card":"summary_large_image","twitter_misc":{"Dur\u00e9e de lecture estim\u00e9e":"2 minutes"},"schema":{"@context":"https:\/\/schema.org","@graph":[{"@type":"WebPage","@id":"https:\/\/premiumline-cabling.com\/fr\/product\/chat-6-u-utp-cable-d-antenne-exterieure\/","url":"https:\/\/premiumline-cabling.com\/fr\/product\/chat-6-u-utp-cable-d-antenne-exterieure\/","name":"Cat. 6 U\/UTP C\u00e2ble d\u2019antenne ext\u00e9rieure - Premium-Line","isPartOf":{"@id":"https:\/\/premiumline-cabling.com\/#website"},"primaryImageOfPage":{"@id":"https:\/\/premiumline-cabling.com\/fr\/product\/chat-6-u-utp-cable-d-antenne-exterieure\/#primaryimage"},"image":{"@id":"https:\/\/premiumline-cabling.com\/fr\/product\/chat-6-u-utp-cable-d-antenne-exterieure\/#primaryimage"},"thumbnailUrl":"https:\/\/premiumline-cabling.com\/wp-content\/uploads\/2019\/08\/Cat.6-U_UTP-out-aer-cable-conf.jpg","datePublished":"2019-08-08T14:27:45+00:00","dateModified":"2024-03-12T14:18:47+00:00","breadcrumb":{"@id":"https:\/\/premiumline-cabling.com\/fr\/product\/chat-6-u-utp-cable-d-antenne-exterieure\/#breadcrumb"},"inLanguage":"fr-FR","potentialAction":[{"@type":"ReadAction","target":["https:\/\/premiumline-cabling.com\/fr\/product\/chat-6-u-utp-cable-d-antenne-exterieure\/"]}]},{"@type":"ImageObject","inLanguage":"fr-FR","@id":"https:\/\/premiumline-cabling.com\/fr\/product\/chat-6-u-utp-cable-d-antenne-exterieure\/#primaryimage","url":"https:\/\/premiumline-cabling.com\/wp-content\/uploads\/2019\/08\/Cat.6-U_UTP-out-aer-cable-conf.jpg","contentUrl":"https:\/\/premiumline-cabling.com\/wp-content\/uploads\/2019\/08\/Cat.6-U_UTP-out-aer-cable-conf.jpg","width":453,"height":335},{"@type":"BreadcrumbList","@id":"https:\/\/premiumline-cabling.com\/fr\/product\/chat-6-u-utp-cable-d-antenne-exterieure\/#breadcrumb","itemListElement":[{"@type":"ListItem","position":1,"name":"\u0413\u043b\u0430\u0432\u043d\u0430\u044f \u0441\u0442\u0440\u0430\u043d\u0438\u0446\u0430","item":"https:\/\/premiumline-cabling.com\/fr\/"},{"@type":"ListItem","position":2,"name":"Cat. 6 U\/UTP C\u00e2ble d\u2019antenne ext\u00e9rieure"}]},{"@type":"WebSite","@id":"https:\/\/premiumline-cabling.com\/#website","url":"https:\/\/premiumline-cabling.com\/","name":"Premium-Line","description":"Structured Cabling System","publisher":{"@id":"https:\/\/premiumline-cabling.com\/#organization"},"potentialAction":[{"@type":"SearchAction","target":{"@type":"EntryPoint","urlTemplate":"https:\/\/premiumline-cabling.com\/?s={search_term_string}"},"query-input":{"@type":"PropertyValueSpecification","valueRequired":true,"valueName":"search_term_string"}}],"inLanguage":"fr-FR"},{"@type":"Organization","@id":"https:\/\/premiumline-cabling.com\/#organization","name":"Premium-Line","url":"https:\/\/premiumline-cabling.com\/","logo":{"@type":"ImageObject","inLanguage":"fr-FR","@id":"https:\/\/premiumline-cabling.com\/#\/schema\/logo\/image\/","url":"https:\/\/premiumline-cabling.com\/wp-content\/uploads\/2019\/04\/cropped-img_logo_site_Premium-Line.png","contentUrl":"https:\/\/premiumline-cabling.com\/wp-content\/uploads\/2019\/04\/cropped-img_logo_site_Premium-Line.png","width":190,"height":62,"caption":"Premium-Line"},"image":{"@id":"https:\/\/premiumline-cabling.com\/#\/schema\/logo\/image\/"}}]}},"_links":{"self":[{"href":"https:\/\/premiumline-cabling.com\/fr\/wp-json\/wp\/v2\/product\/20335","targetHints":{"allow":["GET"]}}],"collection":[{"href":"https:\/\/premiumline-cabling.com\/fr\/wp-json\/wp\/v2\/product"}],"about":[{"href":"https:\/\/premiumline-cabling.com\/fr\/wp-json\/wp\/v2\/types\/product"}],"wp:featuredmedia":[{"embeddable":true,"href":"https:\/\/premiumline-cabling.com\/fr\/wp-json\/wp\/v2\/media\/20336"}],"wp:attachment":[{"href":"https:\/\/premiumline-cabling.com\/fr\/wp-json\/wp\/v2\/media?parent=20335"}],"wp:term":[{"taxonomy":"product_category","embeddable":true,"href":"https:\/\/premiumline-cabling.com\/fr\/wp-json\/wp\/v2\/product_category?post=20335"}],"curies":[{"name":"wp","href":"https:\/\/api.w.org\/{rel}","templated":true}]}}