{"id":20334,"date":"2019-08-03T15:16:41","date_gmt":"2019-08-03T14:16:41","guid":{"rendered":"https:\/\/premiumline-cabling.com\/product\/fiche-rj45-blindee-sans-outil-cat-6a\/"},"modified":"2023-12-15T15:51:00","modified_gmt":"2023-12-15T14:51:00","slug":"fiche-rj45-blindee-sans-outil-cat-6a","status":"publish","type":"product","link":"https:\/\/premiumline-cabling.com\/fr\/product\/fiche-rj45-blindee-sans-outil-cat-6a\/","title":{"rendered":"Fiche RJ45 blind\u00e9e sans outil Cat.6A"},"content":{"rendered":"<div id=\"attachment_979\" style=\"width: 356px\" class=\"wp-caption alignright\"><noscript><img decoding=\"async\" aria-describedby=\"caption-attachment-979\" class=\"wp-image-979 size-full\" src=\"https:\/\/premiumline-cabling.com\/wp-content\/uploads\/2019\/02\/IMG_PL_09122016_101818_03.jpg\" alt width=\"346\" height=\"187\" srcset=\"https:\/\/premiumline-cabling.com\/wp-content\/uploads\/2019\/02\/IMG_PL_09122016_101818_03.jpg 346w, https:\/\/premiumline-cabling.com\/wp-content\/uploads\/2019\/02\/IMG_PL_09122016_101818_03-300x162.jpg 300w\" sizes=\"(max-width: 346px) 100vw, 346px\"><\/noscript><img decoding=\"async\" aria-describedby=\"caption-attachment-979\" class=\"wp-image-979 size-full lazyload\" src=\"data:image\/svg+xml,%3Csvg%20xmlns%3D%22http%3A%2F%2Fwww.w3.org%2F2000%2Fsvg%22%20viewBox%3D%220%200%20346%20187%22%3E%3C%2Fsvg%3E\" alt width=\"346\" height=\"187\" srcset=\"data:image\/svg+xml,%3Csvg%20xmlns%3D%22http%3A%2F%2Fwww.w3.org%2F2000%2Fsvg%22%20viewBox%3D%220%200%20346%20187%22%3E%3C%2Fsvg%3E 346w\" sizes=\"(max-width: 346px) 100vw, 346px\" data-srcset=\"https:\/\/premiumline-cabling.com\/wp-content\/uploads\/2019\/02\/IMG_PL_09122016_101818_03.jpg 346w, https:\/\/premiumline-cabling.com\/wp-content\/uploads\/2019\/02\/IMG_PL_09122016_101818_03-300x162.jpg 300w\" data-src=\"https:\/\/premiumline-cabling.com\/wp-content\/uploads\/2019\/02\/IMG_PL_09122016_101818_03.jpg\"><p id=\"caption-attachment-979\" class=\"wp-caption-text\">159210001<\/p><\/div>\n<h3 class=\"csc-firstHeader\">Fiche RJ45 blind\u00e9e sans outil<\/h3>\n<p>La prise modulaire RJ45 blind\u00e9e sans outil Premium-Line Cat.6A est sp\u00e9cialement con\u00e7ue pour les applications industrielles et constitue \u00e9galement une solution id\u00e9ale pour cr\u00e9er des longueurs personnalis\u00e9es de c\u00e2bles r\u00e9seau modulaires. Les performances des fiches modulaires blind\u00e9es Cat.6A sont sup\u00e9rieures \u00e0 toutes les exigences de performance des composants Cat.6A, conformes au syst\u00e8me d\u2019application Ethernet 10G. L\u2019apparence est concise et compacte, conception unique des cartes de circuits imprim\u00e9s pour r\u00e9duire les interf\u00e9rences<\/p>\n<p><strong>Sp\u00e9cifications:<\/strong><\/p>\n<ul>\n<li>Mat\u00e9riau IDC: PC UL-94V0<\/li>\n<li>Placage de contact: plaqu\u00e9 or 50\u03bc<\/li>\n<\/ul>\n<p><strong>Caract\u00e9ristiques:<\/strong><\/p>\n<ul>\n<li>Conforme aux sp\u00e9cifications TIA\/EIA-568-C.2, ISO\/IEC11801 et EN50173-1.<\/li>\n<li>Conforme aux exigences de performance des tests de cordons de brassage de cat\u00e9gorie 6A.<\/li>\n<li>Le connecteur accepte les c\u00e2bles blind\u00e9s solides et toronn\u00e9s de 22 \u00e0 26 AWG.<\/li>\n<li>Prise en charge du c\u00e2blage T568 A &amp; B et installation facile.<\/li>\n<li>C\u00e2ble de terminaison sans outils<\/li>\n<\/ul>\n<p><strong>Fiche RJ45 blind\u00e9e sans outil<\/strong><\/p>\n<table width=\"100%\">\n<thead>\n<tr>\n<td><strong>PART NO.<\/strong><\/td>\n<td><strong>DESCRIPTION<\/strong><\/td>\n<\/tr>\n<\/thead>\n<tbody>\n<tr>\n<td>159210001<\/td>\n<td>Fiche RJ45 blind\u00e9e sans outil de cat\u00e9gorie 6A<\/td>\n<\/tr>\n<\/tbody>\n<\/table>\n<p><iframe title=\"Cat.6A Toolless RJ45 Plug - review\" width=\"500\" height=\"281\" src=\"https:\/\/www.youtube.com\/embed\/YuUC3xmskFc?feature=oembed\" frameborder=\"0\" allow=\"accelerometer; autoplay; clipboard-write; encrypted-media; gyroscope; picture-in-picture; web-share\" referrerpolicy=\"strict-origin-when-cross-origin\" allowfullscreen><\/iframe><\/p>\n<h3><\/h3>\n","protected":false},"featured_media":20337,"template":"","product_category":[420],"class_list":["post-20334","product","type-product","status-publish","has-post-thumbnail","hentry","product_category-prise-rj45-sans-outil"],"yoast_head":"<!-- This site is optimized with the Yoast SEO plugin v27.2 - https:\/\/yoast.com\/product\/yoast-seo-wordpress\/ -->\n<title>Fiche RJ45 blind\u00e9e sans outil Cat.6A - Premium-Line<\/title>\n<meta name=\"robots\" content=\"index, follow, max-snippet:-1, max-image-preview:large, max-video-preview:-1\" \/>\n<link rel=\"canonical\" href=\"https:\/\/premiumline-cabling.com\/fr\/product\/fiche-rj45-blindee-sans-outil-cat-6a\/\" \/>\n<meta property=\"og:locale\" content=\"fr_FR\" \/>\n<meta property=\"og:type\" content=\"article\" \/>\n<meta property=\"og:title\" content=\"Fiche RJ45 blind\u00e9e sans outil Cat.6A - Premium-Line\" \/>\n<meta property=\"og:description\" content=\"Fiche RJ45 blind\u00e9e sans outil La prise modulaire RJ45 blind\u00e9e sans outil Premium-Line Cat.6A est sp\u00e9cialement con\u00e7ue pour les applications industrielles et constitue \u00e9galement une solution id\u00e9ale pour cr\u00e9er des...\" \/>\n<meta property=\"og:url\" content=\"https:\/\/premiumline-cabling.com\/fr\/product\/fiche-rj45-blindee-sans-outil-cat-6a\/\" \/>\n<meta property=\"og:site_name\" content=\"Premium-Line\" \/>\n<meta property=\"article:modified_time\" content=\"2023-12-15T14:51:00+00:00\" \/>\n<meta property=\"og:image\" content=\"https:\/\/premiumline-cabling.com\/wp-content\/uploads\/2019\/02\/PL_img_patch-panel-3-tool_1.jpg\" \/>\n\t<meta property=\"og:image:width\" content=\"283\" \/>\n\t<meta property=\"og:image:height\" content=\"220\" \/>\n\t<meta property=\"og:image:type\" content=\"image\/jpeg\" \/>\n<meta name=\"twitter:card\" content=\"summary_large_image\" \/>\n<meta name=\"twitter:label1\" content=\"Dur\u00e9e de lecture estim\u00e9e\" \/>\n\t<meta name=\"twitter:data1\" content=\"2 minutes\" \/>\n<script type=\"application\/ld+json\" class=\"yoast-schema-graph\">{\"@context\":\"https:\/\/schema.org\",\"@graph\":[{\"@type\":\"WebPage\",\"@id\":\"https:\/\/premiumline-cabling.com\/fr\/product\/fiche-rj45-blindee-sans-outil-cat-6a\/\",\"url\":\"https:\/\/premiumline-cabling.com\/fr\/product\/fiche-rj45-blindee-sans-outil-cat-6a\/\",\"name\":\"Fiche RJ45 blind\u00e9e sans outil Cat.6A - Premium-Line\",\"isPartOf\":{\"@id\":\"https:\/\/premiumline-cabling.com\/#website\"},\"primaryImageOfPage\":{\"@id\":\"https:\/\/premiumline-cabling.com\/fr\/product\/fiche-rj45-blindee-sans-outil-cat-6a\/#primaryimage\"},\"image\":{\"@id\":\"https:\/\/premiumline-cabling.com\/fr\/product\/fiche-rj45-blindee-sans-outil-cat-6a\/#primaryimage\"},\"thumbnailUrl\":\"https:\/\/premiumline-cabling.com\/wp-content\/uploads\/2019\/02\/PL_img_patch-panel-3-tool_1.jpg\",\"datePublished\":\"2019-08-03T14:16:41+00:00\",\"dateModified\":\"2023-12-15T14:51:00+00:00\",\"breadcrumb\":{\"@id\":\"https:\/\/premiumline-cabling.com\/fr\/product\/fiche-rj45-blindee-sans-outil-cat-6a\/#breadcrumb\"},\"inLanguage\":\"fr-FR\",\"potentialAction\":[{\"@type\":\"ReadAction\",\"target\":[\"https:\/\/premiumline-cabling.com\/fr\/product\/fiche-rj45-blindee-sans-outil-cat-6a\/\"]}]},{\"@type\":\"ImageObject\",\"inLanguage\":\"fr-FR\",\"@id\":\"https:\/\/premiumline-cabling.com\/fr\/product\/fiche-rj45-blindee-sans-outil-cat-6a\/#primaryimage\",\"url\":\"https:\/\/premiumline-cabling.com\/wp-content\/uploads\/2019\/02\/PL_img_patch-panel-3-tool_1.jpg\",\"contentUrl\":\"https:\/\/premiumline-cabling.com\/wp-content\/uploads\/2019\/02\/PL_img_patch-panel-3-tool_1.jpg\",\"width\":283,\"height\":220},{\"@type\":\"BreadcrumbList\",\"@id\":\"https:\/\/premiumline-cabling.com\/fr\/product\/fiche-rj45-blindee-sans-outil-cat-6a\/#breadcrumb\",\"itemListElement\":[{\"@type\":\"ListItem\",\"position\":1,\"name\":\"\u0413\u043b\u0430\u0432\u043d\u0430\u044f \u0441\u0442\u0440\u0430\u043d\u0438\u0446\u0430\",\"item\":\"https:\/\/premiumline-cabling.com\/fr\/\"},{\"@type\":\"ListItem\",\"position\":2,\"name\":\"Fiche RJ45 blind\u00e9e sans outil Cat.6A\"}]},{\"@type\":\"WebSite\",\"@id\":\"https:\/\/premiumline-cabling.com\/#website\",\"url\":\"https:\/\/premiumline-cabling.com\/\",\"name\":\"Premium-Line\",\"description\":\"Structured Cabling System\",\"publisher\":{\"@id\":\"https:\/\/premiumline-cabling.com\/#organization\"},\"potentialAction\":[{\"@type\":\"SearchAction\",\"target\":{\"@type\":\"EntryPoint\",\"urlTemplate\":\"https:\/\/premiumline-cabling.com\/?s={search_term_string}\"},\"query-input\":{\"@type\":\"PropertyValueSpecification\",\"valueRequired\":true,\"valueName\":\"search_term_string\"}}],\"inLanguage\":\"fr-FR\"},{\"@type\":\"Organization\",\"@id\":\"https:\/\/premiumline-cabling.com\/#organization\",\"name\":\"Premium-Line\",\"url\":\"https:\/\/premiumline-cabling.com\/\",\"logo\":{\"@type\":\"ImageObject\",\"inLanguage\":\"fr-FR\",\"@id\":\"https:\/\/premiumline-cabling.com\/#\/schema\/logo\/image\/\",\"url\":\"https:\/\/premiumline-cabling.com\/wp-content\/uploads\/2019\/04\/cropped-img_logo_site_Premium-Line.png\",\"contentUrl\":\"https:\/\/premiumline-cabling.com\/wp-content\/uploads\/2019\/04\/cropped-img_logo_site_Premium-Line.png\",\"width\":190,\"height\":62,\"caption\":\"Premium-Line\"},\"image\":{\"@id\":\"https:\/\/premiumline-cabling.com\/#\/schema\/logo\/image\/\"}}]}<\/script>\n<!-- \/ Yoast SEO plugin. -->","yoast_head_json":{"title":"Fiche RJ45 blind\u00e9e sans outil Cat.6A - Premium-Line","robots":{"index":"index","follow":"follow","max-snippet":"max-snippet:-1","max-image-preview":"max-image-preview:large","max-video-preview":"max-video-preview:-1"},"canonical":"https:\/\/premiumline-cabling.com\/fr\/product\/fiche-rj45-blindee-sans-outil-cat-6a\/","og_locale":"fr_FR","og_type":"article","og_title":"Fiche RJ45 blind\u00e9e sans outil Cat.6A - Premium-Line","og_description":"Fiche RJ45 blind\u00e9e sans outil La prise modulaire RJ45 blind\u00e9e sans outil Premium-Line Cat.6A est sp\u00e9cialement con\u00e7ue pour les applications industrielles et constitue \u00e9galement une solution id\u00e9ale pour cr\u00e9er des...","og_url":"https:\/\/premiumline-cabling.com\/fr\/product\/fiche-rj45-blindee-sans-outil-cat-6a\/","og_site_name":"Premium-Line","article_modified_time":"2023-12-15T14:51:00+00:00","og_image":[{"width":283,"height":220,"url":"https:\/\/premiumline-cabling.com\/wp-content\/uploads\/2019\/02\/PL_img_patch-panel-3-tool_1.jpg","type":"image\/jpeg"}],"twitter_card":"summary_large_image","twitter_misc":{"Dur\u00e9e de lecture estim\u00e9e":"2 minutes"},"schema":{"@context":"https:\/\/schema.org","@graph":[{"@type":"WebPage","@id":"https:\/\/premiumline-cabling.com\/fr\/product\/fiche-rj45-blindee-sans-outil-cat-6a\/","url":"https:\/\/premiumline-cabling.com\/fr\/product\/fiche-rj45-blindee-sans-outil-cat-6a\/","name":"Fiche RJ45 blind\u00e9e sans outil Cat.6A - Premium-Line","isPartOf":{"@id":"https:\/\/premiumline-cabling.com\/#website"},"primaryImageOfPage":{"@id":"https:\/\/premiumline-cabling.com\/fr\/product\/fiche-rj45-blindee-sans-outil-cat-6a\/#primaryimage"},"image":{"@id":"https:\/\/premiumline-cabling.com\/fr\/product\/fiche-rj45-blindee-sans-outil-cat-6a\/#primaryimage"},"thumbnailUrl":"https:\/\/premiumline-cabling.com\/wp-content\/uploads\/2019\/02\/PL_img_patch-panel-3-tool_1.jpg","datePublished":"2019-08-03T14:16:41+00:00","dateModified":"2023-12-15T14:51:00+00:00","breadcrumb":{"@id":"https:\/\/premiumline-cabling.com\/fr\/product\/fiche-rj45-blindee-sans-outil-cat-6a\/#breadcrumb"},"inLanguage":"fr-FR","potentialAction":[{"@type":"ReadAction","target":["https:\/\/premiumline-cabling.com\/fr\/product\/fiche-rj45-blindee-sans-outil-cat-6a\/"]}]},{"@type":"ImageObject","inLanguage":"fr-FR","@id":"https:\/\/premiumline-cabling.com\/fr\/product\/fiche-rj45-blindee-sans-outil-cat-6a\/#primaryimage","url":"https:\/\/premiumline-cabling.com\/wp-content\/uploads\/2019\/02\/PL_img_patch-panel-3-tool_1.jpg","contentUrl":"https:\/\/premiumline-cabling.com\/wp-content\/uploads\/2019\/02\/PL_img_patch-panel-3-tool_1.jpg","width":283,"height":220},{"@type":"BreadcrumbList","@id":"https:\/\/premiumline-cabling.com\/fr\/product\/fiche-rj45-blindee-sans-outil-cat-6a\/#breadcrumb","itemListElement":[{"@type":"ListItem","position":1,"name":"\u0413\u043b\u0430\u0432\u043d\u0430\u044f \u0441\u0442\u0440\u0430\u043d\u0438\u0446\u0430","item":"https:\/\/premiumline-cabling.com\/fr\/"},{"@type":"ListItem","position":2,"name":"Fiche RJ45 blind\u00e9e sans outil Cat.6A"}]},{"@type":"WebSite","@id":"https:\/\/premiumline-cabling.com\/#website","url":"https:\/\/premiumline-cabling.com\/","name":"Premium-Line","description":"Structured Cabling System","publisher":{"@id":"https:\/\/premiumline-cabling.com\/#organization"},"potentialAction":[{"@type":"SearchAction","target":{"@type":"EntryPoint","urlTemplate":"https:\/\/premiumline-cabling.com\/?s={search_term_string}"},"query-input":{"@type":"PropertyValueSpecification","valueRequired":true,"valueName":"search_term_string"}}],"inLanguage":"fr-FR"},{"@type":"Organization","@id":"https:\/\/premiumline-cabling.com\/#organization","name":"Premium-Line","url":"https:\/\/premiumline-cabling.com\/","logo":{"@type":"ImageObject","inLanguage":"fr-FR","@id":"https:\/\/premiumline-cabling.com\/#\/schema\/logo\/image\/","url":"https:\/\/premiumline-cabling.com\/wp-content\/uploads\/2019\/04\/cropped-img_logo_site_Premium-Line.png","contentUrl":"https:\/\/premiumline-cabling.com\/wp-content\/uploads\/2019\/04\/cropped-img_logo_site_Premium-Line.png","width":190,"height":62,"caption":"Premium-Line"},"image":{"@id":"https:\/\/premiumline-cabling.com\/#\/schema\/logo\/image\/"}}]}},"_links":{"self":[{"href":"https:\/\/premiumline-cabling.com\/fr\/wp-json\/wp\/v2\/product\/20334","targetHints":{"allow":["GET"]}}],"collection":[{"href":"https:\/\/premiumline-cabling.com\/fr\/wp-json\/wp\/v2\/product"}],"about":[{"href":"https:\/\/premiumline-cabling.com\/fr\/wp-json\/wp\/v2\/types\/product"}],"wp:featuredmedia":[{"embeddable":true,"href":"https:\/\/premiumline-cabling.com\/fr\/wp-json\/wp\/v2\/media\/20337"}],"wp:attachment":[{"href":"https:\/\/premiumline-cabling.com\/fr\/wp-json\/wp\/v2\/media?parent=20334"}],"wp:term":[{"taxonomy":"product_category","embeddable":true,"href":"https:\/\/premiumline-cabling.com\/fr\/wp-json\/wp\/v2\/product_category?post=20334"}],"curies":[{"name":"wp","href":"https:\/\/api.w.org\/{rel}","templated":true}]}}