{"id":20331,"date":"2019-08-08T12:06:50","date_gmt":"2019-08-08T11:06:50","guid":{"rendered":"https:\/\/premiumline-cabling.com\/product\/chat-cable-d-installation-exterieur-5e-u-utp\/"},"modified":"2024-04-09T11:40:27","modified_gmt":"2024-04-09T10:40:27","slug":"chat-cable-d-installation-exterieur-5e-u-utp","status":"publish","type":"product","link":"https:\/\/premiumline-cabling.com\/fr\/product\/chat-cable-d-installation-exterieur-5e-u-utp\/","title":{"rendered":"Cat. 5e U\/UTP C\u00e2ble d\u2019installation ext\u00e9rieure"},"content":{"rendered":"<p>Le c\u00e2ble rempli de gel Premium-Line de cat\u00e9gorie 5e est id\u00e9al pour le c\u00e2blage ext\u00e9rieur. Chaque conducteur est compos\u00e9 de<br>\ncuivre nu recuit 24AWG, pour garantir la r\u00e9sistance \u00e0 l\u2019allongement du conducteur. Le compos\u00e9 semi-solide<br>\nLe rembourrage autour de chaque paire permet d\u2019\u00e9viter la p\u00e9n\u00e9tration de l\u2019eau et de prot\u00e9ger l\u2019isolation int\u00e9rieure des intemp\u00e9ries. Le<br>\nc\u00e2ble est fini avec une excellente gaine en PE pour s\u2019assurer qu\u2019il peut supporter toutes les conditions m\u00e9t\u00e9orologiques \u00e0 temp\u00e9rature<br>\nplage -40\u00b0C ~60\u00b0C.<br>\n<a href=\"https:\/\/premiumline-cabling.com\/wp-content\/uploads\/2019\/02\/img_PL_D3__876dbd35da.jpg\"><noscript><img decoding=\"async\" class=\"wp-image-775 size-medium alignright\" src=\"https:\/\/premiumline-cabling.com\/wp-content\/uploads\/2019\/02\/img_PL_D3__876dbd35da-300x124.jpg\" alt width=\"300\" height=\"124\" srcset=\"https:\/\/premiumline-cabling.com\/wp-content\/uploads\/2019\/02\/img_PL_D3__876dbd35da-300x124.jpg 300w, https:\/\/premiumline-cabling.com\/wp-content\/uploads\/2019\/02\/img_PL_D3__876dbd35da-768x318.jpg 768w, https:\/\/premiumline-cabling.com\/wp-content\/uploads\/2019\/02\/img_PL_D3__876dbd35da.jpg 800w\" sizes=\"(max-width: 300px) 100vw, 300px\"><\/noscript><img decoding=\"async\" class=\"wp-image-775 size-medium alignright lazyload\" src=\"data:image\/svg+xml,%3Csvg%20xmlns%3D%22http%3A%2F%2Fwww.w3.org%2F2000%2Fsvg%22%20viewBox%3D%220%200%20300%20124%22%3E%3C%2Fsvg%3E\" alt width=\"300\" height=\"124\" srcset=\"data:image\/svg+xml,%3Csvg%20xmlns%3D%22http%3A%2F%2Fwww.w3.org%2F2000%2Fsvg%22%20viewBox%3D%220%200%20300%20124%22%3E%3C%2Fsvg%3E 300w\" sizes=\"(max-width: 300px) 100vw, 300px\" data-srcset=\"https:\/\/premiumline-cabling.com\/wp-content\/uploads\/2019\/02\/img_PL_D3__876dbd35da-300x124.jpg 300w, https:\/\/premiumline-cabling.com\/wp-content\/uploads\/2019\/02\/img_PL_D3__876dbd35da-768x318.jpg 768w, https:\/\/premiumline-cabling.com\/wp-content\/uploads\/2019\/02\/img_PL_D3__876dbd35da.jpg 800w\" data-src=\"https:\/\/premiumline-cabling.com\/wp-content\/uploads\/2019\/02\/img_PL_D3__876dbd35da-300x124.jpg\"><\/a><\/p>\n<h3><strong>Normes :<\/strong><\/h3>\n<ul>\n<li>ANSI\/TIA 568.2-D:2018<\/li>\n<li>ISO\/IEC 11801-1:2017<\/li>\n<li>CENELEC EN 50173-1&nbsp;:2011<\/li>\n<li>CENELEC EN 50288-3-1&nbsp;:2013<\/li>\n<li>IEC 61156-5&nbsp;:2012 (\u00e9dition 2.2)<\/li>\n<li>Conforme \u00e0 la directive RoHS (directive europ\u00e9enne 2011\/65\/CE)<noscript><img decoding=\"async\" class=\"size-medium wp-image-21443 alignright\" src=\"https:\/\/premiumline-cabling.com\/wp-content\/uploads\/2019\/08\/Cat.5-U_UTP-cable-outdoor-gel-configuration-300x190.jpg\" alt width=\"300\" height=\"190\" srcset=\"https:\/\/premiumline-cabling.com\/wp-content\/uploads\/2019\/08\/Cat.5-U_UTP-cable-outdoor-gel-configuration-300x190.jpg 300w, https:\/\/premiumline-cabling.com\/wp-content\/uploads\/2019\/08\/Cat.5-U_UTP-cable-outdoor-gel-configuration.jpg 505w\" sizes=\"(max-width: 300px) 100vw, 300px\"><\/noscript><img decoding=\"async\" class=\"size-medium wp-image-21443 alignright lazyload\" src=\"data:image\/svg+xml,%3Csvg%20xmlns%3D%22http%3A%2F%2Fwww.w3.org%2F2000%2Fsvg%22%20viewBox%3D%220%200%20300%20190%22%3E%3C%2Fsvg%3E\" alt width=\"300\" height=\"190\" srcset=\"data:image\/svg+xml,%3Csvg%20xmlns%3D%22http%3A%2F%2Fwww.w3.org%2F2000%2Fsvg%22%20viewBox%3D%220%200%20300%20190%22%3E%3C%2Fsvg%3E 300w\" sizes=\"(max-width: 300px) 100vw, 300px\" data-srcset=\"https:\/\/premiumline-cabling.com\/wp-content\/uploads\/2019\/08\/Cat.5-U_UTP-cable-outdoor-gel-configuration-300x190.jpg 300w, https:\/\/premiumline-cabling.com\/wp-content\/uploads\/2019\/08\/Cat.5-U_UTP-cable-outdoor-gel-configuration.jpg 505w\" data-src=\"https:\/\/premiumline-cabling.com\/wp-content\/uploads\/2019\/08\/Cat.5-U_UTP-cable-outdoor-gel-configuration-300x190.jpg\"><\/li>\n<\/ul>\n<h3><strong>Application :<\/strong><\/h3>\n<ul>\n<li>1000BASE-T Gigabit Ethernet<\/li>\n<li>100BASE-TX Fast Ethernet<\/li>\n<li>10BASE-T<\/li>\n<li>Voix, RNIS<\/li>\n<\/ul>\n<p>&nbsp;<\/p>\n<h3><strong>Configuration<\/strong><\/h3>\n<table width=\"601\">\n<tbody>\n<tr>\n<td rowspan=\"2\" width=\"88\">Conducteur<\/td>\n<td width=\"139\">Mat\u00e9riau<\/td>\n<td width=\"374\">Cuivre nu<\/td>\n<\/tr>\n<tr>\n<td width=\"139\">Construction<\/td>\n<td width=\"374\">24 AWG<\/td>\n<\/tr>\n<tr>\n<td rowspan=\"2\" width=\"88\">Isolation<\/td>\n<td width=\"139\">Mat\u00e9riau<\/td>\n<td width=\"374\">PEHD<\/td>\n<\/tr>\n<tr>\n<td width=\"139\">Diam\u00e8tre<\/td>\n<td width=\"374\">1,00 \u00b1 0,05 mm<\/td>\n<\/tr>\n<tr>\n<td rowspan=\"3\" width=\"88\">Fourreau<\/td>\n<td width=\"139\">Mat\u00e9riau<\/td>\n<td width=\"374\">PE \/ Noir<\/td>\n<\/tr>\n<tr>\n<td width=\"139\">\u00c9paisseur<\/td>\n<td width=\"374\">0,55 \u00b1 0,05 mm<\/td>\n<\/tr>\n<tr>\n<td width=\"139\">Diam\u00e8tre<\/td>\n<td width=\"374\">5,6 \u00b1 0,5 mm<\/td>\n<\/tr>\n<tr>\n<td colspan=\"2\" width=\"227\">GEL<\/td>\n<td width=\"374\">Compos\u00e9 de remplissage de gel\u00e9e<\/td>\n<\/tr>\n<tr>\n<td colspan=\"2\" width=\"227\">Temp\u00e9rature de fonctionnement<\/td>\n<td width=\"374\">-40<sup>\u00b0<\/sup>C \u00e0 +60<sup>\u00b0<\/sup>C<\/td>\n<\/tr>\n<tr>\n<td colspan=\"2\" width=\"227\">Temp\u00e9rature de stockage \/ transport<\/td>\n<td width=\"374\">-50<sup>\u00b0<\/sup>C \u00e0 +70<sup>\u00b0<\/sup>C<\/td>\n<\/tr>\n<tr>\n<td colspan=\"2\" width=\"227\">Temp\u00e9rature d&#8217;installation<\/td>\n<td width=\"374\">-10<sup>\u00b0<\/sup>C \u00e0 +50<sup>\u00b0<\/sup>C<\/td>\n<\/tr>\n<\/tbody>\n<\/table>\n<h3><strong>Performance \u00e9lectrique<\/strong><\/h3>\n<table width=\"100%\">\n<thead>\n<tr>\n<td><strong>Fr\u00e9quence<\/strong><\/td>\n<td colspan=\"2\"><strong>Attenuation<\/strong><\/td>\n<td colspan=\"2\"><strong>SUIVANT<\/strong><\/td>\n<td colspan=\"2\"><strong>PS NEXT<\/strong><\/td>\n<td colspan=\"2\"><strong>L\u2019ACR<\/strong><\/td>\n<td colspan=\"2\"><strong>ACR-F<\/strong><\/td>\n<td colspan=\"2\"><strong>PSACR-F<\/strong><\/td>\n<td colspan=\"2\"><strong>Perte de retour<\/strong><\/td>\n<\/tr>\n<\/thead>\n<tbody>\n<tr>\n<td>(MHz)<\/td>\n<td colspan=\"2\">(dB)<\/td>\n<td colspan=\"2\">(dB\/100m)<\/td>\n<td colspan=\"2\">(dB)<\/td>\n<td colspan=\"2\">(dB)<\/td>\n<td colspan=\"2\">(dB)<\/td>\n<td colspan=\"2\">(dB)<\/td>\n<td colspan=\"2\">(dB)<\/td>\n<\/tr>\n<tr>\n<td><\/td>\n<td>Ni&#8230;<\/td>\n<td>Typ.<\/td>\n<td>Ni&#8230;<\/td>\n<td>Typ.<\/td>\n<td>Ni&#8230;<\/td>\n<td>Typ.<\/td>\n<td>Ni&#8230;<\/td>\n<td>Typ.<\/td>\n<td>Ni&#8230;<\/td>\n<td>Typ.<\/td>\n<td>Ni&#8230;<\/td>\n<td>Typ.<\/td>\n<td>Ni&#8230;<\/td>\n<td>Typ.<\/td>\n<\/tr>\n<tr>\n<td>1.0<\/td>\n<td>2.0<\/td>\n<td>1.8<\/td>\n<td>65.3<\/td>\n<td>77.7<\/td>\n<td>62.3<\/td>\n<td>75.2<\/td>\n<td>63.3<\/td>\n<td>75.9<\/td>\n<td>63.8<\/td>\n<td>69.2<\/td>\n<td>60.8<\/td>\n<td>68.5<\/td>\n<td>20.0<\/td>\n<td>40.1<\/td>\n<\/tr>\n<tr>\n<td>4.0<\/td>\n<td>4.1<\/td>\n<td>3.7<\/td>\n<td>56.3<\/td>\n<td>68.7<\/td>\n<td>53.3<\/td>\n<td>66.0<\/td>\n<td>52.2<\/td>\n<td>64.9<\/td>\n<td>51.7<\/td>\n<td>57.5<\/td>\n<td>48.7<\/td>\n<td>57.0<\/td>\n<td>23.0<\/td>\n<td>40.1<\/td>\n<\/tr>\n<tr>\n<td>10.0<\/td>\n<td>6.5<\/td>\n<td>6.0<\/td>\n<td>50.3<\/td>\n<td>60.7<\/td>\n<td>47.3<\/td>\n<td>58.3<\/td>\n<td>43.8<\/td>\n<td>54.5<\/td>\n<td>43.8<\/td>\n<td>49.0<\/td>\n<td>40.8<\/td>\n<td>48.2<\/td>\n<td>25.0<\/td>\n<td>37.3<\/td>\n<\/tr>\n<tr>\n<td>16.0<\/td>\n<td>8.2<\/td>\n<td>7.7<\/td>\n<td>47.3<\/td>\n<td>56.1<\/td>\n<td>44.3<\/td>\n<td>53.7<\/td>\n<td>39.1<\/td>\n<td>48.3<\/td>\n<td>39.7<\/td>\n<td>45.6<\/td>\n<td>36.7<\/td>\n<td>43.8<\/td>\n<td>25.0<\/td>\n<td>36.7<\/td>\n<\/tr>\n<tr>\n<td>20.0<\/td>\n<td>9.3<\/td>\n<td>8.6<\/td>\n<td>45.8<\/td>\n<td>55.3<\/td>\n<td>42.8<\/td>\n<td>52.9<\/td>\n<td>36.5<\/td>\n<td>46.5<\/td>\n<td>37.7<\/td>\n<td>43.6<\/td>\n<td>34.7<\/td>\n<td>42.8<\/td>\n<td>25.0<\/td>\n<td>36.0<\/td>\n<\/tr>\n<tr>\n<td>31.25<\/td>\n<td>11.7<\/td>\n<td>10.8<\/td>\n<td>42.9<\/td>\n<td>52.7<\/td>\n<td>39.9<\/td>\n<td>50.0<\/td>\n<td>31.2<\/td>\n<td>41.6<\/td>\n<td>33.9<\/td>\n<td>40.1<\/td>\n<td>30.9<\/td>\n<td>39.3<\/td>\n<td>23.6<\/td>\n<td>32.6<\/td>\n<\/tr>\n<tr>\n<td>62.5<\/td>\n<td>17.0<\/td>\n<td>15.5<\/td>\n<td>38.4<\/td>\n<td>48.0<\/td>\n<td>35.4<\/td>\n<td>45.5<\/td>\n<td>21.4<\/td>\n<td>32.2<\/td>\n<td>27.8<\/td>\n<td>34.7<\/td>\n<td>24.8<\/td>\n<td>33.5<\/td>\n<td>21.5<\/td>\n<td>31.6<\/td>\n<\/tr>\n<tr>\n<td>100.0<\/td>\n<td>22.0<\/td>\n<td>19.8<\/td>\n<td>35.3<\/td>\n<td>44.5<\/td>\n<td>32.3<\/td>\n<td>42.2<\/td>\n<td>13.3<\/td>\n<td>24.2<\/td>\n<td>23.8<\/td>\n<td>30.4<\/td>\n<td>20.8<\/td>\n<td>29.4<\/td>\n<td>20.1<\/td>\n<td>31.7<\/td>\n<\/tr>\n<\/tbody>\n<\/table>\n<h3><strong>Classement<\/strong> Information<\/h3>\n<table width=\"100%\">\n<thead>\n<tr>\n<td><strong>PART NO.<\/strong><\/td>\n<td><strong>DESCRIPTION<\/strong><\/td>\n<td><strong>TAILLE DE L&#8217;EMBALLAGE<\/strong><\/td>\n<\/tr>\n<\/thead>\n<tbody>\n<tr>\n<td>725143122<\/td>\n<td>C\u00e2ble d\u2019installation ext\u00e9rieur U\/UTP de cat\u00e9gorie 5e, rempli de gel, PE, noir<\/td>\n<td>305m\/bobine, taille de la bobine : 30*30*25cm<\/td>\n<\/tr>\n<\/tbody>\n<\/table>\n<p>&nbsp;<\/p>\n","protected":false},"featured_media":19818,"template":"","product_category":[421],"class_list":["post-20331","product","type-product","status-publish","has-post-thumbnail","hentry","product_category-cable-dinstallation-fr"],"yoast_head":"<!-- This site is optimized with the Yoast SEO plugin v27.4 - https:\/\/yoast.com\/product\/yoast-seo-wordpress\/ -->\n<title>Cat. 5e U\/UTP C\u00e2ble d\u2019installation ext\u00e9rieure - Premium-Line<\/title>\n<meta name=\"robots\" content=\"index, follow, max-snippet:-1, max-image-preview:large, max-video-preview:-1\" \/>\n<link rel=\"canonical\" href=\"https:\/\/premiumline-cabling.com\/fr\/product\/chat-cable-d-installation-exterieur-5e-u-utp\/\" \/>\n<meta property=\"og:locale\" content=\"fr_FR\" \/>\n<meta property=\"og:type\" content=\"article\" \/>\n<meta property=\"og:title\" content=\"Cat. 5e U\/UTP C\u00e2ble d\u2019installation ext\u00e9rieure - Premium-Line\" \/>\n<meta property=\"og:description\" content=\"Le c\u00e2ble rempli de gel Premium-Line de cat\u00e9gorie 5e est id\u00e9al pour le c\u00e2blage ext\u00e9rieur. Chaque conducteur est compos\u00e9 de cuivre nu recuit 24AWG, pour garantir la r\u00e9sistance \u00e0 l\u2019allongement...\" \/>\n<meta property=\"og:url\" content=\"https:\/\/premiumline-cabling.com\/fr\/product\/chat-cable-d-installation-exterieur-5e-u-utp\/\" \/>\n<meta property=\"og:site_name\" content=\"Premium-Line\" \/>\n<meta property=\"article:modified_time\" content=\"2024-04-09T10:40:27+00:00\" \/>\n<meta property=\"og:image\" content=\"https:\/\/premiumline-cabling.com\/wp-content\/uploads\/2019\/02\/img_PL_D3__876dbd35da.jpg\" \/>\n\t<meta property=\"og:image:width\" content=\"800\" \/>\n\t<meta property=\"og:image:height\" content=\"331\" \/>\n\t<meta property=\"og:image:type\" content=\"image\/jpeg\" \/>\n<meta name=\"twitter:card\" content=\"summary_large_image\" \/>\n<meta name=\"twitter:label1\" content=\"Dur\u00e9e de lecture estim\u00e9e\" \/>\n\t<meta name=\"twitter:data1\" content=\"3 minutes\" \/>\n<script type=\"application\/ld+json\" class=\"yoast-schema-graph\">{\"@context\":\"https:\\\/\\\/schema.org\",\"@graph\":[{\"@type\":\"WebPage\",\"@id\":\"https:\\\/\\\/premiumline-cabling.com\\\/fr\\\/product\\\/chat-cable-d-installation-exterieur-5e-u-utp\\\/\",\"url\":\"https:\\\/\\\/premiumline-cabling.com\\\/fr\\\/product\\\/chat-cable-d-installation-exterieur-5e-u-utp\\\/\",\"name\":\"Cat. 5e U\\\/UTP C\u00e2ble d\u2019installation ext\u00e9rieure - Premium-Line\",\"isPartOf\":{\"@id\":\"https:\\\/\\\/premiumline-cabling.com\\\/#website\"},\"primaryImageOfPage\":{\"@id\":\"https:\\\/\\\/premiumline-cabling.com\\\/fr\\\/product\\\/chat-cable-d-installation-exterieur-5e-u-utp\\\/#primaryimage\"},\"image\":{\"@id\":\"https:\\\/\\\/premiumline-cabling.com\\\/fr\\\/product\\\/chat-cable-d-installation-exterieur-5e-u-utp\\\/#primaryimage\"},\"thumbnailUrl\":\"https:\\\/\\\/premiumline-cabling.com\\\/wp-content\\\/uploads\\\/2019\\\/02\\\/img_PL_D3__876dbd35da.jpg\",\"datePublished\":\"2019-08-08T11:06:50+00:00\",\"dateModified\":\"2024-04-09T10:40:27+00:00\",\"breadcrumb\":{\"@id\":\"https:\\\/\\\/premiumline-cabling.com\\\/fr\\\/product\\\/chat-cable-d-installation-exterieur-5e-u-utp\\\/#breadcrumb\"},\"inLanguage\":\"fr-FR\",\"potentialAction\":[{\"@type\":\"ReadAction\",\"target\":[\"https:\\\/\\\/premiumline-cabling.com\\\/fr\\\/product\\\/chat-cable-d-installation-exterieur-5e-u-utp\\\/\"]}]},{\"@type\":\"ImageObject\",\"inLanguage\":\"fr-FR\",\"@id\":\"https:\\\/\\\/premiumline-cabling.com\\\/fr\\\/product\\\/chat-cable-d-installation-exterieur-5e-u-utp\\\/#primaryimage\",\"url\":\"https:\\\/\\\/premiumline-cabling.com\\\/wp-content\\\/uploads\\\/2019\\\/02\\\/img_PL_D3__876dbd35da.jpg\",\"contentUrl\":\"https:\\\/\\\/premiumline-cabling.com\\\/wp-content\\\/uploads\\\/2019\\\/02\\\/img_PL_D3__876dbd35da.jpg\",\"width\":800,\"height\":331},{\"@type\":\"BreadcrumbList\",\"@id\":\"https:\\\/\\\/premiumline-cabling.com\\\/fr\\\/product\\\/chat-cable-d-installation-exterieur-5e-u-utp\\\/#breadcrumb\",\"itemListElement\":[{\"@type\":\"ListItem\",\"position\":1,\"name\":\"\u0413\u043b\u0430\u0432\u043d\u0430\u044f \u0441\u0442\u0440\u0430\u043d\u0438\u0446\u0430\",\"item\":\"https:\\\/\\\/premiumline-cabling.com\\\/fr\\\/\"},{\"@type\":\"ListItem\",\"position\":2,\"name\":\"Cat. 5e U\\\/UTP C\u00e2ble d\u2019installation ext\u00e9rieure\"}]},{\"@type\":\"WebSite\",\"@id\":\"https:\\\/\\\/premiumline-cabling.com\\\/#website\",\"url\":\"https:\\\/\\\/premiumline-cabling.com\\\/\",\"name\":\"Premium-Line\",\"description\":\"Structured Cabling System\",\"publisher\":{\"@id\":\"https:\\\/\\\/premiumline-cabling.com\\\/#organization\"},\"potentialAction\":[{\"@type\":\"SearchAction\",\"target\":{\"@type\":\"EntryPoint\",\"urlTemplate\":\"https:\\\/\\\/premiumline-cabling.com\\\/?s={search_term_string}\"},\"query-input\":{\"@type\":\"PropertyValueSpecification\",\"valueRequired\":true,\"valueName\":\"search_term_string\"}}],\"inLanguage\":\"fr-FR\"},{\"@type\":\"Organization\",\"@id\":\"https:\\\/\\\/premiumline-cabling.com\\\/#organization\",\"name\":\"Premium-Line\",\"url\":\"https:\\\/\\\/premiumline-cabling.com\\\/\",\"logo\":{\"@type\":\"ImageObject\",\"inLanguage\":\"fr-FR\",\"@id\":\"https:\\\/\\\/premiumline-cabling.com\\\/#\\\/schema\\\/logo\\\/image\\\/\",\"url\":\"https:\\\/\\\/premiumline-cabling.com\\\/wp-content\\\/uploads\\\/2019\\\/04\\\/cropped-img_logo_site_Premium-Line.png\",\"contentUrl\":\"https:\\\/\\\/premiumline-cabling.com\\\/wp-content\\\/uploads\\\/2019\\\/04\\\/cropped-img_logo_site_Premium-Line.png\",\"width\":190,\"height\":62,\"caption\":\"Premium-Line\"},\"image\":{\"@id\":\"https:\\\/\\\/premiumline-cabling.com\\\/#\\\/schema\\\/logo\\\/image\\\/\"}}]}<\/script>\n<!-- \/ Yoast SEO plugin. -->","yoast_head_json":{"title":"Cat. 5e U\/UTP C\u00e2ble d\u2019installation ext\u00e9rieure - Premium-Line","robots":{"index":"index","follow":"follow","max-snippet":"max-snippet:-1","max-image-preview":"max-image-preview:large","max-video-preview":"max-video-preview:-1"},"canonical":"https:\/\/premiumline-cabling.com\/fr\/product\/chat-cable-d-installation-exterieur-5e-u-utp\/","og_locale":"fr_FR","og_type":"article","og_title":"Cat. 5e U\/UTP C\u00e2ble d\u2019installation ext\u00e9rieure - Premium-Line","og_description":"Le c\u00e2ble rempli de gel Premium-Line de cat\u00e9gorie 5e est id\u00e9al pour le c\u00e2blage ext\u00e9rieur. Chaque conducteur est compos\u00e9 de cuivre nu recuit 24AWG, pour garantir la r\u00e9sistance \u00e0 l\u2019allongement...","og_url":"https:\/\/premiumline-cabling.com\/fr\/product\/chat-cable-d-installation-exterieur-5e-u-utp\/","og_site_name":"Premium-Line","article_modified_time":"2024-04-09T10:40:27+00:00","og_image":[{"width":800,"height":331,"url":"https:\/\/premiumline-cabling.com\/wp-content\/uploads\/2019\/02\/img_PL_D3__876dbd35da.jpg","type":"image\/jpeg"}],"twitter_card":"summary_large_image","twitter_misc":{"Dur\u00e9e de lecture estim\u00e9e":"3 minutes"},"schema":{"@context":"https:\/\/schema.org","@graph":[{"@type":"WebPage","@id":"https:\/\/premiumline-cabling.com\/fr\/product\/chat-cable-d-installation-exterieur-5e-u-utp\/","url":"https:\/\/premiumline-cabling.com\/fr\/product\/chat-cable-d-installation-exterieur-5e-u-utp\/","name":"Cat. 5e U\/UTP C\u00e2ble d\u2019installation ext\u00e9rieure - Premium-Line","isPartOf":{"@id":"https:\/\/premiumline-cabling.com\/#website"},"primaryImageOfPage":{"@id":"https:\/\/premiumline-cabling.com\/fr\/product\/chat-cable-d-installation-exterieur-5e-u-utp\/#primaryimage"},"image":{"@id":"https:\/\/premiumline-cabling.com\/fr\/product\/chat-cable-d-installation-exterieur-5e-u-utp\/#primaryimage"},"thumbnailUrl":"https:\/\/premiumline-cabling.com\/wp-content\/uploads\/2019\/02\/img_PL_D3__876dbd35da.jpg","datePublished":"2019-08-08T11:06:50+00:00","dateModified":"2024-04-09T10:40:27+00:00","breadcrumb":{"@id":"https:\/\/premiumline-cabling.com\/fr\/product\/chat-cable-d-installation-exterieur-5e-u-utp\/#breadcrumb"},"inLanguage":"fr-FR","potentialAction":[{"@type":"ReadAction","target":["https:\/\/premiumline-cabling.com\/fr\/product\/chat-cable-d-installation-exterieur-5e-u-utp\/"]}]},{"@type":"ImageObject","inLanguage":"fr-FR","@id":"https:\/\/premiumline-cabling.com\/fr\/product\/chat-cable-d-installation-exterieur-5e-u-utp\/#primaryimage","url":"https:\/\/premiumline-cabling.com\/wp-content\/uploads\/2019\/02\/img_PL_D3__876dbd35da.jpg","contentUrl":"https:\/\/premiumline-cabling.com\/wp-content\/uploads\/2019\/02\/img_PL_D3__876dbd35da.jpg","width":800,"height":331},{"@type":"BreadcrumbList","@id":"https:\/\/premiumline-cabling.com\/fr\/product\/chat-cable-d-installation-exterieur-5e-u-utp\/#breadcrumb","itemListElement":[{"@type":"ListItem","position":1,"name":"\u0413\u043b\u0430\u0432\u043d\u0430\u044f \u0441\u0442\u0440\u0430\u043d\u0438\u0446\u0430","item":"https:\/\/premiumline-cabling.com\/fr\/"},{"@type":"ListItem","position":2,"name":"Cat. 5e U\/UTP C\u00e2ble d\u2019installation ext\u00e9rieure"}]},{"@type":"WebSite","@id":"https:\/\/premiumline-cabling.com\/#website","url":"https:\/\/premiumline-cabling.com\/","name":"Premium-Line","description":"Structured Cabling System","publisher":{"@id":"https:\/\/premiumline-cabling.com\/#organization"},"potentialAction":[{"@type":"SearchAction","target":{"@type":"EntryPoint","urlTemplate":"https:\/\/premiumline-cabling.com\/?s={search_term_string}"},"query-input":{"@type":"PropertyValueSpecification","valueRequired":true,"valueName":"search_term_string"}}],"inLanguage":"fr-FR"},{"@type":"Organization","@id":"https:\/\/premiumline-cabling.com\/#organization","name":"Premium-Line","url":"https:\/\/premiumline-cabling.com\/","logo":{"@type":"ImageObject","inLanguage":"fr-FR","@id":"https:\/\/premiumline-cabling.com\/#\/schema\/logo\/image\/","url":"https:\/\/premiumline-cabling.com\/wp-content\/uploads\/2019\/04\/cropped-img_logo_site_Premium-Line.png","contentUrl":"https:\/\/premiumline-cabling.com\/wp-content\/uploads\/2019\/04\/cropped-img_logo_site_Premium-Line.png","width":190,"height":62,"caption":"Premium-Line"},"image":{"@id":"https:\/\/premiumline-cabling.com\/#\/schema\/logo\/image\/"}}]}},"_links":{"self":[{"href":"https:\/\/premiumline-cabling.com\/fr\/wp-json\/wp\/v2\/product\/20331","targetHints":{"allow":["GET"]}}],"collection":[{"href":"https:\/\/premiumline-cabling.com\/fr\/wp-json\/wp\/v2\/product"}],"about":[{"href":"https:\/\/premiumline-cabling.com\/fr\/wp-json\/wp\/v2\/types\/product"}],"wp:featuredmedia":[{"embeddable":true,"href":"https:\/\/premiumline-cabling.com\/fr\/wp-json\/wp\/v2\/media\/19818"}],"wp:attachment":[{"href":"https:\/\/premiumline-cabling.com\/fr\/wp-json\/wp\/v2\/media?parent=20331"}],"wp:term":[{"taxonomy":"product_category","embeddable":true,"href":"https:\/\/premiumline-cabling.com\/fr\/wp-json\/wp\/v2\/product_category?post=20331"}],"curies":[{"name":"wp","href":"https:\/\/api.w.org\/{rel}","templated":true}]}}