{"id":20326,"date":"2019-08-08T14:05:50","date_gmt":"2019-08-08T13:05:50","guid":{"rendered":"https:\/\/premiumline-cabling.com\/product\/chat-cable-d-installation-exterieur-5e-f-utp\/"},"modified":"2024-03-12T15:09:46","modified_gmt":"2024-03-12T14:09:46","slug":"chat-cable-d-installation-exterieur-5e-f-utp","status":"publish","type":"product","link":"https:\/\/premiumline-cabling.com\/fr\/product\/chat-cable-d-installation-exterieur-5e-f-utp\/","title":{"rendered":"Cat. 5e F\/UTP C\u00e2ble d\u2019installation ext\u00e9rieure"},"content":{"rendered":"<h4><strong>Normes :<\/strong><\/h4>\n<ul>\n<li>ANSI\/TIA-568.2-D:2018<noscript><img decoding=\"async\" class=\"alignright wp-image-2866 size-medium\" src=\"https:\/\/premiumline-cabling.com\/wp-content\/uploads\/2019\/08\/5e-futp-300x96.jpg\" alt width=\"300\" height=\"96\" srcset=\"https:\/\/premiumline-cabling.com\/wp-content\/uploads\/2019\/08\/5e-futp-300x96.jpg 300w, https:\/\/premiumline-cabling.com\/wp-content\/uploads\/2019\/08\/5e-futp-768x246.jpg 768w, https:\/\/premiumline-cabling.com\/wp-content\/uploads\/2019\/08\/5e-futp-1024x329.jpg 1024w, https:\/\/premiumline-cabling.com\/wp-content\/uploads\/2019\/08\/5e-futp.jpg 1253w\" sizes=\"(max-width: 300px) 100vw, 300px\"><\/noscript><img decoding=\"async\" class=\"alignright wp-image-2866 size-medium lazyload\" src=\"data:image\/svg+xml,%3Csvg%20xmlns%3D%22http%3A%2F%2Fwww.w3.org%2F2000%2Fsvg%22%20viewBox%3D%220%200%20300%2096%22%3E%3C%2Fsvg%3E\" alt width=\"300\" height=\"96\" srcset=\"data:image\/svg+xml,%3Csvg%20xmlns%3D%22http%3A%2F%2Fwww.w3.org%2F2000%2Fsvg%22%20viewBox%3D%220%200%20300%2096%22%3E%3C%2Fsvg%3E 300w\" sizes=\"(max-width: 300px) 100vw, 300px\" data-srcset=\"https:\/\/premiumline-cabling.com\/wp-content\/uploads\/2019\/08\/5e-futp-300x96.jpg 300w, https:\/\/premiumline-cabling.com\/wp-content\/uploads\/2019\/08\/5e-futp-768x246.jpg 768w, https:\/\/premiumline-cabling.com\/wp-content\/uploads\/2019\/08\/5e-futp-1024x329.jpg 1024w, https:\/\/premiumline-cabling.com\/wp-content\/uploads\/2019\/08\/5e-futp.jpg 1253w\" data-src=\"https:\/\/premiumline-cabling.com\/wp-content\/uploads\/2019\/08\/5e-futp-300x96.jpg\"><\/li>\n<li>ISO\/IEC 11801-1:2017<\/li>\n<li>CENELEC EN 50288-11-1&nbsp;:2012<\/li>\n<li>IEC 61156-5&nbsp;:2012 (\u00e9dition 2.0)<\/li>\n<li>EN50173-1&nbsp;:2011<\/li>\n<li>Conforme \u00e0 la directive RoHS (directive europ\u00e9enne 2011\/65\/CE<\/li>\n<\/ul>\n<h4>\nApplication :<\/h4>\n<ul>\n<li>Ethernet Gigabit 1000BASE-T,<noscript><img decoding=\"async\" class=\"alignright wp-image-2864 size-medium\" src=\"https:\/\/premiumline-cabling.com\/wp-content\/uploads\/2019\/08\/5e-futp-2-300x180.png\" alt width=\"300\" height=\"180\" srcset=\"https:\/\/premiumline-cabling.com\/wp-content\/uploads\/2019\/08\/5e-futp-2-300x180.png 300w, https:\/\/premiumline-cabling.com\/wp-content\/uploads\/2019\/08\/5e-futp-2.png 527w\" sizes=\"(max-width: 300px) 100vw, 300px\"><\/noscript><img decoding=\"async\" class=\"alignright wp-image-2864 size-medium lazyload\" src=\"data:image\/svg+xml,%3Csvg%20xmlns%3D%22http%3A%2F%2Fwww.w3.org%2F2000%2Fsvg%22%20viewBox%3D%220%200%20300%20180%22%3E%3C%2Fsvg%3E\" alt width=\"300\" height=\"180\" srcset=\"data:image\/svg+xml,%3Csvg%20xmlns%3D%22http%3A%2F%2Fwww.w3.org%2F2000%2Fsvg%22%20viewBox%3D%220%200%20300%20180%22%3E%3C%2Fsvg%3E 300w\" sizes=\"(max-width: 300px) 100vw, 300px\" data-srcset=\"https:\/\/premiumline-cabling.com\/wp-content\/uploads\/2019\/08\/5e-futp-2-300x180.png 300w, https:\/\/premiumline-cabling.com\/wp-content\/uploads\/2019\/08\/5e-futp-2.png 527w\" data-src=\"https:\/\/premiumline-cabling.com\/wp-content\/uploads\/2019\/08\/5e-futp-2-300x180.png\"><\/li>\n<li>Ethernet rapide 100BASE-TX,<\/li>\n<li>Ethernet 10BASE-T,<\/li>\n<li>\u00c9pine dorsale de campus pour syst\u00e8me de vid\u00e9osurveillance<\/li>\n<li>Applications \u00e0 l\u2019ext\u00e9rieur de l\u2019usine<\/li>\n<li>Voix<\/li>\n<\/ul>\n<h4><strong>Construction et caract\u00e8re physique<\/strong><\/h4>\n<table width=\"0\">\n<tbody>\n<tr>\n<td width=\"83\">Conducteur<\/td>\n<td width=\"161\">Mat\u00e9riel\/Taille<\/td>\n<td width=\"359\">Cuivre nu \/ 24 AWG<\/td>\n<\/tr>\n<tr>\n<td rowspan=\"2\" width=\"83\">Isolation<\/td>\n<td width=\"161\">Mat\u00e9riau<\/td>\n<td width=\"359\">Forme-peau, PE<\/td>\n<\/tr>\n<tr>\n<td width=\"161\">Diam\u00e8tre<\/td>\n<td width=\"359\">1,055\u00b10,10 millim\u00e8tre<\/td>\n<\/tr>\n<tr>\n<td width=\"83\">Bouclier<\/td>\n<td width=\"161\">Type d\u2019Al-Mylar \/ Type de Mylar<\/td>\n<td width=\"359\">Isolation de la surface ext\u00e9rieure<\/td>\n<\/tr>\n<tr>\n<td width=\"83\">Fil de vidange<\/td>\n<td width=\"161\">Mat\u00e9riau \/ Taille<\/td>\n<td width=\"359\">Cuivre \u00e9tam\u00e9 \/ 26AWG<\/td>\n<\/tr>\n<tr>\n<td rowspan=\"2\" width=\"83\">Fourreau<\/td>\n<td width=\"161\">Mat\u00e9riau<\/td>\n<td width=\"359\">PEBD \/ Noir<\/td>\n<\/tr>\n<tr>\n<td width=\"161\">Diam\u00e8tre<\/td>\n<td width=\"359\">6,0 \u00b1 0,4 millim\u00e8tre<\/td>\n<\/tr>\n<tr>\n<td colspan=\"2\" width=\"244\">Temp\u00e9rature de fonctionnement<\/td>\n<td width=\"359\">-40\u00b0C \u00e0 +60\u00b0C<\/td>\n<\/tr>\n<\/tbody>\n<\/table>\n<h4><strong>Performance \u00e9lectrique<\/strong><\/h4>\n<table width=\"0\">\n<tbody>\n<tr>\n<td colspan=\"2\" width=\"227\"><strong>Rigidit\u00e9 di\u00e9lectrique de l\u2019isolant<\/strong> <strong><\/strong><\/td>\n<td colspan=\"3\" width=\"388\">1200 V c.c. ou 850 V c.a. \/ 2 secondes<\/td>\n<\/tr>\n<tr>\n<td colspan=\"2\" width=\"227\"><strong>Test de r\u00e9sistance d\u2019isolement<\/strong><\/td>\n<td colspan=\"3\" width=\"388\">Min. 5000 M\u03a9\/m<\/td>\n<\/tr>\n<tr>\n<td colspan=\"2\" width=\"227\"><strong>R\u00e9sistance du conducteur<\/strong><\/td>\n<td colspan=\"3\" width=\"388\">Max.9.38 \u03a9\/100m \u00e0 20\u00b0C<\/td>\n<\/tr>\n<tr>\n<td colspan=\"2\" width=\"227\"><strong>D\u00e9s\u00e9quilibre de la r\u00e9sistance<\/strong><\/td>\n<td colspan=\"3\" width=\"388\">Max. 2%<\/td>\n<\/tr>\n<tr>\n<td colspan=\"2\" width=\"227\"><strong>D\u00e9s\u00e9quilibre de capacit\u00e9<\/strong><\/td>\n<td colspan=\"3\" width=\"388\">Max. 160 pF\/100m<\/td>\n<\/tr>\n<tr>\n<td colspan=\"2\" width=\"227\"><strong>Capacit\u00e9 mutuelle<\/strong><\/td>\n<td colspan=\"3\" width=\"388\">Max. 5600 pF\/100m<\/td>\n<\/tr>\n<tr>\n<td width=\"107\"><strong>Imp\u00e9dance<\/strong><\/td>\n<td width=\"120\">1 ~ 100MHz<\/td>\n<td colspan=\"3\" width=\"388\">100\u03a9 \u00b1 15%<\/td>\n<\/tr>\n<tr>\n<td rowspan=\"9\" width=\"107\">Principales caract\u00e9ristiques \u00e9lectriques<\/td>\n<td width=\"120\">\n<p>Fr\u00e9quence<\/p>\n<p>(MHz)<\/p><\/td>\n<td width=\"165\">\n<p>Max. Att\u00e9nuation<\/p>\n<p>(dB\/100 m\u00e8tres).<\/p><\/td>\n<td width=\"102\">\n<p>SUIVANT<\/p>\n<p>(dB), Min.<\/p><\/td>\n<td width=\"121\">\n<p>PSSUIVANT<\/p>\n<p>(dB), Min.<\/p><\/td>\n<\/tr>\n<tr>\n<td width=\"120\">1 MHz<\/td>\n<td width=\"165\">2.0*<\/td>\n<td width=\"102\">65.3*<\/td>\n<td width=\"121\">62.3*<\/td>\n<\/tr>\n<tr>\n<td width=\"120\">4 MHz<\/td>\n<td width=\"165\">4.1*<\/td>\n<td width=\"102\">56.3*<\/td>\n<td width=\"121\">53.3*<\/td>\n<\/tr>\n<tr>\n<td width=\"120\">10 MHz (Fr\u00e9quence de 10 MHz)<\/td>\n<td width=\"165\">6.5*<\/td>\n<td width=\"102\">50.3*<\/td>\n<td width=\"121\">47.3*<\/td>\n<\/tr>\n<tr>\n<td width=\"120\">16 MHz (Fr\u00e9quence de 16 MHz)<\/td>\n<td width=\"165\">8.2*<\/td>\n<td width=\"102\">47.2*<\/td>\n<td width=\"121\">44.2*<\/td>\n<\/tr>\n<tr>\n<td width=\"120\">20 MHz (Fr\u00e9quence de 20 MHz)<\/td>\n<td width=\"165\">9.3*<\/td>\n<td width=\"102\">45.8*<\/td>\n<td width=\"121\">42.8*<\/td>\n<\/tr>\n<tr>\n<td width=\"120\">31,25 MHz<\/td>\n<td width=\"165\">10.7*<\/td>\n<td width=\"102\">42.9*<\/td>\n<td width=\"121\">39.9*<\/td>\n<\/tr>\n<tr>\n<td width=\"120\">62,5 MHz<\/td>\n<td width=\"165\">17.0*<\/td>\n<td width=\"102\">38.4*<\/td>\n<td width=\"121\">35.4*<\/td>\n<\/tr>\n<tr>\n<td width=\"120\">100 MHz<\/td>\n<td width=\"165\">22.0*<\/td>\n<td width=\"102\">35.3*<\/td>\n<td width=\"121\">32.3*<\/td>\n<\/tr>\n<tr>\n<td colspan=\"5\" width=\"615\">\n<p>Les ast\u00e9risques (*) sont fournis \u00e0 titre indicatif. La perte minimale de couplage suivant pour toute combinaison de paires \u00e0 temp\u00e9rature ambiante doit \u00eatre sup\u00e9rieure \u00e0 la valeur d\u00e9termin\u00e9e \u00e0 l\u2019aide de la<\/p>\n<p>formule&nbsp;:SUIVANT (f MHZ) \u2267 SUIVANT (0,772)-15LOG10 (f MHZ\/0,772) dB<\/p><\/td>\n<\/tr>\n<\/tbody>\n<\/table>\n<h4><strong>Cat\u00e9gorie 5e F\/UTP exterieur <\/strong><\/h4>\n<table width=\"100%\">\n<thead>\n<tr>\n<td><strong>PART NO.<\/strong><\/td>\n<td><strong>DESCRIPTION<\/strong><\/td>\n<td><strong>TAILLE DE L&#8217;EMBALLAGE<\/strong><\/td>\n<\/tr>\n<\/thead>\n<tbody>\n<tr>\n<td>725243122<\/td>\n<td>C\u00e2ble d\u2019installation ext\u00e9rieure cat\u00e9gorie 5e F\/UTP, PE, noir, 305 m\/bobine<\/td>\n<td>40 (O.D.) 21 (H) cm<\/td>\n<\/tr>\n<\/tbody>\n<\/table>\n<p>&nbsp;<\/p>\n","protected":false},"featured_media":20328,"template":"","product_category":[421],"class_list":["post-20326","product","type-product","status-publish","has-post-thumbnail","hentry","product_category-cable-dinstallation-fr"],"yoast_head":"<!-- This site is optimized with the Yoast SEO plugin v27.4 - https:\/\/yoast.com\/product\/yoast-seo-wordpress\/ -->\n<title>Cat. 5e F\/UTP C\u00e2ble d\u2019installation ext\u00e9rieure - Premium-Line<\/title>\n<meta name=\"robots\" content=\"index, follow, max-snippet:-1, max-image-preview:large, max-video-preview:-1\" \/>\n<link rel=\"canonical\" href=\"https:\/\/premiumline-cabling.com\/fr\/product\/chat-cable-d-installation-exterieur-5e-f-utp\/\" \/>\n<meta property=\"og:locale\" content=\"fr_FR\" \/>\n<meta property=\"og:type\" content=\"article\" \/>\n<meta property=\"og:title\" content=\"Cat. 5e F\/UTP C\u00e2ble d\u2019installation ext\u00e9rieure - Premium-Line\" \/>\n<meta property=\"og:description\" content=\"Normes : ANSI\/TIA-568.2-D:2018 ISO\/IEC 11801-1:2017 CENELEC EN 50288-11-1&nbsp;:2012 IEC 61156-5&nbsp;:2012 (\u00e9dition 2.0) EN50173-1&nbsp;:2011 Conforme \u00e0 la directive RoHS (directive europ\u00e9enne 2011\/65\/CE Application : Ethernet Gigabit 1000BASE-T, Ethernet rapide 100BASE-TX, Ethernet...\" \/>\n<meta property=\"og:url\" content=\"https:\/\/premiumline-cabling.com\/fr\/product\/chat-cable-d-installation-exterieur-5e-f-utp\/\" \/>\n<meta property=\"og:site_name\" content=\"Premium-Line\" \/>\n<meta property=\"article:modified_time\" content=\"2024-03-12T14:09:46+00:00\" \/>\n<meta property=\"og:image\" content=\"https:\/\/premiumline-cabling.com\/wp-content\/uploads\/2019\/08\/5e-futp.jpg\" \/>\n\t<meta property=\"og:image:width\" content=\"1253\" \/>\n\t<meta property=\"og:image:height\" content=\"402\" \/>\n\t<meta property=\"og:image:type\" content=\"image\/jpeg\" \/>\n<meta name=\"twitter:card\" content=\"summary_large_image\" \/>\n<meta name=\"twitter:label1\" content=\"Dur\u00e9e de lecture estim\u00e9e\" \/>\n\t<meta name=\"twitter:data1\" content=\"2 minutes\" \/>\n<script type=\"application\/ld+json\" class=\"yoast-schema-graph\">{\"@context\":\"https:\\\/\\\/schema.org\",\"@graph\":[{\"@type\":\"WebPage\",\"@id\":\"https:\\\/\\\/premiumline-cabling.com\\\/fr\\\/product\\\/chat-cable-d-installation-exterieur-5e-f-utp\\\/\",\"url\":\"https:\\\/\\\/premiumline-cabling.com\\\/fr\\\/product\\\/chat-cable-d-installation-exterieur-5e-f-utp\\\/\",\"name\":\"Cat. 5e F\\\/UTP C\u00e2ble d\u2019installation ext\u00e9rieure - Premium-Line\",\"isPartOf\":{\"@id\":\"https:\\\/\\\/premiumline-cabling.com\\\/#website\"},\"primaryImageOfPage\":{\"@id\":\"https:\\\/\\\/premiumline-cabling.com\\\/fr\\\/product\\\/chat-cable-d-installation-exterieur-5e-f-utp\\\/#primaryimage\"},\"image\":{\"@id\":\"https:\\\/\\\/premiumline-cabling.com\\\/fr\\\/product\\\/chat-cable-d-installation-exterieur-5e-f-utp\\\/#primaryimage\"},\"thumbnailUrl\":\"https:\\\/\\\/premiumline-cabling.com\\\/wp-content\\\/uploads\\\/2019\\\/08\\\/5e-futp.jpg\",\"datePublished\":\"2019-08-08T13:05:50+00:00\",\"dateModified\":\"2024-03-12T14:09:46+00:00\",\"breadcrumb\":{\"@id\":\"https:\\\/\\\/premiumline-cabling.com\\\/fr\\\/product\\\/chat-cable-d-installation-exterieur-5e-f-utp\\\/#breadcrumb\"},\"inLanguage\":\"fr-FR\",\"potentialAction\":[{\"@type\":\"ReadAction\",\"target\":[\"https:\\\/\\\/premiumline-cabling.com\\\/fr\\\/product\\\/chat-cable-d-installation-exterieur-5e-f-utp\\\/\"]}]},{\"@type\":\"ImageObject\",\"inLanguage\":\"fr-FR\",\"@id\":\"https:\\\/\\\/premiumline-cabling.com\\\/fr\\\/product\\\/chat-cable-d-installation-exterieur-5e-f-utp\\\/#primaryimage\",\"url\":\"https:\\\/\\\/premiumline-cabling.com\\\/wp-content\\\/uploads\\\/2019\\\/08\\\/5e-futp.jpg\",\"contentUrl\":\"https:\\\/\\\/premiumline-cabling.com\\\/wp-content\\\/uploads\\\/2019\\\/08\\\/5e-futp.jpg\",\"width\":1253,\"height\":402},{\"@type\":\"BreadcrumbList\",\"@id\":\"https:\\\/\\\/premiumline-cabling.com\\\/fr\\\/product\\\/chat-cable-d-installation-exterieur-5e-f-utp\\\/#breadcrumb\",\"itemListElement\":[{\"@type\":\"ListItem\",\"position\":1,\"name\":\"\u0413\u043b\u0430\u0432\u043d\u0430\u044f \u0441\u0442\u0440\u0430\u043d\u0438\u0446\u0430\",\"item\":\"https:\\\/\\\/premiumline-cabling.com\\\/fr\\\/\"},{\"@type\":\"ListItem\",\"position\":2,\"name\":\"Cat. 5e F\\\/UTP C\u00e2ble d\u2019installation ext\u00e9rieure\"}]},{\"@type\":\"WebSite\",\"@id\":\"https:\\\/\\\/premiumline-cabling.com\\\/#website\",\"url\":\"https:\\\/\\\/premiumline-cabling.com\\\/\",\"name\":\"Premium-Line\",\"description\":\"Structured Cabling System\",\"publisher\":{\"@id\":\"https:\\\/\\\/premiumline-cabling.com\\\/#organization\"},\"potentialAction\":[{\"@type\":\"SearchAction\",\"target\":{\"@type\":\"EntryPoint\",\"urlTemplate\":\"https:\\\/\\\/premiumline-cabling.com\\\/?s={search_term_string}\"},\"query-input\":{\"@type\":\"PropertyValueSpecification\",\"valueRequired\":true,\"valueName\":\"search_term_string\"}}],\"inLanguage\":\"fr-FR\"},{\"@type\":\"Organization\",\"@id\":\"https:\\\/\\\/premiumline-cabling.com\\\/#organization\",\"name\":\"Premium-Line\",\"url\":\"https:\\\/\\\/premiumline-cabling.com\\\/\",\"logo\":{\"@type\":\"ImageObject\",\"inLanguage\":\"fr-FR\",\"@id\":\"https:\\\/\\\/premiumline-cabling.com\\\/#\\\/schema\\\/logo\\\/image\\\/\",\"url\":\"https:\\\/\\\/premiumline-cabling.com\\\/wp-content\\\/uploads\\\/2019\\\/04\\\/cropped-img_logo_site_Premium-Line.png\",\"contentUrl\":\"https:\\\/\\\/premiumline-cabling.com\\\/wp-content\\\/uploads\\\/2019\\\/04\\\/cropped-img_logo_site_Premium-Line.png\",\"width\":190,\"height\":62,\"caption\":\"Premium-Line\"},\"image\":{\"@id\":\"https:\\\/\\\/premiumline-cabling.com\\\/#\\\/schema\\\/logo\\\/image\\\/\"}}]}<\/script>\n<!-- \/ Yoast SEO plugin. -->","yoast_head_json":{"title":"Cat. 5e F\/UTP C\u00e2ble d\u2019installation ext\u00e9rieure - Premium-Line","robots":{"index":"index","follow":"follow","max-snippet":"max-snippet:-1","max-image-preview":"max-image-preview:large","max-video-preview":"max-video-preview:-1"},"canonical":"https:\/\/premiumline-cabling.com\/fr\/product\/chat-cable-d-installation-exterieur-5e-f-utp\/","og_locale":"fr_FR","og_type":"article","og_title":"Cat. 5e F\/UTP C\u00e2ble d\u2019installation ext\u00e9rieure - Premium-Line","og_description":"Normes : ANSI\/TIA-568.2-D:2018 ISO\/IEC 11801-1:2017 CENELEC EN 50288-11-1&nbsp;:2012 IEC 61156-5&nbsp;:2012 (\u00e9dition 2.0) EN50173-1&nbsp;:2011 Conforme \u00e0 la directive RoHS (directive europ\u00e9enne 2011\/65\/CE Application : Ethernet Gigabit 1000BASE-T, Ethernet rapide 100BASE-TX, Ethernet...","og_url":"https:\/\/premiumline-cabling.com\/fr\/product\/chat-cable-d-installation-exterieur-5e-f-utp\/","og_site_name":"Premium-Line","article_modified_time":"2024-03-12T14:09:46+00:00","og_image":[{"width":1253,"height":402,"url":"https:\/\/premiumline-cabling.com\/wp-content\/uploads\/2019\/08\/5e-futp.jpg","type":"image\/jpeg"}],"twitter_card":"summary_large_image","twitter_misc":{"Dur\u00e9e de lecture estim\u00e9e":"2 minutes"},"schema":{"@context":"https:\/\/schema.org","@graph":[{"@type":"WebPage","@id":"https:\/\/premiumline-cabling.com\/fr\/product\/chat-cable-d-installation-exterieur-5e-f-utp\/","url":"https:\/\/premiumline-cabling.com\/fr\/product\/chat-cable-d-installation-exterieur-5e-f-utp\/","name":"Cat. 5e F\/UTP C\u00e2ble d\u2019installation ext\u00e9rieure - Premium-Line","isPartOf":{"@id":"https:\/\/premiumline-cabling.com\/#website"},"primaryImageOfPage":{"@id":"https:\/\/premiumline-cabling.com\/fr\/product\/chat-cable-d-installation-exterieur-5e-f-utp\/#primaryimage"},"image":{"@id":"https:\/\/premiumline-cabling.com\/fr\/product\/chat-cable-d-installation-exterieur-5e-f-utp\/#primaryimage"},"thumbnailUrl":"https:\/\/premiumline-cabling.com\/wp-content\/uploads\/2019\/08\/5e-futp.jpg","datePublished":"2019-08-08T13:05:50+00:00","dateModified":"2024-03-12T14:09:46+00:00","breadcrumb":{"@id":"https:\/\/premiumline-cabling.com\/fr\/product\/chat-cable-d-installation-exterieur-5e-f-utp\/#breadcrumb"},"inLanguage":"fr-FR","potentialAction":[{"@type":"ReadAction","target":["https:\/\/premiumline-cabling.com\/fr\/product\/chat-cable-d-installation-exterieur-5e-f-utp\/"]}]},{"@type":"ImageObject","inLanguage":"fr-FR","@id":"https:\/\/premiumline-cabling.com\/fr\/product\/chat-cable-d-installation-exterieur-5e-f-utp\/#primaryimage","url":"https:\/\/premiumline-cabling.com\/wp-content\/uploads\/2019\/08\/5e-futp.jpg","contentUrl":"https:\/\/premiumline-cabling.com\/wp-content\/uploads\/2019\/08\/5e-futp.jpg","width":1253,"height":402},{"@type":"BreadcrumbList","@id":"https:\/\/premiumline-cabling.com\/fr\/product\/chat-cable-d-installation-exterieur-5e-f-utp\/#breadcrumb","itemListElement":[{"@type":"ListItem","position":1,"name":"\u0413\u043b\u0430\u0432\u043d\u0430\u044f \u0441\u0442\u0440\u0430\u043d\u0438\u0446\u0430","item":"https:\/\/premiumline-cabling.com\/fr\/"},{"@type":"ListItem","position":2,"name":"Cat. 5e F\/UTP C\u00e2ble d\u2019installation ext\u00e9rieure"}]},{"@type":"WebSite","@id":"https:\/\/premiumline-cabling.com\/#website","url":"https:\/\/premiumline-cabling.com\/","name":"Premium-Line","description":"Structured Cabling System","publisher":{"@id":"https:\/\/premiumline-cabling.com\/#organization"},"potentialAction":[{"@type":"SearchAction","target":{"@type":"EntryPoint","urlTemplate":"https:\/\/premiumline-cabling.com\/?s={search_term_string}"},"query-input":{"@type":"PropertyValueSpecification","valueRequired":true,"valueName":"search_term_string"}}],"inLanguage":"fr-FR"},{"@type":"Organization","@id":"https:\/\/premiumline-cabling.com\/#organization","name":"Premium-Line","url":"https:\/\/premiumline-cabling.com\/","logo":{"@type":"ImageObject","inLanguage":"fr-FR","@id":"https:\/\/premiumline-cabling.com\/#\/schema\/logo\/image\/","url":"https:\/\/premiumline-cabling.com\/wp-content\/uploads\/2019\/04\/cropped-img_logo_site_Premium-Line.png","contentUrl":"https:\/\/premiumline-cabling.com\/wp-content\/uploads\/2019\/04\/cropped-img_logo_site_Premium-Line.png","width":190,"height":62,"caption":"Premium-Line"},"image":{"@id":"https:\/\/premiumline-cabling.com\/#\/schema\/logo\/image\/"}}]}},"_links":{"self":[{"href":"https:\/\/premiumline-cabling.com\/fr\/wp-json\/wp\/v2\/product\/20326","targetHints":{"allow":["GET"]}}],"collection":[{"href":"https:\/\/premiumline-cabling.com\/fr\/wp-json\/wp\/v2\/product"}],"about":[{"href":"https:\/\/premiumline-cabling.com\/fr\/wp-json\/wp\/v2\/types\/product"}],"wp:featuredmedia":[{"embeddable":true,"href":"https:\/\/premiumline-cabling.com\/fr\/wp-json\/wp\/v2\/media\/20328"}],"wp:attachment":[{"href":"https:\/\/premiumline-cabling.com\/fr\/wp-json\/wp\/v2\/media?parent=20326"}],"wp:term":[{"taxonomy":"product_category","embeddable":true,"href":"https:\/\/premiumline-cabling.com\/fr\/wp-json\/wp\/v2\/product_category?post=20326"}],"curies":[{"name":"wp","href":"https:\/\/api.w.org\/{rel}","templated":true}]}}