{"id":20322,"date":"2019-08-08T16:34:34","date_gmt":"2019-08-08T15:34:34","guid":{"rendered":"https:\/\/premiumline-cabling.com\/product\/fiche-rj45-coudee-blindee-sans-outil-cat-6a\/"},"modified":"2023-12-15T15:51:55","modified_gmt":"2023-12-15T14:51:55","slug":"fiche-rj45-coudee-blindee-sans-outil-cat-6a","status":"publish","type":"product","link":"https:\/\/premiumline-cabling.com\/fr\/product\/fiche-rj45-coudee-blindee-sans-outil-cat-6a\/","title":{"rendered":"Fiche RJ45 coud\u00e9e blind\u00e9e sans outil Cat.6A"},"content":{"rendered":"<h3 class=\"csc-firstHeader\"><noscript><img decoding=\"async\" class=\"alignright wp-image-2890 size-medium\" src=\"https:\/\/premiumline-cabling.com\/wp-content\/uploads\/2019\/08\/Cat_6A_Sh_Angled_Plug-300x152.jpg\" alt width=\"300\" height=\"152\" srcset=\"https:\/\/premiumline-cabling.com\/wp-content\/uploads\/2019\/08\/Cat_6A_Sh_Angled_Plug-300x152.jpg 300w, https:\/\/premiumline-cabling.com\/wp-content\/uploads\/2019\/08\/Cat_6A_Sh_Angled_Plug.jpg 700w\" sizes=\"(max-width: 300px) 100vw, 300px\"><\/noscript><img decoding=\"async\" class=\"alignright wp-image-2890 size-medium lazyload\" src=\"data:image\/svg+xml,%3Csvg%20xmlns%3D%22http%3A%2F%2Fwww.w3.org%2F2000%2Fsvg%22%20viewBox%3D%220%200%20300%20152%22%3E%3C%2Fsvg%3E\" alt width=\"300\" height=\"152\" srcset=\"data:image\/svg+xml,%3Csvg%20xmlns%3D%22http%3A%2F%2Fwww.w3.org%2F2000%2Fsvg%22%20viewBox%3D%220%200%20300%20152%22%3E%3C%2Fsvg%3E 300w\" sizes=\"(max-width: 300px) 100vw, 300px\" data-srcset=\"https:\/\/premiumline-cabling.com\/wp-content\/uploads\/2019\/08\/Cat_6A_Sh_Angled_Plug-300x152.jpg 300w, https:\/\/premiumline-cabling.com\/wp-content\/uploads\/2019\/08\/Cat_6A_Sh_Angled_Plug.jpg 700w\" data-src=\"https:\/\/premiumline-cabling.com\/wp-content\/uploads\/2019\/08\/Cat_6A_Sh_Angled_Plug-300x152.jpg\">Fiche RJ45 coud\u00e9e blind\u00e9e sans outil<\/h3>\n<p>La prise RJ45 coud\u00e9e sans outil de cat\u00e9gorie 6A de qualit\u00e9 sup\u00e9rieure est con\u00e7ue pour fournir une protection et une fiabilit\u00e9 compl\u00e8tes du blindage,<br>\nprend en charge jusqu\u2019\u00e0 10 applications Gigabit Ethernet et garantit des performances maximales et une qualit\u00e9 de signal sup\u00e9rieure.<\/p>\n<p><strong>Sp\u00e9cifications:<\/strong><\/p>\n<ul>\n<li>Conforme aux sp\u00e9cifications ANSI\/TIA-568.2-D&nbsp;:2018, ISO\/IEC 11801-1&nbsp;:2017 et EN50173-1.<\/li>\n<li>Conforme aux exigences de performance des tests de cordons de brassage de cat\u00e9gorie 6A.<\/li>\n<li>Le connecteur accepte les c\u00e2bles blind\u00e9s solides et toronn\u00e9s de 22 \u00e0 26 AWG.<\/li>\n<li>Prise en charge du c\u00e2blage T568 A &amp; B et installation facile.<\/li>\n<li>C\u00e2ble de terminaison sans outils.<\/li>\n<li>Id\u00e9al pour les applications industrielles.<\/li>\n<\/ul>\n<h3 class=\"csc-firstHeader\"><strong style=\"font-size: 16px;\"><noscript><img decoding=\"async\" class=\"wp-image-2889 size-medium aligncenter\" src=\"https:\/\/premiumline-cabling.com\/wp-content\/uploads\/2019\/08\/Cat.6A-Sh_angled_plug-300x161.jpg\" alt width=\"300\" height=\"161\" srcset=\"https:\/\/premiumline-cabling.com\/wp-content\/uploads\/2019\/08\/Cat.6A-Sh_angled_plug-300x161.jpg 300w, https:\/\/premiumline-cabling.com\/wp-content\/uploads\/2019\/08\/Cat.6A-Sh_angled_plug.jpg 649w\" sizes=\"(max-width: 300px) 100vw, 300px\"><\/noscript><img decoding=\"async\" class=\"wp-image-2889 size-medium aligncenter lazyload\" src=\"data:image\/svg+xml,%3Csvg%20xmlns%3D%22http%3A%2F%2Fwww.w3.org%2F2000%2Fsvg%22%20viewBox%3D%220%200%20300%20161%22%3E%3C%2Fsvg%3E\" alt width=\"300\" height=\"161\" srcset=\"data:image\/svg+xml,%3Csvg%20xmlns%3D%22http%3A%2F%2Fwww.w3.org%2F2000%2Fsvg%22%20viewBox%3D%220%200%20300%20161%22%3E%3C%2Fsvg%3E 300w\" sizes=\"(max-width: 300px) 100vw, 300px\" data-srcset=\"https:\/\/premiumline-cabling.com\/wp-content\/uploads\/2019\/08\/Cat.6A-Sh_angled_plug-300x161.jpg 300w, https:\/\/premiumline-cabling.com\/wp-content\/uploads\/2019\/08\/Cat.6A-Sh_angled_plug.jpg 649w\" data-src=\"https:\/\/premiumline-cabling.com\/wp-content\/uploads\/2019\/08\/Cat.6A-Sh_angled_plug-300x161.jpg\"><\/strong><\/h3>\n<h4>Caract\u00e9ristiques:<\/h4>\n<table>\n<tbody>\n<tr>\n<td width=\"217\">Connecteur IDC<\/td>\n<td width=\"349\">Caract\u00e9ristiques<\/td>\n<\/tr>\n<tr>\n<td width=\"217\">Dur\u00e9e de vie<\/td>\n<td width=\"349\">Au moins 250 terminaisons<\/td>\n<\/tr>\n<tr>\n<td width=\"217\">Mat\u00e9riau de contact<\/td>\n<td width=\"349\">Bronze phosphoreux<\/td>\n<\/tr>\n<tr>\n<td width=\"217\">Placage de contact IDC<\/td>\n<td width=\"349\">100\u03bc pouces nickel\u00e9<\/td>\n<\/tr>\n<tr>\n<td width=\"217\">Mat\u00e9riel IDC<\/td>\n<td width=\"349\">PC, UL94 V-0<\/td>\n<\/tr>\n<\/tbody>\n<\/table>\n<table>\n<tbody>\n<tr>\n<td width=\"217\">Prise RJ45<\/td>\n<td width=\"349\">Caract\u00e9ristiques<\/td>\n<\/tr>\n<tr>\n<td width=\"217\">Placage de contact<\/td>\n<td width=\"349\">50\u03bc pouces plaqu\u00e9 or sur bronze phosphoreux<\/td>\n<\/tr>\n<tr>\n<td width=\"217\">Dur\u00e9e de vie<\/td>\n<td width=\"349\">Minimum 1500 r\u00e9insertions<\/td>\n<\/tr>\n<tr>\n<td width=\"217\">Mat\u00e9riau du bo\u00eetier<\/td>\n<td width=\"349\">PC, UL94 V-0<\/td>\n<\/tr>\n<\/tbody>\n<\/table>\n<p><strong>Fiche RJ45 coud\u00e9e blind\u00e9e sans outil<\/strong><\/p>\n<table width=\"100%\">\n<thead>\n<tr>\n<td><strong>PART NO.<\/strong><\/td>\n<td><strong>DESCRIPTION<\/strong><\/td>\n<\/tr>\n<\/thead>\n<tbody>\n<tr>\n<td>159210011<\/td>\n<td>Fiche RJ45 blind\u00e9e coud\u00e9e de cat\u00e9gorie 6A sans outil<\/td>\n<\/tr>\n<\/tbody>\n<\/table>\n<h3><\/h3>\n<p><iframe title=\"Modular Plug Terminated Link (MPTL) Test Category 6A\" width=\"500\" height=\"281\" src=\"https:\/\/www.youtube.com\/embed\/f13mMbdje2A?feature=oembed\" frameborder=\"0\" allow=\"accelerometer; autoplay; clipboard-write; encrypted-media; gyroscope; picture-in-picture; web-share\" referrerpolicy=\"strict-origin-when-cross-origin\" allowfullscreen><\/iframe><\/p>\n","protected":false},"featured_media":20324,"template":"","product_category":[420],"class_list":["post-20322","product","type-product","status-publish","has-post-thumbnail","hentry","product_category-prise-rj45-sans-outil"],"yoast_head":"<!-- This site is optimized with the Yoast SEO plugin v27.4 - https:\/\/yoast.com\/product\/yoast-seo-wordpress\/ -->\n<title>Fiche RJ45 coud\u00e9e blind\u00e9e sans outil Cat.6A - Premium-Line<\/title>\n<meta name=\"robots\" content=\"index, follow, max-snippet:-1, max-image-preview:large, max-video-preview:-1\" \/>\n<link rel=\"canonical\" href=\"https:\/\/premiumline-cabling.com\/fr\/product\/fiche-rj45-coudee-blindee-sans-outil-cat-6a\/\" \/>\n<meta property=\"og:locale\" content=\"fr_FR\" \/>\n<meta property=\"og:type\" content=\"article\" \/>\n<meta property=\"og:title\" content=\"Fiche RJ45 coud\u00e9e blind\u00e9e sans outil Cat.6A - Premium-Line\" \/>\n<meta property=\"og:description\" content=\"Fiche RJ45 coud\u00e9e blind\u00e9e sans outil La prise RJ45 coud\u00e9e sans outil de cat\u00e9gorie 6A de qualit\u00e9 sup\u00e9rieure est con\u00e7ue pour fournir une protection et une fiabilit\u00e9 compl\u00e8tes du blindage,...\" \/>\n<meta property=\"og:url\" content=\"https:\/\/premiumline-cabling.com\/fr\/product\/fiche-rj45-coudee-blindee-sans-outil-cat-6a\/\" \/>\n<meta property=\"og:site_name\" content=\"Premium-Line\" \/>\n<meta property=\"article:modified_time\" content=\"2023-12-15T14:51:55+00:00\" \/>\n<meta property=\"og:image\" content=\"https:\/\/premiumline-cabling.com\/wp-content\/uploads\/2019\/08\/Cat_6A_Sh_Angled_Plug.jpg\" \/>\n\t<meta property=\"og:image:width\" content=\"700\" \/>\n\t<meta property=\"og:image:height\" content=\"354\" \/>\n\t<meta property=\"og:image:type\" content=\"image\/jpeg\" \/>\n<meta name=\"twitter:card\" content=\"summary_large_image\" \/>\n<meta name=\"twitter:label1\" content=\"Dur\u00e9e de lecture estim\u00e9e\" \/>\n\t<meta name=\"twitter:data1\" content=\"2 minutes\" \/>\n<script type=\"application\/ld+json\" class=\"yoast-schema-graph\">{\"@context\":\"https:\\\/\\\/schema.org\",\"@graph\":[{\"@type\":\"WebPage\",\"@id\":\"https:\\\/\\\/premiumline-cabling.com\\\/fr\\\/product\\\/fiche-rj45-coudee-blindee-sans-outil-cat-6a\\\/\",\"url\":\"https:\\\/\\\/premiumline-cabling.com\\\/fr\\\/product\\\/fiche-rj45-coudee-blindee-sans-outil-cat-6a\\\/\",\"name\":\"Fiche RJ45 coud\u00e9e blind\u00e9e sans outil Cat.6A - Premium-Line\",\"isPartOf\":{\"@id\":\"https:\\\/\\\/premiumline-cabling.com\\\/#website\"},\"primaryImageOfPage\":{\"@id\":\"https:\\\/\\\/premiumline-cabling.com\\\/fr\\\/product\\\/fiche-rj45-coudee-blindee-sans-outil-cat-6a\\\/#primaryimage\"},\"image\":{\"@id\":\"https:\\\/\\\/premiumline-cabling.com\\\/fr\\\/product\\\/fiche-rj45-coudee-blindee-sans-outil-cat-6a\\\/#primaryimage\"},\"thumbnailUrl\":\"https:\\\/\\\/premiumline-cabling.com\\\/wp-content\\\/uploads\\\/2019\\\/08\\\/Cat_6A_Sh_Angled_Plug.jpg\",\"datePublished\":\"2019-08-08T15:34:34+00:00\",\"dateModified\":\"2023-12-15T14:51:55+00:00\",\"breadcrumb\":{\"@id\":\"https:\\\/\\\/premiumline-cabling.com\\\/fr\\\/product\\\/fiche-rj45-coudee-blindee-sans-outil-cat-6a\\\/#breadcrumb\"},\"inLanguage\":\"fr-FR\",\"potentialAction\":[{\"@type\":\"ReadAction\",\"target\":[\"https:\\\/\\\/premiumline-cabling.com\\\/fr\\\/product\\\/fiche-rj45-coudee-blindee-sans-outil-cat-6a\\\/\"]}]},{\"@type\":\"ImageObject\",\"inLanguage\":\"fr-FR\",\"@id\":\"https:\\\/\\\/premiumline-cabling.com\\\/fr\\\/product\\\/fiche-rj45-coudee-blindee-sans-outil-cat-6a\\\/#primaryimage\",\"url\":\"https:\\\/\\\/premiumline-cabling.com\\\/wp-content\\\/uploads\\\/2019\\\/08\\\/Cat_6A_Sh_Angled_Plug.jpg\",\"contentUrl\":\"https:\\\/\\\/premiumline-cabling.com\\\/wp-content\\\/uploads\\\/2019\\\/08\\\/Cat_6A_Sh_Angled_Plug.jpg\",\"width\":700,\"height\":354},{\"@type\":\"BreadcrumbList\",\"@id\":\"https:\\\/\\\/premiumline-cabling.com\\\/fr\\\/product\\\/fiche-rj45-coudee-blindee-sans-outil-cat-6a\\\/#breadcrumb\",\"itemListElement\":[{\"@type\":\"ListItem\",\"position\":1,\"name\":\"\u0413\u043b\u0430\u0432\u043d\u0430\u044f \u0441\u0442\u0440\u0430\u043d\u0438\u0446\u0430\",\"item\":\"https:\\\/\\\/premiumline-cabling.com\\\/fr\\\/\"},{\"@type\":\"ListItem\",\"position\":2,\"name\":\"Fiche RJ45 coud\u00e9e blind\u00e9e sans outil Cat.6A\"}]},{\"@type\":\"WebSite\",\"@id\":\"https:\\\/\\\/premiumline-cabling.com\\\/#website\",\"url\":\"https:\\\/\\\/premiumline-cabling.com\\\/\",\"name\":\"Premium-Line\",\"description\":\"Structured Cabling System\",\"publisher\":{\"@id\":\"https:\\\/\\\/premiumline-cabling.com\\\/#organization\"},\"potentialAction\":[{\"@type\":\"SearchAction\",\"target\":{\"@type\":\"EntryPoint\",\"urlTemplate\":\"https:\\\/\\\/premiumline-cabling.com\\\/?s={search_term_string}\"},\"query-input\":{\"@type\":\"PropertyValueSpecification\",\"valueRequired\":true,\"valueName\":\"search_term_string\"}}],\"inLanguage\":\"fr-FR\"},{\"@type\":\"Organization\",\"@id\":\"https:\\\/\\\/premiumline-cabling.com\\\/#organization\",\"name\":\"Premium-Line\",\"url\":\"https:\\\/\\\/premiumline-cabling.com\\\/\",\"logo\":{\"@type\":\"ImageObject\",\"inLanguage\":\"fr-FR\",\"@id\":\"https:\\\/\\\/premiumline-cabling.com\\\/#\\\/schema\\\/logo\\\/image\\\/\",\"url\":\"https:\\\/\\\/premiumline-cabling.com\\\/wp-content\\\/uploads\\\/2019\\\/04\\\/cropped-img_logo_site_Premium-Line.png\",\"contentUrl\":\"https:\\\/\\\/premiumline-cabling.com\\\/wp-content\\\/uploads\\\/2019\\\/04\\\/cropped-img_logo_site_Premium-Line.png\",\"width\":190,\"height\":62,\"caption\":\"Premium-Line\"},\"image\":{\"@id\":\"https:\\\/\\\/premiumline-cabling.com\\\/#\\\/schema\\\/logo\\\/image\\\/\"}}]}<\/script>\n<!-- \/ Yoast SEO plugin. -->","yoast_head_json":{"title":"Fiche RJ45 coud\u00e9e blind\u00e9e sans outil Cat.6A - Premium-Line","robots":{"index":"index","follow":"follow","max-snippet":"max-snippet:-1","max-image-preview":"max-image-preview:large","max-video-preview":"max-video-preview:-1"},"canonical":"https:\/\/premiumline-cabling.com\/fr\/product\/fiche-rj45-coudee-blindee-sans-outil-cat-6a\/","og_locale":"fr_FR","og_type":"article","og_title":"Fiche RJ45 coud\u00e9e blind\u00e9e sans outil Cat.6A - Premium-Line","og_description":"Fiche RJ45 coud\u00e9e blind\u00e9e sans outil La prise RJ45 coud\u00e9e sans outil de cat\u00e9gorie 6A de qualit\u00e9 sup\u00e9rieure est con\u00e7ue pour fournir une protection et une fiabilit\u00e9 compl\u00e8tes du blindage,...","og_url":"https:\/\/premiumline-cabling.com\/fr\/product\/fiche-rj45-coudee-blindee-sans-outil-cat-6a\/","og_site_name":"Premium-Line","article_modified_time":"2023-12-15T14:51:55+00:00","og_image":[{"width":700,"height":354,"url":"https:\/\/premiumline-cabling.com\/wp-content\/uploads\/2019\/08\/Cat_6A_Sh_Angled_Plug.jpg","type":"image\/jpeg"}],"twitter_card":"summary_large_image","twitter_misc":{"Dur\u00e9e de lecture estim\u00e9e":"2 minutes"},"schema":{"@context":"https:\/\/schema.org","@graph":[{"@type":"WebPage","@id":"https:\/\/premiumline-cabling.com\/fr\/product\/fiche-rj45-coudee-blindee-sans-outil-cat-6a\/","url":"https:\/\/premiumline-cabling.com\/fr\/product\/fiche-rj45-coudee-blindee-sans-outil-cat-6a\/","name":"Fiche RJ45 coud\u00e9e blind\u00e9e sans outil Cat.6A - Premium-Line","isPartOf":{"@id":"https:\/\/premiumline-cabling.com\/#website"},"primaryImageOfPage":{"@id":"https:\/\/premiumline-cabling.com\/fr\/product\/fiche-rj45-coudee-blindee-sans-outil-cat-6a\/#primaryimage"},"image":{"@id":"https:\/\/premiumline-cabling.com\/fr\/product\/fiche-rj45-coudee-blindee-sans-outil-cat-6a\/#primaryimage"},"thumbnailUrl":"https:\/\/premiumline-cabling.com\/wp-content\/uploads\/2019\/08\/Cat_6A_Sh_Angled_Plug.jpg","datePublished":"2019-08-08T15:34:34+00:00","dateModified":"2023-12-15T14:51:55+00:00","breadcrumb":{"@id":"https:\/\/premiumline-cabling.com\/fr\/product\/fiche-rj45-coudee-blindee-sans-outil-cat-6a\/#breadcrumb"},"inLanguage":"fr-FR","potentialAction":[{"@type":"ReadAction","target":["https:\/\/premiumline-cabling.com\/fr\/product\/fiche-rj45-coudee-blindee-sans-outil-cat-6a\/"]}]},{"@type":"ImageObject","inLanguage":"fr-FR","@id":"https:\/\/premiumline-cabling.com\/fr\/product\/fiche-rj45-coudee-blindee-sans-outil-cat-6a\/#primaryimage","url":"https:\/\/premiumline-cabling.com\/wp-content\/uploads\/2019\/08\/Cat_6A_Sh_Angled_Plug.jpg","contentUrl":"https:\/\/premiumline-cabling.com\/wp-content\/uploads\/2019\/08\/Cat_6A_Sh_Angled_Plug.jpg","width":700,"height":354},{"@type":"BreadcrumbList","@id":"https:\/\/premiumline-cabling.com\/fr\/product\/fiche-rj45-coudee-blindee-sans-outil-cat-6a\/#breadcrumb","itemListElement":[{"@type":"ListItem","position":1,"name":"\u0413\u043b\u0430\u0432\u043d\u0430\u044f \u0441\u0442\u0440\u0430\u043d\u0438\u0446\u0430","item":"https:\/\/premiumline-cabling.com\/fr\/"},{"@type":"ListItem","position":2,"name":"Fiche RJ45 coud\u00e9e blind\u00e9e sans outil Cat.6A"}]},{"@type":"WebSite","@id":"https:\/\/premiumline-cabling.com\/#website","url":"https:\/\/premiumline-cabling.com\/","name":"Premium-Line","description":"Structured Cabling System","publisher":{"@id":"https:\/\/premiumline-cabling.com\/#organization"},"potentialAction":[{"@type":"SearchAction","target":{"@type":"EntryPoint","urlTemplate":"https:\/\/premiumline-cabling.com\/?s={search_term_string}"},"query-input":{"@type":"PropertyValueSpecification","valueRequired":true,"valueName":"search_term_string"}}],"inLanguage":"fr-FR"},{"@type":"Organization","@id":"https:\/\/premiumline-cabling.com\/#organization","name":"Premium-Line","url":"https:\/\/premiumline-cabling.com\/","logo":{"@type":"ImageObject","inLanguage":"fr-FR","@id":"https:\/\/premiumline-cabling.com\/#\/schema\/logo\/image\/","url":"https:\/\/premiumline-cabling.com\/wp-content\/uploads\/2019\/04\/cropped-img_logo_site_Premium-Line.png","contentUrl":"https:\/\/premiumline-cabling.com\/wp-content\/uploads\/2019\/04\/cropped-img_logo_site_Premium-Line.png","width":190,"height":62,"caption":"Premium-Line"},"image":{"@id":"https:\/\/premiumline-cabling.com\/#\/schema\/logo\/image\/"}}]}},"_links":{"self":[{"href":"https:\/\/premiumline-cabling.com\/fr\/wp-json\/wp\/v2\/product\/20322","targetHints":{"allow":["GET"]}}],"collection":[{"href":"https:\/\/premiumline-cabling.com\/fr\/wp-json\/wp\/v2\/product"}],"about":[{"href":"https:\/\/premiumline-cabling.com\/fr\/wp-json\/wp\/v2\/types\/product"}],"wp:featuredmedia":[{"embeddable":true,"href":"https:\/\/premiumline-cabling.com\/fr\/wp-json\/wp\/v2\/media\/20324"}],"wp:attachment":[{"href":"https:\/\/premiumline-cabling.com\/fr\/wp-json\/wp\/v2\/media?parent=20322"}],"wp:term":[{"taxonomy":"product_category","embeddable":true,"href":"https:\/\/premiumline-cabling.com\/fr\/wp-json\/wp\/v2\/product_category?post=20322"}],"curies":[{"name":"wp","href":"https:\/\/api.w.org\/{rel}","templated":true}]}}