{"id":20319,"date":"2019-08-08T16:44:11","date_gmt":"2019-08-08T15:44:11","guid":{"rendered":"https:\/\/premiumline-cabling.com\/product\/fiche-rj45-sans-outil-non-blindee-cat-6a\/"},"modified":"2023-12-15T15:53:06","modified_gmt":"2023-12-15T14:53:06","slug":"fiche-rj45-sans-outil-non-blindee-cat-6a","status":"publish","type":"product","link":"https:\/\/premiumline-cabling.com\/fr\/product\/fiche-rj45-sans-outil-non-blindee-cat-6a\/","title":{"rendered":"Fiche RJ45 sans outil non blind\u00e9e Cat.6A"},"content":{"rendered":"<h3 class=\"csc-firstHeader\"><noscript><img decoding=\"async\" class=\"alignright wp-image-2892 size-medium\" title=\"Fiche RJ45 sans outil non blind\u00e9e Cat.6A\" src=\"https:\/\/premiumline-cabling.com\/wp-content\/uploads\/2019\/08\/CAT.6A_u_plug-300x95.jpg\" alt=\"Fiche RJ45 sans outil non blind\u00e9e de cat\u00e9gorie 6A\" width=\"300\" height=\"95\" srcset=\"https:\/\/premiumline-cabling.com\/wp-content\/uploads\/2019\/08\/CAT.6A_u_plug-300x95.jpg 300w, https:\/\/premiumline-cabling.com\/wp-content\/uploads\/2019\/08\/CAT.6A_u_plug-768x242.jpg 768w, https:\/\/premiumline-cabling.com\/wp-content\/uploads\/2019\/08\/CAT.6A_u_plug-1024x323.jpg 1024w, https:\/\/premiumline-cabling.com\/wp-content\/uploads\/2019\/08\/CAT.6A_u_plug.jpg 1474w\" sizes=\"(max-width: 300px) 100vw, 300px\"><\/noscript><img decoding=\"async\" class=\"alignright wp-image-2892 size-medium lazyload\" title=\"Fiche RJ45 sans outil non blind\u00e9e Cat.6A\" src=\"data:image\/svg+xml,%3Csvg%20xmlns%3D%22http%3A%2F%2Fwww.w3.org%2F2000%2Fsvg%22%20viewBox%3D%220%200%20300%2095%22%3E%3C%2Fsvg%3E\" alt=\"Fiche RJ45 sans outil non blind\u00e9e de cat\u00e9gorie 6A\" width=\"300\" height=\"95\" srcset=\"data:image\/svg+xml,%3Csvg%20xmlns%3D%22http%3A%2F%2Fwww.w3.org%2F2000%2Fsvg%22%20viewBox%3D%220%200%20300%2095%22%3E%3C%2Fsvg%3E 300w\" sizes=\"(max-width: 300px) 100vw, 300px\" data-srcset=\"https:\/\/premiumline-cabling.com\/wp-content\/uploads\/2019\/08\/CAT.6A_u_plug-300x95.jpg 300w, https:\/\/premiumline-cabling.com\/wp-content\/uploads\/2019\/08\/CAT.6A_u_plug-768x242.jpg 768w, https:\/\/premiumline-cabling.com\/wp-content\/uploads\/2019\/08\/CAT.6A_u_plug-1024x323.jpg 1024w, https:\/\/premiumline-cabling.com\/wp-content\/uploads\/2019\/08\/CAT.6A_u_plug.jpg 1474w\" data-src=\"https:\/\/premiumline-cabling.com\/wp-content\/uploads\/2019\/08\/CAT.6A_u_plug-300x95.jpg\"><\/h3>\n<p>Premium-Line Cat. La prise RJ45 sans outil non blind\u00e9e 6A est sp\u00e9cialement con\u00e7ue pour connecter des appareils des technologies Smart Industrial, Smart Building et Internet des objets (IoT) \u00e0 un r\u00e9seau non blind\u00e9 de cat\u00e9gorie 6A.<\/p>\n<h4><strong>Sp\u00e9cifications:<\/strong><\/h4>\n<ul>\n<li>ANSI\/TIA-568.2-D:2018,<\/li>\n<li>ISO\/IEC 11801-1:2017<\/li>\n<li>Sp\u00e9cifications EN50173-1.<\/li>\n<li>Conforme aux exigences de performance des tests de cordons de brassage de cat\u00e9gorie 6A.<\/li>\n<li>Le connecteur accepte les c\u00e2bles blind\u00e9s pleins et toronn\u00e9s de 22 \u00e0 26 AWG.<\/li>\n<li>Prise en charge du c\u00e2blage T568 A &amp; B et installation facile.<\/li>\n<li>C\u00e2ble de terminaison sans outils.<\/li>\n<li>Id\u00e9al pour les applications industrielles.<\/li>\n<li>Plage de temp\u00e9rature: -10\u00b0 \u00e0 60\u00b0.<\/li>\n<\/ul>\n<h4>Caract\u00e9ristiques:<\/h4>\n<table>\n<tbody>\n<tr>\n<td width=\"217\">Connecteur IDC<\/td>\n<td width=\"349\">Caract\u00e9ristiques<\/td>\n<\/tr>\n<tr>\n<td width=\"217\">Dur\u00e9e de vie<\/td>\n<td width=\"349\">Au moins 250 terminaisons<\/td>\n<\/tr>\n<tr>\n<td width=\"217\">Mat\u00e9riau de contact<\/td>\n<td width=\"349\">Bronze phosphoreux<\/td>\n<\/tr>\n<tr>\n<td width=\"217\">Placage de contact IDC<\/td>\n<td width=\"349\">100\u03bc pouces nickel\u00e9<\/td>\n<\/tr>\n<tr>\n<td width=\"217\">Mat\u00e9riel IDC<\/td>\n<td width=\"349\">PC, UL94 V-0<\/td>\n<\/tr>\n<\/tbody>\n<\/table>\n<table>\n<tbody>\n<tr>\n<td width=\"217\">Prise RJ45<\/td>\n<td width=\"349\">Caract\u00e9ristiques<\/td>\n<\/tr>\n<tr>\n<td width=\"217\">Placage de contact<\/td>\n<td width=\"349\">50\u03bc pouces plaqu\u00e9 or sur bronze phosphoreux<\/td>\n<\/tr>\n<tr>\n<td width=\"217\">Dur\u00e9e de vie<\/td>\n<td width=\"349\">Minimum 1500 r\u00e9insertions<\/td>\n<\/tr>\n<tr>\n<td width=\"217\">Mat\u00e9riau du bo\u00eetier<\/td>\n<td width=\"349\">PC, UL94 V-0<\/td>\n<\/tr>\n<\/tbody>\n<\/table>\n<h4><strong>Fiche RJ45 coud\u00e9e blind\u00e9e sans outil<\/strong><\/h4>\n<table width=\"100%\">\n<thead>\n<tr>\n<td><strong>PART NO.<\/strong><\/td>\n<td><strong>DESCRIPTION<\/strong><\/td>\n<\/tr>\n<\/thead>\n<tbody>\n<tr>\n<td>159100002<\/td>\n<td>Fiche RJ45 sans outil non blind\u00e9e de cat\u00e9gorie 6A<\/td>\n<\/tr>\n<\/tbody>\n<\/table>\n<h3><strong><a href=\"https:\/\/premiumline-cabling.com\/wp-content\/uploads\/2019\/07\/img_PL_Test-Limit-TIA-Cat-6A-MPTL.jpg\"><noscript><img decoding=\"async\" class=\"alignleft wp-image-2744 size-medium\" src=\"https:\/\/premiumline-cabling.com\/wp-content\/uploads\/2019\/07\/img_PL_Test-Limit-TIA-Cat-6A-MPTL-233x300.jpg\" alt width=\"233\" height=\"300\" srcset=\"https:\/\/premiumline-cabling.com\/wp-content\/uploads\/2019\/07\/img_PL_Test-Limit-TIA-Cat-6A-MPTL-233x300.jpg 233w, https:\/\/premiumline-cabling.com\/wp-content\/uploads\/2019\/07\/img_PL_Test-Limit-TIA-Cat-6A-MPTL.jpg 329w\" sizes=\"(max-width: 233px) 100vw, 233px\"><\/noscript><img decoding=\"async\" class=\"alignleft wp-image-2744 size-medium lazyload\" src=\"data:image\/svg+xml,%3Csvg%20xmlns%3D%22http%3A%2F%2Fwww.w3.org%2F2000%2Fsvg%22%20viewBox%3D%220%200%20233%20300%22%3E%3C%2Fsvg%3E\" alt width=\"233\" height=\"300\" srcset=\"data:image\/svg+xml,%3Csvg%20xmlns%3D%22http%3A%2F%2Fwww.w3.org%2F2000%2Fsvg%22%20viewBox%3D%220%200%20233%20300%22%3E%3C%2Fsvg%3E 233w\" sizes=\"(max-width: 233px) 100vw, 233px\" data-srcset=\"https:\/\/premiumline-cabling.com\/wp-content\/uploads\/2019\/07\/img_PL_Test-Limit-TIA-Cat-6A-MPTL-233x300.jpg 233w, https:\/\/premiumline-cabling.com\/wp-content\/uploads\/2019\/07\/img_PL_Test-Limit-TIA-Cat-6A-MPTL.jpg 329w\" data-src=\"https:\/\/premiumline-cabling.com\/wp-content\/uploads\/2019\/07\/img_PL_Test-Limit-TIA-Cat-6A-MPTL-233x300.jpg\"><\/a>Garantie de qualit\u00e9<\/strong><\/h3>\n<p>Il est important de se rappeler que pour obtenir une garantie syst\u00e8me de 25 ans, vous devez utiliser le test MPTL (Modular Plug Terminated Link).<\/p>\n<p>Pour les tests, vous devez utiliser un adaptateur Permanent Link \u00e0 une extr\u00e9mit\u00e9 et un adaptateur de cordon de brassage \u00e0 l\u2019autre extr\u00e9mit\u00e9. Ces liens doivent \u00eatre test\u00e9s par rapport aux limites de liens permanents de la TIA. De plus, <a href=\"https:\/\/youtu.be\/f13mMbdje2A\" target=\"_blank\" rel=\"noopener noreferrer\">voyez plus clair dans notre vid\u00e9o.<\/a><\/p>\n<p>Par exemple, nous avons test\u00e9 notre plug-in en laboratoire avec Test Limit: TIA Cat 6A MPTL (+ PoE). En savoir plus sur l\u2019image.<\/p>\n","protected":false},"featured_media":20321,"template":"","product_category":[420],"class_list":["post-20319","product","type-product","status-publish","has-post-thumbnail","hentry","product_category-prise-rj45-sans-outil"],"yoast_head":"<!-- This site is optimized with the Yoast SEO plugin v27.2 - https:\/\/yoast.com\/product\/yoast-seo-wordpress\/ -->\n<title>Fiche RJ45 sans outil non blind\u00e9e Cat.6A - Premium-Line<\/title>\n<meta name=\"robots\" content=\"index, follow, max-snippet:-1, max-image-preview:large, max-video-preview:-1\" \/>\n<link rel=\"canonical\" href=\"https:\/\/premiumline-cabling.com\/fr\/product\/fiche-rj45-sans-outil-non-blindee-cat-6a\/\" \/>\n<meta property=\"og:locale\" content=\"fr_FR\" \/>\n<meta property=\"og:type\" content=\"article\" \/>\n<meta property=\"og:title\" content=\"Premium-Line Cat. Fiche RJ45 sans outil non blind\u00e9e 6A\" \/>\n<meta property=\"og:description\" content=\"Premium-Line Cat. La prise RJ45 sans outil non blind\u00e9e 6A est sp\u00e9cialement con\u00e7ue pour connecter des appareils des technologies Smart Industrial, Smart Building et Internet des objets (IoT) \u00e0 un r\u00e9seau non blind\u00e9 de cat\u00e9gorie 6A.\" \/>\n<meta property=\"og:url\" content=\"https:\/\/premiumline-cabling.com\/fr\/product\/fiche-rj45-sans-outil-non-blindee-cat-6a\/\" \/>\n<meta property=\"og:site_name\" content=\"Premium-Line\" \/>\n<meta property=\"article:modified_time\" content=\"2023-12-15T14:53:06+00:00\" \/>\n<meta property=\"og:image\" content=\"https:\/\/premiumline-cabling.com\/wp-content\/uploads\/2019\/08\/Cat.6a_u_plug.jpg\" \/>\n<meta name=\"twitter:card\" content=\"summary_large_image\" \/>\n<meta name=\"twitter:label1\" content=\"Dur\u00e9e de lecture estim\u00e9e\" \/>\n\t<meta name=\"twitter:data1\" content=\"2 minutes\" \/>\n<script type=\"application\/ld+json\" class=\"yoast-schema-graph\">{\"@context\":\"https:\/\/schema.org\",\"@graph\":[{\"@type\":\"WebPage\",\"@id\":\"https:\/\/premiumline-cabling.com\/fr\/product\/fiche-rj45-sans-outil-non-blindee-cat-6a\/\",\"url\":\"https:\/\/premiumline-cabling.com\/fr\/product\/fiche-rj45-sans-outil-non-blindee-cat-6a\/\",\"name\":\"Fiche RJ45 sans outil non blind\u00e9e Cat.6A - Premium-Line\",\"isPartOf\":{\"@id\":\"https:\/\/premiumline-cabling.com\/#website\"},\"primaryImageOfPage\":{\"@id\":\"https:\/\/premiumline-cabling.com\/fr\/product\/fiche-rj45-sans-outil-non-blindee-cat-6a\/#primaryimage\"},\"image\":{\"@id\":\"https:\/\/premiumline-cabling.com\/fr\/product\/fiche-rj45-sans-outil-non-blindee-cat-6a\/#primaryimage\"},\"thumbnailUrl\":\"https:\/\/premiumline-cabling.com\/wp-content\/uploads\/2019\/07\/Cat.-6A-Unshielded-Toolless-RJ45-Plug1-e1564832406962.jpg\",\"datePublished\":\"2019-08-08T15:44:11+00:00\",\"dateModified\":\"2023-12-15T14:53:06+00:00\",\"breadcrumb\":{\"@id\":\"https:\/\/premiumline-cabling.com\/fr\/product\/fiche-rj45-sans-outil-non-blindee-cat-6a\/#breadcrumb\"},\"inLanguage\":\"fr-FR\",\"potentialAction\":[{\"@type\":\"ReadAction\",\"target\":[\"https:\/\/premiumline-cabling.com\/fr\/product\/fiche-rj45-sans-outil-non-blindee-cat-6a\/\"]}]},{\"@type\":\"ImageObject\",\"inLanguage\":\"fr-FR\",\"@id\":\"https:\/\/premiumline-cabling.com\/fr\/product\/fiche-rj45-sans-outil-non-blindee-cat-6a\/#primaryimage\",\"url\":\"https:\/\/premiumline-cabling.com\/wp-content\/uploads\/2019\/07\/Cat.-6A-Unshielded-Toolless-RJ45-Plug1-e1564832406962.jpg\",\"contentUrl\":\"https:\/\/premiumline-cabling.com\/wp-content\/uploads\/2019\/07\/Cat.-6A-Unshielded-Toolless-RJ45-Plug1-e1564832406962.jpg\",\"width\":430,\"height\":240},{\"@type\":\"BreadcrumbList\",\"@id\":\"https:\/\/premiumline-cabling.com\/fr\/product\/fiche-rj45-sans-outil-non-blindee-cat-6a\/#breadcrumb\",\"itemListElement\":[{\"@type\":\"ListItem\",\"position\":1,\"name\":\"\u0413\u043b\u0430\u0432\u043d\u0430\u044f \u0441\u0442\u0440\u0430\u043d\u0438\u0446\u0430\",\"item\":\"https:\/\/premiumline-cabling.com\/fr\/\"},{\"@type\":\"ListItem\",\"position\":2,\"name\":\"Fiche RJ45 sans outil non blind\u00e9e Cat.6A\"}]},{\"@type\":\"WebSite\",\"@id\":\"https:\/\/premiumline-cabling.com\/#website\",\"url\":\"https:\/\/premiumline-cabling.com\/\",\"name\":\"Premium-Line\",\"description\":\"Structured Cabling System\",\"publisher\":{\"@id\":\"https:\/\/premiumline-cabling.com\/#organization\"},\"potentialAction\":[{\"@type\":\"SearchAction\",\"target\":{\"@type\":\"EntryPoint\",\"urlTemplate\":\"https:\/\/premiumline-cabling.com\/?s={search_term_string}\"},\"query-input\":{\"@type\":\"PropertyValueSpecification\",\"valueRequired\":true,\"valueName\":\"search_term_string\"}}],\"inLanguage\":\"fr-FR\"},{\"@type\":\"Organization\",\"@id\":\"https:\/\/premiumline-cabling.com\/#organization\",\"name\":\"Premium-Line\",\"url\":\"https:\/\/premiumline-cabling.com\/\",\"logo\":{\"@type\":\"ImageObject\",\"inLanguage\":\"fr-FR\",\"@id\":\"https:\/\/premiumline-cabling.com\/#\/schema\/logo\/image\/\",\"url\":\"https:\/\/premiumline-cabling.com\/wp-content\/uploads\/2019\/04\/cropped-img_logo_site_Premium-Line.png\",\"contentUrl\":\"https:\/\/premiumline-cabling.com\/wp-content\/uploads\/2019\/04\/cropped-img_logo_site_Premium-Line.png\",\"width\":190,\"height\":62,\"caption\":\"Premium-Line\"},\"image\":{\"@id\":\"https:\/\/premiumline-cabling.com\/#\/schema\/logo\/image\/\"}}]}<\/script>\n<!-- \/ Yoast SEO plugin. -->","yoast_head_json":{"title":"Fiche RJ45 sans outil non blind\u00e9e Cat.6A - Premium-Line","robots":{"index":"index","follow":"follow","max-snippet":"max-snippet:-1","max-image-preview":"max-image-preview:large","max-video-preview":"max-video-preview:-1"},"canonical":"https:\/\/premiumline-cabling.com\/fr\/product\/fiche-rj45-sans-outil-non-blindee-cat-6a\/","og_locale":"fr_FR","og_type":"article","og_title":"Premium-Line Cat. Fiche RJ45 sans outil non blind\u00e9e 6A","og_description":"Premium-Line Cat. La prise RJ45 sans outil non blind\u00e9e 6A est sp\u00e9cialement con\u00e7ue pour connecter des appareils des technologies Smart Industrial, Smart Building et Internet des objets (IoT) \u00e0 un r\u00e9seau non blind\u00e9 de cat\u00e9gorie 6A.","og_url":"https:\/\/premiumline-cabling.com\/fr\/product\/fiche-rj45-sans-outil-non-blindee-cat-6a\/","og_site_name":"Premium-Line","article_modified_time":"2023-12-15T14:53:06+00:00","og_image":[{"url":"https:\/\/premiumline-cabling.com\/wp-content\/uploads\/2019\/08\/Cat.6a_u_plug.jpg","type":"","width":"","height":""}],"twitter_card":"summary_large_image","twitter_misc":{"Dur\u00e9e de lecture estim\u00e9e":"2 minutes"},"schema":{"@context":"https:\/\/schema.org","@graph":[{"@type":"WebPage","@id":"https:\/\/premiumline-cabling.com\/fr\/product\/fiche-rj45-sans-outil-non-blindee-cat-6a\/","url":"https:\/\/premiumline-cabling.com\/fr\/product\/fiche-rj45-sans-outil-non-blindee-cat-6a\/","name":"Fiche RJ45 sans outil non blind\u00e9e Cat.6A - Premium-Line","isPartOf":{"@id":"https:\/\/premiumline-cabling.com\/#website"},"primaryImageOfPage":{"@id":"https:\/\/premiumline-cabling.com\/fr\/product\/fiche-rj45-sans-outil-non-blindee-cat-6a\/#primaryimage"},"image":{"@id":"https:\/\/premiumline-cabling.com\/fr\/product\/fiche-rj45-sans-outil-non-blindee-cat-6a\/#primaryimage"},"thumbnailUrl":"https:\/\/premiumline-cabling.com\/wp-content\/uploads\/2019\/07\/Cat.-6A-Unshielded-Toolless-RJ45-Plug1-e1564832406962.jpg","datePublished":"2019-08-08T15:44:11+00:00","dateModified":"2023-12-15T14:53:06+00:00","breadcrumb":{"@id":"https:\/\/premiumline-cabling.com\/fr\/product\/fiche-rj45-sans-outil-non-blindee-cat-6a\/#breadcrumb"},"inLanguage":"fr-FR","potentialAction":[{"@type":"ReadAction","target":["https:\/\/premiumline-cabling.com\/fr\/product\/fiche-rj45-sans-outil-non-blindee-cat-6a\/"]}]},{"@type":"ImageObject","inLanguage":"fr-FR","@id":"https:\/\/premiumline-cabling.com\/fr\/product\/fiche-rj45-sans-outil-non-blindee-cat-6a\/#primaryimage","url":"https:\/\/premiumline-cabling.com\/wp-content\/uploads\/2019\/07\/Cat.-6A-Unshielded-Toolless-RJ45-Plug1-e1564832406962.jpg","contentUrl":"https:\/\/premiumline-cabling.com\/wp-content\/uploads\/2019\/07\/Cat.-6A-Unshielded-Toolless-RJ45-Plug1-e1564832406962.jpg","width":430,"height":240},{"@type":"BreadcrumbList","@id":"https:\/\/premiumline-cabling.com\/fr\/product\/fiche-rj45-sans-outil-non-blindee-cat-6a\/#breadcrumb","itemListElement":[{"@type":"ListItem","position":1,"name":"\u0413\u043b\u0430\u0432\u043d\u0430\u044f \u0441\u0442\u0440\u0430\u043d\u0438\u0446\u0430","item":"https:\/\/premiumline-cabling.com\/fr\/"},{"@type":"ListItem","position":2,"name":"Fiche RJ45 sans outil non blind\u00e9e Cat.6A"}]},{"@type":"WebSite","@id":"https:\/\/premiumline-cabling.com\/#website","url":"https:\/\/premiumline-cabling.com\/","name":"Premium-Line","description":"Structured Cabling System","publisher":{"@id":"https:\/\/premiumline-cabling.com\/#organization"},"potentialAction":[{"@type":"SearchAction","target":{"@type":"EntryPoint","urlTemplate":"https:\/\/premiumline-cabling.com\/?s={search_term_string}"},"query-input":{"@type":"PropertyValueSpecification","valueRequired":true,"valueName":"search_term_string"}}],"inLanguage":"fr-FR"},{"@type":"Organization","@id":"https:\/\/premiumline-cabling.com\/#organization","name":"Premium-Line","url":"https:\/\/premiumline-cabling.com\/","logo":{"@type":"ImageObject","inLanguage":"fr-FR","@id":"https:\/\/premiumline-cabling.com\/#\/schema\/logo\/image\/","url":"https:\/\/premiumline-cabling.com\/wp-content\/uploads\/2019\/04\/cropped-img_logo_site_Premium-Line.png","contentUrl":"https:\/\/premiumline-cabling.com\/wp-content\/uploads\/2019\/04\/cropped-img_logo_site_Premium-Line.png","width":190,"height":62,"caption":"Premium-Line"},"image":{"@id":"https:\/\/premiumline-cabling.com\/#\/schema\/logo\/image\/"}}]}},"_links":{"self":[{"href":"https:\/\/premiumline-cabling.com\/fr\/wp-json\/wp\/v2\/product\/20319","targetHints":{"allow":["GET"]}}],"collection":[{"href":"https:\/\/premiumline-cabling.com\/fr\/wp-json\/wp\/v2\/product"}],"about":[{"href":"https:\/\/premiumline-cabling.com\/fr\/wp-json\/wp\/v2\/types\/product"}],"wp:featuredmedia":[{"embeddable":true,"href":"https:\/\/premiumline-cabling.com\/fr\/wp-json\/wp\/v2\/media\/20321"}],"wp:attachment":[{"href":"https:\/\/premiumline-cabling.com\/fr\/wp-json\/wp\/v2\/media?parent=20319"}],"wp:term":[{"taxonomy":"product_category","embeddable":true,"href":"https:\/\/premiumline-cabling.com\/fr\/wp-json\/wp\/v2\/product_category?post=20319"}],"curies":[{"name":"wp","href":"https:\/\/api.w.org\/{rel}","templated":true}]}}