{"id":20317,"date":"2019-02-19T14:36:07","date_gmt":"2019-02-19T13:36:07","guid":{"rendered":"https:\/\/premiumline-cabling.com\/product\/adaptateur-sur-rail-din\/"},"modified":"2023-12-15T16:11:42","modified_gmt":"2023-12-15T15:11:42","slug":"adaptateur-sur-rail-din","status":"publish","type":"product","link":"https:\/\/premiumline-cabling.com\/fr\/product\/adaptateur-sur-rail-din\/","title":{"rendered":"Adaptateur sur rail DIN"},"content":{"rendered":"<ul>\n<li>Convient pour la prise trap\u00e9zo\u00efdale Premium Line \u00e0 180\u00b0 (sauf P\/N 106524010, 105524010)<a href=\"https:\/\/premiumline-cabling.com\/wp-content\/uploads\/2019\/02\/img_PL_DIN-Adapter_with-KJ.jpg\"><noscript><img decoding=\"async\" class=\"wp-image-1053 size-medium alignright\" src=\"https:\/\/premiumline-cabling.com\/wp-content\/uploads\/2019\/02\/img_PL_DIN-Adapter_with-KJ-300x260.jpg\" alt width=\"300\" height=\"260\" srcset=\"https:\/\/premiumline-cabling.com\/wp-content\/uploads\/2019\/02\/img_PL_DIN-Adapter_with-KJ-300x260.jpg 300w, https:\/\/premiumline-cabling.com\/wp-content\/uploads\/2019\/02\/img_PL_DIN-Adapter_with-KJ.jpg 644w\" sizes=\"(max-width: 300px) 100vw, 300px\"><\/noscript><img decoding=\"async\" class=\"wp-image-1053 size-medium alignright lazyload\" src=\"data:image\/svg+xml,%3Csvg%20xmlns%3D%22http%3A%2F%2Fwww.w3.org%2F2000%2Fsvg%22%20viewBox%3D%220%200%20300%20260%22%3E%3C%2Fsvg%3E\" alt width=\"300\" height=\"260\" srcset=\"data:image\/svg+xml,%3Csvg%20xmlns%3D%22http%3A%2F%2Fwww.w3.org%2F2000%2Fsvg%22%20viewBox%3D%220%200%20300%20260%22%3E%3C%2Fsvg%3E 300w\" sizes=\"(max-width: 300px) 100vw, 300px\" data-srcset=\"https:\/\/premiumline-cabling.com\/wp-content\/uploads\/2019\/02\/img_PL_DIN-Adapter_with-KJ-300x260.jpg 300w, https:\/\/premiumline-cabling.com\/wp-content\/uploads\/2019\/02\/img_PL_DIN-Adapter_with-KJ.jpg 644w\" data-src=\"https:\/\/premiumline-cabling.com\/wp-content\/uploads\/2019\/02\/img_PL_DIN-Adapter_with-KJ-300x260.jpg\"><\/a><\/li>\n<li>Convient pour l\u2019adaptateur LC\/Duplex ou SC\/Simplex avec module de support d\u2019adaptateur P\/N127120000<\/li>\n<li>Montage sur rail DIN<\/li>\n<li>Description facile des ports gr\u00e2ce \u00e0 des \u00e9tiquettes amovibles dans des supports en plastique<\/li>\n<li>Montage sans outils sp\u00e9ciaux<\/li>\n<li>Couleur: RAL9003<\/li>\n<li>Mat\u00e9riel: ABS<\/li>\n<li>Conforme \u00e0 la directive RoHS<\/li>\n<\/ul>\n<p>&nbsp;<\/p>\n<table>\n<tbody>\n<tr>\n<td width=\"161\">Pi\u00e8ce NO.<\/td>\n<td width=\"507\">190000081<\/td>\n<\/tr>\n<tr>\n<td width=\"161\">Description<\/td>\n<td width=\"507\">Adaptateur sur rail DIN Premium-Line<\/td>\n<\/tr>\n<tr>\n<td width=\"161\">Emballage<\/td>\n<td width=\"507\">1 pc\/PE sac, 20 pcs\/bo\u00eete, 200 pcs\/carton<\/td>\n<\/tr>\n<tr>\n<td width=\"161\"><\/td>\n<td width=\"507\">taille de carton 34.5 * 29.5 * 39cm<\/td>\n<\/tr>\n<\/tbody>\n<\/table>\n<p><noscript><img decoding=\"async\" class=\"wp-image-1062 size-medium alignleft\" src=\"https:\/\/premiumline-cabling.com\/wp-content\/uploads\/2019\/02\/img_Premium_Line_DIN-Rail_Adapter_1-300x199.jpg\" alt width=\"300\" height=\"199\" srcset=\"https:\/\/premiumline-cabling.com\/wp-content\/uploads\/2019\/02\/img_Premium_Line_DIN-Rail_Adapter_1-300x199.jpg 300w, https:\/\/premiumline-cabling.com\/wp-content\/uploads\/2019\/02\/img_Premium_Line_DIN-Rail_Adapter_1-768x511.jpg 768w, https:\/\/premiumline-cabling.com\/wp-content\/uploads\/2019\/02\/img_Premium_Line_DIN-Rail_Adapter_1-1024x681.jpg 1024w\" sizes=\"(max-width: 300px) 100vw, 300px\"><\/noscript><img decoding=\"async\" class=\"wp-image-1062 size-medium alignleft lazyload\" src=\"data:image\/svg+xml,%3Csvg%20xmlns%3D%22http%3A%2F%2Fwww.w3.org%2F2000%2Fsvg%22%20viewBox%3D%220%200%20300%20199%22%3E%3C%2Fsvg%3E\" alt width=\"300\" height=\"199\" srcset=\"data:image\/svg+xml,%3Csvg%20xmlns%3D%22http%3A%2F%2Fwww.w3.org%2F2000%2Fsvg%22%20viewBox%3D%220%200%20300%20199%22%3E%3C%2Fsvg%3E 300w\" sizes=\"(max-width: 300px) 100vw, 300px\" data-srcset=\"https:\/\/premiumline-cabling.com\/wp-content\/uploads\/2019\/02\/img_Premium_Line_DIN-Rail_Adapter_1-300x199.jpg 300w, https:\/\/premiumline-cabling.com\/wp-content\/uploads\/2019\/02\/img_Premium_Line_DIN-Rail_Adapter_1-768x511.jpg 768w, https:\/\/premiumline-cabling.com\/wp-content\/uploads\/2019\/02\/img_Premium_Line_DIN-Rail_Adapter_1-1024x681.jpg 1024w\" data-src=\"https:\/\/premiumline-cabling.com\/wp-content\/uploads\/2019\/02\/img_Premium_Line_DIN-Rail_Adapter_1-300x199.jpg\"><\/p>\n","protected":false},"featured_media":20318,"template":"","product_category":[397],"class_list":["post-20317","product","type-product","status-publish","has-post-thumbnail","hentry","product_category-industrial-lan"],"yoast_head":"<!-- This site is optimized with the Yoast SEO plugin v27.4 - https:\/\/yoast.com\/product\/yoast-seo-wordpress\/ -->\n<title>Adaptateur de rail DIN Premium-Line pour prise trap\u00e9zo\u00efdale RJ45<\/title>\n<meta name=\"description\" content=\"Convient pour la prise trap\u00e9zo\u00efdale Premium Line 180\u00b0 (sauf P\/N 106524010, 105524010) et pour l\u2019adaptateur LC\/Duplex ou SC\/Simplex avec module de support d\u2019adaptateur P\/N127120000.\" \/>\n<meta name=\"robots\" content=\"index, follow, max-snippet:-1, max-image-preview:large, max-video-preview:-1\" \/>\n<link rel=\"canonical\" href=\"https:\/\/premiumline-cabling.com\/fr\/product\/adaptateur-sur-rail-din\/\" \/>\n<meta property=\"og:locale\" content=\"fr_FR\" \/>\n<meta property=\"og:type\" content=\"article\" \/>\n<meta property=\"og:title\" content=\"Adaptateur de rail DIN Premium-Line pour prise trap\u00e9zo\u00efdale RJ45\" \/>\n<meta property=\"og:description\" content=\"Convient pour la prise trap\u00e9zo\u00efdale Premium Line 180\u00b0 (sauf P\/N 106524010, 105524010) et pour l\u2019adaptateur LC\/Duplex ou SC\/Simplex avec module de support d\u2019adaptateur P\/N127120000.\" \/>\n<meta property=\"og:url\" content=\"https:\/\/premiumline-cabling.com\/fr\/product\/adaptateur-sur-rail-din\/\" \/>\n<meta property=\"og:site_name\" content=\"Premium-Line\" \/>\n<meta property=\"article:modified_time\" content=\"2023-12-15T15:11:42+00:00\" \/>\n<meta property=\"og:image\" content=\"https:\/\/premiumline-cabling.com\/wp-content\/uploads\/2019\/02\/img_PL_DIN-Adapter_with-KJ.jpg\" \/>\n\t<meta property=\"og:image:width\" content=\"644\" \/>\n\t<meta property=\"og:image:height\" content=\"559\" \/>\n\t<meta property=\"og:image:type\" content=\"image\/jpeg\" \/>\n<meta name=\"twitter:card\" content=\"summary_large_image\" \/>\n<meta name=\"twitter:label1\" content=\"Dur\u00e9e de lecture estim\u00e9e\" \/>\n\t<meta name=\"twitter:data1\" content=\"1 minute\" \/>\n<script type=\"application\/ld+json\" class=\"yoast-schema-graph\">{\"@context\":\"https:\\\/\\\/schema.org\",\"@graph\":[{\"@type\":\"WebPage\",\"@id\":\"https:\\\/\\\/premiumline-cabling.com\\\/fr\\\/product\\\/adaptateur-sur-rail-din\\\/\",\"url\":\"https:\\\/\\\/premiumline-cabling.com\\\/fr\\\/product\\\/adaptateur-sur-rail-din\\\/\",\"name\":\"Adaptateur de rail DIN Premium-Line pour prise trap\u00e9zo\u00efdale RJ45\",\"isPartOf\":{\"@id\":\"https:\\\/\\\/premiumline-cabling.com\\\/#website\"},\"primaryImageOfPage\":{\"@id\":\"https:\\\/\\\/premiumline-cabling.com\\\/fr\\\/product\\\/adaptateur-sur-rail-din\\\/#primaryimage\"},\"image\":{\"@id\":\"https:\\\/\\\/premiumline-cabling.com\\\/fr\\\/product\\\/adaptateur-sur-rail-din\\\/#primaryimage\"},\"thumbnailUrl\":\"https:\\\/\\\/premiumline-cabling.com\\\/wp-content\\\/uploads\\\/2019\\\/02\\\/img_PL_DIN-Adapter_with-KJ.jpg\",\"datePublished\":\"2019-02-19T13:36:07+00:00\",\"dateModified\":\"2023-12-15T15:11:42+00:00\",\"description\":\"Convient pour la prise trap\u00e9zo\u00efdale Premium Line 180\u00b0 (sauf P\\\/N 106524010, 105524010) et pour l\u2019adaptateur LC\\\/Duplex ou SC\\\/Simplex avec module de support d\u2019adaptateur P\\\/N127120000.\",\"breadcrumb\":{\"@id\":\"https:\\\/\\\/premiumline-cabling.com\\\/fr\\\/product\\\/adaptateur-sur-rail-din\\\/#breadcrumb\"},\"inLanguage\":\"fr-FR\",\"potentialAction\":[{\"@type\":\"ReadAction\",\"target\":[\"https:\\\/\\\/premiumline-cabling.com\\\/fr\\\/product\\\/adaptateur-sur-rail-din\\\/\"]}]},{\"@type\":\"ImageObject\",\"inLanguage\":\"fr-FR\",\"@id\":\"https:\\\/\\\/premiumline-cabling.com\\\/fr\\\/product\\\/adaptateur-sur-rail-din\\\/#primaryimage\",\"url\":\"https:\\\/\\\/premiumline-cabling.com\\\/wp-content\\\/uploads\\\/2019\\\/02\\\/img_PL_DIN-Adapter_with-KJ.jpg\",\"contentUrl\":\"https:\\\/\\\/premiumline-cabling.com\\\/wp-content\\\/uploads\\\/2019\\\/02\\\/img_PL_DIN-Adapter_with-KJ.jpg\",\"width\":644,\"height\":559},{\"@type\":\"BreadcrumbList\",\"@id\":\"https:\\\/\\\/premiumline-cabling.com\\\/fr\\\/product\\\/adaptateur-sur-rail-din\\\/#breadcrumb\",\"itemListElement\":[{\"@type\":\"ListItem\",\"position\":1,\"name\":\"\u0413\u043b\u0430\u0432\u043d\u0430\u044f \u0441\u0442\u0440\u0430\u043d\u0438\u0446\u0430\",\"item\":\"https:\\\/\\\/premiumline-cabling.com\\\/fr\\\/\"},{\"@type\":\"ListItem\",\"position\":2,\"name\":\"Adaptateur sur rail DIN\"}]},{\"@type\":\"WebSite\",\"@id\":\"https:\\\/\\\/premiumline-cabling.com\\\/#website\",\"url\":\"https:\\\/\\\/premiumline-cabling.com\\\/\",\"name\":\"Premium-Line\",\"description\":\"Structured Cabling System\",\"publisher\":{\"@id\":\"https:\\\/\\\/premiumline-cabling.com\\\/#organization\"},\"potentialAction\":[{\"@type\":\"SearchAction\",\"target\":{\"@type\":\"EntryPoint\",\"urlTemplate\":\"https:\\\/\\\/premiumline-cabling.com\\\/?s={search_term_string}\"},\"query-input\":{\"@type\":\"PropertyValueSpecification\",\"valueRequired\":true,\"valueName\":\"search_term_string\"}}],\"inLanguage\":\"fr-FR\"},{\"@type\":\"Organization\",\"@id\":\"https:\\\/\\\/premiumline-cabling.com\\\/#organization\",\"name\":\"Premium-Line\",\"url\":\"https:\\\/\\\/premiumline-cabling.com\\\/\",\"logo\":{\"@type\":\"ImageObject\",\"inLanguage\":\"fr-FR\",\"@id\":\"https:\\\/\\\/premiumline-cabling.com\\\/#\\\/schema\\\/logo\\\/image\\\/\",\"url\":\"https:\\\/\\\/premiumline-cabling.com\\\/wp-content\\\/uploads\\\/2019\\\/04\\\/cropped-img_logo_site_Premium-Line.png\",\"contentUrl\":\"https:\\\/\\\/premiumline-cabling.com\\\/wp-content\\\/uploads\\\/2019\\\/04\\\/cropped-img_logo_site_Premium-Line.png\",\"width\":190,\"height\":62,\"caption\":\"Premium-Line\"},\"image\":{\"@id\":\"https:\\\/\\\/premiumline-cabling.com\\\/#\\\/schema\\\/logo\\\/image\\\/\"}}]}<\/script>\n<!-- \/ Yoast SEO plugin. -->","yoast_head_json":{"title":"Adaptateur de rail DIN Premium-Line pour prise trap\u00e9zo\u00efdale RJ45","description":"Convient pour la prise trap\u00e9zo\u00efdale Premium Line 180\u00b0 (sauf P\/N 106524010, 105524010) et pour l\u2019adaptateur LC\/Duplex ou SC\/Simplex avec module de support d\u2019adaptateur P\/N127120000.","robots":{"index":"index","follow":"follow","max-snippet":"max-snippet:-1","max-image-preview":"max-image-preview:large","max-video-preview":"max-video-preview:-1"},"canonical":"https:\/\/premiumline-cabling.com\/fr\/product\/adaptateur-sur-rail-din\/","og_locale":"fr_FR","og_type":"article","og_title":"Adaptateur de rail DIN Premium-Line pour prise trap\u00e9zo\u00efdale RJ45","og_description":"Convient pour la prise trap\u00e9zo\u00efdale Premium Line 180\u00b0 (sauf P\/N 106524010, 105524010) et pour l\u2019adaptateur LC\/Duplex ou SC\/Simplex avec module de support d\u2019adaptateur P\/N127120000.","og_url":"https:\/\/premiumline-cabling.com\/fr\/product\/adaptateur-sur-rail-din\/","og_site_name":"Premium-Line","article_modified_time":"2023-12-15T15:11:42+00:00","og_image":[{"width":644,"height":559,"url":"https:\/\/premiumline-cabling.com\/wp-content\/uploads\/2019\/02\/img_PL_DIN-Adapter_with-KJ.jpg","type":"image\/jpeg"}],"twitter_card":"summary_large_image","twitter_misc":{"Dur\u00e9e de lecture estim\u00e9e":"1 minute"},"schema":{"@context":"https:\/\/schema.org","@graph":[{"@type":"WebPage","@id":"https:\/\/premiumline-cabling.com\/fr\/product\/adaptateur-sur-rail-din\/","url":"https:\/\/premiumline-cabling.com\/fr\/product\/adaptateur-sur-rail-din\/","name":"Adaptateur de rail DIN Premium-Line pour prise trap\u00e9zo\u00efdale RJ45","isPartOf":{"@id":"https:\/\/premiumline-cabling.com\/#website"},"primaryImageOfPage":{"@id":"https:\/\/premiumline-cabling.com\/fr\/product\/adaptateur-sur-rail-din\/#primaryimage"},"image":{"@id":"https:\/\/premiumline-cabling.com\/fr\/product\/adaptateur-sur-rail-din\/#primaryimage"},"thumbnailUrl":"https:\/\/premiumline-cabling.com\/wp-content\/uploads\/2019\/02\/img_PL_DIN-Adapter_with-KJ.jpg","datePublished":"2019-02-19T13:36:07+00:00","dateModified":"2023-12-15T15:11:42+00:00","description":"Convient pour la prise trap\u00e9zo\u00efdale Premium Line 180\u00b0 (sauf P\/N 106524010, 105524010) et pour l\u2019adaptateur LC\/Duplex ou SC\/Simplex avec module de support d\u2019adaptateur P\/N127120000.","breadcrumb":{"@id":"https:\/\/premiumline-cabling.com\/fr\/product\/adaptateur-sur-rail-din\/#breadcrumb"},"inLanguage":"fr-FR","potentialAction":[{"@type":"ReadAction","target":["https:\/\/premiumline-cabling.com\/fr\/product\/adaptateur-sur-rail-din\/"]}]},{"@type":"ImageObject","inLanguage":"fr-FR","@id":"https:\/\/premiumline-cabling.com\/fr\/product\/adaptateur-sur-rail-din\/#primaryimage","url":"https:\/\/premiumline-cabling.com\/wp-content\/uploads\/2019\/02\/img_PL_DIN-Adapter_with-KJ.jpg","contentUrl":"https:\/\/premiumline-cabling.com\/wp-content\/uploads\/2019\/02\/img_PL_DIN-Adapter_with-KJ.jpg","width":644,"height":559},{"@type":"BreadcrumbList","@id":"https:\/\/premiumline-cabling.com\/fr\/product\/adaptateur-sur-rail-din\/#breadcrumb","itemListElement":[{"@type":"ListItem","position":1,"name":"\u0413\u043b\u0430\u0432\u043d\u0430\u044f \u0441\u0442\u0440\u0430\u043d\u0438\u0446\u0430","item":"https:\/\/premiumline-cabling.com\/fr\/"},{"@type":"ListItem","position":2,"name":"Adaptateur sur rail DIN"}]},{"@type":"WebSite","@id":"https:\/\/premiumline-cabling.com\/#website","url":"https:\/\/premiumline-cabling.com\/","name":"Premium-Line","description":"Structured Cabling System","publisher":{"@id":"https:\/\/premiumline-cabling.com\/#organization"},"potentialAction":[{"@type":"SearchAction","target":{"@type":"EntryPoint","urlTemplate":"https:\/\/premiumline-cabling.com\/?s={search_term_string}"},"query-input":{"@type":"PropertyValueSpecification","valueRequired":true,"valueName":"search_term_string"}}],"inLanguage":"fr-FR"},{"@type":"Organization","@id":"https:\/\/premiumline-cabling.com\/#organization","name":"Premium-Line","url":"https:\/\/premiumline-cabling.com\/","logo":{"@type":"ImageObject","inLanguage":"fr-FR","@id":"https:\/\/premiumline-cabling.com\/#\/schema\/logo\/image\/","url":"https:\/\/premiumline-cabling.com\/wp-content\/uploads\/2019\/04\/cropped-img_logo_site_Premium-Line.png","contentUrl":"https:\/\/premiumline-cabling.com\/wp-content\/uploads\/2019\/04\/cropped-img_logo_site_Premium-Line.png","width":190,"height":62,"caption":"Premium-Line"},"image":{"@id":"https:\/\/premiumline-cabling.com\/#\/schema\/logo\/image\/"}}]}},"_links":{"self":[{"href":"https:\/\/premiumline-cabling.com\/fr\/wp-json\/wp\/v2\/product\/20317","targetHints":{"allow":["GET"]}}],"collection":[{"href":"https:\/\/premiumline-cabling.com\/fr\/wp-json\/wp\/v2\/product"}],"about":[{"href":"https:\/\/premiumline-cabling.com\/fr\/wp-json\/wp\/v2\/types\/product"}],"wp:featuredmedia":[{"embeddable":true,"href":"https:\/\/premiumline-cabling.com\/fr\/wp-json\/wp\/v2\/media\/20318"}],"wp:attachment":[{"href":"https:\/\/premiumline-cabling.com\/fr\/wp-json\/wp\/v2\/media?parent=20317"}],"wp:term":[{"taxonomy":"product_category","embeddable":true,"href":"https:\/\/premiumline-cabling.com\/fr\/wp-json\/wp\/v2\/product_category?post=20317"}],"curies":[{"name":"wp","href":"https:\/\/api.w.org\/{rel}","templated":true}]}}