{"id":20310,"date":"2019-08-08T17:34:48","date_gmt":"2019-08-08T16:34:48","guid":{"rendered":"https:\/\/premiumline-cabling.com\/product\/plaque-frontale-industrielle\/"},"modified":"2023-12-15T15:58:44","modified_gmt":"2023-12-15T14:58:44","slug":"plaque-frontale-industrielle","status":"publish","type":"product","link":"https:\/\/premiumline-cabling.com\/fr\/product\/plaque-frontale-industrielle\/","title":{"rendered":"Plaque frontale industrielle"},"content":{"rendered":"<h3 class=\"csc-firstHeader\"><noscript><img decoding=\"async\" class=\"alignright wp-image-2816 size-medium\" src=\"https:\/\/premiumline-cabling.com\/wp-content\/uploads\/2019\/08\/IP67-faceplate-300x199.jpg\" alt width=\"300\" height=\"199\" srcset=\"https:\/\/premiumline-cabling.com\/wp-content\/uploads\/2019\/08\/IP67-faceplate-300x199.jpg 300w, https:\/\/premiumline-cabling.com\/wp-content\/uploads\/2019\/08\/IP67-faceplate-768x511.jpg 768w, https:\/\/premiumline-cabling.com\/wp-content\/uploads\/2019\/08\/IP67-faceplate-1024x681.jpg 1024w, https:\/\/premiumline-cabling.com\/wp-content\/uploads\/2019\/08\/IP67-faceplate.jpg 1432w\" sizes=\"(max-width: 300px) 100vw, 300px\"><\/noscript><img decoding=\"async\" class=\"alignright wp-image-2816 size-medium lazyload\" src=\"data:image\/svg+xml,%3Csvg%20xmlns%3D%22http%3A%2F%2Fwww.w3.org%2F2000%2Fsvg%22%20viewBox%3D%220%200%20300%20199%22%3E%3C%2Fsvg%3E\" alt width=\"300\" height=\"199\" srcset=\"data:image\/svg+xml,%3Csvg%20xmlns%3D%22http%3A%2F%2Fwww.w3.org%2F2000%2Fsvg%22%20viewBox%3D%220%200%20300%20199%22%3E%3C%2Fsvg%3E 300w\" sizes=\"(max-width: 300px) 100vw, 300px\" data-srcset=\"https:\/\/premiumline-cabling.com\/wp-content\/uploads\/2019\/08\/IP67-faceplate-300x199.jpg 300w, https:\/\/premiumline-cabling.com\/wp-content\/uploads\/2019\/08\/IP67-faceplate-768x511.jpg 768w, https:\/\/premiumline-cabling.com\/wp-content\/uploads\/2019\/08\/IP67-faceplate-1024x681.jpg 1024w, https:\/\/premiumline-cabling.com\/wp-content\/uploads\/2019\/08\/IP67-faceplate.jpg 1432w\" data-src=\"https:\/\/premiumline-cabling.com\/wp-content\/uploads\/2019\/08\/IP67-faceplate-300x199.jpg\"><\/h3>\n<h4><strong>Sp\u00e9cifications:<\/strong><\/h4>\n<ul>\n<li>Les performances de la prise Keystone sont conformes aux sp\u00e9cifications ANSI\/TIA-568.2-D&nbsp;:2018, ISO\/IEC 11801-1&nbsp;:2017 et EN 50173-1<\/li>\n<li>Prend en charge le c\u00e2blage T568 A&amp;B<\/li>\n<li>Terminer \u00e0 l&#8217;aide des outils 110 ou Krone<\/li>\n<li>Mat\u00e9riau de la plaque frontale : acier inoxydable, mat\u00e9riau d\u2019\u00e9tanch\u00e9it\u00e9 : FKM<\/li>\n<li>\u00c9paisseur de la plaque frontale : 1,0 mm, taille : 130\u00d7130 mm<\/li>\n<li>Mat\u00e9riau de la bo\u00eete arri\u00e8re : ABS, taille : 128\u00d7128\u00d767 mm<\/li>\n<li>Indice de protection : IP67, selon la norme CEI 60529&nbsp;:2001-02<\/li>\n<\/ul>\n<h4>Caract\u00e9ristiques:<\/h4>\n<h4>PRISE TRAP\u00c9ZO\u00cfDALE:<\/h4>\n<table width=\"465\">\n<tbody>\n<tr>\n<td width=\"203\">Rigidit\u00e9 di\u00e9lectrique<\/td>\n<td width=\"262\">1000V RMS pendant 1min<\/td>\n<\/tr>\n<tr>\n<td width=\"203\">Valeur nominale actuelle<\/td>\n<td width=\"262\">1.5Amp Max.<\/td>\n<\/tr>\n<tr>\n<td width=\"203\">R\u00e9sistance de l\u2019isolation<\/td>\n<td width=\"262\">10M\u03a9 Min.<\/td>\n<\/tr>\n<tr>\n<td width=\"203\">R\u00e9sistance des contacts<\/td>\n<td width=\"262\">2m\u03a9 par contact<\/td>\n<\/tr>\n<tr>\n<td width=\"203\">Plage de temp\u00e9rature<\/td>\n<td width=\"262\">-10\u2103 \u00e0 60\u2103<\/td>\n<\/tr>\n<tr>\n<td width=\"203\">Humidit\u00e9<\/td>\n<td width=\"262\">10%~90% ; sans condensation<\/td>\n<\/tr>\n<tr>\n<td width=\"203\">Mat\u00e9riau Indice de flamme<\/td>\n<td width=\"262\">UL94 V-0<\/td>\n<\/tr>\n<tr>\n<td width=\"203\">Conducteur admissible<\/td>\n<td width=\"262\">Fil d\u2019isolation 22AWG ~ 26AWG<\/td>\n<\/tr>\n<tr>\n<td rowspan=\"2\" width=\"203\">Contact \u00e0 8 broches dans le jack du PCB<\/td>\n<td width=\"262\">Bronze phosphoreux, 50 \u03bc pouces plaqu\u00e9 or sur nickel plaqu\u00e9 dans la zone de contact&nbsp;;<\/td>\n<\/tr>\n<tr>\n<td width=\"262\">Dur\u00e9e de vie\uff1aMinimum 750 insertions<\/td>\n<\/tr>\n<tr>\n<td rowspan=\"2\" width=\"203\">Contacts IDC<\/td>\n<td width=\"262\">100\u03bc pouces nickel\u00e9s sur bronze phosphoreux ;<\/td>\n<\/tr>\n<tr>\n<td width=\"262\">Dur\u00e9e de vie\uff1aMinimum 250 Re-terminations<\/td>\n<\/tr>\n<\/tbody>\n<\/table>\n<p><strong>LES INFORMATIONS RELATIVES \u00c0 LA COMMANDE:<\/strong><\/p>\n<p>Num\u00e9ro d \u0301article 129x10y00<\/p>\n<p>Description Plaque frontale industrielle Premium Line, avec prise trap\u00e9zo\u00efdale blind\u00e9e, 130\u00d7130 mm<\/p>\n<p>x, cat\u00e9gorie 5 : CAT.5E 6 : CAT.6 9 : CAT.6A<\/p>\n<p>y, port 1 : 1port 2 : 2ports<\/p>\n<h3><\/h3>\n<p><iframe title=\"Premium Line Industrial Faceplate review\" width=\"500\" height=\"281\" src=\"https:\/\/www.youtube.com\/embed\/2pIvF_kV3Qw?start=14&#038;feature=oembed\" frameborder=\"0\" allow=\"accelerometer; autoplay; clipboard-write; encrypted-media; gyroscope; picture-in-picture; web-share\" referrerpolicy=\"strict-origin-when-cross-origin\" allowfullscreen><\/iframe><\/p>\n","protected":false},"featured_media":20312,"template":"","product_category":[397],"class_list":["post-20310","product","type-product","status-publish","has-post-thumbnail","hentry","product_category-industrial-lan"],"yoast_head":"<!-- This site is optimized with the Yoast SEO plugin v27.4 - https:\/\/yoast.com\/product\/yoast-seo-wordpress\/ -->\n<title>Plaque frontale industrielle - Premium-Line<\/title>\n<meta name=\"robots\" content=\"index, follow, max-snippet:-1, max-image-preview:large, max-video-preview:-1\" \/>\n<link rel=\"canonical\" href=\"https:\/\/premiumline-cabling.com\/fr\/product\/plaque-frontale-industrielle\/\" \/>\n<meta property=\"og:locale\" content=\"fr_FR\" \/>\n<meta property=\"og:type\" content=\"article\" \/>\n<meta property=\"og:title\" content=\"Plaque frontale industrielle - Premium-Line\" \/>\n<meta property=\"og:description\" content=\"Sp\u00e9cifications: Les performances de la prise Keystone sont conformes aux sp\u00e9cifications ANSI\/TIA-568.2-D&nbsp;:2018, ISO\/IEC 11801-1&nbsp;:2017 et EN 50173-1 Prend en charge le c\u00e2blage T568 A&amp;B Terminer \u00e0 l&#8217;aide des outils 110...\" \/>\n<meta property=\"og:url\" content=\"https:\/\/premiumline-cabling.com\/fr\/product\/plaque-frontale-industrielle\/\" \/>\n<meta property=\"og:site_name\" content=\"Premium-Line\" \/>\n<meta property=\"article:modified_time\" content=\"2023-12-15T14:58:44+00:00\" \/>\n<meta property=\"og:image\" content=\"https:\/\/premiumline-cabling.com\/wp-content\/uploads\/2019\/08\/IP67-faceplate.jpg\" \/>\n\t<meta property=\"og:image:width\" content=\"1432\" \/>\n\t<meta property=\"og:image:height\" content=\"952\" \/>\n\t<meta property=\"og:image:type\" content=\"image\/jpeg\" \/>\n<meta name=\"twitter:card\" content=\"summary_large_image\" \/>\n<meta name=\"twitter:label1\" content=\"Dur\u00e9e de lecture estim\u00e9e\" \/>\n\t<meta name=\"twitter:data1\" content=\"2 minutes\" \/>\n<script type=\"application\/ld+json\" class=\"yoast-schema-graph\">{\"@context\":\"https:\\\/\\\/schema.org\",\"@graph\":[{\"@type\":\"WebPage\",\"@id\":\"https:\\\/\\\/premiumline-cabling.com\\\/fr\\\/product\\\/plaque-frontale-industrielle\\\/\",\"url\":\"https:\\\/\\\/premiumline-cabling.com\\\/fr\\\/product\\\/plaque-frontale-industrielle\\\/\",\"name\":\"Plaque frontale industrielle - Premium-Line\",\"isPartOf\":{\"@id\":\"https:\\\/\\\/premiumline-cabling.com\\\/#website\"},\"primaryImageOfPage\":{\"@id\":\"https:\\\/\\\/premiumline-cabling.com\\\/fr\\\/product\\\/plaque-frontale-industrielle\\\/#primaryimage\"},\"image\":{\"@id\":\"https:\\\/\\\/premiumline-cabling.com\\\/fr\\\/product\\\/plaque-frontale-industrielle\\\/#primaryimage\"},\"thumbnailUrl\":\"https:\\\/\\\/premiumline-cabling.com\\\/wp-content\\\/uploads\\\/2019\\\/08\\\/IP67-faceplate.jpg\",\"datePublished\":\"2019-08-08T16:34:48+00:00\",\"dateModified\":\"2023-12-15T14:58:44+00:00\",\"breadcrumb\":{\"@id\":\"https:\\\/\\\/premiumline-cabling.com\\\/fr\\\/product\\\/plaque-frontale-industrielle\\\/#breadcrumb\"},\"inLanguage\":\"fr-FR\",\"potentialAction\":[{\"@type\":\"ReadAction\",\"target\":[\"https:\\\/\\\/premiumline-cabling.com\\\/fr\\\/product\\\/plaque-frontale-industrielle\\\/\"]}]},{\"@type\":\"ImageObject\",\"inLanguage\":\"fr-FR\",\"@id\":\"https:\\\/\\\/premiumline-cabling.com\\\/fr\\\/product\\\/plaque-frontale-industrielle\\\/#primaryimage\",\"url\":\"https:\\\/\\\/premiumline-cabling.com\\\/wp-content\\\/uploads\\\/2019\\\/08\\\/IP67-faceplate.jpg\",\"contentUrl\":\"https:\\\/\\\/premiumline-cabling.com\\\/wp-content\\\/uploads\\\/2019\\\/08\\\/IP67-faceplate.jpg\",\"width\":1432,\"height\":952},{\"@type\":\"BreadcrumbList\",\"@id\":\"https:\\\/\\\/premiumline-cabling.com\\\/fr\\\/product\\\/plaque-frontale-industrielle\\\/#breadcrumb\",\"itemListElement\":[{\"@type\":\"ListItem\",\"position\":1,\"name\":\"\u0413\u043b\u0430\u0432\u043d\u0430\u044f \u0441\u0442\u0440\u0430\u043d\u0438\u0446\u0430\",\"item\":\"https:\\\/\\\/premiumline-cabling.com\\\/fr\\\/\"},{\"@type\":\"ListItem\",\"position\":2,\"name\":\"Plaque frontale industrielle\"}]},{\"@type\":\"WebSite\",\"@id\":\"https:\\\/\\\/premiumline-cabling.com\\\/#website\",\"url\":\"https:\\\/\\\/premiumline-cabling.com\\\/\",\"name\":\"Premium-Line\",\"description\":\"Structured Cabling System\",\"publisher\":{\"@id\":\"https:\\\/\\\/premiumline-cabling.com\\\/#organization\"},\"potentialAction\":[{\"@type\":\"SearchAction\",\"target\":{\"@type\":\"EntryPoint\",\"urlTemplate\":\"https:\\\/\\\/premiumline-cabling.com\\\/?s={search_term_string}\"},\"query-input\":{\"@type\":\"PropertyValueSpecification\",\"valueRequired\":true,\"valueName\":\"search_term_string\"}}],\"inLanguage\":\"fr-FR\"},{\"@type\":\"Organization\",\"@id\":\"https:\\\/\\\/premiumline-cabling.com\\\/#organization\",\"name\":\"Premium-Line\",\"url\":\"https:\\\/\\\/premiumline-cabling.com\\\/\",\"logo\":{\"@type\":\"ImageObject\",\"inLanguage\":\"fr-FR\",\"@id\":\"https:\\\/\\\/premiumline-cabling.com\\\/#\\\/schema\\\/logo\\\/image\\\/\",\"url\":\"https:\\\/\\\/premiumline-cabling.com\\\/wp-content\\\/uploads\\\/2019\\\/04\\\/cropped-img_logo_site_Premium-Line.png\",\"contentUrl\":\"https:\\\/\\\/premiumline-cabling.com\\\/wp-content\\\/uploads\\\/2019\\\/04\\\/cropped-img_logo_site_Premium-Line.png\",\"width\":190,\"height\":62,\"caption\":\"Premium-Line\"},\"image\":{\"@id\":\"https:\\\/\\\/premiumline-cabling.com\\\/#\\\/schema\\\/logo\\\/image\\\/\"}}]}<\/script>\n<!-- \/ Yoast SEO plugin. -->","yoast_head_json":{"title":"Plaque frontale industrielle - Premium-Line","robots":{"index":"index","follow":"follow","max-snippet":"max-snippet:-1","max-image-preview":"max-image-preview:large","max-video-preview":"max-video-preview:-1"},"canonical":"https:\/\/premiumline-cabling.com\/fr\/product\/plaque-frontale-industrielle\/","og_locale":"fr_FR","og_type":"article","og_title":"Plaque frontale industrielle - Premium-Line","og_description":"Sp\u00e9cifications: Les performances de la prise Keystone sont conformes aux sp\u00e9cifications ANSI\/TIA-568.2-D&nbsp;:2018, ISO\/IEC 11801-1&nbsp;:2017 et EN 50173-1 Prend en charge le c\u00e2blage T568 A&amp;B Terminer \u00e0 l&#8217;aide des outils 110...","og_url":"https:\/\/premiumline-cabling.com\/fr\/product\/plaque-frontale-industrielle\/","og_site_name":"Premium-Line","article_modified_time":"2023-12-15T14:58:44+00:00","og_image":[{"width":1432,"height":952,"url":"https:\/\/premiumline-cabling.com\/wp-content\/uploads\/2019\/08\/IP67-faceplate.jpg","type":"image\/jpeg"}],"twitter_card":"summary_large_image","twitter_misc":{"Dur\u00e9e de lecture estim\u00e9e":"2 minutes"},"schema":{"@context":"https:\/\/schema.org","@graph":[{"@type":"WebPage","@id":"https:\/\/premiumline-cabling.com\/fr\/product\/plaque-frontale-industrielle\/","url":"https:\/\/premiumline-cabling.com\/fr\/product\/plaque-frontale-industrielle\/","name":"Plaque frontale industrielle - Premium-Line","isPartOf":{"@id":"https:\/\/premiumline-cabling.com\/#website"},"primaryImageOfPage":{"@id":"https:\/\/premiumline-cabling.com\/fr\/product\/plaque-frontale-industrielle\/#primaryimage"},"image":{"@id":"https:\/\/premiumline-cabling.com\/fr\/product\/plaque-frontale-industrielle\/#primaryimage"},"thumbnailUrl":"https:\/\/premiumline-cabling.com\/wp-content\/uploads\/2019\/08\/IP67-faceplate.jpg","datePublished":"2019-08-08T16:34:48+00:00","dateModified":"2023-12-15T14:58:44+00:00","breadcrumb":{"@id":"https:\/\/premiumline-cabling.com\/fr\/product\/plaque-frontale-industrielle\/#breadcrumb"},"inLanguage":"fr-FR","potentialAction":[{"@type":"ReadAction","target":["https:\/\/premiumline-cabling.com\/fr\/product\/plaque-frontale-industrielle\/"]}]},{"@type":"ImageObject","inLanguage":"fr-FR","@id":"https:\/\/premiumline-cabling.com\/fr\/product\/plaque-frontale-industrielle\/#primaryimage","url":"https:\/\/premiumline-cabling.com\/wp-content\/uploads\/2019\/08\/IP67-faceplate.jpg","contentUrl":"https:\/\/premiumline-cabling.com\/wp-content\/uploads\/2019\/08\/IP67-faceplate.jpg","width":1432,"height":952},{"@type":"BreadcrumbList","@id":"https:\/\/premiumline-cabling.com\/fr\/product\/plaque-frontale-industrielle\/#breadcrumb","itemListElement":[{"@type":"ListItem","position":1,"name":"\u0413\u043b\u0430\u0432\u043d\u0430\u044f \u0441\u0442\u0440\u0430\u043d\u0438\u0446\u0430","item":"https:\/\/premiumline-cabling.com\/fr\/"},{"@type":"ListItem","position":2,"name":"Plaque frontale industrielle"}]},{"@type":"WebSite","@id":"https:\/\/premiumline-cabling.com\/#website","url":"https:\/\/premiumline-cabling.com\/","name":"Premium-Line","description":"Structured Cabling System","publisher":{"@id":"https:\/\/premiumline-cabling.com\/#organization"},"potentialAction":[{"@type":"SearchAction","target":{"@type":"EntryPoint","urlTemplate":"https:\/\/premiumline-cabling.com\/?s={search_term_string}"},"query-input":{"@type":"PropertyValueSpecification","valueRequired":true,"valueName":"search_term_string"}}],"inLanguage":"fr-FR"},{"@type":"Organization","@id":"https:\/\/premiumline-cabling.com\/#organization","name":"Premium-Line","url":"https:\/\/premiumline-cabling.com\/","logo":{"@type":"ImageObject","inLanguage":"fr-FR","@id":"https:\/\/premiumline-cabling.com\/#\/schema\/logo\/image\/","url":"https:\/\/premiumline-cabling.com\/wp-content\/uploads\/2019\/04\/cropped-img_logo_site_Premium-Line.png","contentUrl":"https:\/\/premiumline-cabling.com\/wp-content\/uploads\/2019\/04\/cropped-img_logo_site_Premium-Line.png","width":190,"height":62,"caption":"Premium-Line"},"image":{"@id":"https:\/\/premiumline-cabling.com\/#\/schema\/logo\/image\/"}}]}},"_links":{"self":[{"href":"https:\/\/premiumline-cabling.com\/fr\/wp-json\/wp\/v2\/product\/20310","targetHints":{"allow":["GET"]}}],"collection":[{"href":"https:\/\/premiumline-cabling.com\/fr\/wp-json\/wp\/v2\/product"}],"about":[{"href":"https:\/\/premiumline-cabling.com\/fr\/wp-json\/wp\/v2\/types\/product"}],"wp:featuredmedia":[{"embeddable":true,"href":"https:\/\/premiumline-cabling.com\/fr\/wp-json\/wp\/v2\/media\/20312"}],"wp:attachment":[{"href":"https:\/\/premiumline-cabling.com\/fr\/wp-json\/wp\/v2\/media?parent=20310"}],"wp:term":[{"taxonomy":"product_category","embeddable":true,"href":"https:\/\/premiumline-cabling.com\/fr\/wp-json\/wp\/v2\/product_category?post=20310"}],"curies":[{"name":"wp","href":"https:\/\/api.w.org\/{rel}","templated":true}]}}