{"id":20273,"date":"2019-12-06T13:54:33","date_gmt":"2019-12-06T12:54:33","guid":{"rendered":"https:\/\/premiumline-cabling.com\/product\/chat-6a-u-utp\/"},"modified":"2026-01-15T16:17:32","modified_gmt":"2026-01-15T15:17:32","slug":"chat-6a-u-utp","status":"publish","type":"product","link":"https:\/\/premiumline-cabling.com\/fr\/product\/chat-6a-u-utp\/","title":{"rendered":"Cat. 6A U\/UTP"},"content":{"rendered":"<p>Le cordon de brassage U\/UTP de cat\u00e9gorie 6A Premium-Line prend en charge la transmission de l\u2019ensemble du canal conform\u00e9ment aux sp\u00e9cifications de la norme TIA\/EIA-568.2-D&nbsp;:2018, ISO\/IEC 11801 et EN 50173-1 Classe EA. Le conducteur toronn\u00e9 de 24 AWG et la construction flexible sont faciles \u00e0 plier ou \u00e0 changer. Normalement, le cordon de brassage sera dans le c\u00e2blage TIA 568B, TIA 568A ou d\u2019autres m\u00e9thodes de c\u00e2blage sur demande. Le cordon de brassage est fini avec une botte anti-accroc.<\/p>\n<p><noscript><img decoding=\"async\" class=\"alignright size-full wp-image-785\" src=\"https:\/\/premiumline-cabling.com\/wp-content\/uploads\/2019\/02\/PL_img_patch-cord-category-6a.jpg\" alt width=\"283\" height=\"220\"><\/noscript><img decoding=\"async\" class=\"alignright size-full wp-image-785 lazyload\" src=\"data:image\/svg+xml,%3Csvg%20xmlns%3D%22http%3A%2F%2Fwww.w3.org%2F2000%2Fsvg%22%20viewBox%3D%220%200%20283%20220%22%3E%3C%2Fsvg%3E\" alt width=\"283\" height=\"220\" data-src=\"https:\/\/premiumline-cabling.com\/wp-content\/uploads\/2019\/02\/PL_img_patch-cord-category-6a.jpg\"><\/p>\n<h3>CARACT\u00c9RISTIQUES :<\/h3>\n<h4>Le cordon de brassage U\/UTP de cat\u00e9gorie 6A utilise :<\/h4>\n<ul>\n<li>Traverse centrale pour la s\u00e9paration des paires<\/li>\n<li>Contacts RJ45 50\u03bc pouces plaqu\u00e9s or<\/li>\n<li>Botte moul\u00e9e anti-accrochage<\/li>\n<\/ul>\n<h4>Conforme aux normes Cat.6A comme :<\/h4>\n<ul>\n<li>ANSI\/TIA 568.2-D:2018<\/li>\n<li>ISO\/IEC 11801-1 Classe Ea:2017<\/li>\n<li>IEC 61935-2:2010 (Edition 3.0)<\/li>\n<li>IEC 61156-6:2012<\/li>\n<li>CENELEC EN 50288-11-2&nbsp;:2015<\/li>\n<li>CENELEC EN 50173-1:2018<\/li>\n<li>V\u00e9rifi\u00e9 par ETL<\/li>\n<\/ul>\n<h4>Conforme aux normes de s\u00e9curit\u00e9 comme :<\/h4>\n<ul>\n<li>IEC 60332-1-2:2004<\/li>\n<li>Conforme \u00e0 la directive RoHS (directive europ\u00e9enne 2011\/65\/CE)<\/li>\n<\/ul>\n<h4><strong>La construction<\/strong><\/h4>\n<table width=\"591\">\n<tbody>\n<tr>\n<td width=\"100\">Chef d&#8217;orchestre<\/td>\n<td width=\"111\">Mat\u00e9riau \/ taille<\/td>\n<td colspan=\"2\" width=\"380\">Cuivre nu \/ 24 AWG<\/td>\n<\/tr>\n<tr>\n<td rowspan=\"3\" width=\"100\">Isolation<\/td>\n<td width=\"111\">Mat\u00e9riau<\/td>\n<td colspan=\"2\" width=\"380\">PEHD<\/td>\n<\/tr>\n<tr>\n<td width=\"111\">\u00c9paisseur<\/td>\n<td colspan=\"2\" width=\"380\">Moyenne : 0,235 mm Min. en tout point : 0,185 mm<\/td>\n<\/tr>\n<tr>\n<td width=\"111\">Diam\u00e8tre<\/td>\n<td colspan=\"2\" width=\"380\">1,03 \u00b1 0,05 mm<\/td>\n<\/tr>\n<tr>\n<td rowspan=\"3\" width=\"100\">Fourreau<\/td>\n<td width=\"111\">Mat\u00e9riau<\/td>\n<td width=\"191\">PVC<\/td>\n<td width=\"189\">LS0H<\/td>\n<\/tr>\n<tr>\n<td width=\"111\">\u00c9paisseur<\/td>\n<td width=\"191\">Moyenne : 0,65 mm\n<p>Min. en tout point : 0,60 mm<\/p><\/td>\n<td width=\"189\">Moyenne : 0,65 mm\n<p>Min. en tout point : 0,60 mm<\/p><\/td>\n<\/tr>\n<tr>\n<td width=\"111\">Diam\u00e8tre<\/td>\n<td width=\"191\">7,5 \u00b1 0,3 mm<\/td>\n<td width=\"189\">7,5 \u00b1 0,3 mm<\/td>\n<\/tr>\n<tr>\n<td colspan=\"2\" width=\"211\">Temp\u00e9rature de fonctionnement<\/td>\n<td colspan=\"2\" width=\"380\">-20\u00b0C~+60\u00b0C<\/td>\n<\/tr>\n<tr>\n<td colspan=\"2\" width=\"211\">Temp\u00e9rature d&#8217;installation<\/td>\n<td colspan=\"2\" width=\"380\">0\u00b0C~+50\u00b0C<\/td>\n<\/tr>\n<tr>\n<td colspan=\"2\" width=\"211\">Temp\u00e9rature de stockage<\/td>\n<td colspan=\"2\" width=\"380\">-30\u00b0C~+60\u00b0C<\/td>\n<\/tr>\n<\/tbody>\n<\/table>\n<h3>DEMANDE D&#8217;EMPLOI :<\/h3>\n<ul>\n<li>10G BASE-T Ethernet<\/li>\n<li>1000BASE-TX Gigabit Ethernet<\/li>\n<li>1000BASE-T Gigabit Ethernet<\/li>\n<li>100BASE-TX Fast Ethernet<\/li>\n<li>10BASE-T Ethernet<\/li>\n<li>Applications vocales, vid\u00e9o et autres<\/li>\n<\/ul>\n<h3>LES INFORMATIONS RELATIVES \u00c0 LA COMMANDE :<\/h3>\n<table>\n<tbody>\n<tr>\n<td width=\"111\">N\u00b0 de pi\u00e8ce<\/td>\n<td width=\"542\">1821xyyyz<\/td>\n<\/tr>\n<tr>\n<td width=\"111\">Description<\/td>\n<td width=\"542\">Cordon de brassage Premium Line Cat.6A U\/UTP<\/td>\n<\/tr>\n<tr>\n<td width=\"111\">x : gaine<\/td>\n<td width=\"542\">1 : PVC 2 : LSOH<\/td>\n<\/tr>\n<tr>\n<td width=\"111\">yyy : longueur<\/td>\n<td width=\"542\">005 : 0,5 m, 010 : 1,0 m, 020 : 2,0 m, 030 : 3,0 m, 050 : 5,0 m, 070 : 7,0 m, 100 : 10,0 m<\/td>\n<\/tr>\n<tr>\n<td width=\"111\">z : Couleur<\/td>\n<td width=\"542\">1 : blanc, 2 : noir, 3 : rouge, 4 : bleu, 5 : gris, 6 : vert, 8 : jaune<\/td>\n<\/tr>\n<\/tbody>\n<\/table>\n<h4><strong>Cordon de brassage U\/UTP de cat\u00e9gorie 6A, PVC<\/strong><\/h4>\n<table width=\"100%\">\n<thead>\n<tr>\n<td><strong>LONGUEUR <\/strong><\/td>\n<td><strong>GRIS <\/strong><\/td>\n<td><strong>VERT <\/strong><\/td>\n<td><strong>BLEU <\/strong><\/td>\n<td><strong>ROUGE <\/strong><\/td>\n<td><strong>Jaune <\/strong><\/td>\n<\/tr>\n<\/thead>\n<tbody>\n<tr>\n<td>0,5m<\/td>\n<td>182110055<\/td>\n<td>182110056<\/td>\n<td>182110054<\/td>\n<td>182110053<\/td>\n<td>182110058<\/td>\n<\/tr>\n<tr>\n<td>1m<\/td>\n<td>182110105<\/td>\n<td>182110106<\/td>\n<td>182110104<\/td>\n<td>182110103<\/td>\n<td>182110108<\/td>\n<\/tr>\n<tr>\n<td>2m<\/td>\n<td>182110205<\/td>\n<td>182110206<\/td>\n<td>182110204<\/td>\n<td>182110203<\/td>\n<td>182110208<\/td>\n<\/tr>\n<tr>\n<td>3m<\/td>\n<td>182110305<\/td>\n<td>182110306<\/td>\n<td>182110304<\/td>\n<td>182110303<\/td>\n<td>182110308<\/td>\n<\/tr>\n<tr>\n<td>5m<\/td>\n<td>182110505<\/td>\n<td>182110506<\/td>\n<td>182110504<\/td>\n<td>182110503<\/td>\n<td>182110508<\/td>\n<\/tr>\n<tr>\n<td>7m<\/td>\n<td>182110705<\/td>\n<td>182110706<\/td>\n<td>182110704<\/td>\n<td>182110703<\/td>\n<td>182110708<\/td>\n<\/tr>\n<tr>\n<td>10m<\/td>\n<td>182111005<\/td>\n<td>182111006<\/td>\n<td>182111004<\/td>\n<td>182111003<\/td>\n<td>182111008<\/td>\n<\/tr>\n<\/tbody>\n<\/table>\n<p>Autres longueurs, couleurs ou c\u00e2bles sans halog\u00e8ne sur demande.<\/p>\n<p>&nbsp;<\/p>\n","protected":false},"featured_media":20277,"template":"","product_category":[415],"class_list":["post-20273","product","type-product","status-publish","has-post-thumbnail","hentry","product_category-cordon-de-brassage-cat-6a"],"yoast_head":"<!-- This site is optimized with the Yoast SEO plugin v27.2 - https:\/\/yoast.com\/product\/yoast-seo-wordpress\/ -->\n<title>Cordon de brassage Premium-Line Cat\u00e9gorie 6A U\/UTP<\/title>\n<meta name=\"description\" content=\"Le cordon de brassage U\/UTP de cat\u00e9gorie 6A de cat\u00e9gorie Premium prend en charge l\u2019ensemble de la liaison pour atteindre les applications de canal 10G de classe EA 500 MHz. En savoir plus !\" \/>\n<meta name=\"robots\" content=\"index, follow, max-snippet:-1, max-image-preview:large, max-video-preview:-1\" \/>\n<link rel=\"canonical\" href=\"https:\/\/premiumline-cabling.com\/fr\/product\/chat-6a-u-utp\/\" \/>\n<meta property=\"og:locale\" content=\"fr_FR\" \/>\n<meta property=\"og:type\" content=\"article\" \/>\n<meta property=\"og:title\" content=\"Cordon de brassage Premium-Line Cat\u00e9gorie 6A U\/UTP\" \/>\n<meta property=\"og:description\" content=\"Le cordon de brassage U\/UTP de cat\u00e9gorie 6A de cat\u00e9gorie Premium prend en charge l\u2019ensemble de la liaison pour atteindre les applications de canal 10G de classe EA 500 MHz. En savoir plus !\" \/>\n<meta property=\"og:url\" content=\"https:\/\/premiumline-cabling.com\/fr\/product\/chat-6a-u-utp\/\" \/>\n<meta property=\"og:site_name\" content=\"Premium-Line\" \/>\n<meta property=\"article:modified_time\" content=\"2026-01-15T15:17:32+00:00\" \/>\n<meta property=\"og:image\" content=\"https:\/\/premiumline-cabling.com\/wp-content\/uploads\/2019\/02\/PL_img_patch-cord-category-6a.jpg\" \/>\n\t<meta property=\"og:image:width\" content=\"283\" \/>\n\t<meta property=\"og:image:height\" content=\"220\" \/>\n\t<meta property=\"og:image:type\" content=\"image\/jpeg\" \/>\n<meta name=\"twitter:card\" content=\"summary_large_image\" \/>\n<meta name=\"twitter:label1\" content=\"Dur\u00e9e de lecture estim\u00e9e\" \/>\n\t<meta name=\"twitter:data1\" content=\"3 minutes\" \/>\n<script type=\"application\/ld+json\" class=\"yoast-schema-graph\">{\"@context\":\"https:\/\/schema.org\",\"@graph\":[{\"@type\":\"WebPage\",\"@id\":\"https:\/\/premiumline-cabling.com\/fr\/product\/chat-6a-u-utp\/\",\"url\":\"https:\/\/premiumline-cabling.com\/fr\/product\/chat-6a-u-utp\/\",\"name\":\"Cordon de brassage Premium-Line Cat\u00e9gorie 6A U\/UTP\",\"isPartOf\":{\"@id\":\"https:\/\/premiumline-cabling.com\/#website\"},\"primaryImageOfPage\":{\"@id\":\"https:\/\/premiumline-cabling.com\/fr\/product\/chat-6a-u-utp\/#primaryimage\"},\"image\":{\"@id\":\"https:\/\/premiumline-cabling.com\/fr\/product\/chat-6a-u-utp\/#primaryimage\"},\"thumbnailUrl\":\"https:\/\/premiumline-cabling.com\/wp-content\/uploads\/2019\/02\/PL_img_patch-cord-category-6a.jpg\",\"datePublished\":\"2019-12-06T12:54:33+00:00\",\"dateModified\":\"2026-01-15T15:17:32+00:00\",\"description\":\"Le cordon de brassage U\/UTP de cat\u00e9gorie 6A de cat\u00e9gorie Premium prend en charge l\u2019ensemble de la liaison pour atteindre les applications de canal 10G de classe EA 500 MHz. En savoir plus !\",\"breadcrumb\":{\"@id\":\"https:\/\/premiumline-cabling.com\/fr\/product\/chat-6a-u-utp\/#breadcrumb\"},\"inLanguage\":\"fr-FR\",\"potentialAction\":[{\"@type\":\"ReadAction\",\"target\":[\"https:\/\/premiumline-cabling.com\/fr\/product\/chat-6a-u-utp\/\"]}]},{\"@type\":\"ImageObject\",\"inLanguage\":\"fr-FR\",\"@id\":\"https:\/\/premiumline-cabling.com\/fr\/product\/chat-6a-u-utp\/#primaryimage\",\"url\":\"https:\/\/premiumline-cabling.com\/wp-content\/uploads\/2019\/02\/PL_img_patch-cord-category-6a.jpg\",\"contentUrl\":\"https:\/\/premiumline-cabling.com\/wp-content\/uploads\/2019\/02\/PL_img_patch-cord-category-6a.jpg\",\"width\":283,\"height\":220},{\"@type\":\"BreadcrumbList\",\"@id\":\"https:\/\/premiumline-cabling.com\/fr\/product\/chat-6a-u-utp\/#breadcrumb\",\"itemListElement\":[{\"@type\":\"ListItem\",\"position\":1,\"name\":\"\u0413\u043b\u0430\u0432\u043d\u0430\u044f \u0441\u0442\u0440\u0430\u043d\u0438\u0446\u0430\",\"item\":\"https:\/\/premiumline-cabling.com\/fr\/\"},{\"@type\":\"ListItem\",\"position\":2,\"name\":\"Cat. 6A U\/UTP\"}]},{\"@type\":\"WebSite\",\"@id\":\"https:\/\/premiumline-cabling.com\/#website\",\"url\":\"https:\/\/premiumline-cabling.com\/\",\"name\":\"Premium-Line\",\"description\":\"Structured Cabling System\",\"publisher\":{\"@id\":\"https:\/\/premiumline-cabling.com\/#organization\"},\"potentialAction\":[{\"@type\":\"SearchAction\",\"target\":{\"@type\":\"EntryPoint\",\"urlTemplate\":\"https:\/\/premiumline-cabling.com\/?s={search_term_string}\"},\"query-input\":{\"@type\":\"PropertyValueSpecification\",\"valueRequired\":true,\"valueName\":\"search_term_string\"}}],\"inLanguage\":\"fr-FR\"},{\"@type\":\"Organization\",\"@id\":\"https:\/\/premiumline-cabling.com\/#organization\",\"name\":\"Premium-Line\",\"url\":\"https:\/\/premiumline-cabling.com\/\",\"logo\":{\"@type\":\"ImageObject\",\"inLanguage\":\"fr-FR\",\"@id\":\"https:\/\/premiumline-cabling.com\/#\/schema\/logo\/image\/\",\"url\":\"https:\/\/premiumline-cabling.com\/wp-content\/uploads\/2019\/04\/cropped-img_logo_site_Premium-Line.png\",\"contentUrl\":\"https:\/\/premiumline-cabling.com\/wp-content\/uploads\/2019\/04\/cropped-img_logo_site_Premium-Line.png\",\"width\":190,\"height\":62,\"caption\":\"Premium-Line\"},\"image\":{\"@id\":\"https:\/\/premiumline-cabling.com\/#\/schema\/logo\/image\/\"}}]}<\/script>\n<!-- \/ Yoast SEO plugin. -->","yoast_head_json":{"title":"Cordon de brassage Premium-Line Cat\u00e9gorie 6A U\/UTP","description":"Le cordon de brassage U\/UTP de cat\u00e9gorie 6A de cat\u00e9gorie Premium prend en charge l\u2019ensemble de la liaison pour atteindre les applications de canal 10G de classe EA 500 MHz. En savoir plus !","robots":{"index":"index","follow":"follow","max-snippet":"max-snippet:-1","max-image-preview":"max-image-preview:large","max-video-preview":"max-video-preview:-1"},"canonical":"https:\/\/premiumline-cabling.com\/fr\/product\/chat-6a-u-utp\/","og_locale":"fr_FR","og_type":"article","og_title":"Cordon de brassage Premium-Line Cat\u00e9gorie 6A U\/UTP","og_description":"Le cordon de brassage U\/UTP de cat\u00e9gorie 6A de cat\u00e9gorie Premium prend en charge l\u2019ensemble de la liaison pour atteindre les applications de canal 10G de classe EA 500 MHz. En savoir plus !","og_url":"https:\/\/premiumline-cabling.com\/fr\/product\/chat-6a-u-utp\/","og_site_name":"Premium-Line","article_modified_time":"2026-01-15T15:17:32+00:00","og_image":[{"width":283,"height":220,"url":"https:\/\/premiumline-cabling.com\/wp-content\/uploads\/2019\/02\/PL_img_patch-cord-category-6a.jpg","type":"image\/jpeg"}],"twitter_card":"summary_large_image","twitter_misc":{"Dur\u00e9e de lecture estim\u00e9e":"3 minutes"},"schema":{"@context":"https:\/\/schema.org","@graph":[{"@type":"WebPage","@id":"https:\/\/premiumline-cabling.com\/fr\/product\/chat-6a-u-utp\/","url":"https:\/\/premiumline-cabling.com\/fr\/product\/chat-6a-u-utp\/","name":"Cordon de brassage Premium-Line Cat\u00e9gorie 6A U\/UTP","isPartOf":{"@id":"https:\/\/premiumline-cabling.com\/#website"},"primaryImageOfPage":{"@id":"https:\/\/premiumline-cabling.com\/fr\/product\/chat-6a-u-utp\/#primaryimage"},"image":{"@id":"https:\/\/premiumline-cabling.com\/fr\/product\/chat-6a-u-utp\/#primaryimage"},"thumbnailUrl":"https:\/\/premiumline-cabling.com\/wp-content\/uploads\/2019\/02\/PL_img_patch-cord-category-6a.jpg","datePublished":"2019-12-06T12:54:33+00:00","dateModified":"2026-01-15T15:17:32+00:00","description":"Le cordon de brassage U\/UTP de cat\u00e9gorie 6A de cat\u00e9gorie Premium prend en charge l\u2019ensemble de la liaison pour atteindre les applications de canal 10G de classe EA 500 MHz. En savoir plus !","breadcrumb":{"@id":"https:\/\/premiumline-cabling.com\/fr\/product\/chat-6a-u-utp\/#breadcrumb"},"inLanguage":"fr-FR","potentialAction":[{"@type":"ReadAction","target":["https:\/\/premiumline-cabling.com\/fr\/product\/chat-6a-u-utp\/"]}]},{"@type":"ImageObject","inLanguage":"fr-FR","@id":"https:\/\/premiumline-cabling.com\/fr\/product\/chat-6a-u-utp\/#primaryimage","url":"https:\/\/premiumline-cabling.com\/wp-content\/uploads\/2019\/02\/PL_img_patch-cord-category-6a.jpg","contentUrl":"https:\/\/premiumline-cabling.com\/wp-content\/uploads\/2019\/02\/PL_img_patch-cord-category-6a.jpg","width":283,"height":220},{"@type":"BreadcrumbList","@id":"https:\/\/premiumline-cabling.com\/fr\/product\/chat-6a-u-utp\/#breadcrumb","itemListElement":[{"@type":"ListItem","position":1,"name":"\u0413\u043b\u0430\u0432\u043d\u0430\u044f \u0441\u0442\u0440\u0430\u043d\u0438\u0446\u0430","item":"https:\/\/premiumline-cabling.com\/fr\/"},{"@type":"ListItem","position":2,"name":"Cat. 6A U\/UTP"}]},{"@type":"WebSite","@id":"https:\/\/premiumline-cabling.com\/#website","url":"https:\/\/premiumline-cabling.com\/","name":"Premium-Line","description":"Structured Cabling System","publisher":{"@id":"https:\/\/premiumline-cabling.com\/#organization"},"potentialAction":[{"@type":"SearchAction","target":{"@type":"EntryPoint","urlTemplate":"https:\/\/premiumline-cabling.com\/?s={search_term_string}"},"query-input":{"@type":"PropertyValueSpecification","valueRequired":true,"valueName":"search_term_string"}}],"inLanguage":"fr-FR"},{"@type":"Organization","@id":"https:\/\/premiumline-cabling.com\/#organization","name":"Premium-Line","url":"https:\/\/premiumline-cabling.com\/","logo":{"@type":"ImageObject","inLanguage":"fr-FR","@id":"https:\/\/premiumline-cabling.com\/#\/schema\/logo\/image\/","url":"https:\/\/premiumline-cabling.com\/wp-content\/uploads\/2019\/04\/cropped-img_logo_site_Premium-Line.png","contentUrl":"https:\/\/premiumline-cabling.com\/wp-content\/uploads\/2019\/04\/cropped-img_logo_site_Premium-Line.png","width":190,"height":62,"caption":"Premium-Line"},"image":{"@id":"https:\/\/premiumline-cabling.com\/#\/schema\/logo\/image\/"}}]}},"_links":{"self":[{"href":"https:\/\/premiumline-cabling.com\/fr\/wp-json\/wp\/v2\/product\/20273","targetHints":{"allow":["GET"]}}],"collection":[{"href":"https:\/\/premiumline-cabling.com\/fr\/wp-json\/wp\/v2\/product"}],"about":[{"href":"https:\/\/premiumline-cabling.com\/fr\/wp-json\/wp\/v2\/types\/product"}],"wp:featuredmedia":[{"embeddable":true,"href":"https:\/\/premiumline-cabling.com\/fr\/wp-json\/wp\/v2\/media\/20277"}],"wp:attachment":[{"href":"https:\/\/premiumline-cabling.com\/fr\/wp-json\/wp\/v2\/media?parent=20273"}],"wp:term":[{"taxonomy":"product_category","embeddable":true,"href":"https:\/\/premiumline-cabling.com\/fr\/wp-json\/wp\/v2\/product_category?post=20273"}],"curies":[{"name":"wp","href":"https:\/\/api.w.org\/{rel}","templated":true}]}}