{"id":20271,"date":"2019-12-06T12:51:08","date_gmt":"2019-12-06T11:51:08","guid":{"rendered":"https:\/\/premiumline-cabling.com\/product\/chat-6a-u-ftp\/"},"modified":"2026-01-15T16:16:51","modified_gmt":"2026-01-15T15:16:51","slug":"chat-6a-u-ftp","status":"publish","type":"product","link":"https:\/\/premiumline-cabling.com\/fr\/product\/chat-6a-u-ftp\/","title":{"rendered":"Cat. 6A U\/FTP"},"content":{"rendered":"<h3>Cordon de brassage Cat\u00e9gorie 6A U\/FTP<\/h3>\n<h3><noscript><img decoding=\"async\" class=\"size-full wp-image-788 alignright\" src=\"https:\/\/premiumline-cabling.com\/wp-content\/uploads\/2019\/02\/img_PL_LSOH_ea13f3574d.jpg\" alt width=\"350\" height=\"140\" srcset=\"https:\/\/premiumline-cabling.com\/wp-content\/uploads\/2019\/02\/img_PL_LSOH_ea13f3574d.jpg 350w, https:\/\/premiumline-cabling.com\/wp-content\/uploads\/2019\/02\/img_PL_LSOH_ea13f3574d-300x120.jpg 300w\" sizes=\"(max-width: 350px) 100vw, 350px\"><\/noscript><img decoding=\"async\" class=\"size-full wp-image-788 alignright lazyload\" src=\"data:image\/svg+xml,%3Csvg%20xmlns%3D%22http%3A%2F%2Fwww.w3.org%2F2000%2Fsvg%22%20viewBox%3D%220%200%20350%20140%22%3E%3C%2Fsvg%3E\" alt width=\"350\" height=\"140\" srcset=\"data:image\/svg+xml,%3Csvg%20xmlns%3D%22http%3A%2F%2Fwww.w3.org%2F2000%2Fsvg%22%20viewBox%3D%220%200%20350%20140%22%3E%3C%2Fsvg%3E 350w\" sizes=\"(max-width: 350px) 100vw, 350px\" data-srcset=\"https:\/\/premiumline-cabling.com\/wp-content\/uploads\/2019\/02\/img_PL_LSOH_ea13f3574d.jpg 350w, https:\/\/premiumline-cabling.com\/wp-content\/uploads\/2019\/02\/img_PL_LSOH_ea13f3574d-300x120.jpg 300w\" data-src=\"https:\/\/premiumline-cabling.com\/wp-content\/uploads\/2019\/02\/img_PL_LSOH_ea13f3574d.jpg\"><\/h3>\n<h4>Conforme aux normes Cat.6A comme:<\/h4>\n<ul>\n<li>ANSI\/TIA 568-C.2&nbsp;:2011<\/li>\n<li>ISO\/IEC 11801 Classe EA&nbsp;:2011 (\u00c9dition 2.2)<\/li>\n<li>CENELEC EN 50173-1&nbsp;:2011<\/li>\n<li>CENELEC EN 50288-4-2&nbsp;:2013<\/li>\n<li>IEC 61935-2:2010 (Edition 3.0)<\/li>\n<li>IEC 61156-6:2012<\/li>\n<li>V\u00e9rifi\u00e9 ETL<\/li>\n<\/ul>\n<table width=\"452\">\n<tbody>\n<tr>\n<td width=\"95\"><strong>Chef d&#8217;orchestre<\/strong><\/td>\n<td width=\"103\"><strong>Mat\u00e9riau \/ taille<\/strong><\/td>\n<td colspan=\"2\" width=\"256\"><strong>Cuivre nu \/ 26 AWG<\/strong><\/td>\n<\/tr>\n<tr>\n<td width=\"95\">Isolation<\/td>\n<td width=\"103\">Mat\u00e9riau<\/td>\n<td colspan=\"2\" width=\"256\">Peau de mousse PE<\/td>\n<\/tr>\n<tr>\n<td width=\"95\">Bouclier int\u00e9rieur<\/td>\n<td width=\"103\">Aluminium-Mylar<\/td>\n<td colspan=\"2\" width=\"256\">une feuille d&#8217;aluminium autour de chaque paire<\/td>\n<\/tr>\n<tr>\n<td width=\"95\">Fil de vidange<\/td>\n<td width=\"103\">Mat\u00e9riau<\/td>\n<td colspan=\"2\" width=\"256\">Cuivre \u00e9tam\u00e9 toronn\u00e9<\/td>\n<\/tr>\n<tr>\n<td rowspan=\"2\" width=\"95\">Fourreau<\/td>\n<td width=\"103\">Mat\u00e9riau<\/td>\n<td width=\"128\">PVC<\/td>\n<td width=\"128\">LSOH<\/td>\n<\/tr>\n<tr>\n<td width=\"103\">Diam\u00e8tre<\/td>\n<td width=\"128\">6,0 \u00b1 0,2 millim\u00e8tre<\/td>\n<td width=\"128\">6,0 \u00b1 0,2 millim\u00e8tre<\/td>\n<\/tr>\n<\/tbody>\n<\/table>\n<h4>Cordon de brassage U\/FTP de cat\u00e9gorie 6A, LSOH<\/h4>\n<table width=\"492\">\n<tbody>\n<tr>\n<td width=\"72\"><strong>LONGUEUR<\/strong><\/td>\n<td width=\"84\"><strong>GRIS<\/strong><\/td>\n<td width=\"84\"><strong>VERT<\/strong><\/td>\n<td width=\"84\"><strong>BLEU<\/strong><\/td>\n<td width=\"84\"><strong>ROUGE<\/strong><\/td>\n<td width=\"84\"><strong>JAUNE<\/strong><\/td>\n<\/tr>\n<tr>\n<td>0,5m<\/td>\n<td>182820055<\/td>\n<td>182820056<\/td>\n<td>182820054<\/td>\n<td>182820053<\/td>\n<td>182820058<\/td>\n<\/tr>\n<tr>\n<td>1m<\/td>\n<td>182820105<\/td>\n<td>182820106<\/td>\n<td>182820104<\/td>\n<td>182820103<\/td>\n<td>182820108<\/td>\n<\/tr>\n<tr>\n<td>2m<\/td>\n<td>182820205<\/td>\n<td>182820206<\/td>\n<td>182820204<\/td>\n<td>182820203<\/td>\n<td>182820208<\/td>\n<\/tr>\n<tr>\n<td>3m<\/td>\n<td>182820305<\/td>\n<td>182820306<\/td>\n<td>182820304<\/td>\n<td>182820303<\/td>\n<td>182820308<\/td>\n<\/tr>\n<tr>\n<td>5m<\/td>\n<td>182820505<\/td>\n<td>182820506<\/td>\n<td>182820504<\/td>\n<td>182820503<\/td>\n<td>182820508<\/td>\n<\/tr>\n<tr>\n<td>7m<\/td>\n<td>182820705<\/td>\n<td>182820706<\/td>\n<td>182820704<\/td>\n<td>182820703<\/td>\n<td>182820708<\/td>\n<\/tr>\n<tr>\n<td>10m<\/td>\n<td>182821005<\/td>\n<td>182821006<\/td>\n<td>182821004<\/td>\n<td>182821003<\/td>\n<td>182821008<\/td>\n<\/tr>\n<\/tbody>\n<\/table>\n<p>Autres longueurs, couleurs ou c\u00e2bles PVC sur demande.<\/p>\n<p>&nbsp;<\/p>\n","protected":false},"featured_media":20274,"template":"","product_category":[415],"class_list":["post-20271","product","type-product","status-publish","has-post-thumbnail","hentry","product_category-cordon-de-brassage-cat-6a"],"yoast_head":"<!-- This site is optimized with the Yoast SEO plugin v27.4 - https:\/\/yoast.com\/product\/yoast-seo-wordpress\/ -->\n<title>Cordon de brassage Premium-Line Cat\u00e9gorie 6A U\/FTP<\/title>\n<meta name=\"description\" content=\"Le cordon de brassage U\/FTP de cat\u00e9gorie 6A de qualit\u00e9 sup\u00e9rieure prend en charge l\u2019ensemble de la liaison pour atteindre les applications de canal 10G de classe EA 500 MHz. En savoir plus !\" \/>\n<meta name=\"robots\" content=\"index, follow, max-snippet:-1, max-image-preview:large, max-video-preview:-1\" \/>\n<link rel=\"canonical\" href=\"https:\/\/premiumline-cabling.com\/fr\/product\/chat-6a-u-ftp\/\" \/>\n<meta property=\"og:locale\" content=\"fr_FR\" \/>\n<meta property=\"og:type\" content=\"article\" \/>\n<meta property=\"og:title\" content=\"Cordon de brassage Premium-Line Cat\u00e9gorie 6A U\/FTP\" \/>\n<meta property=\"og:description\" content=\"Le cordon de brassage U\/FTP de cat\u00e9gorie 6A de qualit\u00e9 sup\u00e9rieure prend en charge l\u2019ensemble de la liaison pour atteindre les applications de canal 10G de classe EA 500 MHz. En savoir plus !\" \/>\n<meta property=\"og:url\" content=\"https:\/\/premiumline-cabling.com\/fr\/product\/chat-6a-u-ftp\/\" \/>\n<meta property=\"og:site_name\" content=\"Premium-Line\" \/>\n<meta property=\"article:modified_time\" content=\"2026-01-15T15:16:51+00:00\" \/>\n<meta property=\"og:image\" content=\"https:\/\/premiumline-cabling.com\/wp-content\/uploads\/2019\/12\/patch_cord_Cat6a_sftp.jpg\" \/>\n\t<meta property=\"og:image:width\" content=\"364\" \/>\n\t<meta property=\"og:image:height\" content=\"361\" \/>\n\t<meta property=\"og:image:type\" content=\"image\/jpeg\" \/>\n<meta name=\"twitter:card\" content=\"summary_large_image\" \/>\n<meta name=\"twitter:label1\" content=\"Dur\u00e9e de lecture estim\u00e9e\" \/>\n\t<meta name=\"twitter:data1\" content=\"2 minutes\" \/>\n<script type=\"application\/ld+json\" class=\"yoast-schema-graph\">{\"@context\":\"https:\\\/\\\/schema.org\",\"@graph\":[{\"@type\":\"WebPage\",\"@id\":\"https:\\\/\\\/premiumline-cabling.com\\\/fr\\\/product\\\/chat-6a-u-ftp\\\/\",\"url\":\"https:\\\/\\\/premiumline-cabling.com\\\/fr\\\/product\\\/chat-6a-u-ftp\\\/\",\"name\":\"Cordon de brassage Premium-Line Cat\u00e9gorie 6A U\\\/FTP\",\"isPartOf\":{\"@id\":\"https:\\\/\\\/premiumline-cabling.com\\\/#website\"},\"primaryImageOfPage\":{\"@id\":\"https:\\\/\\\/premiumline-cabling.com\\\/fr\\\/product\\\/chat-6a-u-ftp\\\/#primaryimage\"},\"image\":{\"@id\":\"https:\\\/\\\/premiumline-cabling.com\\\/fr\\\/product\\\/chat-6a-u-ftp\\\/#primaryimage\"},\"thumbnailUrl\":\"https:\\\/\\\/premiumline-cabling.com\\\/wp-content\\\/uploads\\\/2019\\\/12\\\/patch_cord_Cat6a_sftp.jpg\",\"datePublished\":\"2019-12-06T11:51:08+00:00\",\"dateModified\":\"2026-01-15T15:16:51+00:00\",\"description\":\"Le cordon de brassage U\\\/FTP de cat\u00e9gorie 6A de qualit\u00e9 sup\u00e9rieure prend en charge l\u2019ensemble de la liaison pour atteindre les applications de canal 10G de classe EA 500 MHz. En savoir plus !\",\"breadcrumb\":{\"@id\":\"https:\\\/\\\/premiumline-cabling.com\\\/fr\\\/product\\\/chat-6a-u-ftp\\\/#breadcrumb\"},\"inLanguage\":\"fr-FR\",\"potentialAction\":[{\"@type\":\"ReadAction\",\"target\":[\"https:\\\/\\\/premiumline-cabling.com\\\/fr\\\/product\\\/chat-6a-u-ftp\\\/\"]}]},{\"@type\":\"ImageObject\",\"inLanguage\":\"fr-FR\",\"@id\":\"https:\\\/\\\/premiumline-cabling.com\\\/fr\\\/product\\\/chat-6a-u-ftp\\\/#primaryimage\",\"url\":\"https:\\\/\\\/premiumline-cabling.com\\\/wp-content\\\/uploads\\\/2019\\\/12\\\/patch_cord_Cat6a_sftp.jpg\",\"contentUrl\":\"https:\\\/\\\/premiumline-cabling.com\\\/wp-content\\\/uploads\\\/2019\\\/12\\\/patch_cord_Cat6a_sftp.jpg\",\"width\":364,\"height\":361},{\"@type\":\"BreadcrumbList\",\"@id\":\"https:\\\/\\\/premiumline-cabling.com\\\/fr\\\/product\\\/chat-6a-u-ftp\\\/#breadcrumb\",\"itemListElement\":[{\"@type\":\"ListItem\",\"position\":1,\"name\":\"\u0413\u043b\u0430\u0432\u043d\u0430\u044f \u0441\u0442\u0440\u0430\u043d\u0438\u0446\u0430\",\"item\":\"https:\\\/\\\/premiumline-cabling.com\\\/fr\\\/\"},{\"@type\":\"ListItem\",\"position\":2,\"name\":\"Cat. 6A U\\\/FTP\"}]},{\"@type\":\"WebSite\",\"@id\":\"https:\\\/\\\/premiumline-cabling.com\\\/#website\",\"url\":\"https:\\\/\\\/premiumline-cabling.com\\\/\",\"name\":\"Premium-Line\",\"description\":\"Structured Cabling System\",\"publisher\":{\"@id\":\"https:\\\/\\\/premiumline-cabling.com\\\/#organization\"},\"potentialAction\":[{\"@type\":\"SearchAction\",\"target\":{\"@type\":\"EntryPoint\",\"urlTemplate\":\"https:\\\/\\\/premiumline-cabling.com\\\/?s={search_term_string}\"},\"query-input\":{\"@type\":\"PropertyValueSpecification\",\"valueRequired\":true,\"valueName\":\"search_term_string\"}}],\"inLanguage\":\"fr-FR\"},{\"@type\":\"Organization\",\"@id\":\"https:\\\/\\\/premiumline-cabling.com\\\/#organization\",\"name\":\"Premium-Line\",\"url\":\"https:\\\/\\\/premiumline-cabling.com\\\/\",\"logo\":{\"@type\":\"ImageObject\",\"inLanguage\":\"fr-FR\",\"@id\":\"https:\\\/\\\/premiumline-cabling.com\\\/#\\\/schema\\\/logo\\\/image\\\/\",\"url\":\"https:\\\/\\\/premiumline-cabling.com\\\/wp-content\\\/uploads\\\/2019\\\/04\\\/cropped-img_logo_site_Premium-Line.png\",\"contentUrl\":\"https:\\\/\\\/premiumline-cabling.com\\\/wp-content\\\/uploads\\\/2019\\\/04\\\/cropped-img_logo_site_Premium-Line.png\",\"width\":190,\"height\":62,\"caption\":\"Premium-Line\"},\"image\":{\"@id\":\"https:\\\/\\\/premiumline-cabling.com\\\/#\\\/schema\\\/logo\\\/image\\\/\"}}]}<\/script>\n<!-- \/ Yoast SEO plugin. -->","yoast_head_json":{"title":"Cordon de brassage Premium-Line Cat\u00e9gorie 6A U\/FTP","description":"Le cordon de brassage U\/FTP de cat\u00e9gorie 6A de qualit\u00e9 sup\u00e9rieure prend en charge l\u2019ensemble de la liaison pour atteindre les applications de canal 10G de classe EA 500 MHz. En savoir plus !","robots":{"index":"index","follow":"follow","max-snippet":"max-snippet:-1","max-image-preview":"max-image-preview:large","max-video-preview":"max-video-preview:-1"},"canonical":"https:\/\/premiumline-cabling.com\/fr\/product\/chat-6a-u-ftp\/","og_locale":"fr_FR","og_type":"article","og_title":"Cordon de brassage Premium-Line Cat\u00e9gorie 6A U\/FTP","og_description":"Le cordon de brassage U\/FTP de cat\u00e9gorie 6A de qualit\u00e9 sup\u00e9rieure prend en charge l\u2019ensemble de la liaison pour atteindre les applications de canal 10G de classe EA 500 MHz. En savoir plus !","og_url":"https:\/\/premiumline-cabling.com\/fr\/product\/chat-6a-u-ftp\/","og_site_name":"Premium-Line","article_modified_time":"2026-01-15T15:16:51+00:00","og_image":[{"width":364,"height":361,"url":"https:\/\/premiumline-cabling.com\/wp-content\/uploads\/2019\/12\/patch_cord_Cat6a_sftp.jpg","type":"image\/jpeg"}],"twitter_card":"summary_large_image","twitter_misc":{"Dur\u00e9e de lecture estim\u00e9e":"2 minutes"},"schema":{"@context":"https:\/\/schema.org","@graph":[{"@type":"WebPage","@id":"https:\/\/premiumline-cabling.com\/fr\/product\/chat-6a-u-ftp\/","url":"https:\/\/premiumline-cabling.com\/fr\/product\/chat-6a-u-ftp\/","name":"Cordon de brassage Premium-Line Cat\u00e9gorie 6A U\/FTP","isPartOf":{"@id":"https:\/\/premiumline-cabling.com\/#website"},"primaryImageOfPage":{"@id":"https:\/\/premiumline-cabling.com\/fr\/product\/chat-6a-u-ftp\/#primaryimage"},"image":{"@id":"https:\/\/premiumline-cabling.com\/fr\/product\/chat-6a-u-ftp\/#primaryimage"},"thumbnailUrl":"https:\/\/premiumline-cabling.com\/wp-content\/uploads\/2019\/12\/patch_cord_Cat6a_sftp.jpg","datePublished":"2019-12-06T11:51:08+00:00","dateModified":"2026-01-15T15:16:51+00:00","description":"Le cordon de brassage U\/FTP de cat\u00e9gorie 6A de qualit\u00e9 sup\u00e9rieure prend en charge l\u2019ensemble de la liaison pour atteindre les applications de canal 10G de classe EA 500 MHz. En savoir plus !","breadcrumb":{"@id":"https:\/\/premiumline-cabling.com\/fr\/product\/chat-6a-u-ftp\/#breadcrumb"},"inLanguage":"fr-FR","potentialAction":[{"@type":"ReadAction","target":["https:\/\/premiumline-cabling.com\/fr\/product\/chat-6a-u-ftp\/"]}]},{"@type":"ImageObject","inLanguage":"fr-FR","@id":"https:\/\/premiumline-cabling.com\/fr\/product\/chat-6a-u-ftp\/#primaryimage","url":"https:\/\/premiumline-cabling.com\/wp-content\/uploads\/2019\/12\/patch_cord_Cat6a_sftp.jpg","contentUrl":"https:\/\/premiumline-cabling.com\/wp-content\/uploads\/2019\/12\/patch_cord_Cat6a_sftp.jpg","width":364,"height":361},{"@type":"BreadcrumbList","@id":"https:\/\/premiumline-cabling.com\/fr\/product\/chat-6a-u-ftp\/#breadcrumb","itemListElement":[{"@type":"ListItem","position":1,"name":"\u0413\u043b\u0430\u0432\u043d\u0430\u044f \u0441\u0442\u0440\u0430\u043d\u0438\u0446\u0430","item":"https:\/\/premiumline-cabling.com\/fr\/"},{"@type":"ListItem","position":2,"name":"Cat. 6A U\/FTP"}]},{"@type":"WebSite","@id":"https:\/\/premiumline-cabling.com\/#website","url":"https:\/\/premiumline-cabling.com\/","name":"Premium-Line","description":"Structured Cabling System","publisher":{"@id":"https:\/\/premiumline-cabling.com\/#organization"},"potentialAction":[{"@type":"SearchAction","target":{"@type":"EntryPoint","urlTemplate":"https:\/\/premiumline-cabling.com\/?s={search_term_string}"},"query-input":{"@type":"PropertyValueSpecification","valueRequired":true,"valueName":"search_term_string"}}],"inLanguage":"fr-FR"},{"@type":"Organization","@id":"https:\/\/premiumline-cabling.com\/#organization","name":"Premium-Line","url":"https:\/\/premiumline-cabling.com\/","logo":{"@type":"ImageObject","inLanguage":"fr-FR","@id":"https:\/\/premiumline-cabling.com\/#\/schema\/logo\/image\/","url":"https:\/\/premiumline-cabling.com\/wp-content\/uploads\/2019\/04\/cropped-img_logo_site_Premium-Line.png","contentUrl":"https:\/\/premiumline-cabling.com\/wp-content\/uploads\/2019\/04\/cropped-img_logo_site_Premium-Line.png","width":190,"height":62,"caption":"Premium-Line"},"image":{"@id":"https:\/\/premiumline-cabling.com\/#\/schema\/logo\/image\/"}}]}},"_links":{"self":[{"href":"https:\/\/premiumline-cabling.com\/fr\/wp-json\/wp\/v2\/product\/20271","targetHints":{"allow":["GET"]}}],"collection":[{"href":"https:\/\/premiumline-cabling.com\/fr\/wp-json\/wp\/v2\/product"}],"about":[{"href":"https:\/\/premiumline-cabling.com\/fr\/wp-json\/wp\/v2\/types\/product"}],"wp:featuredmedia":[{"embeddable":true,"href":"https:\/\/premiumline-cabling.com\/fr\/wp-json\/wp\/v2\/media\/20274"}],"wp:attachment":[{"href":"https:\/\/premiumline-cabling.com\/fr\/wp-json\/wp\/v2\/media?parent=20271"}],"wp:term":[{"taxonomy":"product_category","embeddable":true,"href":"https:\/\/premiumline-cabling.com\/fr\/wp-json\/wp\/v2\/product_category?post=20271"}],"curies":[{"name":"wp","href":"https:\/\/api.w.org\/{rel}","templated":true}]}}