{"id":20250,"date":"2019-12-06T18:23:42","date_gmt":"2019-12-06T17:23:42","guid":{"rendered":"https:\/\/premiumline-cabling.com\/product\/chat-cable-cp-s-ftp-6a\/"},"modified":"2026-01-15T16:18:00","modified_gmt":"2026-01-15T15:18:00","slug":"chat-cable-cp-s-ftp-6a","status":"publish","type":"product","link":"https:\/\/premiumline-cabling.com\/fr\/product\/chat-cable-cp-s-ftp-6a\/","title":{"rendered":"Cat. C\u00e2ble CP S\/FTP 6A"},"content":{"rendered":"<h2>C\u00e2ble de point de consolidation S\/FTP Cat.6A<\/h2>\n<h3><noscript><img decoding=\"async\" class=\"alignright wp-image-3937 size-medium\" src=\"https:\/\/premiumline-cabling.com\/wp-content\/uploads\/2019\/12\/CP-cable_Cat6a_sftp_f-300x145.jpg\" alt width=\"300\" height=\"145\" srcset=\"https:\/\/premiumline-cabling.com\/wp-content\/uploads\/2019\/12\/CP-cable_Cat6a_sftp_f-300x145.jpg 300w, https:\/\/premiumline-cabling.com\/wp-content\/uploads\/2019\/12\/CP-cable_Cat6a_sftp_f.jpg 585w\" sizes=\"(max-width: 300px) 100vw, 300px\"><\/noscript><img decoding=\"async\" class=\"alignright wp-image-3937 size-medium lazyload\" src=\"data:image\/svg+xml,%3Csvg%20xmlns%3D%22http%3A%2F%2Fwww.w3.org%2F2000%2Fsvg%22%20viewBox%3D%220%200%20300%20145%22%3E%3C%2Fsvg%3E\" alt width=\"300\" height=\"145\" srcset=\"data:image\/svg+xml,%3Csvg%20xmlns%3D%22http%3A%2F%2Fwww.w3.org%2F2000%2Fsvg%22%20viewBox%3D%220%200%20300%20145%22%3E%3C%2Fsvg%3E 300w\" sizes=\"(max-width: 300px) 100vw, 300px\" data-srcset=\"https:\/\/premiumline-cabling.com\/wp-content\/uploads\/2019\/12\/CP-cable_Cat6a_sftp_f-300x145.jpg 300w, https:\/\/premiumline-cabling.com\/wp-content\/uploads\/2019\/12\/CP-cable_Cat6a_sftp_f.jpg 585w\" data-src=\"https:\/\/premiumline-cabling.com\/wp-content\/uploads\/2019\/12\/CP-cable_Cat6a_sftp_f-300x145.jpg\">CARACT\u00c9RISTIQUES:<\/h3>\n<p>Le c\u00e2ble de point de consolidation S\/FTP Cat.6A utilise<\/p>\n<ul>\n<li>C\u00e2ble de raccordement S\/FTP flexible 500 MHz<\/li>\n<li>Fiche blind\u00e9e RJ45 vers prise trap\u00e9zo\u00efdale blind\u00e9e<\/li>\n<li>Prise trap\u00e9zo\u00efdale blind\u00e9e sans outil 180D (<a href=\"https:\/\/premiumline-cabling.com\/fr\/product\/chat-6a-180-blinde-kj\/\">109824010<\/a>)<\/li>\n<li>Termin\u00e9 en usine et test\u00e9<\/li>\n<li>Longueur personnalis\u00e9e (\u22675m)<\/li>\n<li>Service d\u2019essai et r\u00e9sultats joints sur demande<\/li>\n<\/ul>\n<p>Conforme \u00e0 la norme<\/p>\n<ul>\n<li>ISO\/IEC 11801-1 Classe Ea:2017<\/li>\n<li>EN 50173-1&nbsp;:2018<\/li>\n<li>ANSI\/TIA 568.2-D:2018<\/li>\n<\/ul>\n<p>Conforme \u00e0 la norme de s\u00e9curit\u00e9 incendie<\/p>\n<ul>\n<li>IEC 60332-1-2:2004<\/li>\n<li>IEC 60754-2&nbsp;:2011 (\u00c9dition 2.0)<\/li>\n<\/ul>\n<p>Conforme \u00e0 la directive RoHS (directive europ\u00e9enne 2011\/65\/CE)<\/p>\n<h3>CONFIGURATION:<\/h3>\n<h4>C\u00e2ble de raccordement:<\/h4>\n<table width=\"633\">\n<tbody>\n<tr>\n<td width=\"100\">Chef d&#8217;orchestre<\/td>\n<td width=\"120\">Mat\u00e9riau \/ taille<\/td>\n<td width=\"412\">Cuivre nu \/ 26 AWG<\/td>\n<\/tr>\n<tr>\n<td rowspan=\"3\" width=\"100\">Isolation<\/td>\n<td width=\"120\">Mat\u00e9riau<\/td>\n<td width=\"412\">Peau de mousse PE<\/td>\n<\/tr>\n<tr>\n<td width=\"120\">\u00c9paisseur<\/td>\n<td width=\"412\">Moyenne : 0,3 mm Min. en tout point : 0,27 mm<\/td>\n<\/tr>\n<tr>\n<td width=\"120\">Diam\u00e8tre<\/td>\n<td width=\"412\">1,08 \u00b1 0,03 millim\u00e8tre<\/td>\n<\/tr>\n<tr>\n<td width=\"100\">Bouclier int\u00e9rieur<\/td>\n<td width=\"120\">Aluminium-Mylar<\/td>\n<td width=\"412\">une feuille d&#8217;aluminium autour de chaque paire<\/td>\n<\/tr>\n<tr>\n<td width=\"100\">Tresse<\/td>\n<td width=\"120\">Mat\u00e9riau<\/td>\n<td width=\"412\">Cuivre \u00e9tam\u00e9<\/td>\n<\/tr>\n<tr>\n<td rowspan=\"3\" width=\"100\">Fourreau<\/td>\n<td width=\"120\">Mat\u00e9riau<\/td>\n<td width=\"412\">LSOH<\/td>\n<\/tr>\n<tr>\n<td width=\"120\">\u00c9paisseur<\/td>\n<td width=\"412\">Moyenne : 0,45 mm\n<p>Min. en tout point : 0,40 mm<\/p><\/td>\n<\/tr>\n<tr>\n<td width=\"120\">Diam\u00e8tre<\/td>\n<td width=\"412\">5,7 \u00b1 0,3 mm<\/td>\n<\/tr>\n<tr>\n<td colspan=\"2\" width=\"221\">Temp\u00e9rature de fonctionnement<\/td>\n<td width=\"412\">-20\u00b0C~+60\u00b0C<\/td>\n<\/tr>\n<tr>\n<td colspan=\"2\" width=\"221\">Temp\u00e9rature d&#8217;installation<\/td>\n<td width=\"412\">0\u00b0C~+50\u00b0C<\/td>\n<\/tr>\n<tr>\n<td colspan=\"2\" width=\"221\">Temp\u00e9rature de stockage<\/td>\n<td width=\"412\">-30\u00b0C~+60\u00b0C<\/td>\n<\/tr>\n<\/tbody>\n<\/table>\n<h4>Prise trap\u00e9zo\u00efdale<strong>:<\/strong><\/h4>\n<p><a href=\"https:\/\/premiumline-cabling.com\/fr\/product\/category-6a-keystone-jack-die-casting\/\">Cat.6A 180\u00b0 blind\u00e9, jack keystone moul\u00e9 sous pression, type fin<\/a><\/p>\n<h3>DEMANDE D&#8217;EMPLOI:<\/h3>\n<ul>\n<li>10G BASE-T Ethernet<\/li>\n<li>Ethernet Gigabit 1000 BASE-TX<\/li>\n<li>Ethernet Gigabit 1000 BASE-T<\/li>\n<\/ul>\n<h3>LES INFORMATIONS RELATIVES \u00c0 LA COMMANDE:<\/h3>\n<p>Num\u00e9ro d \u0301article 71942xxxy20<br>\nDescription C\u00e2ble de point de consolidation S\/FTP Cat.6A, LSOH<br>\nxxx, longueur 050 : 5 m 075 : 7,5 m 100 : 10 m 150 : 15 m<br>\nY, couleur du c\u00e2ble 0 : orange 5 : gris<\/p>\n","protected":false},"featured_media":20268,"template":"","product_category":[415],"class_list":["post-20250","product","type-product","status-publish","has-post-thumbnail","hentry","product_category-cordon-de-brassage-cat-6a"],"yoast_head":"<!-- This site is optimized with the Yoast SEO plugin v27.2 - https:\/\/yoast.com\/product\/yoast-seo-wordpress\/ -->\n<title>Cordon de brassage Premium-Line Cat\u00e9gorie 6A S\/FTP<\/title>\n<meta name=\"description\" content=\"Le cordon de brassage S\/FTP de cat\u00e9gorie 6A de cat\u00e9gorie Premium prend en charge l\u2019ensemble de la liaison pour atteindre les applications de canal 10G de classe EA 500 MHz. En savoir plus !\" \/>\n<meta name=\"robots\" content=\"index, follow, max-snippet:-1, max-image-preview:large, max-video-preview:-1\" \/>\n<link rel=\"canonical\" href=\"https:\/\/premiumline-cabling.com\/fr\/product\/chat-cable-cp-s-ftp-6a\/\" \/>\n<meta property=\"og:locale\" content=\"fr_FR\" \/>\n<meta property=\"og:type\" content=\"article\" \/>\n<meta property=\"og:title\" content=\"Cordon de brassage Premium-Line Cat\u00e9gorie 6A S\/FTP\" \/>\n<meta property=\"og:description\" content=\"Le cordon de brassage S\/FTP de cat\u00e9gorie 6A de cat\u00e9gorie Premium prend en charge l\u2019ensemble de la liaison pour atteindre les applications de canal 10G de classe EA 500 MHz. En savoir plus !\" \/>\n<meta property=\"og:url\" content=\"https:\/\/premiumline-cabling.com\/fr\/product\/chat-cable-cp-s-ftp-6a\/\" \/>\n<meta property=\"og:site_name\" content=\"Premium-Line\" \/>\n<meta property=\"article:modified_time\" content=\"2026-01-15T15:18:00+00:00\" \/>\n<meta property=\"og:image\" content=\"https:\/\/premiumline-cabling.com\/wp-content\/uploads\/2019\/12\/CP-cable_Cat6a_sftp.jpg\" \/>\n\t<meta property=\"og:image:width\" content=\"301\" \/>\n\t<meta property=\"og:image:height\" content=\"302\" \/>\n\t<meta property=\"og:image:type\" content=\"image\/jpeg\" \/>\n<meta name=\"twitter:card\" content=\"summary_large_image\" \/>\n<meta name=\"twitter:label1\" content=\"Dur\u00e9e de lecture estim\u00e9e\" \/>\n\t<meta name=\"twitter:data1\" content=\"2 minutes\" \/>\n<script type=\"application\/ld+json\" class=\"yoast-schema-graph\">{\"@context\":\"https:\/\/schema.org\",\"@graph\":[{\"@type\":\"WebPage\",\"@id\":\"https:\/\/premiumline-cabling.com\/fr\/product\/chat-cable-cp-s-ftp-6a\/\",\"url\":\"https:\/\/premiumline-cabling.com\/fr\/product\/chat-cable-cp-s-ftp-6a\/\",\"name\":\"Cordon de brassage Premium-Line Cat\u00e9gorie 6A S\/FTP\",\"isPartOf\":{\"@id\":\"https:\/\/premiumline-cabling.com\/#website\"},\"primaryImageOfPage\":{\"@id\":\"https:\/\/premiumline-cabling.com\/fr\/product\/chat-cable-cp-s-ftp-6a\/#primaryimage\"},\"image\":{\"@id\":\"https:\/\/premiumline-cabling.com\/fr\/product\/chat-cable-cp-s-ftp-6a\/#primaryimage\"},\"thumbnailUrl\":\"https:\/\/premiumline-cabling.com\/wp-content\/uploads\/2019\/12\/CP-cable_Cat6a_sftp.jpg\",\"datePublished\":\"2019-12-06T17:23:42+00:00\",\"dateModified\":\"2026-01-15T15:18:00+00:00\",\"description\":\"Le cordon de brassage S\/FTP de cat\u00e9gorie 6A de cat\u00e9gorie Premium prend en charge l\u2019ensemble de la liaison pour atteindre les applications de canal 10G de classe EA 500 MHz. En savoir plus !\",\"breadcrumb\":{\"@id\":\"https:\/\/premiumline-cabling.com\/fr\/product\/chat-cable-cp-s-ftp-6a\/#breadcrumb\"},\"inLanguage\":\"fr-FR\",\"potentialAction\":[{\"@type\":\"ReadAction\",\"target\":[\"https:\/\/premiumline-cabling.com\/fr\/product\/chat-cable-cp-s-ftp-6a\/\"]}]},{\"@type\":\"ImageObject\",\"inLanguage\":\"fr-FR\",\"@id\":\"https:\/\/premiumline-cabling.com\/fr\/product\/chat-cable-cp-s-ftp-6a\/#primaryimage\",\"url\":\"https:\/\/premiumline-cabling.com\/wp-content\/uploads\/2019\/12\/CP-cable_Cat6a_sftp.jpg\",\"contentUrl\":\"https:\/\/premiumline-cabling.com\/wp-content\/uploads\/2019\/12\/CP-cable_Cat6a_sftp.jpg\",\"width\":301,\"height\":302},{\"@type\":\"BreadcrumbList\",\"@id\":\"https:\/\/premiumline-cabling.com\/fr\/product\/chat-cable-cp-s-ftp-6a\/#breadcrumb\",\"itemListElement\":[{\"@type\":\"ListItem\",\"position\":1,\"name\":\"\u0413\u043b\u0430\u0432\u043d\u0430\u044f \u0441\u0442\u0440\u0430\u043d\u0438\u0446\u0430\",\"item\":\"https:\/\/premiumline-cabling.com\/fr\/\"},{\"@type\":\"ListItem\",\"position\":2,\"name\":\"Cat. C\u00e2ble CP S\/FTP 6A\"}]},{\"@type\":\"WebSite\",\"@id\":\"https:\/\/premiumline-cabling.com\/#website\",\"url\":\"https:\/\/premiumline-cabling.com\/\",\"name\":\"Premium-Line\",\"description\":\"Structured Cabling System\",\"publisher\":{\"@id\":\"https:\/\/premiumline-cabling.com\/#organization\"},\"potentialAction\":[{\"@type\":\"SearchAction\",\"target\":{\"@type\":\"EntryPoint\",\"urlTemplate\":\"https:\/\/premiumline-cabling.com\/?s={search_term_string}\"},\"query-input\":{\"@type\":\"PropertyValueSpecification\",\"valueRequired\":true,\"valueName\":\"search_term_string\"}}],\"inLanguage\":\"fr-FR\"},{\"@type\":\"Organization\",\"@id\":\"https:\/\/premiumline-cabling.com\/#organization\",\"name\":\"Premium-Line\",\"url\":\"https:\/\/premiumline-cabling.com\/\",\"logo\":{\"@type\":\"ImageObject\",\"inLanguage\":\"fr-FR\",\"@id\":\"https:\/\/premiumline-cabling.com\/#\/schema\/logo\/image\/\",\"url\":\"https:\/\/premiumline-cabling.com\/wp-content\/uploads\/2019\/04\/cropped-img_logo_site_Premium-Line.png\",\"contentUrl\":\"https:\/\/premiumline-cabling.com\/wp-content\/uploads\/2019\/04\/cropped-img_logo_site_Premium-Line.png\",\"width\":190,\"height\":62,\"caption\":\"Premium-Line\"},\"image\":{\"@id\":\"https:\/\/premiumline-cabling.com\/#\/schema\/logo\/image\/\"}}]}<\/script>\n<!-- \/ Yoast SEO plugin. -->","yoast_head_json":{"title":"Cordon de brassage Premium-Line Cat\u00e9gorie 6A S\/FTP","description":"Le cordon de brassage S\/FTP de cat\u00e9gorie 6A de cat\u00e9gorie Premium prend en charge l\u2019ensemble de la liaison pour atteindre les applications de canal 10G de classe EA 500 MHz. En savoir plus !","robots":{"index":"index","follow":"follow","max-snippet":"max-snippet:-1","max-image-preview":"max-image-preview:large","max-video-preview":"max-video-preview:-1"},"canonical":"https:\/\/premiumline-cabling.com\/fr\/product\/chat-cable-cp-s-ftp-6a\/","og_locale":"fr_FR","og_type":"article","og_title":"Cordon de brassage Premium-Line Cat\u00e9gorie 6A S\/FTP","og_description":"Le cordon de brassage S\/FTP de cat\u00e9gorie 6A de cat\u00e9gorie Premium prend en charge l\u2019ensemble de la liaison pour atteindre les applications de canal 10G de classe EA 500 MHz. En savoir plus !","og_url":"https:\/\/premiumline-cabling.com\/fr\/product\/chat-cable-cp-s-ftp-6a\/","og_site_name":"Premium-Line","article_modified_time":"2026-01-15T15:18:00+00:00","og_image":[{"width":301,"height":302,"url":"https:\/\/premiumline-cabling.com\/wp-content\/uploads\/2019\/12\/CP-cable_Cat6a_sftp.jpg","type":"image\/jpeg"}],"twitter_card":"summary_large_image","twitter_misc":{"Dur\u00e9e de lecture estim\u00e9e":"2 minutes"},"schema":{"@context":"https:\/\/schema.org","@graph":[{"@type":"WebPage","@id":"https:\/\/premiumline-cabling.com\/fr\/product\/chat-cable-cp-s-ftp-6a\/","url":"https:\/\/premiumline-cabling.com\/fr\/product\/chat-cable-cp-s-ftp-6a\/","name":"Cordon de brassage Premium-Line Cat\u00e9gorie 6A S\/FTP","isPartOf":{"@id":"https:\/\/premiumline-cabling.com\/#website"},"primaryImageOfPage":{"@id":"https:\/\/premiumline-cabling.com\/fr\/product\/chat-cable-cp-s-ftp-6a\/#primaryimage"},"image":{"@id":"https:\/\/premiumline-cabling.com\/fr\/product\/chat-cable-cp-s-ftp-6a\/#primaryimage"},"thumbnailUrl":"https:\/\/premiumline-cabling.com\/wp-content\/uploads\/2019\/12\/CP-cable_Cat6a_sftp.jpg","datePublished":"2019-12-06T17:23:42+00:00","dateModified":"2026-01-15T15:18:00+00:00","description":"Le cordon de brassage S\/FTP de cat\u00e9gorie 6A de cat\u00e9gorie Premium prend en charge l\u2019ensemble de la liaison pour atteindre les applications de canal 10G de classe EA 500 MHz. En savoir plus !","breadcrumb":{"@id":"https:\/\/premiumline-cabling.com\/fr\/product\/chat-cable-cp-s-ftp-6a\/#breadcrumb"},"inLanguage":"fr-FR","potentialAction":[{"@type":"ReadAction","target":["https:\/\/premiumline-cabling.com\/fr\/product\/chat-cable-cp-s-ftp-6a\/"]}]},{"@type":"ImageObject","inLanguage":"fr-FR","@id":"https:\/\/premiumline-cabling.com\/fr\/product\/chat-cable-cp-s-ftp-6a\/#primaryimage","url":"https:\/\/premiumline-cabling.com\/wp-content\/uploads\/2019\/12\/CP-cable_Cat6a_sftp.jpg","contentUrl":"https:\/\/premiumline-cabling.com\/wp-content\/uploads\/2019\/12\/CP-cable_Cat6a_sftp.jpg","width":301,"height":302},{"@type":"BreadcrumbList","@id":"https:\/\/premiumline-cabling.com\/fr\/product\/chat-cable-cp-s-ftp-6a\/#breadcrumb","itemListElement":[{"@type":"ListItem","position":1,"name":"\u0413\u043b\u0430\u0432\u043d\u0430\u044f \u0441\u0442\u0440\u0430\u043d\u0438\u0446\u0430","item":"https:\/\/premiumline-cabling.com\/fr\/"},{"@type":"ListItem","position":2,"name":"Cat. C\u00e2ble CP S\/FTP 6A"}]},{"@type":"WebSite","@id":"https:\/\/premiumline-cabling.com\/#website","url":"https:\/\/premiumline-cabling.com\/","name":"Premium-Line","description":"Structured Cabling System","publisher":{"@id":"https:\/\/premiumline-cabling.com\/#organization"},"potentialAction":[{"@type":"SearchAction","target":{"@type":"EntryPoint","urlTemplate":"https:\/\/premiumline-cabling.com\/?s={search_term_string}"},"query-input":{"@type":"PropertyValueSpecification","valueRequired":true,"valueName":"search_term_string"}}],"inLanguage":"fr-FR"},{"@type":"Organization","@id":"https:\/\/premiumline-cabling.com\/#organization","name":"Premium-Line","url":"https:\/\/premiumline-cabling.com\/","logo":{"@type":"ImageObject","inLanguage":"fr-FR","@id":"https:\/\/premiumline-cabling.com\/#\/schema\/logo\/image\/","url":"https:\/\/premiumline-cabling.com\/wp-content\/uploads\/2019\/04\/cropped-img_logo_site_Premium-Line.png","contentUrl":"https:\/\/premiumline-cabling.com\/wp-content\/uploads\/2019\/04\/cropped-img_logo_site_Premium-Line.png","width":190,"height":62,"caption":"Premium-Line"},"image":{"@id":"https:\/\/premiumline-cabling.com\/#\/schema\/logo\/image\/"}}]}},"_links":{"self":[{"href":"https:\/\/premiumline-cabling.com\/fr\/wp-json\/wp\/v2\/product\/20250","targetHints":{"allow":["GET"]}}],"collection":[{"href":"https:\/\/premiumline-cabling.com\/fr\/wp-json\/wp\/v2\/product"}],"about":[{"href":"https:\/\/premiumline-cabling.com\/fr\/wp-json\/wp\/v2\/types\/product"}],"wp:featuredmedia":[{"embeddable":true,"href":"https:\/\/premiumline-cabling.com\/fr\/wp-json\/wp\/v2\/media\/20268"}],"wp:attachment":[{"href":"https:\/\/premiumline-cabling.com\/fr\/wp-json\/wp\/v2\/media?parent=20250"}],"wp:term":[{"taxonomy":"product_category","embeddable":true,"href":"https:\/\/premiumline-cabling.com\/fr\/wp-json\/wp\/v2\/product_category?post=20250"}],"curies":[{"name":"wp","href":"https:\/\/api.w.org\/{rel}","templated":true}]}}