{"id":20249,"date":"2019-02-10T12:24:45","date_gmt":"2019-02-10T11:24:45","guid":{"rendered":"https:\/\/premiumline-cabling.com\/product\/chat-5e-f-utp\/"},"modified":"2026-01-15T16:21:55","modified_gmt":"2026-01-15T15:21:55","slug":"chat-5e-f-utp","status":"publish","type":"product","link":"https:\/\/premiumline-cabling.com\/fr\/product\/chat-5e-f-utp\/","title":{"rendered":"Cat. 5e F\/UTP"},"content":{"rendered":"<h2>Cordon de brassage F\/UTP<\/h2>\n<p><noscript><img decoding=\"async\" class=\"size-full wp-image-799 alignright\" src=\"https:\/\/premiumline-cabling.com\/wp-content\/uploads\/2019\/02\/img_PL_patch-cord-F-UTP-Patch-Cord.jpg\" alt width=\"260\" height=\"173\"><\/noscript><img decoding=\"async\" class=\"size-full wp-image-799 alignright lazyload\" src=\"data:image\/svg+xml,%3Csvg%20xmlns%3D%22http%3A%2F%2Fwww.w3.org%2F2000%2Fsvg%22%20viewBox%3D%220%200%20260%20173%22%3E%3C%2Fsvg%3E\" alt width=\"260\" height=\"173\" data-src=\"https:\/\/premiumline-cabling.com\/wp-content\/uploads\/2019\/02\/img_PL_patch-cord-F-UTP-Patch-Cord.jpg\">Le cordon de brassage Premium-Line Category 5e F\/UTP prend en charge la transmission de l\u2019ensemble du canal conform\u00e9ment aux normes ANSI\/TIA-568-C.2, ISO\/IEC 11801 et<br>\nSp\u00e9cifications EN 50173-1 Classe D. Avec une protection globale de l\u2019\u00e9cran en aluminium, contre le bruit de l\u2019environnement et \u00e9vitez \u00e9galement les fuites de signaux. Le conducteur toronn\u00e9 de 26 AWG et la construction flexible sont faciles \u00e0 plier ou \u00e0 g\u00e9rer. Normalement, le cordon de brassage sera dans le c\u00e2blage TIA 568B, TIA 568A ou une autre m\u00e9thode de c\u00e2blage sur demande. Le cordon de brassage est fini avec une botte anti-accroc.<\/p>\n<p>&nbsp;<\/p>\n<p><noscript><img decoding=\"async\" class=\"size-full wp-image-800 alignright\" src=\"https:\/\/premiumline-cabling.com\/wp-content\/uploads\/2019\/02\/csm_patch-cord-185210055-3img_PL.jpg\" alt width=\"260\" height=\"32\"><\/noscript><img decoding=\"async\" class=\"size-full wp-image-800 alignright lazyload\" src=\"data:image\/svg+xml,%3Csvg%20xmlns%3D%22http%3A%2F%2Fwww.w3.org%2F2000%2Fsvg%22%20viewBox%3D%220%200%20260%2032%22%3E%3C%2Fsvg%3E\" alt width=\"260\" height=\"32\" data-src=\"https:\/\/premiumline-cabling.com\/wp-content\/uploads\/2019\/02\/csm_patch-cord-185210055-3img_PL.jpg\"><\/p>\n<p><noscript><img decoding=\"async\" class=\"size-full wp-image-801 alignright\" src=\"https:\/\/premiumline-cabling.com\/wp-content\/uploads\/2019\/02\/img_PL_patch-cord-F-UTP-Patch-Cord1.jpg\" alt width=\"260\" height=\"194\"><\/noscript><img decoding=\"async\" class=\"size-full wp-image-801 alignright lazyload\" src=\"data:image\/svg+xml,%3Csvg%20xmlns%3D%22http%3A%2F%2Fwww.w3.org%2F2000%2Fsvg%22%20viewBox%3D%220%200%20260%20194%22%3E%3C%2Fsvg%3E\" alt width=\"260\" height=\"194\" data-src=\"https:\/\/premiumline-cabling.com\/wp-content\/uploads\/2019\/02\/img_PL_patch-cord-F-UTP-Patch-Cord1.jpg\"><strong>Applications<\/strong><\/p>\n<ul>\n<li>1000BASE-T Gigabit Ethernet<\/li>\n<li>100BASE-TX Fast Ethernet.<\/li>\n<li>10BASE-T Ethernet.<\/li>\n<li>Applications vocales, vid\u00e9o et autres.<\/li>\n<\/ul>\n<h4><strong>La construction<\/strong><\/h4>\n<table width=\"661\">\n<tbody>\n<tr>\n<td width=\"197\"><strong>Chef d&#8217;orchestre<\/strong><\/td>\n<td width=\"183\"><strong>Mat\u00e9riau \/ taille<\/strong><\/td>\n<td colspan=\"2\" width=\"281\"><strong>Cuivre nu \/ 26AWG<\/strong><\/td>\n<\/tr>\n<tr>\n<td width=\"197\">Isolation<\/td>\n<td width=\"183\">Mat\u00e9riau<\/td>\n<td colspan=\"2\" width=\"281\">PEHD<\/td>\n<\/tr>\n<tr>\n<td width=\"197\">Bouclier int\u00e9rieur<\/td>\n<td width=\"183\">Aluminium-Mylar<\/td>\n<td colspan=\"2\" width=\"281\">un \u00e9cran en papier d\u2019aluminium sur toutes les paires<\/td>\n<\/tr>\n<tr>\n<td width=\"197\">Fil de drainage<\/td>\n<td width=\"183\">Mat\u00e9riau<\/td>\n<td colspan=\"2\" width=\"281\">Cuivre \u00e9tam\u00e9 toronn\u00e9<\/td>\n<\/tr>\n<tr>\n<td rowspan=\"2\" width=\"197\">Fourreau<\/td>\n<td width=\"183\">Mat\u00e9riau<\/td>\n<td width=\"141\">PVC<\/td>\n<td width=\"141\">LSOH<\/td>\n<\/tr>\n<tr>\n<td width=\"183\">Diam\u00e8tre<\/td>\n<td width=\"141\">5,6\u00b1 0,3 millim\u00e8tre<\/td>\n<td width=\"141\">5,6 \u00b1 0,3 mm<\/td>\n<\/tr>\n<\/tbody>\n<\/table>\n<p>&nbsp;<\/p>\n<p><strong>Cordon de brassage F\/UTP de cat\u00e9gorie 5e<\/strong><\/p>\n<table width=\"100%\">\n<thead>\n<tr>\n<td><strong>LONGUEUR<\/strong><\/td>\n<td><strong>GRIS<\/strong><\/td>\n<td><strong>VERT<\/strong><\/td>\n<td><strong>BLEU<\/strong><\/td>\n<td><strong>ROUGE<\/strong><\/td>\n<td><strong>JAUNE<\/strong><\/td>\n<\/tr>\n<\/thead>\n<tbody>\n<tr>\n<td>0,5m<\/td>\n<td>185210055<\/td>\n<td>185210056<\/td>\n<td>185210054<\/td>\n<td>185210053<\/td>\n<td>185210058<\/td>\n<\/tr>\n<tr>\n<td>1m<\/td>\n<td>185210105<\/td>\n<td>185210106<\/td>\n<td>185210104<\/td>\n<td>185210103<\/td>\n<td>185210108<\/td>\n<\/tr>\n<tr>\n<td>2m<\/td>\n<td>185210205<\/td>\n<td>185210206<\/td>\n<td>185210204<\/td>\n<td>185210203<\/td>\n<td>185210208<\/td>\n<\/tr>\n<tr>\n<td>3m<\/td>\n<td>185210305<\/td>\n<td>185210306<\/td>\n<td>185210304<\/td>\n<td>185210303<\/td>\n<td>185210308<\/td>\n<\/tr>\n<tr>\n<td>5m<\/td>\n<td>185210505<\/td>\n<td>185210506<\/td>\n<td>185210504<\/td>\n<td>185210503<\/td>\n<td>185210508<\/td>\n<\/tr>\n<tr>\n<td>7m<\/td>\n<td>185210705<\/td>\n<td>185210706<\/td>\n<td>185210704<\/td>\n<td>185210703<\/td>\n<td>185210708<\/td>\n<\/tr>\n<tr>\n<td>10m<\/td>\n<td>185211005<\/td>\n<td>185211006<\/td>\n<td>185211004<\/td>\n<td>185211003<\/td>\n<td>185211008<\/td>\n<\/tr>\n<tr>\n<td>15m<\/td>\n<td>185211505<\/td>\n<td>185211506<\/td>\n<td>185211504<\/td>\n<td>185211503<\/td>\n<td>185211508<\/td>\n<\/tr>\n<tr>\n<td>20m<\/td>\n<td>185212005<\/td>\n<td>185212006<\/td>\n<td>185212004<\/td>\n<td>185212003<\/td>\n<td>185212008<\/td>\n<\/tr>\n<\/tbody>\n<\/table>\n<p>Autres longueurs, couleurs ou halog\u00e8ne sur demande.<\/p>\n","protected":false},"featured_media":20266,"template":"","product_category":[414],"class_list":["post-20249","product","type-product","status-publish","has-post-thumbnail","hentry","product_category-cordon-de-brassage-cat-5e"],"yoast_head":"<!-- This site is optimized with the Yoast SEO plugin v27.2 - https:\/\/yoast.com\/product\/yoast-seo-wordpress\/ -->\n<title>Cordon de brassage Premium-Line Cat\u00e9gorie 5e F\/UTP<\/title>\n<meta name=\"description\" content=\"Le cordon de brassage Premium-Line de cat\u00e9gorie 5e prend en charge la transmission de l\u2019ensemble du canal conform\u00e9ment aux normes ANSI\/TIA-568-C.2, ISO\/IEC 11801 et EN 50173-1 Classe D.\" \/>\n<meta name=\"robots\" content=\"index, follow, max-snippet:-1, max-image-preview:large, max-video-preview:-1\" \/>\n<link rel=\"canonical\" href=\"https:\/\/premiumline-cabling.com\/fr\/product\/chat-5e-f-utp\/\" \/>\n<meta property=\"og:locale\" content=\"fr_FR\" \/>\n<meta property=\"og:type\" content=\"article\" \/>\n<meta property=\"og:title\" content=\"Cordon de brassage Premium-Line Cat\u00e9gorie 5e F\/UTP\" \/>\n<meta property=\"og:description\" content=\"Le cordon de brassage Premium-Line de cat\u00e9gorie 5e prend en charge la transmission de l\u2019ensemble du canal conform\u00e9ment aux normes ANSI\/TIA-568-C.2, ISO\/IEC 11801 et EN 50173-1 Classe D.\" \/>\n<meta property=\"og:url\" content=\"https:\/\/premiumline-cabling.com\/fr\/product\/chat-5e-f-utp\/\" \/>\n<meta property=\"og:site_name\" content=\"Premium-Line\" \/>\n<meta property=\"article:modified_time\" content=\"2026-01-15T15:21:55+00:00\" \/>\n<meta property=\"og:image\" content=\"https:\/\/premiumline-cabling.com\/wp-content\/uploads\/2019\/02\/PL_img_patch-cord-Category-5e.jpg\" \/>\n\t<meta property=\"og:image:width\" content=\"283\" \/>\n\t<meta property=\"og:image:height\" content=\"220\" \/>\n\t<meta property=\"og:image:type\" content=\"image\/jpeg\" \/>\n<meta name=\"twitter:card\" content=\"summary_large_image\" \/>\n<meta name=\"twitter:label1\" content=\"Dur\u00e9e de lecture estim\u00e9e\" \/>\n\t<meta name=\"twitter:data1\" content=\"2 minutes\" \/>\n<script type=\"application\/ld+json\" class=\"yoast-schema-graph\">{\"@context\":\"https:\/\/schema.org\",\"@graph\":[{\"@type\":\"WebPage\",\"@id\":\"https:\/\/premiumline-cabling.com\/fr\/product\/chat-5e-f-utp\/\",\"url\":\"https:\/\/premiumline-cabling.com\/fr\/product\/chat-5e-f-utp\/\",\"name\":\"Cordon de brassage Premium-Line Cat\u00e9gorie 5e F\/UTP\",\"isPartOf\":{\"@id\":\"https:\/\/premiumline-cabling.com\/#website\"},\"primaryImageOfPage\":{\"@id\":\"https:\/\/premiumline-cabling.com\/fr\/product\/chat-5e-f-utp\/#primaryimage\"},\"image\":{\"@id\":\"https:\/\/premiumline-cabling.com\/fr\/product\/chat-5e-f-utp\/#primaryimage\"},\"thumbnailUrl\":\"https:\/\/premiumline-cabling.com\/wp-content\/uploads\/2019\/02\/PL_img_patch-cord-Category-5e.jpg\",\"datePublished\":\"2019-02-10T11:24:45+00:00\",\"dateModified\":\"2026-01-15T15:21:55+00:00\",\"description\":\"Le cordon de brassage Premium-Line de cat\u00e9gorie 5e prend en charge la transmission de l\u2019ensemble du canal conform\u00e9ment aux normes ANSI\/TIA-568-C.2, ISO\/IEC 11801 et EN 50173-1 Classe D.\",\"breadcrumb\":{\"@id\":\"https:\/\/premiumline-cabling.com\/fr\/product\/chat-5e-f-utp\/#breadcrumb\"},\"inLanguage\":\"fr-FR\",\"potentialAction\":[{\"@type\":\"ReadAction\",\"target\":[\"https:\/\/premiumline-cabling.com\/fr\/product\/chat-5e-f-utp\/\"]}]},{\"@type\":\"ImageObject\",\"inLanguage\":\"fr-FR\",\"@id\":\"https:\/\/premiumline-cabling.com\/fr\/product\/chat-5e-f-utp\/#primaryimage\",\"url\":\"https:\/\/premiumline-cabling.com\/wp-content\/uploads\/2019\/02\/PL_img_patch-cord-Category-5e.jpg\",\"contentUrl\":\"https:\/\/premiumline-cabling.com\/wp-content\/uploads\/2019\/02\/PL_img_patch-cord-Category-5e.jpg\",\"width\":283,\"height\":220},{\"@type\":\"BreadcrumbList\",\"@id\":\"https:\/\/premiumline-cabling.com\/fr\/product\/chat-5e-f-utp\/#breadcrumb\",\"itemListElement\":[{\"@type\":\"ListItem\",\"position\":1,\"name\":\"\u0413\u043b\u0430\u0432\u043d\u0430\u044f \u0441\u0442\u0440\u0430\u043d\u0438\u0446\u0430\",\"item\":\"https:\/\/premiumline-cabling.com\/fr\/\"},{\"@type\":\"ListItem\",\"position\":2,\"name\":\"Cat. 5e F\/UTP\"}]},{\"@type\":\"WebSite\",\"@id\":\"https:\/\/premiumline-cabling.com\/#website\",\"url\":\"https:\/\/premiumline-cabling.com\/\",\"name\":\"Premium-Line\",\"description\":\"Structured Cabling System\",\"publisher\":{\"@id\":\"https:\/\/premiumline-cabling.com\/#organization\"},\"potentialAction\":[{\"@type\":\"SearchAction\",\"target\":{\"@type\":\"EntryPoint\",\"urlTemplate\":\"https:\/\/premiumline-cabling.com\/?s={search_term_string}\"},\"query-input\":{\"@type\":\"PropertyValueSpecification\",\"valueRequired\":true,\"valueName\":\"search_term_string\"}}],\"inLanguage\":\"fr-FR\"},{\"@type\":\"Organization\",\"@id\":\"https:\/\/premiumline-cabling.com\/#organization\",\"name\":\"Premium-Line\",\"url\":\"https:\/\/premiumline-cabling.com\/\",\"logo\":{\"@type\":\"ImageObject\",\"inLanguage\":\"fr-FR\",\"@id\":\"https:\/\/premiumline-cabling.com\/#\/schema\/logo\/image\/\",\"url\":\"https:\/\/premiumline-cabling.com\/wp-content\/uploads\/2019\/04\/cropped-img_logo_site_Premium-Line.png\",\"contentUrl\":\"https:\/\/premiumline-cabling.com\/wp-content\/uploads\/2019\/04\/cropped-img_logo_site_Premium-Line.png\",\"width\":190,\"height\":62,\"caption\":\"Premium-Line\"},\"image\":{\"@id\":\"https:\/\/premiumline-cabling.com\/#\/schema\/logo\/image\/\"}}]}<\/script>\n<!-- \/ Yoast SEO plugin. -->","yoast_head_json":{"title":"Cordon de brassage Premium-Line Cat\u00e9gorie 5e F\/UTP","description":"Le cordon de brassage Premium-Line de cat\u00e9gorie 5e prend en charge la transmission de l\u2019ensemble du canal conform\u00e9ment aux normes ANSI\/TIA-568-C.2, ISO\/IEC 11801 et EN 50173-1 Classe D.","robots":{"index":"index","follow":"follow","max-snippet":"max-snippet:-1","max-image-preview":"max-image-preview:large","max-video-preview":"max-video-preview:-1"},"canonical":"https:\/\/premiumline-cabling.com\/fr\/product\/chat-5e-f-utp\/","og_locale":"fr_FR","og_type":"article","og_title":"Cordon de brassage Premium-Line Cat\u00e9gorie 5e F\/UTP","og_description":"Le cordon de brassage Premium-Line de cat\u00e9gorie 5e prend en charge la transmission de l\u2019ensemble du canal conform\u00e9ment aux normes ANSI\/TIA-568-C.2, ISO\/IEC 11801 et EN 50173-1 Classe D.","og_url":"https:\/\/premiumline-cabling.com\/fr\/product\/chat-5e-f-utp\/","og_site_name":"Premium-Line","article_modified_time":"2026-01-15T15:21:55+00:00","og_image":[{"width":283,"height":220,"url":"https:\/\/premiumline-cabling.com\/wp-content\/uploads\/2019\/02\/PL_img_patch-cord-Category-5e.jpg","type":"image\/jpeg"}],"twitter_card":"summary_large_image","twitter_misc":{"Dur\u00e9e de lecture estim\u00e9e":"2 minutes"},"schema":{"@context":"https:\/\/schema.org","@graph":[{"@type":"WebPage","@id":"https:\/\/premiumline-cabling.com\/fr\/product\/chat-5e-f-utp\/","url":"https:\/\/premiumline-cabling.com\/fr\/product\/chat-5e-f-utp\/","name":"Cordon de brassage Premium-Line Cat\u00e9gorie 5e F\/UTP","isPartOf":{"@id":"https:\/\/premiumline-cabling.com\/#website"},"primaryImageOfPage":{"@id":"https:\/\/premiumline-cabling.com\/fr\/product\/chat-5e-f-utp\/#primaryimage"},"image":{"@id":"https:\/\/premiumline-cabling.com\/fr\/product\/chat-5e-f-utp\/#primaryimage"},"thumbnailUrl":"https:\/\/premiumline-cabling.com\/wp-content\/uploads\/2019\/02\/PL_img_patch-cord-Category-5e.jpg","datePublished":"2019-02-10T11:24:45+00:00","dateModified":"2026-01-15T15:21:55+00:00","description":"Le cordon de brassage Premium-Line de cat\u00e9gorie 5e prend en charge la transmission de l\u2019ensemble du canal conform\u00e9ment aux normes ANSI\/TIA-568-C.2, ISO\/IEC 11801 et EN 50173-1 Classe D.","breadcrumb":{"@id":"https:\/\/premiumline-cabling.com\/fr\/product\/chat-5e-f-utp\/#breadcrumb"},"inLanguage":"fr-FR","potentialAction":[{"@type":"ReadAction","target":["https:\/\/premiumline-cabling.com\/fr\/product\/chat-5e-f-utp\/"]}]},{"@type":"ImageObject","inLanguage":"fr-FR","@id":"https:\/\/premiumline-cabling.com\/fr\/product\/chat-5e-f-utp\/#primaryimage","url":"https:\/\/premiumline-cabling.com\/wp-content\/uploads\/2019\/02\/PL_img_patch-cord-Category-5e.jpg","contentUrl":"https:\/\/premiumline-cabling.com\/wp-content\/uploads\/2019\/02\/PL_img_patch-cord-Category-5e.jpg","width":283,"height":220},{"@type":"BreadcrumbList","@id":"https:\/\/premiumline-cabling.com\/fr\/product\/chat-5e-f-utp\/#breadcrumb","itemListElement":[{"@type":"ListItem","position":1,"name":"\u0413\u043b\u0430\u0432\u043d\u0430\u044f \u0441\u0442\u0440\u0430\u043d\u0438\u0446\u0430","item":"https:\/\/premiumline-cabling.com\/fr\/"},{"@type":"ListItem","position":2,"name":"Cat. 5e F\/UTP"}]},{"@type":"WebSite","@id":"https:\/\/premiumline-cabling.com\/#website","url":"https:\/\/premiumline-cabling.com\/","name":"Premium-Line","description":"Structured Cabling System","publisher":{"@id":"https:\/\/premiumline-cabling.com\/#organization"},"potentialAction":[{"@type":"SearchAction","target":{"@type":"EntryPoint","urlTemplate":"https:\/\/premiumline-cabling.com\/?s={search_term_string}"},"query-input":{"@type":"PropertyValueSpecification","valueRequired":true,"valueName":"search_term_string"}}],"inLanguage":"fr-FR"},{"@type":"Organization","@id":"https:\/\/premiumline-cabling.com\/#organization","name":"Premium-Line","url":"https:\/\/premiumline-cabling.com\/","logo":{"@type":"ImageObject","inLanguage":"fr-FR","@id":"https:\/\/premiumline-cabling.com\/#\/schema\/logo\/image\/","url":"https:\/\/premiumline-cabling.com\/wp-content\/uploads\/2019\/04\/cropped-img_logo_site_Premium-Line.png","contentUrl":"https:\/\/premiumline-cabling.com\/wp-content\/uploads\/2019\/04\/cropped-img_logo_site_Premium-Line.png","width":190,"height":62,"caption":"Premium-Line"},"image":{"@id":"https:\/\/premiumline-cabling.com\/#\/schema\/logo\/image\/"}}]}},"_links":{"self":[{"href":"https:\/\/premiumline-cabling.com\/fr\/wp-json\/wp\/v2\/product\/20249","targetHints":{"allow":["GET"]}}],"collection":[{"href":"https:\/\/premiumline-cabling.com\/fr\/wp-json\/wp\/v2\/product"}],"about":[{"href":"https:\/\/premiumline-cabling.com\/fr\/wp-json\/wp\/v2\/types\/product"}],"wp:featuredmedia":[{"embeddable":true,"href":"https:\/\/premiumline-cabling.com\/fr\/wp-json\/wp\/v2\/media\/20266"}],"wp:attachment":[{"href":"https:\/\/premiumline-cabling.com\/fr\/wp-json\/wp\/v2\/media?parent=20249"}],"wp:term":[{"taxonomy":"product_category","embeddable":true,"href":"https:\/\/premiumline-cabling.com\/fr\/wp-json\/wp\/v2\/product_category?post=20249"}],"curies":[{"name":"wp","href":"https:\/\/api.w.org\/{rel}","templated":true}]}}